{"id":5062,"date":"2017-07-18T08:38:57","date_gmt":"2017-07-18T07:38:57","guid":{"rendered":"https:\/\/www.electroluxprofessional.com\/?page_id=12554"},"modified":"2020-10-06T10:38:05","modified_gmt":"2020-10-06T10:38:05","slug":"koncepcje-gotowania-video","status":"publish","type":"page","link":"https:\/\/www.electroluxprofessional.com\/pl\/koncepcje-gotowania-video\/","title":{"rendered":"Koncepcje gotowania video"},"content":{"rendered":"<p>[vc_row full_width=&#8221;electroluxpro-full-width-no-padding&#8221;][vc_column][elx_hero_title label=&#8221;&#8221; background_image=&#8221;5049&#8243;][elx_heading font_container=&#8221;h3&#8243; font_size=&#8221;h3&#8243; text_color=&#8221;white&#8221;]Od koncepcji<br \/>\ndo naszych Klient\u00f3w<br \/>\n[\/elx_heading][\/elx_hero_title][\/vc_column][\/vc_row][vc_row][vc_column][vc_empty_space][\/vc_column][\/vc_row][vc_row][vc_column][elx_heading font_container=&#8221;h3&#8243; font_size=&#8221;h3&#8243; text_color=&#8221;orange&#8221;]<b>Koncept Sma\u017cenia<\/b> i <b> Koncept Makaronowy<\/b>.[\/elx_heading][elx_heading font_container=&#8221;h3&#8243; font_size=&#8221;h3&#8243; text_color=&#8221;inherit&#8221;]Wszechstronne rozwi\u0105zania dla[\/elx_heading][elx_heading font_container=&#8221;h1&#8243; font_size=&#8221;h3&#8243; text_color=&#8221;inherit&#8221;]przygotowywania, gotowania i konserwowania potraw.[\/elx_heading][vc_empty_space height=&#8221;50px&#8221;][\/vc_column][\/vc_row][vc_row][vc_column width=&#8221;1\/4&#8243;][vc_single_image image=&#8221;5052&#8243; alignment=&#8221;center&#8221;][vc_column_text]<\/p>\n<h4 style=\"text-align: center;\">Wysoka jako\u015b\u0107<\/h4>\n<p>[\/vc_column_text][\/vc_column][vc_column width=&#8221;1\/4&#8243;][vc_single_image image=&#8221;5053&#8243; alignment=&#8221;center&#8221;][vc_column_text]<\/p>\n<h4 style=\"text-align: center;\">Oszcz\u0119dno\u015b\u0107 czasu<\/h4>\n<p>[\/vc_column_text][\/vc_column][vc_column width=&#8221;1\/4&#8243;][vc_single_image image=&#8221;5054&#8243; alignment=&#8221;center&#8221;][vc_column_text]<\/p>\n<h4 style=\"text-align: center;\">Oszcz\u0119dno\u015b\u0107 pieni\u0119dzy<\/h4>\n<p>[\/vc_column_text][\/vc_column][vc_column width=&#8221;1\/4&#8243;][vc_single_image image=&#8221;5055&#8243; alignment=&#8221;center&#8221;][vc_column_text]<\/p>\n<h4 style=\"text-align: center;\">Zero odpad\u00f3w<\/h4>\n<p>[\/vc_column_text][\/vc_column][\/vc_row][vc_row][vc_column][vc_empty_space][vc_column_text]Przedstawiamy nowe koncepcje przygotowywania, gotowania i konserwowania \u017cywno\u015bci w spos\u00f3b szybszy, ta\u0144szy i bardziej efektywny, tak aby zadowoli\u0107 naszych klient\u00f3w. Od kawiarni przyzak\u0142adowych do lokalnych sklep\u00f3w spo\u017cywczych, te koncepcje sprawi\u0105, \u017ce Twoja firma stanie si\u0119 ulubionym miejscem klient\u00f3w.<\/p>\n<p><span style=\"color: #ff0000;\"><strong>Zosta\u0144 z nami, aby dowiedzie\u0107 si\u0119 wi\u0119cej!<\/strong><\/span><\/p>\n<h4><span style=\"color: #eb6852;\"><strong>\u00a0<\/strong><\/span><\/h4>\n<p>[\/vc_column_text][vc_empty_space][\/vc_column][\/vc_row][vc_row][vc_column width=&#8221;1\/4&#8243;][vc_empty_space][elx_heading font_container=&#8221;h3&#8243; font_size=&#8221;h3&#8243; text_color=&#8221;orange&#8221;]<b>Koncept<br \/>\nSma\u017cenia<br \/>\n<\/b>[\/elx_heading][vc_column_text]Obierz do 160 kg\/godz.<br \/>\nPokr\u00f3j do 1500 kg\/godz.<br \/>\nUsma\u017c do 38 kg\/godz.[\/vc_column_text][\/vc_column][vc_column width=&#8221;3\/4&#8243;][elx_video_block background_image=&#8221;5050&#8243; minimum_height=&#8221;370px&#8221; video_link=&#8221;https:\/\/www.youtube.com\/watch?v=hs8jn_Y_o6M&#8221;][\/vc_column][\/vc_row][vc_row][vc_column width=&#8221;1\/4&#8243;][vc_empty_space][elx_heading font_container=&#8221;h3&#8243; font_size=&#8221;h3&#8243; text_color=&#8221;orange&#8221;]<b>Koncept<br \/>\nMakaronowy<br \/>\n<\/b>[\/elx_heading][vc_column_text]Ugotuj do 10 kg\/godz. makaronu.<br \/>\nWyd\u0142u\u017c okres przydatno\u015bci do spo\u017cycia przy jednoczesnym zachowaniu wysokiej jako\u015bci \u017cywno\u015bci.[\/vc_column_text][\/vc_column][vc_column width=&#8221;3\/4&#8243;][vc_empty_space][elx_video_block background_image=&#8221;5051&#8243; minimum_height=&#8221;370px&#8221; video_link=&#8221;https:\/\/www.youtube.com\/watch?v=fmSlIQs76IE&amp;feature=youtu.be&#8221;][\/vc_column][\/vc_row][vc_row][vc_column][vc_empty_space height=&#8221;60px&#8221;][elx_heading text_color=&#8221;inherit&#8221;]Zrewolucjonizuj sw\u00f3j biznes[\/elx_heading][elx_o2000_contact_us r=&#8221;I would like to find out more about the Frying and Pasta Concept. Please, get in touch with me.<\/p>\n<p>&#8221; s=&#8221;Request of information about the Frying and Pasta Concept&#8221;][\/vc_column][\/vc_row][vc_row][vc_column][vc_empty_space][elx_heading font_container=&#8221;h3&#8243; text_color=&#8221;inherit&#8221;]Tak\u017ce mo\u017ce ci si\u0119 te\u017c spodoba\u0107:[\/elx_heading][\/vc_column][\/vc_row][vc_row][vc_column width=&#8221;1\/3&#8243;][elx_maylike_box id_box=&#8221;5057&#8243;][\/vc_column][vc_column width=&#8221;1\/3&#8243;][elx_maylike_box id_box=&#8221;1195&#8243;][\/vc_column][vc_column width=&#8221;1\/3&#8243;][elx_maylike_box id_box=&#8221;1217&#8243; matched_labels=&#8221;&#8221;][\/vc_column][\/vc_row]<\/p>\n","protected":false},"excerpt":{"rendered":"<p>[vc_row full_width=&#8221;electroluxpro-full-width-no-padding&#8221;][vc_column][elx_hero_title label=&#8221;&#8221; background_image=&#8221;5049&#8243;][elx_heading font_container=&#8221;h3&#8243; font_size=&#8221;h3&#8243; text_color=&#8221;white&#8221;]Od koncepcji do naszych Klient\u00f3w [\/elx_heading][\/elx_hero_title][\/vc_column][\/vc_row][vc_row][vc_column][vc_empty_space][\/vc_column][\/vc_row][vc_row][vc_column][elx_heading font_container=&#8221;h3&#8243; font_size=&#8221;h3&#8243; text_color=&#8221;orange&#8221;]Koncept Sma\u017cenia i Koncept Makaronowy.[\/elx_heading][elx_heading font_container=&#8221;h3&#8243; font_size=&#8221;h3&#8243; text_color=&#8221;inherit&#8221;]Wszechstronne rozwi\u0105zania dla[\/elx_heading][elx_heading font_container=&#8221;h1&#8243; font_size=&#8221;h3&#8243; text_color=&#8221;inherit&#8221;]przygotowywania, gotowania i konserwowania potraw.[\/elx_heading][vc_empty_space height=&#8221;50px&#8221;][\/vc_column][\/vc_row][vc_row][vc_column width=&#8221;1\/4&#8243;][vc_single_image image=&#8221;5052&#8243; alignment=&#8221;center&#8221;][vc_column_text] Wysoka jako\u015b\u0107 [\/vc_column_text][\/vc_column][vc_column width=&#8221;1\/4&#8243;][vc_single_image image=&#8221;5053&#8243; alignment=&#8221;center&#8221;][vc_column_text] Oszcz\u0119dno\u015b\u0107 czasu [\/vc_column_text][\/vc_column][vc_column width=&#8221;1\/4&#8243;][vc_single_image image=&#8221;5054&#8243; alignment=&#8221;center&#8221;][vc_column_text] Oszcz\u0119dno\u015b\u0107 pieni\u0119dzy [\/vc_column_text][\/vc_column][vc_column width=&#8221;1\/4&#8243;][vc_single_image image=&#8221;5055&#8243; alignment=&#8221;center&#8221;][vc_column_text] Zero odpad\u00f3w [&hellip;]<\/p>\n","protected":false},"author":3,"featured_media":5049,"parent":0,"menu_order":0,"comment_status":"closed","ping_status":"closed","template":"","meta":{"footnotes":""},"class_list":["post-5062","page","type-page","status-publish","has-post-thumbnail","hentry"],"acf":[],"yoast_head":"<!-- This site is optimized with the Yoast SEO plugin v23.3 - https:\/\/yoast.com\/wordpress\/plugins\/seo\/ -->\n<title>Koncepcje gotowania video - Electrolux Professional Polska<\/title>\n<meta name=\"robots\" content=\"index, follow, max-snippet:-1, max-image-preview:large, max-video-preview:-1\" \/>\n<link rel=\"canonical\" href=\"https:\/\/www.electroluxprofessional.com\/pl\/koncepcje-gotowania-video\/\" \/>\n<meta property=\"og:locale\" content=\"pl_PL\" \/>\n<meta property=\"og:type\" content=\"article\" \/>\n<meta property=\"og:title\" content=\"Koncepcje gotowania video - Electrolux Professional Polska\" \/>\n<meta property=\"og:description\" content=\"[vc_row full_width=&#8221;electroluxpro-full-width-no-padding&#8221;][vc_column][elx_hero_title label=&#8221;&#8221; background_image=&#8221;5049&#8243;][elx_heading font_container=&#8221;h3&#8243; font_size=&#8221;h3&#8243; text_color=&#8221;white&#8221;]Od koncepcji do naszych Klient\u00f3w [\/elx_heading][\/elx_hero_title][\/vc_column][\/vc_row][vc_row][vc_column][vc_empty_space][\/vc_column][\/vc_row][vc_row][vc_column][elx_heading font_container=&#8221;h3&#8243; font_size=&#8221;h3&#8243; text_color=&#8221;orange&#8221;]Koncept Sma\u017cenia i Koncept Makaronowy.[\/elx_heading][elx_heading font_container=&#8221;h3&#8243; font_size=&#8221;h3&#8243; text_color=&#8221;inherit&#8221;]Wszechstronne rozwi\u0105zania dla[\/elx_heading][elx_heading font_container=&#8221;h1&#8243; font_size=&#8221;h3&#8243; text_color=&#8221;inherit&#8221;]przygotowywania, gotowania i konserwowania potraw.[\/elx_heading][vc_empty_space height=&#8221;50px&#8221;][\/vc_column][\/vc_row][vc_row][vc_column width=&#8221;1\/4&#8243;][vc_single_image image=&#8221;5052&#8243; alignment=&#8221;center&#8221;][vc_column_text] Wysoka jako\u015b\u0107 [\/vc_column_text][\/vc_column][vc_column width=&#8221;1\/4&#8243;][vc_single_image image=&#8221;5053&#8243; alignment=&#8221;center&#8221;][vc_column_text] Oszcz\u0119dno\u015b\u0107 czasu [\/vc_column_text][\/vc_column][vc_column width=&#8221;1\/4&#8243;][vc_single_image image=&#8221;5054&#8243; alignment=&#8221;center&#8221;][vc_column_text] Oszcz\u0119dno\u015b\u0107 pieni\u0119dzy [\/vc_column_text][\/vc_column][vc_column width=&#8221;1\/4&#8243;][vc_single_image image=&#8221;5055&#8243; alignment=&#8221;center&#8221;][vc_column_text] Zero odpad\u00f3w [&hellip;]\" \/>\n<meta property=\"og:url\" content=\"https:\/\/www.electroluxprofessional.com\/pl\/koncepcje-gotowania-video\/\" \/>\n<meta property=\"og:site_name\" content=\"Electrolux Professional Polska\" \/>\n<meta property=\"article:modified_time\" content=\"2020-10-06T10:38:05+00:00\" \/>\n<meta property=\"og:image\" content=\"https:\/\/www.electroluxprofessional.com\/pl\/wp-content\/uploads\/2017\/07\/The-frying-concept-1.jpg\" \/>\n\t<meta property=\"og:image:width\" content=\"2000\" \/>\n\t<meta property=\"og:image:height\" content=\"1335\" \/>\n\t<meta property=\"og:image:type\" content=\"image\/jpeg\" \/>\n<meta name=\"twitter:card\" content=\"summary_large_image\" \/>\n<meta name=\"twitter:label1\" content=\"Szacowany czas czytania\" \/>\n\t<meta name=\"twitter:data1\" content=\"3 minuty\" \/>\n<script type=\"application\/ld+json\" class=\"yoast-schema-graph\">{\"@context\":\"https:\/\/schema.org\",\"@graph\":[{\"@type\":\"WebPage\",\"@id\":\"https:\/\/www.electroluxprofessional.com\/pl\/koncepcje-gotowania-video\/\",\"url\":\"https:\/\/www.electroluxprofessional.com\/pl\/koncepcje-gotowania-video\/\",\"name\":\"Koncepcje gotowania video - Electrolux Professional Polska\",\"isPartOf\":{\"@id\":\"https:\/\/www.electroluxprofessional.com\/pl\/#website\"},\"primaryImageOfPage\":{\"@id\":\"https:\/\/www.electroluxprofessional.com\/pl\/koncepcje-gotowania-video\/#primaryimage\"},\"image\":{\"@id\":\"https:\/\/www.electroluxprofessional.com\/pl\/koncepcje-gotowania-video\/#primaryimage\"},\"thumbnailUrl\":\"https:\/\/www.electroluxprofessional.com\/pl\/wp-content\/uploads\/2017\/07\/The-frying-concept-1.jpg\",\"datePublished\":\"2017-07-18T07:38:57+00:00\",\"dateModified\":\"2020-10-06T10:38:05+00:00\",\"breadcrumb\":{\"@id\":\"https:\/\/www.electroluxprofessional.com\/pl\/koncepcje-gotowania-video\/#breadcrumb\"},\"inLanguage\":\"pl-PL\",\"potentialAction\":[{\"@type\":\"ReadAction\",\"target\":[\"https:\/\/www.electroluxprofessional.com\/pl\/koncepcje-gotowania-video\/\"]}]},{\"@type\":\"ImageObject\",\"inLanguage\":\"pl-PL\",\"@id\":\"https:\/\/www.electroluxprofessional.com\/pl\/koncepcje-gotowania-video\/#primaryimage\",\"url\":\"https:\/\/www.electroluxprofessional.com\/pl\/wp-content\/uploads\/2017\/07\/The-frying-concept-1.jpg\",\"contentUrl\":\"https:\/\/www.electroluxprofessional.com\/pl\/wp-content\/uploads\/2017\/07\/The-frying-concept-1.jpg\",\"width\":2000,\"height\":1335,\"caption\":\"From Concept to Consumer\"},{\"@type\":\"BreadcrumbList\",\"@id\":\"https:\/\/www.electroluxprofessional.com\/pl\/koncepcje-gotowania-video\/#breadcrumb\",\"itemListElement\":[{\"@type\":\"ListItem\",\"position\":1,\"name\":\"Strona g\u0142\u00f3wna\",\"item\":\"https:\/\/www.electroluxprofessional.com\/pl\/\"},{\"@type\":\"ListItem\",\"position\":2,\"name\":\"Koncepcje gotowania video\"}]},{\"@type\":\"WebSite\",\"@id\":\"https:\/\/www.electroluxprofessional.com\/pl\/#website\",\"url\":\"https:\/\/www.electroluxprofessional.com\/pl\/\",\"name\":\"Electrolux Professional Polska\",\"description\":\"\",\"potentialAction\":[{\"@type\":\"SearchAction\",\"target\":{\"@type\":\"EntryPoint\",\"urlTemplate\":\"https:\/\/www.electroluxprofessional.com\/pl\/?src={search_term_string}\"},\"query-input\":\"required name=search_term_string\"}],\"inLanguage\":\"pl-PL\"}]}<\/script>\n<!-- \/ Yoast SEO plugin. -->","yoast_head_json":{"title":"Koncepcje gotowania video - Electrolux Professional Polska","robots":{"index":"index","follow":"follow","max-snippet":"max-snippet:-1","max-image-preview":"max-image-preview:large","max-video-preview":"max-video-preview:-1"},"canonical":"https:\/\/www.electroluxprofessional.com\/pl\/koncepcje-gotowania-video\/","og_locale":"pl_PL","og_type":"article","og_title":"Koncepcje gotowania video - Electrolux Professional Polska","og_description":"[vc_row full_width=&#8221;electroluxpro-full-width-no-padding&#8221;][vc_column][elx_hero_title label=&#8221;&#8221; background_image=&#8221;5049&#8243;][elx_heading font_container=&#8221;h3&#8243; font_size=&#8221;h3&#8243; text_color=&#8221;white&#8221;]Od koncepcji do naszych Klient\u00f3w [\/elx_heading][\/elx_hero_title][\/vc_column][\/vc_row][vc_row][vc_column][vc_empty_space][\/vc_column][\/vc_row][vc_row][vc_column][elx_heading font_container=&#8221;h3&#8243; font_size=&#8221;h3&#8243; text_color=&#8221;orange&#8221;]Koncept Sma\u017cenia i Koncept Makaronowy.[\/elx_heading][elx_heading font_container=&#8221;h3&#8243; font_size=&#8221;h3&#8243; text_color=&#8221;inherit&#8221;]Wszechstronne rozwi\u0105zania dla[\/elx_heading][elx_heading font_container=&#8221;h1&#8243; font_size=&#8221;h3&#8243; text_color=&#8221;inherit&#8221;]przygotowywania, gotowania i konserwowania potraw.[\/elx_heading][vc_empty_space height=&#8221;50px&#8221;][\/vc_column][\/vc_row][vc_row][vc_column width=&#8221;1\/4&#8243;][vc_single_image image=&#8221;5052&#8243; alignment=&#8221;center&#8221;][vc_column_text] Wysoka jako\u015b\u0107 [\/vc_column_text][\/vc_column][vc_column width=&#8221;1\/4&#8243;][vc_single_image image=&#8221;5053&#8243; alignment=&#8221;center&#8221;][vc_column_text] Oszcz\u0119dno\u015b\u0107 czasu [\/vc_column_text][\/vc_column][vc_column width=&#8221;1\/4&#8243;][vc_single_image image=&#8221;5054&#8243; alignment=&#8221;center&#8221;][vc_column_text] Oszcz\u0119dno\u015b\u0107 pieni\u0119dzy [\/vc_column_text][\/vc_column][vc_column width=&#8221;1\/4&#8243;][vc_single_image image=&#8221;5055&#8243; alignment=&#8221;center&#8221;][vc_column_text] Zero odpad\u00f3w [&hellip;]","og_url":"https:\/\/www.electroluxprofessional.com\/pl\/koncepcje-gotowania-video\/","og_site_name":"Electrolux Professional Polska","article_modified_time":"2020-10-06T10:38:05+00:00","og_image":[{"width":2000,"height":1335,"url":"https:\/\/www.electroluxprofessional.com\/pl\/wp-content\/uploads\/2017\/07\/The-frying-concept-1.jpg","type":"image\/jpeg"}],"twitter_card":"summary_large_image","twitter_misc":{"Szacowany czas czytania":"3 minuty"},"schema":{"@context":"https:\/\/schema.org","@graph":[{"@type":"WebPage","@id":"https:\/\/www.electroluxprofessional.com\/pl\/koncepcje-gotowania-video\/","url":"https:\/\/www.electroluxprofessional.com\/pl\/koncepcje-gotowania-video\/","name":"Koncepcje gotowania video - Electrolux Professional Polska","isPartOf":{"@id":"https:\/\/www.electroluxprofessional.com\/pl\/#website"},"primaryImageOfPage":{"@id":"https:\/\/www.electroluxprofessional.com\/pl\/koncepcje-gotowania-video\/#primaryimage"},"image":{"@id":"https:\/\/www.electroluxprofessional.com\/pl\/koncepcje-gotowania-video\/#primaryimage"},"thumbnailUrl":"https:\/\/www.electroluxprofessional.com\/pl\/wp-content\/uploads\/2017\/07\/The-frying-concept-1.jpg","datePublished":"2017-07-18T07:38:57+00:00","dateModified":"2020-10-06T10:38:05+00:00","breadcrumb":{"@id":"https:\/\/www.electroluxprofessional.com\/pl\/koncepcje-gotowania-video\/#breadcrumb"},"inLanguage":"pl-PL","potentialAction":[{"@type":"ReadAction","target":["https:\/\/www.electroluxprofessional.com\/pl\/koncepcje-gotowania-video\/"]}]},{"@type":"ImageObject","inLanguage":"pl-PL","@id":"https:\/\/www.electroluxprofessional.com\/pl\/koncepcje-gotowania-video\/#primaryimage","url":"https:\/\/www.electroluxprofessional.com\/pl\/wp-content\/uploads\/2017\/07\/The-frying-concept-1.jpg","contentUrl":"https:\/\/www.electroluxprofessional.com\/pl\/wp-content\/uploads\/2017\/07\/The-frying-concept-1.jpg","width":2000,"height":1335,"caption":"From Concept to Consumer"},{"@type":"BreadcrumbList","@id":"https:\/\/www.electroluxprofessional.com\/pl\/koncepcje-gotowania-video\/#breadcrumb","itemListElement":[{"@type":"ListItem","position":1,"name":"Strona g\u0142\u00f3wna","item":"https:\/\/www.electroluxprofessional.com\/pl\/"},{"@type":"ListItem","position":2,"name":"Koncepcje gotowania video"}]},{"@type":"WebSite","@id":"https:\/\/www.electroluxprofessional.com\/pl\/#website","url":"https:\/\/www.electroluxprofessional.com\/pl\/","name":"Electrolux Professional Polska","description":"","potentialAction":[{"@type":"SearchAction","target":{"@type":"EntryPoint","urlTemplate":"https:\/\/www.electroluxprofessional.com\/pl\/?src={search_term_string}"},"query-input":"required name=search_term_string"}],"inLanguage":"pl-PL"}]}},"_links":{"self":[{"href":"https:\/\/www.electroluxprofessional.com\/pl\/wp-json\/wp\/v2\/pages\/5062"}],"collection":[{"href":"https:\/\/www.electroluxprofessional.com\/pl\/wp-json\/wp\/v2\/pages"}],"about":[{"href":"https:\/\/www.electroluxprofessional.com\/pl\/wp-json\/wp\/v2\/types\/page"}],"author":[{"embeddable":true,"href":"https:\/\/www.electroluxprofessional.com\/pl\/wp-json\/wp\/v2\/users\/3"}],"replies":[{"embeddable":true,"href":"https:\/\/www.electroluxprofessional.com\/pl\/wp-json\/wp\/v2\/comments?post=5062"}],"version-history":[{"count":3,"href":"https:\/\/www.electroluxprofessional.com\/pl\/wp-json\/wp\/v2\/pages\/5062\/revisions"}],"predecessor-version":[{"id":5839,"href":"https:\/\/www.electroluxprofessional.com\/pl\/wp-json\/wp\/v2\/pages\/5062\/revisions\/5839"}],"wp:featuredmedia":[{"embeddable":true,"href":"https:\/\/www.electroluxprofessional.com\/pl\/wp-json\/wp\/v2\/media\/5049"}],"wp:attachment":[{"href":"https:\/\/www.electroluxprofessional.com\/pl\/wp-json\/wp\/v2\/media?parent=5062"}],"curies":[{"name":"wp","href":"https:\/\/api.w.org\/{rel}","templated":true}]}}