{"id":5030,"date":"2018-05-23T16:12:16","date_gmt":"2018-05-23T15:12:16","guid":{"rendered":"https:\/\/www.electroluxprofessional.com\/?page_id=17236"},"modified":"2025-11-05T15:15:09","modified_gmt":"2025-11-05T15:15:09","slug":"chlodziarki-do-wina","status":"publish","type":"page","link":"https:\/\/www.electroluxprofessional.com\/pl\/gastronomia\/chlodziarki-do-wina\/","title":{"rendered":"Ch\u0142odziarki do wina"},"content":{"rendered":"<p>[vc_row full_width=&#8221;electroluxpro-full-width-no-padding&#8221;][vc_column][elx_image_block background_image=&#8221;5014&#8243; minimum_height=&#8221;350px&#8221;][vc_empty_space][\/vc_column][\/vc_row][vc_row][vc_column width=&#8221;2\/3&#8243;][elx_heading font_container=&#8221;h1&#8243; text_color=&#8221;inherit&#8221; text_align=&#8221;text-left&#8221;]Linia Electrolux Professional Wine Line ch\u0142odziarki do wina<br \/>\n[\/elx_heading][vc_column_text]Oferujemy idealne warunki dla Twojego wina, niezale\u017cnie od tego, czy potrzebujesz ch\u0142odziarki do le\u017cakowania, przechowywania lub serwowania, czy te\u017c kombinacji tych trzech.[\/vc_column_text][vc_row_inner][vc_column_inner width=&#8221;1\/2&#8243;][elx_heading text_color=&#8221;inherit&#8221;]Dobre wino zas\u0142uguje na szacunek[\/elx_heading][vc_column_text]Linia ch\u0142odziarek do wina Electrolux Professional <span class=\"TextRun BCX2 SCXO131089545\" lang=\"IT-IT\" xml:lang=\"IT-IT\" data-contrast=\"auto\"><span class=\"NormalTextRun BCX2 SCXO131089545\">Wine Line<\/span><\/span> zosta\u0142a stworzona przy wsp\u00f3\u0142pracy z wiod\u0105cymi ekspertami bran\u017cowymi w celu zapewnienia optymalnego poziomu temperatury i wilgotno\u015bci, a tak\u017ce ochrony przed szkodliwym promieniowaniem UV i wibracjami dla wszystkich Twoich win.[\/vc_column_text][\/vc_column_inner][vc_column_inner width=&#8221;1\/2&#8243;][vc_empty_space height=&#8221;60px&#8221;][elx_download_block text=&#8221;Ch\u0142odziarki do wina<br \/>\nbroszura<br \/>\n&#8221; document_type=&#8221;brochures&#8221; background_color=&#8221;restaurant&#8221; reveal_effect=&#8221;&#8221; reveal_duration=&#8221;&#8221; reveal_delay=&#8221;&#8221; br_document_number=&#8221;BR-9JE00081&#8243;][elx_button button_text=&#8221;Go to products&#8221; button_style=&#8221;icon&#8221; button_link=&#8221;url:%23products|||&#8221;][\/vc_column_inner][\/vc_row_inner][\/vc_column][vc_column width=&#8221;1\/3&#8243;][vc_single_image image=&#8221;5015&#8243; img_size=&#8221;full&#8221;][\/vc_column][\/vc_row][vc_row][vc_column][elx_heading text_color=&#8221;inherit&#8221;]Mi\u0142o\u015b\u0107, wierno\u015b\u0107 i uczciwo\u015b\u0107[\/elx_heading][vc_empty_space][\/vc_column][\/vc_row][vc_row][vc_column width=&#8221;1\/3&#8243;][vc_single_image image=&#8221;5016&#8243; img_size=&#8221;150*150&#8243;][elx_heading font_container=&#8221;h3&#8243; text_color=&#8221;inherit&#8221;]Zadbaj o jako\u015b\u0107 wina[\/elx_heading][vc_column_text]Trzymaj swoje wino w bezpiecznym miejscu i nie pozw\u00f3l mu si\u0119 zmarnowa\u0107.<br \/>\nIdealnie <strong>zabezpiecz <\/strong>swoje wina, wybieraj\u0105c ch\u0142odziarki do wina Electrolux Professional Vintec Line, kt\u00f3re <strong>odzwierciedlaj\u0105 naturalnie warunki<\/strong> wyst\u0119puj\u0105ce w najlepszych piwnicach winiarskich na \u015bwiecie.[\/vc_column_text][\/vc_column][vc_column width=&#8221;1\/3&#8243;][vc_single_image image=&#8221;5017&#8243; img_size=&#8221;150*150&#8243;][elx_heading font_container=&#8221;h3&#8243; text_color=&#8221;inherit&#8221;]Optymalny bukiet[\/elx_heading][vc_column_text]Nie ponosisz ryzyka zwi\u0105zanego z pogorszeniem jako\u015bci wina, poniewa\u017c ch\u0142odziarki do wina Electrolux Professional Vintec Line utrzymuj\u0105 sta\u0142\u0105, <strong>okre\u015blon\u0105 temperatur\u0119<\/strong> dla Twoich win.[\/vc_column_text][\/vc_column][vc_column width=&#8221;1\/3&#8243;][vc_single_image image=&#8221;5018&#8243; img_size=&#8221;150*150&#8243;][elx_heading font_container=&#8221;h3&#8243; text_color=&#8221;inherit&#8221;]Duma[\/elx_heading][vc_column_text]Wyeksponuj swoj\u0105 kolekcj\u0119.\u00a0Le\u017cakuj lub przechowuj wszystkie swoje wina albo stw\u00f3rz efektowne ekspozycje z gotowych do zaserwowania butelek.\u00a0Kompletny zakres pojemno\u015bci oraz wariant\u00f3w p\u00f3\u0142ek naszych ch\u0142odziarek, pozwala niezwykle \u0142atwo stworzy\u0107 w\u0142asn\u0105 piwniczk\u0119 na wino.[\/vc_column_text][\/vc_column][\/vc_row][vc_row][vc_column][vc_empty_space][elx_heading text_color=&#8221;inherit&#8221;]Zachowywanie i wzbogacanie smaku win[\/elx_heading][vc_column_text]Potrzebujesz ch\u0142odziarki do le\u017cakowania lub przechowywania w optymalnych warunkach r\u00f3\u017cnych win gotowych do zaserwowania? Chcia\u0142by\u015b jednocze\u015bnie zachowa\u0107 niskie koszty eksploatacji? Wszechstronne, energooszcz\u0119dne ch\u0142odziarki winiarskie Electrolux Professional Vintec Line doskonale sprawdzaj\u0105 si\u0119 w przypadku ka\u017cdego rodzaju i odmiany wina: od lekkich bia\u0142ych po wytrawne, cierpkie wina czerwone.[\/vc_column_text][vc_empty_space][\/vc_column][\/vc_row][vc_row][vc_column width=&#8221;1\/4&#8243;][vc_single_image image=&#8221;5019&#8243; img_size=&#8221;full&#8221; add_caption=&#8221;yes&#8221;][\/vc_column][vc_column width=&#8221;3\/4&#8243;][vc_column_text]Idealna temperatura serwowania (lewa strona) i le\u017cakowania (prawa strona) (\u00b0C)<\/p>\n<p><strong>Wina w temperaturze powy\u017cej 25\u00b0C psuj\u0105 si\u0119 szybko:<\/strong> alkohol staje si\u0119 bardziej zauwa\u017calny, owocowo\u015b\u0107 jest zast\u0119powana przez kwasowo\u015b\u0107.<\/p>\n<p><strong>Sta\u0142a temperatura przechowywania 12-14\u00b0C<\/strong>: zatrzymuje proces psucia si\u0119 spowodowanego wahaniami temperatury.<\/p>\n<p><strong>Zbyt zimno:<\/strong> wina trac\u0105 sw\u00f3j aromat. Je\u015bli zaczn\u0105 zamarza\u0107, mo\u017ce zdarzy\u0107 si\u0119, i\u017c butelka p\u0119knie lub si\u0119 rozszczelni.[\/vc_column_text][vc_row_inner][vc_column_inner width=&#8221;1\/4&#8243;][vc_single_image image=&#8221;5020&#8243; img_size=&#8221;136&#215;150&#8243; alignment=&#8221;center&#8221;][vc_empty_space][\/vc_column_inner][vc_column_inner width=&#8221;3\/4&#8243;][vc_column_text]<strong>Pojedyncza strefa<\/strong><\/p>\n<p>Wina le\u017cakuj\u0105 w temperaturze 12-14\u00b0C lub w idealnej temperaturze do picia: 6-8\u00b0C dla bia\u0142ych lub 16-18\u00b0C dla czerwonych.[\/vc_column_text][vc_empty_space][\/vc_column_inner][\/vc_row_inner][vc_row_inner][vc_column_inner width=&#8221;1\/4&#8243;][vc_single_image image=&#8221;5021&#8243; img_size=&#8221;136&#215;150&#8243; alignment=&#8221;center&#8221;][\/vc_column_inner][vc_column_inner width=&#8221;3\/4&#8243;][vc_column_text]<strong>Wersja wielostrefowa<\/strong><\/p>\n<p>Pozwala wygenerowa\u0107 odpowiedni rozk\u0142ad temperatury w ca\u0142ej szafce, aby utrzymywa\u0107 r\u00f3\u017cne delikatne wina w doskona\u0142ej indywidualnej temperaturze picia.[\/vc_column_text][\/vc_column_inner][\/vc_row_inner][\/vc_column][\/vc_row][vc_row][vc_column][vc_empty_space][\/vc_column][\/vc_row][vc_row][vc_column][elx_heading text_color=&#8221;inherit&#8221;]Przechowywane z dba\u0142o\u015bci\u0105[\/elx_heading][vc_column_text]Niezale\u017cnie od tego, czy Twoi klienci s\u0105 prawdziwymi koneserami wina, czy te\u017c poszukuj\u0105 doskona\u0142ego towarzystwa do potraw, pi\u0119knie zaprojektowane ch\u0142odziarki winiarskie Electrolux Professional Vintec Line zapewni\u0105, \u017ce ka\u017cda butelka b\u0119dzie gotowa zaspokoi\u0107 ich oczekiwania. Wszystkie butelki idealnie prezentuj\u0105 si\u0119 w ch\u0142odziarkach, kt\u00f3re \u0142\u0105cz\u0105 w sobie to, co najlepsze w technologii zachowywania smak\u00f3w z designem, kt\u00f3ry jeszcze bardziej zwi\u0119ksza wizualny urok Twojej kolekcji.[\/vc_column_text][vc_row_inner][vc_column_inner width=&#8221;1\/2&#8243;][vc_single_image image=&#8221;5022&#8243; img_size=&#8221;medium&#8221;][vc_empty_space][vc_column_text]<strong>Tryb przechowywania<\/strong><\/p>\n<p>Odpowiedni uk\u0142ad butelek pozwala w pe\u0142ni wykorzysta\u0107 dost\u0119pn\u0105 przestrze\u0144.[\/vc_column_text][\/vc_column_inner][vc_column_inner width=&#8221;1\/2&#8243;][vc_single_image image=&#8221;5023&#8243; img_size=&#8221;medium&#8221;][vc_empty_space][vc_column_text]<strong>Tryb gotowo\u015bci<\/strong><\/p>\n<p>Wi\u0119kszo\u015b\u0107 butelek ustawiona jest w pozycji pionowej. Idealne do serwowania najbardziej cenionych win, kt\u00f3re mog\u0105 by\u0107 przechowywane w pozycji pionowej dzi\u0119ki precyzyjnej kontroli wilgotno\u015bci.[\/vc_column_text][\/vc_column_inner][\/vc_row_inner][\/vc_column][\/vc_row][vc_row][vc_column][vc_empty_space][\/vc_column][\/vc_row][vc_row disable_element=&#8221;yes&#8221; el_id=&#8221;products&#8221;][vc_column][vc_empty_space][\/vc_column][\/vc_row][vc_row][vc_column][vc_empty_space height=&#8221;50px&#8221;][elx_heading text_color=&#8221;inherit&#8221; text_align=&#8221;text-left&#8221;]Odkryj, co nasze szafy mog\u0105 zrobi\u0107 dla Twojej firmy[\/elx_heading][elx_o2000_contact_us r=&#8221;I would like to find out more about cabinets. Please get in touch with me.&#8221; s=&#8221;Request of information about cabinets&#8221; container=&#8221;elxcontactus1480089212&#8243;][vc_empty_space height=&#8221;50px&#8221;][\/vc_column][\/vc_row][vc_row css=&#8221;.vc_custom_1518443388280{background-color: #eeeeee !important;}&#8221;][vc_column][elx_heading text_color=&#8221;inherit&#8221; text_align=&#8221;text-left&#8221;]Znajd\u017a idealny pakiet dla swojej firmy[\/elx_heading][\/vc_column][\/vc_row][vc_row css=&#8221;.vc_custom_1518443396634{background-color: #eeeeee !important;}&#8221;][vc_column width=&#8221;1\/3&#8243;][elx_maylike_box id_box=&#8221;1182&#8243;][\/vc_column][vc_column width=&#8221;1\/3&#8243;][elx_maylike_box id_box=&#8221;1332&#8243;][\/vc_column][vc_column width=&#8221;1\/3&#8243;][elx_maylike_box id_box=&#8221;1195&#8243;][\/vc_column][\/vc_row]<\/p>\n","protected":false},"excerpt":{"rendered":"<p>[vc_row full_width=&#8221;electroluxpro-full-width-no-padding&#8221;][vc_column][elx_image_block background_image=&#8221;5014&#8243; minimum_height=&#8221;350px&#8221;][vc_empty_space][\/vc_column][\/vc_row][vc_row][vc_column width=&#8221;2\/3&#8243;][elx_heading font_container=&#8221;h1&#8243; text_color=&#8221;inherit&#8221; text_align=&#8221;text-left&#8221;]Linia Electrolux Professional Wine Line ch\u0142odziarki do wina [\/elx_heading][vc_column_text]Oferujemy idealne warunki dla Twojego wina, niezale\u017cnie od tego, czy potrzebujesz ch\u0142odziarki do le\u017cakowania, przechowywania lub serwowania, czy te\u017c kombinacji tych trzech.[\/vc_column_text][vc_row_inner][vc_column_inner width=&#8221;1\/2&#8243;][elx_heading text_color=&#8221;inherit&#8221;]Dobre wino zas\u0142uguje na szacunek[\/elx_heading][vc_column_text]Linia ch\u0142odziarek do wina Electrolux Professional Wine Line zosta\u0142a stworzona przy wsp\u00f3\u0142pracy z [&hellip;]<\/p>\n","protected":false},"author":3,"featured_media":5013,"parent":1148,"menu_order":0,"comment_status":"closed","ping_status":"closed","template":"","meta":{"footnotes":""},"class_list":["post-5030","page","type-page","status-publish","has-post-thumbnail","hentry"],"acf":[],"yoast_head":"<!-- This site is optimized with the Yoast SEO plugin v23.3 - https:\/\/yoast.com\/wordpress\/plugins\/seo\/ -->\n<title>Ch\u0142odziarki do wina - Electrolux Professional<\/title>\n<meta name=\"description\" content=\"Linia ch\u0142odziarek do wina Electrolux Wine Line zosta\u0142a stworzona przy wsp\u00f3\u0142pracy z wiod\u0105cymi ekspertami bran\u017cowymi w celu zapewnienia optymalnego poziomu temperatury i wilgotno\u015bci, a tak\u017ce ochrony przed szkodliwym promieniowaniem UV i wibracjami dla wszystkich Twoich win.\" \/>\n<meta name=\"robots\" content=\"index, follow, max-snippet:-1, max-image-preview:large, max-video-preview:-1\" \/>\n<link rel=\"canonical\" href=\"https:\/\/www.electroluxprofessional.com\/pl\/gastronomia\/chlodziarki-do-wina\/\" \/>\n<meta property=\"og:locale\" content=\"pl_PL\" \/>\n<meta property=\"og:type\" content=\"article\" \/>\n<meta property=\"og:title\" content=\"Ch\u0142odziarki do wina - Electrolux Professional\" \/>\n<meta property=\"og:description\" content=\"Linia ch\u0142odziarek do wina Electrolux Wine Line zosta\u0142a stworzona przy wsp\u00f3\u0142pracy z wiod\u0105cymi ekspertami bran\u017cowymi w celu zapewnienia optymalnego poziomu temperatury i wilgotno\u015bci, a tak\u017ce ochrony przed szkodliwym promieniowaniem UV i wibracjami dla wszystkich Twoich win.\" \/>\n<meta property=\"og:url\" content=\"https:\/\/www.electroluxprofessional.com\/pl\/gastronomia\/chlodziarki-do-wina\/\" \/>\n<meta property=\"og:site_name\" content=\"Electrolux Professional Polska\" \/>\n<meta property=\"article:modified_time\" content=\"2025-11-05T15:15:09+00:00\" \/>\n<meta property=\"og:image\" content=\"https:\/\/www.electroluxprofessional.com\/pl\/wp-content\/uploads\/2018\/05\/corkscrew_CMYK.jpg\" \/>\n\t<meta property=\"og:image:width\" content=\"750\" \/>\n\t<meta property=\"og:image:height\" content=\"400\" \/>\n\t<meta property=\"og:image:type\" content=\"image\/jpeg\" \/>\n<meta name=\"twitter:card\" content=\"summary_large_image\" \/>\n<meta name=\"twitter:label1\" content=\"Szacowany czas czytania\" \/>\n\t<meta name=\"twitter:data1\" content=\"4 minuty\" \/>\n<script type=\"application\/ld+json\" class=\"yoast-schema-graph\">{\"@context\":\"https:\/\/schema.org\",\"@graph\":[{\"@type\":\"WebPage\",\"@id\":\"https:\/\/www.electroluxprofessional.com\/pl\/gastronomia\/chlodziarki-do-wina\/\",\"url\":\"https:\/\/www.electroluxprofessional.com\/pl\/gastronomia\/chlodziarki-do-wina\/\",\"name\":\"Ch\u0142odziarki do wina - Electrolux Professional\",\"isPartOf\":{\"@id\":\"https:\/\/www.electroluxprofessional.com\/pl\/#website\"},\"primaryImageOfPage\":{\"@id\":\"https:\/\/www.electroluxprofessional.com\/pl\/gastronomia\/chlodziarki-do-wina\/#primaryimage\"},\"image\":{\"@id\":\"https:\/\/www.electroluxprofessional.com\/pl\/gastronomia\/chlodziarki-do-wina\/#primaryimage\"},\"thumbnailUrl\":\"https:\/\/www.electroluxprofessional.com\/pl\/wp-content\/uploads\/2018\/05\/corkscrew_CMYK.jpg\",\"datePublished\":\"2018-05-23T15:12:16+00:00\",\"dateModified\":\"2025-11-05T15:15:09+00:00\",\"description\":\"Linia ch\u0142odziarek do wina Electrolux Wine Line zosta\u0142a stworzona przy wsp\u00f3\u0142pracy z wiod\u0105cymi ekspertami bran\u017cowymi w celu zapewnienia optymalnego poziomu temperatury i wilgotno\u015bci, a tak\u017ce ochrony przed szkodliwym promieniowaniem UV i wibracjami dla wszystkich Twoich win.\",\"breadcrumb\":{\"@id\":\"https:\/\/www.electroluxprofessional.com\/pl\/gastronomia\/chlodziarki-do-wina\/#breadcrumb\"},\"inLanguage\":\"pl-PL\",\"potentialAction\":[{\"@type\":\"ReadAction\",\"target\":[\"https:\/\/www.electroluxprofessional.com\/pl\/gastronomia\/chlodziarki-do-wina\/\"]}]},{\"@type\":\"ImageObject\",\"inLanguage\":\"pl-PL\",\"@id\":\"https:\/\/www.electroluxprofessional.com\/pl\/gastronomia\/chlodziarki-do-wina\/#primaryimage\",\"url\":\"https:\/\/www.electroluxprofessional.com\/pl\/wp-content\/uploads\/2018\/05\/corkscrew_CMYK.jpg\",\"contentUrl\":\"https:\/\/www.electroluxprofessional.com\/pl\/wp-content\/uploads\/2018\/05\/corkscrew_CMYK.jpg\",\"width\":750,\"height\":400,\"caption\":\"corkscrew wineline\"},{\"@type\":\"BreadcrumbList\",\"@id\":\"https:\/\/www.electroluxprofessional.com\/pl\/gastronomia\/chlodziarki-do-wina\/#breadcrumb\",\"itemListElement\":[{\"@type\":\"ListItem\",\"position\":1,\"name\":\"Strona g\u0142\u00f3wna\",\"item\":\"https:\/\/www.electroluxprofessional.com\/pl\/\"},{\"@type\":\"ListItem\",\"position\":2,\"name\":\"Gastronomia\",\"item\":\"https:\/\/www.electroluxprofessional.com\/pl\/gastronomia\/\"},{\"@type\":\"ListItem\",\"position\":3,\"name\":\"Ch\u0142odziarki do wina\"}]},{\"@type\":\"WebSite\",\"@id\":\"https:\/\/www.electroluxprofessional.com\/pl\/#website\",\"url\":\"https:\/\/www.electroluxprofessional.com\/pl\/\",\"name\":\"Electrolux Professional Polska\",\"description\":\"\",\"potentialAction\":[{\"@type\":\"SearchAction\",\"target\":{\"@type\":\"EntryPoint\",\"urlTemplate\":\"https:\/\/www.electroluxprofessional.com\/pl\/?src={search_term_string}\"},\"query-input\":\"required name=search_term_string\"}],\"inLanguage\":\"pl-PL\"}]}<\/script>\n<!-- \/ Yoast SEO plugin. -->","yoast_head_json":{"title":"Ch\u0142odziarki do wina - Electrolux Professional","description":"Linia ch\u0142odziarek do wina Electrolux Wine Line zosta\u0142a stworzona przy wsp\u00f3\u0142pracy z wiod\u0105cymi ekspertami bran\u017cowymi w celu zapewnienia optymalnego poziomu temperatury i wilgotno\u015bci, a tak\u017ce ochrony przed szkodliwym promieniowaniem UV i wibracjami dla wszystkich Twoich win.","robots":{"index":"index","follow":"follow","max-snippet":"max-snippet:-1","max-image-preview":"max-image-preview:large","max-video-preview":"max-video-preview:-1"},"canonical":"https:\/\/www.electroluxprofessional.com\/pl\/gastronomia\/chlodziarki-do-wina\/","og_locale":"pl_PL","og_type":"article","og_title":"Ch\u0142odziarki do wina - Electrolux Professional","og_description":"Linia ch\u0142odziarek do wina Electrolux Wine Line zosta\u0142a stworzona przy wsp\u00f3\u0142pracy z wiod\u0105cymi ekspertami bran\u017cowymi w celu zapewnienia optymalnego poziomu temperatury i wilgotno\u015bci, a tak\u017ce ochrony przed szkodliwym promieniowaniem UV i wibracjami dla wszystkich Twoich win.","og_url":"https:\/\/www.electroluxprofessional.com\/pl\/gastronomia\/chlodziarki-do-wina\/","og_site_name":"Electrolux Professional Polska","article_modified_time":"2025-11-05T15:15:09+00:00","og_image":[{"width":750,"height":400,"url":"https:\/\/www.electroluxprofessional.com\/pl\/wp-content\/uploads\/2018\/05\/corkscrew_CMYK.jpg","type":"image\/jpeg"}],"twitter_card":"summary_large_image","twitter_misc":{"Szacowany czas czytania":"4 minuty"},"schema":{"@context":"https:\/\/schema.org","@graph":[{"@type":"WebPage","@id":"https:\/\/www.electroluxprofessional.com\/pl\/gastronomia\/chlodziarki-do-wina\/","url":"https:\/\/www.electroluxprofessional.com\/pl\/gastronomia\/chlodziarki-do-wina\/","name":"Ch\u0142odziarki do wina - Electrolux Professional","isPartOf":{"@id":"https:\/\/www.electroluxprofessional.com\/pl\/#website"},"primaryImageOfPage":{"@id":"https:\/\/www.electroluxprofessional.com\/pl\/gastronomia\/chlodziarki-do-wina\/#primaryimage"},"image":{"@id":"https:\/\/www.electroluxprofessional.com\/pl\/gastronomia\/chlodziarki-do-wina\/#primaryimage"},"thumbnailUrl":"https:\/\/www.electroluxprofessional.com\/pl\/wp-content\/uploads\/2018\/05\/corkscrew_CMYK.jpg","datePublished":"2018-05-23T15:12:16+00:00","dateModified":"2025-11-05T15:15:09+00:00","description":"Linia ch\u0142odziarek do wina Electrolux Wine Line zosta\u0142a stworzona przy wsp\u00f3\u0142pracy z wiod\u0105cymi ekspertami bran\u017cowymi w celu zapewnienia optymalnego poziomu temperatury i wilgotno\u015bci, a tak\u017ce ochrony przed szkodliwym promieniowaniem UV i wibracjami dla wszystkich Twoich win.","breadcrumb":{"@id":"https:\/\/www.electroluxprofessional.com\/pl\/gastronomia\/chlodziarki-do-wina\/#breadcrumb"},"inLanguage":"pl-PL","potentialAction":[{"@type":"ReadAction","target":["https:\/\/www.electroluxprofessional.com\/pl\/gastronomia\/chlodziarki-do-wina\/"]}]},{"@type":"ImageObject","inLanguage":"pl-PL","@id":"https:\/\/www.electroluxprofessional.com\/pl\/gastronomia\/chlodziarki-do-wina\/#primaryimage","url":"https:\/\/www.electroluxprofessional.com\/pl\/wp-content\/uploads\/2018\/05\/corkscrew_CMYK.jpg","contentUrl":"https:\/\/www.electroluxprofessional.com\/pl\/wp-content\/uploads\/2018\/05\/corkscrew_CMYK.jpg","width":750,"height":400,"caption":"corkscrew wineline"},{"@type":"BreadcrumbList","@id":"https:\/\/www.electroluxprofessional.com\/pl\/gastronomia\/chlodziarki-do-wina\/#breadcrumb","itemListElement":[{"@type":"ListItem","position":1,"name":"Strona g\u0142\u00f3wna","item":"https:\/\/www.electroluxprofessional.com\/pl\/"},{"@type":"ListItem","position":2,"name":"Gastronomia","item":"https:\/\/www.electroluxprofessional.com\/pl\/gastronomia\/"},{"@type":"ListItem","position":3,"name":"Ch\u0142odziarki do wina"}]},{"@type":"WebSite","@id":"https:\/\/www.electroluxprofessional.com\/pl\/#website","url":"https:\/\/www.electroluxprofessional.com\/pl\/","name":"Electrolux Professional Polska","description":"","potentialAction":[{"@type":"SearchAction","target":{"@type":"EntryPoint","urlTemplate":"https:\/\/www.electroluxprofessional.com\/pl\/?src={search_term_string}"},"query-input":"required name=search_term_string"}],"inLanguage":"pl-PL"}]}},"_links":{"self":[{"href":"https:\/\/www.electroluxprofessional.com\/pl\/wp-json\/wp\/v2\/pages\/5030"}],"collection":[{"href":"https:\/\/www.electroluxprofessional.com\/pl\/wp-json\/wp\/v2\/pages"}],"about":[{"href":"https:\/\/www.electroluxprofessional.com\/pl\/wp-json\/wp\/v2\/types\/page"}],"author":[{"embeddable":true,"href":"https:\/\/www.electroluxprofessional.com\/pl\/wp-json\/wp\/v2\/users\/3"}],"replies":[{"embeddable":true,"href":"https:\/\/www.electroluxprofessional.com\/pl\/wp-json\/wp\/v2\/comments?post=5030"}],"version-history":[{"count":6,"href":"https:\/\/www.electroluxprofessional.com\/pl\/wp-json\/wp\/v2\/pages\/5030\/revisions"}],"predecessor-version":[{"id":11597,"href":"https:\/\/www.electroluxprofessional.com\/pl\/wp-json\/wp\/v2\/pages\/5030\/revisions\/11597"}],"up":[{"embeddable":true,"href":"https:\/\/www.electroluxprofessional.com\/pl\/wp-json\/wp\/v2\/pages\/1148"}],"wp:featuredmedia":[{"embeddable":true,"href":"https:\/\/www.electroluxprofessional.com\/pl\/wp-json\/wp\/v2\/media\/5013"}],"wp:attachment":[{"href":"https:\/\/www.electroluxprofessional.com\/pl\/wp-json\/wp\/v2\/media?parent=5030"}],"curies":[{"name":"wp","href":"https:\/\/api.w.org\/{rel}","templated":true}]}}