{"id":5009,"date":"2018-01-17T14:24:42","date_gmt":"2018-01-17T13:24:42","guid":{"rendered":"https:\/\/www.electroluxprofessional.com\/?page_id=14181"},"modified":"2025-11-05T15:07:44","modified_gmt":"2025-11-05T15:07:44","slug":"kompaktowy-piekarnik-multislim","status":"publish","type":"page","link":"https:\/\/www.electroluxprofessional.com\/pl\/gastronomia\/kompaktowy-piekarnik-multislim\/","title":{"rendered":"Kompaktowy piekarnik MultiSlim"},"content":{"rendered":"<p>[vc_row full_width=&#8221;electroluxpro-full-width-no-padding&#8221;][vc_column][vc_single_image image=&#8221;4997&#8243; img_size=&#8221;2000&#215;350&#8243; alignment=&#8221;center&#8221;][\/vc_column][\/vc_row][vc_row][vc_column width=&#8221;2\/3&#8243;][elx_heading font_container=&#8221;h1&#8243; font_size=&#8221;h3&#8243; text_color=&#8221;inherit&#8221;]Kompaktowy piekarnik MultiSlim[\/elx_heading][vc_column_text]Masz ma\u0142o miejsca w kuchni? Chcesz obni\u017cy\u0107 koszty eksploatacji bez kompromis\u00f3w w zakresie wydajno\u015bci gotowania? Nowy <strong>kompaktowy piekarnik MultiSlim<\/strong> to idealne rozwi\u0105zanie dla Twojej <strong>restauracji i baru<\/strong>.[\/vc_column_text][\/vc_column][vc_column width=&#8221;1\/3&#8243;][elx_heading text_color=&#8221;inherit&#8221;]Pobierz broszur\u0119[\/elx_heading][elx_download_block text=&#8221;Kompaktowy piekarnik MultiSlim<br \/>\nbroszura i przepisy kulinarne&#8221; link=&#8221;https:\/\/files.professional.electrolux.com\/docs\/?n=BR-9JE00082&amp;b=5&amp;l=1&#8243; background_color=&#8221;orange&#8221;][\/vc_column][\/vc_row][vc_row][vc_column width=&#8221;1\/3&#8243;][vc_single_image image=&#8221;4998&#8243; img_size=&#8221;full&#8221;][elx_heading font_size=&#8221;h5&#8243; text_color=&#8221;inherit&#8221;]Zielone oszcz\u0119dno\u015bci [\/elx_heading][vc_column_text]Zu\u017cywaj\u0105c do 15% mniej wody ni\u017c standardowe piece wtryskowe, <strong>kompaktowy piekarnik MultiSlim<\/strong> jest bardziej przyjazny dla \u015brodowiska i pozwala zaoszcz\u0119dzi\u0107 na rachunkach za media.<br \/>\nDowiedz si\u0119 wi\u0119cej z broszury <a href=\"https:\/\/files.professional.electrolux.com\/docs\/?n=BR-9JE00082&amp;b=5&amp;l=1\" target=\"_blank\" rel=\"noopener\">kompaktowy piekarnik MultiSlim<\/a>.[\/vc_column_text][\/vc_column][vc_column width=&#8221;1\/3&#8243;][vc_single_image image=&#8221;4999&#8243; img_size=&#8221;full&#8221;][elx_heading font_size=&#8221;h5&#8243; text_color=&#8221;inherit&#8221;]Gotuj na mniejszej przestrzeni[\/elx_heading][vc_column_text]Niewielkie wymiary, zaledwie 0,42 m2 zajmowanej powierzchni, sprawiaj\u0105, \u017ce <strong>kompaktowy piekarnik MultiSlim<\/strong> idealnie nadaje si\u0119 do ma\u0142ej kuchni.<br \/>\nOtwieranie drzwi z prawej lub lewej strony. W przypadku zmiany uk\u0142adu kuchni wystarczy zmieni\u0107 kierunek otwierania drzwi.<br \/>\n[\/vc_column_text][\/vc_column][vc_column width=&#8221;1\/3&#8243;][vc_single_image image=&#8221;5000&#8243; img_size=&#8221;full&#8221;][elx_heading font_size=&#8221;h5&#8243; text_color=&#8221;inherit&#8221;]D\u0142uga \u017cywotno\u015b\u0107[\/elx_heading][vc_column_text]<strong>Kompaktowy piekarnik MultiSlim<\/strong> zosta\u0142 zaprojektowany z my\u015bl\u0105 o d\u0142ugotrwa\u0142ym i intensywnym u\u017cytkowaniu. Wa\u017c\u0105cy zaledwie 72 kg wielofunkcyjny piec jest zbudowany z wytrzyma\u0142ych i wysokiej jako\u015bci materia\u0142\u00f3w.[\/vc_column_text][\/vc_column][\/vc_row][vc_row][vc_column css=&#8221;.vc_custom_1516182416648{padding-top: 40px !important;}&#8221;][vc_empty_space][\/vc_column][\/vc_row][vc_row css=&#8221;.vc_custom_1516626289472{background-color: #eeeeee !important;}&#8221;][vc_column width=&#8221;1\/2&#8243;][vc_single_image image=&#8221;5001&#8243; img_size=&#8221;full&#8221;][\/vc_column][vc_column width=&#8221;1\/2&#8243;][vc_empty_space][elx_heading font_size=&#8221;h5&#8243; text_color=&#8221;inherit&#8221;]Kompaktowy piekarnik MultiSlim,<br \/>\ntwoje menu na wyci\u0105gni\u0119cie r\u0119ki<br \/>\n[\/elx_heading][vc_column_text]Szybka i \u0142atwa nawigacja po programach, funkcjach i parametrach gotowania za pomoc\u0105 jednego precyzyjnego pokr\u0119t\u0142a obrotowego.<br \/>\n<strong>Wystarczy nacisn\u0105\u0107, aby wybra\u0107 opcj\u0119.<\/strong><\/p>\n<p>Dzi\u0119ki prostemu, programowalnemu interfejsowi, kompaktowy piekarnik MultiSlim umo\u017cliwia tworzenie, zapisywanie i \u0142adowanie nawet <strong>99 przepis\u00f3w<\/strong>.<br \/>\n[\/vc_column_text][\/vc_column][\/vc_row][vc_row][vc_column css=&#8221;.vc_custom_1516182416648{padding-top: 40px !important;}&#8221;][vc_empty_space][\/vc_column][\/vc_row][vc_row][vc_column width=&#8221;1\/3&#8243;][vc_single_image image=&#8221;5002&#8243; img_size=&#8221;full&#8221;][\/vc_column][vc_column width=&#8221;1\/3&#8243;][vc_empty_space][elx_heading font_size=&#8221;h5&#8243; text_color=&#8221;inherit&#8221;]Odpowiedni osprz\u0119t dla doskona\u0142ej receptury[\/elx_heading][vc_column_text]\u0141atwo i szybko. Sprawd\u017a kr\u00f3tk\u0105 list\u0119 <strong>przepis\u00f3w<\/strong> i zwi\u0105zanych z nimi akcesori\u00f3w.<\/p>\n<p>Pobierz swoj\u0105 kopi\u0119 teraz.[\/vc_column_text][\/vc_column][vc_column width=&#8221;1\/3&#8243;][elx_download_block text=&#8221;Kompaktowy piekarnik MultiSlim<br \/>\nbroszura i przepisy kulinarne&#8221; link=&#8221;https:\/\/files.professional.electrolux.com\/docs\/?n=BR-9JE00082&amp;b=5&amp;l=1&#8243; background_color=&#8221;orange&#8221;][\/vc_column][\/vc_row][vc_row matched_labels=&#8221;&#8221;][vc_column][vc_empty_space][vc_empty_space][elx_heading font_size=&#8221;h3&#8243; text_color=&#8221;inherit&#8221;]MultiSlim compact ovens: technical details.[\/elx_heading]<div class=\"com21-product-filter-container 67\">[\/vc_column][\/vc_row][vc_row][vc_column][vc_empty_space][elx_heading font_size=&#8221;h3&#8243; text_color=&#8221;inherit&#8221;]Chcesz dowiedzie\u0107 si\u0119 wi\u0119cej?[\/elx_heading][elx_o2000_contact_us s=&#8221;Request of information about MultiSlim compact oven&#8221; r=&#8221;Hi, I&#8217;d like to find out more about MultiSlim compact oven. Please get in touch with me.&#8221; l=&#8221;en&#8221;][\/vc_column][\/vc_row][vc_row css=&#8221;.vc_custom_1517485643770{background-color: #eeeeee !important;}&#8221;][vc_column][elx_heading font_size=&#8221;h3&#8243; text_color=&#8221;inherit&#8221;]Tak\u017ce mo\u017ce Ci si\u0119 spodoba\u0107[\/elx_heading][vc_row_inner css=&#8221;.vc_custom_1517485631687{background-color: #eeeeee !important;}&#8221;][vc_column_inner width=&#8221;1\/3&#8243;][elx_maylike_box id_box=&#8221;1215&#8243;][\/vc_column_inner][vc_column_inner width=&#8221;1\/3&#8243;][elx_maylike_box id_box=&#8221;1195&#8243;][\/vc_column_inner][vc_column_inner width=&#8221;1\/3&#8243;][elx_maylike_box id_box=&#8221;1217&#8243;][\/vc_column_inner][\/vc_row_inner][\/vc_column][\/vc_row]<\/p>\n","protected":false},"excerpt":{"rendered":"<p>[vc_row full_width=&#8221;electroluxpro-full-width-no-padding&#8221;][vc_column][vc_single_image image=&#8221;4997&#8243; img_size=&#8221;2000&#215;350&#8243; alignment=&#8221;center&#8221;][\/vc_column][\/vc_row][vc_row][vc_column width=&#8221;2\/3&#8243;][elx_heading font_container=&#8221;h1&#8243; font_size=&#8221;h3&#8243; text_color=&#8221;inherit&#8221;]Kompaktowy piekarnik MultiSlim[\/elx_heading][vc_column_text]Masz ma\u0142o miejsca w kuchni? Chcesz obni\u017cy\u0107 koszty eksploatacji bez kompromis\u00f3w w zakresie wydajno\u015bci gotowania? Nowy kompaktowy piekarnik MultiSlim to idealne rozwi\u0105zanie dla Twojej restauracji i baru.[\/vc_column_text][\/vc_column][vc_column width=&#8221;1\/3&#8243;][elx_heading text_color=&#8221;inherit&#8221;]Pobierz broszur\u0119[\/elx_heading][elx_download_block text=&#8221;Kompaktowy piekarnik MultiSlim broszura i przepisy kulinarne&#8221; link=&#8221;https:\/\/files.professional.electrolux.com\/docs\/?n=BR-9JE00082&amp;b=5&amp;l=1&#8243; background_color=&#8221;orange&#8221;][\/vc_column][\/vc_row][vc_row][vc_column width=&#8221;1\/3&#8243;][vc_single_image image=&#8221;4998&#8243; img_size=&#8221;full&#8221;][elx_heading font_size=&#8221;h5&#8243; text_color=&#8221;inherit&#8221;]Zielone oszcz\u0119dno\u015bci [&hellip;]<\/p>\n","protected":false},"author":3,"featured_media":0,"parent":1148,"menu_order":0,"comment_status":"closed","ping_status":"closed","template":"","meta":{"footnotes":""},"class_list":["post-5009","page","type-page","status-publish","hentry"],"acf":[],"yoast_head":"<!-- This site is optimized with the Yoast SEO plugin v23.3 - https:\/\/yoast.com\/wordpress\/plugins\/seo\/ -->\n<title>Kompaktowy piekarnik MultiSlim - Electrolux Professional Polska<\/title>\n<meta name=\"description\" content=\"Masz ma\u0142o miejsca w kuchni? Chcesz obni\u017cy\u0107 koszty eksploatacji bez kompromis\u00f3w w zakresie wydajno\u015bci gotowania? Nowy kompaktowy piekarnik MultiSlim to idealne rozwi\u0105zanie dla Twojej restauracji i baru.\" \/>\n<meta name=\"robots\" content=\"index, follow, max-snippet:-1, max-image-preview:large, max-video-preview:-1\" \/>\n<link rel=\"canonical\" href=\"https:\/\/www.electroluxprofessional.com\/pl\/gastronomia\/kompaktowy-piekarnik-multislim\/\" \/>\n<meta property=\"og:locale\" content=\"pl_PL\" \/>\n<meta property=\"og:type\" content=\"article\" \/>\n<meta property=\"og:title\" content=\"Kompaktowy piekarnik MultiSlim - Electrolux Professional Polska\" \/>\n<meta property=\"og:description\" content=\"Masz ma\u0142o miejsca w kuchni? Chcesz obni\u017cy\u0107 koszty eksploatacji bez kompromis\u00f3w w zakresie wydajno\u015bci gotowania? Nowy kompaktowy piekarnik MultiSlim to idealne rozwi\u0105zanie dla Twojej restauracji i baru.\" \/>\n<meta property=\"og:url\" content=\"https:\/\/www.electroluxprofessional.com\/pl\/gastronomia\/kompaktowy-piekarnik-multislim\/\" \/>\n<meta property=\"og:site_name\" content=\"Electrolux Professional Polska\" \/>\n<meta property=\"article:modified_time\" content=\"2025-11-05T15:07:44+00:00\" \/>\n<meta name=\"twitter:card\" content=\"summary_large_image\" \/>\n<meta name=\"twitter:label1\" content=\"Szacowany czas czytania\" \/>\n\t<meta name=\"twitter:data1\" content=\"2 minuty\" \/>\n<script type=\"application\/ld+json\" class=\"yoast-schema-graph\">{\"@context\":\"https:\/\/schema.org\",\"@graph\":[{\"@type\":\"WebPage\",\"@id\":\"https:\/\/www.electroluxprofessional.com\/pl\/gastronomia\/kompaktowy-piekarnik-multislim\/\",\"url\":\"https:\/\/www.electroluxprofessional.com\/pl\/gastronomia\/kompaktowy-piekarnik-multislim\/\",\"name\":\"Kompaktowy piekarnik MultiSlim - Electrolux Professional Polska\",\"isPartOf\":{\"@id\":\"https:\/\/www.electroluxprofessional.com\/pl\/#website\"},\"datePublished\":\"2018-01-17T13:24:42+00:00\",\"dateModified\":\"2025-11-05T15:07:44+00:00\",\"description\":\"Masz ma\u0142o miejsca w kuchni? Chcesz obni\u017cy\u0107 koszty eksploatacji bez kompromis\u00f3w w zakresie wydajno\u015bci gotowania? Nowy kompaktowy piekarnik MultiSlim to idealne rozwi\u0105zanie dla Twojej restauracji i baru.\",\"breadcrumb\":{\"@id\":\"https:\/\/www.electroluxprofessional.com\/pl\/gastronomia\/kompaktowy-piekarnik-multislim\/#breadcrumb\"},\"inLanguage\":\"pl-PL\",\"potentialAction\":[{\"@type\":\"ReadAction\",\"target\":[\"https:\/\/www.electroluxprofessional.com\/pl\/gastronomia\/kompaktowy-piekarnik-multislim\/\"]}]},{\"@type\":\"BreadcrumbList\",\"@id\":\"https:\/\/www.electroluxprofessional.com\/pl\/gastronomia\/kompaktowy-piekarnik-multislim\/#breadcrumb\",\"itemListElement\":[{\"@type\":\"ListItem\",\"position\":1,\"name\":\"Strona g\u0142\u00f3wna\",\"item\":\"https:\/\/www.electroluxprofessional.com\/pl\/\"},{\"@type\":\"ListItem\",\"position\":2,\"name\":\"Gastronomia\",\"item\":\"https:\/\/www.electroluxprofessional.com\/pl\/gastronomia\/\"},{\"@type\":\"ListItem\",\"position\":3,\"name\":\"Kompaktowy piekarnik MultiSlim\"}]},{\"@type\":\"WebSite\",\"@id\":\"https:\/\/www.electroluxprofessional.com\/pl\/#website\",\"url\":\"https:\/\/www.electroluxprofessional.com\/pl\/\",\"name\":\"Electrolux Professional Polska\",\"description\":\"\",\"potentialAction\":[{\"@type\":\"SearchAction\",\"target\":{\"@type\":\"EntryPoint\",\"urlTemplate\":\"https:\/\/www.electroluxprofessional.com\/pl\/?src={search_term_string}\"},\"query-input\":\"required name=search_term_string\"}],\"inLanguage\":\"pl-PL\"}]}<\/script>\n<!-- \/ Yoast SEO plugin. -->","yoast_head_json":{"title":"Kompaktowy piekarnik MultiSlim - Electrolux Professional Polska","description":"Masz ma\u0142o miejsca w kuchni? Chcesz obni\u017cy\u0107 koszty eksploatacji bez kompromis\u00f3w w zakresie wydajno\u015bci gotowania? Nowy kompaktowy piekarnik MultiSlim to idealne rozwi\u0105zanie dla Twojej restauracji i baru.","robots":{"index":"index","follow":"follow","max-snippet":"max-snippet:-1","max-image-preview":"max-image-preview:large","max-video-preview":"max-video-preview:-1"},"canonical":"https:\/\/www.electroluxprofessional.com\/pl\/gastronomia\/kompaktowy-piekarnik-multislim\/","og_locale":"pl_PL","og_type":"article","og_title":"Kompaktowy piekarnik MultiSlim - Electrolux Professional Polska","og_description":"Masz ma\u0142o miejsca w kuchni? Chcesz obni\u017cy\u0107 koszty eksploatacji bez kompromis\u00f3w w zakresie wydajno\u015bci gotowania? Nowy kompaktowy piekarnik MultiSlim to idealne rozwi\u0105zanie dla Twojej restauracji i baru.","og_url":"https:\/\/www.electroluxprofessional.com\/pl\/gastronomia\/kompaktowy-piekarnik-multislim\/","og_site_name":"Electrolux Professional Polska","article_modified_time":"2025-11-05T15:07:44+00:00","twitter_card":"summary_large_image","twitter_misc":{"Szacowany czas czytania":"2 minuty"},"schema":{"@context":"https:\/\/schema.org","@graph":[{"@type":"WebPage","@id":"https:\/\/www.electroluxprofessional.com\/pl\/gastronomia\/kompaktowy-piekarnik-multislim\/","url":"https:\/\/www.electroluxprofessional.com\/pl\/gastronomia\/kompaktowy-piekarnik-multislim\/","name":"Kompaktowy piekarnik MultiSlim - Electrolux Professional Polska","isPartOf":{"@id":"https:\/\/www.electroluxprofessional.com\/pl\/#website"},"datePublished":"2018-01-17T13:24:42+00:00","dateModified":"2025-11-05T15:07:44+00:00","description":"Masz ma\u0142o miejsca w kuchni? Chcesz obni\u017cy\u0107 koszty eksploatacji bez kompromis\u00f3w w zakresie wydajno\u015bci gotowania? Nowy kompaktowy piekarnik MultiSlim to idealne rozwi\u0105zanie dla Twojej restauracji i baru.","breadcrumb":{"@id":"https:\/\/www.electroluxprofessional.com\/pl\/gastronomia\/kompaktowy-piekarnik-multislim\/#breadcrumb"},"inLanguage":"pl-PL","potentialAction":[{"@type":"ReadAction","target":["https:\/\/www.electroluxprofessional.com\/pl\/gastronomia\/kompaktowy-piekarnik-multislim\/"]}]},{"@type":"BreadcrumbList","@id":"https:\/\/www.electroluxprofessional.com\/pl\/gastronomia\/kompaktowy-piekarnik-multislim\/#breadcrumb","itemListElement":[{"@type":"ListItem","position":1,"name":"Strona g\u0142\u00f3wna","item":"https:\/\/www.electroluxprofessional.com\/pl\/"},{"@type":"ListItem","position":2,"name":"Gastronomia","item":"https:\/\/www.electroluxprofessional.com\/pl\/gastronomia\/"},{"@type":"ListItem","position":3,"name":"Kompaktowy piekarnik MultiSlim"}]},{"@type":"WebSite","@id":"https:\/\/www.electroluxprofessional.com\/pl\/#website","url":"https:\/\/www.electroluxprofessional.com\/pl\/","name":"Electrolux Professional Polska","description":"","potentialAction":[{"@type":"SearchAction","target":{"@type":"EntryPoint","urlTemplate":"https:\/\/www.electroluxprofessional.com\/pl\/?src={search_term_string}"},"query-input":"required name=search_term_string"}],"inLanguage":"pl-PL"}]}},"_links":{"self":[{"href":"https:\/\/www.electroluxprofessional.com\/pl\/wp-json\/wp\/v2\/pages\/5009"}],"collection":[{"href":"https:\/\/www.electroluxprofessional.com\/pl\/wp-json\/wp\/v2\/pages"}],"about":[{"href":"https:\/\/www.electroluxprofessional.com\/pl\/wp-json\/wp\/v2\/types\/page"}],"author":[{"embeddable":true,"href":"https:\/\/www.electroluxprofessional.com\/pl\/wp-json\/wp\/v2\/users\/3"}],"replies":[{"embeddable":true,"href":"https:\/\/www.electroluxprofessional.com\/pl\/wp-json\/wp\/v2\/comments?post=5009"}],"version-history":[{"count":5,"href":"https:\/\/www.electroluxprofessional.com\/pl\/wp-json\/wp\/v2\/pages\/5009\/revisions"}],"predecessor-version":[{"id":11573,"href":"https:\/\/www.electroluxprofessional.com\/pl\/wp-json\/wp\/v2\/pages\/5009\/revisions\/11573"}],"up":[{"embeddable":true,"href":"https:\/\/www.electroluxprofessional.com\/pl\/wp-json\/wp\/v2\/pages\/1148"}],"wp:attachment":[{"href":"https:\/\/www.electroluxprofessional.com\/pl\/wp-json\/wp\/v2\/media?parent=5009"}],"curies":[{"name":"wp","href":"https:\/\/api.w.org\/{rel}","templated":true}]}}