{"id":2576,"date":"2016-11-28T09:30:08","date_gmt":"2016-11-28T09:30:08","guid":{"rendered":"https:\/\/www.electroluxprofessional.com\/?page_id=5948"},"modified":"2020-09-04T09:33:00","modified_gmt":"2020-09-04T09:33:00","slug":"poradnik-wyboru-dyskow-tnacych","status":"publish","type":"page","link":"https:\/\/www.electroluxprofessional.com\/pl\/gastronomia\/przygotowanie-posiekaj-wymieszaj-pokroj\/poradnik-wyboru-dyskow-tnacych\/","title":{"rendered":"Poradnik wyboru dysk\u00f3w tn\u0105cych"},"content":{"rendered":"<p>[vc_row][vc_column][elx_hero_slider label_text_color=&#8221;inherit&#8221; images=&#8221;2568&#8243;][elx_heading font_container=&#8221;h1&#8243; text_color=&#8221;inherit&#8221; text_align=&#8221;text-center&#8221;]Poradnik wyboru dysk\u00f3w tn\u0105cych[\/elx_heading][\/elx_hero_slider][\/vc_column][\/vc_row][vc_row][vc_column][vc_empty_space][elx_heading font_size=&#8221;h3&#8243; text_color=&#8221;inherit&#8221; text_align=&#8221;text-center&#8221;]Opracowali\u015bmy nowy, interaktywny przewodnik, kt\u00f3ry pomo\u017ce Ci wybra\u0107 urz\u0105dzenia tn\u0105ce TRK, TRS, TR200 i TR210, kt\u00f3re b\u0119dzie najlepiej odpowiada\u0142o Twoim potrzebom.[\/elx_heading][vc_empty_space][\/vc_column][\/vc_row][vc_row][vc_column][vc_column_text]<\/p>\n<div>\n<p>Zapoznaj si\u0119 z lini\u0105 naszych produkt\u00f3w na podstawie wyboru sk\u0142adnik\u00f3w, kt\u00f3re chcesz przetworzy\u0107, lub wybieraj\u0105c rozmiar i typ tarczy tn\u0105cej.<\/p>\n<\/div>\n<p>[\/vc_column_text][\/vc_column][\/vc_row][vc_row][vc_column][vc_empty_space][vc_raw_js]JTNDc2NyaXB0JTIwc3JjJTNEJTIyaHR0cHMlM0ElMkYlMkZ3d3cuZXByLWFwcHMuY29tJTJGd2lkZ2V0cyUyRmNvZGUlMkZhbmd1bGFyLm1pbi5qcyUyMiUzRSUzQyUyRnNjcmlwdCUzRSUyMCUwQSUzQ3NjcmlwdCUyMHNyYyUzRCUyMmh0dHBzJTNBJTJGJTJGd3d3LmVwci1hcHBzLmNvbSUyRndpZGdldHMlMkZjb2RlJTJGYW5ndWxhci1zYW5pdGl6ZS5qcyUyMiUzRSUzQyUyRnNjcmlwdCUzRSUyMCUwQSUzQ3NjcmlwdCUyMHNyYyUzRCUyMmh0dHBzJTNBJTJGJTJGd3d3LmVwci1hcHBzLmNvbSUyRndpZGdldHMlMkZhcHAlMkZjdXR0aW5nLWd1aWRlJTJGcmVzb3VyY2VzJTJGanMlMkZtYWluLmpzJTIyJTNFJTNDJTJGc2NyaXB0JTNFJTIwJTBBJTBBJTNDc2NyaXB0JTIwdHlwZSUzRCUyMnRleHQlMkZqYXZhc2NyaXB0JTIyJTNFJTJGJTJGJTIwJTNDJTIxJTVCQ0RBVEElNUIlMjAlMEF2YXIlMjBzZXR0aW5nc0N1dHRpbmclMjAlM0QlMjAlN0IlMjAlMEFicmFuZCUzQSUyMDUlMkMlMjAlMEFjb250YWluZXIlM0ElMjdjdXR0aW5nR3VpZGVfanNvbl93cmFwcGVyJTI3JTIwJTBBJTdEJTIwJTBBd2luZG93Lm9ubG9hZCUyMCUzRCUyMG9uTG9hZGJvb3RzdHJhcEN1dHRpbmdHdWlkZSUyOHNldHRpbmdzQ3V0dGluZyUyOSUzQiUyMCUwQSUyRiUyRiUyMCU1RCU1RCUzRSUyMCUwQSUwQSUwQSUzQyUyRnNjcmlwdCUzRSUyMCUwQSUzQ2RpdiUyMGlkJTNEJTIyY3V0dGluZ0d1aWRlX2pzb25fd3JhcHBlciUyMiUzRUxvYWRpbmcuLi4lM0MlMkZkaXYlM0UlMjAlMEE=[\/vc_raw_js][vc_empty_space height=&#8221;50px&#8221;][\/vc_column][\/vc_row][vc_row][vc_column width=&#8221;1\/3&#8243;][elx_download_block text=&#8221;Przewodnik po TRS\/TRK&#8221; link=&#8221;files.professional.electrolux.com\/docs\/?n=BR-9JE00066&amp;b=5&amp;l=1&#8243; background_color=&#8221;cat-create&#8221; reveal_effect=&#8221;&#8221; reveal_duration=&#8221;&#8221; reveal_delay=&#8221;&#8221;][\/vc_column][vc_column width=&#8221;1\/3&#8243;][elx_download_block text=&#8221;Poznaj nasz\u0105 ofert\u0119 urz\u0105dze\u0144 tn\u0105cych, mieszaj\u0105cych i kroj\u0105cych &#8221; link=&#8221;https:\/\/www.electroluxprofessional.com\/pl\/gastronomia\/przygotowanie-posiekaj-wymieszaj-pokroj\/&#8221; background_color=&#8221;cat-create&#8221; reveal_effect=&#8221;&#8221; reveal_duration=&#8221;&#8221; reveal_delay=&#8221;&#8221;][\/vc_column][vc_column width=&#8221;1\/3&#8243;][elx_download_block text=&#8221;Odkryj nasze obieraki oraz urz\u0105dzenia do mycia i suszenia&#8221; link=&#8221;https:\/\/www.electroluxprofessional.com\/pl\/gastronomia\/przygotowanie-obierz-umyj-wysusz\/&#8221; background_color=&#8221;cat-create&#8221; reveal_effect=&#8221;&#8221; reveal_duration=&#8221;&#8221; reveal_delay=&#8221;&#8221;][\/vc_column][\/vc_row][vc_row][vc_column][vc_empty_space height=&#8221;50px&#8221;][\/vc_column][\/vc_row][vc_row][vc_column][elx_heading font_size=&#8221;h3&#8243; text_color=&#8221;inherit&#8221; text_align=&#8221;text-center&#8221;]Znajd\u017a idealny pakiet dla Twojej firmy[\/elx_heading][vc_row_inner][vc_column_inner width=&#8221;1\/3&#8243;][elx_maylike_box id_box=&#8221;1195&#8243;][\/vc_column_inner][vc_column_inner width=&#8221;1\/3&#8243;][elx_maylike_box id_box=&#8221;1182&#8243;][\/vc_column_inner][vc_column_inner width=&#8221;1\/3&#8243;][elx_maylike_box id_box=&#8221;5060, 5766&#8243;][\/vc_column_inner][\/vc_row_inner][\/vc_column][\/vc_row][vc_row][vc_column][vc_empty_space height=&#8221;50px&#8221;][elx_heading text_color=&#8221;inherit&#8221; text_align=&#8221;text-center&#8221;]Dowiedz si\u0119 jak Electrolux Professional mo\u017ce pom\u00f3c Twojej firmie [\/elx_heading][elx_o2000_contact_us r=&#8221;Chcia\u0142bym dowiedzie\u0107 si\u0119 wi\u0119cej o urz\u0105dzeniach do przygotowywania \u017cywno\u015bci oraz o poradniku wyboru dysk\u00f3w tn\u0105cych, prosz\u0119 si\u0119 ze mn\u0105 skontaktowa\u0107.&#8221; s=&#8221;Request of information about Food preparation&#8221; container=&#8221;elxcontactus1480324839&#8243;][\/vc_column][\/vc_row][vc_row][vc_column][vc_empty_space height=&#8221;50px&#8221;][\/vc_column][\/vc_row]<\/p>\n","protected":false},"excerpt":{"rendered":"<p>[vc_row][vc_column][elx_hero_slider label_text_color=&#8221;inherit&#8221; images=&#8221;2568&#8243;][elx_heading font_container=&#8221;h1&#8243; text_color=&#8221;inherit&#8221; text_align=&#8221;text-center&#8221;]Poradnik wyboru dysk\u00f3w tn\u0105cych[\/elx_heading][\/elx_hero_slider][\/vc_column][\/vc_row][vc_row][vc_column][vc_empty_space][elx_heading font_size=&#8221;h3&#8243; text_color=&#8221;inherit&#8221; text_align=&#8221;text-center&#8221;]Opracowali\u015bmy nowy, interaktywny przewodnik, kt\u00f3ry pomo\u017ce Ci wybra\u0107 urz\u0105dzenia tn\u0105ce TRK, TRS, TR200 i TR210, kt\u00f3re b\u0119dzie najlepiej odpowiada\u0142o Twoim potrzebom.[\/elx_heading][vc_empty_space][\/vc_column][\/vc_row][vc_row][vc_column][vc_column_text] Zapoznaj si\u0119 z lini\u0105 naszych produkt\u00f3w na podstawie wyboru sk\u0142adnik\u00f3w, kt\u00f3re chcesz przetworzy\u0107, lub wybieraj\u0105c rozmiar i typ tarczy tn\u0105cej. [\/vc_column_text][\/vc_column][\/vc_row][vc_row][vc_column][vc_empty_space][vc_raw_js]JTNDc2NyaXB0JTIwc3JjJTNEJTIyaHR0cHMlM0ElMkYlMkZ3d3cuZXByLWFwcHMuY29tJTJGd2lkZ2V0cyUyRmNvZGUlMkZhbmd1bGFyLm1pbi5qcyUyMiUzRSUzQyUyRnNjcmlwdCUzRSUyMCUwQSUzQ3NjcmlwdCUyMHNyYyUzRCUyMmh0dHBzJTNBJTJGJTJGd3d3LmVwci1hcHBzLmNvbSUyRndpZGdldHMlMkZjb2RlJTJGYW5ndWxhci1zYW5pdGl6ZS5qcyUyMiUzRSUzQyUyRnNjcmlwdCUzRSUyMCUwQSUzQ3NjcmlwdCUyMHNyYyUzRCUyMmh0dHBzJTNBJTJGJTJGd3d3LmVwci1hcHBzLmNvbSUyRndpZGdldHMlMkZhcHAlMkZjdXR0aW5nLWd1aWRlJTJGcmVzb3VyY2VzJTJGanMlMkZtYWluLmpzJTIyJTNFJTNDJTJGc2NyaXB0JTNFJTIwJTBBJTBBJTNDc2NyaXB0JTIwdHlwZSUzRCUyMnRleHQlMkZqYXZhc2NyaXB0JTIyJTNFJTJGJTJGJTIwJTNDJTIxJTVCQ0RBVEElNUIlMjAlMEF2YXIlMjBzZXR0aW5nc0N1dHRpbmclMjAlM0QlMjAlN0IlMjAlMEFicmFuZCUzQSUyMDUlMkMlMjAlMEFjb250YWluZXIlM0ElMjdjdXR0aW5nR3VpZGVfanNvbl93cmFwcGVyJTI3JTIwJTBBJTdEJTIwJTBBd2luZG93Lm9ubG9hZCUyMCUzRCUyMG9uTG9hZGJvb3RzdHJhcEN1dHRpbmdHdWlkZSUyOHNldHRpbmdzQ3V0dGluZyUyOSUzQiUyMCUwQSUyRiUyRiUyMCU1RCU1RCUzRSUyMCUwQSUwQSUwQSUzQyUyRnNjcmlwdCUzRSUyMCUwQSUzQ2RpdiUyMGlkJTNEJTIyY3V0dGluZ0d1aWRlX2pzb25fd3JhcHBlciUyMiUzRUxvYWRpbmcuLi4lM0MlMkZkaXYlM0UlMjAlMEE=[\/vc_raw_js][vc_empty_space height=&#8221;50px&#8221;][\/vc_column][\/vc_row][vc_row][vc_column width=&#8221;1\/3&#8243;][elx_download_block [&hellip;]<\/p>\n","protected":false},"author":3,"featured_media":2568,"parent":1413,"menu_order":0,"comment_status":"closed","ping_status":"closed","template":"","meta":{"footnotes":""},"class_list":["post-2576","page","type-page","status-publish","has-post-thumbnail","hentry"],"acf":[],"yoast_head":"<!-- This site is optimized with the Yoast SEO plugin v23.3 - https:\/\/yoast.com\/wordpress\/plugins\/seo\/ -->\n<title>Poradnik wyboru dysk\u00f3w tn\u0105cych - Electrolux Professional Polska<\/title>\n<meta name=\"description\" content=\"Zapoznaj si\u0119 z lini\u0105 naszych produkt\u00f3w na podstawie wyboru sk\u0142adnik\u00f3w, kt\u00f3re chcesz przetworzy\u0107, lub wybieraj\u0105c rozmiar i typ tarczy tn\u0105cej.\" \/>\n<meta name=\"robots\" content=\"index, follow, max-snippet:-1, max-image-preview:large, max-video-preview:-1\" \/>\n<link rel=\"canonical\" href=\"https:\/\/www.electroluxprofessional.com\/pl\/gastronomia\/przygotowanie-posiekaj-wymieszaj-pokroj\/poradnik-wyboru-dyskow-tnacych\/\" \/>\n<meta property=\"og:locale\" content=\"pl_PL\" \/>\n<meta property=\"og:type\" content=\"article\" \/>\n<meta property=\"og:title\" content=\"Poradnik wyboru dysk\u00f3w tn\u0105cych - Electrolux Professional Polska\" \/>\n<meta property=\"og:description\" content=\"Zapoznaj si\u0119 z lini\u0105 naszych produkt\u00f3w na podstawie wyboru sk\u0142adnik\u00f3w, kt\u00f3re chcesz przetworzy\u0107, lub wybieraj\u0105c rozmiar i typ tarczy tn\u0105cej.\" \/>\n<meta property=\"og:url\" content=\"https:\/\/www.electroluxprofessional.com\/pl\/gastronomia\/przygotowanie-posiekaj-wymieszaj-pokroj\/poradnik-wyboru-dyskow-tnacych\/\" \/>\n<meta property=\"og:site_name\" content=\"Electrolux Professional Polska\" \/>\n<meta property=\"article:modified_time\" content=\"2020-09-04T09:33:00+00:00\" \/>\n<meta property=\"og:image\" content=\"https:\/\/www.electroluxprofessional.com\/pl\/wp-content\/uploads\/2016\/11\/banner-10-1.jpg\" \/>\n\t<meta property=\"og:image:width\" content=\"2000\" \/>\n\t<meta property=\"og:image:height\" content=\"1688\" \/>\n\t<meta property=\"og:image:type\" content=\"image\/jpeg\" \/>\n<meta name=\"twitter:card\" content=\"summary_large_image\" \/>\n<meta name=\"twitter:label1\" content=\"Szacowany czas czytania\" \/>\n\t<meta name=\"twitter:data1\" content=\"3 minuty\" \/>\n<script type=\"application\/ld+json\" class=\"yoast-schema-graph\">{\"@context\":\"https:\/\/schema.org\",\"@graph\":[{\"@type\":\"WebPage\",\"@id\":\"https:\/\/www.electroluxprofessional.com\/pl\/gastronomia\/przygotowanie-posiekaj-wymieszaj-pokroj\/poradnik-wyboru-dyskow-tnacych\/\",\"url\":\"https:\/\/www.electroluxprofessional.com\/pl\/gastronomia\/przygotowanie-posiekaj-wymieszaj-pokroj\/poradnik-wyboru-dyskow-tnacych\/\",\"name\":\"Poradnik wyboru dysk\u00f3w tn\u0105cych - Electrolux Professional Polska\",\"isPartOf\":{\"@id\":\"https:\/\/www.electroluxprofessional.com\/pl\/#website\"},\"primaryImageOfPage\":{\"@id\":\"https:\/\/www.electroluxprofessional.com\/pl\/gastronomia\/przygotowanie-posiekaj-wymieszaj-pokroj\/poradnik-wyboru-dyskow-tnacych\/#primaryimage\"},\"image\":{\"@id\":\"https:\/\/www.electroluxprofessional.com\/pl\/gastronomia\/przygotowanie-posiekaj-wymieszaj-pokroj\/poradnik-wyboru-dyskow-tnacych\/#primaryimage\"},\"thumbnailUrl\":\"https:\/\/www.electroluxprofessional.com\/pl\/wp-content\/uploads\/2016\/11\/banner-10-1.jpg\",\"datePublished\":\"2016-11-28T09:30:08+00:00\",\"dateModified\":\"2020-09-04T09:33:00+00:00\",\"description\":\"Zapoznaj si\u0119 z lini\u0105 naszych produkt\u00f3w na podstawie wyboru sk\u0142adnik\u00f3w, kt\u00f3re chcesz przetworzy\u0107, lub wybieraj\u0105c rozmiar i typ tarczy tn\u0105cej.\",\"breadcrumb\":{\"@id\":\"https:\/\/www.electroluxprofessional.com\/pl\/gastronomia\/przygotowanie-posiekaj-wymieszaj-pokroj\/poradnik-wyboru-dyskow-tnacych\/#breadcrumb\"},\"inLanguage\":\"pl-PL\",\"potentialAction\":[{\"@type\":\"ReadAction\",\"target\":[\"https:\/\/www.electroluxprofessional.com\/pl\/gastronomia\/przygotowanie-posiekaj-wymieszaj-pokroj\/poradnik-wyboru-dyskow-tnacych\/\"]}]},{\"@type\":\"ImageObject\",\"inLanguage\":\"pl-PL\",\"@id\":\"https:\/\/www.electroluxprofessional.com\/pl\/gastronomia\/przygotowanie-posiekaj-wymieszaj-pokroj\/poradnik-wyboru-dyskow-tnacych\/#primaryimage\",\"url\":\"https:\/\/www.electroluxprofessional.com\/pl\/wp-content\/uploads\/2016\/11\/banner-10-1.jpg\",\"contentUrl\":\"https:\/\/www.electroluxprofessional.com\/pl\/wp-content\/uploads\/2016\/11\/banner-10-1.jpg\",\"width\":2000,\"height\":1688,\"caption\":\"food preparation\"},{\"@type\":\"BreadcrumbList\",\"@id\":\"https:\/\/www.electroluxprofessional.com\/pl\/gastronomia\/przygotowanie-posiekaj-wymieszaj-pokroj\/poradnik-wyboru-dyskow-tnacych\/#breadcrumb\",\"itemListElement\":[{\"@type\":\"ListItem\",\"position\":1,\"name\":\"Strona g\u0142\u00f3wna\",\"item\":\"https:\/\/www.electroluxprofessional.com\/pl\/\"},{\"@type\":\"ListItem\",\"position\":2,\"name\":\"Gastronomia\",\"item\":\"https:\/\/www.electroluxprofessional.com\/pl\/gastronomia\/\"},{\"@type\":\"ListItem\",\"position\":3,\"name\":\"Przygotowanie: Posiekaj, wymieszaj i pokr\u00f3j\",\"item\":\"https:\/\/www.electroluxprofessional.com\/pl\/gastronomia\/przygotowanie-posiekaj-wymieszaj-pokroj\/\"},{\"@type\":\"ListItem\",\"position\":4,\"name\":\"Poradnik wyboru dysk\u00f3w tn\u0105cych\"}]},{\"@type\":\"WebSite\",\"@id\":\"https:\/\/www.electroluxprofessional.com\/pl\/#website\",\"url\":\"https:\/\/www.electroluxprofessional.com\/pl\/\",\"name\":\"Electrolux Professional Polska\",\"description\":\"\",\"potentialAction\":[{\"@type\":\"SearchAction\",\"target\":{\"@type\":\"EntryPoint\",\"urlTemplate\":\"https:\/\/www.electroluxprofessional.com\/pl\/?src={search_term_string}\"},\"query-input\":\"required name=search_term_string\"}],\"inLanguage\":\"pl-PL\"}]}<\/script>\n<!-- \/ Yoast SEO plugin. -->","yoast_head_json":{"title":"Poradnik wyboru dysk\u00f3w tn\u0105cych - Electrolux Professional Polska","description":"Zapoznaj si\u0119 z lini\u0105 naszych produkt\u00f3w na podstawie wyboru sk\u0142adnik\u00f3w, kt\u00f3re chcesz przetworzy\u0107, lub wybieraj\u0105c rozmiar i typ tarczy tn\u0105cej.","robots":{"index":"index","follow":"follow","max-snippet":"max-snippet:-1","max-image-preview":"max-image-preview:large","max-video-preview":"max-video-preview:-1"},"canonical":"https:\/\/www.electroluxprofessional.com\/pl\/gastronomia\/przygotowanie-posiekaj-wymieszaj-pokroj\/poradnik-wyboru-dyskow-tnacych\/","og_locale":"pl_PL","og_type":"article","og_title":"Poradnik wyboru dysk\u00f3w tn\u0105cych - Electrolux Professional Polska","og_description":"Zapoznaj si\u0119 z lini\u0105 naszych produkt\u00f3w na podstawie wyboru sk\u0142adnik\u00f3w, kt\u00f3re chcesz przetworzy\u0107, lub wybieraj\u0105c rozmiar i typ tarczy tn\u0105cej.","og_url":"https:\/\/www.electroluxprofessional.com\/pl\/gastronomia\/przygotowanie-posiekaj-wymieszaj-pokroj\/poradnik-wyboru-dyskow-tnacych\/","og_site_name":"Electrolux Professional Polska","article_modified_time":"2020-09-04T09:33:00+00:00","og_image":[{"width":2000,"height":1688,"url":"https:\/\/www.electroluxprofessional.com\/pl\/wp-content\/uploads\/2016\/11\/banner-10-1.jpg","type":"image\/jpeg"}],"twitter_card":"summary_large_image","twitter_misc":{"Szacowany czas czytania":"3 minuty"},"schema":{"@context":"https:\/\/schema.org","@graph":[{"@type":"WebPage","@id":"https:\/\/www.electroluxprofessional.com\/pl\/gastronomia\/przygotowanie-posiekaj-wymieszaj-pokroj\/poradnik-wyboru-dyskow-tnacych\/","url":"https:\/\/www.electroluxprofessional.com\/pl\/gastronomia\/przygotowanie-posiekaj-wymieszaj-pokroj\/poradnik-wyboru-dyskow-tnacych\/","name":"Poradnik wyboru dysk\u00f3w tn\u0105cych - Electrolux Professional Polska","isPartOf":{"@id":"https:\/\/www.electroluxprofessional.com\/pl\/#website"},"primaryImageOfPage":{"@id":"https:\/\/www.electroluxprofessional.com\/pl\/gastronomia\/przygotowanie-posiekaj-wymieszaj-pokroj\/poradnik-wyboru-dyskow-tnacych\/#primaryimage"},"image":{"@id":"https:\/\/www.electroluxprofessional.com\/pl\/gastronomia\/przygotowanie-posiekaj-wymieszaj-pokroj\/poradnik-wyboru-dyskow-tnacych\/#primaryimage"},"thumbnailUrl":"https:\/\/www.electroluxprofessional.com\/pl\/wp-content\/uploads\/2016\/11\/banner-10-1.jpg","datePublished":"2016-11-28T09:30:08+00:00","dateModified":"2020-09-04T09:33:00+00:00","description":"Zapoznaj si\u0119 z lini\u0105 naszych produkt\u00f3w na podstawie wyboru sk\u0142adnik\u00f3w, kt\u00f3re chcesz przetworzy\u0107, lub wybieraj\u0105c rozmiar i typ tarczy tn\u0105cej.","breadcrumb":{"@id":"https:\/\/www.electroluxprofessional.com\/pl\/gastronomia\/przygotowanie-posiekaj-wymieszaj-pokroj\/poradnik-wyboru-dyskow-tnacych\/#breadcrumb"},"inLanguage":"pl-PL","potentialAction":[{"@type":"ReadAction","target":["https:\/\/www.electroluxprofessional.com\/pl\/gastronomia\/przygotowanie-posiekaj-wymieszaj-pokroj\/poradnik-wyboru-dyskow-tnacych\/"]}]},{"@type":"ImageObject","inLanguage":"pl-PL","@id":"https:\/\/www.electroluxprofessional.com\/pl\/gastronomia\/przygotowanie-posiekaj-wymieszaj-pokroj\/poradnik-wyboru-dyskow-tnacych\/#primaryimage","url":"https:\/\/www.electroluxprofessional.com\/pl\/wp-content\/uploads\/2016\/11\/banner-10-1.jpg","contentUrl":"https:\/\/www.electroluxprofessional.com\/pl\/wp-content\/uploads\/2016\/11\/banner-10-1.jpg","width":2000,"height":1688,"caption":"food preparation"},{"@type":"BreadcrumbList","@id":"https:\/\/www.electroluxprofessional.com\/pl\/gastronomia\/przygotowanie-posiekaj-wymieszaj-pokroj\/poradnik-wyboru-dyskow-tnacych\/#breadcrumb","itemListElement":[{"@type":"ListItem","position":1,"name":"Strona g\u0142\u00f3wna","item":"https:\/\/www.electroluxprofessional.com\/pl\/"},{"@type":"ListItem","position":2,"name":"Gastronomia","item":"https:\/\/www.electroluxprofessional.com\/pl\/gastronomia\/"},{"@type":"ListItem","position":3,"name":"Przygotowanie: Posiekaj, wymieszaj i pokr\u00f3j","item":"https:\/\/www.electroluxprofessional.com\/pl\/gastronomia\/przygotowanie-posiekaj-wymieszaj-pokroj\/"},{"@type":"ListItem","position":4,"name":"Poradnik wyboru dysk\u00f3w tn\u0105cych"}]},{"@type":"WebSite","@id":"https:\/\/www.electroluxprofessional.com\/pl\/#website","url":"https:\/\/www.electroluxprofessional.com\/pl\/","name":"Electrolux Professional Polska","description":"","potentialAction":[{"@type":"SearchAction","target":{"@type":"EntryPoint","urlTemplate":"https:\/\/www.electroluxprofessional.com\/pl\/?src={search_term_string}"},"query-input":"required name=search_term_string"}],"inLanguage":"pl-PL"}]}},"_links":{"self":[{"href":"https:\/\/www.electroluxprofessional.com\/pl\/wp-json\/wp\/v2\/pages\/2576"}],"collection":[{"href":"https:\/\/www.electroluxprofessional.com\/pl\/wp-json\/wp\/v2\/pages"}],"about":[{"href":"https:\/\/www.electroluxprofessional.com\/pl\/wp-json\/wp\/v2\/types\/page"}],"author":[{"embeddable":true,"href":"https:\/\/www.electroluxprofessional.com\/pl\/wp-json\/wp\/v2\/users\/3"}],"replies":[{"embeddable":true,"href":"https:\/\/www.electroluxprofessional.com\/pl\/wp-json\/wp\/v2\/comments?post=2576"}],"version-history":[{"count":6,"href":"https:\/\/www.electroluxprofessional.com\/pl\/wp-json\/wp\/v2\/pages\/2576\/revisions"}],"predecessor-version":[{"id":5809,"href":"https:\/\/www.electroluxprofessional.com\/pl\/wp-json\/wp\/v2\/pages\/2576\/revisions\/5809"}],"up":[{"embeddable":true,"href":"https:\/\/www.electroluxprofessional.com\/pl\/wp-json\/wp\/v2\/pages\/1413"}],"wp:featuredmedia":[{"embeddable":true,"href":"https:\/\/www.electroluxprofessional.com\/pl\/wp-json\/wp\/v2\/media\/2568"}],"wp:attachment":[{"href":"https:\/\/www.electroluxprofessional.com\/pl\/wp-json\/wp\/v2\/media?parent=2576"}],"curies":[{"name":"wp","href":"https:\/\/api.w.org\/{rel}","templated":true}]}}