{"id":2531,"date":"2016-11-07T15:33:36","date_gmt":"2016-11-07T15:33:36","guid":{"rendered":"https:\/\/www.electroluxprofessional.com\/?page_id=4239"},"modified":"2019-06-28T12:10:19","modified_gmt":"2019-06-28T12:10:19","slug":"inne-patelnie-gotowania-duszenia","status":"publish","type":"page","link":"https:\/\/www.electroluxprofessional.com\/pl\/gastronomia\/patelnie-gotowania-pieczenia\/inne-patelnie-gotowania-duszenia\/","title":{"rendered":"Inne patelnie do gotowania i duszenia"},"content":{"rendered":"<p>[vc_row full_width=&#8221;electroluxpro-full-width-no-padding&#8221;][vc_column][elx_hero_slider text_position=&#8221;hero_slider_text_align_right&#8221; label_text_color=&#8221;inherit&#8221; images=&#8221;2512&#8243;][elx_heading font_container=&#8221;h1&#8243; font_size=&#8221;h2&#8243; text_color=&#8221;orange&#8221;]Patelnie do gotowania, patelnie do duszenia oraz piekarniki wielofunkcyjne[\/elx_heading][elx_heading font_size=&#8221;h4&#8243; text_color=&#8221;inherit&#8221;]Szybsze ch\u0142odzenie, zwi\u0119kszona produktywno\u015b\u0107 i generowanie oszcz\u0119dno\u015bci.<br \/>\nTrzy g\u0142\u00f3wne cele dla Twojej sto\u0142\u00f3wki.[\/elx_heading][\/elx_hero_slider][\/vc_column][\/vc_row][vc_row][vc_column][vc_empty_space height=&#8221;50px&#8221;][\/vc_column][\/vc_row][vc_row][vc_column width=&#8221;1\/2&#8243;][vc_single_image image=&#8221;1675&#8243; img_size=&#8221;full&#8221; style=&#8221;vc_box_circle_2&#8243;][\/vc_column][vc_column width=&#8221;1\/2&#8243;][elx_heading font_size=&#8221;h3&#8243; text_color=&#8221;inherit&#8221;]Nieprzerwany przep\u0142yw pracy i zwi\u0119kszona produktywno\u015b\u0107 na mniejszej przestrzeni[\/elx_heading][vc_column_text]Nieprzerwany przep\u0142yw pracy ma znaczenie strategiczne dla sto\u0142\u00f3wek przygotowuj\u0105cych tysi\u0105ce posi\u0142k\u00f3w dziennie.<\/p>\n<p>Higiena i bezpiecze\u0144stwo musz\u0105 by\u0107 integraln\u0105 cz\u0119\u015bci\u0105 wyposa\u017cenia, z kt\u00f3rego korzystasz.<\/p>\n<p>Zdajemy sobie spraw\u0119 z wyzwa\u0144, kt\u00f3re s\u0105 przed Tob\u0105 stawiane, dlatego wsp\u00f3\u0142praca z nami zapewnia Ci dost\u0119p do najnowszych rozwi\u0105za\u0144 gastronomicznych<\/p>\n<ul>\n<li>Szybsze ch\u0142odzenie<\/li>\n<li>Zwi\u0119kszona produktywno\u015b\u0107<\/li>\n<li>Generowanie oszcz\u0119dno\u015bci<\/li>\n<\/ul>\n<p>Trzy g\u0142\u00f3wne cele dla Twojego biznesu.[\/vc_column_text][\/vc_column][\/vc_row][vc_row][vc_column][vc_empty_space][\/vc_column][\/vc_row][vc_row][vc_column width=&#8221;1\/3&#8243;][vc_single_image image=&#8221;2526&#8243; img_size=&#8221;large&#8221; alignment=&#8221;center&#8221;][elx_heading font_size=&#8221;h4&#8243; text_color=&#8221;inherit&#8221; text_align=&#8221;text-center&#8221;]Ch\u0142\u00f3d\u017a w rekordowym czasie[\/elx_heading][vc_column_text]Sch\u0142od\u017a 300 litr\u00f3w w ci\u0105gu zaledwie 70 minut z temperatury 100\u00b0C do 5\u00b0C u\u017cywaj\u0105c ch\u0142odzenia wod\u0105 z lodem.[\/vc_column_text][\/vc_column][vc_column width=&#8221;1\/3&#8243;][vc_single_image image=&#8221;2527&#8243; img_size=&#8221;large&#8221; alignment=&#8221;center&#8221;][elx_heading font_size=&#8221;h4&#8243; text_color=&#8221;inherit&#8221; text_align=&#8221;text-center&#8221;]Zwi\u0119ksz produktywno\u015b\u0107[\/elx_heading][vc_column_text]na mniejszej przestrzeni dzi\u0119ki kompaktowym rozmiarom.[\/vc_column_text][\/vc_column][vc_column width=&#8221;1\/3&#8243;][vc_single_image image=&#8221;2528&#8243; img_size=&#8221;large&#8221; alignment=&#8221;center&#8221;][elx_heading font_size=&#8221;h4&#8243; text_color=&#8221;inherit&#8221; text_align=&#8221;text-center&#8221;]Zaosz\u0119d\u017a 50% wi\u0119cej czasu[\/elx_heading][vc_column_text]u\u017cywajac pot\u0119\u017cnego mieszad\u0142a Promix. Szybkie i delikatne miksowanie g\u0119stych produkt\u00f3w, takich jak tarte ziemniaki.[\/vc_column_text][\/vc_column][\/vc_row][vc_row][vc_column width=&#8221;2\/3&#8243;][elx_image_block background_image=&#8221;2522&#8243; minimum_height=&#8221;260px&#8221;][\/vc_column][vc_column width=&#8221;1\/3&#8243;][elx_download_block text=&#8221;Inteligentne patelnie do gotowania&#8221; link=&#8221;files.professional.electrolux.com\/docs\/?n=CLF-9JER08&amp;b=5&amp;l=1&#8243; background_color=&#8221;electrolux-blue&#8221; reveal_effect=&#8221;&#8221; reveal_duration=&#8221;&#8221; reveal_delay=&#8221;&#8221;][\/vc_column][\/vc_row][vc_row][vc_column][vc_empty_space height=&#8221;50px&#8221;][elx_heading font_container=&#8221;h3&#8243; font_size=&#8221;h3&#8243; text_color=&#8221;inherit&#8221; text_align=&#8221;text-center&#8221;]Znajd\u017a idealny pakiet dla Twojej firmy[\/elx_heading][\/vc_column][\/vc_row][vc_row][vc_column width=&#8221;1\/3&#8243;][elx_maylike_box id_box=&#8221;1195&#8243;][\/vc_column][vc_column width=&#8221;1\/3&#8243;][elx_maylike_box id_box=&#8221;1412&#8243;][\/vc_column][vc_column width=&#8221;1\/3&#8243;][elx_maylike_box id_box=&#8221;1182&#8243;][\/vc_column][\/vc_row][vc_row][vc_column][vc_empty_space height=&#8221;50px&#8221;][elx_heading font_container=&#8221;h3&#8243; font_size=&#8221;h3&#8243; text_color=&#8221;inherit&#8221;]Potrzebujesz pomocy?<br \/>\nB\u0105d\u017a w kontakcie z naszymi ekspertami![\/elx_heading][\/vc_column][\/vc_row][vc_row][vc_column][elx_o2000_contact_us r=&#8221;Chcia\u0142bym dowiedzie\u0107 si\u0119 wi\u0119cej o inteligentnych patelniach do gotowania Electrolux oraz innych urz\u0105dzeniach gastronomicznych. Prosz\u0119 si\u0119 ze mn\u0105 skontaktowa\u0107.&#8221; s=&#8221;Request of information about Smart Boiling Pans and other industrial cooking appliances.&#8221; country=&#8221;Poland&#8221; l=&#8221;pl&#8221; container=&#8221;elxcontactus1478533364&#8243;][vc_empty_space height=&#8221;50px&#8221;][\/vc_column][\/vc_row][vc_row][vc_column]<div class=\"com21-product-filter-container 40\">[\/vc_column][\/vc_row]<\/p>\n","protected":false},"excerpt":{"rendered":"<p>[vc_row full_width=&#8221;electroluxpro-full-width-no-padding&#8221;][vc_column][elx_hero_slider text_position=&#8221;hero_slider_text_align_right&#8221; label_text_color=&#8221;inherit&#8221; images=&#8221;2512&#8243;][elx_heading font_container=&#8221;h1&#8243; font_size=&#8221;h2&#8243; text_color=&#8221;orange&#8221;]Patelnie do gotowania, patelnie do duszenia oraz piekarniki wielofunkcyjne[\/elx_heading][elx_heading font_size=&#8221;h4&#8243; text_color=&#8221;inherit&#8221;]Szybsze ch\u0142odzenie, zwi\u0119kszona produktywno\u015b\u0107 i generowanie oszcz\u0119dno\u015bci. Trzy g\u0142\u00f3wne cele dla Twojej sto\u0142\u00f3wki.[\/elx_heading][\/elx_hero_slider][\/vc_column][\/vc_row][vc_row][vc_column][vc_empty_space height=&#8221;50px&#8221;][\/vc_column][\/vc_row][vc_row][vc_column width=&#8221;1\/2&#8243;][vc_single_image image=&#8221;1675&#8243; img_size=&#8221;full&#8221; style=&#8221;vc_box_circle_2&#8243;][\/vc_column][vc_column width=&#8221;1\/2&#8243;][elx_heading font_size=&#8221;h3&#8243; text_color=&#8221;inherit&#8221;]Nieprzerwany przep\u0142yw pracy i zwi\u0119kszona produktywno\u015b\u0107 na mniejszej przestrzeni[\/elx_heading][vc_column_text]Nieprzerwany przep\u0142yw pracy ma znaczenie strategiczne dla sto\u0142\u00f3wek przygotowuj\u0105cych tysi\u0105ce [&hellip;]<\/p>\n","protected":false},"author":3,"featured_media":2512,"parent":1680,"menu_order":0,"comment_status":"closed","ping_status":"closed","template":"","meta":{"footnotes":""},"class_list":["post-2531","page","type-page","status-publish","has-post-thumbnail","hentry"],"acf":[],"yoast_head":"<!-- This site is optimized with the Yoast SEO plugin v23.3 - https:\/\/yoast.com\/wordpress\/plugins\/seo\/ -->\n<title>Patelnie do gotowania, duszenia oraz piekarniki wielofunkcyjne Electrolux<\/title>\n<meta name=\"description\" content=\"Szybsze ch\u0142odzenie, zwi\u0119kszona produktywno\u015b\u0107 i generowanie oszcz\u0119dno\u015bci.Trzy g\u0142\u00f3wne cele dla Twojej sto\u0142\u00f3wki.\" \/>\n<meta name=\"robots\" content=\"index, follow, max-snippet:-1, max-image-preview:large, max-video-preview:-1\" \/>\n<link rel=\"canonical\" href=\"https:\/\/www.electroluxprofessional.com\/pl\/gastronomia\/patelnie-gotowania-pieczenia\/inne-patelnie-gotowania-duszenia\/\" \/>\n<meta property=\"og:locale\" content=\"pl_PL\" \/>\n<meta property=\"og:type\" content=\"article\" \/>\n<meta property=\"og:title\" content=\"Patelnie do gotowania, duszenia oraz piekarniki wielofunkcyjne Electrolux\" \/>\n<meta property=\"og:description\" content=\"Szybsze ch\u0142odzenie, zwi\u0119kszona produktywno\u015b\u0107 i generowanie oszcz\u0119dno\u015bci.Trzy g\u0142\u00f3wne cele dla Twojej sto\u0142\u00f3wki.\" \/>\n<meta property=\"og:url\" content=\"https:\/\/www.electroluxprofessional.com\/pl\/gastronomia\/patelnie-gotowania-pieczenia\/inne-patelnie-gotowania-duszenia\/\" \/>\n<meta property=\"og:site_name\" content=\"Electrolux Professional Polska\" \/>\n<meta property=\"article:modified_time\" content=\"2019-06-28T12:10:19+00:00\" \/>\n<meta property=\"og:image\" content=\"https:\/\/www.electroluxprofessional.com\/pl\/wp-content\/uploads\/2016\/11\/other-boiling-and-braising-pans-banner.jpg\" \/>\n\t<meta property=\"og:image:width\" content=\"2539\" \/>\n\t<meta property=\"og:image:height\" content=\"1565\" \/>\n\t<meta property=\"og:image:type\" content=\"image\/jpeg\" \/>\n<meta name=\"twitter:card\" content=\"summary_large_image\" \/>\n<meta name=\"twitter:label1\" content=\"Szacowany czas czytania\" \/>\n\t<meta name=\"twitter:data1\" content=\"3 minuty\" \/>\n<script type=\"application\/ld+json\" class=\"yoast-schema-graph\">{\"@context\":\"https:\/\/schema.org\",\"@graph\":[{\"@type\":\"WebPage\",\"@id\":\"https:\/\/www.electroluxprofessional.com\/pl\/gastronomia\/patelnie-gotowania-pieczenia\/inne-patelnie-gotowania-duszenia\/\",\"url\":\"https:\/\/www.electroluxprofessional.com\/pl\/gastronomia\/patelnie-gotowania-pieczenia\/inne-patelnie-gotowania-duszenia\/\",\"name\":\"Patelnie do gotowania, duszenia oraz piekarniki wielofunkcyjne Electrolux\",\"isPartOf\":{\"@id\":\"https:\/\/www.electroluxprofessional.com\/pl\/#website\"},\"primaryImageOfPage\":{\"@id\":\"https:\/\/www.electroluxprofessional.com\/pl\/gastronomia\/patelnie-gotowania-pieczenia\/inne-patelnie-gotowania-duszenia\/#primaryimage\"},\"image\":{\"@id\":\"https:\/\/www.electroluxprofessional.com\/pl\/gastronomia\/patelnie-gotowania-pieczenia\/inne-patelnie-gotowania-duszenia\/#primaryimage\"},\"thumbnailUrl\":\"https:\/\/www.electroluxprofessional.com\/pl\/wp-content\/uploads\/2016\/11\/other-boiling-and-braising-pans-banner.jpg\",\"datePublished\":\"2016-11-07T15:33:36+00:00\",\"dateModified\":\"2019-06-28T12:10:19+00:00\",\"description\":\"Szybsze ch\u0142odzenie, zwi\u0119kszona produktywno\u015b\u0107 i generowanie oszcz\u0119dno\u015bci.Trzy g\u0142\u00f3wne cele dla Twojej sto\u0142\u00f3wki.\",\"breadcrumb\":{\"@id\":\"https:\/\/www.electroluxprofessional.com\/pl\/gastronomia\/patelnie-gotowania-pieczenia\/inne-patelnie-gotowania-duszenia\/#breadcrumb\"},\"inLanguage\":\"pl-PL\",\"potentialAction\":[{\"@type\":\"ReadAction\",\"target\":[\"https:\/\/www.electroluxprofessional.com\/pl\/gastronomia\/patelnie-gotowania-pieczenia\/inne-patelnie-gotowania-duszenia\/\"]}]},{\"@type\":\"ImageObject\",\"inLanguage\":\"pl-PL\",\"@id\":\"https:\/\/www.electroluxprofessional.com\/pl\/gastronomia\/patelnie-gotowania-pieczenia\/inne-patelnie-gotowania-duszenia\/#primaryimage\",\"url\":\"https:\/\/www.electroluxprofessional.com\/pl\/wp-content\/uploads\/2016\/11\/other-boiling-and-braising-pans-banner.jpg\",\"contentUrl\":\"https:\/\/www.electroluxprofessional.com\/pl\/wp-content\/uploads\/2016\/11\/other-boiling-and-braising-pans-banner.jpg\",\"width\":2539,\"height\":1565,\"caption\":\"smart boiling pans\"},{\"@type\":\"BreadcrumbList\",\"@id\":\"https:\/\/www.electroluxprofessional.com\/pl\/gastronomia\/patelnie-gotowania-pieczenia\/inne-patelnie-gotowania-duszenia\/#breadcrumb\",\"itemListElement\":[{\"@type\":\"ListItem\",\"position\":1,\"name\":\"Strona g\u0142\u00f3wna\",\"item\":\"https:\/\/www.electroluxprofessional.com\/pl\/\"},{\"@type\":\"ListItem\",\"position\":2,\"name\":\"Gastronomia\",\"item\":\"https:\/\/www.electroluxprofessional.com\/pl\/gastronomia\/\"},{\"@type\":\"ListItem\",\"position\":3,\"name\":\"Patelnie do gotowania i pieczenia\",\"item\":\"https:\/\/www.electroluxprofessional.com\/pl\/gastronomia\/patelnie-gotowania-pieczenia\/\"},{\"@type\":\"ListItem\",\"position\":4,\"name\":\"Inne patelnie do gotowania i duszenia\"}]},{\"@type\":\"WebSite\",\"@id\":\"https:\/\/www.electroluxprofessional.com\/pl\/#website\",\"url\":\"https:\/\/www.electroluxprofessional.com\/pl\/\",\"name\":\"Electrolux Professional Polska\",\"description\":\"\",\"potentialAction\":[{\"@type\":\"SearchAction\",\"target\":{\"@type\":\"EntryPoint\",\"urlTemplate\":\"https:\/\/www.electroluxprofessional.com\/pl\/?src={search_term_string}\"},\"query-input\":\"required name=search_term_string\"}],\"inLanguage\":\"pl-PL\"}]}<\/script>\n<!-- \/ Yoast SEO plugin. -->","yoast_head_json":{"title":"Patelnie do gotowania, duszenia oraz piekarniki wielofunkcyjne Electrolux","description":"Szybsze ch\u0142odzenie, zwi\u0119kszona produktywno\u015b\u0107 i generowanie oszcz\u0119dno\u015bci.Trzy g\u0142\u00f3wne cele dla Twojej sto\u0142\u00f3wki.","robots":{"index":"index","follow":"follow","max-snippet":"max-snippet:-1","max-image-preview":"max-image-preview:large","max-video-preview":"max-video-preview:-1"},"canonical":"https:\/\/www.electroluxprofessional.com\/pl\/gastronomia\/patelnie-gotowania-pieczenia\/inne-patelnie-gotowania-duszenia\/","og_locale":"pl_PL","og_type":"article","og_title":"Patelnie do gotowania, duszenia oraz piekarniki wielofunkcyjne Electrolux","og_description":"Szybsze ch\u0142odzenie, zwi\u0119kszona produktywno\u015b\u0107 i generowanie oszcz\u0119dno\u015bci.Trzy g\u0142\u00f3wne cele dla Twojej sto\u0142\u00f3wki.","og_url":"https:\/\/www.electroluxprofessional.com\/pl\/gastronomia\/patelnie-gotowania-pieczenia\/inne-patelnie-gotowania-duszenia\/","og_site_name":"Electrolux Professional Polska","article_modified_time":"2019-06-28T12:10:19+00:00","og_image":[{"width":2539,"height":1565,"url":"https:\/\/www.electroluxprofessional.com\/pl\/wp-content\/uploads\/2016\/11\/other-boiling-and-braising-pans-banner.jpg","type":"image\/jpeg"}],"twitter_card":"summary_large_image","twitter_misc":{"Szacowany czas czytania":"3 minuty"},"schema":{"@context":"https:\/\/schema.org","@graph":[{"@type":"WebPage","@id":"https:\/\/www.electroluxprofessional.com\/pl\/gastronomia\/patelnie-gotowania-pieczenia\/inne-patelnie-gotowania-duszenia\/","url":"https:\/\/www.electroluxprofessional.com\/pl\/gastronomia\/patelnie-gotowania-pieczenia\/inne-patelnie-gotowania-duszenia\/","name":"Patelnie do gotowania, duszenia oraz piekarniki wielofunkcyjne Electrolux","isPartOf":{"@id":"https:\/\/www.electroluxprofessional.com\/pl\/#website"},"primaryImageOfPage":{"@id":"https:\/\/www.electroluxprofessional.com\/pl\/gastronomia\/patelnie-gotowania-pieczenia\/inne-patelnie-gotowania-duszenia\/#primaryimage"},"image":{"@id":"https:\/\/www.electroluxprofessional.com\/pl\/gastronomia\/patelnie-gotowania-pieczenia\/inne-patelnie-gotowania-duszenia\/#primaryimage"},"thumbnailUrl":"https:\/\/www.electroluxprofessional.com\/pl\/wp-content\/uploads\/2016\/11\/other-boiling-and-braising-pans-banner.jpg","datePublished":"2016-11-07T15:33:36+00:00","dateModified":"2019-06-28T12:10:19+00:00","description":"Szybsze ch\u0142odzenie, zwi\u0119kszona produktywno\u015b\u0107 i generowanie oszcz\u0119dno\u015bci.Trzy g\u0142\u00f3wne cele dla Twojej sto\u0142\u00f3wki.","breadcrumb":{"@id":"https:\/\/www.electroluxprofessional.com\/pl\/gastronomia\/patelnie-gotowania-pieczenia\/inne-patelnie-gotowania-duszenia\/#breadcrumb"},"inLanguage":"pl-PL","potentialAction":[{"@type":"ReadAction","target":["https:\/\/www.electroluxprofessional.com\/pl\/gastronomia\/patelnie-gotowania-pieczenia\/inne-patelnie-gotowania-duszenia\/"]}]},{"@type":"ImageObject","inLanguage":"pl-PL","@id":"https:\/\/www.electroluxprofessional.com\/pl\/gastronomia\/patelnie-gotowania-pieczenia\/inne-patelnie-gotowania-duszenia\/#primaryimage","url":"https:\/\/www.electroluxprofessional.com\/pl\/wp-content\/uploads\/2016\/11\/other-boiling-and-braising-pans-banner.jpg","contentUrl":"https:\/\/www.electroluxprofessional.com\/pl\/wp-content\/uploads\/2016\/11\/other-boiling-and-braising-pans-banner.jpg","width":2539,"height":1565,"caption":"smart boiling pans"},{"@type":"BreadcrumbList","@id":"https:\/\/www.electroluxprofessional.com\/pl\/gastronomia\/patelnie-gotowania-pieczenia\/inne-patelnie-gotowania-duszenia\/#breadcrumb","itemListElement":[{"@type":"ListItem","position":1,"name":"Strona g\u0142\u00f3wna","item":"https:\/\/www.electroluxprofessional.com\/pl\/"},{"@type":"ListItem","position":2,"name":"Gastronomia","item":"https:\/\/www.electroluxprofessional.com\/pl\/gastronomia\/"},{"@type":"ListItem","position":3,"name":"Patelnie do gotowania i pieczenia","item":"https:\/\/www.electroluxprofessional.com\/pl\/gastronomia\/patelnie-gotowania-pieczenia\/"},{"@type":"ListItem","position":4,"name":"Inne patelnie do gotowania i duszenia"}]},{"@type":"WebSite","@id":"https:\/\/www.electroluxprofessional.com\/pl\/#website","url":"https:\/\/www.electroluxprofessional.com\/pl\/","name":"Electrolux Professional Polska","description":"","potentialAction":[{"@type":"SearchAction","target":{"@type":"EntryPoint","urlTemplate":"https:\/\/www.electroluxprofessional.com\/pl\/?src={search_term_string}"},"query-input":"required name=search_term_string"}],"inLanguage":"pl-PL"}]}},"_links":{"self":[{"href":"https:\/\/www.electroluxprofessional.com\/pl\/wp-json\/wp\/v2\/pages\/2531"}],"collection":[{"href":"https:\/\/www.electroluxprofessional.com\/pl\/wp-json\/wp\/v2\/pages"}],"about":[{"href":"https:\/\/www.electroluxprofessional.com\/pl\/wp-json\/wp\/v2\/types\/page"}],"author":[{"embeddable":true,"href":"https:\/\/www.electroluxprofessional.com\/pl\/wp-json\/wp\/v2\/users\/3"}],"replies":[{"embeddable":true,"href":"https:\/\/www.electroluxprofessional.com\/pl\/wp-json\/wp\/v2\/comments?post=2531"}],"version-history":[{"count":4,"href":"https:\/\/www.electroluxprofessional.com\/pl\/wp-json\/wp\/v2\/pages\/2531\/revisions"}],"predecessor-version":[{"id":4566,"href":"https:\/\/www.electroluxprofessional.com\/pl\/wp-json\/wp\/v2\/pages\/2531\/revisions\/4566"}],"up":[{"embeddable":true,"href":"https:\/\/www.electroluxprofessional.com\/pl\/wp-json\/wp\/v2\/pages\/1680"}],"wp:featuredmedia":[{"embeddable":true,"href":"https:\/\/www.electroluxprofessional.com\/pl\/wp-json\/wp\/v2\/media\/2512"}],"wp:attachment":[{"href":"https:\/\/www.electroluxprofessional.com\/pl\/wp-json\/wp\/v2\/media?parent=2531"}],"curies":[{"name":"wp","href":"https:\/\/api.w.org\/{rel}","templated":true}]}}