{"id":2277,"date":"2017-01-30T17:21:00","date_gmt":"2017-01-30T17:21:00","guid":{"rendered":"https:\/\/www.electroluxprofessional.com\/?page_id=8819"},"modified":"2020-09-04T10:09:00","modified_gmt":"2020-09-04T10:09:00","slug":"poczuj-sile","status":"publish","type":"page","link":"https:\/\/www.electroluxprofessional.com\/pl\/poczuj-sile\/","title":{"rendered":"Poczuj si\u0142\u0119"},"content":{"rendered":"<p>[vc_row full_width=&#8221;electroluxpro-full-width-no-padding&#8221;][vc_column][elx_hero_slider label_text_color=&#8221;inherit&#8221; images=&#8221;2276&#8243;][elx_heading font_container=&#8221;h1&#8243; font_size=&#8221;h2&#8243; text_color=&#8221;inherit&#8221;]Czy odczuwasz stres?[\/elx_heading][\/elx_hero_slider][\/vc_column][\/vc_row][vc_row][vc_column][vc_empty_space][\/vc_column][\/vc_row][vc_row][vc_column width=&#8221;1\/2&#8243;][elx_heading font_size=&#8221;h3&#8243; text_color=&#8221;inherit&#8221;]<strong>Wyzwania stawiane przed kuchni\u0105<\/strong><br \/>\nPracuj szybciej, zdrowiej, tatwiej i bardziej ekonomicznie. [\/elx_heading][vc_empty_space height=&#8221;20px&#8221;][elx_heading font_size=&#8221;h4&#8243; text_color=&#8221;inherit&#8221;]<strong>Wyst\u0119powanie sytuacji stresowych to obecnie akceptowalna norma w profesjonalnych kuchniach. <\/strong> W wyniku tego cierpi ca\u0142a bran\u017ca restauracyjna. [\/elx_heading][vc_empty_space height=&#8221;20px&#8221;][vc_column_text]Aby sprawdzi\u0107, czy stres jest naprawd\u0119 nieod\u0142\u0105czn\u0105 cz\u0119\u015bci\u0105 profesjonalnego gotowania, <strong>Electrolux Professional przygotowa\u0142 eksperyment, w kt\u00f3rym udzia\u0142 wzi\u0119\u0142y dwie dru\u017cyny \u2014 dru\u017cyna czerwona i niebieska.<\/strong>[\/vc_column_text][\/vc_column][vc_column width=&#8221;1\/2&#8243;][vc_empty_space height=&#8221;15px&#8221;][elx_video_block background_image=&#8221;2096&#8243; video_link=&#8221;https:\/\/www.youtube.com\/watch?v=RhRdfrToUQw&#8221; minimum_height=&#8221;420px&#8221;][\/vc_column][\/vc_row][vc_row][vc_column][vc_empty_space height=&#8221;15px&#8221;][\/vc_column][\/vc_row][vc_row][vc_column width=&#8221;1\/2&#8243;][vc_column_text]W celu sprowokowania wyst\u0105pienia sytuacji stresowych, czerwon\u0105 grup\u0119 poinstruowano, aby przygotowa\u0142a swoje potrawy tylko przy pomocy standardowych urz\u0105dze\u0144 dla profesjonalnych kucharzy. Niebieski zesp\u00f3\u0142 natomiast, pracowa\u0142 korzystaj\u0105c z systemu <strong>Electrolux Cook&amp;Chill<\/strong>, kt\u00f3ry mo\u017ce pom\u00f3c w walce ze wsp\u00f3lnymi \u017ar\u00f3d\u0142ami stresu w kuchni, usprawniaj\u0105c prac\u0119 zespo\u0142u.[\/vc_column_text][\/vc_column][vc_column width=&#8221;1\/2&#8243;][elx_image_block background_image=&#8221;2275&#8243; minimum_height=&#8221;380px&#8221;][\/vc_column][\/vc_row][vc_row][vc_column][vc_empty_space][elx_heading font_container=&#8221;h3&#8243; text_color=&#8221;inherit&#8221;]Zapisz si\u0119 aby otrzyma\u0107 swoj\u0105 darmow\u0105 kopi\u0119 lagoon white paper![\/elx_heading][elx_o2000_download_form linkattachment=&#8221;https:\/\/www.electroluxprofessional.com\/pl\/wp-content\/uploads\/2017\/01\/Electrolux-Professional_Taste-the-Stress_white-paper.pdf&#8221; emailsubject=&#8221;Your white paper about &#8220;Taste the Stress&#8220;&#8221; thanksmsg=&#8221;Thanks for your request. Here is your copy of &#8220;Taste the stress&#8220;&#8221; container=&#8221;elxcontactus1486712163&#8243;][\/vc_column][\/vc_row][vc_row][vc_column][vc_empty_space][elx_heading font_container=&#8221;h3&#8243; text_color=&#8221;inherit&#8221;]Tak\u017ce mo\u017ce Ci si\u0119 spodoba\u0107:[\/elx_heading][\/vc_column][\/vc_row][vc_row][vc_column width=&#8221;1\/3&#8243;][elx_maylike_box id_box=&#8221;1224&#8243;][\/vc_column][vc_column width=&#8221;1\/3&#8243;][elx_maylike_box id_box=&#8221;1358&#8243;][\/vc_column][vc_column width=&#8221;1\/3&#8243;][elx_maylike_box id_box=&#8221;1195&#8243;][\/vc_column][\/vc_row]<\/p>\n","protected":false},"excerpt":{"rendered":"<p>[vc_row full_width=&#8221;electroluxpro-full-width-no-padding&#8221;][vc_column][elx_hero_slider label_text_color=&#8221;inherit&#8221; images=&#8221;2276&#8243;][elx_heading font_container=&#8221;h1&#8243; font_size=&#8221;h2&#8243; text_color=&#8221;inherit&#8221;]Czy odczuwasz stres?[\/elx_heading][\/elx_hero_slider][\/vc_column][\/vc_row][vc_row][vc_column][vc_empty_space][\/vc_column][\/vc_row][vc_row][vc_column width=&#8221;1\/2&#8243;][elx_heading font_size=&#8221;h3&#8243; text_color=&#8221;inherit&#8221;]Wyzwania stawiane przed kuchni\u0105 Pracuj szybciej, zdrowiej, tatwiej i bardziej ekonomicznie. [\/elx_heading][vc_empty_space height=&#8221;20px&#8221;][elx_heading font_size=&#8221;h4&#8243; text_color=&#8221;inherit&#8221;]Wyst\u0119powanie sytuacji stresowych to obecnie akceptowalna norma w profesjonalnych kuchniach. W wyniku tego cierpi ca\u0142a bran\u017ca restauracyjna. [\/elx_heading][vc_empty_space height=&#8221;20px&#8221;][vc_column_text]Aby sprawdzi\u0107, czy stres jest naprawd\u0119 nieod\u0142\u0105czn\u0105 cz\u0119\u015bci\u0105 profesjonalnego gotowania, Electrolux Professional [&hellip;]<\/p>\n","protected":false},"author":3,"featured_media":2096,"parent":0,"menu_order":0,"comment_status":"closed","ping_status":"closed","template":"","meta":{"footnotes":""},"class_list":["post-2277","page","type-page","status-publish","has-post-thumbnail","hentry"],"acf":[],"yoast_head":"<!-- This site is optimized with the Yoast SEO plugin v23.3 - https:\/\/yoast.com\/wordpress\/plugins\/seo\/ -->\n<title>Poczuj si\u0142\u0119 - Electrolux Professional Polska<\/title>\n<meta name=\"description\" content=\"Wyst\u0119powanie sytuacji stresowych to obecnie akceptowalna norma w profesjonalnych kuchniach. W wyniku tego cierpi ca\u0142a bran\u017ca restauracyjna.\" \/>\n<meta name=\"robots\" content=\"index, follow, max-snippet:-1, max-image-preview:large, max-video-preview:-1\" \/>\n<link rel=\"canonical\" href=\"https:\/\/www.electroluxprofessional.com\/pl\/poczuj-sile\/\" \/>\n<meta property=\"og:locale\" content=\"pl_PL\" \/>\n<meta property=\"og:type\" content=\"article\" \/>\n<meta property=\"og:title\" content=\"Poczuj si\u0142\u0119 - Electrolux Professional Polska\" \/>\n<meta property=\"og:description\" content=\"Wyst\u0119powanie sytuacji stresowych to obecnie akceptowalna norma w profesjonalnych kuchniach. W wyniku tego cierpi ca\u0142a bran\u017ca restauracyjna.\" \/>\n<meta property=\"og:url\" content=\"https:\/\/www.electroluxprofessional.com\/pl\/poczuj-sile\/\" \/>\n<meta property=\"og:site_name\" content=\"Electrolux Professional Polska\" \/>\n<meta property=\"article:modified_time\" content=\"2020-09-04T10:09:00+00:00\" \/>\n<meta property=\"og:image\" content=\"https:\/\/www.electroluxprofessional.com\/pl\/wp-content\/uploads\/2017\/01\/Taste_the_Stress-web.jpg\" \/>\n\t<meta property=\"og:image:width\" content=\"1000\" \/>\n\t<meta property=\"og:image:height\" content=\"667\" \/>\n\t<meta property=\"og:image:type\" content=\"image\/jpeg\" \/>\n<meta name=\"twitter:card\" content=\"summary_large_image\" \/>\n<meta name=\"twitter:label1\" content=\"Szacowany czas czytania\" \/>\n\t<meta name=\"twitter:data1\" content=\"2 minuty\" \/>\n<script type=\"application\/ld+json\" class=\"yoast-schema-graph\">{\"@context\":\"https:\/\/schema.org\",\"@graph\":[{\"@type\":\"WebPage\",\"@id\":\"https:\/\/www.electroluxprofessional.com\/pl\/poczuj-sile\/\",\"url\":\"https:\/\/www.electroluxprofessional.com\/pl\/poczuj-sile\/\",\"name\":\"Poczuj si\u0142\u0119 - Electrolux Professional Polska\",\"isPartOf\":{\"@id\":\"https:\/\/www.electroluxprofessional.com\/pl\/#website\"},\"primaryImageOfPage\":{\"@id\":\"https:\/\/www.electroluxprofessional.com\/pl\/poczuj-sile\/#primaryimage\"},\"image\":{\"@id\":\"https:\/\/www.electroluxprofessional.com\/pl\/poczuj-sile\/#primaryimage\"},\"thumbnailUrl\":\"https:\/\/www.electroluxprofessional.com\/pl\/wp-content\/uploads\/2017\/01\/Taste_the_Stress-web.jpg\",\"datePublished\":\"2017-01-30T17:21:00+00:00\",\"dateModified\":\"2020-09-04T10:09:00+00:00\",\"description\":\"Wyst\u0119powanie sytuacji stresowych to obecnie akceptowalna norma w profesjonalnych kuchniach. W wyniku tego cierpi ca\u0142a bran\u017ca restauracyjna.\",\"breadcrumb\":{\"@id\":\"https:\/\/www.electroluxprofessional.com\/pl\/poczuj-sile\/#breadcrumb\"},\"inLanguage\":\"pl-PL\",\"potentialAction\":[{\"@type\":\"ReadAction\",\"target\":[\"https:\/\/www.electroluxprofessional.com\/pl\/poczuj-sile\/\"]}]},{\"@type\":\"ImageObject\",\"inLanguage\":\"pl-PL\",\"@id\":\"https:\/\/www.electroluxprofessional.com\/pl\/poczuj-sile\/#primaryimage\",\"url\":\"https:\/\/www.electroluxprofessional.com\/pl\/wp-content\/uploads\/2017\/01\/Taste_the_Stress-web.jpg\",\"contentUrl\":\"https:\/\/www.electroluxprofessional.com\/pl\/wp-content\/uploads\/2017\/01\/Taste_the_Stress-web.jpg\",\"width\":1000,\"height\":667,\"caption\":\"taste_the_stress-web\"},{\"@type\":\"BreadcrumbList\",\"@id\":\"https:\/\/www.electroluxprofessional.com\/pl\/poczuj-sile\/#breadcrumb\",\"itemListElement\":[{\"@type\":\"ListItem\",\"position\":1,\"name\":\"Strona g\u0142\u00f3wna\",\"item\":\"https:\/\/www.electroluxprofessional.com\/pl\/\"},{\"@type\":\"ListItem\",\"position\":2,\"name\":\"Poczuj si\u0142\u0119\"}]},{\"@type\":\"WebSite\",\"@id\":\"https:\/\/www.electroluxprofessional.com\/pl\/#website\",\"url\":\"https:\/\/www.electroluxprofessional.com\/pl\/\",\"name\":\"Electrolux Professional Polska\",\"description\":\"\",\"potentialAction\":[{\"@type\":\"SearchAction\",\"target\":{\"@type\":\"EntryPoint\",\"urlTemplate\":\"https:\/\/www.electroluxprofessional.com\/pl\/?src={search_term_string}\"},\"query-input\":\"required name=search_term_string\"}],\"inLanguage\":\"pl-PL\"}]}<\/script>\n<!-- \/ Yoast SEO plugin. -->","yoast_head_json":{"title":"Poczuj si\u0142\u0119 - Electrolux Professional Polska","description":"Wyst\u0119powanie sytuacji stresowych to obecnie akceptowalna norma w profesjonalnych kuchniach. W wyniku tego cierpi ca\u0142a bran\u017ca restauracyjna.","robots":{"index":"index","follow":"follow","max-snippet":"max-snippet:-1","max-image-preview":"max-image-preview:large","max-video-preview":"max-video-preview:-1"},"canonical":"https:\/\/www.electroluxprofessional.com\/pl\/poczuj-sile\/","og_locale":"pl_PL","og_type":"article","og_title":"Poczuj si\u0142\u0119 - Electrolux Professional Polska","og_description":"Wyst\u0119powanie sytuacji stresowych to obecnie akceptowalna norma w profesjonalnych kuchniach. W wyniku tego cierpi ca\u0142a bran\u017ca restauracyjna.","og_url":"https:\/\/www.electroluxprofessional.com\/pl\/poczuj-sile\/","og_site_name":"Electrolux Professional Polska","article_modified_time":"2020-09-04T10:09:00+00:00","og_image":[{"width":1000,"height":667,"url":"https:\/\/www.electroluxprofessional.com\/pl\/wp-content\/uploads\/2017\/01\/Taste_the_Stress-web.jpg","type":"image\/jpeg"}],"twitter_card":"summary_large_image","twitter_misc":{"Szacowany czas czytania":"2 minuty"},"schema":{"@context":"https:\/\/schema.org","@graph":[{"@type":"WebPage","@id":"https:\/\/www.electroluxprofessional.com\/pl\/poczuj-sile\/","url":"https:\/\/www.electroluxprofessional.com\/pl\/poczuj-sile\/","name":"Poczuj si\u0142\u0119 - Electrolux Professional Polska","isPartOf":{"@id":"https:\/\/www.electroluxprofessional.com\/pl\/#website"},"primaryImageOfPage":{"@id":"https:\/\/www.electroluxprofessional.com\/pl\/poczuj-sile\/#primaryimage"},"image":{"@id":"https:\/\/www.electroluxprofessional.com\/pl\/poczuj-sile\/#primaryimage"},"thumbnailUrl":"https:\/\/www.electroluxprofessional.com\/pl\/wp-content\/uploads\/2017\/01\/Taste_the_Stress-web.jpg","datePublished":"2017-01-30T17:21:00+00:00","dateModified":"2020-09-04T10:09:00+00:00","description":"Wyst\u0119powanie sytuacji stresowych to obecnie akceptowalna norma w profesjonalnych kuchniach. W wyniku tego cierpi ca\u0142a bran\u017ca restauracyjna.","breadcrumb":{"@id":"https:\/\/www.electroluxprofessional.com\/pl\/poczuj-sile\/#breadcrumb"},"inLanguage":"pl-PL","potentialAction":[{"@type":"ReadAction","target":["https:\/\/www.electroluxprofessional.com\/pl\/poczuj-sile\/"]}]},{"@type":"ImageObject","inLanguage":"pl-PL","@id":"https:\/\/www.electroluxprofessional.com\/pl\/poczuj-sile\/#primaryimage","url":"https:\/\/www.electroluxprofessional.com\/pl\/wp-content\/uploads\/2017\/01\/Taste_the_Stress-web.jpg","contentUrl":"https:\/\/www.electroluxprofessional.com\/pl\/wp-content\/uploads\/2017\/01\/Taste_the_Stress-web.jpg","width":1000,"height":667,"caption":"taste_the_stress-web"},{"@type":"BreadcrumbList","@id":"https:\/\/www.electroluxprofessional.com\/pl\/poczuj-sile\/#breadcrumb","itemListElement":[{"@type":"ListItem","position":1,"name":"Strona g\u0142\u00f3wna","item":"https:\/\/www.electroluxprofessional.com\/pl\/"},{"@type":"ListItem","position":2,"name":"Poczuj si\u0142\u0119"}]},{"@type":"WebSite","@id":"https:\/\/www.electroluxprofessional.com\/pl\/#website","url":"https:\/\/www.electroluxprofessional.com\/pl\/","name":"Electrolux Professional Polska","description":"","potentialAction":[{"@type":"SearchAction","target":{"@type":"EntryPoint","urlTemplate":"https:\/\/www.electroluxprofessional.com\/pl\/?src={search_term_string}"},"query-input":"required name=search_term_string"}],"inLanguage":"pl-PL"}]}},"_links":{"self":[{"href":"https:\/\/www.electroluxprofessional.com\/pl\/wp-json\/wp\/v2\/pages\/2277"}],"collection":[{"href":"https:\/\/www.electroluxprofessional.com\/pl\/wp-json\/wp\/v2\/pages"}],"about":[{"href":"https:\/\/www.electroluxprofessional.com\/pl\/wp-json\/wp\/v2\/types\/page"}],"author":[{"embeddable":true,"href":"https:\/\/www.electroluxprofessional.com\/pl\/wp-json\/wp\/v2\/users\/3"}],"replies":[{"embeddable":true,"href":"https:\/\/www.electroluxprofessional.com\/pl\/wp-json\/wp\/v2\/comments?post=2277"}],"version-history":[{"count":4,"href":"https:\/\/www.electroluxprofessional.com\/pl\/wp-json\/wp\/v2\/pages\/2277\/revisions"}],"predecessor-version":[{"id":3659,"href":"https:\/\/www.electroluxprofessional.com\/pl\/wp-json\/wp\/v2\/pages\/2277\/revisions\/3659"}],"wp:featuredmedia":[{"embeddable":true,"href":"https:\/\/www.electroluxprofessional.com\/pl\/wp-json\/wp\/v2\/media\/2096"}],"wp:attachment":[{"href":"https:\/\/www.electroluxprofessional.com\/pl\/wp-json\/wp\/v2\/media?parent=2277"}],"curies":[{"name":"wp","href":"https:\/\/api.w.org\/{rel}","templated":true}]}}