{"id":2274,"date":"2016-11-14T09:12:55","date_gmt":"2016-11-14T09:12:55","guid":{"rendered":"https:\/\/www.electroluxprofessional.com\/?page_id=5138"},"modified":"2024-07-03T09:15:54","modified_gmt":"2024-07-03T09:15:54","slug":"biznes-transport-przemysl","status":"publish","type":"page","link":"https:\/\/www.electroluxprofessional.com\/pl\/twoj-biznes\/biznes-transport-przemysl\/","title":{"rendered":"Biznes, transport i przemys\u0142"},"content":{"rendered":"<p>[vc_row full_width=&#8221;electroluxpro-full-width-no-padding&#8221;][vc_column][elx_hero_slider label_text_color=&#8221;inherit&#8221; images=&#8221;2272&#8243;][elx_heading font_container=&#8221;h1&#8243; font_size=&#8221;h2&#8243; text_color=&#8221;inherit&#8221;]Biznes, transport i przemys\u0142[\/elx_heading][\/elx_hero_slider][\/vc_column][\/vc_row][vc_row][vc_column][vc_empty_space height=&#8221;50px&#8221;][\/vc_column][\/vc_row][vc_row][vc_column width=&#8221;1\/3&#8243;][elx_maylike_box id_box=&#8221;1309&#8243;][\/vc_column][vc_column width=&#8221;1\/3&#8243;][elx_maylike_box id_box=&#8221;1217&#8243;][\/vc_column][vc_column width=&#8221;1\/3&#8243;][elx_maylike_box id_box=&#8221;1196&#8243;][\/vc_column][\/vc_row][vc_row][vc_column width=&#8221;1\/3&#8243;][elx_maylike_box id_box=&#8221;1895&#8243;][\/vc_column][vc_column width=&#8221;1\/3&#8243;][elx_maylike_box id_box=&#8221;1897&#8243;][\/vc_column][vc_column width=&#8221;1\/3&#8243;][\/vc_column][\/vc_row][vc_row][vc_column][vc_empty_space height=&#8221;50px&#8221;][\/vc_column][\/vc_row][vc_row][vc_column][elx_heading text_color=&#8221;inherit&#8221; text_align=&#8221;text-center&#8221;]Dowiedz si\u0119 jak Electrolux mo\u017ce pom\u00f3c Twojej firmie [\/elx_heading][elx_o2000_contact_us s=&#8221;Request of information about Business, Transport and Industry&#8221; country=&#8221;Poland&#8221; container=&#8221;elxcontactus1480522792&#8243; r=&#8221;Chcia\u0142bym dowiedzie\u0107 si\u0119 wi\u0119cej o biznesie, transporcie i przemy\u015ble, prosz\u0119 si\u0119 ze mn\u0105 skontaktowa\u0107.&#8221; l=&#8221;pl&#8221;][\/vc_column][\/vc_row][vc_row][vc_column][vc_empty_space height=&#8221;50px&#8221;][\/vc_column][\/vc_row]<\/p>\n","protected":false},"excerpt":{"rendered":"<p>[vc_row full_width=&#8221;electroluxpro-full-width-no-padding&#8221;][vc_column][elx_hero_slider label_text_color=&#8221;inherit&#8221; images=&#8221;2272&#8243;][elx_heading font_container=&#8221;h1&#8243; font_size=&#8221;h2&#8243; text_color=&#8221;inherit&#8221;]Biznes, transport i przemys\u0142[\/elx_heading][\/elx_hero_slider][\/vc_column][\/vc_row][vc_row][vc_column][vc_empty_space height=&#8221;50px&#8221;][\/vc_column][\/vc_row][vc_row][vc_column width=&#8221;1\/3&#8243;][elx_maylike_box id_box=&#8221;1309&#8243;][\/vc_column][vc_column width=&#8221;1\/3&#8243;][elx_maylike_box id_box=&#8221;1217&#8243;][\/vc_column][vc_column width=&#8221;1\/3&#8243;][elx_maylike_box id_box=&#8221;1196&#8243;][\/vc_column][\/vc_row][vc_row][vc_column width=&#8221;1\/3&#8243;][elx_maylike_box id_box=&#8221;1895&#8243;][\/vc_column][vc_column width=&#8221;1\/3&#8243;][elx_maylike_box id_box=&#8221;1897&#8243;][\/vc_column][vc_column width=&#8221;1\/3&#8243;][\/vc_column][\/vc_row][vc_row][vc_column][vc_empty_space height=&#8221;50px&#8221;][\/vc_column][\/vc_row][vc_row][vc_column][elx_heading text_color=&#8221;inherit&#8221; text_align=&#8221;text-center&#8221;]Dowiedz si\u0119 jak Electrolux mo\u017ce pom\u00f3c Twojej firmie [\/elx_heading][elx_o2000_contact_us s=&#8221;Request of information about Business, Transport and Industry&#8221; country=&#8221;Poland&#8221; container=&#8221;elxcontactus1480522792&#8243; r=&#8221;Chcia\u0142bym dowiedzie\u0107 si\u0119 wi\u0119cej o biznesie, transporcie i przemy\u015ble, prosz\u0119 si\u0119 ze [&hellip;]<\/p>\n","protected":false},"author":3,"featured_media":1185,"parent":2215,"menu_order":0,"comment_status":"closed","ping_status":"closed","template":"","meta":{"footnotes":""},"class_list":["post-2274","page","type-page","status-publish","has-post-thumbnail","hentry"],"acf":[],"yoast_head":"<!-- This site is optimized with the Yoast SEO plugin v23.3 - https:\/\/yoast.com\/wordpress\/plugins\/seo\/ -->\n<title>Biznes, transport i przemys\u0142 - Electrolux Professional Polska<\/title>\n<meta name=\"description\" content=\"Sto\u0142\u00f3wki pracownicze, przemys\u0142 morski, stra\u017c po\u017carna,zarz\u0105dzanie obiektami. Poznaj nasze rozwi\u0105zania dla biznesu, transportu i przemys\u0142u.\" \/>\n<meta name=\"robots\" content=\"index, follow, max-snippet:-1, max-image-preview:large, max-video-preview:-1\" \/>\n<link rel=\"canonical\" href=\"https:\/\/www.electroluxprofessional.com\/pl\/twoj-biznes\/biznes-transport-przemysl\/\" \/>\n<meta property=\"og:locale\" content=\"pl_PL\" \/>\n<meta property=\"og:type\" content=\"article\" \/>\n<meta property=\"og:title\" content=\"Biznes, transport i przemys\u0142 - Electrolux Professional Polska\" \/>\n<meta property=\"og:description\" content=\"Sto\u0142\u00f3wki pracownicze, przemys\u0142 morski, stra\u017c po\u017carna,zarz\u0105dzanie obiektami. Poznaj nasze rozwi\u0105zania dla biznesu, transportu i przemys\u0142u.\" \/>\n<meta property=\"og:url\" content=\"https:\/\/www.electroluxprofessional.com\/pl\/twoj-biznes\/biznes-transport-przemysl\/\" \/>\n<meta property=\"og:site_name\" content=\"Electrolux Professional Polska\" \/>\n<meta property=\"article:modified_time\" content=\"2024-07-03T09:15:54+00:00\" \/>\n<meta property=\"og:image\" content=\"https:\/\/www.electroluxprofessional.com\/pl\/wp-content\/uploads\/2016\/12\/quadro.jpg\" \/>\n\t<meta property=\"og:image:width\" content=\"1000\" \/>\n\t<meta property=\"og:image:height\" content=\"1000\" \/>\n\t<meta property=\"og:image:type\" content=\"image\/jpeg\" \/>\n<meta name=\"twitter:card\" content=\"summary_large_image\" \/>\n<meta name=\"twitter:label1\" content=\"Szacowany czas czytania\" \/>\n\t<meta name=\"twitter:data1\" content=\"1 minuta\" \/>\n<script type=\"application\/ld+json\" class=\"yoast-schema-graph\">{\"@context\":\"https:\/\/schema.org\",\"@graph\":[{\"@type\":\"WebPage\",\"@id\":\"https:\/\/www.electroluxprofessional.com\/pl\/twoj-biznes\/biznes-transport-przemysl\/\",\"url\":\"https:\/\/www.electroluxprofessional.com\/pl\/twoj-biznes\/biznes-transport-przemysl\/\",\"name\":\"Biznes, transport i przemys\u0142 - Electrolux Professional Polska\",\"isPartOf\":{\"@id\":\"https:\/\/www.electroluxprofessional.com\/pl\/#website\"},\"primaryImageOfPage\":{\"@id\":\"https:\/\/www.electroluxprofessional.com\/pl\/twoj-biznes\/biznes-transport-przemysl\/#primaryimage\"},\"image\":{\"@id\":\"https:\/\/www.electroluxprofessional.com\/pl\/twoj-biznes\/biznes-transport-przemysl\/#primaryimage\"},\"thumbnailUrl\":\"https:\/\/www.electroluxprofessional.com\/pl\/wp-content\/uploads\/2016\/12\/quadro.jpg\",\"datePublished\":\"2016-11-14T09:12:55+00:00\",\"dateModified\":\"2024-07-03T09:15:54+00:00\",\"description\":\"Sto\u0142\u00f3wki pracownicze, przemys\u0142 morski, stra\u017c po\u017carna,zarz\u0105dzanie obiektami. Poznaj nasze rozwi\u0105zania dla biznesu, transportu i przemys\u0142u.\",\"breadcrumb\":{\"@id\":\"https:\/\/www.electroluxprofessional.com\/pl\/twoj-biznes\/biznes-transport-przemysl\/#breadcrumb\"},\"inLanguage\":\"pl-PL\",\"potentialAction\":[{\"@type\":\"ReadAction\",\"target\":[\"https:\/\/www.electroluxprofessional.com\/pl\/twoj-biznes\/biznes-transport-przemysl\/\"]}]},{\"@type\":\"ImageObject\",\"inLanguage\":\"pl-PL\",\"@id\":\"https:\/\/www.electroluxprofessional.com\/pl\/twoj-biznes\/biznes-transport-przemysl\/#primaryimage\",\"url\":\"https:\/\/www.electroluxprofessional.com\/pl\/wp-content\/uploads\/2016\/12\/quadro.jpg\",\"contentUrl\":\"https:\/\/www.electroluxprofessional.com\/pl\/wp-content\/uploads\/2016\/12\/quadro.jpg\",\"width\":1000,\"height\":1000,\"caption\":\"Business, transport and industry\"},{\"@type\":\"BreadcrumbList\",\"@id\":\"https:\/\/www.electroluxprofessional.com\/pl\/twoj-biznes\/biznes-transport-przemysl\/#breadcrumb\",\"itemListElement\":[{\"@type\":\"ListItem\",\"position\":1,\"name\":\"Strona g\u0142\u00f3wna\",\"item\":\"https:\/\/www.electroluxprofessional.com\/pl\/\"},{\"@type\":\"ListItem\",\"position\":2,\"name\":\"Tw\u00f3j biznes\",\"item\":\"https:\/\/www.electroluxprofessional.com\/pl\/twoj-biznes\/\"},{\"@type\":\"ListItem\",\"position\":3,\"name\":\"Biznes, transport i przemys\u0142\"}]},{\"@type\":\"WebSite\",\"@id\":\"https:\/\/www.electroluxprofessional.com\/pl\/#website\",\"url\":\"https:\/\/www.electroluxprofessional.com\/pl\/\",\"name\":\"Electrolux Professional Polska\",\"description\":\"\",\"potentialAction\":[{\"@type\":\"SearchAction\",\"target\":{\"@type\":\"EntryPoint\",\"urlTemplate\":\"https:\/\/www.electroluxprofessional.com\/pl\/?src={search_term_string}\"},\"query-input\":\"required name=search_term_string\"}],\"inLanguage\":\"pl-PL\"}]}<\/script>\n<!-- \/ Yoast SEO plugin. -->","yoast_head_json":{"title":"Biznes, transport i przemys\u0142 - Electrolux Professional Polska","description":"Sto\u0142\u00f3wki pracownicze, przemys\u0142 morski, stra\u017c po\u017carna,zarz\u0105dzanie obiektami. Poznaj nasze rozwi\u0105zania dla biznesu, transportu i przemys\u0142u.","robots":{"index":"index","follow":"follow","max-snippet":"max-snippet:-1","max-image-preview":"max-image-preview:large","max-video-preview":"max-video-preview:-1"},"canonical":"https:\/\/www.electroluxprofessional.com\/pl\/twoj-biznes\/biznes-transport-przemysl\/","og_locale":"pl_PL","og_type":"article","og_title":"Biznes, transport i przemys\u0142 - Electrolux Professional Polska","og_description":"Sto\u0142\u00f3wki pracownicze, przemys\u0142 morski, stra\u017c po\u017carna,zarz\u0105dzanie obiektami. Poznaj nasze rozwi\u0105zania dla biznesu, transportu i przemys\u0142u.","og_url":"https:\/\/www.electroluxprofessional.com\/pl\/twoj-biznes\/biznes-transport-przemysl\/","og_site_name":"Electrolux Professional Polska","article_modified_time":"2024-07-03T09:15:54+00:00","og_image":[{"width":1000,"height":1000,"url":"https:\/\/www.electroluxprofessional.com\/pl\/wp-content\/uploads\/2016\/12\/quadro.jpg","type":"image\/jpeg"}],"twitter_card":"summary_large_image","twitter_misc":{"Szacowany czas czytania":"1 minuta"},"schema":{"@context":"https:\/\/schema.org","@graph":[{"@type":"WebPage","@id":"https:\/\/www.electroluxprofessional.com\/pl\/twoj-biznes\/biznes-transport-przemysl\/","url":"https:\/\/www.electroluxprofessional.com\/pl\/twoj-biznes\/biznes-transport-przemysl\/","name":"Biznes, transport i przemys\u0142 - Electrolux Professional Polska","isPartOf":{"@id":"https:\/\/www.electroluxprofessional.com\/pl\/#website"},"primaryImageOfPage":{"@id":"https:\/\/www.electroluxprofessional.com\/pl\/twoj-biznes\/biznes-transport-przemysl\/#primaryimage"},"image":{"@id":"https:\/\/www.electroluxprofessional.com\/pl\/twoj-biznes\/biznes-transport-przemysl\/#primaryimage"},"thumbnailUrl":"https:\/\/www.electroluxprofessional.com\/pl\/wp-content\/uploads\/2016\/12\/quadro.jpg","datePublished":"2016-11-14T09:12:55+00:00","dateModified":"2024-07-03T09:15:54+00:00","description":"Sto\u0142\u00f3wki pracownicze, przemys\u0142 morski, stra\u017c po\u017carna,zarz\u0105dzanie obiektami. Poznaj nasze rozwi\u0105zania dla biznesu, transportu i przemys\u0142u.","breadcrumb":{"@id":"https:\/\/www.electroluxprofessional.com\/pl\/twoj-biznes\/biznes-transport-przemysl\/#breadcrumb"},"inLanguage":"pl-PL","potentialAction":[{"@type":"ReadAction","target":["https:\/\/www.electroluxprofessional.com\/pl\/twoj-biznes\/biznes-transport-przemysl\/"]}]},{"@type":"ImageObject","inLanguage":"pl-PL","@id":"https:\/\/www.electroluxprofessional.com\/pl\/twoj-biznes\/biznes-transport-przemysl\/#primaryimage","url":"https:\/\/www.electroluxprofessional.com\/pl\/wp-content\/uploads\/2016\/12\/quadro.jpg","contentUrl":"https:\/\/www.electroluxprofessional.com\/pl\/wp-content\/uploads\/2016\/12\/quadro.jpg","width":1000,"height":1000,"caption":"Business, transport and industry"},{"@type":"BreadcrumbList","@id":"https:\/\/www.electroluxprofessional.com\/pl\/twoj-biznes\/biznes-transport-przemysl\/#breadcrumb","itemListElement":[{"@type":"ListItem","position":1,"name":"Strona g\u0142\u00f3wna","item":"https:\/\/www.electroluxprofessional.com\/pl\/"},{"@type":"ListItem","position":2,"name":"Tw\u00f3j biznes","item":"https:\/\/www.electroluxprofessional.com\/pl\/twoj-biznes\/"},{"@type":"ListItem","position":3,"name":"Biznes, transport i przemys\u0142"}]},{"@type":"WebSite","@id":"https:\/\/www.electroluxprofessional.com\/pl\/#website","url":"https:\/\/www.electroluxprofessional.com\/pl\/","name":"Electrolux Professional Polska","description":"","potentialAction":[{"@type":"SearchAction","target":{"@type":"EntryPoint","urlTemplate":"https:\/\/www.electroluxprofessional.com\/pl\/?src={search_term_string}"},"query-input":"required name=search_term_string"}],"inLanguage":"pl-PL"}]}},"_links":{"self":[{"href":"https:\/\/www.electroluxprofessional.com\/pl\/wp-json\/wp\/v2\/pages\/2274"}],"collection":[{"href":"https:\/\/www.electroluxprofessional.com\/pl\/wp-json\/wp\/v2\/pages"}],"about":[{"href":"https:\/\/www.electroluxprofessional.com\/pl\/wp-json\/wp\/v2\/types\/page"}],"author":[{"embeddable":true,"href":"https:\/\/www.electroluxprofessional.com\/pl\/wp-json\/wp\/v2\/users\/3"}],"replies":[{"embeddable":true,"href":"https:\/\/www.electroluxprofessional.com\/pl\/wp-json\/wp\/v2\/comments?post=2274"}],"version-history":[{"count":4,"href":"https:\/\/www.electroluxprofessional.com\/pl\/wp-json\/wp\/v2\/pages\/2274\/revisions"}],"predecessor-version":[{"id":10220,"href":"https:\/\/www.electroluxprofessional.com\/pl\/wp-json\/wp\/v2\/pages\/2274\/revisions\/10220"}],"up":[{"embeddable":true,"href":"https:\/\/www.electroluxprofessional.com\/pl\/wp-json\/wp\/v2\/pages\/2215"}],"wp:featuredmedia":[{"embeddable":true,"href":"https:\/\/www.electroluxprofessional.com\/pl\/wp-json\/wp\/v2\/media\/1185"}],"wp:attachment":[{"href":"https:\/\/www.electroluxprofessional.com\/pl\/wp-json\/wp\/v2\/media?parent=2274"}],"curies":[{"name":"wp","href":"https:\/\/api.w.org\/{rel}","templated":true}]}}