{"id":2271,"date":"2016-12-05T16:10:18","date_gmt":"2016-12-05T16:10:18","guid":{"rendered":"https:\/\/www.electroluxprofessional.com\/?page_id=6390"},"modified":"2025-09-12T18:32:37","modified_gmt":"2025-09-12T18:32:37","slug":"domy-opieki","status":"publish","type":"page","link":"https:\/\/www.electroluxprofessional.com\/pl\/twoj-biznes\/domy-opieki\/","title":{"rendered":"Opieka"},"content":{"rendered":"<p>[vc_row full_width=&#8221;electroluxpro-full-width-no-padding&#8221;][vc_column][elx_hero_slider text_position=&#8221;hero_slider_text_align_right&#8221; label_text_color=&#8221;inherit&#8221; images=&#8221;647&#8243;][elx_heading font_container=&#8221;h1&#8243; text_color=&#8221;inherit&#8221;]Domy opieki[\/elx_heading][elx_heading font_size=&#8221;h3&#8243; text_color=&#8221;inherit&#8221;]Efektywne rozwi\u0105zanie dla dom\u00f3w opieki<br \/>\nKomfort dla Twoich mieszka\u0144c\u00f3w[\/elx_heading][\/elx_hero_slider][\/vc_column][\/vc_row][vc_row][vc_column][vc_empty_space][\/vc_column][\/vc_row][vc_row][vc_column width=&#8221;1\/3&#8243;][elx_maylike_box id_box=&#8221;1412&#8243;][\/vc_column][vc_column width=&#8221;1\/3&#8243;][elx_maylike_box id_box=&#8221;1555&#8243;][\/vc_column][vc_column width=&#8221;1\/3&#8243;][\/vc_column][\/vc_row][vc_row][vc_column][vc_empty_space height=&#8221;50px&#8221;][\/vc_column][\/vc_row][vc_row][vc_column][elx_heading text_color=&#8221;inherit&#8221; text_align=&#8221;text-center&#8221;]Dowiedz si\u0119 jak Electrolux mo\u017ce pom\u00f3c Twojej firmie [\/elx_heading][elx_o2000_contact_us r=&#8221;I would like to find out more about care. Please get in touch with me.&#8221; s=&#8221;Request of information about care&#8221; country=&#8221;Poland&#8221; l=&#8221;pl&#8221; container=&#8221;elxcontactus1480954061&#8243;][vc_empty_space height=&#8221;50px&#8221;][\/vc_column][\/vc_row]<\/p>\n","protected":false},"excerpt":{"rendered":"<p>[vc_row full_width=&#8221;electroluxpro-full-width-no-padding&#8221;][vc_column][elx_hero_slider text_position=&#8221;hero_slider_text_align_right&#8221; label_text_color=&#8221;inherit&#8221; images=&#8221;647&#8243;][elx_heading font_container=&#8221;h1&#8243; text_color=&#8221;inherit&#8221;]Domy opieki[\/elx_heading][elx_heading font_size=&#8221;h3&#8243; text_color=&#8221;inherit&#8221;]Efektywne rozwi\u0105zanie dla dom\u00f3w opieki Komfort dla Twoich mieszka\u0144c\u00f3w[\/elx_heading][\/elx_hero_slider][\/vc_column][\/vc_row][vc_row][vc_column][vc_empty_space][\/vc_column][\/vc_row][vc_row][vc_column width=&#8221;1\/3&#8243;][elx_maylike_box id_box=&#8221;1412&#8243;][\/vc_column][vc_column width=&#8221;1\/3&#8243;][elx_maylike_box id_box=&#8221;1555&#8243;][\/vc_column][vc_column width=&#8221;1\/3&#8243;][\/vc_column][\/vc_row][vc_row][vc_column][vc_empty_space height=&#8221;50px&#8221;][\/vc_column][\/vc_row][vc_row][vc_column][elx_heading text_color=&#8221;inherit&#8221; text_align=&#8221;text-center&#8221;]Dowiedz si\u0119 jak Electrolux mo\u017ce pom\u00f3c Twojej firmie [\/elx_heading][elx_o2000_contact_us r=&#8221;I would like to find out more about care. Please get in touch with me.&#8221; s=&#8221;Request of information about care&#8221; country=&#8221;Poland&#8221; [&hellip;]<\/p>\n","protected":false},"author":3,"featured_media":1183,"parent":2215,"menu_order":0,"comment_status":"closed","ping_status":"closed","template":"","meta":{"footnotes":""},"class_list":["post-2271","page","type-page","status-publish","has-post-thumbnail","hentry"],"acf":[],"yoast_head":"<!-- This site is optimized with the Yoast SEO plugin v23.3 - https:\/\/yoast.com\/wordpress\/plugins\/seo\/ -->\n<title>Pralnie urz\u0105dzenia pralnicze szpitale domy opieki Electrolux<\/title>\n<meta name=\"description\" content=\"Efektywne rozwi\u0105zanie dla dom\u00f3w opieki Komfort dla Twoich mieszka\u0144c\u00f3w.\" \/>\n<meta name=\"robots\" content=\"index, follow, max-snippet:-1, max-image-preview:large, max-video-preview:-1\" \/>\n<link rel=\"canonical\" href=\"https:\/\/www.electroluxprofessional.com\/pl\/twoj-biznes\/domy-opieki\/\" \/>\n<meta property=\"og:locale\" content=\"pl_PL\" \/>\n<meta property=\"og:type\" content=\"article\" \/>\n<meta property=\"og:title\" content=\"Pralnie urz\u0105dzenia pralnicze szpitale domy opieki Electrolux\" \/>\n<meta property=\"og:description\" content=\"Efektywne rozwi\u0105zanie dla dom\u00f3w opieki Komfort dla Twoich mieszka\u0144c\u00f3w.\" \/>\n<meta property=\"og:url\" content=\"https:\/\/www.electroluxprofessional.com\/pl\/twoj-biznes\/domy-opieki\/\" \/>\n<meta property=\"og:site_name\" content=\"Electrolux Professional Polska\" \/>\n<meta property=\"article:modified_time\" content=\"2025-09-12T18:32:37+00:00\" \/>\n<meta property=\"og:image\" content=\"https:\/\/www.electroluxprofessional.com\/pl\/wp-content\/uploads\/2016\/12\/care-1.jpg\" \/>\n\t<meta property=\"og:image:width\" content=\"700\" \/>\n\t<meta property=\"og:image:height\" content=\"700\" \/>\n\t<meta property=\"og:image:type\" content=\"image\/jpeg\" \/>\n<meta name=\"twitter:card\" content=\"summary_large_image\" \/>\n<meta name=\"twitter:label1\" content=\"Szacowany czas czytania\" \/>\n\t<meta name=\"twitter:data1\" content=\"1 minuta\" \/>\n<script type=\"application\/ld+json\" class=\"yoast-schema-graph\">{\"@context\":\"https:\/\/schema.org\",\"@graph\":[{\"@type\":\"WebPage\",\"@id\":\"https:\/\/www.electroluxprofessional.com\/pl\/twoj-biznes\/domy-opieki\/\",\"url\":\"https:\/\/www.electroluxprofessional.com\/pl\/twoj-biznes\/domy-opieki\/\",\"name\":\"Pralnie urz\u0105dzenia pralnicze szpitale domy opieki Electrolux\",\"isPartOf\":{\"@id\":\"https:\/\/www.electroluxprofessional.com\/pl\/#website\"},\"primaryImageOfPage\":{\"@id\":\"https:\/\/www.electroluxprofessional.com\/pl\/twoj-biznes\/domy-opieki\/#primaryimage\"},\"image\":{\"@id\":\"https:\/\/www.electroluxprofessional.com\/pl\/twoj-biznes\/domy-opieki\/#primaryimage\"},\"thumbnailUrl\":\"https:\/\/www.electroluxprofessional.com\/pl\/wp-content\/uploads\/2016\/12\/care-1.jpg\",\"datePublished\":\"2016-12-05T16:10:18+00:00\",\"dateModified\":\"2025-09-12T18:32:37+00:00\",\"description\":\"Efektywne rozwi\u0105zanie dla dom\u00f3w opieki Komfort dla Twoich mieszka\u0144c\u00f3w.\",\"breadcrumb\":{\"@id\":\"https:\/\/www.electroluxprofessional.com\/pl\/twoj-biznes\/domy-opieki\/#breadcrumb\"},\"inLanguage\":\"pl-PL\",\"potentialAction\":[{\"@type\":\"ReadAction\",\"target\":[\"https:\/\/www.electroluxprofessional.com\/pl\/twoj-biznes\/domy-opieki\/\"]}]},{\"@type\":\"ImageObject\",\"inLanguage\":\"pl-PL\",\"@id\":\"https:\/\/www.electroluxprofessional.com\/pl\/twoj-biznes\/domy-opieki\/#primaryimage\",\"url\":\"https:\/\/www.electroluxprofessional.com\/pl\/wp-content\/uploads\/2016\/12\/care-1.jpg\",\"contentUrl\":\"https:\/\/www.electroluxprofessional.com\/pl\/wp-content\/uploads\/2016\/12\/care-1.jpg\",\"width\":700,\"height\":700,\"caption\":\"care\"},{\"@type\":\"BreadcrumbList\",\"@id\":\"https:\/\/www.electroluxprofessional.com\/pl\/twoj-biznes\/domy-opieki\/#breadcrumb\",\"itemListElement\":[{\"@type\":\"ListItem\",\"position\":1,\"name\":\"Strona g\u0142\u00f3wna\",\"item\":\"https:\/\/www.electroluxprofessional.com\/pl\/\"},{\"@type\":\"ListItem\",\"position\":2,\"name\":\"Tw\u00f3j biznes\",\"item\":\"https:\/\/www.electroluxprofessional.com\/pl\/twoj-biznes\/\"},{\"@type\":\"ListItem\",\"position\":3,\"name\":\"Opieka\"}]},{\"@type\":\"WebSite\",\"@id\":\"https:\/\/www.electroluxprofessional.com\/pl\/#website\",\"url\":\"https:\/\/www.electroluxprofessional.com\/pl\/\",\"name\":\"Electrolux Professional Polska\",\"description\":\"\",\"potentialAction\":[{\"@type\":\"SearchAction\",\"target\":{\"@type\":\"EntryPoint\",\"urlTemplate\":\"https:\/\/www.electroluxprofessional.com\/pl\/?src={search_term_string}\"},\"query-input\":\"required name=search_term_string\"}],\"inLanguage\":\"pl-PL\"}]}<\/script>\n<!-- \/ Yoast SEO plugin. -->","yoast_head_json":{"title":"Pralnie urz\u0105dzenia pralnicze szpitale domy opieki Electrolux","description":"Efektywne rozwi\u0105zanie dla dom\u00f3w opieki Komfort dla Twoich mieszka\u0144c\u00f3w.","robots":{"index":"index","follow":"follow","max-snippet":"max-snippet:-1","max-image-preview":"max-image-preview:large","max-video-preview":"max-video-preview:-1"},"canonical":"https:\/\/www.electroluxprofessional.com\/pl\/twoj-biznes\/domy-opieki\/","og_locale":"pl_PL","og_type":"article","og_title":"Pralnie urz\u0105dzenia pralnicze szpitale domy opieki Electrolux","og_description":"Efektywne rozwi\u0105zanie dla dom\u00f3w opieki Komfort dla Twoich mieszka\u0144c\u00f3w.","og_url":"https:\/\/www.electroluxprofessional.com\/pl\/twoj-biznes\/domy-opieki\/","og_site_name":"Electrolux Professional Polska","article_modified_time":"2025-09-12T18:32:37+00:00","og_image":[{"width":700,"height":700,"url":"https:\/\/www.electroluxprofessional.com\/pl\/wp-content\/uploads\/2016\/12\/care-1.jpg","type":"image\/jpeg"}],"twitter_card":"summary_large_image","twitter_misc":{"Szacowany czas czytania":"1 minuta"},"schema":{"@context":"https:\/\/schema.org","@graph":[{"@type":"WebPage","@id":"https:\/\/www.electroluxprofessional.com\/pl\/twoj-biznes\/domy-opieki\/","url":"https:\/\/www.electroluxprofessional.com\/pl\/twoj-biznes\/domy-opieki\/","name":"Pralnie urz\u0105dzenia pralnicze szpitale domy opieki Electrolux","isPartOf":{"@id":"https:\/\/www.electroluxprofessional.com\/pl\/#website"},"primaryImageOfPage":{"@id":"https:\/\/www.electroluxprofessional.com\/pl\/twoj-biznes\/domy-opieki\/#primaryimage"},"image":{"@id":"https:\/\/www.electroluxprofessional.com\/pl\/twoj-biznes\/domy-opieki\/#primaryimage"},"thumbnailUrl":"https:\/\/www.electroluxprofessional.com\/pl\/wp-content\/uploads\/2016\/12\/care-1.jpg","datePublished":"2016-12-05T16:10:18+00:00","dateModified":"2025-09-12T18:32:37+00:00","description":"Efektywne rozwi\u0105zanie dla dom\u00f3w opieki Komfort dla Twoich mieszka\u0144c\u00f3w.","breadcrumb":{"@id":"https:\/\/www.electroluxprofessional.com\/pl\/twoj-biznes\/domy-opieki\/#breadcrumb"},"inLanguage":"pl-PL","potentialAction":[{"@type":"ReadAction","target":["https:\/\/www.electroluxprofessional.com\/pl\/twoj-biznes\/domy-opieki\/"]}]},{"@type":"ImageObject","inLanguage":"pl-PL","@id":"https:\/\/www.electroluxprofessional.com\/pl\/twoj-biznes\/domy-opieki\/#primaryimage","url":"https:\/\/www.electroluxprofessional.com\/pl\/wp-content\/uploads\/2016\/12\/care-1.jpg","contentUrl":"https:\/\/www.electroluxprofessional.com\/pl\/wp-content\/uploads\/2016\/12\/care-1.jpg","width":700,"height":700,"caption":"care"},{"@type":"BreadcrumbList","@id":"https:\/\/www.electroluxprofessional.com\/pl\/twoj-biznes\/domy-opieki\/#breadcrumb","itemListElement":[{"@type":"ListItem","position":1,"name":"Strona g\u0142\u00f3wna","item":"https:\/\/www.electroluxprofessional.com\/pl\/"},{"@type":"ListItem","position":2,"name":"Tw\u00f3j biznes","item":"https:\/\/www.electroluxprofessional.com\/pl\/twoj-biznes\/"},{"@type":"ListItem","position":3,"name":"Opieka"}]},{"@type":"WebSite","@id":"https:\/\/www.electroluxprofessional.com\/pl\/#website","url":"https:\/\/www.electroluxprofessional.com\/pl\/","name":"Electrolux Professional Polska","description":"","potentialAction":[{"@type":"SearchAction","target":{"@type":"EntryPoint","urlTemplate":"https:\/\/www.electroluxprofessional.com\/pl\/?src={search_term_string}"},"query-input":"required name=search_term_string"}],"inLanguage":"pl-PL"}]}},"_links":{"self":[{"href":"https:\/\/www.electroluxprofessional.com\/pl\/wp-json\/wp\/v2\/pages\/2271"}],"collection":[{"href":"https:\/\/www.electroluxprofessional.com\/pl\/wp-json\/wp\/v2\/pages"}],"about":[{"href":"https:\/\/www.electroluxprofessional.com\/pl\/wp-json\/wp\/v2\/types\/page"}],"author":[{"embeddable":true,"href":"https:\/\/www.electroluxprofessional.com\/pl\/wp-json\/wp\/v2\/users\/3"}],"replies":[{"embeddable":true,"href":"https:\/\/www.electroluxprofessional.com\/pl\/wp-json\/wp\/v2\/comments?post=2271"}],"version-history":[{"count":7,"href":"https:\/\/www.electroluxprofessional.com\/pl\/wp-json\/wp\/v2\/pages\/2271\/revisions"}],"predecessor-version":[{"id":11241,"href":"https:\/\/www.electroluxprofessional.com\/pl\/wp-json\/wp\/v2\/pages\/2271\/revisions\/11241"}],"up":[{"embeddable":true,"href":"https:\/\/www.electroluxprofessional.com\/pl\/wp-json\/wp\/v2\/pages\/2215"}],"wp:featuredmedia":[{"embeddable":true,"href":"https:\/\/www.electroluxprofessional.com\/pl\/wp-json\/wp\/v2\/media\/1183"}],"wp:attachment":[{"href":"https:\/\/www.electroluxprofessional.com\/pl\/wp-json\/wp\/v2\/media?parent=2271"}],"curies":[{"name":"wp","href":"https:\/\/api.w.org\/{rel}","templated":true}]}}