{"id":2269,"date":"2016-05-13T14:26:27","date_gmt":"2016-05-13T14:26:27","guid":{"rendered":"https:\/\/www.electroluxprofessional.com\/?page_id=772"},"modified":"2021-10-29T11:39:13","modified_gmt":"2021-10-29T11:39:13","slug":"sprzatanie-powierzchni","status":"publish","type":"page","link":"https:\/\/www.electroluxprofessional.com\/pl\/twoj-biznes\/sprzatanie-powierzchni\/","title":{"rendered":"Sprz\u0105tanie powierzchni"},"content":{"rendered":"<p>[vc_row full_width=&#8221;electroluxpro-full-width-no-padding&#8221; equal_height=&#8221;yes&#8221;][vc_column width=&#8221;1\/2&#8243;][elx_citation name=&#8221;Ralph Thomas, Sprz\u0105tacz&#8221; company=&#8221;&#8221;][elx_heading font_container=&#8221;h1&#8243; font_size=&#8221;h2&#8243; text_color=&#8221;inherit&#8221;]Wraz z liderem w czyszczeniu mikrofibry, zawsze mo\u017cesz liczy\u0107 na najlepsze wyniki.[\/elx_heading][\/elx_citation][\/vc_column][vc_column width=&#8221;1\/2&#8243;][elx_image_block background_image=&#8221;566&#8243; minimum_height=&#8221;550px&#8221;][\/vc_column][\/vc_row][vc_row full_width=&#8221;electroluxpro-container-no-padding&#8221; css=&#8221;.vc_custom_1473071163127{padding-top: 60px !important;padding-bottom: 60px !important;}&#8221;][vc_column][elx_heading font_container=&#8221;h3&#8243; text_color=&#8221;inherit&#8221; text_align=&#8221;text-center&#8221;]Ca\u0142kowita elastyczno\u015b\u0107 i najwy\u017csza jako\u015b\u0107.<br \/>\nOferujemy rozwi\u0105zania dla wszystkich rodzaj\u00f3w us\u0142ug zwi\u0105zanych z zarz\u0105dzaniem obiektami.[\/elx_heading][\/vc_column][\/vc_row][vc_row][vc_column width=&#8221;1\/2&#8243;][elx_image_block background_image=&#8221;621&#8243; minimum_height=&#8221;460px&#8221;][elx_simple_block background_color=&#8221;inherit&#8221;][elx_heading font_container=&#8221;h4&#8243; text_color=&#8221;inherit&#8221;]Dbamy o Tw\u00f3j kapita\u0142[\/elx_heading][vc_column_text]Nasza wiedza w zakresie czyszczenia materia\u0142\u00f3w wykonanych z mikrofibry umo\u017cliwia osi\u0105gni\u0119cie najwy\u017cszych standard\u00f3w higieny, przy jednoczesnym zachowaniu niskich koszt\u00f3w pracy i wyeliminowaniu przestoj\u00f3w.[\/vc_column_text][\/elx_simple_block][\/vc_column][vc_column width=&#8221;1\/2&#8243;][elx_image_block background_image=&#8221;622&#8243; minimum_height=&#8221;460px&#8221;][elx_simple_block background_color=&#8221;inherit&#8221;][elx_heading font_container=&#8221;h4&#8243; text_color=&#8221;inherit&#8221;]Efektywne czyszczenie pod\u0142o\u017cy[\/elx_heading][vc_column_text]Dedykowana pralnico-wir\u00f3wka do prania mop\u00f3w zawiera specjalny pakiet program\u00f3w do prania (3 programy do mop\u00f3w i 4 programy og\u00f3lne), specjalne grza\u0142ki, specjalny b\u0119ben wewn\u0119trzny i elektryczny zaw\u00f3r spustowy do szybkiego spuszczania wody.[\/vc_column_text][\/elx_simple_block][\/vc_column][\/vc_row][vc_row][vc_column width=&#8221;1\/2&#8243;][elx_simple_block background_color=&#8221;inherit&#8221;][elx_heading font_container=&#8221;h4&#8243; text_color=&#8221;inherit&#8221;]System efektywnego czyszczenia pod\u0142o\u017cy[\/elx_heading][vc_column_text]Wszystko czego potrzebujesz to: zapas mop\u00f3w, pralnico-wir\u00f3wka do mop\u00f3w Electrolux Professional oraz System Efektywnego Dozowania.<\/p>\n<p>Je\u015bli preferujesz u\u017cywanie suchych mop\u00f3w, po prostu wysusz \u015bwie\u017co wyprane mopy w suszarce b\u0119bnowej Electrolux Professional.<\/p>\n<ul>\n<li>Za\u0142aduj mokre mopy do pralnico-wir\u00f3wki do prania mop\u00f3w<\/li>\n<li>Wybierz odpowiedni program do prania mop\u00f3w i rozpocznij proces prania<\/li>\n<li>Ko\u0144c\u00f3wki mop\u00f3w b\u0119d\u0105 wyprane i przygotowane dok\u0142adnie tak jak chcesz \u2013 w\u0142\u0105cznie z impregnacj\u0105 za pomoc\u0105 wybranych przez Ciebie \u015brodk\u00f3w<\/li>\n<\/ul>\n<p>[\/vc_column_text][\/elx_simple_block][\/vc_column][vc_column width=&#8221;1\/2&#8243;][vc_single_image image=&#8221;2266&#8243; img_size=&#8221;full&#8221;][\/vc_column][\/vc_row][vc_row css=&#8221;.vc_custom_1473071764748{padding-top: 50px !important;padding-bottom: 50px !important;}&#8221;][vc_column][elx_heading font_container=&#8221;h3&#8243; text_color=&#8221;inherit&#8221; text_align=&#8221;text-center&#8221;]Rozwi\u0105zania szyte na miar\u0119[\/elx_heading][\/vc_column][\/vc_row][vc_row][vc_column][vc_tta_tabs][vc_tta_section title=&#8221;Szpital&#8221; tab_id=&#8221;1473088626874-85a65eef-528a&#8221;][vc_row_inner][vc_column_inner width=&#8221;1\/2&#8243;][vc_single_image image=&#8221;625&#8243; img_size=&#8221;full&#8221;][\/vc_column_inner][vc_column_inner width=&#8221;1\/2&#8243;][elx_heading font_container=&#8221;h4&#8243; text_color=&#8221;inherit&#8221;]St. Thomas Hospital<br \/>\nLondyn, Wielka Brytania[\/elx_heading][vc_column_text]Codziennie do wyprania ponad 850 kg mop\u00f3w z mikrofibry oraz \u015bcierek. Monitoring proces\u00f3w prania i zu\u017cycia medi\u00f3w.[\/vc_column_text][elx_heading font_container=&#8221;h4&#8243; text_color=&#8221;inherit&#8221;]Zastosowane rozwi\u0105zanie[\/elx_heading][vc_column_text]3 x Pralnico-wir\u00f3wka z barier\u0105 higieny (70 kg)<br \/>\n3 x Suszarka b\u0119bnowa (67 kg)<br \/>\nCM &#8211; System monitorowania procesu prania Certus Management<sup>TM<\/sup>\u00a0Information System[\/vc_column_text][\/vc_column_inner][\/vc_row_inner][\/vc_tta_section][vc_tta_section title=&#8221;Pralnia centralna&#8221; tab_id=&#8221;1473088629051-162eecc0-9ef7&#8243;][vc_row_inner][vc_column_inner width=&#8221;1\/2&#8243;][vc_single_image image=&#8221;626&#8243; img_size=&#8221;full&#8221;][\/vc_column_inner][vc_column_inner width=&#8221;1\/2&#8243;][elx_heading font_container=&#8221;h4&#8243; text_color=&#8221;inherit&#8221;]U.D.O. Central Laundry<br \/>\nTubingen, Niemcy[\/elx_heading][vc_column_text]Tygodniowo do wyprania dla szpitala ponad 9 ton mop\u00f3w, \u015bcierek i podk\u0142ad\u00f3w.[\/vc_column_text][elx_heading font_container=&#8221;h4&#8243; text_color=&#8221;inherit&#8221;]Zastosowane rozwi\u0105zanie[\/elx_heading][vc_column_text]2 x Pralnico-wir\u00f3wka z barier\u0105 higieny (70 kg + 90 kg)<br \/>\n1 x Pralnico-wir\u00f3wka do mop\u00f3w (18 kg)<br \/>\n2 x Suszarka b\u0119bnowa (45 kg + 60 kg)[\/vc_column_text][\/vc_column_inner][\/vc_row_inner][\/vc_tta_section][\/vc_tta_tabs][\/vc_column][\/vc_row][vc_row][vc_column][elx_heading font_container=&#8221;h3&#8243; text_color=&#8221;inherit&#8221;]Dowiedz si\u0119 jak Electrolux mo\u017ce pom\u00f3c Twojej firmie[\/elx_heading][elx_o2000_contact_us r=&#8221;Chcia\u0142bym dowiedzie\u0107 si\u0119 wi\u0119cej o rozwi\u0105zaniach dla zarz\u0105dzenia obiektami, prosz\u0119 si\u0119 ze mn\u0105 skontaktowa\u0107.&#8221; s=&#8221;Request for information: facility management&#8221; country=&#8221;Poland&#8221; b=&#8221;laundry&#8221; l=&#8221;pl&#8221; container=&#8221;elxcontactus1473161992&#8243;][\/vc_column][\/vc_row][vc_row][vc_column][vc_empty_space][\/vc_column][\/vc_row][vc_row][vc_column][elx_heading font_container=&#8221;h4&#8243; text_color=&#8221;inherit&#8221;]Kliknij na pola poni\u017cej aby pobra\u0107 broszur\u0119 oraz katalog urz\u0105dze\u0144.[\/elx_heading][\/vc_column][\/vc_row][vc_row][vc_column width=&#8221;1\/3&#8243;][elx_download_block text=&#8221;Zarz\u0105dzenia obiektami &#8211; broszura&#8221; link=&#8221;files.professional.electrolux.com\/docs\/?n=A0003&amp;t=BR&amp;l=1&amp;B=5&#8243; reveal_effect=&#8221;&#8221; reveal_duration=&#8221;&#8221; reveal_delay=&#8221;&#8221;][\/vc_column][vc_column width=&#8221;1\/3&#8243;][elx_download_block text=&#8221;Zarz\u0105dzanie obiektami \u2013 katalog urz\u0105dze\u0144&#8221; link=&#8221;http:\/\/files.professional.electrolux.com\/docs\/?n=Facility%20Laundry&amp;t=RO&amp;l=1&#8243; reveal_effect=&#8221;&#8221; reveal_duration=&#8221;&#8221; reveal_delay=&#8221;&#8221;][\/vc_column][vc_column width=&#8221;1\/3&#8243;][\/vc_column][\/vc_row][vc_row][vc_column][vc_empty_space height=&#8221;50px&#8221;][\/vc_column][\/vc_row]<\/p>\n","protected":false},"excerpt":{"rendered":"<p>[vc_row full_width=&#8221;electroluxpro-full-width-no-padding&#8221; equal_height=&#8221;yes&#8221;][vc_column width=&#8221;1\/2&#8243;][elx_citation name=&#8221;Ralph Thomas, Sprz\u0105tacz&#8221; company=&#8221;&#8221;][elx_heading font_container=&#8221;h1&#8243; font_size=&#8221;h2&#8243; text_color=&#8221;inherit&#8221;]Wraz z liderem w czyszczeniu mikrofibry, zawsze mo\u017cesz liczy\u0107 na najlepsze wyniki.[\/elx_heading][\/elx_citation][\/vc_column][vc_column width=&#8221;1\/2&#8243;][elx_image_block background_image=&#8221;566&#8243; minimum_height=&#8221;550px&#8221;][\/vc_column][\/vc_row][vc_row full_width=&#8221;electroluxpro-container-no-padding&#8221; css=&#8221;.vc_custom_1473071163127{padding-top: 60px !important;padding-bottom: 60px !important;}&#8221;][vc_column][elx_heading font_container=&#8221;h3&#8243; text_color=&#8221;inherit&#8221; text_align=&#8221;text-center&#8221;]Ca\u0142kowita elastyczno\u015b\u0107 i najwy\u017csza jako\u015b\u0107. Oferujemy rozwi\u0105zania dla wszystkich rodzaj\u00f3w us\u0142ug zwi\u0105zanych z zarz\u0105dzaniem obiektami.[\/elx_heading][\/vc_column][\/vc_row][vc_row][vc_column width=&#8221;1\/2&#8243;][elx_image_block background_image=&#8221;621&#8243; minimum_height=&#8221;460px&#8221;][elx_simple_block background_color=&#8221;inherit&#8221;][elx_heading font_container=&#8221;h4&#8243; text_color=&#8221;inherit&#8221;]Dbamy o [&hellip;]<\/p>\n","protected":false},"author":3,"featured_media":566,"parent":2215,"menu_order":0,"comment_status":"closed","ping_status":"closed","template":"","meta":{"footnotes":""},"class_list":["post-2269","page","type-page","status-publish","has-post-thumbnail","hentry"],"acf":[],"yoast_head":"<!-- This site is optimized with the Yoast SEO plugin v23.3 - https:\/\/yoast.com\/wordpress\/plugins\/seo\/ -->\n<title>Sprz\u0105tanie powierzchni - Electrolux Professional Polska<\/title>\n<meta name=\"description\" content=\"Dedykowana pralnico-wir\u00f3wka do prania mop\u00f3w zawiera specjalny pakiet program\u00f3w do prania, specjalne grza\u0142ki, specjalny b\u0119ben wewn\u0119trzny i elektryczny zaw\u00f3r spustowy do szybkiego spuszczania wody.\" \/>\n<meta name=\"robots\" content=\"index, follow, max-snippet:-1, max-image-preview:large, max-video-preview:-1\" \/>\n<link rel=\"canonical\" href=\"https:\/\/www.electroluxprofessional.com\/pl\/twoj-biznes\/sprzatanie-powierzchni\/\" \/>\n<meta property=\"og:locale\" content=\"pl_PL\" \/>\n<meta property=\"og:type\" content=\"article\" \/>\n<meta property=\"og:title\" content=\"Sprz\u0105tanie powierzchni - Electrolux Professional Polska\" \/>\n<meta property=\"og:description\" content=\"Dedykowana pralnico-wir\u00f3wka do prania mop\u00f3w zawiera specjalny pakiet program\u00f3w do prania, specjalne grza\u0142ki, specjalny b\u0119ben wewn\u0119trzny i elektryczny zaw\u00f3r spustowy do szybkiego spuszczania wody.\" \/>\n<meta property=\"og:url\" content=\"https:\/\/www.electroluxprofessional.com\/pl\/twoj-biznes\/sprzatanie-powierzchni\/\" \/>\n<meta property=\"og:site_name\" content=\"Electrolux Professional Polska\" \/>\n<meta property=\"article:modified_time\" content=\"2021-10-29T11:39:13+00:00\" \/>\n<meta property=\"og:image\" content=\"https:\/\/www.electroluxprofessional.com\/pl\/wp-content\/uploads\/2016\/09\/facility-management-testimonial1.jpg\" \/>\n\t<meta property=\"og:image:width\" content=\"873\" \/>\n\t<meta property=\"og:image:height\" content=\"778\" \/>\n\t<meta property=\"og:image:type\" content=\"image\/jpeg\" \/>\n<meta name=\"twitter:card\" content=\"summary_large_image\" \/>\n<meta name=\"twitter:label1\" content=\"Szacowany czas czytania\" \/>\n\t<meta name=\"twitter:data1\" content=\"5 minut\" \/>\n<script type=\"application\/ld+json\" class=\"yoast-schema-graph\">{\"@context\":\"https:\/\/schema.org\",\"@graph\":[{\"@type\":\"WebPage\",\"@id\":\"https:\/\/www.electroluxprofessional.com\/pl\/twoj-biznes\/sprzatanie-powierzchni\/\",\"url\":\"https:\/\/www.electroluxprofessional.com\/pl\/twoj-biznes\/sprzatanie-powierzchni\/\",\"name\":\"Sprz\u0105tanie powierzchni - Electrolux Professional Polska\",\"isPartOf\":{\"@id\":\"https:\/\/www.electroluxprofessional.com\/pl\/#website\"},\"primaryImageOfPage\":{\"@id\":\"https:\/\/www.electroluxprofessional.com\/pl\/twoj-biznes\/sprzatanie-powierzchni\/#primaryimage\"},\"image\":{\"@id\":\"https:\/\/www.electroluxprofessional.com\/pl\/twoj-biznes\/sprzatanie-powierzchni\/#primaryimage\"},\"thumbnailUrl\":\"https:\/\/www.electroluxprofessional.com\/pl\/wp-content\/uploads\/2016\/09\/facility-management-testimonial1.jpg\",\"datePublished\":\"2016-05-13T14:26:27+00:00\",\"dateModified\":\"2021-10-29T11:39:13+00:00\",\"description\":\"Dedykowana pralnico-wir\u00f3wka do prania mop\u00f3w zawiera specjalny pakiet program\u00f3w do prania, specjalne grza\u0142ki, specjalny b\u0119ben wewn\u0119trzny i elektryczny zaw\u00f3r spustowy do szybkiego spuszczania wody.\",\"breadcrumb\":{\"@id\":\"https:\/\/www.electroluxprofessional.com\/pl\/twoj-biznes\/sprzatanie-powierzchni\/#breadcrumb\"},\"inLanguage\":\"pl-PL\",\"potentialAction\":[{\"@type\":\"ReadAction\",\"target\":[\"https:\/\/www.electroluxprofessional.com\/pl\/twoj-biznes\/sprzatanie-powierzchni\/\"]}]},{\"@type\":\"ImageObject\",\"inLanguage\":\"pl-PL\",\"@id\":\"https:\/\/www.electroluxprofessional.com\/pl\/twoj-biznes\/sprzatanie-powierzchni\/#primaryimage\",\"url\":\"https:\/\/www.electroluxprofessional.com\/pl\/wp-content\/uploads\/2016\/09\/facility-management-testimonial1.jpg\",\"contentUrl\":\"https:\/\/www.electroluxprofessional.com\/pl\/wp-content\/uploads\/2016\/09\/facility-management-testimonial1.jpg\",\"width\":873,\"height\":778,\"caption\":\"testimonial for facility management\"},{\"@type\":\"BreadcrumbList\",\"@id\":\"https:\/\/www.electroluxprofessional.com\/pl\/twoj-biznes\/sprzatanie-powierzchni\/#breadcrumb\",\"itemListElement\":[{\"@type\":\"ListItem\",\"position\":1,\"name\":\"Strona g\u0142\u00f3wna\",\"item\":\"https:\/\/www.electroluxprofessional.com\/pl\/\"},{\"@type\":\"ListItem\",\"position\":2,\"name\":\"Tw\u00f3j biznes\",\"item\":\"https:\/\/www.electroluxprofessional.com\/pl\/twoj-biznes\/\"},{\"@type\":\"ListItem\",\"position\":3,\"name\":\"Sprz\u0105tanie powierzchni\"}]},{\"@type\":\"WebSite\",\"@id\":\"https:\/\/www.electroluxprofessional.com\/pl\/#website\",\"url\":\"https:\/\/www.electroluxprofessional.com\/pl\/\",\"name\":\"Electrolux Professional Polska\",\"description\":\"\",\"potentialAction\":[{\"@type\":\"SearchAction\",\"target\":{\"@type\":\"EntryPoint\",\"urlTemplate\":\"https:\/\/www.electroluxprofessional.com\/pl\/?src={search_term_string}\"},\"query-input\":\"required name=search_term_string\"}],\"inLanguage\":\"pl-PL\"}]}<\/script>\n<!-- \/ Yoast SEO plugin. -->","yoast_head_json":{"title":"Sprz\u0105tanie powierzchni - Electrolux Professional Polska","description":"Dedykowana pralnico-wir\u00f3wka do prania mop\u00f3w zawiera specjalny pakiet program\u00f3w do prania, specjalne grza\u0142ki, specjalny b\u0119ben wewn\u0119trzny i elektryczny zaw\u00f3r spustowy do szybkiego spuszczania wody.","robots":{"index":"index","follow":"follow","max-snippet":"max-snippet:-1","max-image-preview":"max-image-preview:large","max-video-preview":"max-video-preview:-1"},"canonical":"https:\/\/www.electroluxprofessional.com\/pl\/twoj-biznes\/sprzatanie-powierzchni\/","og_locale":"pl_PL","og_type":"article","og_title":"Sprz\u0105tanie powierzchni - Electrolux Professional Polska","og_description":"Dedykowana pralnico-wir\u00f3wka do prania mop\u00f3w zawiera specjalny pakiet program\u00f3w do prania, specjalne grza\u0142ki, specjalny b\u0119ben wewn\u0119trzny i elektryczny zaw\u00f3r spustowy do szybkiego spuszczania wody.","og_url":"https:\/\/www.electroluxprofessional.com\/pl\/twoj-biznes\/sprzatanie-powierzchni\/","og_site_name":"Electrolux Professional Polska","article_modified_time":"2021-10-29T11:39:13+00:00","og_image":[{"width":873,"height":778,"url":"https:\/\/www.electroluxprofessional.com\/pl\/wp-content\/uploads\/2016\/09\/facility-management-testimonial1.jpg","type":"image\/jpeg"}],"twitter_card":"summary_large_image","twitter_misc":{"Szacowany czas czytania":"5 minut"},"schema":{"@context":"https:\/\/schema.org","@graph":[{"@type":"WebPage","@id":"https:\/\/www.electroluxprofessional.com\/pl\/twoj-biznes\/sprzatanie-powierzchni\/","url":"https:\/\/www.electroluxprofessional.com\/pl\/twoj-biznes\/sprzatanie-powierzchni\/","name":"Sprz\u0105tanie powierzchni - Electrolux Professional Polska","isPartOf":{"@id":"https:\/\/www.electroluxprofessional.com\/pl\/#website"},"primaryImageOfPage":{"@id":"https:\/\/www.electroluxprofessional.com\/pl\/twoj-biznes\/sprzatanie-powierzchni\/#primaryimage"},"image":{"@id":"https:\/\/www.electroluxprofessional.com\/pl\/twoj-biznes\/sprzatanie-powierzchni\/#primaryimage"},"thumbnailUrl":"https:\/\/www.electroluxprofessional.com\/pl\/wp-content\/uploads\/2016\/09\/facility-management-testimonial1.jpg","datePublished":"2016-05-13T14:26:27+00:00","dateModified":"2021-10-29T11:39:13+00:00","description":"Dedykowana pralnico-wir\u00f3wka do prania mop\u00f3w zawiera specjalny pakiet program\u00f3w do prania, specjalne grza\u0142ki, specjalny b\u0119ben wewn\u0119trzny i elektryczny zaw\u00f3r spustowy do szybkiego spuszczania wody.","breadcrumb":{"@id":"https:\/\/www.electroluxprofessional.com\/pl\/twoj-biznes\/sprzatanie-powierzchni\/#breadcrumb"},"inLanguage":"pl-PL","potentialAction":[{"@type":"ReadAction","target":["https:\/\/www.electroluxprofessional.com\/pl\/twoj-biznes\/sprzatanie-powierzchni\/"]}]},{"@type":"ImageObject","inLanguage":"pl-PL","@id":"https:\/\/www.electroluxprofessional.com\/pl\/twoj-biznes\/sprzatanie-powierzchni\/#primaryimage","url":"https:\/\/www.electroluxprofessional.com\/pl\/wp-content\/uploads\/2016\/09\/facility-management-testimonial1.jpg","contentUrl":"https:\/\/www.electroluxprofessional.com\/pl\/wp-content\/uploads\/2016\/09\/facility-management-testimonial1.jpg","width":873,"height":778,"caption":"testimonial for facility management"},{"@type":"BreadcrumbList","@id":"https:\/\/www.electroluxprofessional.com\/pl\/twoj-biznes\/sprzatanie-powierzchni\/#breadcrumb","itemListElement":[{"@type":"ListItem","position":1,"name":"Strona g\u0142\u00f3wna","item":"https:\/\/www.electroluxprofessional.com\/pl\/"},{"@type":"ListItem","position":2,"name":"Tw\u00f3j biznes","item":"https:\/\/www.electroluxprofessional.com\/pl\/twoj-biznes\/"},{"@type":"ListItem","position":3,"name":"Sprz\u0105tanie powierzchni"}]},{"@type":"WebSite","@id":"https:\/\/www.electroluxprofessional.com\/pl\/#website","url":"https:\/\/www.electroluxprofessional.com\/pl\/","name":"Electrolux Professional Polska","description":"","potentialAction":[{"@type":"SearchAction","target":{"@type":"EntryPoint","urlTemplate":"https:\/\/www.electroluxprofessional.com\/pl\/?src={search_term_string}"},"query-input":"required name=search_term_string"}],"inLanguage":"pl-PL"}]}},"_links":{"self":[{"href":"https:\/\/www.electroluxprofessional.com\/pl\/wp-json\/wp\/v2\/pages\/2269"}],"collection":[{"href":"https:\/\/www.electroluxprofessional.com\/pl\/wp-json\/wp\/v2\/pages"}],"about":[{"href":"https:\/\/www.electroluxprofessional.com\/pl\/wp-json\/wp\/v2\/types\/page"}],"author":[{"embeddable":true,"href":"https:\/\/www.electroluxprofessional.com\/pl\/wp-json\/wp\/v2\/users\/3"}],"replies":[{"embeddable":true,"href":"https:\/\/www.electroluxprofessional.com\/pl\/wp-json\/wp\/v2\/comments?post=2269"}],"version-history":[{"count":7,"href":"https:\/\/www.electroluxprofessional.com\/pl\/wp-json\/wp\/v2\/pages\/2269\/revisions"}],"predecessor-version":[{"id":7565,"href":"https:\/\/www.electroluxprofessional.com\/pl\/wp-json\/wp\/v2\/pages\/2269\/revisions\/7565"}],"up":[{"embeddable":true,"href":"https:\/\/www.electroluxprofessional.com\/pl\/wp-json\/wp\/v2\/pages\/2215"}],"wp:featuredmedia":[{"embeddable":true,"href":"https:\/\/www.electroluxprofessional.com\/pl\/wp-json\/wp\/v2\/media\/566"}],"wp:attachment":[{"href":"https:\/\/www.electroluxprofessional.com\/pl\/wp-json\/wp\/v2\/media?parent=2269"}],"curies":[{"name":"wp","href":"https:\/\/api.w.org\/{rel}","templated":true}]}}