{"id":2267,"date":"2016-05-31T13:56:37","date_gmt":"2016-05-31T13:56:37","guid":{"rendered":"https:\/\/www.electroluxprofessional.com\/?page_id=1725"},"modified":"2025-11-05T15:31:14","modified_gmt":"2025-11-05T15:31:14","slug":"pralnie-przemyslowe","status":"publish","type":"page","link":"https:\/\/www.electroluxprofessional.com\/pl\/twoj-biznes\/pralnie-komercyjne\/pralnie-przemyslowe\/","title":{"rendered":"Pralnie przemys\u0142owe"},"content":{"rendered":"<p>[vc_row full_width=&#8221;electroluxpro-full-width-no-padding&#8221; equal_height=&#8221;yes&#8221;][vc_column reveal_effect=&#8221;&#8221; width=&#8221;1\/2&#8243;][elx_citation name=&#8221;Gianni Granzotto, dyrektor International Tourist Village&#8221; company=&#8221;Bibione, W\u0142ochy&#8221;][elx_heading font_size=&#8221;h2&#8243; text_color=&#8221;inherit&#8221;]Nasze do\u015bwiadczenia z firm\u0105 Electrolux s\u0105 bardzo pozytywne od samego pocz\u0105tku naszej wsp\u00f3\u0142pracy, pocz\u0105wszy od fazy projektowania i instalacji, poprzez serwis i konserwacj\u0119, kt\u00f3ra ma znacz\u0105cy wp\u0142yw na ograniczenie przestoj\u00f3w maszyn.[\/elx_heading][\/elx_citation][\/vc_column][vc_column reveal_effect=&#8221;&#8221; width=&#8221;1\/2&#8243;][elx_image_block background_image=&#8221;1533&#8243; minimum_height=&#8221;530px&#8221;][\/vc_column][\/vc_row][vc_row css=&#8221;.vc_custom_1464705995694{padding-top: 50px !important;padding-bottom: 50px !important;}&#8221;][vc_column][elx_heading font_container=&#8221;h1&#8243; font_size=&#8221;h2&#8243; text_color=&#8221;inherit&#8221; text_align=&#8221;text-center&#8221;]Pralnie przemys\u0142owe[\/elx_heading][vc_column_text]<\/p>\n<h3 style=\"text-align: center;\">Wysoka jako\u015b\u0107, najwy\u017csza produktywno\u015b\u0107, niskie koszty pracy i maksymalna przejrzysto\u015b\u0107 procesu prania<\/h3>\n<p>[\/vc_column_text][\/vc_column][\/vc_row][vc_row full_width=&#8221;electroluxpro-full-width-no-padding&#8221;][vc_column width=&#8221;1\/2&#8243;][elx_simple_block background_color=&#8221;inherit&#8221;][elx_heading text_color=&#8221;inherit&#8221;]Nasze rozwi\u0105zania zapewniaj\u0105 znaczne oszcz\u0119dno\u015bci czasu i pieni\u0119dzy[\/elx_heading][vc_column_text css_animation=&#8221;left-to-right&#8221;]<\/p>\n<ul>\n<li>Zoptymalizowane zu\u017cycie wody, energii i detergent\u00f3w dzi\u0119ki inteligentnej technologii<\/li>\n<li>Kr\u00f3tsze czasy cykli<\/li>\n<li>Szybsze i bardziej ekonomiczne procesy suszenia, ze wzgl\u0119du na najni\u017csz\u0105 retencj\u0119 wody<\/li>\n<li>Najlepsza jako\u015b\u0107 prasowania na rynku<\/li>\n<li>Szeroka gama rozwi\u0105za\u0144 do prasowania \u2013 a\u017c po kompletne linie maglownicze, w tym urz\u0105dzenia do podawania i sk\u0142adania<\/li>\n<li>Najbardziej uniwersalny serwis &#8211;<br \/>\nnajlepsi technicy, specjalistyczne szkolenia oraz najwi\u0119ksza sie\u0107 serwisowa na \u015bwiecie<\/li>\n<\/ul>\n<p>[\/vc_column_text][\/elx_simple_block][\/vc_column][vc_column width=&#8221;1\/2&#8243;][elx_image_block background_image=&#8221;709&#8243; minimum_height=&#8221;600px&#8221;][\/vc_column][\/vc_row][vc_row full_width=&#8221;electroluxpro-full-width-no-padding&#8221; equal_height=&#8221;yes&#8221;][vc_column width=&#8221;1\/2&#8243;][elx_image_block background_image=&#8221;710&#8243; minimum_height=&#8221;600px&#8221;][\/vc_column][vc_column width=&#8221;1\/2&#8243;][elx_simple_block background_color=&#8221;inherit&#8221;][elx_heading text_color=&#8221;inherit&#8221;]Pralnia komercyjna HIA[\/elx_heading][vc_column_text]<\/p>\n<h3><em>\u201eElectrolux pom\u00f3g\u0142 nam wrzuci\u0107 wy\u017cszy bieg&#8221;.<\/em><\/h3>\n<p><strong><br \/>\nEva-Maj Axelsson, kierownik pralni HIA <\/strong><br \/>\n<strong> Eksj\u00f6, Szwecja<\/strong>[\/vc_column_text][\/elx_simple_block][\/vc_column][\/vc_row][vc_row][vc_column][vc_empty_space][elx_heading text_color=&#8221;inherit&#8221; text_align=&#8221;text-center&#8221;]Skonfigurowana pod Twoje potrzeby.<br \/>\nWybierz sw\u00f3j pakiet rozwi\u0105za\u0144.[\/elx_heading][\/vc_column][\/vc_row][vc_row equal_height=&#8221;yes&#8221;][vc_column width=&#8221;1\/2&#8243;][elx_image_block background_image=&#8221;711&#8243; minimum_height=&#8221;350px&#8221;][\/vc_column][vc_column width=&#8221;1\/2&#8243;][elx_simple_block background_color=&#8221;inherit&#8221;][elx_heading text_color=&#8221;inherit&#8221;]Rozwi\u0105zanie wyj\u015bciowe[\/elx_heading][vc_column_text]<\/p>\n<ul>\n<li>Bardzo niskie zu\u017cycie wody i energii oraz do <strong>50% oszcz\u0119dno\u015bci wody przy cz\u0119\u015bciowym za\u0142adunku<\/strong><\/li>\n<li><strong>O 30% skr\u00f3cony<\/strong> czas suszenia<\/li>\n<li>Specjalna technologia zapewniaj\u0105ca g\u0142adkie i dok\u0142adne prasowanie bielizny po\u015bcielowej oraz <strong>pasy prasuj\u0105ce<\/strong> przystosowane do d\u0142ugotrwa\u0142ej pracy w wysokich temperaturach<\/li>\n<\/ul>\n<p>[\/vc_column_text][vc_column_text]2 x pralnico-wir\u00f3wka przedniego za\u0142adunku (33 kg)<br \/>\n1 x suszarka b\u0119bnowa (30,5 kg)<br \/>\n1 x magiel nieckowy (2065 mm)[\/vc_column_text][\/elx_simple_block][\/vc_column][\/vc_row][vc_row equal_height=&#8221;yes&#8221; css=&#8221;.vc_custom_1465207502266{padding-top: 30px !important;}&#8221;][vc_column width=&#8221;1\/2&#8243;][elx_image_block background_image=&#8221;1889&#8243; minimum_height=&#8221;350px&#8221;][\/vc_column][vc_column width=&#8221;1\/2&#8243;][elx_simple_block background_color=&#8221;inherit&#8221;][elx_heading text_color=&#8221;inherit&#8221;]Rozwi\u0105zanie zaawansowane[\/elx_heading][vc_column_text]<\/p>\n<ul>\n<li><strong>Doskona\u0142e pranie<\/strong>, doskona\u0142a piel\u0119gnacja dzi\u0119ki funkcji Integrated Saving System (Zintegrowany System Oszcz\u0119dzania) pozwalaj\u0105cym <strong>zoptymalizowa\u0107 za\u0142adunek pralnico-wir\u00f3wki<\/strong><\/li>\n<li>Proces suszenia <strong>o 10% kr\u00f3tszy oraz o 15% ta\u0144szy<\/strong> w eksploatacji<\/li>\n<li>Direct Ironer Advanced Moisture Management System (zaawansowany system zarz\u0105dzania wilgoci\u0105 w maszynach do prasowania o dzia\u0142aniu bezpo\u015brednim)<\/li>\n<\/ul>\n<p>[\/vc_column_text][vc_column_text]3 x pralnico-wir\u00f3wka przedniego za\u0142adunku (45 kg)<br \/>\n1 x suszarka b\u0119bnowa (45 kg)<br \/>\n1 x magiel nieckowy z podawark\u0105, sk\u0142adark\u0105 i sk\u0142adaniem w kostk\u0119(3170 mm)[\/vc_column_text][\/elx_simple_block][\/vc_column][\/vc_row][vc_row equal_height=&#8221;yes&#8221; css=&#8221;.vc_custom_1465208851809{padding-top: 30px !important;}&#8221;][vc_column width=&#8221;1\/2&#8243;][elx_image_block background_image=&#8221;713&#8243; minimum_height=&#8221;350px&#8221;][\/vc_column][vc_column width=&#8221;1\/2&#8243;][elx_simple_block background_color=&#8221;inherit&#8221;][elx_heading text_color=&#8221;inherit&#8221;]Rozwi\u0105zanie finalne[\/elx_heading][vc_column_text]<\/p>\n<ul>\n<li><strong>Doskona\u0142a jako\u015b\u0107 prania<\/strong> dzi\u0119ki funkcji Integrated Saving System (Zintegrowany System Oszcz\u0119dzania) pozwalaj\u0105cej <strong>zoptymalizowa\u0107 za\u0142adunek pralnico-wir\u00f3wki<\/strong> oraz funkcji <strong>efektywnego dozowania detergent\u00f3w<\/strong><\/li>\n<li>Najwy\u017csza jako\u015b\u0107 i wysoka produktywno\u015b\u0107: <strong>do 10% szybszy proces prania<\/strong> oraz o <strong>15% ta\u0144szy w eksploatacji<\/strong><\/li>\n<li><strong>Przemys\u0142owy magiel nieckowy<\/strong> z ruchom\u0105 superelastyczn\u0105 nieck\u0105 oraz mocowanym na sta\u0142e walcem, pozwala na utrzymanie <strong>sta\u0142ego nacisku na maksymalnie du\u017cej powierzchni prasowania<\/strong> w celu osi\u0105gni\u0119cia najwy\u017cszej mo\u017cliwej jako\u015bci maglowania<\/li>\n<\/ul>\n<p>[\/vc_column_text][vc_column_text]3 x pralnico-wir\u00f3wka przedniego za\u0142adunku (120 kg)<br \/>\n2\u00a0x pralnico-wir\u00f3wka przedniego za\u0142adunku (65 kg)<br \/>\n1\u00a0x pralnico-wir\u00f3wka przedniego za\u0142adunku (20 kg)<br \/>\n4 x suszarka b\u0119bnowa (60 kg)<br \/>\n3\u00a0x suszarka b\u0119bnowa (65 kg)<br \/>\n1 x suszarka b\u0119bnowa (20 kg)<br \/>\n1 x magiel pasowy C-Flex[\/vc_column_text][\/elx_simple_block][\/vc_column][\/vc_row][vc_row][vc_column][vc_empty_space][\/vc_column][\/vc_row][vc_row][vc_column][elx_heading text_color=&#8221;inherit&#8221;]B\u0105d\u017a w kontakcie z naszym zespo\u0142em ekspert\u00f3w i dowiedz si\u0119 jak Electrolux mo\u017ce pom\u00f3c Twojej firmie[\/elx_heading][elx_o2000_contact_us s=&#8221;Request for information: commercial laundries&#8221; country=&#8221;Poland&#8221; container=&#8221;elxcontactus1466427204&#8243; r=&#8221;Chcia\u0142bym skontaktowa\u0107 si\u0119 z waszym zespo\u0142em ekspert\u00f3w i wsp\u00f3lnie znale\u017a\u0107 najlepsze rozwi\u0105zanie dla mojej firmy.&#8221; l=&#8221;pl&#8221;][\/vc_column][\/vc_row]<\/p>\n","protected":false},"excerpt":{"rendered":"<p>[vc_row full_width=&#8221;electroluxpro-full-width-no-padding&#8221; equal_height=&#8221;yes&#8221;][vc_column reveal_effect=&#8221;&#8221; width=&#8221;1\/2&#8243;][elx_citation name=&#8221;Gianni Granzotto, dyrektor International Tourist Village&#8221; company=&#8221;Bibione, W\u0142ochy&#8221;][elx_heading font_size=&#8221;h2&#8243; text_color=&#8221;inherit&#8221;]Nasze do\u015bwiadczenia z firm\u0105 Electrolux s\u0105 bardzo pozytywne od samego pocz\u0105tku naszej wsp\u00f3\u0142pracy, pocz\u0105wszy od fazy projektowania i instalacji, poprzez serwis i konserwacj\u0119, kt\u00f3ra ma znacz\u0105cy wp\u0142yw na ograniczenie przestoj\u00f3w maszyn.[\/elx_heading][\/elx_citation][\/vc_column][vc_column reveal_effect=&#8221;&#8221; width=&#8221;1\/2&#8243;][elx_image_block background_image=&#8221;1533&#8243; minimum_height=&#8221;530px&#8221;][\/vc_column][\/vc_row][vc_row css=&#8221;.vc_custom_1464705995694{padding-top: 50px !important;padding-bottom: 50px !important;}&#8221;][vc_column][elx_heading font_container=&#8221;h1&#8243; [&hellip;]<\/p>\n","protected":false},"author":3,"featured_media":709,"parent":1547,"menu_order":0,"comment_status":"closed","ping_status":"closed","template":"","meta":{"footnotes":""},"class_list":["post-2267","page","type-page","status-publish","has-post-thumbnail","hentry"],"acf":[],"yoast_head":"<!-- This site is optimized with the Yoast SEO plugin v23.3 - https:\/\/yoast.com\/wordpress\/plugins\/seo\/ -->\n<title>Pralnie przemys\u0142owe Electrolux Professional<\/title>\n<meta name=\"description\" content=\"Wysoka jako\u015b\u0107, najwy\u017csza produktywno\u015b\u0107, niskie koszty pracy i maksymalna przejrzysto\u015b\u0107 procesu prania.\" \/>\n<meta name=\"robots\" content=\"index, follow, max-snippet:-1, max-image-preview:large, max-video-preview:-1\" \/>\n<link rel=\"canonical\" href=\"https:\/\/www.electroluxprofessional.com\/pl\/twoj-biznes\/pralnie-komercyjne\/pralnie-przemyslowe\/\" \/>\n<meta property=\"og:locale\" content=\"pl_PL\" \/>\n<meta property=\"og:type\" content=\"article\" \/>\n<meta property=\"og:title\" content=\"Pralnie przemys\u0142owe Electrolux Professional\" \/>\n<meta property=\"og:description\" content=\"Wysoka jako\u015b\u0107, najwy\u017csza produktywno\u015b\u0107, niskie koszty pracy i maksymalna przejrzysto\u015b\u0107 procesu prania.\" \/>\n<meta property=\"og:url\" content=\"https:\/\/www.electroluxprofessional.com\/pl\/twoj-biznes\/pralnie-komercyjne\/pralnie-przemyslowe\/\" \/>\n<meta property=\"og:site_name\" content=\"Electrolux Professional Polska\" \/>\n<meta property=\"article:modified_time\" content=\"2025-11-05T15:31:14+00:00\" \/>\n<meta property=\"og:image\" content=\"https:\/\/www.electroluxprofessional.com\/pl\/wp-content\/uploads\/2016\/05\/heavy-duty-laundry-1.jpg\" \/>\n\t<meta property=\"og:image:width\" content=\"800\" \/>\n\t<meta property=\"og:image:height\" content=\"562\" \/>\n\t<meta property=\"og:image:type\" content=\"image\/jpeg\" \/>\n<meta name=\"twitter:card\" content=\"summary_large_image\" \/>\n<meta name=\"twitter:label1\" content=\"Szacowany czas czytania\" \/>\n\t<meta name=\"twitter:data1\" content=\"4 minuty\" \/>\n<script type=\"application\/ld+json\" class=\"yoast-schema-graph\">{\"@context\":\"https:\/\/schema.org\",\"@graph\":[{\"@type\":\"WebPage\",\"@id\":\"https:\/\/www.electroluxprofessional.com\/pl\/twoj-biznes\/pralnie-komercyjne\/pralnie-przemyslowe\/\",\"url\":\"https:\/\/www.electroluxprofessional.com\/pl\/twoj-biznes\/pralnie-komercyjne\/pralnie-przemyslowe\/\",\"name\":\"Pralnie przemys\u0142owe Electrolux Professional\",\"isPartOf\":{\"@id\":\"https:\/\/www.electroluxprofessional.com\/pl\/#website\"},\"primaryImageOfPage\":{\"@id\":\"https:\/\/www.electroluxprofessional.com\/pl\/twoj-biznes\/pralnie-komercyjne\/pralnie-przemyslowe\/#primaryimage\"},\"image\":{\"@id\":\"https:\/\/www.electroluxprofessional.com\/pl\/twoj-biznes\/pralnie-komercyjne\/pralnie-przemyslowe\/#primaryimage\"},\"thumbnailUrl\":\"https:\/\/www.electroluxprofessional.com\/pl\/wp-content\/uploads\/2016\/05\/heavy-duty-laundry-1.jpg\",\"datePublished\":\"2016-05-31T13:56:37+00:00\",\"dateModified\":\"2025-11-05T15:31:14+00:00\",\"description\":\"Wysoka jako\u015b\u0107, najwy\u017csza produktywno\u015b\u0107, niskie koszty pracy i maksymalna przejrzysto\u015b\u0107 procesu prania.\",\"breadcrumb\":{\"@id\":\"https:\/\/www.electroluxprofessional.com\/pl\/twoj-biznes\/pralnie-komercyjne\/pralnie-przemyslowe\/#breadcrumb\"},\"inLanguage\":\"pl-PL\",\"potentialAction\":[{\"@type\":\"ReadAction\",\"target\":[\"https:\/\/www.electroluxprofessional.com\/pl\/twoj-biznes\/pralnie-komercyjne\/pralnie-przemyslowe\/\"]}]},{\"@type\":\"ImageObject\",\"inLanguage\":\"pl-PL\",\"@id\":\"https:\/\/www.electroluxprofessional.com\/pl\/twoj-biznes\/pralnie-komercyjne\/pralnie-przemyslowe\/#primaryimage\",\"url\":\"https:\/\/www.electroluxprofessional.com\/pl\/wp-content\/uploads\/2016\/05\/heavy-duty-laundry-1.jpg\",\"contentUrl\":\"https:\/\/www.electroluxprofessional.com\/pl\/wp-content\/uploads\/2016\/05\/heavy-duty-laundry-1.jpg\",\"width\":800,\"height\":562,\"caption\":\"commercial laundries\"},{\"@type\":\"BreadcrumbList\",\"@id\":\"https:\/\/www.electroluxprofessional.com\/pl\/twoj-biznes\/pralnie-komercyjne\/pralnie-przemyslowe\/#breadcrumb\",\"itemListElement\":[{\"@type\":\"ListItem\",\"position\":1,\"name\":\"Strona g\u0142\u00f3wna\",\"item\":\"https:\/\/www.electroluxprofessional.com\/pl\/\"},{\"@type\":\"ListItem\",\"position\":2,\"name\":\"Tw\u00f3j biznes\",\"item\":\"https:\/\/www.electroluxprofessional.com\/pl\/twoj-biznes\/\"},{\"@type\":\"ListItem\",\"position\":3,\"name\":\"Pralnie komercyjne\",\"item\":\"https:\/\/www.electroluxprofessional.com\/pl\/twoj-biznes\/pralnie-komercyjne\/\"},{\"@type\":\"ListItem\",\"position\":4,\"name\":\"Pralnie przemys\u0142owe\"}]},{\"@type\":\"WebSite\",\"@id\":\"https:\/\/www.electroluxprofessional.com\/pl\/#website\",\"url\":\"https:\/\/www.electroluxprofessional.com\/pl\/\",\"name\":\"Electrolux Professional Polska\",\"description\":\"\",\"potentialAction\":[{\"@type\":\"SearchAction\",\"target\":{\"@type\":\"EntryPoint\",\"urlTemplate\":\"https:\/\/www.electroluxprofessional.com\/pl\/?src={search_term_string}\"},\"query-input\":\"required name=search_term_string\"}],\"inLanguage\":\"pl-PL\"}]}<\/script>\n<!-- \/ Yoast SEO plugin. -->","yoast_head_json":{"title":"Pralnie przemys\u0142owe Electrolux Professional","description":"Wysoka jako\u015b\u0107, najwy\u017csza produktywno\u015b\u0107, niskie koszty pracy i maksymalna przejrzysto\u015b\u0107 procesu prania.","robots":{"index":"index","follow":"follow","max-snippet":"max-snippet:-1","max-image-preview":"max-image-preview:large","max-video-preview":"max-video-preview:-1"},"canonical":"https:\/\/www.electroluxprofessional.com\/pl\/twoj-biznes\/pralnie-komercyjne\/pralnie-przemyslowe\/","og_locale":"pl_PL","og_type":"article","og_title":"Pralnie przemys\u0142owe Electrolux Professional","og_description":"Wysoka jako\u015b\u0107, najwy\u017csza produktywno\u015b\u0107, niskie koszty pracy i maksymalna przejrzysto\u015b\u0107 procesu prania.","og_url":"https:\/\/www.electroluxprofessional.com\/pl\/twoj-biznes\/pralnie-komercyjne\/pralnie-przemyslowe\/","og_site_name":"Electrolux Professional Polska","article_modified_time":"2025-11-05T15:31:14+00:00","og_image":[{"width":800,"height":562,"url":"https:\/\/www.electroluxprofessional.com\/pl\/wp-content\/uploads\/2016\/05\/heavy-duty-laundry-1.jpg","type":"image\/jpeg"}],"twitter_card":"summary_large_image","twitter_misc":{"Szacowany czas czytania":"4 minuty"},"schema":{"@context":"https:\/\/schema.org","@graph":[{"@type":"WebPage","@id":"https:\/\/www.electroluxprofessional.com\/pl\/twoj-biznes\/pralnie-komercyjne\/pralnie-przemyslowe\/","url":"https:\/\/www.electroluxprofessional.com\/pl\/twoj-biznes\/pralnie-komercyjne\/pralnie-przemyslowe\/","name":"Pralnie przemys\u0142owe Electrolux Professional","isPartOf":{"@id":"https:\/\/www.electroluxprofessional.com\/pl\/#website"},"primaryImageOfPage":{"@id":"https:\/\/www.electroluxprofessional.com\/pl\/twoj-biznes\/pralnie-komercyjne\/pralnie-przemyslowe\/#primaryimage"},"image":{"@id":"https:\/\/www.electroluxprofessional.com\/pl\/twoj-biznes\/pralnie-komercyjne\/pralnie-przemyslowe\/#primaryimage"},"thumbnailUrl":"https:\/\/www.electroluxprofessional.com\/pl\/wp-content\/uploads\/2016\/05\/heavy-duty-laundry-1.jpg","datePublished":"2016-05-31T13:56:37+00:00","dateModified":"2025-11-05T15:31:14+00:00","description":"Wysoka jako\u015b\u0107, najwy\u017csza produktywno\u015b\u0107, niskie koszty pracy i maksymalna przejrzysto\u015b\u0107 procesu prania.","breadcrumb":{"@id":"https:\/\/www.electroluxprofessional.com\/pl\/twoj-biznes\/pralnie-komercyjne\/pralnie-przemyslowe\/#breadcrumb"},"inLanguage":"pl-PL","potentialAction":[{"@type":"ReadAction","target":["https:\/\/www.electroluxprofessional.com\/pl\/twoj-biznes\/pralnie-komercyjne\/pralnie-przemyslowe\/"]}]},{"@type":"ImageObject","inLanguage":"pl-PL","@id":"https:\/\/www.electroluxprofessional.com\/pl\/twoj-biznes\/pralnie-komercyjne\/pralnie-przemyslowe\/#primaryimage","url":"https:\/\/www.electroluxprofessional.com\/pl\/wp-content\/uploads\/2016\/05\/heavy-duty-laundry-1.jpg","contentUrl":"https:\/\/www.electroluxprofessional.com\/pl\/wp-content\/uploads\/2016\/05\/heavy-duty-laundry-1.jpg","width":800,"height":562,"caption":"commercial laundries"},{"@type":"BreadcrumbList","@id":"https:\/\/www.electroluxprofessional.com\/pl\/twoj-biznes\/pralnie-komercyjne\/pralnie-przemyslowe\/#breadcrumb","itemListElement":[{"@type":"ListItem","position":1,"name":"Strona g\u0142\u00f3wna","item":"https:\/\/www.electroluxprofessional.com\/pl\/"},{"@type":"ListItem","position":2,"name":"Tw\u00f3j biznes","item":"https:\/\/www.electroluxprofessional.com\/pl\/twoj-biznes\/"},{"@type":"ListItem","position":3,"name":"Pralnie komercyjne","item":"https:\/\/www.electroluxprofessional.com\/pl\/twoj-biznes\/pralnie-komercyjne\/"},{"@type":"ListItem","position":4,"name":"Pralnie przemys\u0142owe"}]},{"@type":"WebSite","@id":"https:\/\/www.electroluxprofessional.com\/pl\/#website","url":"https:\/\/www.electroluxprofessional.com\/pl\/","name":"Electrolux Professional Polska","description":"","potentialAction":[{"@type":"SearchAction","target":{"@type":"EntryPoint","urlTemplate":"https:\/\/www.electroluxprofessional.com\/pl\/?src={search_term_string}"},"query-input":"required name=search_term_string"}],"inLanguage":"pl-PL"}]}},"_links":{"self":[{"href":"https:\/\/www.electroluxprofessional.com\/pl\/wp-json\/wp\/v2\/pages\/2267"}],"collection":[{"href":"https:\/\/www.electroluxprofessional.com\/pl\/wp-json\/wp\/v2\/pages"}],"about":[{"href":"https:\/\/www.electroluxprofessional.com\/pl\/wp-json\/wp\/v2\/types\/page"}],"author":[{"embeddable":true,"href":"https:\/\/www.electroluxprofessional.com\/pl\/wp-json\/wp\/v2\/users\/3"}],"replies":[{"embeddable":true,"href":"https:\/\/www.electroluxprofessional.com\/pl\/wp-json\/wp\/v2\/comments?post=2267"}],"version-history":[{"count":6,"href":"https:\/\/www.electroluxprofessional.com\/pl\/wp-json\/wp\/v2\/pages\/2267\/revisions"}],"predecessor-version":[{"id":11652,"href":"https:\/\/www.electroluxprofessional.com\/pl\/wp-json\/wp\/v2\/pages\/2267\/revisions\/11652"}],"up":[{"embeddable":true,"href":"https:\/\/www.electroluxprofessional.com\/pl\/wp-json\/wp\/v2\/pages\/1547"}],"wp:featuredmedia":[{"embeddable":true,"href":"https:\/\/www.electroluxprofessional.com\/pl\/wp-json\/wp\/v2\/media\/709"}],"wp:attachment":[{"href":"https:\/\/www.electroluxprofessional.com\/pl\/wp-json\/wp\/v2\/media?parent=2267"}],"curies":[{"name":"wp","href":"https:\/\/api.w.org\/{rel}","templated":true}]}}