{"id":2265,"date":"2016-12-07T13:44:48","date_gmt":"2016-12-07T12:44:48","guid":{"rendered":"https:\/\/www.electroluxprofessional.com\/?page_id=6575"},"modified":"2025-11-05T15:29:03","modified_gmt":"2025-11-05T15:29:03","slug":"hotel-chains-food-service","status":"publish","type":"page","link":"https:\/\/www.electroluxprofessional.com\/pl\/twoj-biznes\/hotel-chains-food-service\/","title":{"rendered":"Hotele sieciowe"},"content":{"rendered":"<p>[vc_row full_width=&#8221;electroluxpro-full-width-no-padding&#8221;][vc_column][elx_hero_slider label_text_color=&#8221;inherit&#8221; images=&#8221;2264&#8243;][elx_heading text_color=&#8221;orange&#8221; text_align=&#8221;text-left&#8221;]Budowanie Twojego \u0142a\u0144cucha warto\u015bci. Zr\u00f3bmy to wsp\u00f3lnie[\/elx_heading][\/elx_hero_slider][\/vc_column][\/vc_row][vc_row full_width=&#8221;electroluxpro-container-no-padding&#8221; full_height=&#8221;yes&#8221; parallax=&#8221;content-moving&#8221;][vc_column css=&#8221;.vc_custom_1472030236138{padding-top: 20px !important;}&#8221;][elx_heading font_container=&#8221;h1&#8243; font_size=&#8221;h3&#8243; text_color=&#8221;inherit&#8221; text_align=&#8221;text-center&#8221;]Zesp\u00f3\u0142 ekspert\u00f3w Electrolux zajmuj\u0105cych si\u0119 restauracjami sieciowymi udzieli Ci pe\u0142nego wsparcia w zakresie sp\u00f3jno\u015bci Twojego przedsi\u0119wzi\u0119cia.[\/elx_heading][vc_empty_space][\/vc_column][\/vc_row][vc_row][vc_column width=&#8221;1\/2&#8243;][elx_simple_block background_color=&#8221;inherit&#8221;][vc_column_text drop_caps=&#8221;big-first-letter&#8221;]Electrolux jest w stanie zagwarantowa\u0107, \u017ce ka\u017cda kuchnia lub pralnia w obr\u0119bie Twojej marki mo\u017ce zapewni\u0107 taki sam poziom<strong> innowacji, trwa\u0142o\u015bci, bezpiecze\u0144stwa i prostoty obs\u0142ugi.<\/strong><\/p>\n<p>Dzi\u0119ki naszemu globalnemu do\u015bwiadczeniu i ci\u0105g\u0142emu d\u0105\u017ceniu do doskona\u0142o\u015bci oraz Twoich ambicji, mo\u017cemy zbudowa\u0107 wsp\u00f3lnie doskona\u0142\u0105 sie\u0107.[\/vc_column_text][\/elx_simple_block][\/vc_column][vc_column width=&#8221;1\/2&#8243;][elx_image_block background_image=&#8221;475&#8243; minimum_height=&#8221;400px&#8221;][\/vc_column][\/vc_row][vc_row][vc_column][vc_empty_space][elx_heading text_color=&#8221;inherit&#8221; text_align=&#8221;text-center&#8221;]Co sprawia, \u017ce jeste\u015bmy wyj\u0105tkowi?[\/elx_heading][\/vc_column][\/vc_row][vc_row][vc_column width=&#8221;1\/2&#8243;][elx_simple_block background_color=&#8221;inherit&#8221;][vc_single_image image=&#8221;1621&#8243; img_size=&#8221;full&#8221; style=&#8221;vc_box_circle_2&#8243;][\/elx_simple_block][\/vc_column][vc_column width=&#8221;1\/2&#8243;][elx_simple_block background_color=&#8221;inherit&#8221;][vc_column_text drop_caps=&#8221;big-first-letter&#8221;]<\/p>\n<h3>Mandarin Oriental<\/h3>\n<p>Mediolan, W\u0142ochy<\/p>\n<h4>Najlepsze rozwi\u0105zania, doskona\u0142a obs\u0142uga<\/h4>\n<p><strong>Pe\u0142ne wyposa\u017cenie kuchni oraz pralni<\/strong><br \/>\nMandarin Oriental to ekskluzywny hotel znajduj\u0105cy si\u0119 w centrum Mediolanu. Zarz\u0105d hotelu akceptuje tylko najwy\u017cszej klasy innowacyjne rozwi\u0105zania.<br \/>\nDla tego te\u017c Mandarin Oriental wybra\u0142 urz\u0105dzenia Electrolux Professional w celu wyposa\u017cenia czterech kuchni oraz pralni wewn\u0119trznej.[\/vc_column_text][\/elx_simple_block][\/vc_column][\/vc_row][vc_row][vc_column width=&#8221;1\/2&#8243;][elx_simple_block background_color=&#8221;inherit&#8221;][vc_column_text drop_caps=&#8221;big-first-letter&#8221;]<\/p>\n<h3>Sofitel So<\/h3>\n<p>Singapur<\/p>\n<h4>Najwy\u017cszej klasy, luksusowy hotel butikowy<\/h4>\n<p><em>&#8220;Moja kuchnia to ca\u0142e moje \u017cycie zawodowe. To miejsce gdzie mog\u0119 tworzy\u0107, improwizowa\u0107 i robi\u0107 to co kocham, a <strong>Molteni jest najlepszym piecem<\/strong> na jakim pracowa\u0142am. To urz\u0105dzenie jest najcenniejszym, profesjonalnym instrumentem zapewniaj\u0105cym wspania\u0142y smak potraw za ka\u017cdym razem, jest najlepszym wsp\u00f3\u0142pracownikiem i najlepszym przyjacielem w restauracji\u201d<\/em><br \/>\n<strong>Anne-Cecile Degenne<\/strong>, szef kuchni[\/vc_column_text][\/elx_simple_block][\/vc_column][vc_column width=&#8221;1\/2&#8243;][elx_simple_block background_color=&#8221;inherit&#8221;][vc_single_image image=&#8221;435&#8243; img_size=&#8221;full&#8221; style=&#8221;vc_box_circle_2&#8243;][\/elx_simple_block][\/vc_column][\/vc_row][vc_row][vc_column width=&#8221;1\/2&#8243;][elx_simple_block background_color=&#8221;inherit&#8221;][vc_single_image image=&#8221;2262&#8243; img_size=&#8221;full&#8221; style=&#8221;vc_box_circle_2&#8243;][\/elx_simple_block][\/vc_column][vc_column width=&#8221;1\/2&#8243;][elx_simple_block background_color=&#8221;inherit&#8221;][vc_column_text drop_caps=&#8221;big-first-letter&#8221;]<\/p>\n<h3>Hilton Bomonti Hotel<\/h3>\n<p>Istambu\u0142<\/p>\n<p>Rol\u0105 szefa kuchni jest stworzenie symfonii smak\u00f3w dla ka\u017cdego z da\u0144 znajduj\u0105cych si\u0119 w jego menu. To on jest dyrygentem, jego kuchnia jest jego orkiestr\u0105, a ka\u017cda sekcja sk\u0142ada si\u0119 z podstawowych instrument\u00f3w do gotowania. Wszystko to ma swoj\u0105 rol\u0119 w tworzeniu prawdziwego arcydzie\u0142a.<br \/>\nNowy hotel Hilton Bomonti Istanbul, to najwi\u0119kszy pi\u0119ciogwiazdkowy obiekt oraz centrum konferencyjne w ca\u0142ej Turcji. Powstawanie symfonii smak\u00f3w zapewniaj\u0105 urz\u0105dzenia Electrolux Professional.[\/vc_column_text][\/elx_simple_block][\/vc_column][\/vc_row][vc_row][vc_column width=&#8221;1\/2&#8243;][elx_simple_block background_color=&#8221;inherit&#8221;][vc_column_text drop_caps=&#8221;big-first-letter&#8221;]<\/p>\n<h3>Rome Cavalieri, Waldorf Astoria Hotels and Resorts<\/h3>\n<p>Rzym, W\u0142ochy<\/p>\n<p>Szef kuchni Rome Cavalieri, Franco Verucci szuka\u0142 rozwi\u0105zania zdolnego do radzenia sobie w najbardziej wymagaj\u0105cych sytuacjach, zapewniaj\u0105c jednocze\u015bnie najwy\u017csz\u0105 jako\u015b\u0107 i maksymaln\u0105 wydajno\u015b\u0107. Zarz\u0105dzaj\u0105c wieloma kuchniami oraz obs\u0142ug\u0105 du\u017cych przyj\u0119\u0107, najw\u0142a\u015bciwszym partnerem w tym przedsi\u0119wzi\u0119ciu by\u0142 Electrolux Professional. Electrolux by\u0142 w stanie zapewni\u0107 doskona\u0142e rozwi\u0105zania, kt\u00f3re sprawi\u0142y, \u017ce jego \u017cycie zawodowe sta\u0142o si\u0119 prostsze i bardziej dochodowe dla hotelu.[\/vc_column_text][\/elx_simple_block][\/vc_column][vc_column width=&#8221;1\/2&#8243;][elx_simple_block background_color=&#8221;inherit&#8221;][vc_single_image image=&#8221;2263&#8243; img_size=&#8221;full&#8221; style=&#8221;vc_box_circle_2&#8243;][\/elx_simple_block][\/vc_column][\/vc_row][vc_row full_width=&#8221;electroluxpro-container-no-padding&#8221;][vc_column][vc_empty_space][elx_heading font_container=&#8221;h3&#8243; text_color=&#8221;inherit&#8221; text_align=&#8221;text-center&#8221;]Stw\u00f3rzmy wsp\u00f3lnie zwyci\u0119sk\u0105 dru\u017cyn\u0119[\/elx_heading][vc_empty_space height=&#8221;50px&#8221;][\/vc_column][\/vc_row][vc_row][vc_column width=&#8221;1\/2&#8243;][elx_simple_block background_color=&#8221;inherit&#8221;][elx_heading font_container=&#8221;h3&#8243; font_size=&#8221;h4&#8243; text_color=&#8221;inherit&#8221; text_align=&#8221;text-left&#8221;]Globalna dywizja R&amp;D: s\u0142uchaj\u0105c naszych klient\u00f3w, d\u0105\u017cymy do doskona\u0142o\u015bci[\/elx_heading][vc_column_text drop_caps=&#8221;big-first-letter&#8221;]Globalne zespo\u0142y badawczo-rozwojowe wykorzystuj\u0105 synergi\u0119 mi\u0119dzy wewn\u0119trznymi sektorami projektowania, aby zredukowa\u0107 czas wprowadzania na rynek produkt\u00f3w r\u00f3wnocze\u015bnie prowadz\u0105c badania rynkowe i poszukuj\u0105c nowych mo\u017cliwo\u015bci.[\/vc_column_text][\/elx_simple_block][\/vc_column][vc_column width=&#8221;1\/2&#8243;][elx_simple_block background_color=&#8221;inherit&#8221;][elx_heading font_container=&#8221;h3&#8243; font_size=&#8221;h4&#8243; text_color=&#8221;inherit&#8221; text_align=&#8221;text-left&#8221;]Najbardziej rozbudowana na \u015bwiecie sie\u0107 obs\u0142ugi klienta[\/elx_heading][vc_column_text drop_caps=&#8221;big-first-letter&#8221;]Electrolux posiada najbardziej rozbudowan\u0105 sie\u0107 obs\u0142ugi klienta na \u015bwiecie, kt\u00f3ra jest w stanie zaspokoi\u0107 Pa\u0144stwa potrzeby przed, w trakcie i po zakupie produkt\u00f3w.[\/vc_column_text][\/elx_simple_block][\/vc_column][\/vc_row][vc_row][vc_column][vc_empty_space height=&#8221;50px&#8221;][elx_heading font_size=&#8221;h2&#8243; text_color=&#8221;inherit&#8221;]B\u0105d\u017a w kontakcie z naszym zespo\u0142em ekspert\u00f3w.[\/elx_heading][elx_o2000_contact_us s=&#8221;Request of information about solutions for hotel chains&#8221; container=&#8221;elxcontactus1472110569&#8243; r=&#8221;Chcia\u0142bym dowiedzie\u0107 si\u0119 wi\u0119cej o waszych rozwi\u0105zaniach dla sieci hoteli. Prosz\u0119 si\u0119 ze mn\u0105 skontaktowa\u0107.&#8221;][\/vc_column][\/vc_row]<\/p>\n","protected":false},"excerpt":{"rendered":"<p>[vc_row full_width=&#8221;electroluxpro-full-width-no-padding&#8221;][vc_column][elx_hero_slider label_text_color=&#8221;inherit&#8221; images=&#8221;2264&#8243;][elx_heading text_color=&#8221;orange&#8221; text_align=&#8221;text-left&#8221;]Budowanie Twojego \u0142a\u0144cucha warto\u015bci. Zr\u00f3bmy to wsp\u00f3lnie[\/elx_heading][\/elx_hero_slider][\/vc_column][\/vc_row][vc_row full_width=&#8221;electroluxpro-container-no-padding&#8221; full_height=&#8221;yes&#8221; parallax=&#8221;content-moving&#8221;][vc_column css=&#8221;.vc_custom_1472030236138{padding-top: 20px !important;}&#8221;][elx_heading font_container=&#8221;h1&#8243; font_size=&#8221;h3&#8243; text_color=&#8221;inherit&#8221; text_align=&#8221;text-center&#8221;]Zesp\u00f3\u0142 ekspert\u00f3w Electrolux zajmuj\u0105cych si\u0119 restauracjami sieciowymi udzieli Ci pe\u0142nego wsparcia w zakresie sp\u00f3jno\u015bci Twojego przedsi\u0119wzi\u0119cia.[\/elx_heading][vc_empty_space][\/vc_column][\/vc_row][vc_row][vc_column width=&#8221;1\/2&#8243;][elx_simple_block background_color=&#8221;inherit&#8221;][vc_column_text drop_caps=&#8221;big-first-letter&#8221;]Electrolux jest w stanie zagwarantowa\u0107, \u017ce ka\u017cda kuchnia lub pralnia w obr\u0119bie Twojej marki mo\u017ce zapewni\u0107 [&hellip;]<\/p>\n","protected":false},"author":3,"featured_media":2111,"parent":2215,"menu_order":0,"comment_status":"closed","ping_status":"closed","template":"","meta":{"footnotes":""},"class_list":["post-2265","page","type-page","status-publish","has-post-thumbnail","hentry"],"acf":[],"yoast_head":"<!-- This site is optimized with the Yoast SEO plugin v23.3 - https:\/\/yoast.com\/wordpress\/plugins\/seo\/ -->\n<title>Hotele sieciowe - Electrolux Professional Polska<\/title>\n<meta name=\"description\" content=\"Electrolux jest w stanie zagwarantowa\u0107, \u017ce ka\u017cda kuchnia lub pralnia w obr\u0119bie Twojej marki mo\u017ce zapewni\u0107 taki sam poziom innowacji, trwa\u0142o\u015bci, bezpiecze\u0144stwa i prostoty obs\u0142ugi.\" \/>\n<meta name=\"robots\" content=\"index, follow, max-snippet:-1, max-image-preview:large, max-video-preview:-1\" \/>\n<link rel=\"canonical\" href=\"https:\/\/www.electroluxprofessional.com\/pl\/twoj-biznes\/hotel-chains-food-service\/\" \/>\n<meta property=\"og:locale\" content=\"pl_PL\" \/>\n<meta property=\"og:type\" content=\"article\" \/>\n<meta property=\"og:title\" content=\"Hotele sieciowe - Electrolux Professional Polska\" \/>\n<meta property=\"og:description\" content=\"Electrolux jest w stanie zagwarantowa\u0107, \u017ce ka\u017cda kuchnia lub pralnia w obr\u0119bie Twojej marki mo\u017ce zapewni\u0107 taki sam poziom innowacji, trwa\u0142o\u015bci, bezpiecze\u0144stwa i prostoty obs\u0142ugi.\" \/>\n<meta property=\"og:url\" content=\"https:\/\/www.electroluxprofessional.com\/pl\/twoj-biznes\/hotel-chains-food-service\/\" \/>\n<meta property=\"og:site_name\" content=\"Electrolux Professional Polska\" \/>\n<meta property=\"article:modified_time\" content=\"2025-11-05T15:29:03+00:00\" \/>\n<meta property=\"og:image\" content=\"https:\/\/www.electroluxprofessional.com\/pl\/wp-content\/uploads\/2017\/02\/hotel-chain-food.jpg\" \/>\n\t<meta property=\"og:image:width\" content=\"700\" \/>\n\t<meta property=\"og:image:height\" content=\"700\" \/>\n\t<meta property=\"og:image:type\" content=\"image\/jpeg\" \/>\n<meta name=\"twitter:card\" content=\"summary_large_image\" \/>\n<meta name=\"twitter:label1\" content=\"Szacowany czas czytania\" \/>\n\t<meta name=\"twitter:data1\" content=\"4 minuty\" \/>\n<script type=\"application\/ld+json\" class=\"yoast-schema-graph\">{\"@context\":\"https:\/\/schema.org\",\"@graph\":[{\"@type\":\"WebPage\",\"@id\":\"https:\/\/www.electroluxprofessional.com\/pl\/twoj-biznes\/hotel-chains-food-service\/\",\"url\":\"https:\/\/www.electroluxprofessional.com\/pl\/twoj-biznes\/hotel-chains-food-service\/\",\"name\":\"Hotele sieciowe - Electrolux Professional Polska\",\"isPartOf\":{\"@id\":\"https:\/\/www.electroluxprofessional.com\/pl\/#website\"},\"primaryImageOfPage\":{\"@id\":\"https:\/\/www.electroluxprofessional.com\/pl\/twoj-biznes\/hotel-chains-food-service\/#primaryimage\"},\"image\":{\"@id\":\"https:\/\/www.electroluxprofessional.com\/pl\/twoj-biznes\/hotel-chains-food-service\/#primaryimage\"},\"thumbnailUrl\":\"https:\/\/www.electroluxprofessional.com\/pl\/wp-content\/uploads\/2017\/02\/hotel-chain-food.jpg\",\"datePublished\":\"2016-12-07T12:44:48+00:00\",\"dateModified\":\"2025-11-05T15:29:03+00:00\",\"description\":\"Electrolux jest w stanie zagwarantowa\u0107, \u017ce ka\u017cda kuchnia lub pralnia w obr\u0119bie Twojej marki mo\u017ce zapewni\u0107 taki sam poziom innowacji, trwa\u0142o\u015bci, bezpiecze\u0144stwa i prostoty obs\u0142ugi.\",\"breadcrumb\":{\"@id\":\"https:\/\/www.electroluxprofessional.com\/pl\/twoj-biznes\/hotel-chains-food-service\/#breadcrumb\"},\"inLanguage\":\"pl-PL\",\"potentialAction\":[{\"@type\":\"ReadAction\",\"target\":[\"https:\/\/www.electroluxprofessional.com\/pl\/twoj-biznes\/hotel-chains-food-service\/\"]}]},{\"@type\":\"ImageObject\",\"inLanguage\":\"pl-PL\",\"@id\":\"https:\/\/www.electroluxprofessional.com\/pl\/twoj-biznes\/hotel-chains-food-service\/#primaryimage\",\"url\":\"https:\/\/www.electroluxprofessional.com\/pl\/wp-content\/uploads\/2017\/02\/hotel-chain-food.jpg\",\"contentUrl\":\"https:\/\/www.electroluxprofessional.com\/pl\/wp-content\/uploads\/2017\/02\/hotel-chain-food.jpg\",\"width\":700,\"height\":700,\"caption\":\"hotel-chain-food\"},{\"@type\":\"BreadcrumbList\",\"@id\":\"https:\/\/www.electroluxprofessional.com\/pl\/twoj-biznes\/hotel-chains-food-service\/#breadcrumb\",\"itemListElement\":[{\"@type\":\"ListItem\",\"position\":1,\"name\":\"Strona g\u0142\u00f3wna\",\"item\":\"https:\/\/www.electroluxprofessional.com\/pl\/\"},{\"@type\":\"ListItem\",\"position\":2,\"name\":\"Tw\u00f3j biznes\",\"item\":\"https:\/\/www.electroluxprofessional.com\/pl\/twoj-biznes\/\"},{\"@type\":\"ListItem\",\"position\":3,\"name\":\"Hotele sieciowe\"}]},{\"@type\":\"WebSite\",\"@id\":\"https:\/\/www.electroluxprofessional.com\/pl\/#website\",\"url\":\"https:\/\/www.electroluxprofessional.com\/pl\/\",\"name\":\"Electrolux Professional Polska\",\"description\":\"\",\"potentialAction\":[{\"@type\":\"SearchAction\",\"target\":{\"@type\":\"EntryPoint\",\"urlTemplate\":\"https:\/\/www.electroluxprofessional.com\/pl\/?src={search_term_string}\"},\"query-input\":\"required name=search_term_string\"}],\"inLanguage\":\"pl-PL\"}]}<\/script>\n<!-- \/ Yoast SEO plugin. -->","yoast_head_json":{"title":"Hotele sieciowe - Electrolux Professional Polska","description":"Electrolux jest w stanie zagwarantowa\u0107, \u017ce ka\u017cda kuchnia lub pralnia w obr\u0119bie Twojej marki mo\u017ce zapewni\u0107 taki sam poziom innowacji, trwa\u0142o\u015bci, bezpiecze\u0144stwa i prostoty obs\u0142ugi.","robots":{"index":"index","follow":"follow","max-snippet":"max-snippet:-1","max-image-preview":"max-image-preview:large","max-video-preview":"max-video-preview:-1"},"canonical":"https:\/\/www.electroluxprofessional.com\/pl\/twoj-biznes\/hotel-chains-food-service\/","og_locale":"pl_PL","og_type":"article","og_title":"Hotele sieciowe - Electrolux Professional Polska","og_description":"Electrolux jest w stanie zagwarantowa\u0107, \u017ce ka\u017cda kuchnia lub pralnia w obr\u0119bie Twojej marki mo\u017ce zapewni\u0107 taki sam poziom innowacji, trwa\u0142o\u015bci, bezpiecze\u0144stwa i prostoty obs\u0142ugi.","og_url":"https:\/\/www.electroluxprofessional.com\/pl\/twoj-biznes\/hotel-chains-food-service\/","og_site_name":"Electrolux Professional Polska","article_modified_time":"2025-11-05T15:29:03+00:00","og_image":[{"width":700,"height":700,"url":"https:\/\/www.electroluxprofessional.com\/pl\/wp-content\/uploads\/2017\/02\/hotel-chain-food.jpg","type":"image\/jpeg"}],"twitter_card":"summary_large_image","twitter_misc":{"Szacowany czas czytania":"4 minuty"},"schema":{"@context":"https:\/\/schema.org","@graph":[{"@type":"WebPage","@id":"https:\/\/www.electroluxprofessional.com\/pl\/twoj-biznes\/hotel-chains-food-service\/","url":"https:\/\/www.electroluxprofessional.com\/pl\/twoj-biznes\/hotel-chains-food-service\/","name":"Hotele sieciowe - Electrolux Professional Polska","isPartOf":{"@id":"https:\/\/www.electroluxprofessional.com\/pl\/#website"},"primaryImageOfPage":{"@id":"https:\/\/www.electroluxprofessional.com\/pl\/twoj-biznes\/hotel-chains-food-service\/#primaryimage"},"image":{"@id":"https:\/\/www.electroluxprofessional.com\/pl\/twoj-biznes\/hotel-chains-food-service\/#primaryimage"},"thumbnailUrl":"https:\/\/www.electroluxprofessional.com\/pl\/wp-content\/uploads\/2017\/02\/hotel-chain-food.jpg","datePublished":"2016-12-07T12:44:48+00:00","dateModified":"2025-11-05T15:29:03+00:00","description":"Electrolux jest w stanie zagwarantowa\u0107, \u017ce ka\u017cda kuchnia lub pralnia w obr\u0119bie Twojej marki mo\u017ce zapewni\u0107 taki sam poziom innowacji, trwa\u0142o\u015bci, bezpiecze\u0144stwa i prostoty obs\u0142ugi.","breadcrumb":{"@id":"https:\/\/www.electroluxprofessional.com\/pl\/twoj-biznes\/hotel-chains-food-service\/#breadcrumb"},"inLanguage":"pl-PL","potentialAction":[{"@type":"ReadAction","target":["https:\/\/www.electroluxprofessional.com\/pl\/twoj-biznes\/hotel-chains-food-service\/"]}]},{"@type":"ImageObject","inLanguage":"pl-PL","@id":"https:\/\/www.electroluxprofessional.com\/pl\/twoj-biznes\/hotel-chains-food-service\/#primaryimage","url":"https:\/\/www.electroluxprofessional.com\/pl\/wp-content\/uploads\/2017\/02\/hotel-chain-food.jpg","contentUrl":"https:\/\/www.electroluxprofessional.com\/pl\/wp-content\/uploads\/2017\/02\/hotel-chain-food.jpg","width":700,"height":700,"caption":"hotel-chain-food"},{"@type":"BreadcrumbList","@id":"https:\/\/www.electroluxprofessional.com\/pl\/twoj-biznes\/hotel-chains-food-service\/#breadcrumb","itemListElement":[{"@type":"ListItem","position":1,"name":"Strona g\u0142\u00f3wna","item":"https:\/\/www.electroluxprofessional.com\/pl\/"},{"@type":"ListItem","position":2,"name":"Tw\u00f3j biznes","item":"https:\/\/www.electroluxprofessional.com\/pl\/twoj-biznes\/"},{"@type":"ListItem","position":3,"name":"Hotele sieciowe"}]},{"@type":"WebSite","@id":"https:\/\/www.electroluxprofessional.com\/pl\/#website","url":"https:\/\/www.electroluxprofessional.com\/pl\/","name":"Electrolux Professional Polska","description":"","potentialAction":[{"@type":"SearchAction","target":{"@type":"EntryPoint","urlTemplate":"https:\/\/www.electroluxprofessional.com\/pl\/?src={search_term_string}"},"query-input":"required name=search_term_string"}],"inLanguage":"pl-PL"}]}},"_links":{"self":[{"href":"https:\/\/www.electroluxprofessional.com\/pl\/wp-json\/wp\/v2\/pages\/2265"}],"collection":[{"href":"https:\/\/www.electroluxprofessional.com\/pl\/wp-json\/wp\/v2\/pages"}],"about":[{"href":"https:\/\/www.electroluxprofessional.com\/pl\/wp-json\/wp\/v2\/types\/page"}],"author":[{"embeddable":true,"href":"https:\/\/www.electroluxprofessional.com\/pl\/wp-json\/wp\/v2\/users\/3"}],"replies":[{"embeddable":true,"href":"https:\/\/www.electroluxprofessional.com\/pl\/wp-json\/wp\/v2\/comments?post=2265"}],"version-history":[{"count":8,"href":"https:\/\/www.electroluxprofessional.com\/pl\/wp-json\/wp\/v2\/pages\/2265\/revisions"}],"predecessor-version":[{"id":11645,"href":"https:\/\/www.electroluxprofessional.com\/pl\/wp-json\/wp\/v2\/pages\/2265\/revisions\/11645"}],"up":[{"embeddable":true,"href":"https:\/\/www.electroluxprofessional.com\/pl\/wp-json\/wp\/v2\/pages\/2215"}],"wp:featuredmedia":[{"embeddable":true,"href":"https:\/\/www.electroluxprofessional.com\/pl\/wp-json\/wp\/v2\/media\/2111"}],"wp:attachment":[{"href":"https:\/\/www.electroluxprofessional.com\/pl\/wp-json\/wp\/v2\/media?parent=2265"}],"curies":[{"name":"wp","href":"https:\/\/api.w.org\/{rel}","templated":true}]}}