{"id":2258,"date":"2016-05-13T13:56:38","date_gmt":"2016-05-13T13:56:38","guid":{"rendered":"https:\/\/www.electroluxprofessional.com\/?page_id=719"},"modified":"2025-11-05T15:28:09","modified_gmt":"2025-11-05T15:28:09","slug":"restauracje","status":"publish","type":"page","link":"https:\/\/www.electroluxprofessional.com\/pl\/twoj-biznes\/restauracje\/","title":{"rendered":"Restauracje"},"content":{"rendered":"<p>[vc_row full_width=&#8221;electroluxpro-full-width-no-padding&#8221; equal_height=&#8221;yes&#8221;][vc_column reveal_effect=&#8221;&#8221; width=&#8221;1\/2&#8243;][elx_citation name=&#8221;Simon Hulstone, szef kuchni i w\u0142a\u015bciciel&#8221; company=&#8221;The Elephant &#8211; restauracja posiadaj\u0105ca gwiazdk\u0119 Michelin, Devon \u2013 Wielka Brytania&#8221;][elx_heading text_color=&#8221;inherit&#8221;]Sprz\u0119t Electrolux Professional doskonale sprawdzi\u0142 si\u0119 w mojej kuchni. Nie zawaha\u0142bym si\u0119 poleci\u0107 produkt\u00f3w Electrolux innym osobom z bran\u017cy.[\/elx_heading][\/elx_citation][\/vc_column][vc_column reveal_effect=&#8221;&#8221; width=&#8221;1\/2&#8243;][elx_image_block background_image=&#8221;595&#8243; minimum_height=&#8221;650px&#8221;][\/vc_column][\/vc_row][vc_row css=&#8221;.vc_custom_1464617547121{padding-bottom: 20px !important;}&#8221;][vc_column][vc_empty_space][elx_heading font_container=&#8221;h1&#8243; font_size=&#8221;h2&#8243; text_color=&#8221;inherit&#8221; text_align=&#8221;text-center&#8221;]<\/p>\n<h1 style=\"color: #d08390; text-align: center;\">Restauracje<\/h1>\n<p>[\/elx_heading][vc_column_text]<\/p>\n<h3 style=\"text-align: center;\">Zdarza si\u0119, \u017ce prowadzenie <span style=\"color: #ea6953;\">kuchni w restauracji<\/span> staje si\u0119 bardzo trudnym zadaniem. Dlatego wa\u017cne jest, aby posiada\u0107 partnera, na kt\u00f3rego zawsze mo\u017cna liczy\u0107.<\/h3>\n<p>[\/vc_column_text][\/vc_column][\/vc_row][vc_row full_width=&#8221;electroluxpro-full-width-no-padding&#8221; equal_height=&#8221;yes&#8221; css=&#8221;.vc_custom_1464688891592{background-color: #f8f6f9 !important;}&#8221;][vc_column width=&#8221;1\/2&#8243; css=&#8221;.vc_custom_1464680696345{padding-top: 30px !important;}&#8221;][elx_simple_block background_color=&#8221;inherit&#8221;][elx_heading font_container=&#8221;h3&#8243; text_color=&#8221;inherit&#8221;]Wybieraj\u0105c <strong>rozwi\u0105zania oferowane przez Electrolux Professional <\/strong> zyskujesz elastyczno\u015b\u0107, prostot\u0119 obs\u0142ugi i wygod\u0119, kt\u00f3rej szukasz.[\/elx_heading][\/elx_simple_block][\/vc_column][vc_column width=&#8221;1\/2&#8243;][elx_image_block background_image=&#8221;596&#8243; minimum_height=&#8221;500px&#8221;][\/vc_column][\/vc_row][vc_row full_width=&#8221;electroluxpro-full-width-no-padding&#8221;][vc_column width=&#8221;1\/2&#8243;][elx_image_block background_image=&#8221;597&#8243; minimum_height=&#8221;500px&#8221;][\/vc_column][vc_column width=&#8221;1\/2&#8243; css=&#8221;.vc_custom_1484036847003{margin-top: 30px !important;border-top-width: 30px !important;padding-top: 30px !important;}&#8221;][elx_simple_block background_color=&#8221;inherit&#8221;][elx_heading font_container=&#8221;h3&#8243; text_color=&#8221;inherit&#8221;]Kuchnia, kt\u00f3ra pozwali Ci prze\u015bcign\u0105\u0107 konkurencj\u0119<br \/>\n[\/elx_heading][vc_column_text css_animation=&#8221;right-to-left&#8221;]Stworzone aby by\u0107 prawdziwym partnerem dla najlepszych szef\u00f3w kuchni,\u00a0<strong>linie thermaline oraz Molteni od <\/strong>Electrolux Professional spe\u0142niaj\u0105 wszystkie wymogi stawiane przez <strong> najwy\u017cszej klasy restauracje.<\/strong>[\/vc_column_text][\/elx_simple_block][\/vc_column][\/vc_row][vc_row full_width=&#8221;electroluxpro-full-width-no-padding&#8221; equal_height=&#8221;yes&#8221; css=&#8221;.vc_custom_1464688903664{background-color: #f8f6f9 !important;}&#8221;][vc_column width=&#8221;1\/2&#8243;][elx_simple_block background_color=&#8221;inherit&#8221;][elx_heading font_container=&#8221;h3&#8243; text_color=&#8221;inherit&#8221;]Zaspokajamy <strong>wszystkie potrzeby.<\/strong><br \/>\n[\/elx_heading][vc_column_text css_animation=&#8221;left-to-right&#8221;]Niezale\u017cnie od tego, czy prowadzisz <strong>sie\u0107 restauracji, restauracj\u0119 szybkiej obs\u0142ugi,<\/strong> czy <strong>najbardziej ekskluzywny lokal w mie\u015bcie<\/strong>, Electrolux Professional zapewnia rozwi\u0105zania, kt\u00f3re pomagaj\u0105 rozwi\u0105za\u0107 nawet najtrudniejsze problemy.[\/vc_column_text][\/elx_simple_block][\/vc_column][vc_column width=&#8221;1\/2&#8243;][elx_image_block background_image=&#8221;598&#8243; minimum_height=&#8221;500px&#8221;][\/vc_column][\/vc_row][vc_row][vc_column css=&#8221;.vc_custom_1484036722557{padding-top: 30px !important;padding-bottom: 10px !important;}&#8221;][vc_empty_space][elx_heading text_color=&#8221;inherit&#8221; text_align=&#8221;text-center&#8221;]Nasze rozwi\u0105zania dla Twojej firmy<\/p>\n<p>[\/elx_heading][\/vc_column][\/vc_row][vc_row equal_height=&#8221;yes&#8221; css=&#8221;.vc_custom_1484036708031{padding-top: 20px !important;padding-bottom: 10px !important;background-color: #f7f6f6 !important;}&#8221;][vc_column width=&#8221;1\/3&#8243;][elx_image_block background_image=&#8221;599&#8243; minimum_height=&#8221;332px&#8221;][elx_heading text_color=&#8221;inherit&#8221;]Restauracje najwy\u017cszej klasy[\/elx_heading][\/vc_column][vc_column width=&#8221;1\/3&#8243;][elx_image_block background_image=&#8221;600&#8243; minimum_height=&#8221;332px&#8221;][elx_heading text_color=&#8221;inherit&#8221;]Restauracje Full service[\/elx_heading][\/vc_column][vc_column width=&#8221;1\/3&#8243;][elx_image_block background_image=&#8221;601&#8243; minimum_height=&#8221;332px&#8221;][elx_heading text_color=&#8221;inherit&#8221;]Restauracje szybkiej obs\u0142ugi[\/elx_heading][\/vc_column][\/vc_row][vc_row][vc_column][vc_empty_space][\/vc_column][\/vc_row][vc_row full_width=&#8221;electroluxpro-container-no-padding&#8221; equal_height=&#8221;yes&#8221; content_placement=&#8221;middle&#8221;][vc_column width=&#8221;1\/3&#8243;][elx_image_block background_image=&#8221;1289&#8243; minimum_height=&#8221;309px&#8221;][\/vc_column][vc_column width=&#8221;1\/3&#8243;][elx_simple_block text_align=&#8221;text-center&#8221; background_color=&#8221;electrolux-blue&#8221;][elx_heading text_color=&#8221;white&#8221;]Sieci restauracji[\/elx_heading][vc_column_text]<\/p>\n<p style=\"text-align: center;\"><span style=\"color: #ffffff;\">Co nas wyr\u00f3\u017cnia?<\/span><\/p>\n<p>&nbsp;<\/p>\n<p>[\/vc_column_text][elx_button button_text=&#8221;Dowiedz si\u0119 wi\u0119cej&#8221; button_link=&#8221;url:https%3A%2F%2Fprofessional.electrolux.pl%2Ftwoj-biznes%2Fsieci-restauracji%2F|||&#8221;][\/elx_simple_block][\/vc_column][vc_column width=&#8221;1\/3&#8243;][elx_image_block background_image=&#8221;1740&#8243; vert_back_position=&#8221;top&#8221; minimum_height=&#8221;309px&#8221;][\/vc_column][\/vc_row][vc_row][vc_column][vc_empty_space][\/vc_column][\/vc_row][vc_row][vc_column][elx_heading font_container=&#8221;h3&#8243; text_color=&#8221;inherit&#8221;]Dowiedz si\u0119 jak Electrolux mo\u017ce pom\u00f3c Twojej firmie.[\/elx_heading][elx_o2000_contact_us s=&#8221;Your request for information: restaurants&#8221; country=&#8221;Poland&#8221; container=&#8221;elxcontactus1466432017&#8243; r=&#8221;Chcia\u0142bym dowiedzie\u0107 si\u0119 wi\u0119cej o rozwi\u0105zaniach dla restauracji. Prosz\u0119 si\u0119 ze mn\u0105 skontaktowa\u0107.&#8221; l=&#8221;pl&#8221;][\/vc_column][\/vc_row][vc_row css=&#8221;.vc_custom_1464686680535{padding-bottom: 30px !important;}&#8221;][vc_column][vc_empty_space][elx_heading text_color=&#8221;inherit&#8221; text_align=&#8221;text-center&#8221;]G\u0142os naszych klient\u00f3w<\/p>\n<p>[\/elx_heading][\/vc_column][\/vc_row][vc_row full_width=&#8221;electroluxpro-full-width-no-padding&#8221; equal_height=&#8221;yes&#8221; css=&#8221;.vc_custom_1464688913589{background-color: #f8f6f9 !important;}&#8221;][vc_column width=&#8221;1\/2&#8243;][elx_video_block background_image=&#8221;602&#8243; minimum_height=&#8221;500px&#8221;][\/vc_column][vc_column width=&#8221;1\/2&#8243;][elx_simple_block background_color=&#8221;inherit&#8221;][elx_heading text_color=&#8221;inherit&#8221;]Priceless Mediolan[\/elx_heading][vc_column_text]<em>&#8220;Kuchnia wyposa\u017cona w sprz\u0119t Electrolux ma tak wiele zalet, \u017ce z czystym sumieniem mog\u0119 poleci\u0107 Electrolux Professional swoim kolegom, nie tylko we W\u0142oszech, ale na ca\u0142ym \u015bwiecie&#8221;.<\/em><\/p>\n<p><strong>Christian Pircher, szef kuchni JRE Kirchsteiger Restaurant w Foianie<\/strong>[\/vc_column_text][\/elx_simple_block][\/vc_column][\/vc_row][vc_row css=&#8221;.vc_custom_1464687597749{padding-top: 50px !important;}&#8221;][vc_column width=&#8221;1\/2&#8243; css=&#8221;.vc_custom_1483967356715{padding-right: 50px !important;}&#8221;][elx_image_block background_image=&#8221;603&#8243; minimum_height=&#8221;400px&#8221;][\/vc_column][vc_column width=&#8221;1\/2&#8243;][elx_heading text_color=&#8221;inherit&#8221;]IYO[\/elx_heading][vc_column_text css_animation=&#8221;right-to-left&#8221; css=&#8221;.vc_custom_1500631540542{padding-top: 15px !important;}&#8221;]&#8221;<em>Wybrali\u015bmy firm\u0119 Electrolux Professional, poniewa\u017c pod wzgl\u0119dem technologii i funkcjonalno\u015bci jest to dla nas prawdziwy krok na prz\u00f3d. Szczeg\u00f3lnie jeste\u015bmy zadowoleni z bloku kuchennego thermaline, poniewa\u017c jest on w stanie zagwarantowa\u0107 nam niezr\u00f3wnan\u0105 skuteczno\u015b\u0107 i solidno\u015b\u0107 <\/em>&#8220;.<\/p>\n<p><strong>Claudio Liu, za\u0142o\u017cyciel<\/strong><\/p>\n<p><strong>Iyo \u2013 restauracja posiadaj\u0105ca gwiazdk\u0119 Michelin, Mediolan, W\u0142ochy<\/strong>[\/vc_column_text][\/vc_column][\/vc_row][vc_row css=&#8221;.vc_custom_1464691641827{padding-top: 50px !important;padding-bottom: 50px !important;}&#8221;][vc_column width=&#8221;1\/2&#8243; css=&#8221;.vc_custom_1483967393960{padding-right: 50px !important;}&#8221;][elx_image_block background_image=&#8221;2256&#8243; vert_back_position=&#8221;top&#8221; minimum_height=&#8221;350px&#8221;][\/vc_column][vc_column width=&#8221;1\/2&#8243;][elx_heading text_color=&#8221;inherit&#8221;]Tiergarten[\/elx_heading][vc_column_text css_animation=&#8221;right-to-left&#8221; css=&#8221;.vc_custom_1500631710425{padding-top: 15px !important;}&#8221;]<em>&#8220;Decyzja o zakupie urz\u0105dze\u0144 Electrolux Professional by\u0142a wynikiem przetargu. Electrolux Professional zosta\u0142 wybrany dzi\u0119ki oferowanemu wsparciu, niezawodno\u015bci\u0105 produkt\u00f3w i stosunkiem ceny do wydajno\u015bci &#8220;.<\/em><\/p>\n<p><strong>Maikel Konrad, Szef kuchni<\/strong> <strong> w Restaurant Tiergarten<\/strong>[\/vc_column_text][\/vc_column][\/vc_row][vc_row][vc_column][vc_empty_space][elx_heading font_container=&#8221;h3&#8243; text_color=&#8221;inherit&#8221;]Dowiedz si\u0119 jak Electrolux mo\u017ce pom\u00f3c Twojej firmie.[\/elx_heading][elx_o2000_contact_us s=&#8221;Your request for information: restaurants&#8221; container=&#8221;elxcontactus1466432174&#8243; r=&#8221;Chcia\u0142bym dowiedzie\u0107 si\u0119 wi\u0119cej o rozwi\u0105zaniach dla restauracji. Prosz\u0119 si\u0119 ze mn\u0105 skontaktowa\u0107.&#8221;][\/vc_column][\/vc_row][vc_row][vc_column][vc_empty_space][\/vc_column][\/vc_row]<\/p>\n","protected":false},"excerpt":{"rendered":"<p>[vc_row full_width=&#8221;electroluxpro-full-width-no-padding&#8221; equal_height=&#8221;yes&#8221;][vc_column reveal_effect=&#8221;&#8221; width=&#8221;1\/2&#8243;][elx_citation name=&#8221;Simon Hulstone, szef kuchni i w\u0142a\u015bciciel&#8221; company=&#8221;The Elephant &#8211; restauracja posiadaj\u0105ca gwiazdk\u0119 Michelin, Devon \u2013 Wielka Brytania&#8221;][elx_heading text_color=&#8221;inherit&#8221;]Sprz\u0119t Electrolux Professional doskonale sprawdzi\u0142 si\u0119 w mojej kuchni. Nie zawaha\u0142bym si\u0119 poleci\u0107 produkt\u00f3w Electrolux innym osobom z bran\u017cy.[\/elx_heading][\/elx_citation][\/vc_column][vc_column reveal_effect=&#8221;&#8221; width=&#8221;1\/2&#8243;][elx_image_block background_image=&#8221;595&#8243; minimum_height=&#8221;650px&#8221;][\/vc_column][\/vc_row][vc_row css=&#8221;.vc_custom_1464617547121{padding-bottom: 20px !important;}&#8221;][vc_column][vc_empty_space][elx_heading font_container=&#8221;h1&#8243; font_size=&#8221;h2&#8243; text_color=&#8221;inherit&#8221; text_align=&#8221;text-center&#8221;] Restauracje [\/elx_heading][vc_column_text] Zdarza [&hellip;]<\/p>\n","protected":false},"author":3,"featured_media":598,"parent":2215,"menu_order":0,"comment_status":"closed","ping_status":"closed","template":"","meta":{"footnotes":""},"class_list":["post-2258","page","type-page","status-publish","has-post-thumbnail","hentry"],"acf":[],"yoast_head":"<!-- This site is optimized with the Yoast SEO plugin v23.3 - https:\/\/yoast.com\/wordpress\/plugins\/seo\/ -->\n<title>Rozwi\u0105zania dla restauracji i gastronomii Electrolux Professional Polska<\/title>\n<meta name=\"description\" content=\"Wybieraj\u0105c rozwi\u0105zania oferowane przez Electrolux Professional zyskujesz elastyczno\u015b\u0107, prostot\u0119 obs\u0142ugi i wygod\u0119, kt\u00f3rej szukasz.\" \/>\n<meta name=\"robots\" content=\"index, follow, max-snippet:-1, max-image-preview:large, max-video-preview:-1\" \/>\n<link rel=\"canonical\" href=\"https:\/\/www.electroluxprofessional.com\/pl\/twoj-biznes\/restauracje\/\" \/>\n<meta property=\"og:locale\" content=\"pl_PL\" \/>\n<meta property=\"og:type\" content=\"article\" \/>\n<meta property=\"og:title\" content=\"Rozwi\u0105zania dla restauracji i gastronomii Electrolux Professional Polska\" \/>\n<meta property=\"og:description\" content=\"Wybieraj\u0105c rozwi\u0105zania oferowane przez Electrolux Professional zyskujesz elastyczno\u015b\u0107, prostot\u0119 obs\u0142ugi i wygod\u0119, kt\u00f3rej szukasz.\" \/>\n<meta property=\"og:url\" content=\"https:\/\/www.electroluxprofessional.com\/pl\/twoj-biznes\/restauracje\/\" \/>\n<meta property=\"og:site_name\" content=\"Electrolux Professional Polska\" \/>\n<meta property=\"article:modified_time\" content=\"2025-11-05T15:28:09+00:00\" \/>\n<meta property=\"og:image\" content=\"https:\/\/www.electroluxprofessional.com\/pl\/wp-content\/uploads\/2016\/05\/fine-dining-restaurants.jpg\" \/>\n\t<meta property=\"og:image:width\" content=\"1000\" \/>\n\t<meta property=\"og:image:height\" content=\"667\" \/>\n\t<meta property=\"og:image:type\" content=\"image\/jpeg\" \/>\n<meta name=\"twitter:card\" content=\"summary_large_image\" \/>\n<meta name=\"twitter:label1\" content=\"Szacowany czas czytania\" \/>\n\t<meta name=\"twitter:data1\" content=\"4 minuty\" \/>\n<script type=\"application\/ld+json\" class=\"yoast-schema-graph\">{\"@context\":\"https:\/\/schema.org\",\"@graph\":[{\"@type\":\"WebPage\",\"@id\":\"https:\/\/www.electroluxprofessional.com\/pl\/twoj-biznes\/restauracje\/\",\"url\":\"https:\/\/www.electroluxprofessional.com\/pl\/twoj-biznes\/restauracje\/\",\"name\":\"Rozwi\u0105zania dla restauracji i gastronomii Electrolux Professional Polska\",\"isPartOf\":{\"@id\":\"https:\/\/www.electroluxprofessional.com\/pl\/#website\"},\"primaryImageOfPage\":{\"@id\":\"https:\/\/www.electroluxprofessional.com\/pl\/twoj-biznes\/restauracje\/#primaryimage\"},\"image\":{\"@id\":\"https:\/\/www.electroluxprofessional.com\/pl\/twoj-biznes\/restauracje\/#primaryimage\"},\"thumbnailUrl\":\"https:\/\/www.electroluxprofessional.com\/pl\/wp-content\/uploads\/2016\/05\/fine-dining-restaurants.jpg\",\"datePublished\":\"2016-05-13T13:56:38+00:00\",\"dateModified\":\"2025-11-05T15:28:09+00:00\",\"description\":\"Wybieraj\u0105c rozwi\u0105zania oferowane przez Electrolux Professional zyskujesz elastyczno\u015b\u0107, prostot\u0119 obs\u0142ugi i wygod\u0119, kt\u00f3rej szukasz.\",\"breadcrumb\":{\"@id\":\"https:\/\/www.electroluxprofessional.com\/pl\/twoj-biznes\/restauracje\/#breadcrumb\"},\"inLanguage\":\"pl-PL\",\"potentialAction\":[{\"@type\":\"ReadAction\",\"target\":[\"https:\/\/www.electroluxprofessional.com\/pl\/twoj-biznes\/restauracje\/\"]}]},{\"@type\":\"ImageObject\",\"inLanguage\":\"pl-PL\",\"@id\":\"https:\/\/www.electroluxprofessional.com\/pl\/twoj-biznes\/restauracje\/#primaryimage\",\"url\":\"https:\/\/www.electroluxprofessional.com\/pl\/wp-content\/uploads\/2016\/05\/fine-dining-restaurants.jpg\",\"contentUrl\":\"https:\/\/www.electroluxprofessional.com\/pl\/wp-content\/uploads\/2016\/05\/fine-dining-restaurants.jpg\",\"width\":1000,\"height\":667,\"caption\":\"fine dining restaurants\"},{\"@type\":\"BreadcrumbList\",\"@id\":\"https:\/\/www.electroluxprofessional.com\/pl\/twoj-biznes\/restauracje\/#breadcrumb\",\"itemListElement\":[{\"@type\":\"ListItem\",\"position\":1,\"name\":\"Strona g\u0142\u00f3wna\",\"item\":\"https:\/\/www.electroluxprofessional.com\/pl\/\"},{\"@type\":\"ListItem\",\"position\":2,\"name\":\"Tw\u00f3j biznes\",\"item\":\"https:\/\/www.electroluxprofessional.com\/pl\/twoj-biznes\/\"},{\"@type\":\"ListItem\",\"position\":3,\"name\":\"Restauracje\"}]},{\"@type\":\"WebSite\",\"@id\":\"https:\/\/www.electroluxprofessional.com\/pl\/#website\",\"url\":\"https:\/\/www.electroluxprofessional.com\/pl\/\",\"name\":\"Electrolux Professional Polska\",\"description\":\"\",\"potentialAction\":[{\"@type\":\"SearchAction\",\"target\":{\"@type\":\"EntryPoint\",\"urlTemplate\":\"https:\/\/www.electroluxprofessional.com\/pl\/?src={search_term_string}\"},\"query-input\":\"required name=search_term_string\"}],\"inLanguage\":\"pl-PL\"}]}<\/script>\n<!-- \/ Yoast SEO plugin. -->","yoast_head_json":{"title":"Rozwi\u0105zania dla restauracji i gastronomii Electrolux Professional Polska","description":"Wybieraj\u0105c rozwi\u0105zania oferowane przez Electrolux Professional zyskujesz elastyczno\u015b\u0107, prostot\u0119 obs\u0142ugi i wygod\u0119, kt\u00f3rej szukasz.","robots":{"index":"index","follow":"follow","max-snippet":"max-snippet:-1","max-image-preview":"max-image-preview:large","max-video-preview":"max-video-preview:-1"},"canonical":"https:\/\/www.electroluxprofessional.com\/pl\/twoj-biznes\/restauracje\/","og_locale":"pl_PL","og_type":"article","og_title":"Rozwi\u0105zania dla restauracji i gastronomii Electrolux Professional Polska","og_description":"Wybieraj\u0105c rozwi\u0105zania oferowane przez Electrolux Professional zyskujesz elastyczno\u015b\u0107, prostot\u0119 obs\u0142ugi i wygod\u0119, kt\u00f3rej szukasz.","og_url":"https:\/\/www.electroluxprofessional.com\/pl\/twoj-biznes\/restauracje\/","og_site_name":"Electrolux Professional Polska","article_modified_time":"2025-11-05T15:28:09+00:00","og_image":[{"width":1000,"height":667,"url":"https:\/\/www.electroluxprofessional.com\/pl\/wp-content\/uploads\/2016\/05\/fine-dining-restaurants.jpg","type":"image\/jpeg"}],"twitter_card":"summary_large_image","twitter_misc":{"Szacowany czas czytania":"4 minuty"},"schema":{"@context":"https:\/\/schema.org","@graph":[{"@type":"WebPage","@id":"https:\/\/www.electroluxprofessional.com\/pl\/twoj-biznes\/restauracje\/","url":"https:\/\/www.electroluxprofessional.com\/pl\/twoj-biznes\/restauracje\/","name":"Rozwi\u0105zania dla restauracji i gastronomii Electrolux Professional Polska","isPartOf":{"@id":"https:\/\/www.electroluxprofessional.com\/pl\/#website"},"primaryImageOfPage":{"@id":"https:\/\/www.electroluxprofessional.com\/pl\/twoj-biznes\/restauracje\/#primaryimage"},"image":{"@id":"https:\/\/www.electroluxprofessional.com\/pl\/twoj-biznes\/restauracje\/#primaryimage"},"thumbnailUrl":"https:\/\/www.electroluxprofessional.com\/pl\/wp-content\/uploads\/2016\/05\/fine-dining-restaurants.jpg","datePublished":"2016-05-13T13:56:38+00:00","dateModified":"2025-11-05T15:28:09+00:00","description":"Wybieraj\u0105c rozwi\u0105zania oferowane przez Electrolux Professional zyskujesz elastyczno\u015b\u0107, prostot\u0119 obs\u0142ugi i wygod\u0119, kt\u00f3rej szukasz.","breadcrumb":{"@id":"https:\/\/www.electroluxprofessional.com\/pl\/twoj-biznes\/restauracje\/#breadcrumb"},"inLanguage":"pl-PL","potentialAction":[{"@type":"ReadAction","target":["https:\/\/www.electroluxprofessional.com\/pl\/twoj-biznes\/restauracje\/"]}]},{"@type":"ImageObject","inLanguage":"pl-PL","@id":"https:\/\/www.electroluxprofessional.com\/pl\/twoj-biznes\/restauracje\/#primaryimage","url":"https:\/\/www.electroluxprofessional.com\/pl\/wp-content\/uploads\/2016\/05\/fine-dining-restaurants.jpg","contentUrl":"https:\/\/www.electroluxprofessional.com\/pl\/wp-content\/uploads\/2016\/05\/fine-dining-restaurants.jpg","width":1000,"height":667,"caption":"fine dining restaurants"},{"@type":"BreadcrumbList","@id":"https:\/\/www.electroluxprofessional.com\/pl\/twoj-biznes\/restauracje\/#breadcrumb","itemListElement":[{"@type":"ListItem","position":1,"name":"Strona g\u0142\u00f3wna","item":"https:\/\/www.electroluxprofessional.com\/pl\/"},{"@type":"ListItem","position":2,"name":"Tw\u00f3j biznes","item":"https:\/\/www.electroluxprofessional.com\/pl\/twoj-biznes\/"},{"@type":"ListItem","position":3,"name":"Restauracje"}]},{"@type":"WebSite","@id":"https:\/\/www.electroluxprofessional.com\/pl\/#website","url":"https:\/\/www.electroluxprofessional.com\/pl\/","name":"Electrolux Professional Polska","description":"","potentialAction":[{"@type":"SearchAction","target":{"@type":"EntryPoint","urlTemplate":"https:\/\/www.electroluxprofessional.com\/pl\/?src={search_term_string}"},"query-input":"required name=search_term_string"}],"inLanguage":"pl-PL"}]}},"_links":{"self":[{"href":"https:\/\/www.electroluxprofessional.com\/pl\/wp-json\/wp\/v2\/pages\/2258"}],"collection":[{"href":"https:\/\/www.electroluxprofessional.com\/pl\/wp-json\/wp\/v2\/pages"}],"about":[{"href":"https:\/\/www.electroluxprofessional.com\/pl\/wp-json\/wp\/v2\/types\/page"}],"author":[{"embeddable":true,"href":"https:\/\/www.electroluxprofessional.com\/pl\/wp-json\/wp\/v2\/users\/3"}],"replies":[{"embeddable":true,"href":"https:\/\/www.electroluxprofessional.com\/pl\/wp-json\/wp\/v2\/comments?post=2258"}],"version-history":[{"count":10,"href":"https:\/\/www.electroluxprofessional.com\/pl\/wp-json\/wp\/v2\/pages\/2258\/revisions"}],"predecessor-version":[{"id":11642,"href":"https:\/\/www.electroluxprofessional.com\/pl\/wp-json\/wp\/v2\/pages\/2258\/revisions\/11642"}],"up":[{"embeddable":true,"href":"https:\/\/www.electroluxprofessional.com\/pl\/wp-json\/wp\/v2\/pages\/2215"}],"wp:featuredmedia":[{"embeddable":true,"href":"https:\/\/www.electroluxprofessional.com\/pl\/wp-json\/wp\/v2\/media\/598"}],"wp:attachment":[{"href":"https:\/\/www.electroluxprofessional.com\/pl\/wp-json\/wp\/v2\/media?parent=2258"}],"curies":[{"name":"wp","href":"https:\/\/api.w.org\/{rel}","templated":true}]}}