{"id":2231,"date":"2016-09-06T12:05:04","date_gmt":"2016-09-06T12:05:04","guid":{"rendered":"https:\/\/www.electroluxprofessional.com\/?page_id=3055"},"modified":"2017-08-23T09:52:45","modified_gmt":"2017-08-23T09:52:45","slug":"efficient-dosing-system-system-efektywnego-dozowania","status":"publish","type":"page","link":"https:\/\/www.electroluxprofessional.com\/pl\/pralnictwo\/efficient-dosing-system-system-efektywnego-dozowania\/","title":{"rendered":"Efficient Dosing System \u2013 System Efektywnego Dozowania"},"content":{"rendered":"<p>[vc_row full_width=&#8221;electroluxpro-full-width-no-padding&#8221;][vc_column][elx_hero_slider label_text_color=&#8221;inherit&#8221; images=&#8221;815&#8243;][elx_heading font_container=&#8221;h1&#8243; font_size=&#8221;h3&#8243; text_color=&#8221;inherit&#8221;]System Efektywnego Dozowania[\/elx_heading][vc_column_text]<\/p>\n<h4>Zaoszcz\u0119d\u017a nawet 40% na detergentach.<\/h4>\n<h4>Lepsze dla bielizny, \u0142agodniejsze dla portfela.<\/h4>\n<p>[\/vc_column_text][\/elx_hero_slider][\/vc_column][\/vc_row][vc_row][vc_column][vc_empty_space height=&#8221;50px&#8221;][\/vc_column][\/vc_row][vc_row][vc_column width=&#8221;1\/2&#8243;][vc_empty_space][elx_heading font_size=&#8221;h3&#8243; text_color=&#8221;inherit&#8221; css=&#8221;.vc_custom_1500639796263{margin-bottom: 0px !important;border-bottom-width: 0px !important;padding-bottom: 0px !important;}&#8221;]Rozwi\u0144 swoj\u0105 firm\u0119 zwi\u0119kszaj\u0105c oszcz\u0119dno\u015bci[\/elx_heading][vc_empty_space][vc_column_text]Dzi\u0119ki Systemowi Efektywnego Dozowania od Electrolux Professional, posiadanie w\u0142asnej pralni b\u0119dzie bardziej op\u0142acalne ni\u017c kiedykolwiek wcze\u015bniej.<\/p>\n<p>Zyskujesz ca\u0142kowit\u0105 kontrol\u0119 nad procesem prania, a wysoka jego jako\u015b\u0107 gwarantuje koniec problem\u00f3w ze zniszczon\u0105 bielizn\u0105 lub z podra\u017cnieniami sk\u00f3ry spowodowanymi u\u017cyciem zbyt du\u017cej ilo\u015bci detergent\u00f3w.[\/vc_column_text][\/vc_column][vc_column width=&#8221;1\/2&#8243;][vc_single_image image=&#8221;813&#8243; img_size=&#8221;full&#8221;][\/vc_column][\/vc_row][vc_row][vc_column][vc_empty_space height=&#8221;50px&#8221;][elx_heading font_size=&#8221;h3&#8243; text_color=&#8221;inherit&#8221;]System Efektywnego Dozowania gwarantuje najlepsze rezultaty prania zachowuj\u0105c najni\u017cszy koszt cyklu.[\/elx_heading][\/vc_column][\/vc_row][vc_row content_placement=&#8221;middle&#8221;][vc_column width=&#8221;1\/2&#8243; css=&#8221;.vc_custom_1473755632352{padding-top: 50px !important;}&#8221;][vc_column_text]<\/p>\n<h4>Znajomo\u015b\u0107 dok\u0142adnej wagi jest kluczowa<\/h4>\n<p>Automatic Saving System &#8211; Automatyczny System Oszcz\u0119dzania oblicza wag\u0119 bielizny na pocz\u0105tku ka\u017cdego cyklu prania i dodaje odpowiedni\u0105 ilo\u015b\u0107 wody.<\/p>\n<h4>Efficient Dosing System<\/h4>\n<p>Pozwala na skuteczn\u0105 komunikacj\u0119 pomi\u0119dzy pralnico-wir\u00f3wk\u0105 z dozownikiem detergent\u00f3w oraz oblicza dok\u0142adn\u0105 ilo\u015b\u0107 detergentu w oparciu o wag\u0119 za\u0142adunku i wybrany program prania.<\/p>\n<h4>Statystyki i kontrola koszt\u00f3w<\/h4>\n<p>System umo\u017cliwia r\u00f3wnie\u017c dost\u0119p do statystyk za po\u015brednictwem po\u0142\u0105czenia USB, kt\u00f3re pomog\u0105 Ci kontrolowa\u0107 koszty prania.[\/vc_column_text][\/vc_column][vc_column width=&#8221;1\/2&#8243; css=&#8221;.vc_custom_1473758266855{padding-top: 50px !important;}&#8221;][vc_single_image image=&#8221;814&#8243; img_size=&#8221;full&#8221;][\/vc_column][\/vc_row][vc_row][vc_column][vc_empty_space height=&#8221;50px&#8221;][\/vc_column][\/vc_row][vc_row][vc_column width=&#8221;1\/3&#8243;][elx_download_block text=&#8221;Ulotka &#8211; System Dozowania&#8221; link=&#8221;files.professional.electrolux.com\/docs\/?n=CLF-9JE00056&amp;b=5&amp;l=1&#8243; reveal_effect=&#8221;&#8221; reveal_duration=&#8221;&#8221; reveal_delay=&#8221;&#8221;][\/vc_column][vc_column width=&#8221;1\/3&#8243;][elx_download_block text=&#8221;Karta katalogowa produktu&#8221; link=&#8221;http:\/\/tools.professional.electrolux.com\/Mirror\/Doc\/ELS\/PDS\/PS_438919468EN_EDS%20Efficient%20Dosing%20System_EN.pdf&#8221; reveal_effect=&#8221;&#8221; reveal_duration=&#8221;&#8221; reveal_delay=&#8221;&#8221;][\/vc_column][vc_column width=&#8221;1\/3&#8243;][elx_video_block background_image=&#8221;2230&#8243; video_link=&#8221;https:\/\/www.youtube.com\/watch?v=Vxo8QOwjew4&#8243; minimum_height=&#8221;260px&#8221;][vc_column_text]<\/p>\n<div id=\"watch7-headline\" class=\"clearfix\">\n<div id=\"watch-headline-title\">\n<p class=\"watch-title-container\"><span id=\"eow-title\" class=\"watch-title\" dir=\"ltr\" title=\"Save up to 40% on detergent costs with Efficient Dosing\">Efektywny System Dozowania <\/span><\/p>\n<\/div>\n<\/div>\n<p>[\/vc_column_text][\/vc_column][\/vc_row][vc_row][vc_column][elx_heading text_color=&#8221;inherit&#8221; text_align=&#8221;text-center&#8221;]Dowiedz si\u0119 jak system dozuj\u0105cy mo\u017ce pom\u00f3c Twojej firmie [\/elx_heading][elx_o2000_contact_us r=&#8221;Chcia\u0142bym dowiedzie\u0107 si\u0119 wi\u0119cej o Efficient Dosing System. Prosz\u0119 si\u0119 ze mn\u0105 skontaktowa\u0107.&#8221; s=&#8221;Request for information: Efficient Dosing System&#8221; country=&#8221;Poland&#8221; l=&#8221;pl&#8221; b=&#8221;laundry&#8221; container=&#8221;elxcontactus1473756279&#8243;][vc_empty_space height=&#8221;50px&#8221;][\/vc_column][\/vc_row][vc_row][vc_column][elx_heading font_size=&#8221;h3&#8243; text_color=&#8221;inherit&#8221; text_align=&#8221;text-center&#8221;]Znajd\u017a kompletne rozwi\u0105zanie[\/elx_heading][\/vc_column][\/vc_row][vc_row][vc_column width=&#8221;1\/3&#8243;][elx_maylike_box id_box=&#8221;1184&#8243;][\/vc_column][vc_column width=&#8221;1\/3&#8243;][elx_maylike_box id_box=&#8221;1182&#8243;][\/vc_column][vc_column width=&#8221;1\/3&#8243;][elx_maylike_box id_box=&#8221;1186&#8243;][\/vc_column][\/vc_row][vc_row][vc_column][vc_empty_space height=&#8221;50px&#8221;][\/vc_column][\/vc_row]<\/p>\n","protected":false},"excerpt":{"rendered":"<p>[vc_row full_width=&#8221;electroluxpro-full-width-no-padding&#8221;][vc_column][elx_hero_slider label_text_color=&#8221;inherit&#8221; images=&#8221;815&#8243;][elx_heading font_container=&#8221;h1&#8243; font_size=&#8221;h3&#8243; text_color=&#8221;inherit&#8221;]System Efektywnego Dozowania[\/elx_heading][vc_column_text] Zaoszcz\u0119d\u017a nawet 40% na detergentach. Lepsze dla bielizny, \u0142agodniejsze dla portfela. [\/vc_column_text][\/elx_hero_slider][\/vc_column][\/vc_row][vc_row][vc_column][vc_empty_space height=&#8221;50px&#8221;][\/vc_column][\/vc_row][vc_row][vc_column width=&#8221;1\/2&#8243;][vc_empty_space][elx_heading font_size=&#8221;h3&#8243; text_color=&#8221;inherit&#8221; css=&#8221;.vc_custom_1500639796263{margin-bottom: 0px !important;border-bottom-width: 0px !important;padding-bottom: 0px !important;}&#8221;]Rozwi\u0144 swoj\u0105 firm\u0119 zwi\u0119kszaj\u0105c oszcz\u0119dno\u015bci[\/elx_heading][vc_empty_space][vc_column_text]Dzi\u0119ki Systemowi Efektywnego Dozowania od Electrolux Professional, posiadanie w\u0142asnej pralni b\u0119dzie bardziej op\u0142acalne ni\u017c kiedykolwiek wcze\u015bniej. Zyskujesz ca\u0142kowit\u0105 kontrol\u0119 nad [&hellip;]<\/p>\n","protected":false},"author":3,"featured_media":919,"parent":1187,"menu_order":0,"comment_status":"closed","ping_status":"closed","template":"","meta":{"footnotes":""},"class_list":["post-2231","page","type-page","status-publish","has-post-thumbnail","hentry"],"acf":[],"yoast_head":"<!-- This site is optimized with the Yoast SEO plugin v23.3 - https:\/\/yoast.com\/wordpress\/plugins\/seo\/ -->\n<title>System efektywnego dozowania ED Electrolux pralnia przemys\u0142owa<\/title>\n<meta name=\"description\" content=\"System ED pozwala na znaczne oszcz\u0119dno\u015bci detergent\u00f3w przy niepe\u0142nych za\u0142adunkach.\" \/>\n<meta name=\"robots\" content=\"index, follow, max-snippet:-1, max-image-preview:large, max-video-preview:-1\" \/>\n<link rel=\"canonical\" href=\"https:\/\/www.electroluxprofessional.com\/pl\/pralnictwo\/efficient-dosing-system-system-efektywnego-dozowania\/\" \/>\n<meta property=\"og:locale\" content=\"pl_PL\" \/>\n<meta property=\"og:type\" content=\"article\" \/>\n<meta property=\"og:title\" content=\"System efektywnego dozowania ED Electrolux pralnia przemys\u0142owa\" \/>\n<meta property=\"og:description\" content=\"System ED pozwala na znaczne oszcz\u0119dno\u015bci detergent\u00f3w przy niepe\u0142nych za\u0142adunkach.\" \/>\n<meta property=\"og:url\" content=\"https:\/\/www.electroluxprofessional.com\/pl\/pralnictwo\/efficient-dosing-system-system-efektywnego-dozowania\/\" \/>\n<meta property=\"og:site_name\" content=\"Electrolux Professional Polska\" \/>\n<meta property=\"article:modified_time\" content=\"2017-08-23T09:52:45+00:00\" \/>\n<meta property=\"og:image\" content=\"https:\/\/www.electroluxprofessional.com\/pl\/wp-content\/uploads\/2016\/11\/dosing-system-quadro.jpg\" \/>\n\t<meta property=\"og:image:width\" content=\"700\" \/>\n\t<meta property=\"og:image:height\" content=\"700\" \/>\n\t<meta property=\"og:image:type\" content=\"image\/jpeg\" \/>\n<meta name=\"twitter:card\" content=\"summary_large_image\" \/>\n<meta name=\"twitter:label1\" content=\"Szacowany czas czytania\" \/>\n\t<meta name=\"twitter:data1\" content=\"3 minuty\" \/>\n<script type=\"application\/ld+json\" class=\"yoast-schema-graph\">{\"@context\":\"https:\/\/schema.org\",\"@graph\":[{\"@type\":\"WebPage\",\"@id\":\"https:\/\/www.electroluxprofessional.com\/pl\/pralnictwo\/efficient-dosing-system-system-efektywnego-dozowania\/\",\"url\":\"https:\/\/www.electroluxprofessional.com\/pl\/pralnictwo\/efficient-dosing-system-system-efektywnego-dozowania\/\",\"name\":\"System efektywnego dozowania ED Electrolux pralnia przemys\u0142owa\",\"isPartOf\":{\"@id\":\"https:\/\/www.electroluxprofessional.com\/pl\/#website\"},\"primaryImageOfPage\":{\"@id\":\"https:\/\/www.electroluxprofessional.com\/pl\/pralnictwo\/efficient-dosing-system-system-efektywnego-dozowania\/#primaryimage\"},\"image\":{\"@id\":\"https:\/\/www.electroluxprofessional.com\/pl\/pralnictwo\/efficient-dosing-system-system-efektywnego-dozowania\/#primaryimage\"},\"thumbnailUrl\":\"https:\/\/www.electroluxprofessional.com\/pl\/wp-content\/uploads\/2016\/11\/dosing-system-quadro.jpg\",\"datePublished\":\"2016-09-06T12:05:04+00:00\",\"dateModified\":\"2017-08-23T09:52:45+00:00\",\"description\":\"System ED pozwala na znaczne oszcz\u0119dno\u015bci detergent\u00f3w przy niepe\u0142nych za\u0142adunkach.\",\"breadcrumb\":{\"@id\":\"https:\/\/www.electroluxprofessional.com\/pl\/pralnictwo\/efficient-dosing-system-system-efektywnego-dozowania\/#breadcrumb\"},\"inLanguage\":\"pl-PL\",\"potentialAction\":[{\"@type\":\"ReadAction\",\"target\":[\"https:\/\/www.electroluxprofessional.com\/pl\/pralnictwo\/efficient-dosing-system-system-efektywnego-dozowania\/\"]}]},{\"@type\":\"ImageObject\",\"inLanguage\":\"pl-PL\",\"@id\":\"https:\/\/www.electroluxprofessional.com\/pl\/pralnictwo\/efficient-dosing-system-system-efektywnego-dozowania\/#primaryimage\",\"url\":\"https:\/\/www.electroluxprofessional.com\/pl\/wp-content\/uploads\/2016\/11\/dosing-system-quadro.jpg\",\"contentUrl\":\"https:\/\/www.electroluxprofessional.com\/pl\/wp-content\/uploads\/2016\/11\/dosing-system-quadro.jpg\",\"width\":700,\"height\":700,\"caption\":\"Dosing systems\"},{\"@type\":\"BreadcrumbList\",\"@id\":\"https:\/\/www.electroluxprofessional.com\/pl\/pralnictwo\/efficient-dosing-system-system-efektywnego-dozowania\/#breadcrumb\",\"itemListElement\":[{\"@type\":\"ListItem\",\"position\":1,\"name\":\"Strona g\u0142\u00f3wna\",\"item\":\"https:\/\/www.electroluxprofessional.com\/pl\/\"},{\"@type\":\"ListItem\",\"position\":2,\"name\":\"Pralnictwo\",\"item\":\"https:\/\/www.electroluxprofessional.com\/pl\/pralnictwo\/\"},{\"@type\":\"ListItem\",\"position\":3,\"name\":\"Efficient Dosing System \u2013 System Efektywnego Dozowania\"}]},{\"@type\":\"WebSite\",\"@id\":\"https:\/\/www.electroluxprofessional.com\/pl\/#website\",\"url\":\"https:\/\/www.electroluxprofessional.com\/pl\/\",\"name\":\"Electrolux Professional Polska\",\"description\":\"\",\"potentialAction\":[{\"@type\":\"SearchAction\",\"target\":{\"@type\":\"EntryPoint\",\"urlTemplate\":\"https:\/\/www.electroluxprofessional.com\/pl\/?src={search_term_string}\"},\"query-input\":\"required name=search_term_string\"}],\"inLanguage\":\"pl-PL\"}]}<\/script>\n<!-- \/ Yoast SEO plugin. -->","yoast_head_json":{"title":"System efektywnego dozowania ED Electrolux pralnia przemys\u0142owa","description":"System ED pozwala na znaczne oszcz\u0119dno\u015bci detergent\u00f3w przy niepe\u0142nych za\u0142adunkach.","robots":{"index":"index","follow":"follow","max-snippet":"max-snippet:-1","max-image-preview":"max-image-preview:large","max-video-preview":"max-video-preview:-1"},"canonical":"https:\/\/www.electroluxprofessional.com\/pl\/pralnictwo\/efficient-dosing-system-system-efektywnego-dozowania\/","og_locale":"pl_PL","og_type":"article","og_title":"System efektywnego dozowania ED Electrolux pralnia przemys\u0142owa","og_description":"System ED pozwala na znaczne oszcz\u0119dno\u015bci detergent\u00f3w przy niepe\u0142nych za\u0142adunkach.","og_url":"https:\/\/www.electroluxprofessional.com\/pl\/pralnictwo\/efficient-dosing-system-system-efektywnego-dozowania\/","og_site_name":"Electrolux Professional Polska","article_modified_time":"2017-08-23T09:52:45+00:00","og_image":[{"width":700,"height":700,"url":"https:\/\/www.electroluxprofessional.com\/pl\/wp-content\/uploads\/2016\/11\/dosing-system-quadro.jpg","type":"image\/jpeg"}],"twitter_card":"summary_large_image","twitter_misc":{"Szacowany czas czytania":"3 minuty"},"schema":{"@context":"https:\/\/schema.org","@graph":[{"@type":"WebPage","@id":"https:\/\/www.electroluxprofessional.com\/pl\/pralnictwo\/efficient-dosing-system-system-efektywnego-dozowania\/","url":"https:\/\/www.electroluxprofessional.com\/pl\/pralnictwo\/efficient-dosing-system-system-efektywnego-dozowania\/","name":"System efektywnego dozowania ED Electrolux pralnia przemys\u0142owa","isPartOf":{"@id":"https:\/\/www.electroluxprofessional.com\/pl\/#website"},"primaryImageOfPage":{"@id":"https:\/\/www.electroluxprofessional.com\/pl\/pralnictwo\/efficient-dosing-system-system-efektywnego-dozowania\/#primaryimage"},"image":{"@id":"https:\/\/www.electroluxprofessional.com\/pl\/pralnictwo\/efficient-dosing-system-system-efektywnego-dozowania\/#primaryimage"},"thumbnailUrl":"https:\/\/www.electroluxprofessional.com\/pl\/wp-content\/uploads\/2016\/11\/dosing-system-quadro.jpg","datePublished":"2016-09-06T12:05:04+00:00","dateModified":"2017-08-23T09:52:45+00:00","description":"System ED pozwala na znaczne oszcz\u0119dno\u015bci detergent\u00f3w przy niepe\u0142nych za\u0142adunkach.","breadcrumb":{"@id":"https:\/\/www.electroluxprofessional.com\/pl\/pralnictwo\/efficient-dosing-system-system-efektywnego-dozowania\/#breadcrumb"},"inLanguage":"pl-PL","potentialAction":[{"@type":"ReadAction","target":["https:\/\/www.electroluxprofessional.com\/pl\/pralnictwo\/efficient-dosing-system-system-efektywnego-dozowania\/"]}]},{"@type":"ImageObject","inLanguage":"pl-PL","@id":"https:\/\/www.electroluxprofessional.com\/pl\/pralnictwo\/efficient-dosing-system-system-efektywnego-dozowania\/#primaryimage","url":"https:\/\/www.electroluxprofessional.com\/pl\/wp-content\/uploads\/2016\/11\/dosing-system-quadro.jpg","contentUrl":"https:\/\/www.electroluxprofessional.com\/pl\/wp-content\/uploads\/2016\/11\/dosing-system-quadro.jpg","width":700,"height":700,"caption":"Dosing systems"},{"@type":"BreadcrumbList","@id":"https:\/\/www.electroluxprofessional.com\/pl\/pralnictwo\/efficient-dosing-system-system-efektywnego-dozowania\/#breadcrumb","itemListElement":[{"@type":"ListItem","position":1,"name":"Strona g\u0142\u00f3wna","item":"https:\/\/www.electroluxprofessional.com\/pl\/"},{"@type":"ListItem","position":2,"name":"Pralnictwo","item":"https:\/\/www.electroluxprofessional.com\/pl\/pralnictwo\/"},{"@type":"ListItem","position":3,"name":"Efficient Dosing System \u2013 System Efektywnego Dozowania"}]},{"@type":"WebSite","@id":"https:\/\/www.electroluxprofessional.com\/pl\/#website","url":"https:\/\/www.electroluxprofessional.com\/pl\/","name":"Electrolux Professional Polska","description":"","potentialAction":[{"@type":"SearchAction","target":{"@type":"EntryPoint","urlTemplate":"https:\/\/www.electroluxprofessional.com\/pl\/?src={search_term_string}"},"query-input":"required name=search_term_string"}],"inLanguage":"pl-PL"}]}},"_links":{"self":[{"href":"https:\/\/www.electroluxprofessional.com\/pl\/wp-json\/wp\/v2\/pages\/2231"}],"collection":[{"href":"https:\/\/www.electroluxprofessional.com\/pl\/wp-json\/wp\/v2\/pages"}],"about":[{"href":"https:\/\/www.electroluxprofessional.com\/pl\/wp-json\/wp\/v2\/types\/page"}],"author":[{"embeddable":true,"href":"https:\/\/www.electroluxprofessional.com\/pl\/wp-json\/wp\/v2\/users\/3"}],"replies":[{"embeddable":true,"href":"https:\/\/www.electroluxprofessional.com\/pl\/wp-json\/wp\/v2\/comments?post=2231"}],"version-history":[{"count":6,"href":"https:\/\/www.electroluxprofessional.com\/pl\/wp-json\/wp\/v2\/pages\/2231\/revisions"}],"predecessor-version":[{"id":3382,"href":"https:\/\/www.electroluxprofessional.com\/pl\/wp-json\/wp\/v2\/pages\/2231\/revisions\/3382"}],"up":[{"embeddable":true,"href":"https:\/\/www.electroluxprofessional.com\/pl\/wp-json\/wp\/v2\/pages\/1187"}],"wp:featuredmedia":[{"embeddable":true,"href":"https:\/\/www.electroluxprofessional.com\/pl\/wp-json\/wp\/v2\/media\/919"}],"wp:attachment":[{"href":"https:\/\/www.electroluxprofessional.com\/pl\/wp-json\/wp\/v2\/media?parent=2231"}],"curies":[{"name":"wp","href":"https:\/\/api.w.org\/{rel}","templated":true}]}}