{"id":2227,"date":"2016-11-16T08:41:31","date_gmt":"2016-11-16T08:41:31","guid":{"rendered":"https:\/\/www.electroluxprofessional.com\/?page_id=5336"},"modified":"2025-11-05T15:19:02","modified_gmt":"2025-11-05T15:19:02","slug":"produkty-ze-stali-nierdzewnej","status":"publish","type":"page","link":"https:\/\/www.electroluxprofessional.com\/pl\/gastronomia\/produkty-ze-stali-nierdzewnej\/","title":{"rendered":"Produkty ze stali nierdzewnej"},"content":{"rendered":"<p>[vc_row full_width=&#8221;electroluxpro-full-width-no-padding&#8221;][vc_column][elx_hero_slider label_text_color=&#8221;inherit&#8221; images=&#8221;2221&#8243;][elx_heading font_container=&#8221;h1&#8243; font_size=&#8221;h2&#8243; text_color=&#8221;cat-stainless-steel-fabrication&#8221;]Produkty ze stali nierdzewnej[\/elx_heading][elx_heading font_size=&#8221;h3&#8243; text_color=&#8221;inherit&#8221;]Droga ka\u017cdego posi\u0142ku zaczyna si\u0119 w miejscu jego przygotowywania[\/elx_heading][\/elx_hero_slider][\/vc_column][\/vc_row][vc_row][vc_column][vc_empty_space][elx_heading font_size=&#8221;h3&#8243; text_color=&#8221;inherit&#8221; text_align=&#8221;text-center&#8221;]Dzi\u0119ki konstrukcjom ze stali nierdzewnej, Electrolux Professional tworzy rozwi\u0105zania pozwalaj\u0105ce profesjonalistom na stworzenie obszaru s\u0142u\u017c\u0105cego<br \/>\n<strong>przygotowywaniu posi\u0142k\u00f3w, kt\u00f3ry gwarantuje wysok\u0105 wydajno\u015b\u0107, doskona\u0142e standardy higieny i maksymaln\u0105 elastyczno\u015b\u0107.<\/strong>[\/elx_heading][\/vc_column][\/vc_row][vc_row][vc_column][vc_empty_space height=&#8221;12px&#8221;][\/vc_column][\/vc_row][vc_row disable_element=&#8221;yes&#8221;][vc_column][vc_empty_space][vc_empty_space][\/vc_column][\/vc_row][vc_row][vc_column][vc_empty_space][\/vc_column][\/vc_row][vc_row][vc_column width=&#8221;1\/4&#8243;][elx_heading font_size=&#8221;h4&#8243; text_color=&#8221;inherit&#8221;]Wykonanie<br \/>\nPlus<br \/>\n[\/elx_heading][vc_column_text]Zosta\u0142o zaprojektowane z my\u015bl\u0105 o ofercie solidnego produktu, przystosowanego do mi\u0119dzynarodowych wymaga\u0144 przetargowych i idealnie dopasowanego do ci\u0119\u017ckich warunk\u00f3w pracy. Produkty z tej linii spe\u0142niaj\u0105 najbardziej surowe mi\u0119dzynarodowe <strong>standardy z zakresu higieny i czysto\u015bci.<\/strong>[\/vc_column_text][\/vc_column][vc_column width=&#8221;1\/4&#8243;][elx_heading font_size=&#8221;h4&#8243; text_color=&#8221;inherit&#8221;]Wykonanie<br \/>\nPremium<br \/>\n[\/elx_heading][vc_column_text]Produkty z tej linii s\u0105 <strong>wytrzyma\u0142e i posiadaj\u0105 d\u0142ug\u0105 \u017cywotno\u015b\u0107<\/strong>. Zapewniaj\u0105 wysok\u0105 wydajno\u015b\u0107 dzi\u0119ki \u0142atwo dost\u0119pnym komorom i regulowanym n\u00f3\u017ckom.<br \/>\n<strong>Czyszczenie jest \u0142atwiejsze i szybsze<\/strong> z powodu zaokr\u0105glonych naro\u017cnik\u00f3w i odwr\u00f3conych kraw\u0119dzi.[\/vc_column_text][\/vc_column][vc_column width=&#8221;1\/4&#8243;][elx_heading font_size=&#8221;h4&#8243; text_color=&#8221;inherit&#8221;]Wykonanie Standardowe[\/elx_heading][vc_column_text]Ta linia produkt\u00f3w oferuje praktyczne rozwi\u0105zania, idealne dla ka\u017cdego rodzaju przygotowywania potraw w profesjonalnej kuchni. Funkcje, kt\u00f3re oferuje doskonale \u0142\u0105cz\u0105 si\u0119 z nowatorskim wygl\u0105dem charakteryzuj\u0105cym sprz\u0119t Electrolux Professional.[\/vc_column_text][\/vc_column][vc_column width=&#8221;1\/4&#8243;][elx_heading font_size=&#8221;h4&#8243; text_color=&#8221;inherit&#8221;]Wykonanie<br \/>\nEco<br \/>\n[\/elx_heading][vc_column_text]Szeroki wyb\u00f3r rozwi\u0105za\u0144 dostosowanych do ka\u017cdego rodzaju kuchni.<br \/>\nWybierz to, co Ci najbardziej pasuje i stw\u00f3rz swoje w\u0142asne, idealne miejsce do przygotowania posi\u0142k\u00f3w. <strong>Sto\u0142y robocze, szafki do przechowywania, podgrzewane szafy oraz r\u00f3\u017cnorodne zlewozmywaki.<\/strong>[\/vc_column_text][\/vc_column][\/vc_row][vc_row][vc_column][elx_heading font_container=&#8221;h3&#8243; text_color=&#8221;inherit&#8221; text_align=&#8221;text-center&#8221;]Nowe Standardowe Wykonanie Electrolux Professional jest ergonomiczne i stylowe[\/elx_heading][\/vc_column][\/vc_row][vc_row][vc_column width=&#8221;1\/2&#8243;][vc_empty_space][vc_single_image image=&#8221;1691&#8243; img_size=&#8221;full&#8221; onclick=&#8221;custom_link&#8221; link=&#8221;https:\/\/www.electroluxprofessional.com\/pl\/gastronomia\/lady-chlodnicze\/&#8221;][\/vc_column][vc_column width=&#8221;1\/2&#8243;][vc_empty_space][vc_column_text css=&#8221;.vc_custom_1503304683489{margin-bottom: 0px !important;border-bottom-width: 0px !important;padding-bottom: 0px !important;}&#8221;]<\/p>\n<h5>Jego konstrukcja jest niezwykle op\u0142ywowa dzi\u0119ki zintegrowanemu po\u0142\u0105czeniu z nowymi <span style=\"color: #ad96dc;\"><a style=\"color: #ad96dc;\" href=\"https:\/\/www.electroluxprofessional.com\/pl\/gastronomia\/lady-chlodnicze\/\">ladami ch\u0142odniczymi ecostore<sup>HP<\/sup> <\/a><\/span> , kt\u00f3re charakteryzuj\u0105 si\u0119 tym samym designem.<\/h5>\n<p>Nowe sto\u0142y odznaczaj\u0105 si\u0119 niepowtarzalnym po\u0142\u0105czeniem <strong>najwy\u017cszej klasy klimatycznej &#8211; A<\/strong>, jak i <strong>najwy\u017cszej efektywno\u015bci energetycznej &#8211; 5<\/strong>.[\/vc_column_text][elx_button button_text=&#8221;lady ch\u0142odnicze ecostore&#8221; button_style=&#8221;icon&#8221; button_link=&#8221;url:https%3A%2F%2Fprofessional.electrolux.pl%2Fgastronomia%2Flady-chlodnicze%2F|title:ecostore%20||&#8221;][elx_heading font_size=&#8221;h4&#8243; text_color=&#8221;inherit&#8221;]ExtrA elegancki design[\/elx_heading][vc_column_text]<img loading=\"lazy\" decoding=\"async\" class=\"wp-image-10379 alignright\" src=\"https:\/\/www.electroluxprofessional.com\/pl\/wp-content\/uploads\/2020\/10\/icon-design.jpg\" alt=\"Design\" width=\"132\" height=\"124\" \/>Poka\u017c swoj\u0105 kuchni\u0119!<br \/>\n<strong>Ergonomiczna konstrukcja <\/strong>ecostore<sup>HP <\/sup>Premium wygl\u0105da \u015bwietnie i jest \u0142atwa w instalacji niezale\u017cnie od tego, czy ma sta\u0107 osobno, czy w zabudowie z reszt\u0105 eleganckiego wyposa\u017cenia Electrolux Professional.[\/vc_column_text][\/vc_column][\/vc_row][vc_row][vc_column][vc_empty_space height=&#8221;50px&#8221;][elx_heading text_color=&#8221;inherit&#8221; text_align=&#8221;text-center&#8221;]Dowiedz si\u0119 jak nasze produkty ze stali nierdzewnej mog\u0105 pom\u00f3c Twojej firmie [\/elx_heading][elx_o2000_contact_us s=&#8221;Request of information about stainless steel fabrication&#8221; country=&#8221;Poland&#8221; container=&#8221;elxcontactus1479285607&#8243; r=&#8221;Chcia\u0142bym dowiedzie\u0107 si\u0119 wi\u0119cej o produktach ze stali nierdzewnej. Prosz\u0119 si\u0119 ze mn\u0105 skontaktowa\u0107.&#8221; l=&#8221;pl&#8221;][vc_empty_space height=&#8221;50px&#8221;][\/vc_column][\/vc_row][vc_row][vc_column][elx_heading font_size=&#8221;h3&#8243; text_color=&#8221;inherit&#8221; text_align=&#8221;text-center&#8221;]Znajd\u017a kompletne rozwi\u0105zanie[\/elx_heading][\/vc_column][\/vc_row][vc_row][vc_column width=&#8221;1\/3&#8243;][elx_maylike_box id_box=&#8221;1182&#8243;][\/vc_column][vc_column width=&#8221;1\/3&#8243;][elx_maylike_box id_box=&#8221;1195&#8243;][\/vc_column][vc_column width=&#8221;1\/3&#8243;][elx_maylike_box id_box=&#8221;1215&#8243;][\/vc_column][\/vc_row][vc_row][vc_column][vc_empty_space height=&#8221;50px&#8221;][\/vc_column][\/vc_row][vc_row disable_element=&#8221;yes&#8221;][vc_column]<!-- PRODUCT NAVIGATION -->\n        <div class=\"com21-products-navigation products-navigation specification-filter\" id=\"com21prodnav1487236298\">\n            <div>\n                <div class=\"container\">\n                    <div class=\"row\">\n                        <div class=\"col-md-4 text-left\">\n                            <h6>Kategoria\n<\/h6>\n                            <div class=\"prod-nav-category\">\n                            \n                                <div class=\"prod-nav-category-check\">\n                                    <input type=\"checkbox\" name=\"e-system-regalow\" \n                                    id=\"e-system-regalow\" \n                                    data-code=\"E\" data-description=\"System rega\u0142\u00f3w\">\n                                    \n                                    <label for=\"e-system-regalow\">System rega\u0142\u00f3w<\/label>\n                                <\/div>\n            \n                            <\/div>\n                        <\/div>\n                        <div class=\"col-md-4 text-left\">\n                            <h6 class=\"prod-nav-subcategory-title\" style=\"display:none;\">Podkategoria\n<\/h6>\n                            <div class=\"prod-nav-subcategory\">\n                            \n                            <\/div>\n                        <\/div>\n                        <div class=\"col-md-4 text-left\">\n                            <h6 class=\"prod-nav-filter-title\" style=\"display:none;\">Filtr\n<\/h6>\n                            <div class=\"prod-nav-filter\">\n                            \n                            <\/div>\n                        <\/div>\n                    <\/div>\n                    <div class=\"row\">\n                        <div class=\"col-md-6 text-left\">\n                            <a href=\"#\" class=\"btn btn-default\" id=\"prod-nav-reset-btn\">Resetuj\n<\/a> \n                            <span class=\"prod-nav-products-number\" style=\"display:none;\">\n                                <span id=\"prod-nav-products-number\"><\/span> Produkty\n<\/span> \n                        <\/div>\n                    <\/div>\n                <\/div>\n            <\/div>\n            <div class=\"products-navigation container product-list\">\n                <!--Hidden parameters-->\n                <input type=\"hidden\" name=\"prod_nav_level\" id=\"prod_nav_level\" value=\"A\">\n                <input type=\"hidden\" name=\"prod_nav_language\" id=\"prod_nav_language\" value=\"5027\">\n                <!--END Hidden parameters-->\n                \n                <ul class=\"row prod-nav-product-ul\">\n                <!-- Here content -->\n                <\/ul>\n                <div class=\"text-center more-products\">\n                    <button id=\"prod-nav-load-more-products\" style=\"display:none;\">Za\u0142aduj wi\u0119cej\n<\/button>\n                <\/div>\n            <\/div>\n        <\/div>\n    \n                <!-- END PRODUCT NAVIGATION -->[\/vc_column][\/vc_row][vc_row full_width=&#8221;electroluxpro-full-width-no-padding&#8221;][vc_column][\/vc_column][\/vc_row]<\/p>\n","protected":false},"excerpt":{"rendered":"<p>[vc_row full_width=&#8221;electroluxpro-full-width-no-padding&#8221;][vc_column][elx_hero_slider label_text_color=&#8221;inherit&#8221; images=&#8221;2221&#8243;][elx_heading font_container=&#8221;h1&#8243; font_size=&#8221;h2&#8243; text_color=&#8221;cat-stainless-steel-fabrication&#8221;]Produkty ze stali nierdzewnej[\/elx_heading][elx_heading font_size=&#8221;h3&#8243; text_color=&#8221;inherit&#8221;]Droga ka\u017cdego posi\u0142ku zaczyna si\u0119 w miejscu jego przygotowywania[\/elx_heading][\/elx_hero_slider][\/vc_column][\/vc_row][vc_row][vc_column][vc_empty_space][elx_heading font_size=&#8221;h3&#8243; text_color=&#8221;inherit&#8221; text_align=&#8221;text-center&#8221;]Dzi\u0119ki konstrukcjom ze stali nierdzewnej, Electrolux Professional tworzy rozwi\u0105zania pozwalaj\u0105ce profesjonalistom na stworzenie obszaru s\u0142u\u017c\u0105cego przygotowywaniu posi\u0142k\u00f3w, kt\u00f3ry gwarantuje wysok\u0105 wydajno\u015b\u0107, doskona\u0142e standardy higieny i maksymaln\u0105 elastyczno\u015b\u0107.[\/elx_heading][\/vc_column][\/vc_row][vc_row][vc_column][vc_empty_space height=&#8221;12px&#8221;][\/vc_column][\/vc_row][vc_row disable_element=&#8221;yes&#8221;][vc_column][vc_empty_space][vc_empty_space][\/vc_column][\/vc_row][vc_row][vc_column][vc_empty_space][\/vc_column][\/vc_row][vc_row][vc_column width=&#8221;1\/4&#8243;][elx_heading font_size=&#8221;h4&#8243; text_color=&#8221;inherit&#8221;]Wykonanie Plus [&hellip;]<\/p>\n","protected":false},"author":3,"featured_media":2221,"parent":1148,"menu_order":0,"comment_status":"closed","ping_status":"closed","template":"","meta":{"footnotes":""},"class_list":["post-2227","page","type-page","status-publish","has-post-thumbnail","hentry"],"acf":[],"yoast_head":"<!-- This site is optimized with the Yoast SEO plugin v23.3 - https:\/\/yoast.com\/wordpress\/plugins\/seo\/ -->\n<title>Produkty ze stali nierdzewnej wyposa\u017cenie gastronomii Electrolux<\/title>\n<meta name=\"description\" content=\"Electrolux tworzy rozwi\u0105zania pozwalaj\u0105ce profesjonalistom na stworzenie obszaru s\u0142u\u017c\u0105cego przygotowywaniu posi\u0142k\u00f3w, kt\u00f3ry gwarantuje wysok\u0105 wydajno\u015b\u0107, doskona\u0142e standardy higieny i maksymaln\u0105 elastyczno\u015b\u0107.\" \/>\n<meta name=\"robots\" content=\"index, follow, max-snippet:-1, max-image-preview:large, max-video-preview:-1\" \/>\n<link rel=\"canonical\" href=\"https:\/\/www.electroluxprofessional.com\/pl\/gastronomia\/produkty-ze-stali-nierdzewnej\/\" \/>\n<meta property=\"og:locale\" content=\"pl_PL\" \/>\n<meta property=\"og:type\" content=\"article\" \/>\n<meta property=\"og:title\" content=\"Produkty ze stali nierdzewnej wyposa\u017cenie gastronomii Electrolux\" \/>\n<meta property=\"og:description\" content=\"Electrolux tworzy rozwi\u0105zania pozwalaj\u0105ce profesjonalistom na stworzenie obszaru s\u0142u\u017c\u0105cego przygotowywaniu posi\u0142k\u00f3w, kt\u00f3ry gwarantuje wysok\u0105 wydajno\u015b\u0107, doskona\u0142e standardy higieny i maksymaln\u0105 elastyczno\u015b\u0107.\" \/>\n<meta property=\"og:url\" content=\"https:\/\/www.electroluxprofessional.com\/pl\/gastronomia\/produkty-ze-stali-nierdzewnej\/\" \/>\n<meta property=\"og:site_name\" content=\"Electrolux Professional Polska\" \/>\n<meta property=\"article:modified_time\" content=\"2025-11-05T15:19:02+00:00\" \/>\n<meta property=\"og:image\" content=\"https:\/\/www.electroluxprofessional.com\/pl\/wp-content\/uploads\/2017\/01\/banner1.jpg\" \/>\n\t<meta property=\"og:image:width\" content=\"2000\" \/>\n\t<meta property=\"og:image:height\" content=\"1331\" \/>\n\t<meta property=\"og:image:type\" content=\"image\/jpeg\" \/>\n<meta name=\"twitter:card\" content=\"summary_large_image\" \/>\n<meta name=\"twitter:label1\" content=\"Szacowany czas czytania\" \/>\n\t<meta name=\"twitter:data1\" content=\"3 minuty\" \/>\n<script type=\"application\/ld+json\" class=\"yoast-schema-graph\">{\"@context\":\"https:\/\/schema.org\",\"@graph\":[{\"@type\":\"WebPage\",\"@id\":\"https:\/\/www.electroluxprofessional.com\/pl\/gastronomia\/produkty-ze-stali-nierdzewnej\/\",\"url\":\"https:\/\/www.electroluxprofessional.com\/pl\/gastronomia\/produkty-ze-stali-nierdzewnej\/\",\"name\":\"Produkty ze stali nierdzewnej wyposa\u017cenie gastronomii Electrolux\",\"isPartOf\":{\"@id\":\"https:\/\/www.electroluxprofessional.com\/pl\/#website\"},\"primaryImageOfPage\":{\"@id\":\"https:\/\/www.electroluxprofessional.com\/pl\/gastronomia\/produkty-ze-stali-nierdzewnej\/#primaryimage\"},\"image\":{\"@id\":\"https:\/\/www.electroluxprofessional.com\/pl\/gastronomia\/produkty-ze-stali-nierdzewnej\/#primaryimage\"},\"thumbnailUrl\":\"https:\/\/www.electroluxprofessional.com\/pl\/wp-content\/uploads\/2017\/01\/banner1.jpg\",\"datePublished\":\"2016-11-16T08:41:31+00:00\",\"dateModified\":\"2025-11-05T15:19:02+00:00\",\"description\":\"Electrolux tworzy rozwi\u0105zania pozwalaj\u0105ce profesjonalistom na stworzenie obszaru s\u0142u\u017c\u0105cego przygotowywaniu posi\u0142k\u00f3w, kt\u00f3ry gwarantuje wysok\u0105 wydajno\u015b\u0107, doskona\u0142e standardy higieny i maksymaln\u0105 elastyczno\u015b\u0107.\",\"breadcrumb\":{\"@id\":\"https:\/\/www.electroluxprofessional.com\/pl\/gastronomia\/produkty-ze-stali-nierdzewnej\/#breadcrumb\"},\"inLanguage\":\"pl-PL\",\"potentialAction\":[{\"@type\":\"ReadAction\",\"target\":[\"https:\/\/www.electroluxprofessional.com\/pl\/gastronomia\/produkty-ze-stali-nierdzewnej\/\"]}]},{\"@type\":\"ImageObject\",\"inLanguage\":\"pl-PL\",\"@id\":\"https:\/\/www.electroluxprofessional.com\/pl\/gastronomia\/produkty-ze-stali-nierdzewnej\/#primaryimage\",\"url\":\"https:\/\/www.electroluxprofessional.com\/pl\/wp-content\/uploads\/2017\/01\/banner1.jpg\",\"contentUrl\":\"https:\/\/www.electroluxprofessional.com\/pl\/wp-content\/uploads\/2017\/01\/banner1.jpg\",\"width\":2000,\"height\":1331,\"caption\":\"food\"},{\"@type\":\"BreadcrumbList\",\"@id\":\"https:\/\/www.electroluxprofessional.com\/pl\/gastronomia\/produkty-ze-stali-nierdzewnej\/#breadcrumb\",\"itemListElement\":[{\"@type\":\"ListItem\",\"position\":1,\"name\":\"Strona g\u0142\u00f3wna\",\"item\":\"https:\/\/www.electroluxprofessional.com\/pl\/\"},{\"@type\":\"ListItem\",\"position\":2,\"name\":\"Gastronomia\",\"item\":\"https:\/\/www.electroluxprofessional.com\/pl\/gastronomia\/\"},{\"@type\":\"ListItem\",\"position\":3,\"name\":\"Produkty ze stali nierdzewnej\"}]},{\"@type\":\"WebSite\",\"@id\":\"https:\/\/www.electroluxprofessional.com\/pl\/#website\",\"url\":\"https:\/\/www.electroluxprofessional.com\/pl\/\",\"name\":\"Electrolux Professional Polska\",\"description\":\"\",\"potentialAction\":[{\"@type\":\"SearchAction\",\"target\":{\"@type\":\"EntryPoint\",\"urlTemplate\":\"https:\/\/www.electroluxprofessional.com\/pl\/?src={search_term_string}\"},\"query-input\":\"required name=search_term_string\"}],\"inLanguage\":\"pl-PL\"}]}<\/script>\n<!-- \/ Yoast SEO plugin. -->","yoast_head_json":{"title":"Produkty ze stali nierdzewnej wyposa\u017cenie gastronomii Electrolux","description":"Electrolux tworzy rozwi\u0105zania pozwalaj\u0105ce profesjonalistom na stworzenie obszaru s\u0142u\u017c\u0105cego przygotowywaniu posi\u0142k\u00f3w, kt\u00f3ry gwarantuje wysok\u0105 wydajno\u015b\u0107, doskona\u0142e standardy higieny i maksymaln\u0105 elastyczno\u015b\u0107.","robots":{"index":"index","follow":"follow","max-snippet":"max-snippet:-1","max-image-preview":"max-image-preview:large","max-video-preview":"max-video-preview:-1"},"canonical":"https:\/\/www.electroluxprofessional.com\/pl\/gastronomia\/produkty-ze-stali-nierdzewnej\/","og_locale":"pl_PL","og_type":"article","og_title":"Produkty ze stali nierdzewnej wyposa\u017cenie gastronomii Electrolux","og_description":"Electrolux tworzy rozwi\u0105zania pozwalaj\u0105ce profesjonalistom na stworzenie obszaru s\u0142u\u017c\u0105cego przygotowywaniu posi\u0142k\u00f3w, kt\u00f3ry gwarantuje wysok\u0105 wydajno\u015b\u0107, doskona\u0142e standardy higieny i maksymaln\u0105 elastyczno\u015b\u0107.","og_url":"https:\/\/www.electroluxprofessional.com\/pl\/gastronomia\/produkty-ze-stali-nierdzewnej\/","og_site_name":"Electrolux Professional Polska","article_modified_time":"2025-11-05T15:19:02+00:00","og_image":[{"width":2000,"height":1331,"url":"https:\/\/www.electroluxprofessional.com\/pl\/wp-content\/uploads\/2017\/01\/banner1.jpg","type":"image\/jpeg"}],"twitter_card":"summary_large_image","twitter_misc":{"Szacowany czas czytania":"3 minuty"},"schema":{"@context":"https:\/\/schema.org","@graph":[{"@type":"WebPage","@id":"https:\/\/www.electroluxprofessional.com\/pl\/gastronomia\/produkty-ze-stali-nierdzewnej\/","url":"https:\/\/www.electroluxprofessional.com\/pl\/gastronomia\/produkty-ze-stali-nierdzewnej\/","name":"Produkty ze stali nierdzewnej wyposa\u017cenie gastronomii Electrolux","isPartOf":{"@id":"https:\/\/www.electroluxprofessional.com\/pl\/#website"},"primaryImageOfPage":{"@id":"https:\/\/www.electroluxprofessional.com\/pl\/gastronomia\/produkty-ze-stali-nierdzewnej\/#primaryimage"},"image":{"@id":"https:\/\/www.electroluxprofessional.com\/pl\/gastronomia\/produkty-ze-stali-nierdzewnej\/#primaryimage"},"thumbnailUrl":"https:\/\/www.electroluxprofessional.com\/pl\/wp-content\/uploads\/2017\/01\/banner1.jpg","datePublished":"2016-11-16T08:41:31+00:00","dateModified":"2025-11-05T15:19:02+00:00","description":"Electrolux tworzy rozwi\u0105zania pozwalaj\u0105ce profesjonalistom na stworzenie obszaru s\u0142u\u017c\u0105cego przygotowywaniu posi\u0142k\u00f3w, kt\u00f3ry gwarantuje wysok\u0105 wydajno\u015b\u0107, doskona\u0142e standardy higieny i maksymaln\u0105 elastyczno\u015b\u0107.","breadcrumb":{"@id":"https:\/\/www.electroluxprofessional.com\/pl\/gastronomia\/produkty-ze-stali-nierdzewnej\/#breadcrumb"},"inLanguage":"pl-PL","potentialAction":[{"@type":"ReadAction","target":["https:\/\/www.electroluxprofessional.com\/pl\/gastronomia\/produkty-ze-stali-nierdzewnej\/"]}]},{"@type":"ImageObject","inLanguage":"pl-PL","@id":"https:\/\/www.electroluxprofessional.com\/pl\/gastronomia\/produkty-ze-stali-nierdzewnej\/#primaryimage","url":"https:\/\/www.electroluxprofessional.com\/pl\/wp-content\/uploads\/2017\/01\/banner1.jpg","contentUrl":"https:\/\/www.electroluxprofessional.com\/pl\/wp-content\/uploads\/2017\/01\/banner1.jpg","width":2000,"height":1331,"caption":"food"},{"@type":"BreadcrumbList","@id":"https:\/\/www.electroluxprofessional.com\/pl\/gastronomia\/produkty-ze-stali-nierdzewnej\/#breadcrumb","itemListElement":[{"@type":"ListItem","position":1,"name":"Strona g\u0142\u00f3wna","item":"https:\/\/www.electroluxprofessional.com\/pl\/"},{"@type":"ListItem","position":2,"name":"Gastronomia","item":"https:\/\/www.electroluxprofessional.com\/pl\/gastronomia\/"},{"@type":"ListItem","position":3,"name":"Produkty ze stali nierdzewnej"}]},{"@type":"WebSite","@id":"https:\/\/www.electroluxprofessional.com\/pl\/#website","url":"https:\/\/www.electroluxprofessional.com\/pl\/","name":"Electrolux Professional Polska","description":"","potentialAction":[{"@type":"SearchAction","target":{"@type":"EntryPoint","urlTemplate":"https:\/\/www.electroluxprofessional.com\/pl\/?src={search_term_string}"},"query-input":"required name=search_term_string"}],"inLanguage":"pl-PL"}]}},"_links":{"self":[{"href":"https:\/\/www.electroluxprofessional.com\/pl\/wp-json\/wp\/v2\/pages\/2227"}],"collection":[{"href":"https:\/\/www.electroluxprofessional.com\/pl\/wp-json\/wp\/v2\/pages"}],"about":[{"href":"https:\/\/www.electroluxprofessional.com\/pl\/wp-json\/wp\/v2\/types\/page"}],"author":[{"embeddable":true,"href":"https:\/\/www.electroluxprofessional.com\/pl\/wp-json\/wp\/v2\/users\/3"}],"replies":[{"embeddable":true,"href":"https:\/\/www.electroluxprofessional.com\/pl\/wp-json\/wp\/v2\/comments?post=2227"}],"version-history":[{"count":11,"href":"https:\/\/www.electroluxprofessional.com\/pl\/wp-json\/wp\/v2\/pages\/2227\/revisions"}],"predecessor-version":[{"id":11611,"href":"https:\/\/www.electroluxprofessional.com\/pl\/wp-json\/wp\/v2\/pages\/2227\/revisions\/11611"}],"up":[{"embeddable":true,"href":"https:\/\/www.electroluxprofessional.com\/pl\/wp-json\/wp\/v2\/pages\/1148"}],"wp:featuredmedia":[{"embeddable":true,"href":"https:\/\/www.electroluxprofessional.com\/pl\/wp-json\/wp\/v2\/media\/2221"}],"wp:attachment":[{"href":"https:\/\/www.electroluxprofessional.com\/pl\/wp-json\/wp\/v2\/media?parent=2227"}],"curies":[{"name":"wp","href":"https:\/\/api.w.org\/{rel}","templated":true}]}}