{"id":2202,"date":"2016-11-28T08:43:16","date_gmt":"2016-11-28T08:43:16","guid":{"rendered":"https:\/\/www.electroluxprofessional.com\/?page_id=5941"},"modified":"2020-10-12T10:17:30","modified_gmt":"2020-10-12T10:17:30","slug":"kostkarki-do-lodow","status":"publish","type":"page","link":"https:\/\/www.electroluxprofessional.com\/pl\/gastronomia\/kostkarki-do-lodow\/","title":{"rendered":"Kostkarki do lod\u00f3w"},"content":{"rendered":"<p>[vc_row full_width=&#8221;electroluxpro-full-width-no-padding&#8221;][vc_column][elx_image_block background_image=&#8221;607&#8243; minimum_height=&#8221;400px&#8221;][\/vc_column][\/vc_row][vc_row][vc_column][vc_empty_space][elx_heading font_container=&#8221;h1&#8243; font_size=&#8221;h2&#8243; text_color=&#8221;inherit&#8221; text_align=&#8221;text-center&#8221;]Kostkarki i \u0142uskarki do lodu[\/elx_heading][vc_empty_space height=&#8221;50px&#8221;][\/vc_column][\/vc_row][vc_row][vc_column width=&#8221;1\/2&#8243;][vc_column_text]Gama <strong>kostkarek i \u0142uskarek do lodu<\/strong> Electrolux Professional jest w stanie zaspokoi\u0107 potrzeby wszelkich rozmiar\u00f3w punkt\u00f3w gastronomicznych. Imponuj\u0105cy zakres <strong>21 modeli<\/strong>, wytwarzaj\u0105cych od 2<strong>1 do 200 kg kostek w ci\u0105gu 24 h<\/strong> lub <strong>90-500 kg p\u0142atk\u00f3w lodu w ci\u0105gu doby<\/strong>.<\/p>\n<p>System natryskowy wytwarza idealnie przejrzyste kostki lodu oraz lodowe p\u0142atki, kt\u00f3re wolno topiej\u0105, a zatem nie powoduj\u0105 natychmiastowego rozcie\u0144czania napoju.<\/p>\n<p>Technologia systemu \u0142opatkowego zapewnia optymalne osi\u0105gi nawet w przypadku u\u017cycia wody twardej. Obecno\u015b\u0107 kamienia w wodzie nie ma wp\u0142ywu na wydajno\u015b\u0107 naszych kostkarek.[\/vc_column_text][\/vc_column][vc_column width=&#8221;1\/2&#8243;][vc_single_image image=&#8221;2201&#8243; img_size=&#8221;full&#8221;][\/vc_column][\/vc_row][vc_row][vc_column][vc_empty_space height=&#8221;50px&#8221;][elx_heading font_size=&#8221;h3&#8243; text_color=&#8221;inherit&#8221; text_align=&#8221;text-center&#8221;]Znajd\u017a idealny pakiet dla Twojej firmy[\/elx_heading][\/vc_column][\/vc_row][vc_row][vc_column width=&#8221;1\/3&#8243;][elx_maylike_box id_box=&#8221;1195&#8243;][\/vc_column][vc_column width=&#8221;1\/3&#8243;][elx_maylike_box id_box=&#8221;1182&#8243;][\/vc_column][vc_column width=&#8221;1\/3&#8243;][elx_maylike_box id_box=&#8221;1215&#8243;][\/vc_column][\/vc_row][vc_row][vc_column][vc_empty_space height=&#8221;50px&#8221;][elx_heading text_color=&#8221;inherit&#8221; text_align=&#8221;text-center&#8221;]Dowiedz si\u0119 jak nasze kostkarki i \u0142uskarki do lodu mog\u0105 pom\u00f3c Twojej firmie [\/elx_heading][elx_o2000_contact_us r=&#8221;Chcia\u0142bym dowiedzie\u0107 si\u0119 wi\u0119cej o kostkarkach i \u0142uskarkach do lodu. Prosz\u0119 si\u0119 ze mn\u0105 skontaktowa\u0107.&#8221; s=&#8221;Request of information about ice makers and flakers&#8221; country=&#8221;Poland&#8221; l=&#8221;pl&#8221; container=&#8221;elxcontactus1480429564&#8243;][vc_empty_space height=&#8221;50px&#8221;][\/vc_column][\/vc_row]<\/p>\n","protected":false},"excerpt":{"rendered":"<p>[vc_row full_width=&#8221;electroluxpro-full-width-no-padding&#8221;][vc_column][elx_image_block background_image=&#8221;607&#8243; minimum_height=&#8221;400px&#8221;][\/vc_column][\/vc_row][vc_row][vc_column][vc_empty_space][elx_heading font_container=&#8221;h1&#8243; font_size=&#8221;h2&#8243; text_color=&#8221;inherit&#8221; text_align=&#8221;text-center&#8221;]Kostkarki i \u0142uskarki do lodu[\/elx_heading][vc_empty_space height=&#8221;50px&#8221;][\/vc_column][\/vc_row][vc_row][vc_column width=&#8221;1\/2&#8243;][vc_column_text]Gama kostkarek i \u0142uskarek do lodu Electrolux Professional jest w stanie zaspokoi\u0107 potrzeby wszelkich rozmiar\u00f3w punkt\u00f3w gastronomicznych. Imponuj\u0105cy zakres 21 modeli, wytwarzaj\u0105cych od 21 do 200 kg kostek w ci\u0105gu 24 h lub 90-500 kg p\u0142atk\u00f3w lodu w ci\u0105gu doby. System natryskowy [&hellip;]<\/p>\n","protected":false},"author":3,"featured_media":607,"parent":1148,"menu_order":0,"comment_status":"closed","ping_status":"closed","template":"","meta":{"footnotes":""},"class_list":["post-2202","page","type-page","status-publish","has-post-thumbnail","hentry"],"acf":[],"yoast_head":"<!-- This site is optimized with the Yoast SEO plugin v23.3 - https:\/\/yoast.com\/wordpress\/plugins\/seo\/ -->\n<title>Kostkarki i \u0142uskarki do lodu wyposa\u017cenie gastronomii Electrolux<\/title>\n<meta name=\"description\" content=\"Gama kostkarek i \u0142uskarek do lodu Electrolux jest w stanie zaspokoi\u0107 potrzeby wszelkich rozmiar\u00f3w punkt\u00f3w gastronomicznych.\" \/>\n<meta name=\"robots\" content=\"index, follow, max-snippet:-1, max-image-preview:large, max-video-preview:-1\" \/>\n<link rel=\"canonical\" href=\"https:\/\/www.electroluxprofessional.com\/pl\/gastronomia\/kostkarki-do-lodow\/\" \/>\n<meta property=\"og:locale\" content=\"pl_PL\" \/>\n<meta property=\"og:type\" content=\"article\" \/>\n<meta property=\"og:title\" content=\"Kostkarki i \u0142uskarki do lodu wyposa\u017cenie gastronomii Electrolux\" \/>\n<meta property=\"og:description\" content=\"Gama kostkarek i \u0142uskarek do lodu Electrolux jest w stanie zaspokoi\u0107 potrzeby wszelkich rozmiar\u00f3w punkt\u00f3w gastronomicznych.\" \/>\n<meta property=\"og:url\" content=\"https:\/\/www.electroluxprofessional.com\/pl\/gastronomia\/kostkarki-do-lodow\/\" \/>\n<meta property=\"og:site_name\" content=\"Electrolux Professional Polska\" \/>\n<meta property=\"article:modified_time\" content=\"2020-10-12T10:17:30+00:00\" \/>\n<meta property=\"og:image\" content=\"https:\/\/www.electroluxprofessional.com\/pl\/wp-content\/uploads\/2016\/07\/bar-caf\u00e8-glass.jpg\" \/>\n\t<meta property=\"og:image:width\" content=\"1148\" \/>\n\t<meta property=\"og:image:height\" content=\"845\" \/>\n\t<meta property=\"og:image:type\" content=\"image\/jpeg\" \/>\n<meta name=\"twitter:card\" content=\"summary_large_image\" \/>\n<meta name=\"twitter:label1\" content=\"Szacowany czas czytania\" \/>\n\t<meta name=\"twitter:data1\" content=\"2 minuty\" \/>\n<script type=\"application\/ld+json\" class=\"yoast-schema-graph\">{\"@context\":\"https:\/\/schema.org\",\"@graph\":[{\"@type\":\"WebPage\",\"@id\":\"https:\/\/www.electroluxprofessional.com\/pl\/gastronomia\/kostkarki-do-lodow\/\",\"url\":\"https:\/\/www.electroluxprofessional.com\/pl\/gastronomia\/kostkarki-do-lodow\/\",\"name\":\"Kostkarki i \u0142uskarki do lodu wyposa\u017cenie gastronomii Electrolux\",\"isPartOf\":{\"@id\":\"https:\/\/www.electroluxprofessional.com\/pl\/#website\"},\"primaryImageOfPage\":{\"@id\":\"https:\/\/www.electroluxprofessional.com\/pl\/gastronomia\/kostkarki-do-lodow\/#primaryimage\"},\"image\":{\"@id\":\"https:\/\/www.electroluxprofessional.com\/pl\/gastronomia\/kostkarki-do-lodow\/#primaryimage\"},\"thumbnailUrl\":\"https:\/\/www.electroluxprofessional.com\/pl\/wp-content\/uploads\/2016\/07\/bar-caf\u00e8-glass.jpg\",\"datePublished\":\"2016-11-28T08:43:16+00:00\",\"dateModified\":\"2020-10-12T10:17:30+00:00\",\"description\":\"Gama kostkarek i \u0142uskarek do lodu Electrolux jest w stanie zaspokoi\u0107 potrzeby wszelkich rozmiar\u00f3w punkt\u00f3w gastronomicznych.\",\"breadcrumb\":{\"@id\":\"https:\/\/www.electroluxprofessional.com\/pl\/gastronomia\/kostkarki-do-lodow\/#breadcrumb\"},\"inLanguage\":\"pl-PL\",\"potentialAction\":[{\"@type\":\"ReadAction\",\"target\":[\"https:\/\/www.electroluxprofessional.com\/pl\/gastronomia\/kostkarki-do-lodow\/\"]}]},{\"@type\":\"ImageObject\",\"inLanguage\":\"pl-PL\",\"@id\":\"https:\/\/www.electroluxprofessional.com\/pl\/gastronomia\/kostkarki-do-lodow\/#primaryimage\",\"url\":\"https:\/\/www.electroluxprofessional.com\/pl\/wp-content\/uploads\/2016\/07\/bar-caf\u00e8-glass.jpg\",\"contentUrl\":\"https:\/\/www.electroluxprofessional.com\/pl\/wp-content\/uploads\/2016\/07\/bar-caf\u00e8-glass.jpg\",\"width\":1148,\"height\":845,\"caption\":\"bar and caf\u00e8 equipment\"},{\"@type\":\"BreadcrumbList\",\"@id\":\"https:\/\/www.electroluxprofessional.com\/pl\/gastronomia\/kostkarki-do-lodow\/#breadcrumb\",\"itemListElement\":[{\"@type\":\"ListItem\",\"position\":1,\"name\":\"Strona g\u0142\u00f3wna\",\"item\":\"https:\/\/www.electroluxprofessional.com\/pl\/\"},{\"@type\":\"ListItem\",\"position\":2,\"name\":\"Gastronomia\",\"item\":\"https:\/\/www.electroluxprofessional.com\/pl\/gastronomia\/\"},{\"@type\":\"ListItem\",\"position\":3,\"name\":\"Kostkarki do lod\u00f3w\"}]},{\"@type\":\"WebSite\",\"@id\":\"https:\/\/www.electroluxprofessional.com\/pl\/#website\",\"url\":\"https:\/\/www.electroluxprofessional.com\/pl\/\",\"name\":\"Electrolux Professional Polska\",\"description\":\"\",\"potentialAction\":[{\"@type\":\"SearchAction\",\"target\":{\"@type\":\"EntryPoint\",\"urlTemplate\":\"https:\/\/www.electroluxprofessional.com\/pl\/?src={search_term_string}\"},\"query-input\":\"required name=search_term_string\"}],\"inLanguage\":\"pl-PL\"}]}<\/script>\n<!-- \/ Yoast SEO plugin. -->","yoast_head_json":{"title":"Kostkarki i \u0142uskarki do lodu wyposa\u017cenie gastronomii Electrolux","description":"Gama kostkarek i \u0142uskarek do lodu Electrolux jest w stanie zaspokoi\u0107 potrzeby wszelkich rozmiar\u00f3w punkt\u00f3w gastronomicznych.","robots":{"index":"index","follow":"follow","max-snippet":"max-snippet:-1","max-image-preview":"max-image-preview:large","max-video-preview":"max-video-preview:-1"},"canonical":"https:\/\/www.electroluxprofessional.com\/pl\/gastronomia\/kostkarki-do-lodow\/","og_locale":"pl_PL","og_type":"article","og_title":"Kostkarki i \u0142uskarki do lodu wyposa\u017cenie gastronomii Electrolux","og_description":"Gama kostkarek i \u0142uskarek do lodu Electrolux jest w stanie zaspokoi\u0107 potrzeby wszelkich rozmiar\u00f3w punkt\u00f3w gastronomicznych.","og_url":"https:\/\/www.electroluxprofessional.com\/pl\/gastronomia\/kostkarki-do-lodow\/","og_site_name":"Electrolux Professional Polska","article_modified_time":"2020-10-12T10:17:30+00:00","og_image":[{"width":1148,"height":845,"url":"https:\/\/www.electroluxprofessional.com\/pl\/wp-content\/uploads\/2016\/07\/bar-caf\u00e8-glass.jpg","type":"image\/jpeg"}],"twitter_card":"summary_large_image","twitter_misc":{"Szacowany czas czytania":"2 minuty"},"schema":{"@context":"https:\/\/schema.org","@graph":[{"@type":"WebPage","@id":"https:\/\/www.electroluxprofessional.com\/pl\/gastronomia\/kostkarki-do-lodow\/","url":"https:\/\/www.electroluxprofessional.com\/pl\/gastronomia\/kostkarki-do-lodow\/","name":"Kostkarki i \u0142uskarki do lodu wyposa\u017cenie gastronomii Electrolux","isPartOf":{"@id":"https:\/\/www.electroluxprofessional.com\/pl\/#website"},"primaryImageOfPage":{"@id":"https:\/\/www.electroluxprofessional.com\/pl\/gastronomia\/kostkarki-do-lodow\/#primaryimage"},"image":{"@id":"https:\/\/www.electroluxprofessional.com\/pl\/gastronomia\/kostkarki-do-lodow\/#primaryimage"},"thumbnailUrl":"https:\/\/www.electroluxprofessional.com\/pl\/wp-content\/uploads\/2016\/07\/bar-caf\u00e8-glass.jpg","datePublished":"2016-11-28T08:43:16+00:00","dateModified":"2020-10-12T10:17:30+00:00","description":"Gama kostkarek i \u0142uskarek do lodu Electrolux jest w stanie zaspokoi\u0107 potrzeby wszelkich rozmiar\u00f3w punkt\u00f3w gastronomicznych.","breadcrumb":{"@id":"https:\/\/www.electroluxprofessional.com\/pl\/gastronomia\/kostkarki-do-lodow\/#breadcrumb"},"inLanguage":"pl-PL","potentialAction":[{"@type":"ReadAction","target":["https:\/\/www.electroluxprofessional.com\/pl\/gastronomia\/kostkarki-do-lodow\/"]}]},{"@type":"ImageObject","inLanguage":"pl-PL","@id":"https:\/\/www.electroluxprofessional.com\/pl\/gastronomia\/kostkarki-do-lodow\/#primaryimage","url":"https:\/\/www.electroluxprofessional.com\/pl\/wp-content\/uploads\/2016\/07\/bar-caf\u00e8-glass.jpg","contentUrl":"https:\/\/www.electroluxprofessional.com\/pl\/wp-content\/uploads\/2016\/07\/bar-caf\u00e8-glass.jpg","width":1148,"height":845,"caption":"bar and caf\u00e8 equipment"},{"@type":"BreadcrumbList","@id":"https:\/\/www.electroluxprofessional.com\/pl\/gastronomia\/kostkarki-do-lodow\/#breadcrumb","itemListElement":[{"@type":"ListItem","position":1,"name":"Strona g\u0142\u00f3wna","item":"https:\/\/www.electroluxprofessional.com\/pl\/"},{"@type":"ListItem","position":2,"name":"Gastronomia","item":"https:\/\/www.electroluxprofessional.com\/pl\/gastronomia\/"},{"@type":"ListItem","position":3,"name":"Kostkarki do lod\u00f3w"}]},{"@type":"WebSite","@id":"https:\/\/www.electroluxprofessional.com\/pl\/#website","url":"https:\/\/www.electroluxprofessional.com\/pl\/","name":"Electrolux Professional Polska","description":"","potentialAction":[{"@type":"SearchAction","target":{"@type":"EntryPoint","urlTemplate":"https:\/\/www.electroluxprofessional.com\/pl\/?src={search_term_string}"},"query-input":"required name=search_term_string"}],"inLanguage":"pl-PL"}]}},"_links":{"self":[{"href":"https:\/\/www.electroluxprofessional.com\/pl\/wp-json\/wp\/v2\/pages\/2202"}],"collection":[{"href":"https:\/\/www.electroluxprofessional.com\/pl\/wp-json\/wp\/v2\/pages"}],"about":[{"href":"https:\/\/www.electroluxprofessional.com\/pl\/wp-json\/wp\/v2\/types\/page"}],"author":[{"embeddable":true,"href":"https:\/\/www.electroluxprofessional.com\/pl\/wp-json\/wp\/v2\/users\/3"}],"replies":[{"embeddable":true,"href":"https:\/\/www.electroluxprofessional.com\/pl\/wp-json\/wp\/v2\/comments?post=2202"}],"version-history":[{"count":5,"href":"https:\/\/www.electroluxprofessional.com\/pl\/wp-json\/wp\/v2\/pages\/2202\/revisions"}],"predecessor-version":[{"id":5879,"href":"https:\/\/www.electroluxprofessional.com\/pl\/wp-json\/wp\/v2\/pages\/2202\/revisions\/5879"}],"up":[{"embeddable":true,"href":"https:\/\/www.electroluxprofessional.com\/pl\/wp-json\/wp\/v2\/pages\/1148"}],"wp:featuredmedia":[{"embeddable":true,"href":"https:\/\/www.electroluxprofessional.com\/pl\/wp-json\/wp\/v2\/media\/607"}],"wp:attachment":[{"href":"https:\/\/www.electroluxprofessional.com\/pl\/wp-json\/wp\/v2\/media?parent=2202"}],"curies":[{"name":"wp","href":"https:\/\/api.w.org\/{rel}","templated":true}]}}