{"id":2197,"date":"2017-02-02T16:35:01","date_gmt":"2017-02-02T15:35:01","guid":{"rendered":"https:\/\/www.electroluxprofessional.com\/?page_id=8957"},"modified":"2025-11-05T15:17:34","modified_gmt":"2025-11-05T15:17:34","slug":"wozki-transportowe","status":"publish","type":"page","link":"https:\/\/www.electroluxprofessional.com\/pl\/gastronomia\/wozki-transportowe\/","title":{"rendered":"W\u00f3zki transportowe"},"content":{"rendered":"<p>[vc_row full_width=&#8221;electroluxpro-full-width-no-padding&#8221;][vc_column][elx_hero_slider label_text_color=&#8221;inherit&#8221; images=&#8221;2011&#8243;][elx_heading font_container=&#8221;h1&#8243; text_color=&#8221;inherit&#8221;]W\u00f3zki transportowe[\/elx_heading][\/elx_hero_slider][\/vc_column][\/vc_row][vc_row][vc_column][vc_empty_space][elx_heading font_size=&#8221;h3&#8243; text_color=&#8221;inherit&#8221;]W profesjonalnych kuchniach w\u00f3zek transportowy jest niezb\u0119dnym uzupe\u0142nieniem systemu <strong>transportu towar\u00f3w<\/strong> i <strong>dystrybucji posi\u0142k\u00f3w<\/strong>.[\/elx_heading][vc_empty_space][\/vc_column][\/vc_row][vc_row][vc_column width=&#8221;1\/2&#8243;][vc_column_text]Elastyczno\u015b\u0107, wysoka pojemno\u015b\u0107 i wydajno\u015b\u0107 Systemu Dystrybucji Posi\u0142k\u00f3w to cechy produkt\u00f3w pochodzacych z szerokiej gamy urz\u0105dze\u0144 i akcesori\u00f3w dost\u0119pnych w celu zapewnienia niezliczonych mo\u017cliwo\u015bci instalacji.<\/p>\n<p>Electrolux Professional oferuje pe\u0142n\u0105 gam\u0119 ergonomicznych w\u00f3zk\u00f3w dla obs\u0142ugi sal bankietowych; <strong>w\u00f3zki ze stali nierdzewnej<\/strong> do <strong>przechowywania i transportu stojak\u00f3w do zmywania naczy\u0144<\/strong>; <strong>w\u00f3zki serwisowe do blach<\/strong> i tac; <strong>kosze do zmywarek i w\u00f3zki ze zlewami dla szpitali, dom\u00f3w spokojnej staro\u015bci, instytucji opieki zdrowotnej i gastronomii.<\/strong><\/p>\n<p><strong>\u00a0<\/strong>[\/vc_column_text][\/vc_column][vc_column width=&#8221;1\/2&#8243;][vc_single_image image=&#8221;2195&#8243; img_size=&#8221;full&#8221; alignment=&#8221;center&#8221;][\/vc_column][\/vc_row][vc_row][vc_column][vc_empty_space][elx_heading text_color=&#8221;inherit&#8221;]Dowiedz si\u0119 jak nasze w\u00f3zki mog\u0105 pom\u00f3c Twojej firmie [\/elx_heading][elx_o2000_contact_us r=&#8221;Chcia\u0142bym dowiedzie\u0107 si\u0119 wi\u0119cej o w\u00f3zkach transportowych. Prosz\u0119 si\u0119 ze mn\u0105 skontaktowa\u0107.&#8221; s=&#8221;Request of information about trolleys&#8221; country=&#8221;Poland&#8221; l=&#8221;pl&#8221; container=&#8221;elxcontactus1486049263&#8243;][vc_empty_space][\/vc_column][\/vc_row][vc_row][vc_column][elx_heading font_container=&#8221;h3&#8243; text_color=&#8221;inherit&#8221; text_align=&#8221;text-center&#8221;]Znajd\u017a idealny pakiet dla Twojej firmy<br \/>\n[\/elx_heading][\/vc_column][\/vc_row][vc_row][vc_column width=&#8221;1\/3&#8243;][elx_maylike_box id_box=&#8221;1412&#8243;][\/vc_column][vc_column width=&#8221;1\/3&#8243;][elx_maylike_box id_box=&#8221;1555&#8243;][\/vc_column][vc_column width=&#8221;1\/3&#8243;][elx_maylike_box id_box=&#8221;1195&#8243;][\/vc_column][\/vc_row]<\/p>\n","protected":false},"excerpt":{"rendered":"<p>[vc_row full_width=&#8221;electroluxpro-full-width-no-padding&#8221;][vc_column][elx_hero_slider label_text_color=&#8221;inherit&#8221; images=&#8221;2011&#8243;][elx_heading font_container=&#8221;h1&#8243; text_color=&#8221;inherit&#8221;]W\u00f3zki transportowe[\/elx_heading][\/elx_hero_slider][\/vc_column][\/vc_row][vc_row][vc_column][vc_empty_space][elx_heading font_size=&#8221;h3&#8243; text_color=&#8221;inherit&#8221;]W profesjonalnych kuchniach w\u00f3zek transportowy jest niezb\u0119dnym uzupe\u0142nieniem systemu transportu towar\u00f3w i dystrybucji posi\u0142k\u00f3w.[\/elx_heading][vc_empty_space][\/vc_column][\/vc_row][vc_row][vc_column width=&#8221;1\/2&#8243;][vc_column_text]Elastyczno\u015b\u0107, wysoka pojemno\u015b\u0107 i wydajno\u015b\u0107 Systemu Dystrybucji Posi\u0142k\u00f3w to cechy produkt\u00f3w pochodzacych z szerokiej gamy urz\u0105dze\u0144 i akcesori\u00f3w dost\u0119pnych w celu zapewnienia niezliczonych mo\u017cliwo\u015bci instalacji. Electrolux Professional oferuje pe\u0142n\u0105 gam\u0119 ergonomicznych w\u00f3zk\u00f3w dla [&hellip;]<\/p>\n","protected":false},"author":3,"featured_media":539,"parent":1148,"menu_order":0,"comment_status":"closed","ping_status":"closed","template":"","meta":{"footnotes":""},"class_list":["post-2197","page","type-page","status-publish","has-post-thumbnail","hentry"],"acf":[],"yoast_head":"<!-- This site is optimized with the Yoast SEO plugin v23.3 - https:\/\/yoast.com\/wordpress\/plugins\/seo\/ -->\n<title>W\u00f3zki transportowe serwisowe kosze i w\u00f3zki ze zlewami Electrolux<\/title>\n<meta name=\"description\" content=\"Electrolux oferuje pe\u0142n\u0105 gam\u0119 ergonomicznych w\u00f3zk\u00f3w dla obs\u0142ugi sal bankietowych; w\u00f3zki ze stali nierdzewnej do przechowywania i transportu stojak\u00f3w do zmywania naczy\u0144.\" \/>\n<meta name=\"robots\" content=\"index, follow, max-snippet:-1, max-image-preview:large, max-video-preview:-1\" \/>\n<link rel=\"canonical\" href=\"https:\/\/www.electroluxprofessional.com\/pl\/gastronomia\/wozki-transportowe\/\" \/>\n<meta property=\"og:locale\" content=\"pl_PL\" \/>\n<meta property=\"og:type\" content=\"article\" \/>\n<meta property=\"og:title\" content=\"W\u00f3zki transportowe serwisowe kosze i w\u00f3zki ze zlewami Electrolux\" \/>\n<meta property=\"og:description\" content=\"Electrolux oferuje pe\u0142n\u0105 gam\u0119 ergonomicznych w\u00f3zk\u00f3w dla obs\u0142ugi sal bankietowych; w\u00f3zki ze stali nierdzewnej do przechowywania i transportu stojak\u00f3w do zmywania naczy\u0144.\" \/>\n<meta property=\"og:url\" content=\"https:\/\/www.electroluxprofessional.com\/pl\/gastronomia\/wozki-transportowe\/\" \/>\n<meta property=\"og:site_name\" content=\"Electrolux Professional Polska\" \/>\n<meta property=\"article:modified_time\" content=\"2025-11-05T15:17:34+00:00\" \/>\n<meta property=\"og:image\" content=\"https:\/\/www.electroluxprofessional.com\/pl\/wp-content\/uploads\/2016\/11\/6899ade55d4bc92f3d116afa97913e06-1.jpg\" \/>\n\t<meta property=\"og:image:width\" content=\"5760\" \/>\n\t<meta property=\"og:image:height\" content=\"3840\" \/>\n\t<meta property=\"og:image:type\" content=\"image\/jpeg\" \/>\n<meta name=\"twitter:card\" content=\"summary_large_image\" \/>\n<meta name=\"twitter:label1\" content=\"Szacowany czas czytania\" \/>\n\t<meta name=\"twitter:data1\" content=\"2 minuty\" \/>\n<script type=\"application\/ld+json\" class=\"yoast-schema-graph\">{\"@context\":\"https:\/\/schema.org\",\"@graph\":[{\"@type\":\"WebPage\",\"@id\":\"https:\/\/www.electroluxprofessional.com\/pl\/gastronomia\/wozki-transportowe\/\",\"url\":\"https:\/\/www.electroluxprofessional.com\/pl\/gastronomia\/wozki-transportowe\/\",\"name\":\"W\u00f3zki transportowe serwisowe kosze i w\u00f3zki ze zlewami Electrolux\",\"isPartOf\":{\"@id\":\"https:\/\/www.electroluxprofessional.com\/pl\/#website\"},\"primaryImageOfPage\":{\"@id\":\"https:\/\/www.electroluxprofessional.com\/pl\/gastronomia\/wozki-transportowe\/#primaryimage\"},\"image\":{\"@id\":\"https:\/\/www.electroluxprofessional.com\/pl\/gastronomia\/wozki-transportowe\/#primaryimage\"},\"thumbnailUrl\":\"https:\/\/www.electroluxprofessional.com\/pl\/wp-content\/uploads\/2016\/11\/6899ade55d4bc92f3d116afa97913e06-1.jpg\",\"datePublished\":\"2017-02-02T15:35:01+00:00\",\"dateModified\":\"2025-11-05T15:17:34+00:00\",\"description\":\"Electrolux oferuje pe\u0142n\u0105 gam\u0119 ergonomicznych w\u00f3zk\u00f3w dla obs\u0142ugi sal bankietowych; w\u00f3zki ze stali nierdzewnej do przechowywania i transportu stojak\u00f3w do zmywania naczy\u0144.\",\"breadcrumb\":{\"@id\":\"https:\/\/www.electroluxprofessional.com\/pl\/gastronomia\/wozki-transportowe\/#breadcrumb\"},\"inLanguage\":\"pl-PL\",\"potentialAction\":[{\"@type\":\"ReadAction\",\"target\":[\"https:\/\/www.electroluxprofessional.com\/pl\/gastronomia\/wozki-transportowe\/\"]}]},{\"@type\":\"ImageObject\",\"inLanguage\":\"pl-PL\",\"@id\":\"https:\/\/www.electroluxprofessional.com\/pl\/gastronomia\/wozki-transportowe\/#primaryimage\",\"url\":\"https:\/\/www.electroluxprofessional.com\/pl\/wp-content\/uploads\/2016\/11\/6899ade55d4bc92f3d116afa97913e06-1.jpg\",\"contentUrl\":\"https:\/\/www.electroluxprofessional.com\/pl\/wp-content\/uploads\/2016\/11\/6899ade55d4bc92f3d116afa97913e06-1.jpg\",\"width\":5760,\"height\":3840,\"caption\":\"Wirtshaus Zinners\"},{\"@type\":\"BreadcrumbList\",\"@id\":\"https:\/\/www.electroluxprofessional.com\/pl\/gastronomia\/wozki-transportowe\/#breadcrumb\",\"itemListElement\":[{\"@type\":\"ListItem\",\"position\":1,\"name\":\"Strona g\u0142\u00f3wna\",\"item\":\"https:\/\/www.electroluxprofessional.com\/pl\/\"},{\"@type\":\"ListItem\",\"position\":2,\"name\":\"Gastronomia\",\"item\":\"https:\/\/www.electroluxprofessional.com\/pl\/gastronomia\/\"},{\"@type\":\"ListItem\",\"position\":3,\"name\":\"W\u00f3zki transportowe\"}]},{\"@type\":\"WebSite\",\"@id\":\"https:\/\/www.electroluxprofessional.com\/pl\/#website\",\"url\":\"https:\/\/www.electroluxprofessional.com\/pl\/\",\"name\":\"Electrolux Professional Polska\",\"description\":\"\",\"potentialAction\":[{\"@type\":\"SearchAction\",\"target\":{\"@type\":\"EntryPoint\",\"urlTemplate\":\"https:\/\/www.electroluxprofessional.com\/pl\/?src={search_term_string}\"},\"query-input\":\"required name=search_term_string\"}],\"inLanguage\":\"pl-PL\"}]}<\/script>\n<!-- \/ Yoast SEO plugin. -->","yoast_head_json":{"title":"W\u00f3zki transportowe serwisowe kosze i w\u00f3zki ze zlewami Electrolux","description":"Electrolux oferuje pe\u0142n\u0105 gam\u0119 ergonomicznych w\u00f3zk\u00f3w dla obs\u0142ugi sal bankietowych; w\u00f3zki ze stali nierdzewnej do przechowywania i transportu stojak\u00f3w do zmywania naczy\u0144.","robots":{"index":"index","follow":"follow","max-snippet":"max-snippet:-1","max-image-preview":"max-image-preview:large","max-video-preview":"max-video-preview:-1"},"canonical":"https:\/\/www.electroluxprofessional.com\/pl\/gastronomia\/wozki-transportowe\/","og_locale":"pl_PL","og_type":"article","og_title":"W\u00f3zki transportowe serwisowe kosze i w\u00f3zki ze zlewami Electrolux","og_description":"Electrolux oferuje pe\u0142n\u0105 gam\u0119 ergonomicznych w\u00f3zk\u00f3w dla obs\u0142ugi sal bankietowych; w\u00f3zki ze stali nierdzewnej do przechowywania i transportu stojak\u00f3w do zmywania naczy\u0144.","og_url":"https:\/\/www.electroluxprofessional.com\/pl\/gastronomia\/wozki-transportowe\/","og_site_name":"Electrolux Professional Polska","article_modified_time":"2025-11-05T15:17:34+00:00","og_image":[{"width":5760,"height":3840,"url":"https:\/\/www.electroluxprofessional.com\/pl\/wp-content\/uploads\/2016\/11\/6899ade55d4bc92f3d116afa97913e06-1.jpg","type":"image\/jpeg"}],"twitter_card":"summary_large_image","twitter_misc":{"Szacowany czas czytania":"2 minuty"},"schema":{"@context":"https:\/\/schema.org","@graph":[{"@type":"WebPage","@id":"https:\/\/www.electroluxprofessional.com\/pl\/gastronomia\/wozki-transportowe\/","url":"https:\/\/www.electroluxprofessional.com\/pl\/gastronomia\/wozki-transportowe\/","name":"W\u00f3zki transportowe serwisowe kosze i w\u00f3zki ze zlewami Electrolux","isPartOf":{"@id":"https:\/\/www.electroluxprofessional.com\/pl\/#website"},"primaryImageOfPage":{"@id":"https:\/\/www.electroluxprofessional.com\/pl\/gastronomia\/wozki-transportowe\/#primaryimage"},"image":{"@id":"https:\/\/www.electroluxprofessional.com\/pl\/gastronomia\/wozki-transportowe\/#primaryimage"},"thumbnailUrl":"https:\/\/www.electroluxprofessional.com\/pl\/wp-content\/uploads\/2016\/11\/6899ade55d4bc92f3d116afa97913e06-1.jpg","datePublished":"2017-02-02T15:35:01+00:00","dateModified":"2025-11-05T15:17:34+00:00","description":"Electrolux oferuje pe\u0142n\u0105 gam\u0119 ergonomicznych w\u00f3zk\u00f3w dla obs\u0142ugi sal bankietowych; w\u00f3zki ze stali nierdzewnej do przechowywania i transportu stojak\u00f3w do zmywania naczy\u0144.","breadcrumb":{"@id":"https:\/\/www.electroluxprofessional.com\/pl\/gastronomia\/wozki-transportowe\/#breadcrumb"},"inLanguage":"pl-PL","potentialAction":[{"@type":"ReadAction","target":["https:\/\/www.electroluxprofessional.com\/pl\/gastronomia\/wozki-transportowe\/"]}]},{"@type":"ImageObject","inLanguage":"pl-PL","@id":"https:\/\/www.electroluxprofessional.com\/pl\/gastronomia\/wozki-transportowe\/#primaryimage","url":"https:\/\/www.electroluxprofessional.com\/pl\/wp-content\/uploads\/2016\/11\/6899ade55d4bc92f3d116afa97913e06-1.jpg","contentUrl":"https:\/\/www.electroluxprofessional.com\/pl\/wp-content\/uploads\/2016\/11\/6899ade55d4bc92f3d116afa97913e06-1.jpg","width":5760,"height":3840,"caption":"Wirtshaus Zinners"},{"@type":"BreadcrumbList","@id":"https:\/\/www.electroluxprofessional.com\/pl\/gastronomia\/wozki-transportowe\/#breadcrumb","itemListElement":[{"@type":"ListItem","position":1,"name":"Strona g\u0142\u00f3wna","item":"https:\/\/www.electroluxprofessional.com\/pl\/"},{"@type":"ListItem","position":2,"name":"Gastronomia","item":"https:\/\/www.electroluxprofessional.com\/pl\/gastronomia\/"},{"@type":"ListItem","position":3,"name":"W\u00f3zki transportowe"}]},{"@type":"WebSite","@id":"https:\/\/www.electroluxprofessional.com\/pl\/#website","url":"https:\/\/www.electroluxprofessional.com\/pl\/","name":"Electrolux Professional Polska","description":"","potentialAction":[{"@type":"SearchAction","target":{"@type":"EntryPoint","urlTemplate":"https:\/\/www.electroluxprofessional.com\/pl\/?src={search_term_string}"},"query-input":"required name=search_term_string"}],"inLanguage":"pl-PL"}]}},"_links":{"self":[{"href":"https:\/\/www.electroluxprofessional.com\/pl\/wp-json\/wp\/v2\/pages\/2197"}],"collection":[{"href":"https:\/\/www.electroluxprofessional.com\/pl\/wp-json\/wp\/v2\/pages"}],"about":[{"href":"https:\/\/www.electroluxprofessional.com\/pl\/wp-json\/wp\/v2\/types\/page"}],"author":[{"embeddable":true,"href":"https:\/\/www.electroluxprofessional.com\/pl\/wp-json\/wp\/v2\/users\/3"}],"replies":[{"embeddable":true,"href":"https:\/\/www.electroluxprofessional.com\/pl\/wp-json\/wp\/v2\/comments?post=2197"}],"version-history":[{"count":6,"href":"https:\/\/www.electroluxprofessional.com\/pl\/wp-json\/wp\/v2\/pages\/2197\/revisions"}],"predecessor-version":[{"id":11606,"href":"https:\/\/www.electroluxprofessional.com\/pl\/wp-json\/wp\/v2\/pages\/2197\/revisions\/11606"}],"up":[{"embeddable":true,"href":"https:\/\/www.electroluxprofessional.com\/pl\/wp-json\/wp\/v2\/pages\/1148"}],"wp:featuredmedia":[{"embeddable":true,"href":"https:\/\/www.electroluxprofessional.com\/pl\/wp-json\/wp\/v2\/media\/539"}],"wp:attachment":[{"href":"https:\/\/www.electroluxprofessional.com\/pl\/wp-json\/wp\/v2\/media?parent=2197"}],"curies":[{"name":"wp","href":"https:\/\/api.w.org\/{rel}","templated":true}]}}