{"id":2194,"date":"2016-11-25T14:14:31","date_gmt":"2016-11-25T14:14:31","guid":{"rendered":"https:\/\/www.electroluxprofessional.com\/?page_id=5908"},"modified":"2025-11-05T15:18:45","modified_gmt":"2025-11-05T15:18:45","slug":"gotowanie-prozniowe","status":"publish","type":"page","link":"https:\/\/www.electroluxprofessional.com\/pl\/gastronomia\/gotowanie-prozniowe\/","title":{"rendered":"Przygotowanie: gotowanie pr\u00f3\u017cniowe"},"content":{"rendered":"<p>[vc_row full_width=&#8221;electroluxpro-full-width-no-padding&#8221;][vc_column][elx_image_block background_image=&#8221;2192&#8243; minimum_height=&#8221;400px&#8221;][\/vc_column][\/vc_row][vc_row][vc_column][vc_empty_space][elx_heading font_container=&#8221;h1&#8243; font_size=&#8221;h2&#8243; text_color=&#8221;inherit&#8221; text_align=&#8221;text-center&#8221;]Nowa gama urz\u0105dze\u0144 zapewniaj\u0105cych najwy\u017csz\u0105 jako\u015b\u0107 i higien\u0119 zgodnie z wymaganiami ka\u017cdej profesjonalnej kuchni[\/elx_heading][vc_empty_space][elx_heading text_color=&#8221;inherit&#8221; text_align=&#8221;text-center&#8221;]<strong>Pakowarki i zgrzewarki pr\u00f3\u017cniowe<\/strong>[\/elx_heading][vc_empty_space][\/vc_column][\/vc_row][vc_row][vc_column][vc_column_text]<strong>Pakowanie pr\u00f3\u017cniowe<\/strong> jest sposobem przechowywania \u017cywno\u015bci polegaj\u0105cym na usuni\u0119ciu powietrza z opakowania i jego szczelnym zamkni\u0119ciu. Usuwanie tlenu ma na celu przed\u0142u\u017cenie trwa\u0142o\u015bci produkt\u00f3w spo\u017cywczych.[\/vc_column_text][\/vc_column][\/vc_row][vc_row][vc_column width=&#8221;2\/3&#8243;][vc_column_text]Wolnostoj\u0105ce oraz nablatowe pakowarki pr\u00f3\u017cniowe o przerobie od 10 do 60 m3\/h (od 100 do 800 posi\u0142k\u00f3w dziennie). Wszystkie modele s\u0105 zgodne z norm\u0105 HACCP.<\/p>\n<ul>\n<li>\u0141atwy w programowaniu, cyfrowy panel sterowania gwarantuje optymalne ci\u015bnienie pr\u00f3\u017cni oraz czas zgrzewania<\/li>\n<li>Modele do pakowania delikatnych potraw przystosowane do pod\u0142\u0105czenia gazu oboj\u0119tnego<\/li>\n<li>Najwy\u017cszy poziom higieny i \u0142atwo\u015b\u0107 czyszczenia dzi\u0119ki komorze ci\u015bnieniowej z zaokr\u0105glonymi naro\u017cnikami<\/li>\n<li>Lampka kontrolna informuje o b\u0142\u0119dach w procesie pakowania pr\u00f3\u017cniowego i wstrzymuje prac\u0119 zanim opakowanie zostanie zgrzane, co umo\u017cliwia jego ponowne u\u017cycie.<\/li>\n<\/ul>\n<p>[\/vc_column_text][\/vc_column][vc_column width=&#8221;1\/3&#8243;][vc_single_image image=&#8221;2193&#8243; img_size=&#8221;full&#8221;][\/vc_column][\/vc_row][vc_row][vc_column][vc_empty_space height=&#8221;50px&#8221;][\/vc_column][\/vc_row][vc_row][vc_column width=&#8221;1\/3&#8243;][elx_download_block text=&#8221;Katalog produkt\u00f3w \u2013 dynamiczne przygotowywanie&#8221; link=&#8221;files.professional.electrolux.com\/docs\/?n=BR-9JEEL&amp;b=5&amp;l=1&#8243; background_color=&#8221;cat-create&#8221; reveal_effect=&#8221;&#8221; reveal_duration=&#8221;&#8221; reveal_delay=&#8221;&#8221;][\/vc_column][vc_column width=&#8221;1\/3&#8243;][elx_download_block text=&#8221;Odkryj nasz\u0105 ofert\u0119 urz\u0105dze\u0144 do ci\u0119cia, mieszania i krojenia&#8221; link=&#8221;https:\/\/www.electroluxprofessional.com\/pl\/gastronomia\/przygotowanie-posiekaj-wymieszaj-pokroj\/&#8221; background_color=&#8221;cat-create&#8221; reveal_effect=&#8221;&#8221; reveal_duration=&#8221;&#8221; reveal_delay=&#8221;&#8221; background_image=&#8221;1192&#8243;][\/vc_column][vc_column width=&#8221;1\/3&#8243;][elx_download_block text=&#8221;Odkryj nasze obieraki oraz urz\u0105dzenia do mycia i suszenia&#8221; link=&#8221;https:\/\/www.electroluxprofessional.com\/pl\/gastronomia\/przygotowanie-obierz-umyj-wysusz\/&#8221; background_color=&#8221;cat-create&#8221; reveal_effect=&#8221;&#8221; reveal_duration=&#8221;&#8221; reveal_delay=&#8221;&#8221; background_image=&#8221;1189&#8243;][\/vc_column][\/vc_row][vc_row][vc_column][vc_empty_space height=&#8221;50px&#8221;][\/vc_column][\/vc_row][vc_row][vc_column][elx_heading font_size=&#8221;h3&#8243; text_color=&#8221;inherit&#8221; text_align=&#8221;text-center&#8221;]Znajd\u017a idealny pakiet dla Twojej firmy[\/elx_heading][\/vc_column][\/vc_row][vc_row][vc_column width=&#8221;1\/3&#8243;][elx_maylike_box id_box=&#8221;1195&#8243;][\/vc_column][vc_column width=&#8221;1\/3&#8243;][elx_maylike_box id_box=&#8221;1182&#8243;][\/vc_column][vc_column width=&#8221;1\/3&#8243;][elx_maylike_box id_box=&#8221;1412&#8243;][\/vc_column][\/vc_row][vc_row][vc_column][vc_empty_space height=&#8221;50px&#8221;][elx_heading text_color=&#8221;inherit&#8221; text_align=&#8221;text-center&#8221;]Dowiedz si\u0119 jak nasze pakowarki pr\u00f3\u017cniowe mog\u0105 pom\u00f3c Twojej firmie [\/elx_heading][elx_o2000_contact_us r=&#8221;Chcia\u0142bym dowiedzie\u0107 si\u0119 wi\u0119cej o pakowarkach pr\u00f3\u017cniowych i zgrzewarkach. Prosz\u0119 si\u0119 ze mn\u0105 skontaktowa\u0107.&#8221; s=&#8221;Request of information about vacuum packers and sealers&#8221; country=&#8221;Poland&#8221; l=&#8221;pl&#8221; container=&#8221;elxcontactus1480083916&#8243;][vc_empty_space height=&#8221;50px&#8221;][\/vc_column][\/vc_row]<\/p>\n","protected":false},"excerpt":{"rendered":"<p>[vc_row full_width=&#8221;electroluxpro-full-width-no-padding&#8221;][vc_column][elx_image_block background_image=&#8221;2192&#8243; minimum_height=&#8221;400px&#8221;][\/vc_column][\/vc_row][vc_row][vc_column][vc_empty_space][elx_heading font_container=&#8221;h1&#8243; font_size=&#8221;h2&#8243; text_color=&#8221;inherit&#8221; text_align=&#8221;text-center&#8221;]Nowa gama urz\u0105dze\u0144 zapewniaj\u0105cych najwy\u017csz\u0105 jako\u015b\u0107 i higien\u0119 zgodnie z wymaganiami ka\u017cdej profesjonalnej kuchni[\/elx_heading][vc_empty_space][elx_heading text_color=&#8221;inherit&#8221; text_align=&#8221;text-center&#8221;]Pakowarki i zgrzewarki pr\u00f3\u017cniowe[\/elx_heading][vc_empty_space][\/vc_column][\/vc_row][vc_row][vc_column][vc_column_text]Pakowanie pr\u00f3\u017cniowe jest sposobem przechowywania \u017cywno\u015bci polegaj\u0105cym na usuni\u0119ciu powietrza z opakowania i jego szczelnym zamkni\u0119ciu. Usuwanie tlenu ma na celu przed\u0142u\u017cenie trwa\u0142o\u015bci produkt\u00f3w spo\u017cywczych.[\/vc_column_text][\/vc_column][\/vc_row][vc_row][vc_column width=&#8221;2\/3&#8243;][vc_column_text]Wolnostoj\u0105ce oraz nablatowe pakowarki pr\u00f3\u017cniowe [&hellip;]<\/p>\n","protected":false},"author":3,"featured_media":1733,"parent":1148,"menu_order":0,"comment_status":"closed","ping_status":"closed","template":"","meta":{"footnotes":""},"class_list":["post-2194","page","type-page","status-publish","has-post-thumbnail","hentry"],"acf":[],"yoast_head":"<!-- This site is optimized with the Yoast SEO plugin v23.3 - https:\/\/yoast.com\/wordpress\/plugins\/seo\/ -->\n<title>Pakowarki i zgrzewarki pr\u00f3\u017cniowe wyposa\u017cenie gastronomii Electrolux<\/title>\n<meta name=\"description\" content=\"Nowa gama urz\u0105dze\u0144 zapewniaj\u0105cych najwy\u017csz\u0105 jako\u015b\u0107 i higien\u0119 zgodnie z wymaganiami ka\u017cdej profesjonalnej kuchni.\" \/>\n<meta name=\"robots\" content=\"index, follow, max-snippet:-1, max-image-preview:large, max-video-preview:-1\" \/>\n<link rel=\"canonical\" href=\"https:\/\/www.electroluxprofessional.com\/pl\/gastronomia\/gotowanie-prozniowe\/\" \/>\n<meta property=\"og:locale\" content=\"pl_PL\" \/>\n<meta property=\"og:type\" content=\"article\" \/>\n<meta property=\"og:title\" content=\"Pakowarki i zgrzewarki pr\u00f3\u017cniowe wyposa\u017cenie gastronomii Electrolux\" \/>\n<meta property=\"og:description\" content=\"Nowa gama urz\u0105dze\u0144 zapewniaj\u0105cych najwy\u017csz\u0105 jako\u015b\u0107 i higien\u0119 zgodnie z wymaganiami ka\u017cdej profesjonalnej kuchni.\" \/>\n<meta property=\"og:url\" content=\"https:\/\/www.electroluxprofessional.com\/pl\/gastronomia\/gotowanie-prozniowe\/\" \/>\n<meta property=\"og:site_name\" content=\"Electrolux Professional Polska\" \/>\n<meta property=\"article:modified_time\" content=\"2025-11-05T15:18:45+00:00\" \/>\n<meta property=\"og:image\" content=\"https:\/\/www.electroluxprofessional.com\/pl\/wp-content\/uploads\/2017\/02\/vacuum.jpg\" \/>\n\t<meta property=\"og:image:width\" content=\"700\" \/>\n\t<meta property=\"og:image:height\" content=\"700\" \/>\n\t<meta property=\"og:image:type\" content=\"image\/jpeg\" \/>\n<meta name=\"twitter:card\" content=\"summary_large_image\" \/>\n<meta name=\"twitter:label1\" content=\"Szacowany czas czytania\" \/>\n\t<meta name=\"twitter:data1\" content=\"2 minuty\" \/>\n<script type=\"application\/ld+json\" class=\"yoast-schema-graph\">{\"@context\":\"https:\/\/schema.org\",\"@graph\":[{\"@type\":\"WebPage\",\"@id\":\"https:\/\/www.electroluxprofessional.com\/pl\/gastronomia\/gotowanie-prozniowe\/\",\"url\":\"https:\/\/www.electroluxprofessional.com\/pl\/gastronomia\/gotowanie-prozniowe\/\",\"name\":\"Pakowarki i zgrzewarki pr\u00f3\u017cniowe wyposa\u017cenie gastronomii Electrolux\",\"isPartOf\":{\"@id\":\"https:\/\/www.electroluxprofessional.com\/pl\/#website\"},\"primaryImageOfPage\":{\"@id\":\"https:\/\/www.electroluxprofessional.com\/pl\/gastronomia\/gotowanie-prozniowe\/#primaryimage\"},\"image\":{\"@id\":\"https:\/\/www.electroluxprofessional.com\/pl\/gastronomia\/gotowanie-prozniowe\/#primaryimage\"},\"thumbnailUrl\":\"https:\/\/www.electroluxprofessional.com\/pl\/wp-content\/uploads\/2017\/02\/vacuum.jpg\",\"datePublished\":\"2016-11-25T14:14:31+00:00\",\"dateModified\":\"2025-11-05T15:18:45+00:00\",\"description\":\"Nowa gama urz\u0105dze\u0144 zapewniaj\u0105cych najwy\u017csz\u0105 jako\u015b\u0107 i higien\u0119 zgodnie z wymaganiami ka\u017cdej profesjonalnej kuchni.\",\"breadcrumb\":{\"@id\":\"https:\/\/www.electroluxprofessional.com\/pl\/gastronomia\/gotowanie-prozniowe\/#breadcrumb\"},\"inLanguage\":\"pl-PL\",\"potentialAction\":[{\"@type\":\"ReadAction\",\"target\":[\"https:\/\/www.electroluxprofessional.com\/pl\/gastronomia\/gotowanie-prozniowe\/\"]}]},{\"@type\":\"ImageObject\",\"inLanguage\":\"pl-PL\",\"@id\":\"https:\/\/www.electroluxprofessional.com\/pl\/gastronomia\/gotowanie-prozniowe\/#primaryimage\",\"url\":\"https:\/\/www.electroluxprofessional.com\/pl\/wp-content\/uploads\/2017\/02\/vacuum.jpg\",\"contentUrl\":\"https:\/\/www.electroluxprofessional.com\/pl\/wp-content\/uploads\/2017\/02\/vacuum.jpg\",\"width\":700,\"height\":700,\"caption\":\"vacuum\"},{\"@type\":\"BreadcrumbList\",\"@id\":\"https:\/\/www.electroluxprofessional.com\/pl\/gastronomia\/gotowanie-prozniowe\/#breadcrumb\",\"itemListElement\":[{\"@type\":\"ListItem\",\"position\":1,\"name\":\"Strona g\u0142\u00f3wna\",\"item\":\"https:\/\/www.electroluxprofessional.com\/pl\/\"},{\"@type\":\"ListItem\",\"position\":2,\"name\":\"Gastronomia\",\"item\":\"https:\/\/www.electroluxprofessional.com\/pl\/gastronomia\/\"},{\"@type\":\"ListItem\",\"position\":3,\"name\":\"Przygotowanie: gotowanie pr\u00f3\u017cniowe\"}]},{\"@type\":\"WebSite\",\"@id\":\"https:\/\/www.electroluxprofessional.com\/pl\/#website\",\"url\":\"https:\/\/www.electroluxprofessional.com\/pl\/\",\"name\":\"Electrolux Professional Polska\",\"description\":\"\",\"potentialAction\":[{\"@type\":\"SearchAction\",\"target\":{\"@type\":\"EntryPoint\",\"urlTemplate\":\"https:\/\/www.electroluxprofessional.com\/pl\/?src={search_term_string}\"},\"query-input\":\"required name=search_term_string\"}],\"inLanguage\":\"pl-PL\"}]}<\/script>\n<!-- \/ Yoast SEO plugin. -->","yoast_head_json":{"title":"Pakowarki i zgrzewarki pr\u00f3\u017cniowe wyposa\u017cenie gastronomii Electrolux","description":"Nowa gama urz\u0105dze\u0144 zapewniaj\u0105cych najwy\u017csz\u0105 jako\u015b\u0107 i higien\u0119 zgodnie z wymaganiami ka\u017cdej profesjonalnej kuchni.","robots":{"index":"index","follow":"follow","max-snippet":"max-snippet:-1","max-image-preview":"max-image-preview:large","max-video-preview":"max-video-preview:-1"},"canonical":"https:\/\/www.electroluxprofessional.com\/pl\/gastronomia\/gotowanie-prozniowe\/","og_locale":"pl_PL","og_type":"article","og_title":"Pakowarki i zgrzewarki pr\u00f3\u017cniowe wyposa\u017cenie gastronomii Electrolux","og_description":"Nowa gama urz\u0105dze\u0144 zapewniaj\u0105cych najwy\u017csz\u0105 jako\u015b\u0107 i higien\u0119 zgodnie z wymaganiami ka\u017cdej profesjonalnej kuchni.","og_url":"https:\/\/www.electroluxprofessional.com\/pl\/gastronomia\/gotowanie-prozniowe\/","og_site_name":"Electrolux Professional Polska","article_modified_time":"2025-11-05T15:18:45+00:00","og_image":[{"width":700,"height":700,"url":"https:\/\/www.electroluxprofessional.com\/pl\/wp-content\/uploads\/2017\/02\/vacuum.jpg","type":"image\/jpeg"}],"twitter_card":"summary_large_image","twitter_misc":{"Szacowany czas czytania":"2 minuty"},"schema":{"@context":"https:\/\/schema.org","@graph":[{"@type":"WebPage","@id":"https:\/\/www.electroluxprofessional.com\/pl\/gastronomia\/gotowanie-prozniowe\/","url":"https:\/\/www.electroluxprofessional.com\/pl\/gastronomia\/gotowanie-prozniowe\/","name":"Pakowarki i zgrzewarki pr\u00f3\u017cniowe wyposa\u017cenie gastronomii Electrolux","isPartOf":{"@id":"https:\/\/www.electroluxprofessional.com\/pl\/#website"},"primaryImageOfPage":{"@id":"https:\/\/www.electroluxprofessional.com\/pl\/gastronomia\/gotowanie-prozniowe\/#primaryimage"},"image":{"@id":"https:\/\/www.electroluxprofessional.com\/pl\/gastronomia\/gotowanie-prozniowe\/#primaryimage"},"thumbnailUrl":"https:\/\/www.electroluxprofessional.com\/pl\/wp-content\/uploads\/2017\/02\/vacuum.jpg","datePublished":"2016-11-25T14:14:31+00:00","dateModified":"2025-11-05T15:18:45+00:00","description":"Nowa gama urz\u0105dze\u0144 zapewniaj\u0105cych najwy\u017csz\u0105 jako\u015b\u0107 i higien\u0119 zgodnie z wymaganiami ka\u017cdej profesjonalnej kuchni.","breadcrumb":{"@id":"https:\/\/www.electroluxprofessional.com\/pl\/gastronomia\/gotowanie-prozniowe\/#breadcrumb"},"inLanguage":"pl-PL","potentialAction":[{"@type":"ReadAction","target":["https:\/\/www.electroluxprofessional.com\/pl\/gastronomia\/gotowanie-prozniowe\/"]}]},{"@type":"ImageObject","inLanguage":"pl-PL","@id":"https:\/\/www.electroluxprofessional.com\/pl\/gastronomia\/gotowanie-prozniowe\/#primaryimage","url":"https:\/\/www.electroluxprofessional.com\/pl\/wp-content\/uploads\/2017\/02\/vacuum.jpg","contentUrl":"https:\/\/www.electroluxprofessional.com\/pl\/wp-content\/uploads\/2017\/02\/vacuum.jpg","width":700,"height":700,"caption":"vacuum"},{"@type":"BreadcrumbList","@id":"https:\/\/www.electroluxprofessional.com\/pl\/gastronomia\/gotowanie-prozniowe\/#breadcrumb","itemListElement":[{"@type":"ListItem","position":1,"name":"Strona g\u0142\u00f3wna","item":"https:\/\/www.electroluxprofessional.com\/pl\/"},{"@type":"ListItem","position":2,"name":"Gastronomia","item":"https:\/\/www.electroluxprofessional.com\/pl\/gastronomia\/"},{"@type":"ListItem","position":3,"name":"Przygotowanie: gotowanie pr\u00f3\u017cniowe"}]},{"@type":"WebSite","@id":"https:\/\/www.electroluxprofessional.com\/pl\/#website","url":"https:\/\/www.electroluxprofessional.com\/pl\/","name":"Electrolux Professional Polska","description":"","potentialAction":[{"@type":"SearchAction","target":{"@type":"EntryPoint","urlTemplate":"https:\/\/www.electroluxprofessional.com\/pl\/?src={search_term_string}"},"query-input":"required name=search_term_string"}],"inLanguage":"pl-PL"}]}},"_links":{"self":[{"href":"https:\/\/www.electroluxprofessional.com\/pl\/wp-json\/wp\/v2\/pages\/2194"}],"collection":[{"href":"https:\/\/www.electroluxprofessional.com\/pl\/wp-json\/wp\/v2\/pages"}],"about":[{"href":"https:\/\/www.electroluxprofessional.com\/pl\/wp-json\/wp\/v2\/types\/page"}],"author":[{"embeddable":true,"href":"https:\/\/www.electroluxprofessional.com\/pl\/wp-json\/wp\/v2\/users\/3"}],"replies":[{"embeddable":true,"href":"https:\/\/www.electroluxprofessional.com\/pl\/wp-json\/wp\/v2\/comments?post=2194"}],"version-history":[{"count":6,"href":"https:\/\/www.electroluxprofessional.com\/pl\/wp-json\/wp\/v2\/pages\/2194\/revisions"}],"predecessor-version":[{"id":11610,"href":"https:\/\/www.electroluxprofessional.com\/pl\/wp-json\/wp\/v2\/pages\/2194\/revisions\/11610"}],"up":[{"embeddable":true,"href":"https:\/\/www.electroluxprofessional.com\/pl\/wp-json\/wp\/v2\/pages\/1148"}],"wp:featuredmedia":[{"embeddable":true,"href":"https:\/\/www.electroluxprofessional.com\/pl\/wp-json\/wp\/v2\/media\/1733"}],"wp:attachment":[{"href":"https:\/\/www.electroluxprofessional.com\/pl\/wp-json\/wp\/v2\/media?parent=2194"}],"curies":[{"name":"wp","href":"https:\/\/api.w.org\/{rel}","templated":true}]}}