{"id":2188,"date":"2016-05-23T08:40:23","date_gmt":"2016-05-23T08:40:23","guid":{"rendered":"https:\/\/www.electroluxprofessional.com\/?page_id=1344"},"modified":"2024-04-15T09:59:13","modified_gmt":"2024-04-15T09:59:13","slug":"bezpieczenstwo-kultura-pracy","status":"publish","type":"page","link":"https:\/\/www.electroluxprofessional.com\/pl\/bezpieczenstwo-kultura-pracy\/","title":{"rendered":"Bezpiecze\u0144stwo i kultura pracy"},"content":{"rendered":"<p>[vc_row full_width=&#8221;electroluxpro-full-width-no-padding&#8221;][vc_column][elx_hero_slider label_text_color=&#8221;inherit&#8221; images=&#8221;652&#8243;][elx_heading font_container=&#8221;h1&#8243; font_size=&#8221;h2&#8243; text_color=&#8221;inherit&#8221;]Gwarancja bezpiecze\u0144stwa i kultury pracy[\/elx_heading][vc_column_text]Electrolux Professional zapewnia najwy\u017cszy stopie\u0144 \u015bwiatowej klasy bezpiecze\u0144stwa swoich produkt\u00f3w, co ma bezpo\u015bredni zwi\u0105zek z jednym z podstawowych filar\u00f3w firmy: konkretnym i wymiernym zaanga\u017cowaniem na rzecz zdrowia i bezpiecze\u0144stwa.[\/vc_column_text][\/elx_hero_slider][\/vc_column][\/vc_row][vc_row][vc_column][elx_heading text_color=&#8221;inherit&#8221; text_align=&#8221;text-center&#8221;]Rozwijaj si\u0119 zdrowo, pracuj spokojnie i czuj si\u0119 bezpiecznie.[\/elx_heading][\/vc_column][\/vc_row][vc_row full_width=&#8221;electroluxpro-full-width&#8221; equal_height=&#8221;yes&#8221;][vc_column width=&#8221;1\/2&#8243;][elx_image_block background_image=&#8221;646&#8243; minimum_height=&#8221;500px&#8221;][\/vc_column][vc_column width=&#8221;1\/2&#8243;][elx_simple_block background_color=&#8221;inherit&#8221;][elx_heading font_container=&#8221;h3&#8243; text_color=&#8221;inherit&#8221;]Bezpiecze\u0144stwo nie jest zaledwie cech\u0105, kt\u00f3r\u0105 \u201ewarto posiada\u0107\u201d w momencie, gdy trzeba ich nakarmi\u0107.[\/elx_heading][vc_column_text drop_caps=&#8221;big-first-letter&#8221;]Niemowl\u0119ta i dzieci w wieku do lat pi\u0119ciu, s\u0105 nara\u017cone na wi\u0119ksze ryzyko powik\u0142a\u0144 spowodowanych <strong>zatruciem pokarmowym<\/strong>.<\/p>\n<p>W Electrolux Professional chcemy chroni\u0107 Ciebie, Twoje dzieci i Twoj\u0105 rodzin\u0119 dbaj\u0105c o <strong>bezpiecze\u0144stwo \u017cywno\u015bci<\/strong>. Nasze rozwi\u0105zania z zakresu us\u0142ug gastronomicznych unikaj\u0105 rozprzestrzeniania si\u0119 bakterii powoduj\u0105cych zatrucia pokarmowe w <strong>ca\u0142ym procesie przygotowywania \u017cywno\u015bci<\/strong>, od gotowania do przenoszenia i przechowywania.[\/vc_column_text][\/elx_simple_block][\/vc_column][\/vc_row][vc_row][vc_column][vc_empty_space][\/vc_column][\/vc_row][vc_row css=&#8221;.vc_custom_1464184974732{padding-top: 20px !important;padding-bottom: 20px !important;background-color: #eaeef2 !important;}&#8221;][vc_column][\/vc_column][vc_column width=&#8221;1\/2&#8243;][vc_single_image image=&#8221;651&#8243; img_size=&#8221;medium&#8221; alignment=&#8221;center&#8221;][\/vc_column][vc_column width=&#8221;1\/2&#8243;][elx_heading text_color=&#8221;inherit&#8221;]<span style=\"color: #3fb12d;\">Bezpiecze\u0144stwo \u017cywno\u015bci, brak ryzyka powstania zanieczyszcze\u0144 krzy\u017cowych i najlepsza wydajno\u015b\u0107<\/span>[\/elx_heading][vc_column_text drop_caps=&#8221;big-first-letter&#8221; css=&#8221;.vc_custom_1507021650671{margin-bottom: 0px !important;}&#8221;]Zgodnie z przepisami dotycz\u0105cymi kontaktu z \u017cywno\u015bci\u0105, Electrolux Professional zaprzestaje u\u017cywania BPA (Bisfenolu A) we wszystkich elementach z tworzyw sztucznych.[\/vc_column_text][elx_button button_text=&#8221;Nasze urz\u0105dzenia do przygotowywania potraw to kolejny krok w stron\u0119 zdrowego \u017cywienia!&#8221; button_style=&#8221;icon&#8221; css=&#8221;.vc_custom_1713175085842{margin-top: 0px !important;border-top-width: 0px !important;padding-top: 0px !important;}&#8221; button_link=&#8221;url:https%3A%2F%2Fwww.electroluxprofessional.com%2Fpl%2Fgastronomia%2F|title:Food%20preparation&#8221;][\/vc_column][\/vc_row][vc_row][vc_column][vc_empty_space][\/vc_column][\/vc_row][vc_row full_width=&#8221;electroluxpro-full-width-no-padding&#8221;][vc_column width=&#8221;1\/2&#8243;][elx_image_block background_image=&#8221;567&#8243; minimum_height=&#8221;550px&#8221;][\/vc_column][vc_column width=&#8221;1\/2&#8243;][elx_simple_block background_color=&#8221;inherit&#8221;][elx_heading font_container=&#8221;h3&#8243; text_color=&#8221;inherit&#8221;]W Electrolux Professional przeznaczamy <strong>ponad milion \u20ac rocznie <\/strong> na <strong>zewn\u0119trzne procedury certyfikacyjne.\u00a0<\/strong>[\/elx_heading][vc_column_text drop_caps=&#8221;big-first-letter&#8221;]Zewn\u0119trzne procedury certyfikacyjne w spos\u00f3b klarowny wskazuj\u0105 na nasze zaanga\u017cowanie <strong>w zapewnianie najwy\u017cszego stopnia \u015bwiatowej klasy bezpiecze\u0144stwa<\/strong>.<\/p>\n<p>Jeste\u015bmy w \u015bwiatowej czo\u0142\u00f3wce w kwestii<strong> ustalania standard\u00f3w bezpiecze\u0144stwa i higieny pracy<\/strong> na szczeblu krajowym i mi\u0119dzynarodowym, aktywnie przyczyniaj\u0105c si\u0119 do zwi\u0119kszania wymog\u00f3w dotycz\u0105cych bezpiecze\u0144stwa i oszcz\u0119dno\u015bci energii w\u015br\u00f3d produkt\u00f3w dost\u0119pnych na rynku.[\/vc_column_text][\/elx_simple_block][\/vc_column][\/vc_row][vc_row full_width=&#8221;electroluxpro-full-width-no-padding&#8221;][vc_column width=&#8221;1\/2&#8243;][elx_simple_block][elx_heading font_container=&#8221;h3&#8243; text_color=&#8221;inherit&#8221;]Naszym obowi\u0105zkiem w Electrolux Professional jest <strong>chroni\u0107 Ciebie i ludzi, kt\u00f3rych kochasz<\/strong>, minimalizuj\u0105c ryzyko zaka\u017ce\u0144.[\/elx_heading][vc_column_text drop_caps=&#8221;big-first-letter&#8221;]<strong>Szpitale, domy opieki i inne instytucje opieki zdrowotnej s\u0105 szczeg\u00f3lnie nara\u017cone na zaka\u017cenia.<\/strong><\/p>\n<p>Aby zapewni\u0107 maksymalne bezpiecze\u0144stwo, nasze <strong>pralnico-wir\u00f3wki z barier\u0105 higieny<\/strong> wyposa\u017cone zosta\u0142y w unikatowy system \u201e<strong>hygiene watchdog<\/strong> &#8220;:\u00a0 w po\u0142\u0105czeniu z efektywnym systemem Zarz\u0105dzania Cyklem Prania, jeste\u015bmy w stanie zagwarantowa\u0107 w <strong>100% bezpieczn\u0105 i higieniczn\u0105 po\u015bciel<\/strong>.[\/vc_column_text][elx_button button_text=&#8221;S\u0142u\u017cba zdrowia&#8221; button_style=&#8221;icon&#8221; button_link=&#8221;url:https%3A%2F%2Fwww.electroluxprofessional.com%2Fpl%2Ftwoj-biznes%2Fdomy-opieki%2Fszpitale%2F|title:health%20care&#8221;][\/elx_simple_block][\/vc_column][vc_column width=&#8221;1\/2&#8243;][elx_image_block background_image=&#8221;647&#8243; minimum_height=&#8221;600px&#8221;][\/vc_column][\/vc_row][vc_row full_width=&#8221;electroluxpro-full-width-no-padding&#8221;][vc_column width=&#8221;1\/2&#8243;][elx_image_block background_image=&#8221;648&#8243; minimum_height=&#8221;600px&#8221;][\/vc_column][vc_column width=&#8221;1\/2&#8243;][elx_simple_block background_color=&#8221;inherit&#8221;][elx_heading font_container=&#8221;h3&#8243; text_color=&#8221;inherit&#8221;]<strong>Zdrowe i bezpieczne miejsca pracy<\/strong> s\u0105 podstaw\u0105 do osi\u0105gni\u0119cia wydajnej pracy i wysokiej jako\u015bci \u017cycia zawodowego.[\/elx_heading][vc_column_text drop_caps=&#8221;big-first-letter&#8221;]W Electrolux Professional <strong>bezpiecze\u0144stwo jest kwesti\u0105 kluczow\u0105<\/strong>. Temat bezpiecze\u0144stwa stanowi element ka\u017cdego projektu i obejmuje wszystkie funkcje firmy, a tak\u017ce zewn\u0119trznych partner\u00f3w oraz klient\u00f3w.<\/p>\n<p>Naszym g\u0142\u00f3wnym celem jest ochrona i poprawa bezpiecze\u0144stwa w miejscu pracy.\u00a0 Zamierzeniem jest osi\u0105gni\u0119cie poziomu \u201ezerowego ryzyka\u201d we wszystkich <strong>zak\u0142adach produkcyjnych na ca\u0142ym \u015bwiecie<\/strong>.[\/vc_column_text][\/elx_simple_block][\/vc_column][\/vc_row][vc_row full_width=&#8221;electroluxpro-container-no-padding&#8221; equal_height=&#8221;yes&#8221; css=&#8221;.vc_custom_1464275874297{padding-top: 50px !important;padding-bottom: 50px !important;}&#8221;][vc_column width=&#8221;1\/3&#8243;][elx_image_block background_image=&#8221;649&#8243; minimum_height=&#8221;380px&#8221;][\/vc_column][vc_column width=&#8221;1\/3&#8243; css=&#8221;.vc_custom_1464275824218{background-color: #e2e2e2 !important;}&#8221;][elx_simple_block text_align=&#8221;text-center&#8221; background_color=&#8221;inherit&#8221;][elx_heading text_color=&#8221;inherit&#8221;]Zmieniamy si\u0119 na lepsze[\/elx_heading][vc_column_text]Zmieniamy si\u0119 dla Was, by by\u0107 najlepsz\u0105 firm\u0105 na \u015bwiecie, podnosz\u0105c codzienn\u0105 jako\u015b\u0107 \u017cycia i dbaj\u0105c o nasz\u0105 planet\u0119.[\/vc_column_text][elx_button button_text=&#8221;Dowiedz si\u0119 wi\u0119cej&#8221; button_link=&#8221;url:https%3A%2F%2Fwww.electroluxprofessional.com%2Fpl%2Fzmieniamy-sie-na-lepsze%2F|title:Find%20out%20more&#8221;][\/elx_simple_block][\/vc_column][vc_column width=&#8221;1\/3&#8243;][elx_image_block background_image=&#8221;650&#8243; minimum_height=&#8221;380px&#8221;][\/vc_column][\/vc_row][vc_row][vc_column width=&#8221;1\/3&#8243;][elx_download_block text=&#8221;Bezpiecze\u0144stwo w pierwszej kolejno\u015bci &#8211; Miksery planetarne&#8221; link=&#8221;files.professional.electrolux.com\/docs\/?n=CLF-9JE00066&amp;t=CLF&amp;l=1&#8243; background_color=&#8221;orange&#8221; reveal_effect=&#8221;&#8221; reveal_duration=&#8221;&#8221; reveal_delay=&#8221;&#8221;][\/vc_column][vc_column width=&#8221;1\/3&#8243;][\/vc_column][vc_column width=&#8221;1\/3&#8243;][\/vc_column][\/vc_row]<\/p>\n","protected":false},"excerpt":{"rendered":"<p>[vc_row full_width=&#8221;electroluxpro-full-width-no-padding&#8221;][vc_column][elx_hero_slider label_text_color=&#8221;inherit&#8221; images=&#8221;652&#8243;][elx_heading font_container=&#8221;h1&#8243; font_size=&#8221;h2&#8243; text_color=&#8221;inherit&#8221;]Gwarancja bezpiecze\u0144stwa i kultury pracy[\/elx_heading][vc_column_text]Electrolux Professional zapewnia najwy\u017cszy stopie\u0144 \u015bwiatowej klasy bezpiecze\u0144stwa swoich produkt\u00f3w, co ma bezpo\u015bredni zwi\u0105zek z jednym z podstawowych filar\u00f3w firmy: konkretnym i wymiernym zaanga\u017cowaniem na rzecz zdrowia i bezpiecze\u0144stwa.[\/vc_column_text][\/elx_hero_slider][\/vc_column][\/vc_row][vc_row][vc_column][elx_heading text_color=&#8221;inherit&#8221; text_align=&#8221;text-center&#8221;]Rozwijaj si\u0119 zdrowo, pracuj spokojnie i czuj si\u0119 bezpiecznie.[\/elx_heading][\/vc_column][\/vc_row][vc_row full_width=&#8221;electroluxpro-full-width&#8221; equal_height=&#8221;yes&#8221;][vc_column width=&#8221;1\/2&#8243;][elx_image_block background_image=&#8221;646&#8243; minimum_height=&#8221;500px&#8221;][\/vc_column][vc_column width=&#8221;1\/2&#8243;][elx_simple_block [&hellip;]<\/p>\n","protected":false},"author":3,"featured_media":1718,"parent":0,"menu_order":0,"comment_status":"closed","ping_status":"closed","template":"","meta":{"footnotes":""},"class_list":["post-2188","page","type-page","status-publish","has-post-thumbnail","hentry"],"acf":[],"yoast_head":"<!-- This site is optimized with the Yoast SEO plugin v23.3 - https:\/\/yoast.com\/wordpress\/plugins\/seo\/ -->\n<title>Bezpiecze\u0144stwo i kultura pracy - Electrolux Professional<\/title>\n<meta name=\"description\" content=\"Electrolux Professional zapewnia najwy\u017cszy stopie\u0144 \u015bwiatowej klasy bezpiecze\u0144stwa swoich produkt\u00f3w, co ma bezpo\u015bredni zwi\u0105zek z jednym z podstawowych filar\u00f3w firmy: konkretnym i wymiernym zaanga\u017cowaniem na rzecz zdrowia i bezpiecze\u0144stwa.\" \/>\n<meta name=\"robots\" content=\"index, follow, max-snippet:-1, max-image-preview:large, max-video-preview:-1\" \/>\n<link rel=\"canonical\" href=\"https:\/\/www.electroluxprofessional.com\/pl\/bezpieczenstwo-kultura-pracy\/\" \/>\n<meta property=\"og:locale\" content=\"pl_PL\" \/>\n<meta property=\"og:type\" content=\"article\" \/>\n<meta property=\"og:title\" content=\"Bezpiecze\u0144stwo i kultura pracy - Electrolux Professional\" \/>\n<meta property=\"og:description\" content=\"Electrolux Professional zapewnia najwy\u017cszy stopie\u0144 \u015bwiatowej klasy bezpiecze\u0144stwa swoich produkt\u00f3w, co ma bezpo\u015bredni zwi\u0105zek z jednym z podstawowych filar\u00f3w firmy: konkretnym i wymiernym zaanga\u017cowaniem na rzecz zdrowia i bezpiecze\u0144stwa.\" \/>\n<meta property=\"og:url\" content=\"https:\/\/www.electroluxprofessional.com\/pl\/bezpieczenstwo-kultura-pracy\/\" \/>\n<meta property=\"og:site_name\" content=\"Electrolux Professional Polska\" \/>\n<meta property=\"article:modified_time\" content=\"2024-04-15T09:59:13+00:00\" \/>\n<meta property=\"og:image\" content=\"https:\/\/www.electroluxprofessional.com\/pl\/wp-content\/uploads\/2017\/03\/feeling-secure.jpg\" \/>\n\t<meta property=\"og:image:width\" content=\"700\" \/>\n\t<meta property=\"og:image:height\" content=\"700\" \/>\n\t<meta property=\"og:image:type\" content=\"image\/jpeg\" \/>\n<meta name=\"twitter:card\" content=\"summary_large_image\" \/>\n<meta name=\"twitter:label1\" content=\"Szacowany czas czytania\" \/>\n\t<meta name=\"twitter:data1\" content=\"5 minut\" \/>\n<script type=\"application\/ld+json\" class=\"yoast-schema-graph\">{\"@context\":\"https:\/\/schema.org\",\"@graph\":[{\"@type\":\"WebPage\",\"@id\":\"https:\/\/www.electroluxprofessional.com\/pl\/bezpieczenstwo-kultura-pracy\/\",\"url\":\"https:\/\/www.electroluxprofessional.com\/pl\/bezpieczenstwo-kultura-pracy\/\",\"name\":\"Bezpiecze\u0144stwo i kultura pracy - Electrolux Professional\",\"isPartOf\":{\"@id\":\"https:\/\/www.electroluxprofessional.com\/pl\/#website\"},\"primaryImageOfPage\":{\"@id\":\"https:\/\/www.electroluxprofessional.com\/pl\/bezpieczenstwo-kultura-pracy\/#primaryimage\"},\"image\":{\"@id\":\"https:\/\/www.electroluxprofessional.com\/pl\/bezpieczenstwo-kultura-pracy\/#primaryimage\"},\"thumbnailUrl\":\"https:\/\/www.electroluxprofessional.com\/pl\/wp-content\/uploads\/2017\/03\/feeling-secure.jpg\",\"datePublished\":\"2016-05-23T08:40:23+00:00\",\"dateModified\":\"2024-04-15T09:59:13+00:00\",\"description\":\"Electrolux Professional zapewnia najwy\u017cszy stopie\u0144 \u015bwiatowej klasy bezpiecze\u0144stwa swoich produkt\u00f3w, co ma bezpo\u015bredni zwi\u0105zek z jednym z podstawowych filar\u00f3w firmy: konkretnym i wymiernym zaanga\u017cowaniem na rzecz zdrowia i bezpiecze\u0144stwa.\",\"breadcrumb\":{\"@id\":\"https:\/\/www.electroluxprofessional.com\/pl\/bezpieczenstwo-kultura-pracy\/#breadcrumb\"},\"inLanguage\":\"pl-PL\",\"potentialAction\":[{\"@type\":\"ReadAction\",\"target\":[\"https:\/\/www.electroluxprofessional.com\/pl\/bezpieczenstwo-kultura-pracy\/\"]}]},{\"@type\":\"ImageObject\",\"inLanguage\":\"pl-PL\",\"@id\":\"https:\/\/www.electroluxprofessional.com\/pl\/bezpieczenstwo-kultura-pracy\/#primaryimage\",\"url\":\"https:\/\/www.electroluxprofessional.com\/pl\/wp-content\/uploads\/2017\/03\/feeling-secure.jpg\",\"contentUrl\":\"https:\/\/www.electroluxprofessional.com\/pl\/wp-content\/uploads\/2017\/03\/feeling-secure.jpg\",\"width\":700,\"height\":700,\"caption\":\"feeling-secure\"},{\"@type\":\"BreadcrumbList\",\"@id\":\"https:\/\/www.electroluxprofessional.com\/pl\/bezpieczenstwo-kultura-pracy\/#breadcrumb\",\"itemListElement\":[{\"@type\":\"ListItem\",\"position\":1,\"name\":\"Strona g\u0142\u00f3wna\",\"item\":\"https:\/\/www.electroluxprofessional.com\/pl\/\"},{\"@type\":\"ListItem\",\"position\":2,\"name\":\"Bezpiecze\u0144stwo i kultura pracy\"}]},{\"@type\":\"WebSite\",\"@id\":\"https:\/\/www.electroluxprofessional.com\/pl\/#website\",\"url\":\"https:\/\/www.electroluxprofessional.com\/pl\/\",\"name\":\"Electrolux Professional Polska\",\"description\":\"\",\"potentialAction\":[{\"@type\":\"SearchAction\",\"target\":{\"@type\":\"EntryPoint\",\"urlTemplate\":\"https:\/\/www.electroluxprofessional.com\/pl\/?src={search_term_string}\"},\"query-input\":\"required name=search_term_string\"}],\"inLanguage\":\"pl-PL\"}]}<\/script>\n<!-- \/ Yoast SEO plugin. -->","yoast_head_json":{"title":"Bezpiecze\u0144stwo i kultura pracy - Electrolux Professional","description":"Electrolux Professional zapewnia najwy\u017cszy stopie\u0144 \u015bwiatowej klasy bezpiecze\u0144stwa swoich produkt\u00f3w, co ma bezpo\u015bredni zwi\u0105zek z jednym z podstawowych filar\u00f3w firmy: konkretnym i wymiernym zaanga\u017cowaniem na rzecz zdrowia i bezpiecze\u0144stwa.","robots":{"index":"index","follow":"follow","max-snippet":"max-snippet:-1","max-image-preview":"max-image-preview:large","max-video-preview":"max-video-preview:-1"},"canonical":"https:\/\/www.electroluxprofessional.com\/pl\/bezpieczenstwo-kultura-pracy\/","og_locale":"pl_PL","og_type":"article","og_title":"Bezpiecze\u0144stwo i kultura pracy - Electrolux Professional","og_description":"Electrolux Professional zapewnia najwy\u017cszy stopie\u0144 \u015bwiatowej klasy bezpiecze\u0144stwa swoich produkt\u00f3w, co ma bezpo\u015bredni zwi\u0105zek z jednym z podstawowych filar\u00f3w firmy: konkretnym i wymiernym zaanga\u017cowaniem na rzecz zdrowia i bezpiecze\u0144stwa.","og_url":"https:\/\/www.electroluxprofessional.com\/pl\/bezpieczenstwo-kultura-pracy\/","og_site_name":"Electrolux Professional Polska","article_modified_time":"2024-04-15T09:59:13+00:00","og_image":[{"width":700,"height":700,"url":"https:\/\/www.electroluxprofessional.com\/pl\/wp-content\/uploads\/2017\/03\/feeling-secure.jpg","type":"image\/jpeg"}],"twitter_card":"summary_large_image","twitter_misc":{"Szacowany czas czytania":"5 minut"},"schema":{"@context":"https:\/\/schema.org","@graph":[{"@type":"WebPage","@id":"https:\/\/www.electroluxprofessional.com\/pl\/bezpieczenstwo-kultura-pracy\/","url":"https:\/\/www.electroluxprofessional.com\/pl\/bezpieczenstwo-kultura-pracy\/","name":"Bezpiecze\u0144stwo i kultura pracy - Electrolux Professional","isPartOf":{"@id":"https:\/\/www.electroluxprofessional.com\/pl\/#website"},"primaryImageOfPage":{"@id":"https:\/\/www.electroluxprofessional.com\/pl\/bezpieczenstwo-kultura-pracy\/#primaryimage"},"image":{"@id":"https:\/\/www.electroluxprofessional.com\/pl\/bezpieczenstwo-kultura-pracy\/#primaryimage"},"thumbnailUrl":"https:\/\/www.electroluxprofessional.com\/pl\/wp-content\/uploads\/2017\/03\/feeling-secure.jpg","datePublished":"2016-05-23T08:40:23+00:00","dateModified":"2024-04-15T09:59:13+00:00","description":"Electrolux Professional zapewnia najwy\u017cszy stopie\u0144 \u015bwiatowej klasy bezpiecze\u0144stwa swoich produkt\u00f3w, co ma bezpo\u015bredni zwi\u0105zek z jednym z podstawowych filar\u00f3w firmy: konkretnym i wymiernym zaanga\u017cowaniem na rzecz zdrowia i bezpiecze\u0144stwa.","breadcrumb":{"@id":"https:\/\/www.electroluxprofessional.com\/pl\/bezpieczenstwo-kultura-pracy\/#breadcrumb"},"inLanguage":"pl-PL","potentialAction":[{"@type":"ReadAction","target":["https:\/\/www.electroluxprofessional.com\/pl\/bezpieczenstwo-kultura-pracy\/"]}]},{"@type":"ImageObject","inLanguage":"pl-PL","@id":"https:\/\/www.electroluxprofessional.com\/pl\/bezpieczenstwo-kultura-pracy\/#primaryimage","url":"https:\/\/www.electroluxprofessional.com\/pl\/wp-content\/uploads\/2017\/03\/feeling-secure.jpg","contentUrl":"https:\/\/www.electroluxprofessional.com\/pl\/wp-content\/uploads\/2017\/03\/feeling-secure.jpg","width":700,"height":700,"caption":"feeling-secure"},{"@type":"BreadcrumbList","@id":"https:\/\/www.electroluxprofessional.com\/pl\/bezpieczenstwo-kultura-pracy\/#breadcrumb","itemListElement":[{"@type":"ListItem","position":1,"name":"Strona g\u0142\u00f3wna","item":"https:\/\/www.electroluxprofessional.com\/pl\/"},{"@type":"ListItem","position":2,"name":"Bezpiecze\u0144stwo i kultura pracy"}]},{"@type":"WebSite","@id":"https:\/\/www.electroluxprofessional.com\/pl\/#website","url":"https:\/\/www.electroluxprofessional.com\/pl\/","name":"Electrolux Professional Polska","description":"","potentialAction":[{"@type":"SearchAction","target":{"@type":"EntryPoint","urlTemplate":"https:\/\/www.electroluxprofessional.com\/pl\/?src={search_term_string}"},"query-input":"required name=search_term_string"}],"inLanguage":"pl-PL"}]}},"_links":{"self":[{"href":"https:\/\/www.electroluxprofessional.com\/pl\/wp-json\/wp\/v2\/pages\/2188"}],"collection":[{"href":"https:\/\/www.electroluxprofessional.com\/pl\/wp-json\/wp\/v2\/pages"}],"about":[{"href":"https:\/\/www.electroluxprofessional.com\/pl\/wp-json\/wp\/v2\/types\/page"}],"author":[{"embeddable":true,"href":"https:\/\/www.electroluxprofessional.com\/pl\/wp-json\/wp\/v2\/users\/3"}],"replies":[{"embeddable":true,"href":"https:\/\/www.electroluxprofessional.com\/pl\/wp-json\/wp\/v2\/comments?post=2188"}],"version-history":[{"count":8,"href":"https:\/\/www.electroluxprofessional.com\/pl\/wp-json\/wp\/v2\/pages\/2188\/revisions"}],"predecessor-version":[{"id":9747,"href":"https:\/\/www.electroluxprofessional.com\/pl\/wp-json\/wp\/v2\/pages\/2188\/revisions\/9747"}],"wp:featuredmedia":[{"embeddable":true,"href":"https:\/\/www.electroluxprofessional.com\/pl\/wp-json\/wp\/v2\/media\/1718"}],"wp:attachment":[{"href":"https:\/\/www.electroluxprofessional.com\/pl\/wp-json\/wp\/v2\/media?parent=2188"}],"curies":[{"name":"wp","href":"https:\/\/api.w.org\/{rel}","templated":true}]}}