{"id":2178,"date":"2016-11-09T15:32:34","date_gmt":"2016-11-09T15:32:34","guid":{"rendered":"https:\/\/www.electroluxprofessional.com\/?page_id=4727"},"modified":"2025-11-05T15:24:45","modified_gmt":"2025-11-05T15:24:45","slug":"urzadzenia-wykonczeniowe","status":"publish","type":"page","link":"https:\/\/www.electroluxprofessional.com\/pl\/pralnictwo\/urzadzenia-wykonczeniowe\/","title":{"rendered":"Urz\u0105dzenia wyko\u0144czeniowe"},"content":{"rendered":"<p>[vc_row full_width=&#8221;electroluxpro-full-width-no-padding&#8221;][vc_column][elx_hero_slider label_text_color=&#8221;inherit&#8221; images=&#8221;798&#8243;][elx_heading font_container=&#8221;h1&#8243; font_size=&#8221;h2&#8243; text_color=&#8221;inherit&#8221;]Urz\u0105dzenia wyko\u0144czeniowe[\/elx_heading][\/elx_hero_slider][\/vc_column][\/vc_row][vc_row][vc_column][vc_empty_space][elx_heading font_size=&#8221;h3&#8243; text_color=&#8221;inherit&#8221;]Sprz\u0119t wyko\u0144czeniowy, kt\u00f3ry sprawia, \u017ce Twoja firma staje si\u0119 Doskona\u0142o\u015bci\u0105[\/elx_heading][vc_empty_space][\/vc_column][\/vc_row][vc_row][vc_column width=&#8221;1\/2&#8243;][vc_single_image image=&#8221;891&#8243; img_size=&#8221;large&#8221;][\/vc_column][vc_column width=&#8221;1\/2&#8243;][vc_column_text]Szeroka gama urz\u0105dze\u0144 wyko\u0144czeniowym Electrolux Professional oferuje wyb\u00f3r spo\u015br\u00f3d <strong>prostych w u\u017cyciu, wysoce zautomatyzowanych pras wyko\u0144czeniowych lub podstawowych sto\u0142\u00f3w do prasowania, podgrzewanych elektrycznie.<\/strong> Od ma\u0142ych pralni o niewielkim przerobie, a\u017c po dzia\u0142alno\u015b\u0107 na du\u017c\u0105 skal\u0119. Wszystko w zale\u017cno\u015bci od Twoich potrzeb.<\/p>\n<p>Opr\u00f3cz zwi\u0119kszenia wydajno\u015bci Twojej pralni, nasz sprz\u0119t wyko\u0144czeniowy zapewnia najwy\u017csz\u0105 jako\u015b\u0107 prasowania, sztuka po sztuce.<\/p>\n<p><strong>Wyzwanie: koszule &#8211; doskona\u0142e rozwi\u0105zanie do prasowania koszul<br \/>\n<\/strong>Nasze rozwi\u0105zanie obejmuje ka\u017cde z poni\u017cszych urz\u0105dze\u0144: sto\u0142y do prasowania, manekiny parowe, prasy do ko\u0142nierzyk\u00f3w i mankiet\u00f3w.[\/vc_column_text][vc_column_text]<strong>Wyzwanie: spodnie \u2013 fa\u0142dy i zagniecenia<br \/>\n<\/strong>Systemy do wyka\u0144czania spodni Electrolux Professional, maj\u0105 za zadanie zapewni\u0107 maksymalne bezpiecze\u0144stwo dla operatora. Sprz\u0119t jest \u0142atwy w obs\u0142udze, co pozwala operatorowi na przetwarzanie du\u017cej liczby wyprasowanej odzie\u017cy.<\/p>\n<p><strong>Wyzwanie: p\u0142aszcze i marynarki<\/strong><br \/>\nUniwersalny multifiniszer formuj\u0105cy Electrolux Professional jest tak wydajny, \u017ce jeden operator mo\u017ce obs\u0142u\u017cy\u0107 do 40 marynarek w ci\u0105gu godziny. Przyjazny dla u\u017cytkownika sterownik mikroprocesorowy zapami\u0119tuje do dziewi\u0119ciu program\u00f3w pracy i kontroluje wszystkie funkcje.[\/vc_column_text][\/vc_column][\/vc_row][vc_row][vc_column width=&#8221;1\/3&#8243;][vc_empty_space][vc_single_image image=&#8221;2173&#8243; img_size=&#8221;full&#8221;][\/vc_column][vc_column width=&#8221;1\/3&#8243;][vc_single_image image=&#8221;2175&#8243; img_size=&#8221;full&#8221;][\/vc_column][vc_column width=&#8221;1\/3&#8243;][vc_empty_space][vc_single_image image=&#8221;2176&#8243; img_size=&#8221;full&#8221;][\/vc_column][\/vc_row][vc_row][vc_column][vc_empty_space height=&#8221;50px&#8221;][elx_heading font_size=&#8221;h2&#8243; text_color=&#8221;inherit&#8221; text_align=&#8221;text-center&#8221;]Dowiedz si\u0119 jak nasze urz\u0105dzenia wyko\u0144czeniowe mog\u0105 pom\u00f3c Twojej firmie [\/elx_heading][elx_o2000_contact_us r=&#8221;Chcia\u0142bym dowiedzie\u0107 si\u0119 wi\u0119cej o urz\u0105dzeniach wyko\u0144czeniowych. Prosz\u0119 si\u0119 ze mn\u0105 skontaktowa\u0107.&#8221; s=&#8221;Request of information about Finishing Equipment&#8221; country=&#8221;Poland&#8221; l=&#8221;pl&#8221; b=&#8221;laundry&#8221; container=&#8221;elxcontactus1478705376&#8243;][vc_empty_space height=&#8221;50px&#8221;][\/vc_column][\/vc_row][vc_row][vc_column][elx_heading font_size=&#8221;h3&#8243; text_color=&#8221;inherit&#8221; text_align=&#8221;text-center&#8221;]Znajd\u017a kompletne rozwi\u0105zanie[\/elx_heading][\/vc_column][\/vc_row][vc_row][vc_column width=&#8221;1\/3&#8243;][elx_maylike_box id_box=&#8221;1542&#8243;][\/vc_column][vc_column width=&#8221;1\/3&#8243;][elx_maylike_box id_box=&#8221;1182&#8243;][\/vc_column][vc_column width=&#8221;1\/3&#8243;][elx_maylike_box id_box=&#8221;1405&#8243;][\/vc_column][\/vc_row][vc_row][vc_column][vc_empty_space height=&#8221;50px&#8221;][\/vc_column][\/vc_row]<\/p>\n","protected":false},"excerpt":{"rendered":"<p>[vc_row full_width=&#8221;electroluxpro-full-width-no-padding&#8221;][vc_column][elx_hero_slider label_text_color=&#8221;inherit&#8221; images=&#8221;798&#8243;][elx_heading font_container=&#8221;h1&#8243; font_size=&#8221;h2&#8243; text_color=&#8221;inherit&#8221;]Urz\u0105dzenia wyko\u0144czeniowe[\/elx_heading][\/elx_hero_slider][\/vc_column][\/vc_row][vc_row][vc_column][vc_empty_space][elx_heading font_size=&#8221;h3&#8243; text_color=&#8221;inherit&#8221;]Sprz\u0119t wyko\u0144czeniowy, kt\u00f3ry sprawia, \u017ce Twoja firma staje si\u0119 Doskona\u0142o\u015bci\u0105[\/elx_heading][vc_empty_space][\/vc_column][\/vc_row][vc_row][vc_column width=&#8221;1\/2&#8243;][vc_single_image image=&#8221;891&#8243; img_size=&#8221;large&#8221;][\/vc_column][vc_column width=&#8221;1\/2&#8243;][vc_column_text]Szeroka gama urz\u0105dze\u0144 wyko\u0144czeniowym Electrolux Professional oferuje wyb\u00f3r spo\u015br\u00f3d prostych w u\u017cyciu, wysoce zautomatyzowanych pras wyko\u0144czeniowych lub podstawowych sto\u0142\u00f3w do prasowania, podgrzewanych elektrycznie. Od ma\u0142ych pralni o niewielkim przerobie, a\u017c po dzia\u0142alno\u015b\u0107 na [&hellip;]<\/p>\n","protected":false},"author":3,"featured_media":733,"parent":1187,"menu_order":0,"comment_status":"closed","ping_status":"closed","template":"","meta":{"footnotes":""},"class_list":["post-2178","page","type-page","status-publish","has-post-thumbnail","hentry"],"acf":[],"yoast_head":"<!-- This site is optimized with the Yoast SEO plugin v23.3 - https:\/\/yoast.com\/wordpress\/plugins\/seo\/ -->\n<title>Urz\u0105dzenia wyko\u0144czeniowe - Electrolux Professional Polska<\/title>\n<meta name=\"description\" content=\"Szeroka gama urz\u0105dze\u0144 wyko\u0144czeniowym Electrolux Professional oferuje wyb\u00f3r spo\u015br\u00f3d prostych w u\u017cyciu, wysoce zautomatyzowanych pras wyko\u0144czeniowych lub podstawowych sto\u0142\u00f3w do prasowania, podgrzewanych elektrycznie.\" \/>\n<meta name=\"robots\" content=\"index, follow, max-snippet:-1, max-image-preview:large, max-video-preview:-1\" \/>\n<link rel=\"canonical\" href=\"https:\/\/www.electroluxprofessional.com\/pl\/pralnictwo\/urzadzenia-wykonczeniowe\/\" \/>\n<meta property=\"og:locale\" content=\"pl_PL\" \/>\n<meta property=\"og:type\" content=\"article\" \/>\n<meta property=\"og:title\" content=\"Urz\u0105dzenia wyko\u0144czeniowe - Electrolux Professional Polska\" \/>\n<meta property=\"og:description\" content=\"Szeroka gama urz\u0105dze\u0144 wyko\u0144czeniowym Electrolux Professional oferuje wyb\u00f3r spo\u015br\u00f3d prostych w u\u017cyciu, wysoce zautomatyzowanych pras wyko\u0144czeniowych lub podstawowych sto\u0142\u00f3w do prasowania, podgrzewanych elektrycznie.\" \/>\n<meta property=\"og:url\" content=\"https:\/\/www.electroluxprofessional.com\/pl\/pralnictwo\/urzadzenia-wykonczeniowe\/\" \/>\n<meta property=\"og:site_name\" content=\"Electrolux Professional Polska\" \/>\n<meta property=\"article:modified_time\" content=\"2025-11-05T15:24:45+00:00\" \/>\n<meta property=\"og:image\" content=\"https:\/\/www.electroluxprofessional.com\/pl\/wp-content\/uploads\/2016\/11\/finishing-quadro.jpg\" \/>\n\t<meta property=\"og:image:width\" content=\"616\" \/>\n\t<meta property=\"og:image:height\" content=\"616\" \/>\n\t<meta property=\"og:image:type\" content=\"image\/jpeg\" \/>\n<meta name=\"twitter:card\" content=\"summary_large_image\" \/>\n<meta name=\"twitter:label1\" content=\"Szacowany czas czytania\" \/>\n\t<meta name=\"twitter:data1\" content=\"2 minuty\" \/>\n<script type=\"application\/ld+json\" class=\"yoast-schema-graph\">{\"@context\":\"https:\/\/schema.org\",\"@graph\":[{\"@type\":\"WebPage\",\"@id\":\"https:\/\/www.electroluxprofessional.com\/pl\/pralnictwo\/urzadzenia-wykonczeniowe\/\",\"url\":\"https:\/\/www.electroluxprofessional.com\/pl\/pralnictwo\/urzadzenia-wykonczeniowe\/\",\"name\":\"Urz\u0105dzenia wyko\u0144czeniowe - Electrolux Professional Polska\",\"isPartOf\":{\"@id\":\"https:\/\/www.electroluxprofessional.com\/pl\/#website\"},\"primaryImageOfPage\":{\"@id\":\"https:\/\/www.electroluxprofessional.com\/pl\/pralnictwo\/urzadzenia-wykonczeniowe\/#primaryimage\"},\"image\":{\"@id\":\"https:\/\/www.electroluxprofessional.com\/pl\/pralnictwo\/urzadzenia-wykonczeniowe\/#primaryimage\"},\"thumbnailUrl\":\"https:\/\/www.electroluxprofessional.com\/pl\/wp-content\/uploads\/2016\/11\/finishing-quadro.jpg\",\"datePublished\":\"2016-11-09T15:32:34+00:00\",\"dateModified\":\"2025-11-05T15:24:45+00:00\",\"description\":\"Szeroka gama urz\u0105dze\u0144 wyko\u0144czeniowym Electrolux Professional oferuje wyb\u00f3r spo\u015br\u00f3d prostych w u\u017cyciu, wysoce zautomatyzowanych pras wyko\u0144czeniowych lub podstawowych sto\u0142\u00f3w do prasowania, podgrzewanych elektrycznie.\",\"breadcrumb\":{\"@id\":\"https:\/\/www.electroluxprofessional.com\/pl\/pralnictwo\/urzadzenia-wykonczeniowe\/#breadcrumb\"},\"inLanguage\":\"pl-PL\",\"potentialAction\":[{\"@type\":\"ReadAction\",\"target\":[\"https:\/\/www.electroluxprofessional.com\/pl\/pralnictwo\/urzadzenia-wykonczeniowe\/\"]}]},{\"@type\":\"ImageObject\",\"inLanguage\":\"pl-PL\",\"@id\":\"https:\/\/www.electroluxprofessional.com\/pl\/pralnictwo\/urzadzenia-wykonczeniowe\/#primaryimage\",\"url\":\"https:\/\/www.electroluxprofessional.com\/pl\/wp-content\/uploads\/2016\/11\/finishing-quadro.jpg\",\"contentUrl\":\"https:\/\/www.electroluxprofessional.com\/pl\/wp-content\/uploads\/2016\/11\/finishing-quadro.jpg\",\"width\":616,\"height\":616,\"caption\":\"finishing\"},{\"@type\":\"BreadcrumbList\",\"@id\":\"https:\/\/www.electroluxprofessional.com\/pl\/pralnictwo\/urzadzenia-wykonczeniowe\/#breadcrumb\",\"itemListElement\":[{\"@type\":\"ListItem\",\"position\":1,\"name\":\"Strona g\u0142\u00f3wna\",\"item\":\"https:\/\/www.electroluxprofessional.com\/pl\/\"},{\"@type\":\"ListItem\",\"position\":2,\"name\":\"Pralnictwo\",\"item\":\"https:\/\/www.electroluxprofessional.com\/pl\/pralnictwo\/\"},{\"@type\":\"ListItem\",\"position\":3,\"name\":\"Urz\u0105dzenia wyko\u0144czeniowe\"}]},{\"@type\":\"WebSite\",\"@id\":\"https:\/\/www.electroluxprofessional.com\/pl\/#website\",\"url\":\"https:\/\/www.electroluxprofessional.com\/pl\/\",\"name\":\"Electrolux Professional Polska\",\"description\":\"\",\"potentialAction\":[{\"@type\":\"SearchAction\",\"target\":{\"@type\":\"EntryPoint\",\"urlTemplate\":\"https:\/\/www.electroluxprofessional.com\/pl\/?src={search_term_string}\"},\"query-input\":\"required name=search_term_string\"}],\"inLanguage\":\"pl-PL\"}]}<\/script>\n<!-- \/ Yoast SEO plugin. -->","yoast_head_json":{"title":"Urz\u0105dzenia wyko\u0144czeniowe - Electrolux Professional Polska","description":"Szeroka gama urz\u0105dze\u0144 wyko\u0144czeniowym Electrolux Professional oferuje wyb\u00f3r spo\u015br\u00f3d prostych w u\u017cyciu, wysoce zautomatyzowanych pras wyko\u0144czeniowych lub podstawowych sto\u0142\u00f3w do prasowania, podgrzewanych elektrycznie.","robots":{"index":"index","follow":"follow","max-snippet":"max-snippet:-1","max-image-preview":"max-image-preview:large","max-video-preview":"max-video-preview:-1"},"canonical":"https:\/\/www.electroluxprofessional.com\/pl\/pralnictwo\/urzadzenia-wykonczeniowe\/","og_locale":"pl_PL","og_type":"article","og_title":"Urz\u0105dzenia wyko\u0144czeniowe - Electrolux Professional Polska","og_description":"Szeroka gama urz\u0105dze\u0144 wyko\u0144czeniowym Electrolux Professional oferuje wyb\u00f3r spo\u015br\u00f3d prostych w u\u017cyciu, wysoce zautomatyzowanych pras wyko\u0144czeniowych lub podstawowych sto\u0142\u00f3w do prasowania, podgrzewanych elektrycznie.","og_url":"https:\/\/www.electroluxprofessional.com\/pl\/pralnictwo\/urzadzenia-wykonczeniowe\/","og_site_name":"Electrolux Professional Polska","article_modified_time":"2025-11-05T15:24:45+00:00","og_image":[{"width":616,"height":616,"url":"https:\/\/www.electroluxprofessional.com\/pl\/wp-content\/uploads\/2016\/11\/finishing-quadro.jpg","type":"image\/jpeg"}],"twitter_card":"summary_large_image","twitter_misc":{"Szacowany czas czytania":"2 minuty"},"schema":{"@context":"https:\/\/schema.org","@graph":[{"@type":"WebPage","@id":"https:\/\/www.electroluxprofessional.com\/pl\/pralnictwo\/urzadzenia-wykonczeniowe\/","url":"https:\/\/www.electroluxprofessional.com\/pl\/pralnictwo\/urzadzenia-wykonczeniowe\/","name":"Urz\u0105dzenia wyko\u0144czeniowe - Electrolux Professional Polska","isPartOf":{"@id":"https:\/\/www.electroluxprofessional.com\/pl\/#website"},"primaryImageOfPage":{"@id":"https:\/\/www.electroluxprofessional.com\/pl\/pralnictwo\/urzadzenia-wykonczeniowe\/#primaryimage"},"image":{"@id":"https:\/\/www.electroluxprofessional.com\/pl\/pralnictwo\/urzadzenia-wykonczeniowe\/#primaryimage"},"thumbnailUrl":"https:\/\/www.electroluxprofessional.com\/pl\/wp-content\/uploads\/2016\/11\/finishing-quadro.jpg","datePublished":"2016-11-09T15:32:34+00:00","dateModified":"2025-11-05T15:24:45+00:00","description":"Szeroka gama urz\u0105dze\u0144 wyko\u0144czeniowym Electrolux Professional oferuje wyb\u00f3r spo\u015br\u00f3d prostych w u\u017cyciu, wysoce zautomatyzowanych pras wyko\u0144czeniowych lub podstawowych sto\u0142\u00f3w do prasowania, podgrzewanych elektrycznie.","breadcrumb":{"@id":"https:\/\/www.electroluxprofessional.com\/pl\/pralnictwo\/urzadzenia-wykonczeniowe\/#breadcrumb"},"inLanguage":"pl-PL","potentialAction":[{"@type":"ReadAction","target":["https:\/\/www.electroluxprofessional.com\/pl\/pralnictwo\/urzadzenia-wykonczeniowe\/"]}]},{"@type":"ImageObject","inLanguage":"pl-PL","@id":"https:\/\/www.electroluxprofessional.com\/pl\/pralnictwo\/urzadzenia-wykonczeniowe\/#primaryimage","url":"https:\/\/www.electroluxprofessional.com\/pl\/wp-content\/uploads\/2016\/11\/finishing-quadro.jpg","contentUrl":"https:\/\/www.electroluxprofessional.com\/pl\/wp-content\/uploads\/2016\/11\/finishing-quadro.jpg","width":616,"height":616,"caption":"finishing"},{"@type":"BreadcrumbList","@id":"https:\/\/www.electroluxprofessional.com\/pl\/pralnictwo\/urzadzenia-wykonczeniowe\/#breadcrumb","itemListElement":[{"@type":"ListItem","position":1,"name":"Strona g\u0142\u00f3wna","item":"https:\/\/www.electroluxprofessional.com\/pl\/"},{"@type":"ListItem","position":2,"name":"Pralnictwo","item":"https:\/\/www.electroluxprofessional.com\/pl\/pralnictwo\/"},{"@type":"ListItem","position":3,"name":"Urz\u0105dzenia wyko\u0144czeniowe"}]},{"@type":"WebSite","@id":"https:\/\/www.electroluxprofessional.com\/pl\/#website","url":"https:\/\/www.electroluxprofessional.com\/pl\/","name":"Electrolux Professional Polska","description":"","potentialAction":[{"@type":"SearchAction","target":{"@type":"EntryPoint","urlTemplate":"https:\/\/www.electroluxprofessional.com\/pl\/?src={search_term_string}"},"query-input":"required name=search_term_string"}],"inLanguage":"pl-PL"}]}},"_links":{"self":[{"href":"https:\/\/www.electroluxprofessional.com\/pl\/wp-json\/wp\/v2\/pages\/2178"}],"collection":[{"href":"https:\/\/www.electroluxprofessional.com\/pl\/wp-json\/wp\/v2\/pages"}],"about":[{"href":"https:\/\/www.electroluxprofessional.com\/pl\/wp-json\/wp\/v2\/types\/page"}],"author":[{"embeddable":true,"href":"https:\/\/www.electroluxprofessional.com\/pl\/wp-json\/wp\/v2\/users\/3"}],"replies":[{"embeddable":true,"href":"https:\/\/www.electroluxprofessional.com\/pl\/wp-json\/wp\/v2\/comments?post=2178"}],"version-history":[{"count":4,"href":"https:\/\/www.electroluxprofessional.com\/pl\/wp-json\/wp\/v2\/pages\/2178\/revisions"}],"predecessor-version":[{"id":11631,"href":"https:\/\/www.electroluxprofessional.com\/pl\/wp-json\/wp\/v2\/pages\/2178\/revisions\/11631"}],"up":[{"embeddable":true,"href":"https:\/\/www.electroluxprofessional.com\/pl\/wp-json\/wp\/v2\/pages\/1187"}],"wp:featuredmedia":[{"embeddable":true,"href":"https:\/\/www.electroluxprofessional.com\/pl\/wp-json\/wp\/v2\/media\/733"}],"wp:attachment":[{"href":"https:\/\/www.electroluxprofessional.com\/pl\/wp-json\/wp\/v2\/media?parent=2178"}],"curies":[{"name":"wp","href":"https:\/\/api.w.org\/{rel}","templated":true}]}}