{"id":2162,"date":"2016-11-09T14:23:09","date_gmt":"2016-11-09T14:23:09","guid":{"rendered":"https:\/\/www.electroluxprofessional.com\/?page_id=4635"},"modified":"2025-11-05T15:27:16","modified_gmt":"2025-11-05T15:27:16","slug":"urzadzenia-laboratoryjne","status":"publish","type":"page","link":"https:\/\/www.electroluxprofessional.com\/pl\/pralnictwo\/urzadzenia-laboratoryjne\/","title":{"rendered":"Urz\u0105dzenia laboratoryjne"},"content":{"rendered":"<p>[vc_row full_width=&#8221;electroluxpro-full-width-no-padding&#8221;][vc_column][elx_hero_slider label_text_color=&#8221;inherit&#8221; images=&#8221;881&#8243;][elx_heading font_container=&#8221;h1&#8243; font_size=&#8221;h3&#8243; text_color=&#8221;inherit&#8221;]Urz\u0105dzenia laboratoryjne[\/elx_heading][vc_column_text]<\/p>\n<h4>Electrolux Professional wyznacza \u015bwiatowe standardy w dziedzinie prania i suszenia dostarczaj\u0105c zintegrowany system do bada\u0144 laboratoryjnych.<\/h4>\n<p>[\/vc_column_text][\/elx_hero_slider][\/vc_column][\/vc_row][vc_row][vc_column][vc_empty_space][elx_heading font_size=&#8221;h4&#8243; text_color=&#8221;inherit&#8221;]Wraz z premier\u0105 suszarki laboratoryjnej, Electrolux Professional zyska\u0142 mo\u017cliwo\u015b\u0107 oferowania swoim klientom kompletnego zestawu urz\u0105dze\u0144 stosowanych w zadaniach laboratoryjnych.[\/elx_heading][vc_empty_space height=&#8221;20px&#8221;][vc_column_text]Nowa suszarka laboratoryjna Electrolux Professional zosta\u0142a specjalnie zaprojektowana w celu zagwarantowania zgodno\u015bci z norm\u0105 ISO 6330.<\/p>\n<p>Wsp\u00f3\u0142nie z referencyjn\u0105 pralnico-wir\u00f3wk\u0105 Wascator, nasze urz\u0105dzenia tworz\u0105 niezast\u0105piony duet: itegralny system s\u0142u\u017c\u0105cy do testowania zgodno\u015bci z normami oraz bada\u0144 nad materia\u0142ami i odzie\u017c\u0105.[\/vc_column_text][\/vc_column][\/vc_row][vc_row][vc_column][elx_image_block background_image=&#8221;877&#8243; minimum_height=&#8221;400px&#8221;][\/vc_column][\/vc_row][vc_row][vc_column width=&#8221;2\/3&#8243;][vc_column_text]<\/p>\n<h3>Od roku 1969<\/h3>\n<p>Od 1969 roku, doskonale znana maszyna Wascator FOM71 CLS jest <strong>referencyjn\u0105 pralnico-wir\u00f3wk\u0105 wykorzystywan\u0105 do wykonywania test\u00f3w por\u00f3wnawczych i jako\u015bciowych <\/strong> w przemy\u015ble pralniczym i tekstylnym.<\/p>\n<p>Obecnie zyska\u0142a doskona\u0142ego partnera: now\u0105 <strong>suszark\u0119 laboratoryjn\u0105 T5130LAB<\/strong>. Nasza suszarka przeznaczona jest dla u\u017cytkownik\u00f3w takich jak: producenci odzie\u017cy, laboratoria tekstylne i producenci urz\u0105dze\u0144 pralniczych. Takie rozwi\u0105zanie zapewnia same korzy\u015bci pod wzgl\u0119dem trwa\u0142o\u015bci, dok\u0142adno\u015bci i niezawodno\u015bci.[\/vc_column_text][\/vc_column][vc_column width=&#8221;1\/3&#8243;][vc_empty_space][vc_single_image image=&#8221;879&#8243; img_size=&#8221;full&#8221; alignment=&#8221;right&#8221; style=&#8221;vc_box_circle_2&#8243;][\/vc_column][\/vc_row][vc_row][vc_column][elx_heading font_size=&#8221;h3&#8243; text_color=&#8221;inherit&#8221; text_align=&#8221;text-center&#8221;]Uzupe\u0142niaj\u0105c standardy, kt\u00f3rych oczekujesz w zakresie prania i suszenia.[\/elx_heading][vc_empty_space][vc_single_image image=&#8221;2161&#8243; img_size=&#8221;full&#8221; alignment=&#8221;center&#8221; onclick=&#8221;img_link_large&#8221;][vc_empty_space height=&#8221;50px&#8221;][\/vc_column][\/vc_row][vc_row][vc_column][elx_heading text_color=&#8221;inherit&#8221; text_align=&#8221;text-center&#8221;]Dowiedz si\u0119 jak nasze maszyny laboratoryjne mog\u0105 pom\u00f3c Twojej firmie.[\/elx_heading][elx_o2000_contact_us r=&#8221;Chcia\u0142bym dowiedzie\u0107 si\u0119 wi\u0119cej o maszynach laboratoryjnych. Prosz\u0119 si\u0119 ze mn\u0105 skontaktowa\u0107.&#8221; s=&#8221;Request of information about Laboratory Machines&#8221; country=&#8221;Poland&#8221; l=&#8221;pl&#8221; b=&#8221;laundry&#8221; container=&#8221;elxcontactus1478701232&#8243;][\/vc_column][\/vc_row][vc_row][vc_column][vc_empty_space height=&#8221;50px&#8221;][elx_heading font_size=&#8221;h3&#8243; text_color=&#8221;inherit&#8221; text_align=&#8221;text-center&#8221;]Znajd\u017a kompletne rozwi\u0105zanie[\/elx_heading][\/vc_column][\/vc_row][vc_row][vc_column width=&#8221;1\/3&#8243;][elx_maylike_box id_box=&#8221;1895&#8243;][\/vc_column][vc_column width=&#8221;1\/3&#8243;][elx_maylike_box id_box=&#8221;1897&#8243;][\/vc_column][vc_column width=&#8221;1\/3&#8243;][elx_maylike_box id_box=&#8221;1196&#8243;][\/vc_column][\/vc_row][vc_row][vc_column][vc_empty_space height=&#8221;50px&#8221;][\/vc_column][\/vc_row]<\/p>\n","protected":false},"excerpt":{"rendered":"<p>[vc_row full_width=&#8221;electroluxpro-full-width-no-padding&#8221;][vc_column][elx_hero_slider label_text_color=&#8221;inherit&#8221; images=&#8221;881&#8243;][elx_heading font_container=&#8221;h1&#8243; font_size=&#8221;h3&#8243; text_color=&#8221;inherit&#8221;]Urz\u0105dzenia laboratoryjne[\/elx_heading][vc_column_text] Electrolux Professional wyznacza \u015bwiatowe standardy w dziedzinie prania i suszenia dostarczaj\u0105c zintegrowany system do bada\u0144 laboratoryjnych. [\/vc_column_text][\/elx_hero_slider][\/vc_column][\/vc_row][vc_row][vc_column][vc_empty_space][elx_heading font_size=&#8221;h4&#8243; text_color=&#8221;inherit&#8221;]Wraz z premier\u0105 suszarki laboratoryjnej, Electrolux Professional zyska\u0142 mo\u017cliwo\u015b\u0107 oferowania swoim klientom kompletnego zestawu urz\u0105dze\u0144 stosowanych w zadaniach laboratoryjnych.[\/elx_heading][vc_empty_space height=&#8221;20px&#8221;][vc_column_text]Nowa suszarka laboratoryjna Electrolux Professional zosta\u0142a specjalnie zaprojektowana w celu [&hellip;]<\/p>\n","protected":false},"author":3,"featured_media":881,"parent":1187,"menu_order":0,"comment_status":"closed","ping_status":"closed","template":"","meta":{"footnotes":""},"class_list":["post-2162","page","type-page","status-publish","has-post-thumbnail","hentry"],"acf":[],"yoast_head":"<!-- This site is optimized with the Yoast SEO plugin v23.3 - https:\/\/yoast.com\/wordpress\/plugins\/seo\/ -->\n<title>Urz\u0105dzenia laboratoryjne - Electrolux Professional Polska<\/title>\n<meta name=\"description\" content=\"Nowa suszarka laboratoryjna Electrolux Professional zosta\u0142a specjalnie zaprojektowana w celu zagwarantowania zgodno\u015bci z norm\u0105 ISO 6330. Wsp\u00f3\u0142nie z referencyjn\u0105 pralnico-wir\u00f3wk\u0105 Wascator, nasze urz\u0105dzenia tworz\u0105 niezast\u0105piony duet.\" \/>\n<meta name=\"robots\" content=\"index, follow, max-snippet:-1, max-image-preview:large, max-video-preview:-1\" \/>\n<link rel=\"canonical\" href=\"https:\/\/www.electroluxprofessional.com\/pl\/pralnictwo\/urzadzenia-laboratoryjne\/\" \/>\n<meta property=\"og:locale\" content=\"pl_PL\" \/>\n<meta property=\"og:type\" content=\"article\" \/>\n<meta property=\"og:title\" content=\"Urz\u0105dzenia laboratoryjne - Electrolux Professional Polska\" \/>\n<meta property=\"og:description\" content=\"Nowa suszarka laboratoryjna Electrolux Professional zosta\u0142a specjalnie zaprojektowana w celu zagwarantowania zgodno\u015bci z norm\u0105 ISO 6330. Wsp\u00f3\u0142nie z referencyjn\u0105 pralnico-wir\u00f3wk\u0105 Wascator, nasze urz\u0105dzenia tworz\u0105 niezast\u0105piony duet.\" \/>\n<meta property=\"og:url\" content=\"https:\/\/www.electroluxprofessional.com\/pl\/pralnictwo\/urzadzenia-laboratoryjne\/\" \/>\n<meta property=\"og:site_name\" content=\"Electrolux Professional Polska\" \/>\n<meta property=\"article:modified_time\" content=\"2025-11-05T15:27:16+00:00\" \/>\n<meta property=\"og:image\" content=\"https:\/\/www.electroluxprofessional.com\/pl\/wp-content\/uploads\/2016\/11\/b1a26a13eed74d3ca494d4ca6a5b2b43-683x1024.jpg\" \/>\n\t<meta property=\"og:image:width\" content=\"683\" \/>\n\t<meta property=\"og:image:height\" content=\"1024\" \/>\n\t<meta property=\"og:image:type\" content=\"image\/jpeg\" \/>\n<meta name=\"twitter:card\" content=\"summary_large_image\" \/>\n<meta name=\"twitter:label1\" content=\"Szacowany czas czytania\" \/>\n\t<meta name=\"twitter:data1\" content=\"2 minuty\" \/>\n<script type=\"application\/ld+json\" class=\"yoast-schema-graph\">{\"@context\":\"https:\/\/schema.org\",\"@graph\":[{\"@type\":\"WebPage\",\"@id\":\"https:\/\/www.electroluxprofessional.com\/pl\/pralnictwo\/urzadzenia-laboratoryjne\/\",\"url\":\"https:\/\/www.electroluxprofessional.com\/pl\/pralnictwo\/urzadzenia-laboratoryjne\/\",\"name\":\"Urz\u0105dzenia laboratoryjne - Electrolux Professional Polska\",\"isPartOf\":{\"@id\":\"https:\/\/www.electroluxprofessional.com\/pl\/#website\"},\"primaryImageOfPage\":{\"@id\":\"https:\/\/www.electroluxprofessional.com\/pl\/pralnictwo\/urzadzenia-laboratoryjne\/#primaryimage\"},\"image\":{\"@id\":\"https:\/\/www.electroluxprofessional.com\/pl\/pralnictwo\/urzadzenia-laboratoryjne\/#primaryimage\"},\"thumbnailUrl\":\"https:\/\/www.electroluxprofessional.com\/pl\/wp-content\/uploads\/2016\/11\/b1a26a13eed74d3ca494d4ca6a5b2b43.jpg\",\"datePublished\":\"2016-11-09T14:23:09+00:00\",\"dateModified\":\"2025-11-05T15:27:16+00:00\",\"description\":\"Nowa suszarka laboratoryjna Electrolux Professional zosta\u0142a specjalnie zaprojektowana w celu zagwarantowania zgodno\u015bci z norm\u0105 ISO 6330. Wsp\u00f3\u0142nie z referencyjn\u0105 pralnico-wir\u00f3wk\u0105 Wascator, nasze urz\u0105dzenia tworz\u0105 niezast\u0105piony duet.\",\"breadcrumb\":{\"@id\":\"https:\/\/www.electroluxprofessional.com\/pl\/pralnictwo\/urzadzenia-laboratoryjne\/#breadcrumb\"},\"inLanguage\":\"pl-PL\",\"potentialAction\":[{\"@type\":\"ReadAction\",\"target\":[\"https:\/\/www.electroluxprofessional.com\/pl\/pralnictwo\/urzadzenia-laboratoryjne\/\"]}]},{\"@type\":\"ImageObject\",\"inLanguage\":\"pl-PL\",\"@id\":\"https:\/\/www.electroluxprofessional.com\/pl\/pralnictwo\/urzadzenia-laboratoryjne\/#primaryimage\",\"url\":\"https:\/\/www.electroluxprofessional.com\/pl\/wp-content\/uploads\/2016\/11\/b1a26a13eed74d3ca494d4ca6a5b2b43.jpg\",\"contentUrl\":\"https:\/\/www.electroluxprofessional.com\/pl\/wp-content\/uploads\/2016\/11\/b1a26a13eed74d3ca494d4ca6a5b2b43.jpg\",\"width\":4912,\"height\":7360,\"caption\":\"Laboratory Machines\"},{\"@type\":\"BreadcrumbList\",\"@id\":\"https:\/\/www.electroluxprofessional.com\/pl\/pralnictwo\/urzadzenia-laboratoryjne\/#breadcrumb\",\"itemListElement\":[{\"@type\":\"ListItem\",\"position\":1,\"name\":\"Strona g\u0142\u00f3wna\",\"item\":\"https:\/\/www.electroluxprofessional.com\/pl\/\"},{\"@type\":\"ListItem\",\"position\":2,\"name\":\"Pralnictwo\",\"item\":\"https:\/\/www.electroluxprofessional.com\/pl\/pralnictwo\/\"},{\"@type\":\"ListItem\",\"position\":3,\"name\":\"Urz\u0105dzenia laboratoryjne\"}]},{\"@type\":\"WebSite\",\"@id\":\"https:\/\/www.electroluxprofessional.com\/pl\/#website\",\"url\":\"https:\/\/www.electroluxprofessional.com\/pl\/\",\"name\":\"Electrolux Professional Polska\",\"description\":\"\",\"potentialAction\":[{\"@type\":\"SearchAction\",\"target\":{\"@type\":\"EntryPoint\",\"urlTemplate\":\"https:\/\/www.electroluxprofessional.com\/pl\/?src={search_term_string}\"},\"query-input\":\"required name=search_term_string\"}],\"inLanguage\":\"pl-PL\"}]}<\/script>\n<!-- \/ Yoast SEO plugin. -->","yoast_head_json":{"title":"Urz\u0105dzenia laboratoryjne - Electrolux Professional Polska","description":"Nowa suszarka laboratoryjna Electrolux Professional zosta\u0142a specjalnie zaprojektowana w celu zagwarantowania zgodno\u015bci z norm\u0105 ISO 6330. Wsp\u00f3\u0142nie z referencyjn\u0105 pralnico-wir\u00f3wk\u0105 Wascator, nasze urz\u0105dzenia tworz\u0105 niezast\u0105piony duet.","robots":{"index":"index","follow":"follow","max-snippet":"max-snippet:-1","max-image-preview":"max-image-preview:large","max-video-preview":"max-video-preview:-1"},"canonical":"https:\/\/www.electroluxprofessional.com\/pl\/pralnictwo\/urzadzenia-laboratoryjne\/","og_locale":"pl_PL","og_type":"article","og_title":"Urz\u0105dzenia laboratoryjne - Electrolux Professional Polska","og_description":"Nowa suszarka laboratoryjna Electrolux Professional zosta\u0142a specjalnie zaprojektowana w celu zagwarantowania zgodno\u015bci z norm\u0105 ISO 6330. Wsp\u00f3\u0142nie z referencyjn\u0105 pralnico-wir\u00f3wk\u0105 Wascator, nasze urz\u0105dzenia tworz\u0105 niezast\u0105piony duet.","og_url":"https:\/\/www.electroluxprofessional.com\/pl\/pralnictwo\/urzadzenia-laboratoryjne\/","og_site_name":"Electrolux Professional Polska","article_modified_time":"2025-11-05T15:27:16+00:00","og_image":[{"width":683,"height":1024,"url":"https:\/\/www.electroluxprofessional.com\/pl\/wp-content\/uploads\/2016\/11\/b1a26a13eed74d3ca494d4ca6a5b2b43-683x1024.jpg","type":"image\/jpeg"}],"twitter_card":"summary_large_image","twitter_misc":{"Szacowany czas czytania":"2 minuty"},"schema":{"@context":"https:\/\/schema.org","@graph":[{"@type":"WebPage","@id":"https:\/\/www.electroluxprofessional.com\/pl\/pralnictwo\/urzadzenia-laboratoryjne\/","url":"https:\/\/www.electroluxprofessional.com\/pl\/pralnictwo\/urzadzenia-laboratoryjne\/","name":"Urz\u0105dzenia laboratoryjne - Electrolux Professional Polska","isPartOf":{"@id":"https:\/\/www.electroluxprofessional.com\/pl\/#website"},"primaryImageOfPage":{"@id":"https:\/\/www.electroluxprofessional.com\/pl\/pralnictwo\/urzadzenia-laboratoryjne\/#primaryimage"},"image":{"@id":"https:\/\/www.electroluxprofessional.com\/pl\/pralnictwo\/urzadzenia-laboratoryjne\/#primaryimage"},"thumbnailUrl":"https:\/\/www.electroluxprofessional.com\/pl\/wp-content\/uploads\/2016\/11\/b1a26a13eed74d3ca494d4ca6a5b2b43.jpg","datePublished":"2016-11-09T14:23:09+00:00","dateModified":"2025-11-05T15:27:16+00:00","description":"Nowa suszarka laboratoryjna Electrolux Professional zosta\u0142a specjalnie zaprojektowana w celu zagwarantowania zgodno\u015bci z norm\u0105 ISO 6330. Wsp\u00f3\u0142nie z referencyjn\u0105 pralnico-wir\u00f3wk\u0105 Wascator, nasze urz\u0105dzenia tworz\u0105 niezast\u0105piony duet.","breadcrumb":{"@id":"https:\/\/www.electroluxprofessional.com\/pl\/pralnictwo\/urzadzenia-laboratoryjne\/#breadcrumb"},"inLanguage":"pl-PL","potentialAction":[{"@type":"ReadAction","target":["https:\/\/www.electroluxprofessional.com\/pl\/pralnictwo\/urzadzenia-laboratoryjne\/"]}]},{"@type":"ImageObject","inLanguage":"pl-PL","@id":"https:\/\/www.electroluxprofessional.com\/pl\/pralnictwo\/urzadzenia-laboratoryjne\/#primaryimage","url":"https:\/\/www.electroluxprofessional.com\/pl\/wp-content\/uploads\/2016\/11\/b1a26a13eed74d3ca494d4ca6a5b2b43.jpg","contentUrl":"https:\/\/www.electroluxprofessional.com\/pl\/wp-content\/uploads\/2016\/11\/b1a26a13eed74d3ca494d4ca6a5b2b43.jpg","width":4912,"height":7360,"caption":"Laboratory Machines"},{"@type":"BreadcrumbList","@id":"https:\/\/www.electroluxprofessional.com\/pl\/pralnictwo\/urzadzenia-laboratoryjne\/#breadcrumb","itemListElement":[{"@type":"ListItem","position":1,"name":"Strona g\u0142\u00f3wna","item":"https:\/\/www.electroluxprofessional.com\/pl\/"},{"@type":"ListItem","position":2,"name":"Pralnictwo","item":"https:\/\/www.electroluxprofessional.com\/pl\/pralnictwo\/"},{"@type":"ListItem","position":3,"name":"Urz\u0105dzenia laboratoryjne"}]},{"@type":"WebSite","@id":"https:\/\/www.electroluxprofessional.com\/pl\/#website","url":"https:\/\/www.electroluxprofessional.com\/pl\/","name":"Electrolux Professional Polska","description":"","potentialAction":[{"@type":"SearchAction","target":{"@type":"EntryPoint","urlTemplate":"https:\/\/www.electroluxprofessional.com\/pl\/?src={search_term_string}"},"query-input":"required name=search_term_string"}],"inLanguage":"pl-PL"}]}},"_links":{"self":[{"href":"https:\/\/www.electroluxprofessional.com\/pl\/wp-json\/wp\/v2\/pages\/2162"}],"collection":[{"href":"https:\/\/www.electroluxprofessional.com\/pl\/wp-json\/wp\/v2\/pages"}],"about":[{"href":"https:\/\/www.electroluxprofessional.com\/pl\/wp-json\/wp\/v2\/types\/page"}],"author":[{"embeddable":true,"href":"https:\/\/www.electroluxprofessional.com\/pl\/wp-json\/wp\/v2\/users\/3"}],"replies":[{"embeddable":true,"href":"https:\/\/www.electroluxprofessional.com\/pl\/wp-json\/wp\/v2\/comments?post=2162"}],"version-history":[{"count":5,"href":"https:\/\/www.electroluxprofessional.com\/pl\/wp-json\/wp\/v2\/pages\/2162\/revisions"}],"predecessor-version":[{"id":11640,"href":"https:\/\/www.electroluxprofessional.com\/pl\/wp-json\/wp\/v2\/pages\/2162\/revisions\/11640"}],"up":[{"embeddable":true,"href":"https:\/\/www.electroluxprofessional.com\/pl\/wp-json\/wp\/v2\/pages\/1187"}],"wp:featuredmedia":[{"embeddable":true,"href":"https:\/\/www.electroluxprofessional.com\/pl\/wp-json\/wp\/v2\/media\/881"}],"wp:attachment":[{"href":"https:\/\/www.electroluxprofessional.com\/pl\/wp-json\/wp\/v2\/media?parent=2162"}],"curies":[{"name":"wp","href":"https:\/\/api.w.org\/{rel}","templated":true}]}}