{"id":2107,"date":"2016-05-02T12:24:37","date_gmt":"2016-05-02T12:24:37","guid":{"rendered":"https:\/\/www.electroluxprofessional.com\/?page_id=406"},"modified":"2026-02-15T19:46:35","modified_gmt":"2026-02-15T19:46:35","slug":"lokalizacja","status":"publish","type":"page","link":"https:\/\/www.electroluxprofessional.com\/pl\/lokalizacja\/","title":{"rendered":"Lokalizacja"},"content":{"rendered":"<p>[vc_row full_width=&#8221;electroluxpro-full-width-no-padding&#8221;][vc_column][elx_image_block background_image=&#8221;6704&#8243; minimum_height=&#8221;350px&#8221;][\/vc_column][\/vc_row][vc_row][vc_column][vc_empty_space][elx_heading text_color=&#8221;inherit&#8221;]Sales and service locator[\/elx_heading][vc_column_text]We stand ready and committed to your satisfaction with a unique sales and service network that makes your work-life easier. The presence of our dealers and partners is spread all over the world.[\/vc_column_text][\/vc_column][\/vc_row][vc_row][vc_column][vc_empty_space][elx_o2000_locator cf=&#8221;Poland&#8221; l=&#8221;pl&#8221; request=&#8221;Chcia\u0142bym skontaktowa\u0107 si\u0119 z waszym zespo\u0142em ekspert\u00f3w i wsp\u00f3lnie znale\u017a\u0107 najlepsze rozwi\u0105zanie dla mojej firmy {{acs}}&#8221;][vc_empty_space][\/vc_column][\/vc_row][vc_row custom_color_row=&#8221;bg-row-light-blue&#8221; css=&#8221;.vc_custom_1739522643720{background-color: #e9eff5 !important;}&#8221;][vc_column][vc_empty_space][elx_heading font_size=&#8221;h4&#8243; text_color=&#8221;electrolux-blue&#8221; text_align=&#8221;text-left&#8221;]Zosta\u0144 Certyfikowanym Partnerem Serwisowym![\/elx_heading][vc_empty_space height=&#8221;10px&#8221;][vc_column_text]<span class=\"TextRun SCXW81374636 BCX0\" data-contrast=\"none\"><span class=\"NormalTextRun SCXW81374636 BCX0\" data-ccp-parastyle=\"Normal (Web)\">Do\u0142\u0105cz do naszej sieci certyfikowanych serwis\u00f3w! Rozwijaj sw\u00f3j biznes, zostaj\u0105c autoryzowanym partnerem serwisowym.<\/span><\/span><span class=\"LineBreakBlob BlobObject DragDrop SCXW81374636 BCX0\"><span class=\"SCXW81374636 BCX0\">\u00a0<\/span><br class=\"SCXW81374636 BCX0\" \/><\/span><span class=\"TextRun SCXW81374636 BCX0\" data-contrast=\"none\"><span class=\"NormalTextRun SCXW81374636 BCX0\" data-ccp-parastyle=\"Normal (Web)\">Zyskaj dost\u0119p do ekskluzywnych szkole\u0144, wsparcia i mo\u017cliwo\u015bci rozwoju.<\/span><\/span>[\/vc_column_text][vc_empty_space height=&#8221;25px&#8221;][elx_o2000_contact_us request_type=&#8221;Customer support&#8221; button_mode=&#8221;true&#8221; postion_button=&#8221;text-left&#8221; postion_button_mobile=&#8221;text-left-mobile&#8221; text_btn_contact=&#8221;Do\u0142\u0105cz teraz!&#8221; r=&#8221;Chcia\u0142bym zosta\u0107 skontaktowany, aby zosta\u0107 waszym partnerem serwisowym. Dzi\u0119kuj\u0119.&#8221;][vc_empty_space height=&#8221;40px&#8221;][\/vc_column][\/vc_row]<\/p>\n","protected":false},"excerpt":{"rendered":"<p>[vc_row full_width=&#8221;electroluxpro-full-width-no-padding&#8221;][vc_column][elx_image_block background_image=&#8221;6704&#8243; minimum_height=&#8221;350px&#8221;][\/vc_column][\/vc_row][vc_row][vc_column][vc_empty_space][elx_heading text_color=&#8221;inherit&#8221;]Sales and service locator[\/elx_heading][vc_column_text]We stand ready and committed to your satisfaction with a unique sales and service network that makes your work-life easier. The presence of our dealers and partners is spread all over the world.[\/vc_column_text][\/vc_column][\/vc_row][vc_row][vc_column][vc_empty_space][elx_o2000_locator cf=&#8221;Poland&#8221; l=&#8221;pl&#8221; request=&#8221;Chcia\u0142bym skontaktowa\u0107 si\u0119 z waszym zespo\u0142em ekspert\u00f3w i wsp\u00f3lnie znale\u017a\u0107 najlepsze rozwi\u0105zanie dla [&hellip;]<\/p>\n","protected":false},"author":3,"featured_media":0,"parent":0,"menu_order":0,"comment_status":"closed","ping_status":"closed","template":"","meta":{"footnotes":""},"class_list":["post-2107","page","type-page","status-publish","hentry"],"acf":[],"yoast_head":"<!-- This site is optimized with the Yoast SEO plugin v23.3 - https:\/\/yoast.com\/wordpress\/plugins\/seo\/ -->\n<title>Lokalizacja - Electrolux Professional Polska<\/title>\n<meta name=\"robots\" content=\"index, follow, max-snippet:-1, max-image-preview:large, max-video-preview:-1\" \/>\n<link rel=\"canonical\" href=\"https:\/\/www.electroluxprofessional.com\/pl\/lokalizacja\/\" \/>\n<meta property=\"og:locale\" content=\"pl_PL\" \/>\n<meta property=\"og:type\" content=\"article\" \/>\n<meta property=\"og:title\" content=\"Lokalizacja - Electrolux Professional Polska\" \/>\n<meta property=\"og:description\" content=\"[vc_row full_width=&#8221;electroluxpro-full-width-no-padding&#8221;][vc_column][elx_image_block background_image=&#8221;6704&#8243; minimum_height=&#8221;350px&#8221;][\/vc_column][\/vc_row][vc_row][vc_column][vc_empty_space][elx_heading text_color=&#8221;inherit&#8221;]Sales and service locator[\/elx_heading][vc_column_text]We stand ready and committed to your satisfaction with a unique sales and service network that makes your work-life easier. The presence of our dealers and partners is spread all over the world.[\/vc_column_text][\/vc_column][\/vc_row][vc_row][vc_column][vc_empty_space][elx_o2000_locator cf=&#8221;Poland&#8221; l=&#8221;pl&#8221; request=&#8221;Chcia\u0142bym skontaktowa\u0107 si\u0119 z waszym zespo\u0142em ekspert\u00f3w i wsp\u00f3lnie znale\u017a\u0107 najlepsze rozwi\u0105zanie dla [&hellip;]\" \/>\n<meta property=\"og:url\" content=\"https:\/\/www.electroluxprofessional.com\/pl\/lokalizacja\/\" \/>\n<meta property=\"og:site_name\" content=\"Electrolux Professional Polska\" \/>\n<meta property=\"article:modified_time\" content=\"2026-02-15T19:46:35+00:00\" \/>\n<meta name=\"twitter:card\" content=\"summary_large_image\" \/>\n<meta name=\"twitter:label1\" content=\"Szacowany czas czytania\" \/>\n\t<meta name=\"twitter:data1\" content=\"1 minuta\" \/>\n<script type=\"application\/ld+json\" class=\"yoast-schema-graph\">{\"@context\":\"https:\/\/schema.org\",\"@graph\":[{\"@type\":\"WebPage\",\"@id\":\"https:\/\/www.electroluxprofessional.com\/pl\/lokalizacja\/\",\"url\":\"https:\/\/www.electroluxprofessional.com\/pl\/lokalizacja\/\",\"name\":\"Lokalizacja - Electrolux Professional Polska\",\"isPartOf\":{\"@id\":\"https:\/\/www.electroluxprofessional.com\/pl\/#website\"},\"datePublished\":\"2016-05-02T12:24:37+00:00\",\"dateModified\":\"2026-02-15T19:46:35+00:00\",\"breadcrumb\":{\"@id\":\"https:\/\/www.electroluxprofessional.com\/pl\/lokalizacja\/#breadcrumb\"},\"inLanguage\":\"pl-PL\",\"potentialAction\":[{\"@type\":\"ReadAction\",\"target\":[\"https:\/\/www.electroluxprofessional.com\/pl\/lokalizacja\/\"]}]},{\"@type\":\"BreadcrumbList\",\"@id\":\"https:\/\/www.electroluxprofessional.com\/pl\/lokalizacja\/#breadcrumb\",\"itemListElement\":[{\"@type\":\"ListItem\",\"position\":1,\"name\":\"Strona g\u0142\u00f3wna\",\"item\":\"https:\/\/www.electroluxprofessional.com\/pl\/\"},{\"@type\":\"ListItem\",\"position\":2,\"name\":\"Lokalizacja\"}]},{\"@type\":\"WebSite\",\"@id\":\"https:\/\/www.electroluxprofessional.com\/pl\/#website\",\"url\":\"https:\/\/www.electroluxprofessional.com\/pl\/\",\"name\":\"Electrolux Professional Polska\",\"description\":\"\",\"potentialAction\":[{\"@type\":\"SearchAction\",\"target\":{\"@type\":\"EntryPoint\",\"urlTemplate\":\"https:\/\/www.electroluxprofessional.com\/pl\/?src={search_term_string}\"},\"query-input\":\"required name=search_term_string\"}],\"inLanguage\":\"pl-PL\"}]}<\/script>\n<!-- \/ Yoast SEO plugin. -->","yoast_head_json":{"title":"Lokalizacja - Electrolux Professional Polska","robots":{"index":"index","follow":"follow","max-snippet":"max-snippet:-1","max-image-preview":"max-image-preview:large","max-video-preview":"max-video-preview:-1"},"canonical":"https:\/\/www.electroluxprofessional.com\/pl\/lokalizacja\/","og_locale":"pl_PL","og_type":"article","og_title":"Lokalizacja - Electrolux Professional Polska","og_description":"[vc_row full_width=&#8221;electroluxpro-full-width-no-padding&#8221;][vc_column][elx_image_block background_image=&#8221;6704&#8243; minimum_height=&#8221;350px&#8221;][\/vc_column][\/vc_row][vc_row][vc_column][vc_empty_space][elx_heading text_color=&#8221;inherit&#8221;]Sales and service locator[\/elx_heading][vc_column_text]We stand ready and committed to your satisfaction with a unique sales and service network that makes your work-life easier. The presence of our dealers and partners is spread all over the world.[\/vc_column_text][\/vc_column][\/vc_row][vc_row][vc_column][vc_empty_space][elx_o2000_locator cf=&#8221;Poland&#8221; l=&#8221;pl&#8221; request=&#8221;Chcia\u0142bym skontaktowa\u0107 si\u0119 z waszym zespo\u0142em ekspert\u00f3w i wsp\u00f3lnie znale\u017a\u0107 najlepsze rozwi\u0105zanie dla [&hellip;]","og_url":"https:\/\/www.electroluxprofessional.com\/pl\/lokalizacja\/","og_site_name":"Electrolux Professional Polska","article_modified_time":"2026-02-15T19:46:35+00:00","twitter_card":"summary_large_image","twitter_misc":{"Szacowany czas czytania":"1 minuta"},"schema":{"@context":"https:\/\/schema.org","@graph":[{"@type":"WebPage","@id":"https:\/\/www.electroluxprofessional.com\/pl\/lokalizacja\/","url":"https:\/\/www.electroluxprofessional.com\/pl\/lokalizacja\/","name":"Lokalizacja - Electrolux Professional Polska","isPartOf":{"@id":"https:\/\/www.electroluxprofessional.com\/pl\/#website"},"datePublished":"2016-05-02T12:24:37+00:00","dateModified":"2026-02-15T19:46:35+00:00","breadcrumb":{"@id":"https:\/\/www.electroluxprofessional.com\/pl\/lokalizacja\/#breadcrumb"},"inLanguage":"pl-PL","potentialAction":[{"@type":"ReadAction","target":["https:\/\/www.electroluxprofessional.com\/pl\/lokalizacja\/"]}]},{"@type":"BreadcrumbList","@id":"https:\/\/www.electroluxprofessional.com\/pl\/lokalizacja\/#breadcrumb","itemListElement":[{"@type":"ListItem","position":1,"name":"Strona g\u0142\u00f3wna","item":"https:\/\/www.electroluxprofessional.com\/pl\/"},{"@type":"ListItem","position":2,"name":"Lokalizacja"}]},{"@type":"WebSite","@id":"https:\/\/www.electroluxprofessional.com\/pl\/#website","url":"https:\/\/www.electroluxprofessional.com\/pl\/","name":"Electrolux Professional Polska","description":"","potentialAction":[{"@type":"SearchAction","target":{"@type":"EntryPoint","urlTemplate":"https:\/\/www.electroluxprofessional.com\/pl\/?src={search_term_string}"},"query-input":"required name=search_term_string"}],"inLanguage":"pl-PL"}]}},"_links":{"self":[{"href":"https:\/\/www.electroluxprofessional.com\/pl\/wp-json\/wp\/v2\/pages\/2107"}],"collection":[{"href":"https:\/\/www.electroluxprofessional.com\/pl\/wp-json\/wp\/v2\/pages"}],"about":[{"href":"https:\/\/www.electroluxprofessional.com\/pl\/wp-json\/wp\/v2\/types\/page"}],"author":[{"embeddable":true,"href":"https:\/\/www.electroluxprofessional.com\/pl\/wp-json\/wp\/v2\/users\/3"}],"replies":[{"embeddable":true,"href":"https:\/\/www.electroluxprofessional.com\/pl\/wp-json\/wp\/v2\/comments?post=2107"}],"version-history":[{"count":10,"href":"https:\/\/www.electroluxprofessional.com\/pl\/wp-json\/wp\/v2\/pages\/2107\/revisions"}],"predecessor-version":[{"id":12439,"href":"https:\/\/www.electroluxprofessional.com\/pl\/wp-json\/wp\/v2\/pages\/2107\/revisions\/12439"}],"wp:attachment":[{"href":"https:\/\/www.electroluxprofessional.com\/pl\/wp-json\/wp\/v2\/media?parent=2107"}],"curies":[{"name":"wp","href":"https:\/\/api.w.org\/{rel}","templated":true}]}}