{"id":1732,"date":"2017-02-15T16:28:47","date_gmt":"2017-02-15T16:28:47","guid":{"rendered":"https:\/\/www.electroluxprofessional.com\/?page_id=9548"},"modified":"2025-09-12T20:34:21","modified_gmt":"2025-09-12T20:34:21","slug":"partners-area","status":"publish","type":"page","link":"https:\/\/www.electroluxprofessional.com\/pl\/partners-area\/","title":{"rendered":"Partners Area"},"content":{"rendered":"<p>[vc_row full_width=&#8221;electroluxpro-full-width-no-padding&#8221;][vc_column][elx_hero_title label=&#8221;&#8221; background_image=&#8221;637&#8243;][elx_heading font_container=&#8221;h1&#8243; font_size=&#8221;h3&#8243; text_color=&#8221;white&#8221; text_align=&#8221;text-center&#8221;]Strefa Partnera[\/elx_heading][\/elx_hero_title][\/vc_column][\/vc_row][vc_row][vc_column][vc_empty_space][\/vc_column][\/vc_row][vc_row][vc_column width=&#8221;1\/2&#8243;][vc_empty_space height=&#8221;22px&#8221;][vc_single_image image=&#8221;1437&#8243; img_size=&#8221;full&#8221; onclick=&#8221;custom_link&#8221; link=&#8221;https:\/\/toolbox.epr-apps.com\/&#8221;][\/vc_column][vc_column width=&#8221;1\/2&#8243;][elx_heading font_size=&#8221;h3&#8243; text_color=&#8221;inherit&#8221;]Obszar zarezerwowany dla naszych Partner\u00f3w[\/elx_heading][vc_column_text css=&#8221;.vc_custom_1757709202589{margin-bottom: 10px !important;border-bottom-width: 10px !important;padding-bottom: 10px !important;}&#8221;]ToolBox to prywatna strefa, w kt\u00f3rej nasi Partnerzy mog\u0105 znale\u017a\u0107 narz\u0119dzia do dzia\u0142a\u0144 biznesowych zwi\u0105zanych z <b>sprzeda\u017c\u0105 wst\u0119pn\u0105<\/b>, <b>sprzeda\u017c\u0105<\/b> i <b>obs\u0142ug\u0105 posprzeda\u017cow\u0105<\/b>. Nie masz jeszcze konta? Nie martw si\u0119, wystarczy wype\u0142ni\u0107 formularz rejestracyjny. My zajmiemy si\u0119 reszt\u0105![\/vc_column_text][elx_button button_text=&#8221;Formularz logowania i rejestracji w Toolbox&#8221; button_style=&#8221;icon&#8221; css=&#8221;.vc_custom_1757709227945{margin-top: 0px !important;border-top-width: 0px !important;padding-top: 0px !important;}&#8221; button_link=&#8221;url:https%3A%2F%2Ftoolbox.epr-apps.com%2F|title:Toolbox|target:%20_blank|&#8221;][\/vc_column][\/vc_row][vc_row][vc_column][vc_empty_space][\/vc_column][\/vc_row][vc_row custom_color_row=&#8221;bg-row-light-blue&#8221; css=&#8221;.vc_custom_1739522643720{background-color: #e9eff5 !important;}&#8221;][vc_column][vc_empty_space][elx_heading font_size=&#8221;h4&#8243; text_color=&#8221;electrolux-blue&#8221; text_align=&#8221;text-left&#8221;]Zosta\u0144 Certyfikowanym Partnerem Serwisowym![\/elx_heading][vc_empty_space height=&#8221;10px&#8221;][vc_column_text]<span class=\"TextRun SCXW81374636 BCX0\" data-contrast=\"none\"><span class=\"NormalTextRun SCXW81374636 BCX0\" data-ccp-parastyle=\"Normal (Web)\">Do\u0142\u0105cz do naszej sieci certyfikowanych serwis\u00f3w! Rozwijaj sw\u00f3j biznes, zostaj\u0105c autoryzowanym partnerem serwisowym.<\/span><\/span><span class=\"LineBreakBlob BlobObject DragDrop SCXW81374636 BCX0\"><span class=\"SCXW81374636 BCX0\">\u00a0<\/span><br class=\"SCXW81374636 BCX0\" \/><\/span><span class=\"TextRun SCXW81374636 BCX0\" data-contrast=\"none\"><span class=\"NormalTextRun SCXW81374636 BCX0\" data-ccp-parastyle=\"Normal (Web)\">Zyskaj dost\u0119p do ekskluzywnych szkole\u0144, wsparcia i mo\u017cliwo\u015bci rozwoju.<\/span><\/span>[\/vc_column_text][vc_empty_space height=&#8221;25px&#8221;][elx_o2000_contact_us request_type=&#8221;Customer support&#8221; button_mode=&#8221;true&#8221; button_style=&#8221;secondary&#8221; postion_button=&#8221;text-left&#8221; postion_button_mobile=&#8221;text-left-mobile&#8221; text_btn_contact=&#8221;Do\u0142\u0105cz teraz!&#8221; r=&#8221;Chcia\u0142bym zosta\u0107 skontaktowany, aby zosta\u0107 waszym partnerem serwisowym. Dzi\u0119kuj\u0119.&#8221;][vc_empty_space height=&#8221;40px&#8221;][\/vc_column][\/vc_row]<\/p>\n","protected":false},"excerpt":{"rendered":"<p>[vc_row full_width=&#8221;electroluxpro-full-width-no-padding&#8221;][vc_column][elx_hero_title label=&#8221;&#8221; background_image=&#8221;637&#8243;][elx_heading font_container=&#8221;h1&#8243; font_size=&#8221;h3&#8243; text_color=&#8221;white&#8221; text_align=&#8221;text-center&#8221;]Strefa Partnera[\/elx_heading][\/elx_hero_title][\/vc_column][\/vc_row][vc_row][vc_column][vc_empty_space][\/vc_column][\/vc_row][vc_row][vc_column width=&#8221;1\/2&#8243;][vc_empty_space height=&#8221;22px&#8221;][vc_single_image image=&#8221;1437&#8243; img_size=&#8221;full&#8221; onclick=&#8221;custom_link&#8221; link=&#8221;https:\/\/toolbox.epr-apps.com\/&#8221;][\/vc_column][vc_column width=&#8221;1\/2&#8243;][elx_heading font_size=&#8221;h3&#8243; text_color=&#8221;inherit&#8221;]Obszar zarezerwowany dla naszych Partner\u00f3w[\/elx_heading][vc_column_text css=&#8221;.vc_custom_1757709202589{margin-bottom: 10px !important;border-bottom-width: 10px !important;padding-bottom: 10px !important;}&#8221;]ToolBox to prywatna strefa, w kt\u00f3rej nasi Partnerzy mog\u0105 znale\u017a\u0107 narz\u0119dzia do dzia\u0142a\u0144 biznesowych zwi\u0105zanych z sprzeda\u017c\u0105 wst\u0119pn\u0105, sprzeda\u017c\u0105 i obs\u0142ug\u0105 posprzeda\u017cow\u0105. Nie masz jeszcze konta? Nie [&hellip;]<\/p>\n","protected":false},"author":3,"featured_media":0,"parent":0,"menu_order":0,"comment_status":"closed","ping_status":"closed","template":"","meta":{"footnotes":""},"class_list":["post-1732","page","type-page","status-publish","hentry"],"acf":[],"yoast_head":"<!-- This site is optimized with the Yoast SEO plugin v23.3 - https:\/\/yoast.com\/wordpress\/plugins\/seo\/ -->\n<title>Partners Area - Electrolux Professional Polska<\/title>\n<meta name=\"description\" content=\"Strefa zastrze\u017cona dla naszych Partner\u00f3w. ToolBox to obszar prywatny, w kt\u00f3rym nasi Partnerzy mog\u0105 znale\u017a\u0107 narz\u0119dzia do prowadzenia dzia\u0142alno\u015bci przedsprzeda\u017cnej, sprzeda\u017cowej i posprzeda\u017cowej.\" \/>\n<meta name=\"robots\" content=\"index, follow, max-snippet:-1, max-image-preview:large, max-video-preview:-1\" \/>\n<link rel=\"canonical\" href=\"https:\/\/www.electroluxprofessional.com\/pl\/partners-area\/\" \/>\n<meta property=\"og:locale\" content=\"pl_PL\" \/>\n<meta property=\"og:type\" content=\"article\" \/>\n<meta property=\"og:title\" content=\"Partners Area - Electrolux Professional Polska\" \/>\n<meta property=\"og:description\" content=\"Strefa zastrze\u017cona dla naszych Partner\u00f3w. ToolBox to obszar prywatny, w kt\u00f3rym nasi Partnerzy mog\u0105 znale\u017a\u0107 narz\u0119dzia do prowadzenia dzia\u0142alno\u015bci przedsprzeda\u017cnej, sprzeda\u017cowej i posprzeda\u017cowej.\" \/>\n<meta property=\"og:url\" content=\"https:\/\/www.electroluxprofessional.com\/pl\/partners-area\/\" \/>\n<meta property=\"og:site_name\" content=\"Electrolux Professional Polska\" \/>\n<meta property=\"article:modified_time\" content=\"2025-09-12T20:34:21+00:00\" \/>\n<meta name=\"twitter:card\" content=\"summary_large_image\" \/>\n<meta name=\"twitter:label1\" content=\"Szacowany czas czytania\" \/>\n\t<meta name=\"twitter:data1\" content=\"2 minuty\" \/>\n<script type=\"application\/ld+json\" class=\"yoast-schema-graph\">{\"@context\":\"https:\/\/schema.org\",\"@graph\":[{\"@type\":\"WebPage\",\"@id\":\"https:\/\/www.electroluxprofessional.com\/pl\/partners-area\/\",\"url\":\"https:\/\/www.electroluxprofessional.com\/pl\/partners-area\/\",\"name\":\"Partners Area - Electrolux Professional Polska\",\"isPartOf\":{\"@id\":\"https:\/\/www.electroluxprofessional.com\/pl\/#website\"},\"datePublished\":\"2017-02-15T16:28:47+00:00\",\"dateModified\":\"2025-09-12T20:34:21+00:00\",\"description\":\"Strefa zastrze\u017cona dla naszych Partner\u00f3w. ToolBox to obszar prywatny, w kt\u00f3rym nasi Partnerzy mog\u0105 znale\u017a\u0107 narz\u0119dzia do prowadzenia dzia\u0142alno\u015bci przedsprzeda\u017cnej, sprzeda\u017cowej i posprzeda\u017cowej.\",\"breadcrumb\":{\"@id\":\"https:\/\/www.electroluxprofessional.com\/pl\/partners-area\/#breadcrumb\"},\"inLanguage\":\"pl-PL\",\"potentialAction\":[{\"@type\":\"ReadAction\",\"target\":[\"https:\/\/www.electroluxprofessional.com\/pl\/partners-area\/\"]}]},{\"@type\":\"BreadcrumbList\",\"@id\":\"https:\/\/www.electroluxprofessional.com\/pl\/partners-area\/#breadcrumb\",\"itemListElement\":[{\"@type\":\"ListItem\",\"position\":1,\"name\":\"Strona g\u0142\u00f3wna\",\"item\":\"https:\/\/www.electroluxprofessional.com\/pl\/\"},{\"@type\":\"ListItem\",\"position\":2,\"name\":\"Partners Area\"}]},{\"@type\":\"WebSite\",\"@id\":\"https:\/\/www.electroluxprofessional.com\/pl\/#website\",\"url\":\"https:\/\/www.electroluxprofessional.com\/pl\/\",\"name\":\"Electrolux Professional Polska\",\"description\":\"\",\"potentialAction\":[{\"@type\":\"SearchAction\",\"target\":{\"@type\":\"EntryPoint\",\"urlTemplate\":\"https:\/\/www.electroluxprofessional.com\/pl\/?src={search_term_string}\"},\"query-input\":\"required name=search_term_string\"}],\"inLanguage\":\"pl-PL\"}]}<\/script>\n<!-- \/ Yoast SEO plugin. -->","yoast_head_json":{"title":"Partners Area - Electrolux Professional Polska","description":"Strefa zastrze\u017cona dla naszych Partner\u00f3w. ToolBox to obszar prywatny, w kt\u00f3rym nasi Partnerzy mog\u0105 znale\u017a\u0107 narz\u0119dzia do prowadzenia dzia\u0142alno\u015bci przedsprzeda\u017cnej, sprzeda\u017cowej i posprzeda\u017cowej.","robots":{"index":"index","follow":"follow","max-snippet":"max-snippet:-1","max-image-preview":"max-image-preview:large","max-video-preview":"max-video-preview:-1"},"canonical":"https:\/\/www.electroluxprofessional.com\/pl\/partners-area\/","og_locale":"pl_PL","og_type":"article","og_title":"Partners Area - Electrolux Professional Polska","og_description":"Strefa zastrze\u017cona dla naszych Partner\u00f3w. ToolBox to obszar prywatny, w kt\u00f3rym nasi Partnerzy mog\u0105 znale\u017a\u0107 narz\u0119dzia do prowadzenia dzia\u0142alno\u015bci przedsprzeda\u017cnej, sprzeda\u017cowej i posprzeda\u017cowej.","og_url":"https:\/\/www.electroluxprofessional.com\/pl\/partners-area\/","og_site_name":"Electrolux Professional Polska","article_modified_time":"2025-09-12T20:34:21+00:00","twitter_card":"summary_large_image","twitter_misc":{"Szacowany czas czytania":"2 minuty"},"schema":{"@context":"https:\/\/schema.org","@graph":[{"@type":"WebPage","@id":"https:\/\/www.electroluxprofessional.com\/pl\/partners-area\/","url":"https:\/\/www.electroluxprofessional.com\/pl\/partners-area\/","name":"Partners Area - Electrolux Professional Polska","isPartOf":{"@id":"https:\/\/www.electroluxprofessional.com\/pl\/#website"},"datePublished":"2017-02-15T16:28:47+00:00","dateModified":"2025-09-12T20:34:21+00:00","description":"Strefa zastrze\u017cona dla naszych Partner\u00f3w. ToolBox to obszar prywatny, w kt\u00f3rym nasi Partnerzy mog\u0105 znale\u017a\u0107 narz\u0119dzia do prowadzenia dzia\u0142alno\u015bci przedsprzeda\u017cnej, sprzeda\u017cowej i posprzeda\u017cowej.","breadcrumb":{"@id":"https:\/\/www.electroluxprofessional.com\/pl\/partners-area\/#breadcrumb"},"inLanguage":"pl-PL","potentialAction":[{"@type":"ReadAction","target":["https:\/\/www.electroluxprofessional.com\/pl\/partners-area\/"]}]},{"@type":"BreadcrumbList","@id":"https:\/\/www.electroluxprofessional.com\/pl\/partners-area\/#breadcrumb","itemListElement":[{"@type":"ListItem","position":1,"name":"Strona g\u0142\u00f3wna","item":"https:\/\/www.electroluxprofessional.com\/pl\/"},{"@type":"ListItem","position":2,"name":"Partners Area"}]},{"@type":"WebSite","@id":"https:\/\/www.electroluxprofessional.com\/pl\/#website","url":"https:\/\/www.electroluxprofessional.com\/pl\/","name":"Electrolux Professional Polska","description":"","potentialAction":[{"@type":"SearchAction","target":{"@type":"EntryPoint","urlTemplate":"https:\/\/www.electroluxprofessional.com\/pl\/?src={search_term_string}"},"query-input":"required name=search_term_string"}],"inLanguage":"pl-PL"}]}},"_links":{"self":[{"href":"https:\/\/www.electroluxprofessional.com\/pl\/wp-json\/wp\/v2\/pages\/1732"}],"collection":[{"href":"https:\/\/www.electroluxprofessional.com\/pl\/wp-json\/wp\/v2\/pages"}],"about":[{"href":"https:\/\/www.electroluxprofessional.com\/pl\/wp-json\/wp\/v2\/types\/page"}],"author":[{"embeddable":true,"href":"https:\/\/www.electroluxprofessional.com\/pl\/wp-json\/wp\/v2\/users\/3"}],"replies":[{"embeddable":true,"href":"https:\/\/www.electroluxprofessional.com\/pl\/wp-json\/wp\/v2\/comments?post=1732"}],"version-history":[{"count":6,"href":"https:\/\/www.electroluxprofessional.com\/pl\/wp-json\/wp\/v2\/pages\/1732\/revisions"}],"predecessor-version":[{"id":11280,"href":"https:\/\/www.electroluxprofessional.com\/pl\/wp-json\/wp\/v2\/pages\/1732\/revisions\/11280"}],"wp:attachment":[{"href":"https:\/\/www.electroluxprofessional.com\/pl\/wp-json\/wp\/v2\/media?parent=1732"}],"curies":[{"name":"wp","href":"https:\/\/api.w.org\/{rel}","templated":true}]}}