{"id":1715,"date":"2016-08-25T08:47:14","date_gmt":"2016-08-25T08:47:14","guid":{"rendered":"https:\/\/www.electroluxprofessional.com\/?page_id=2876"},"modified":"2020-09-04T10:48:28","modified_gmt":"2020-09-04T10:48:28","slug":"akcesoria-materialy-eksploatacyjne","status":"publish","type":"page","link":"https:\/\/www.electroluxprofessional.com\/pl\/akcesoria-materialy-eksploatacyjne\/","title":{"rendered":"Akcesoria i materia\u0142y eksploatacyjne"},"content":{"rendered":"<p>[vc_row full_width=&#8221;electroluxpro-full-width-no-padding&#8221;][vc_column][elx_hero_title label=&#8221;&#8221; background_image=&#8221;335&#8243;][elx_heading font_container=&#8221;h1&#8243; text_color=&#8221;white&#8221;]Akcesoria i materia\u0142y eksploatacyjne[\/elx_heading][\/elx_hero_title][\/vc_column][\/vc_row][vc_row][vc_column width=&#8221;1\/3&#8243;][elx_maylike_box id_box=&#8221;1707&#8243;][\/vc_column][vc_column width=&#8221;1\/3&#8243;][elx_maylike_box id_box=&#8221;1246&#8243;][\/vc_column][vc_column width=&#8221;1\/3&#8243;][elx_maylike_box id_box=&#8221;1709&#8243;][\/vc_column][\/vc_row][vc_row][vc_column width=&#8221;1\/3&#8243;][elx_maylike_box id_box=&#8221;1710&#8243;][\/vc_column][vc_column width=&#8221;1\/3&#8243;][elx_maylike_box id_box=&#8221;1712&#8243;][\/vc_column][vc_column width=&#8221;1\/3&#8243;][elx_maylike_box id_box=&#8221;1714&#8243;][\/vc_column][\/vc_row][vc_row][vc_column][vc_empty_space height=&#8221;50px&#8221;][\/vc_column][\/vc_row][vc_row][vc_column width=&#8221;1\/3&#8243;][elx_download_block text=&#8221;Akcesoria i materia\u0142y eksploatacyjne &#8211; pralnictwo&#8221; link=&#8221;files.professional.electrolux.com\/docs\/?n=A0026&amp;b=5&amp;l=1&#8243; background_color=&#8221;orange&#8221; reveal_effect=&#8221;&#8221; reveal_duration=&#8221;&#8221; reveal_delay=&#8221;&#8221;][\/vc_column][vc_column width=&#8221;1\/3&#8243;][elx_download_block text=&#8221;Akcesoria i materia\u0142y eksploatacyjne \u2013 kuchnia modu\u0142owa&#8221; link=&#8221;files.professional.electrolux.com\/docs\/?n=BR-9JE00045&amp;b=5&amp;l=1&#8243; background_color=&#8221;orange&#8221; reveal_effect=&#8221;&#8221; reveal_duration=&#8221;&#8221; reveal_delay=&#8221;&#8221;][\/vc_column][vc_column width=&#8221;1\/3&#8243;][elx_download_block text=&#8221;Akcesoria i materia\u0142y eksploatacyjne \u2013 gotowanie i sch\u0142adzanie&#8221; link=&#8221;files.professional.electrolux.com\/docs\/?n=BR-9JE00044&amp;b=5&amp;l=1&#8243; background_color=&#8221;orange&#8221; reveal_effect=&#8221;&#8221; reveal_duration=&#8221;&#8221; reveal_delay=&#8221;&#8221;][\/vc_column][\/vc_row][vc_row][vc_column width=&#8221;1\/3&#8243;][elx_download_block text=&#8221;Akcesoria i materia\u0142y eksploatacyjne &#8211; ch\u0142odnictwo&#8221; link=&#8221;files.professional.electrolux.com\/docs\/?n=BR-9JE00043&amp;b=5&amp;l=1&#8243; background_color=&#8221;orange&#8221; reveal_effect=&#8221;&#8221; reveal_duration=&#8221;&#8221; reveal_delay=&#8221;&#8221;][\/vc_column][vc_column width=&#8221;1\/3&#8243;][elx_download_block text=&#8221;Akcesoria i materia\u0142y eksploatacyjne &#8211; zmywanie&#8221; link=&#8221;files.professional.electrolux.com\/docs\/?n=BR-9JE00039&amp;b=5&amp;l=1&#8243; background_color=&#8221;orange&#8221; reveal_effect=&#8221;&#8221; reveal_duration=&#8221;&#8221; reveal_delay=&#8221;&#8221;][\/vc_column][vc_column width=&#8221;1\/3&#8243;][\/vc_column][\/vc_row][vc_row][vc_column][vc_empty_space][elx_heading font_container=&#8221;h3&#8243; text_color=&#8221;inherit&#8221;]Dowiedz si\u0119 wi\u0119cej o akcesoriach i materia\u0142ach eksploatacyjnych.[\/elx_heading][elx_o2000_contact_us r=&#8221;Chcia\u0142bym dowiedzie\u0107 si\u0119 wi\u0119cej o akcesoriach i materia\u0142ach eksploatacyjnych. Prosz\u0119 si\u0119 ze mn\u0105 skontaktowa\u0107.&#8221; s=&#8221;Request of information about accessories and consumables.&#8221; country=&#8221;Poland&#8221; l=&#8221;pl&#8221; container=&#8221;elxcontactus1484303211&#8243;][\/vc_column][\/vc_row]<\/p>\n","protected":false},"excerpt":{"rendered":"<p>[vc_row full_width=&#8221;electroluxpro-full-width-no-padding&#8221;][vc_column][elx_hero_title label=&#8221;&#8221; background_image=&#8221;335&#8243;][elx_heading font_container=&#8221;h1&#8243; text_color=&#8221;white&#8221;]Akcesoria i materia\u0142y eksploatacyjne[\/elx_heading][\/elx_hero_title][\/vc_column][\/vc_row][vc_row][vc_column width=&#8221;1\/3&#8243;][elx_maylike_box id_box=&#8221;1707&#8243;][\/vc_column][vc_column width=&#8221;1\/3&#8243;][elx_maylike_box id_box=&#8221;1246&#8243;][\/vc_column][vc_column width=&#8221;1\/3&#8243;][elx_maylike_box id_box=&#8221;1709&#8243;][\/vc_column][\/vc_row][vc_row][vc_column width=&#8221;1\/3&#8243;][elx_maylike_box id_box=&#8221;1710&#8243;][\/vc_column][vc_column width=&#8221;1\/3&#8243;][elx_maylike_box id_box=&#8221;1712&#8243;][\/vc_column][vc_column width=&#8221;1\/3&#8243;][elx_maylike_box id_box=&#8221;1714&#8243;][\/vc_column][\/vc_row][vc_row][vc_column][vc_empty_space height=&#8221;50px&#8221;][\/vc_column][\/vc_row][vc_row][vc_column width=&#8221;1\/3&#8243;][elx_download_block text=&#8221;Akcesoria i materia\u0142y eksploatacyjne &#8211; pralnictwo&#8221; link=&#8221;files.professional.electrolux.com\/docs\/?n=A0026&amp;b=5&amp;l=1&#8243; background_color=&#8221;orange&#8221; reveal_effect=&#8221;&#8221; reveal_duration=&#8221;&#8221; reveal_delay=&#8221;&#8221;][\/vc_column][vc_column width=&#8221;1\/3&#8243;][elx_download_block text=&#8221;Akcesoria i materia\u0142y eksploatacyjne \u2013 kuchnia modu\u0142owa&#8221; link=&#8221;files.professional.electrolux.com\/docs\/?n=BR-9JE00045&amp;b=5&amp;l=1&#8243; background_color=&#8221;orange&#8221; reveal_effect=&#8221;&#8221; reveal_duration=&#8221;&#8221; reveal_delay=&#8221;&#8221;][\/vc_column][vc_column width=&#8221;1\/3&#8243;][elx_download_block text=&#8221;Akcesoria i materia\u0142y eksploatacyjne \u2013 gotowanie i [&hellip;]<\/p>\n","protected":false},"author":3,"featured_media":335,"parent":0,"menu_order":0,"comment_status":"closed","ping_status":"closed","template":"","meta":{"footnotes":""},"class_list":["post-1715","page","type-page","status-publish","has-post-thumbnail","hentry"],"acf":[],"yoast_head":"<!-- This site is optimized with the Yoast SEO plugin v23.3 - https:\/\/yoast.com\/wordpress\/plugins\/seo\/ -->\n<title>Akcesoria i materia\u0142y eksploatacyjne - Electrolux Professional Polska<\/title>\n<meta name=\"description\" content=\"Oryginalne akcesoria i materia\u0142y eksploatacyjne gwarantuj\u0105 najlepsz\u0105 wydajno\u015b\u0107, minimalizuj\u0105c przestoje maszyny i zwi\u0119kszaj\u0105c najwy\u017csz\u0105 rentowno\u015b\u0107.\" \/>\n<meta name=\"robots\" content=\"index, follow, max-snippet:-1, max-image-preview:large, max-video-preview:-1\" \/>\n<link rel=\"canonical\" href=\"https:\/\/www.electroluxprofessional.com\/pl\/akcesoria-materialy-eksploatacyjne\/\" \/>\n<meta property=\"og:locale\" content=\"pl_PL\" \/>\n<meta property=\"og:type\" content=\"article\" \/>\n<meta property=\"og:title\" content=\"Akcesoria i materia\u0142y eksploatacyjne - Electrolux Professional Polska\" \/>\n<meta property=\"og:description\" content=\"Oryginalne akcesoria i materia\u0142y eksploatacyjne gwarantuj\u0105 najlepsz\u0105 wydajno\u015b\u0107, minimalizuj\u0105c przestoje maszyny i zwi\u0119kszaj\u0105c najwy\u017csz\u0105 rentowno\u015b\u0107.\" \/>\n<meta property=\"og:url\" content=\"https:\/\/www.electroluxprofessional.com\/pl\/akcesoria-materialy-eksploatacyjne\/\" \/>\n<meta property=\"og:site_name\" content=\"Electrolux Professional Polska\" \/>\n<meta property=\"article:modified_time\" content=\"2020-09-04T10:48:28+00:00\" \/>\n<meta property=\"og:image\" content=\"https:\/\/www.electroluxprofessional.com\/pl\/wp-content\/uploads\/2016\/11\/IMG_9959-as-Smart-Object-1.jpg\" \/>\n\t<meta property=\"og:image:width\" content=\"3244\" \/>\n\t<meta property=\"og:image:height\" content=\"4325\" \/>\n\t<meta property=\"og:image:type\" content=\"image\/jpeg\" \/>\n<meta name=\"twitter:card\" content=\"summary_large_image\" \/>\n<meta name=\"twitter:label1\" content=\"Szacowany czas czytania\" \/>\n\t<meta name=\"twitter:data1\" content=\"2 minuty\" \/>\n<script type=\"application\/ld+json\" class=\"yoast-schema-graph\">{\"@context\":\"https:\/\/schema.org\",\"@graph\":[{\"@type\":\"WebPage\",\"@id\":\"https:\/\/www.electroluxprofessional.com\/pl\/akcesoria-materialy-eksploatacyjne\/\",\"url\":\"https:\/\/www.electroluxprofessional.com\/pl\/akcesoria-materialy-eksploatacyjne\/\",\"name\":\"Akcesoria i materia\u0142y eksploatacyjne - Electrolux Professional Polska\",\"isPartOf\":{\"@id\":\"https:\/\/www.electroluxprofessional.com\/pl\/#website\"},\"primaryImageOfPage\":{\"@id\":\"https:\/\/www.electroluxprofessional.com\/pl\/akcesoria-materialy-eksploatacyjne\/#primaryimage\"},\"image\":{\"@id\":\"https:\/\/www.electroluxprofessional.com\/pl\/akcesoria-materialy-eksploatacyjne\/#primaryimage\"},\"thumbnailUrl\":\"https:\/\/www.electroluxprofessional.com\/pl\/wp-content\/uploads\/2016\/11\/IMG_9959-as-Smart-Object-1.jpg\",\"datePublished\":\"2016-08-25T08:47:14+00:00\",\"dateModified\":\"2020-09-04T10:48:28+00:00\",\"description\":\"Oryginalne akcesoria i materia\u0142y eksploatacyjne gwarantuj\u0105 najlepsz\u0105 wydajno\u015b\u0107, minimalizuj\u0105c przestoje maszyny i zwi\u0119kszaj\u0105c najwy\u017csz\u0105 rentowno\u015b\u0107.\",\"breadcrumb\":{\"@id\":\"https:\/\/www.electroluxprofessional.com\/pl\/akcesoria-materialy-eksploatacyjne\/#breadcrumb\"},\"inLanguage\":\"pl-PL\",\"potentialAction\":[{\"@type\":\"ReadAction\",\"target\":[\"https:\/\/www.electroluxprofessional.com\/pl\/akcesoria-materialy-eksploatacyjne\/\"]}]},{\"@type\":\"ImageObject\",\"inLanguage\":\"pl-PL\",\"@id\":\"https:\/\/www.electroluxprofessional.com\/pl\/akcesoria-materialy-eksploatacyjne\/#primaryimage\",\"url\":\"https:\/\/www.electroluxprofessional.com\/pl\/wp-content\/uploads\/2016\/11\/IMG_9959-as-Smart-Object-1.jpg\",\"contentUrl\":\"https:\/\/www.electroluxprofessional.com\/pl\/wp-content\/uploads\/2016\/11\/IMG_9959-as-Smart-Object-1.jpg\",\"width\":3244,\"height\":4325,\"caption\":\"Eataly - Expo 2015\"},{\"@type\":\"BreadcrumbList\",\"@id\":\"https:\/\/www.electroluxprofessional.com\/pl\/akcesoria-materialy-eksploatacyjne\/#breadcrumb\",\"itemListElement\":[{\"@type\":\"ListItem\",\"position\":1,\"name\":\"Strona g\u0142\u00f3wna\",\"item\":\"https:\/\/www.electroluxprofessional.com\/pl\/\"},{\"@type\":\"ListItem\",\"position\":2,\"name\":\"Akcesoria i materia\u0142y eksploatacyjne\"}]},{\"@type\":\"WebSite\",\"@id\":\"https:\/\/www.electroluxprofessional.com\/pl\/#website\",\"url\":\"https:\/\/www.electroluxprofessional.com\/pl\/\",\"name\":\"Electrolux Professional Polska\",\"description\":\"\",\"potentialAction\":[{\"@type\":\"SearchAction\",\"target\":{\"@type\":\"EntryPoint\",\"urlTemplate\":\"https:\/\/www.electroluxprofessional.com\/pl\/?src={search_term_string}\"},\"query-input\":\"required name=search_term_string\"}],\"inLanguage\":\"pl-PL\"}]}<\/script>\n<!-- \/ Yoast SEO plugin. -->","yoast_head_json":{"title":"Akcesoria i materia\u0142y eksploatacyjne - Electrolux Professional Polska","description":"Oryginalne akcesoria i materia\u0142y eksploatacyjne gwarantuj\u0105 najlepsz\u0105 wydajno\u015b\u0107, minimalizuj\u0105c przestoje maszyny i zwi\u0119kszaj\u0105c najwy\u017csz\u0105 rentowno\u015b\u0107.","robots":{"index":"index","follow":"follow","max-snippet":"max-snippet:-1","max-image-preview":"max-image-preview:large","max-video-preview":"max-video-preview:-1"},"canonical":"https:\/\/www.electroluxprofessional.com\/pl\/akcesoria-materialy-eksploatacyjne\/","og_locale":"pl_PL","og_type":"article","og_title":"Akcesoria i materia\u0142y eksploatacyjne - Electrolux Professional Polska","og_description":"Oryginalne akcesoria i materia\u0142y eksploatacyjne gwarantuj\u0105 najlepsz\u0105 wydajno\u015b\u0107, minimalizuj\u0105c przestoje maszyny i zwi\u0119kszaj\u0105c najwy\u017csz\u0105 rentowno\u015b\u0107.","og_url":"https:\/\/www.electroluxprofessional.com\/pl\/akcesoria-materialy-eksploatacyjne\/","og_site_name":"Electrolux Professional Polska","article_modified_time":"2020-09-04T10:48:28+00:00","og_image":[{"width":3244,"height":4325,"url":"https:\/\/www.electroluxprofessional.com\/pl\/wp-content\/uploads\/2016\/11\/IMG_9959-as-Smart-Object-1.jpg","type":"image\/jpeg"}],"twitter_card":"summary_large_image","twitter_misc":{"Szacowany czas czytania":"2 minuty"},"schema":{"@context":"https:\/\/schema.org","@graph":[{"@type":"WebPage","@id":"https:\/\/www.electroluxprofessional.com\/pl\/akcesoria-materialy-eksploatacyjne\/","url":"https:\/\/www.electroluxprofessional.com\/pl\/akcesoria-materialy-eksploatacyjne\/","name":"Akcesoria i materia\u0142y eksploatacyjne - Electrolux Professional Polska","isPartOf":{"@id":"https:\/\/www.electroluxprofessional.com\/pl\/#website"},"primaryImageOfPage":{"@id":"https:\/\/www.electroluxprofessional.com\/pl\/akcesoria-materialy-eksploatacyjne\/#primaryimage"},"image":{"@id":"https:\/\/www.electroluxprofessional.com\/pl\/akcesoria-materialy-eksploatacyjne\/#primaryimage"},"thumbnailUrl":"https:\/\/www.electroluxprofessional.com\/pl\/wp-content\/uploads\/2016\/11\/IMG_9959-as-Smart-Object-1.jpg","datePublished":"2016-08-25T08:47:14+00:00","dateModified":"2020-09-04T10:48:28+00:00","description":"Oryginalne akcesoria i materia\u0142y eksploatacyjne gwarantuj\u0105 najlepsz\u0105 wydajno\u015b\u0107, minimalizuj\u0105c przestoje maszyny i zwi\u0119kszaj\u0105c najwy\u017csz\u0105 rentowno\u015b\u0107.","breadcrumb":{"@id":"https:\/\/www.electroluxprofessional.com\/pl\/akcesoria-materialy-eksploatacyjne\/#breadcrumb"},"inLanguage":"pl-PL","potentialAction":[{"@type":"ReadAction","target":["https:\/\/www.electroluxprofessional.com\/pl\/akcesoria-materialy-eksploatacyjne\/"]}]},{"@type":"ImageObject","inLanguage":"pl-PL","@id":"https:\/\/www.electroluxprofessional.com\/pl\/akcesoria-materialy-eksploatacyjne\/#primaryimage","url":"https:\/\/www.electroluxprofessional.com\/pl\/wp-content\/uploads\/2016\/11\/IMG_9959-as-Smart-Object-1.jpg","contentUrl":"https:\/\/www.electroluxprofessional.com\/pl\/wp-content\/uploads\/2016\/11\/IMG_9959-as-Smart-Object-1.jpg","width":3244,"height":4325,"caption":"Eataly - Expo 2015"},{"@type":"BreadcrumbList","@id":"https:\/\/www.electroluxprofessional.com\/pl\/akcesoria-materialy-eksploatacyjne\/#breadcrumb","itemListElement":[{"@type":"ListItem","position":1,"name":"Strona g\u0142\u00f3wna","item":"https:\/\/www.electroluxprofessional.com\/pl\/"},{"@type":"ListItem","position":2,"name":"Akcesoria i materia\u0142y eksploatacyjne"}]},{"@type":"WebSite","@id":"https:\/\/www.electroluxprofessional.com\/pl\/#website","url":"https:\/\/www.electroluxprofessional.com\/pl\/","name":"Electrolux Professional Polska","description":"","potentialAction":[{"@type":"SearchAction","target":{"@type":"EntryPoint","urlTemplate":"https:\/\/www.electroluxprofessional.com\/pl\/?src={search_term_string}"},"query-input":"required name=search_term_string"}],"inLanguage":"pl-PL"}]}},"_links":{"self":[{"href":"https:\/\/www.electroluxprofessional.com\/pl\/wp-json\/wp\/v2\/pages\/1715"}],"collection":[{"href":"https:\/\/www.electroluxprofessional.com\/pl\/wp-json\/wp\/v2\/pages"}],"about":[{"href":"https:\/\/www.electroluxprofessional.com\/pl\/wp-json\/wp\/v2\/types\/page"}],"author":[{"embeddable":true,"href":"https:\/\/www.electroluxprofessional.com\/pl\/wp-json\/wp\/v2\/users\/3"}],"replies":[{"embeddable":true,"href":"https:\/\/www.electroluxprofessional.com\/pl\/wp-json\/wp\/v2\/comments?post=1715"}],"version-history":[{"count":5,"href":"https:\/\/www.electroluxprofessional.com\/pl\/wp-json\/wp\/v2\/pages\/1715\/revisions"}],"predecessor-version":[{"id":5819,"href":"https:\/\/www.electroluxprofessional.com\/pl\/wp-json\/wp\/v2\/pages\/1715\/revisions\/5819"}],"wp:featuredmedia":[{"embeddable":true,"href":"https:\/\/www.electroluxprofessional.com\/pl\/wp-json\/wp\/v2\/media\/335"}],"wp:attachment":[{"href":"https:\/\/www.electroluxprofessional.com\/pl\/wp-json\/wp\/v2\/media?parent=1715"}],"curies":[{"name":"wp","href":"https:\/\/api.w.org\/{rel}","templated":true}]}}