{"id":1705,"date":"2017-01-16T09:08:44","date_gmt":"2017-01-16T08:08:44","guid":{"rendered":"https:\/\/www.electroluxprofessional.com\/?page_id=8361"},"modified":"2020-09-04T08:18:20","modified_gmt":"2020-09-04T08:18:20","slug":"urzadzenia-do-zmywania","status":"publish","type":"page","link":"https:\/\/www.electroluxprofessional.com\/pl\/akcesoria-materialy-eksploatacyjne\/urzadzenia-do-zmywania\/","title":{"rendered":"Akcesoria i materia\u0142y eksploatacyjne &#8211; Urz\u0105dzenia do zmywania"},"content":{"rendered":"<p>[vc_row full_width=&#8221;electroluxpro-full-width-no-padding&#8221;][vc_column][elx_hero_title label=&#8221;&#8221; background_image=&#8221;677&#8243;][elx_heading font_container=&#8221;h1&#8243; text_color=&#8221;white&#8221;]Akcesoria i materia\u0142y eksploatacyjne &#8211; Urz\u0105dzenia do zmywania[\/elx_heading][\/elx_hero_title][\/vc_column][\/vc_row][vc_row][vc_column][vc_empty_space height=&#8221;50px&#8221;][elx_heading font_container=&#8221;h3&#8243; text_color=&#8221;inherit&#8221; text_align=&#8221;text-center&#8221;]Wspania\u0142e wyniki i najlepsze osi\u0105gi[\/elx_heading][vc_empty_space height=&#8221;50px&#8221;][\/vc_column][\/vc_row][vc_row full_width=&#8221;electroluxpro-container-no-padding&#8221; equal_height=&#8221;yes&#8221;][vc_column width=&#8221;1\/2&#8243;][elx_image_block background_image=&#8221;1229&#8243; minimum_height=&#8221;450px&#8221;][\/vc_column][vc_column width=&#8221;1\/2&#8243;][elx_simple_block background_color=&#8221;inherit&#8221;][vc_column_text]<\/p>\n<h4>P\u0142ynne detergenty odka\u017caj\u0105ce<\/h4>\n<p>Nasze detergenty ca\u0142kowicie eliminuj\u0105 krople i plamy mog\u0105ce pozostawa\u0107 na szklanych naczyniach, sprawiaj\u0105c, i\u017c wszystko jest idealnie suche i czyste. Dzi\u0119ki specjalnej formule zapobiegaj\u0105 osadzaniu si\u0119 kamienia.[\/vc_column_text][vc_single_image image=&#8221;808&#8243; img_size=&#8221;530&#215;285&#8243; css_animation=&#8221;right-to-left&#8221;][\/elx_simple_block][\/vc_column][\/vc_row][vc_row][vc_column][vc_empty_space][\/vc_column][\/vc_row][vc_row full_width=&#8221;electroluxpro-container-no-padding&#8221; equal_height=&#8221;yes&#8221;][vc_column width=&#8221;1\/2&#8243;][elx_image_block background_image=&#8221;1693&#8243; minimum_height=&#8221;450px&#8221;][\/vc_column][vc_column width=&#8221;1\/2&#8243;][elx_simple_block background_color=&#8221;inherit&#8221;][vc_column_text]<\/p>\n<h4>Kosze do zastosowa\u0144 uniwersalnych<\/h4>\n<p>Wybieraj spo\u015br\u00f3d r\u00f3\u017cnych typ\u00f3w koszy: do p\u0142askich talerzy lub misek; z wk\u0142adk\u0105 do talerzy do pizzy, kubk\u00f3w lub fili\u017canek do kawy; z pojemnikami na sztu\u0107ce; z otwartym bokiem przystosowanych do tac oraz wiele wi\u0119cej.[\/vc_column_text][vc_single_image image=&#8221;1702&#8243; img_size=&#8221;530&#215;285&#8243; css_animation=&#8221;right-to-left&#8221;][\/elx_simple_block][\/vc_column][\/vc_row][vc_row][vc_column][vc_empty_space][\/vc_column][\/vc_row][vc_row full_width=&#8221;electroluxpro-container-no-padding&#8221; equal_height=&#8221;yes&#8221;][vc_column width=&#8221;1\/2&#8243;][elx_image_block background_image=&#8221;1696&#8243; minimum_height=&#8221;450px&#8221;][\/vc_column][vc_column width=&#8221;1\/2&#8243;][elx_simple_block background_color=&#8221;inherit&#8221;][vc_column_text]<\/p>\n<h4>Baterie kuchenne<\/h4>\n<p>Jeden lub dwa otwory mieszcza, sterowanie podczerwieni\u0105 z jednym otworem mieszcza, baterie z natryskiem, systemy myj\u0105ce &#8230; wybierz najlepsze akcesoria do urz\u0105dze\u0144 do mycia naczy\u0144.[\/vc_column_text][vc_single_image image=&#8221;1704&#8243; img_size=&#8221;530&#215;285&#8243; css_animation=&#8221;right-to-left&#8221;][\/elx_simple_block][\/vc_column][\/vc_row][vc_row][vc_column][vc_empty_space][\/vc_column][\/vc_row][vc_row][vc_column width=&#8221;1\/3&#8243;][elx_download_block text=&#8221;Akcesoria i materia\u0142y eksploatacyjne \u2013 zmywanie&#8221; link=&#8221;files.professional.electrolux.com\/docs\/?n=BR-9JE00039&amp;b=5&amp;l=1&#8243; background_color=&#8221;cat-clean&#8221; reveal_effect=&#8221;&#8221; reveal_duration=&#8221;&#8221; reveal_delay=&#8221;&#8221;][\/vc_column][vc_column width=&#8221;1\/3&#8243;][elx_download_block text=&#8221;Urz\u0105dzenia do zmywania&#8221; link=&#8221;https:\/\/www.electroluxprofessional.com\/pl\/gastronomia\/urzadzenia-do-zmywania\/&#8221; link_target=&#8221;self&#8221; background_color=&#8221;cat-clean&#8221; background_image=&#8221;1425&#8243; reveal_effect=&#8221;&#8221; reveal_duration=&#8221;&#8221; reveal_delay=&#8221;&#8221;][\/vc_column][vc_column width=&#8221;1\/3&#8243;][elx_download_block text=&#8221;Zmywarki tunelowe&#8221; link=&#8221;https:\/\/www.electroluxprofessional.com\/pl\/gastronomia\/urzadzenia-do-zmywania\/zmywarki-tunelowe\/&#8221; link_target=&#8221;self&#8221; background_color=&#8221;cat-clean&#8221; background_image=&#8221;1697&#8243; reveal_effect=&#8221;&#8221; reveal_duration=&#8221;&#8221; reveal_delay=&#8221;&#8221;][\/vc_column][\/vc_row][vc_row][vc_column][vc_empty_space height=&#8221;50px&#8221;][\/vc_column][\/vc_row][vc_row][vc_column][elx_heading font_container=&#8221;h3&#8243; text_color=&#8221;inherit&#8221;]Dowiedz si\u0119, jak spersonalizowa\u0107 Twoje urz\u0105dzenia do mycia naczy\u0144[\/elx_heading][elx_o2000_contact_us r=&#8221;Chcia\u0142bym dowiedzie\u0107 si\u0119 wi\u0119cej o akcesoriach i materia\u0142ach eksploatacyjnych do zmywania. Prosz\u0119 si\u0119 ze mn\u0105 skontaktowa\u0107.&#8221; s=&#8221;Request of information about accessories and consumables for dishwashing.&#8221; country=&#8221;Poland&#8221; l=&#8221;pl&#8221; container=&#8221;elxcontactus1484553998&#8243;][\/vc_column][\/vc_row]<\/p>\n","protected":false},"excerpt":{"rendered":"<p>[vc_row full_width=&#8221;electroluxpro-full-width-no-padding&#8221;][vc_column][elx_hero_title label=&#8221;&#8221; background_image=&#8221;677&#8243;][elx_heading font_container=&#8221;h1&#8243; text_color=&#8221;white&#8221;]Akcesoria i materia\u0142y eksploatacyjne &#8211; Urz\u0105dzenia do zmywania[\/elx_heading][\/elx_hero_title][\/vc_column][\/vc_row][vc_row][vc_column][vc_empty_space height=&#8221;50px&#8221;][elx_heading font_container=&#8221;h3&#8243; text_color=&#8221;inherit&#8221; text_align=&#8221;text-center&#8221;]Wspania\u0142e wyniki i najlepsze osi\u0105gi[\/elx_heading][vc_empty_space height=&#8221;50px&#8221;][\/vc_column][\/vc_row][vc_row full_width=&#8221;electroluxpro-container-no-padding&#8221; equal_height=&#8221;yes&#8221;][vc_column width=&#8221;1\/2&#8243;][elx_image_block background_image=&#8221;1229&#8243; minimum_height=&#8221;450px&#8221;][\/vc_column][vc_column width=&#8221;1\/2&#8243;][elx_simple_block background_color=&#8221;inherit&#8221;][vc_column_text] P\u0142ynne detergenty odka\u017caj\u0105ce Nasze detergenty ca\u0142kowicie eliminuj\u0105 krople i plamy mog\u0105ce pozostawa\u0107 na szklanych naczyniach, sprawiaj\u0105c, i\u017c wszystko jest idealnie suche i czyste. Dzi\u0119ki specjalnej formule [&hellip;]<\/p>\n","protected":false},"author":3,"featured_media":796,"parent":1715,"menu_order":0,"comment_status":"closed","ping_status":"closed","template":"","meta":{"footnotes":""},"class_list":["post-1705","page","type-page","status-publish","has-post-thumbnail","hentry"],"acf":[],"yoast_head":"<!-- This site is optimized with the Yoast SEO plugin v23.3 - https:\/\/yoast.com\/wordpress\/plugins\/seo\/ -->\n<title>Akcesoria i materia\u0142y eksploatacyjne - Urz\u0105dzenia do zmywania - Electrolux Professional Polska<\/title>\n<meta name=\"description\" content=\"P\u0142ynne detergenty odka\u017caj\u0105ce. Nasze detergenty ca\u0142kowicie eliminuj\u0105 krople i plamy mog\u0105ce pozostawa\u0107 na szklanych naczyniach, sprawiaj\u0105c, i\u017c wszystko jest idealnie suche i czyste.\" \/>\n<meta name=\"robots\" content=\"index, follow, max-snippet:-1, max-image-preview:large, max-video-preview:-1\" \/>\n<link rel=\"canonical\" href=\"https:\/\/www.electroluxprofessional.com\/pl\/akcesoria-materialy-eksploatacyjne\/urzadzenia-do-zmywania\/\" \/>\n<meta property=\"og:locale\" content=\"pl_PL\" \/>\n<meta property=\"og:type\" content=\"article\" \/>\n<meta property=\"og:title\" content=\"Akcesoria i materia\u0142y eksploatacyjne - Urz\u0105dzenia do zmywania - Electrolux Professional Polska\" \/>\n<meta property=\"og:description\" content=\"P\u0142ynne detergenty odka\u017caj\u0105ce. Nasze detergenty ca\u0142kowicie eliminuj\u0105 krople i plamy mog\u0105ce pozostawa\u0107 na szklanych naczyniach, sprawiaj\u0105c, i\u017c wszystko jest idealnie suche i czyste.\" \/>\n<meta property=\"og:url\" content=\"https:\/\/www.electroluxprofessional.com\/pl\/akcesoria-materialy-eksploatacyjne\/urzadzenia-do-zmywania\/\" \/>\n<meta property=\"og:site_name\" content=\"Electrolux Professional Polska\" \/>\n<meta property=\"article:modified_time\" content=\"2020-09-04T08:18:20+00:00\" \/>\n<meta property=\"og:image\" content=\"https:\/\/www.electroluxprofessional.com\/pl\/wp-content\/uploads\/2016\/08\/detergent-washing-machine.jpg\" \/>\n\t<meta property=\"og:image:width\" content=\"750\" \/>\n\t<meta property=\"og:image:height\" content=\"617\" \/>\n\t<meta property=\"og:image:type\" content=\"image\/jpeg\" \/>\n<meta name=\"twitter:card\" content=\"summary_large_image\" \/>\n<meta name=\"twitter:label1\" content=\"Szacowany czas czytania\" \/>\n\t<meta name=\"twitter:data1\" content=\"3 minuty\" \/>\n<script type=\"application\/ld+json\" class=\"yoast-schema-graph\">{\"@context\":\"https:\/\/schema.org\",\"@graph\":[{\"@type\":\"WebPage\",\"@id\":\"https:\/\/www.electroluxprofessional.com\/pl\/akcesoria-materialy-eksploatacyjne\/urzadzenia-do-zmywania\/\",\"url\":\"https:\/\/www.electroluxprofessional.com\/pl\/akcesoria-materialy-eksploatacyjne\/urzadzenia-do-zmywania\/\",\"name\":\"Akcesoria i materia\u0142y eksploatacyjne - Urz\u0105dzenia do zmywania - Electrolux Professional Polska\",\"isPartOf\":{\"@id\":\"https:\/\/www.electroluxprofessional.com\/pl\/#website\"},\"primaryImageOfPage\":{\"@id\":\"https:\/\/www.electroluxprofessional.com\/pl\/akcesoria-materialy-eksploatacyjne\/urzadzenia-do-zmywania\/#primaryimage\"},\"image\":{\"@id\":\"https:\/\/www.electroluxprofessional.com\/pl\/akcesoria-materialy-eksploatacyjne\/urzadzenia-do-zmywania\/#primaryimage\"},\"thumbnailUrl\":\"https:\/\/www.electroluxprofessional.com\/pl\/wp-content\/uploads\/2016\/08\/detergent-washing-machine.jpg\",\"datePublished\":\"2017-01-16T08:08:44+00:00\",\"dateModified\":\"2020-09-04T08:18:20+00:00\",\"description\":\"P\u0142ynne detergenty odka\u017caj\u0105ce. Nasze detergenty ca\u0142kowicie eliminuj\u0105 krople i plamy mog\u0105ce pozostawa\u0107 na szklanych naczyniach, sprawiaj\u0105c, i\u017c wszystko jest idealnie suche i czyste.\",\"breadcrumb\":{\"@id\":\"https:\/\/www.electroluxprofessional.com\/pl\/akcesoria-materialy-eksploatacyjne\/urzadzenia-do-zmywania\/#breadcrumb\"},\"inLanguage\":\"pl-PL\",\"potentialAction\":[{\"@type\":\"ReadAction\",\"target\":[\"https:\/\/www.electroluxprofessional.com\/pl\/akcesoria-materialy-eksploatacyjne\/urzadzenia-do-zmywania\/\"]}]},{\"@type\":\"ImageObject\",\"inLanguage\":\"pl-PL\",\"@id\":\"https:\/\/www.electroluxprofessional.com\/pl\/akcesoria-materialy-eksploatacyjne\/urzadzenia-do-zmywania\/#primaryimage\",\"url\":\"https:\/\/www.electroluxprofessional.com\/pl\/wp-content\/uploads\/2016\/08\/detergent-washing-machine.jpg\",\"contentUrl\":\"https:\/\/www.electroluxprofessional.com\/pl\/wp-content\/uploads\/2016\/08\/detergent-washing-machine.jpg\",\"width\":750,\"height\":617,\"caption\":\"dishwasher rinse\"},{\"@type\":\"BreadcrumbList\",\"@id\":\"https:\/\/www.electroluxprofessional.com\/pl\/akcesoria-materialy-eksploatacyjne\/urzadzenia-do-zmywania\/#breadcrumb\",\"itemListElement\":[{\"@type\":\"ListItem\",\"position\":1,\"name\":\"Strona g\u0142\u00f3wna\",\"item\":\"https:\/\/www.electroluxprofessional.com\/pl\/\"},{\"@type\":\"ListItem\",\"position\":2,\"name\":\"Akcesoria i materia\u0142y eksploatacyjne\",\"item\":\"https:\/\/www.electroluxprofessional.com\/pl\/akcesoria-materialy-eksploatacyjne\/\"},{\"@type\":\"ListItem\",\"position\":3,\"name\":\"Akcesoria i materia\u0142y eksploatacyjne &#8211; Urz\u0105dzenia do zmywania\"}]},{\"@type\":\"WebSite\",\"@id\":\"https:\/\/www.electroluxprofessional.com\/pl\/#website\",\"url\":\"https:\/\/www.electroluxprofessional.com\/pl\/\",\"name\":\"Electrolux Professional Polska\",\"description\":\"\",\"potentialAction\":[{\"@type\":\"SearchAction\",\"target\":{\"@type\":\"EntryPoint\",\"urlTemplate\":\"https:\/\/www.electroluxprofessional.com\/pl\/?src={search_term_string}\"},\"query-input\":\"required name=search_term_string\"}],\"inLanguage\":\"pl-PL\"}]}<\/script>\n<!-- \/ Yoast SEO plugin. -->","yoast_head_json":{"title":"Akcesoria i materia\u0142y eksploatacyjne - Urz\u0105dzenia do zmywania - Electrolux Professional Polska","description":"P\u0142ynne detergenty odka\u017caj\u0105ce. Nasze detergenty ca\u0142kowicie eliminuj\u0105 krople i plamy mog\u0105ce pozostawa\u0107 na szklanych naczyniach, sprawiaj\u0105c, i\u017c wszystko jest idealnie suche i czyste.","robots":{"index":"index","follow":"follow","max-snippet":"max-snippet:-1","max-image-preview":"max-image-preview:large","max-video-preview":"max-video-preview:-1"},"canonical":"https:\/\/www.electroluxprofessional.com\/pl\/akcesoria-materialy-eksploatacyjne\/urzadzenia-do-zmywania\/","og_locale":"pl_PL","og_type":"article","og_title":"Akcesoria i materia\u0142y eksploatacyjne - Urz\u0105dzenia do zmywania - Electrolux Professional Polska","og_description":"P\u0142ynne detergenty odka\u017caj\u0105ce. Nasze detergenty ca\u0142kowicie eliminuj\u0105 krople i plamy mog\u0105ce pozostawa\u0107 na szklanych naczyniach, sprawiaj\u0105c, i\u017c wszystko jest idealnie suche i czyste.","og_url":"https:\/\/www.electroluxprofessional.com\/pl\/akcesoria-materialy-eksploatacyjne\/urzadzenia-do-zmywania\/","og_site_name":"Electrolux Professional Polska","article_modified_time":"2020-09-04T08:18:20+00:00","og_image":[{"width":750,"height":617,"url":"https:\/\/www.electroluxprofessional.com\/pl\/wp-content\/uploads\/2016\/08\/detergent-washing-machine.jpg","type":"image\/jpeg"}],"twitter_card":"summary_large_image","twitter_misc":{"Szacowany czas czytania":"3 minuty"},"schema":{"@context":"https:\/\/schema.org","@graph":[{"@type":"WebPage","@id":"https:\/\/www.electroluxprofessional.com\/pl\/akcesoria-materialy-eksploatacyjne\/urzadzenia-do-zmywania\/","url":"https:\/\/www.electroluxprofessional.com\/pl\/akcesoria-materialy-eksploatacyjne\/urzadzenia-do-zmywania\/","name":"Akcesoria i materia\u0142y eksploatacyjne - Urz\u0105dzenia do zmywania - Electrolux Professional Polska","isPartOf":{"@id":"https:\/\/www.electroluxprofessional.com\/pl\/#website"},"primaryImageOfPage":{"@id":"https:\/\/www.electroluxprofessional.com\/pl\/akcesoria-materialy-eksploatacyjne\/urzadzenia-do-zmywania\/#primaryimage"},"image":{"@id":"https:\/\/www.electroluxprofessional.com\/pl\/akcesoria-materialy-eksploatacyjne\/urzadzenia-do-zmywania\/#primaryimage"},"thumbnailUrl":"https:\/\/www.electroluxprofessional.com\/pl\/wp-content\/uploads\/2016\/08\/detergent-washing-machine.jpg","datePublished":"2017-01-16T08:08:44+00:00","dateModified":"2020-09-04T08:18:20+00:00","description":"P\u0142ynne detergenty odka\u017caj\u0105ce. Nasze detergenty ca\u0142kowicie eliminuj\u0105 krople i plamy mog\u0105ce pozostawa\u0107 na szklanych naczyniach, sprawiaj\u0105c, i\u017c wszystko jest idealnie suche i czyste.","breadcrumb":{"@id":"https:\/\/www.electroluxprofessional.com\/pl\/akcesoria-materialy-eksploatacyjne\/urzadzenia-do-zmywania\/#breadcrumb"},"inLanguage":"pl-PL","potentialAction":[{"@type":"ReadAction","target":["https:\/\/www.electroluxprofessional.com\/pl\/akcesoria-materialy-eksploatacyjne\/urzadzenia-do-zmywania\/"]}]},{"@type":"ImageObject","inLanguage":"pl-PL","@id":"https:\/\/www.electroluxprofessional.com\/pl\/akcesoria-materialy-eksploatacyjne\/urzadzenia-do-zmywania\/#primaryimage","url":"https:\/\/www.electroluxprofessional.com\/pl\/wp-content\/uploads\/2016\/08\/detergent-washing-machine.jpg","contentUrl":"https:\/\/www.electroluxprofessional.com\/pl\/wp-content\/uploads\/2016\/08\/detergent-washing-machine.jpg","width":750,"height":617,"caption":"dishwasher rinse"},{"@type":"BreadcrumbList","@id":"https:\/\/www.electroluxprofessional.com\/pl\/akcesoria-materialy-eksploatacyjne\/urzadzenia-do-zmywania\/#breadcrumb","itemListElement":[{"@type":"ListItem","position":1,"name":"Strona g\u0142\u00f3wna","item":"https:\/\/www.electroluxprofessional.com\/pl\/"},{"@type":"ListItem","position":2,"name":"Akcesoria i materia\u0142y eksploatacyjne","item":"https:\/\/www.electroluxprofessional.com\/pl\/akcesoria-materialy-eksploatacyjne\/"},{"@type":"ListItem","position":3,"name":"Akcesoria i materia\u0142y eksploatacyjne &#8211; Urz\u0105dzenia do zmywania"}]},{"@type":"WebSite","@id":"https:\/\/www.electroluxprofessional.com\/pl\/#website","url":"https:\/\/www.electroluxprofessional.com\/pl\/","name":"Electrolux Professional Polska","description":"","potentialAction":[{"@type":"SearchAction","target":{"@type":"EntryPoint","urlTemplate":"https:\/\/www.electroluxprofessional.com\/pl\/?src={search_term_string}"},"query-input":"required name=search_term_string"}],"inLanguage":"pl-PL"}]}},"_links":{"self":[{"href":"https:\/\/www.electroluxprofessional.com\/pl\/wp-json\/wp\/v2\/pages\/1705"}],"collection":[{"href":"https:\/\/www.electroluxprofessional.com\/pl\/wp-json\/wp\/v2\/pages"}],"about":[{"href":"https:\/\/www.electroluxprofessional.com\/pl\/wp-json\/wp\/v2\/types\/page"}],"author":[{"embeddable":true,"href":"https:\/\/www.electroluxprofessional.com\/pl\/wp-json\/wp\/v2\/users\/3"}],"replies":[{"embeddable":true,"href":"https:\/\/www.electroluxprofessional.com\/pl\/wp-json\/wp\/v2\/comments?post=1705"}],"version-history":[{"count":7,"href":"https:\/\/www.electroluxprofessional.com\/pl\/wp-json\/wp\/v2\/pages\/1705\/revisions"}],"predecessor-version":[{"id":3669,"href":"https:\/\/www.electroluxprofessional.com\/pl\/wp-json\/wp\/v2\/pages\/1705\/revisions\/3669"}],"up":[{"embeddable":true,"href":"https:\/\/www.electroluxprofessional.com\/pl\/wp-json\/wp\/v2\/pages\/1715"}],"wp:featuredmedia":[{"embeddable":true,"href":"https:\/\/www.electroluxprofessional.com\/pl\/wp-json\/wp\/v2\/media\/796"}],"wp:attachment":[{"href":"https:\/\/www.electroluxprofessional.com\/pl\/wp-json\/wp\/v2\/media?parent=1705"}],"curies":[{"name":"wp","href":"https:\/\/api.w.org\/{rel}","templated":true}]}}