{"id":1701,"date":"2016-12-19T16:15:56","date_gmt":"2016-12-19T16:15:56","guid":{"rendered":"https:\/\/www.electroluxprofessional.com\/?page_id=7612"},"modified":"2025-10-21T12:11:24","modified_gmt":"2025-10-21T12:11:24","slug":"akademia-szefow-kuchni-electrolux","status":"publish","type":"page","link":"https:\/\/www.electroluxprofessional.com\/pl\/chef-s-hub\/akademia-szefow-kuchni-electrolux\/","title":{"rendered":"akademia szef\u00f3w kuchni Electrolux Professional"},"content":{"rendered":"<p>[vc_row full_width=&#8221;electroluxpro-full-width-no-padding&#8221;][vc_column][elx_hero_title label=&#8221;&#8221; background_image=&#8221;1690&#8243;][elx_heading font_container=&#8221;h1&#8243; text_color=&#8221;white&#8221;]Electrolux Professional Chef Academy &#8211; Akademia Szef\u00f3w Kuchni Electrolux[\/elx_heading][\/elx_hero_title][\/vc_column][\/vc_row][vc_row][vc_column][elx_heading text_color=&#8221;inherit&#8221;]Globalna kultura dedykowana klientom [\/elx_heading][vc_empty_space height=&#8221;20px&#8221;][\/vc_column][\/vc_row][vc_row][vc_column width=&#8221;1\/2&#8243;][elx_heading font_size=&#8221;h4&#8243; text_color=&#8221;inherit&#8221;]Chef Academy Spirit to kultura po\u015bwi\u0119cania si\u0119 dla klienta[\/elx_heading][vc_column_text]<strong>Electrolux Professional Chef Academy<\/strong> jest \u015bwiatowym centrum inspiracji. Ta globalna sie\u0107, kierowana przez <strong>zesp\u00f3\u0142 do\u015bwiadczonych mentor\u00f3w kulinarnych i szef\u00f3w kuchni<\/strong>, jest naprawd\u0119 wyj\u0105tkowa.<\/p>\n<p>Jest w pe\u0142ni zaanga\u017cowana w s\u0142uchanie i przewidywanie potrzeb i oczekiwa\u0144 klient\u00f3w oraz dostarczanie im najodpowiedniejszych odpowiedzi w celu rozwoju firmy.<\/p>\n<p>Electrolux Professional Chef Academy narodzi\u0142a si\u0119, aby wprowadzi\u0107 nowy spos\u00f3b prowadzenia dzia\u0142alno\u015bci gospodarczej, na kt\u00f3ry sk\u0142adaj\u0105 si\u0119 ci\u0105g\u0142y dialog z klientami i oferta edukacyjna dotycz\u0105ca uczenia si\u0119 w miejscu pracy.<\/p>\n<p>Podczas pokaz\u00f3w gotowania na \u017cywo i prezentacji produkt\u00f3w prowadzonych przez szef\u00f3w kuchni wszyscy mog\u0105 dzieli\u0107 si\u0119 pomys\u0142ami, najlepszymi praktykami i wyzwaniami, a rozwi\u0105zania s\u0105 testowane i opracowywane na podstawie praktycznych do\u015bwiadcze\u0144.[\/vc_column_text][\/vc_column][vc_column width=&#8221;1\/2&#8243;][elx_image_block background_image=&#8221;581&#8243; minimum_height=&#8221;400px&#8221;][\/vc_column][\/vc_row][vc_row][vc_column][vc_empty_space][elx_heading font_container=&#8221;h3&#8243; text_color=&#8221;inherit&#8221;]Zarezerwuj sesj\u0119 z szefem kuchni ju\u017c dzi\u015b[\/elx_heading][elx_o2000_contact_us s=&#8221;Request of information about chef sessions&#8221; country=&#8221;Poland&#8221; container=&#8221;elxcontactus1482162874&#8243; r=&#8221;Chcia\u0142bym dowiedzie\u0107 si\u0119 wi\u0119cej o sesjach z szefem kuchni, prosz\u0119 si\u0119 ze mn\u0105 skontaktowa\u0107.&#8221; l=&#8221;pl&#8221;][vc_empty_space][\/vc_column][\/vc_row][vc_row][vc_column width=&#8221;1\/3&#8243;][elx_maylike_box id_box=&#8221;1699&#8243;][\/vc_column][vc_column width=&#8221;1\/3&#8243;][elx_maylike_box id_box=&#8221;1637&#8243;][\/vc_column][vc_column width=&#8221;1\/3&#8243;][elx_maylike_box id_box=&#8221;1638&#8243;][\/vc_column][\/vc_row]<\/p>\n","protected":false},"excerpt":{"rendered":"<p>[vc_row full_width=&#8221;electroluxpro-full-width-no-padding&#8221;][vc_column][elx_hero_title label=&#8221;&#8221; background_image=&#8221;1690&#8243;][elx_heading font_container=&#8221;h1&#8243; text_color=&#8221;white&#8221;]Electrolux Professional Chef Academy &#8211; Akademia Szef\u00f3w Kuchni Electrolux[\/elx_heading][\/elx_hero_title][\/vc_column][\/vc_row][vc_row][vc_column][elx_heading text_color=&#8221;inherit&#8221;]Globalna kultura dedykowana klientom [\/elx_heading][vc_empty_space height=&#8221;20px&#8221;][\/vc_column][\/vc_row][vc_row][vc_column width=&#8221;1\/2&#8243;][elx_heading font_size=&#8221;h4&#8243; text_color=&#8221;inherit&#8221;]Chef Academy Spirit to kultura po\u015bwi\u0119cania si\u0119 dla klienta[\/elx_heading][vc_column_text]Electrolux Professional Chef Academy jest \u015bwiatowym centrum inspiracji. Ta globalna sie\u0107, kierowana przez zesp\u00f3\u0142 do\u015bwiadczonych mentor\u00f3w kulinarnych i szef\u00f3w kuchni, jest naprawd\u0119 wyj\u0105tkowa. Jest w [&hellip;]<\/p>\n","protected":false},"author":3,"featured_media":1690,"parent":2521,"menu_order":0,"comment_status":"closed","ping_status":"closed","template":"","meta":{"footnotes":""},"class_list":["post-1701","page","type-page","status-publish","has-post-thumbnail","hentry"],"acf":[],"yoast_head":"<!-- This site is optimized with the Yoast SEO plugin v23.3 - https:\/\/yoast.com\/wordpress\/plugins\/seo\/ -->\n<title>akademia szef\u00f3w kuchni Electrolux Professional - Electrolux Professional Polska<\/title>\n<meta name=\"description\" content=\"Electrolux Professional Chef Academy jest \u015bwiatowym centrum inspiracji. Ta globalna sie\u0107, prowadzona przez ponad 70 do\u015bwiadczonych mentor\u00f3w kulinarnych i szef\u00f3w kuchni, jest naprawd\u0119 wyj\u0105tkowa.\" \/>\n<meta name=\"robots\" content=\"index, follow, max-snippet:-1, max-image-preview:large, max-video-preview:-1\" \/>\n<link rel=\"canonical\" href=\"https:\/\/www.electroluxprofessional.com\/pl\/chef-s-hub\/akademia-szefow-kuchni-electrolux\/\" \/>\n<meta property=\"og:locale\" content=\"pl_PL\" \/>\n<meta property=\"og:type\" content=\"article\" \/>\n<meta property=\"og:title\" content=\"akademia szef\u00f3w kuchni Electrolux Professional - Electrolux Professional Polska\" \/>\n<meta property=\"og:description\" content=\"Electrolux Professional Chef Academy jest \u015bwiatowym centrum inspiracji. Ta globalna sie\u0107, prowadzona przez ponad 70 do\u015bwiadczonych mentor\u00f3w kulinarnych i szef\u00f3w kuchni, jest naprawd\u0119 wyj\u0105tkowa.\" \/>\n<meta property=\"og:url\" content=\"https:\/\/www.electroluxprofessional.com\/pl\/chef-s-hub\/akademia-szefow-kuchni-electrolux\/\" \/>\n<meta property=\"og:site_name\" content=\"Electrolux Professional Polska\" \/>\n<meta property=\"article:modified_time\" content=\"2025-10-21T12:11:24+00:00\" \/>\n<meta property=\"og:image\" content=\"https:\/\/www.electroluxprofessional.com\/pl\/wp-content\/uploads\/2016\/12\/recipe.jpg\" \/>\n\t<meta property=\"og:image:width\" content=\"2000\" \/>\n\t<meta property=\"og:image:height\" content=\"1331\" \/>\n\t<meta property=\"og:image:type\" content=\"image\/jpeg\" \/>\n<meta name=\"twitter:card\" content=\"summary_large_image\" \/>\n<meta name=\"twitter:label1\" content=\"Szacowany czas czytania\" \/>\n\t<meta name=\"twitter:data1\" content=\"2 minuty\" \/>\n<script type=\"application\/ld+json\" class=\"yoast-schema-graph\">{\"@context\":\"https:\/\/schema.org\",\"@graph\":[{\"@type\":\"WebPage\",\"@id\":\"https:\/\/www.electroluxprofessional.com\/pl\/chef-s-hub\/akademia-szefow-kuchni-electrolux\/\",\"url\":\"https:\/\/www.electroluxprofessional.com\/pl\/chef-s-hub\/akademia-szefow-kuchni-electrolux\/\",\"name\":\"akademia szef\u00f3w kuchni Electrolux Professional - Electrolux Professional Polska\",\"isPartOf\":{\"@id\":\"https:\/\/www.electroluxprofessional.com\/pl\/#website\"},\"primaryImageOfPage\":{\"@id\":\"https:\/\/www.electroluxprofessional.com\/pl\/chef-s-hub\/akademia-szefow-kuchni-electrolux\/#primaryimage\"},\"image\":{\"@id\":\"https:\/\/www.electroluxprofessional.com\/pl\/chef-s-hub\/akademia-szefow-kuchni-electrolux\/#primaryimage\"},\"thumbnailUrl\":\"https:\/\/www.electroluxprofessional.com\/pl\/wp-content\/uploads\/2016\/12\/recipe.jpg\",\"datePublished\":\"2016-12-19T16:15:56+00:00\",\"dateModified\":\"2025-10-21T12:11:24+00:00\",\"description\":\"Electrolux Professional Chef Academy jest \u015bwiatowym centrum inspiracji. Ta globalna sie\u0107, prowadzona przez ponad 70 do\u015bwiadczonych mentor\u00f3w kulinarnych i szef\u00f3w kuchni, jest naprawd\u0119 wyj\u0105tkowa.\",\"breadcrumb\":{\"@id\":\"https:\/\/www.electroluxprofessional.com\/pl\/chef-s-hub\/akademia-szefow-kuchni-electrolux\/#breadcrumb\"},\"inLanguage\":\"pl-PL\",\"potentialAction\":[{\"@type\":\"ReadAction\",\"target\":[\"https:\/\/www.electroluxprofessional.com\/pl\/chef-s-hub\/akademia-szefow-kuchni-electrolux\/\"]}]},{\"@type\":\"ImageObject\",\"inLanguage\":\"pl-PL\",\"@id\":\"https:\/\/www.electroluxprofessional.com\/pl\/chef-s-hub\/akademia-szefow-kuchni-electrolux\/#primaryimage\",\"url\":\"https:\/\/www.electroluxprofessional.com\/pl\/wp-content\/uploads\/2016\/12\/recipe.jpg\",\"contentUrl\":\"https:\/\/www.electroluxprofessional.com\/pl\/wp-content\/uploads\/2016\/12\/recipe.jpg\",\"width\":2000,\"height\":1331,\"caption\":\"Electrolux Professional chef academy\"},{\"@type\":\"BreadcrumbList\",\"@id\":\"https:\/\/www.electroluxprofessional.com\/pl\/chef-s-hub\/akademia-szefow-kuchni-electrolux\/#breadcrumb\",\"itemListElement\":[{\"@type\":\"ListItem\",\"position\":1,\"name\":\"Strona g\u0142\u00f3wna\",\"item\":\"https:\/\/www.electroluxprofessional.com\/pl\/\"},{\"@type\":\"ListItem\",\"position\":2,\"name\":\"Chef\u2019s Hub \u2013 O\u015brodek Szef\u00f3w Kuchni\",\"item\":\"https:\/\/www.electroluxprofessional.com\/pl\/chef-s-hub\/\"},{\"@type\":\"ListItem\",\"position\":3,\"name\":\"akademia szef\u00f3w kuchni Electrolux Professional\"}]},{\"@type\":\"WebSite\",\"@id\":\"https:\/\/www.electroluxprofessional.com\/pl\/#website\",\"url\":\"https:\/\/www.electroluxprofessional.com\/pl\/\",\"name\":\"Electrolux Professional Polska\",\"description\":\"\",\"potentialAction\":[{\"@type\":\"SearchAction\",\"target\":{\"@type\":\"EntryPoint\",\"urlTemplate\":\"https:\/\/www.electroluxprofessional.com\/pl\/?src={search_term_string}\"},\"query-input\":\"required name=search_term_string\"}],\"inLanguage\":\"pl-PL\"}]}<\/script>\n<!-- \/ Yoast SEO plugin. -->","yoast_head_json":{"title":"akademia szef\u00f3w kuchni Electrolux Professional - Electrolux Professional Polska","description":"Electrolux Professional Chef Academy jest \u015bwiatowym centrum inspiracji. Ta globalna sie\u0107, prowadzona przez ponad 70 do\u015bwiadczonych mentor\u00f3w kulinarnych i szef\u00f3w kuchni, jest naprawd\u0119 wyj\u0105tkowa.","robots":{"index":"index","follow":"follow","max-snippet":"max-snippet:-1","max-image-preview":"max-image-preview:large","max-video-preview":"max-video-preview:-1"},"canonical":"https:\/\/www.electroluxprofessional.com\/pl\/chef-s-hub\/akademia-szefow-kuchni-electrolux\/","og_locale":"pl_PL","og_type":"article","og_title":"akademia szef\u00f3w kuchni Electrolux Professional - Electrolux Professional Polska","og_description":"Electrolux Professional Chef Academy jest \u015bwiatowym centrum inspiracji. Ta globalna sie\u0107, prowadzona przez ponad 70 do\u015bwiadczonych mentor\u00f3w kulinarnych i szef\u00f3w kuchni, jest naprawd\u0119 wyj\u0105tkowa.","og_url":"https:\/\/www.electroluxprofessional.com\/pl\/chef-s-hub\/akademia-szefow-kuchni-electrolux\/","og_site_name":"Electrolux Professional Polska","article_modified_time":"2025-10-21T12:11:24+00:00","og_image":[{"width":2000,"height":1331,"url":"https:\/\/www.electroluxprofessional.com\/pl\/wp-content\/uploads\/2016\/12\/recipe.jpg","type":"image\/jpeg"}],"twitter_card":"summary_large_image","twitter_misc":{"Szacowany czas czytania":"2 minuty"},"schema":{"@context":"https:\/\/schema.org","@graph":[{"@type":"WebPage","@id":"https:\/\/www.electroluxprofessional.com\/pl\/chef-s-hub\/akademia-szefow-kuchni-electrolux\/","url":"https:\/\/www.electroluxprofessional.com\/pl\/chef-s-hub\/akademia-szefow-kuchni-electrolux\/","name":"akademia szef\u00f3w kuchni Electrolux Professional - Electrolux Professional Polska","isPartOf":{"@id":"https:\/\/www.electroluxprofessional.com\/pl\/#website"},"primaryImageOfPage":{"@id":"https:\/\/www.electroluxprofessional.com\/pl\/chef-s-hub\/akademia-szefow-kuchni-electrolux\/#primaryimage"},"image":{"@id":"https:\/\/www.electroluxprofessional.com\/pl\/chef-s-hub\/akademia-szefow-kuchni-electrolux\/#primaryimage"},"thumbnailUrl":"https:\/\/www.electroluxprofessional.com\/pl\/wp-content\/uploads\/2016\/12\/recipe.jpg","datePublished":"2016-12-19T16:15:56+00:00","dateModified":"2025-10-21T12:11:24+00:00","description":"Electrolux Professional Chef Academy jest \u015bwiatowym centrum inspiracji. Ta globalna sie\u0107, prowadzona przez ponad 70 do\u015bwiadczonych mentor\u00f3w kulinarnych i szef\u00f3w kuchni, jest naprawd\u0119 wyj\u0105tkowa.","breadcrumb":{"@id":"https:\/\/www.electroluxprofessional.com\/pl\/chef-s-hub\/akademia-szefow-kuchni-electrolux\/#breadcrumb"},"inLanguage":"pl-PL","potentialAction":[{"@type":"ReadAction","target":["https:\/\/www.electroluxprofessional.com\/pl\/chef-s-hub\/akademia-szefow-kuchni-electrolux\/"]}]},{"@type":"ImageObject","inLanguage":"pl-PL","@id":"https:\/\/www.electroluxprofessional.com\/pl\/chef-s-hub\/akademia-szefow-kuchni-electrolux\/#primaryimage","url":"https:\/\/www.electroluxprofessional.com\/pl\/wp-content\/uploads\/2016\/12\/recipe.jpg","contentUrl":"https:\/\/www.electroluxprofessional.com\/pl\/wp-content\/uploads\/2016\/12\/recipe.jpg","width":2000,"height":1331,"caption":"Electrolux Professional chef academy"},{"@type":"BreadcrumbList","@id":"https:\/\/www.electroluxprofessional.com\/pl\/chef-s-hub\/akademia-szefow-kuchni-electrolux\/#breadcrumb","itemListElement":[{"@type":"ListItem","position":1,"name":"Strona g\u0142\u00f3wna","item":"https:\/\/www.electroluxprofessional.com\/pl\/"},{"@type":"ListItem","position":2,"name":"Chef\u2019s Hub \u2013 O\u015brodek Szef\u00f3w Kuchni","item":"https:\/\/www.electroluxprofessional.com\/pl\/chef-s-hub\/"},{"@type":"ListItem","position":3,"name":"akademia szef\u00f3w kuchni Electrolux Professional"}]},{"@type":"WebSite","@id":"https:\/\/www.electroluxprofessional.com\/pl\/#website","url":"https:\/\/www.electroluxprofessional.com\/pl\/","name":"Electrolux Professional Polska","description":"","potentialAction":[{"@type":"SearchAction","target":{"@type":"EntryPoint","urlTemplate":"https:\/\/www.electroluxprofessional.com\/pl\/?src={search_term_string}"},"query-input":"required name=search_term_string"}],"inLanguage":"pl-PL"}]}},"_links":{"self":[{"href":"https:\/\/www.electroluxprofessional.com\/pl\/wp-json\/wp\/v2\/pages\/1701"}],"collection":[{"href":"https:\/\/www.electroluxprofessional.com\/pl\/wp-json\/wp\/v2\/pages"}],"about":[{"href":"https:\/\/www.electroluxprofessional.com\/pl\/wp-json\/wp\/v2\/types\/page"}],"author":[{"embeddable":true,"href":"https:\/\/www.electroluxprofessional.com\/pl\/wp-json\/wp\/v2\/users\/3"}],"replies":[{"embeddable":true,"href":"https:\/\/www.electroluxprofessional.com\/pl\/wp-json\/wp\/v2\/comments?post=1701"}],"version-history":[{"count":7,"href":"https:\/\/www.electroluxprofessional.com\/pl\/wp-json\/wp\/v2\/pages\/1701\/revisions"}],"predecessor-version":[{"id":11537,"href":"https:\/\/www.electroluxprofessional.com\/pl\/wp-json\/wp\/v2\/pages\/1701\/revisions\/11537"}],"up":[{"embeddable":true,"href":"https:\/\/www.electroluxprofessional.com\/pl\/wp-json\/wp\/v2\/pages\/2521"}],"wp:featuredmedia":[{"embeddable":true,"href":"https:\/\/www.electroluxprofessional.com\/pl\/wp-json\/wp\/v2\/media\/1690"}],"wp:attachment":[{"href":"https:\/\/www.electroluxprofessional.com\/pl\/wp-json\/wp\/v2\/media?parent=1701"}],"curies":[{"name":"wp","href":"https:\/\/api.w.org\/{rel}","templated":true}]}}