{"id":1694,"date":"2017-01-13T11:48:50","date_gmt":"2017-01-13T10:48:50","guid":{"rendered":"https:\/\/www.electroluxprofessional.com\/?page_id=8293"},"modified":"2025-11-05T15:19:39","modified_gmt":"2025-11-05T15:19:39","slug":"kuchnia-modulowa","status":"publish","type":"page","link":"https:\/\/www.electroluxprofessional.com\/pl\/akcesoria-materialy-eksploatacyjne\/kuchnia-modulowa\/","title":{"rendered":"Akcesoria i materia\u0142y eksploatacyjne &#8211; Kuchnia modu\u0142owa"},"content":{"rendered":"<p>[vc_row full_width=&#8221;electroluxpro-full-width-no-padding&#8221;][vc_column][elx_hero_title label=&#8221;&#8221; background_image=&#8221;1674&#8243;][elx_heading font_container=&#8221;h1&#8243; text_color=&#8221;white&#8221; text_align=&#8221;text-center&#8221;]Akcesoria i materia\u0142y eksploatacyjne &#8211; Kuchnia modu\u0142owa[\/elx_heading][\/elx_hero_title][\/vc_column][\/vc_row][vc_row][vc_column][vc_empty_space height=&#8221;50px&#8221;][elx_heading font_container=&#8221;h3&#8243; text_color=&#8221;inherit&#8221; text_align=&#8221;text-center&#8221;]Warnik do makaronu, superwszechstronny[\/elx_heading][vc_empty_space height=&#8221;50px&#8221;][\/vc_column][\/vc_row][vc_row full_width=&#8221;electroluxpro-container-no-padding&#8221; equal_height=&#8221;yes&#8221;][vc_column width=&#8221;1\/2&#8243;][elx_image_block background_image=&#8221;789&#8243; minimum_height=&#8221;450px&#8221;][\/vc_column][vc_column width=&#8221;1\/2&#8243;][elx_simple_block background_color=&#8221;inherit&#8221;][vc_column_text]<\/p>\n<h4>Kosze do warnik\u00f3w<\/h4>\n<p>W ca\u0142o\u015bci wykonane ze stali nierdzewnej AISI 304 w celu zapewnienia maksymalnej higieny, nasze kosze s\u0105 zaprojektowane tak, aby m\u00f3c zaoferowa\u0107 maksymaln\u0105 ergonomi\u0119.[\/vc_column_text][vc_single_image image=&#8221;801&#8243; img_size=&#8221;600&#215;300&#8243; alignment=&#8221;center&#8221; css_animation=&#8221;right-to-left&#8221;][\/elx_simple_block][\/vc_column][\/vc_row][vc_row][vc_column][vc_empty_space height=&#8221;50px&#8221;][elx_heading font_container=&#8221;h3&#8243; text_color=&#8221;inherit&#8221; text_align=&#8221;text-center&#8221;]Profesjonalny odt\u0142uszczacz do czyszczenia gor\u0105cych powierzchni w wysokiej temperaturze[\/elx_heading][vc_empty_space height=&#8221;50px&#8221;][\/vc_column][\/vc_row][vc_row full_width=&#8221;electroluxpro-container-no-padding&#8221; equal_height=&#8221;yes&#8221;][vc_column width=&#8221;1\/2&#8243;][elx_image_block background_image=&#8221;791&#8243; minimum_height=&#8221;450px&#8221;][\/vc_column][vc_column width=&#8221;1\/2&#8243;][elx_simple_block background_color=&#8221;inherit&#8221;][vc_column_text]<\/p>\n<h4>Profesjonalny odt\u0142uszczacz<\/h4>\n<p>Nasz profesjonalny odt\u0142uszczacz jest idealnym \u015brodkiem czyszcz\u0105cym do powierzchni urz\u0105dze\u0144 s\u0142u\u017cacych do gotowania w wysokich temperaturach. Zalecany jest do p\u0142yt fry-top, patelni ci\u015bnieniowych i piekarnik\u00f3w wielofunkcyjnych.[\/vc_column_text][vc_single_image image=&#8221;803&#8243; img_size=&#8221;440&#215;265&#8243; css_animation=&#8221;right-to-left&#8221;][\/elx_simple_block][\/vc_column][\/vc_row][vc_row][vc_column][vc_empty_space][\/vc_column][\/vc_row][vc_row][vc_column width=&#8221;1\/3&#8243;][elx_download_block text=&#8221;Akcesoria i materia\u0142y eksploatacyjne \u2013 kuchnia modu\u0142owa&#8221; link=&#8221;http:\/\/files.professional.electrolux.com\/docs\/?n=BR-9JE00045&amp;b=5&amp;l=1&#8243; background_color=&#8221;cat-cook&#8221; reveal_effect=&#8221;&#8221; reveal_duration=&#8221;&#8221; reveal_delay=&#8221;&#8221;][\/vc_column][vc_column width=&#8221;1\/3&#8243;][elx_download_block text=&#8221;linia produkt\u00f3w grzewczych therma<em>line<\/em><br \/>\n&#8221; link=&#8221;https:\/\/www.electroluxprofessional.com\/pl\/gastronomia\/linia-grzewcza-thermaline\/&#8221; link_target=&#8221;self&#8221; background_color=&#8221;cat-cook&#8221; background_hover_color=&#8221;lighter-hover&#8221; background_image=&#8221;1313&#8243; reveal_effect=&#8221;&#8221; reveal_duration=&#8221;&#8221; reveal_delay=&#8221;&#8221;][\/vc_column][vc_column width=&#8221;1\/3&#8243;][elx_download_block text=&#8221;linie produkt\u00f3w grzewczych 900XP i 700XP<br \/>\n&#8221; link=&#8221;https:\/\/www.electroluxprofessional.com\/pl\/gastronomia\/linie-grzewcze-900xp-oraz-700xp\/&#8221; link_target=&#8221;self&#8221; background_color=&#8221;cat-cook&#8221; background_hover_color=&#8221;lighter-hover&#8221; background_image=&#8221;1692&#8243; reveal_effect=&#8221;&#8221; reveal_duration=&#8221;&#8221; reveal_delay=&#8221;&#8221;][\/vc_column][\/vc_row][vc_row][vc_column][vc_empty_space][elx_heading font_container=&#8221;h3&#8243; text_color=&#8221;inherit&#8221;]Dowiedz si\u0119, jak spersonalizowa\u0107 Tw\u00f3j\u0105 kuchni\u0119 modu\u0142ow\u0105[\/elx_heading][elx_o2000_contact_us r=&#8221;Chcia\u0142bym dowiedzie\u0107 si\u0119 wi\u0119cej o akcesoriach i materia\u0142ach eksploatacyjnych do kuchni modu\u0142owych. Prosz\u0119 si\u0119 ze mn\u0105 skontaktowa\u0107.&#8221; s=&#8221;Request of information about accessories and consumables for modular cooking&#8221; country=&#8221;Poland&#8221; l=&#8221;pl&#8221; container=&#8221;elxcontactus1484304163&#8243;][vc_empty_space][\/vc_column][\/vc_row]<\/p>\n","protected":false},"excerpt":{"rendered":"<p>[vc_row full_width=&#8221;electroluxpro-full-width-no-padding&#8221;][vc_column][elx_hero_title label=&#8221;&#8221; background_image=&#8221;1674&#8243;][elx_heading font_container=&#8221;h1&#8243; text_color=&#8221;white&#8221; text_align=&#8221;text-center&#8221;]Akcesoria i materia\u0142y eksploatacyjne &#8211; Kuchnia modu\u0142owa[\/elx_heading][\/elx_hero_title][\/vc_column][\/vc_row][vc_row][vc_column][vc_empty_space height=&#8221;50px&#8221;][elx_heading font_container=&#8221;h3&#8243; text_color=&#8221;inherit&#8221; text_align=&#8221;text-center&#8221;]Warnik do makaronu, superwszechstronny[\/elx_heading][vc_empty_space height=&#8221;50px&#8221;][\/vc_column][\/vc_row][vc_row full_width=&#8221;electroluxpro-container-no-padding&#8221; equal_height=&#8221;yes&#8221;][vc_column width=&#8221;1\/2&#8243;][elx_image_block background_image=&#8221;789&#8243; minimum_height=&#8221;450px&#8221;][\/vc_column][vc_column width=&#8221;1\/2&#8243;][elx_simple_block background_color=&#8221;inherit&#8221;][vc_column_text] Kosze do warnik\u00f3w W ca\u0142o\u015bci wykonane ze stali nierdzewnej AISI 304 w celu zapewnienia maksymalnej higieny, nasze kosze s\u0105 zaprojektowane tak, aby m\u00f3c zaoferowa\u0107 maksymaln\u0105 ergonomi\u0119.[\/vc_column_text][vc_single_image image=&#8221;801&#8243; [&hellip;]<\/p>\n","protected":false},"author":3,"featured_media":1674,"parent":1715,"menu_order":0,"comment_status":"closed","ping_status":"closed","template":"","meta":{"footnotes":""},"class_list":["post-1694","page","type-page","status-publish","has-post-thumbnail","hentry"],"acf":[],"yoast_head":"<!-- This site is optimized with the Yoast SEO plugin v23.3 - https:\/\/yoast.com\/wordpress\/plugins\/seo\/ -->\n<title>Akcesoria i materia\u0142y eksploatacyjne - Kuchnia modu\u0142owa - Electrolux Professional Polska<\/title>\n<meta name=\"description\" content=\"Nasz profesjonalny odt\u0142uszczacz jest idealnym \u015brodkiem czyszcz\u0105cym do powierzchni urz\u0105dze\u0144 s\u0142u\u017cacych do gotowania w wysokich temperaturach.\" \/>\n<meta name=\"robots\" content=\"index, follow, max-snippet:-1, max-image-preview:large, max-video-preview:-1\" \/>\n<link rel=\"canonical\" href=\"https:\/\/www.electroluxprofessional.com\/pl\/akcesoria-materialy-eksploatacyjne\/kuchnia-modulowa\/\" \/>\n<meta property=\"og:locale\" content=\"pl_PL\" \/>\n<meta property=\"og:type\" content=\"article\" \/>\n<meta property=\"og:title\" content=\"Akcesoria i materia\u0142y eksploatacyjne - Kuchnia modu\u0142owa - Electrolux Professional Polska\" \/>\n<meta property=\"og:description\" content=\"Nasz profesjonalny odt\u0142uszczacz jest idealnym \u015brodkiem czyszcz\u0105cym do powierzchni urz\u0105dze\u0144 s\u0142u\u017cacych do gotowania w wysokich temperaturach.\" \/>\n<meta property=\"og:url\" content=\"https:\/\/www.electroluxprofessional.com\/pl\/akcesoria-materialy-eksploatacyjne\/kuchnia-modulowa\/\" \/>\n<meta property=\"og:site_name\" content=\"Electrolux Professional Polska\" \/>\n<meta property=\"article:modified_time\" content=\"2025-11-05T15:19:39+00:00\" \/>\n<meta property=\"og:image\" content=\"https:\/\/www.electroluxprofessional.com\/pl\/wp-content\/uploads\/2016\/11\/xp1.jpg\" \/>\n\t<meta property=\"og:image:width\" content=\"2000\" \/>\n\t<meta property=\"og:image:height\" content=\"1333\" \/>\n\t<meta property=\"og:image:type\" content=\"image\/jpeg\" \/>\n<meta name=\"twitter:card\" content=\"summary_large_image\" \/>\n<meta name=\"twitter:label1\" content=\"Szacowany czas czytania\" \/>\n\t<meta name=\"twitter:data1\" content=\"2 minuty\" \/>\n<script type=\"application\/ld+json\" class=\"yoast-schema-graph\">{\"@context\":\"https:\/\/schema.org\",\"@graph\":[{\"@type\":\"WebPage\",\"@id\":\"https:\/\/www.electroluxprofessional.com\/pl\/akcesoria-materialy-eksploatacyjne\/kuchnia-modulowa\/\",\"url\":\"https:\/\/www.electroluxprofessional.com\/pl\/akcesoria-materialy-eksploatacyjne\/kuchnia-modulowa\/\",\"name\":\"Akcesoria i materia\u0142y eksploatacyjne - Kuchnia modu\u0142owa - Electrolux Professional Polska\",\"isPartOf\":{\"@id\":\"https:\/\/www.electroluxprofessional.com\/pl\/#website\"},\"primaryImageOfPage\":{\"@id\":\"https:\/\/www.electroluxprofessional.com\/pl\/akcesoria-materialy-eksploatacyjne\/kuchnia-modulowa\/#primaryimage\"},\"image\":{\"@id\":\"https:\/\/www.electroluxprofessional.com\/pl\/akcesoria-materialy-eksploatacyjne\/kuchnia-modulowa\/#primaryimage\"},\"thumbnailUrl\":\"https:\/\/www.electroluxprofessional.com\/pl\/wp-content\/uploads\/2016\/11\/xp1.jpg\",\"datePublished\":\"2017-01-13T10:48:50+00:00\",\"dateModified\":\"2025-11-05T15:19:39+00:00\",\"description\":\"Nasz profesjonalny odt\u0142uszczacz jest idealnym \u015brodkiem czyszcz\u0105cym do powierzchni urz\u0105dze\u0144 s\u0142u\u017cacych do gotowania w wysokich temperaturach.\",\"breadcrumb\":{\"@id\":\"https:\/\/www.electroluxprofessional.com\/pl\/akcesoria-materialy-eksploatacyjne\/kuchnia-modulowa\/#breadcrumb\"},\"inLanguage\":\"pl-PL\",\"potentialAction\":[{\"@type\":\"ReadAction\",\"target\":[\"https:\/\/www.electroluxprofessional.com\/pl\/akcesoria-materialy-eksploatacyjne\/kuchnia-modulowa\/\"]}]},{\"@type\":\"ImageObject\",\"inLanguage\":\"pl-PL\",\"@id\":\"https:\/\/www.electroluxprofessional.com\/pl\/akcesoria-materialy-eksploatacyjne\/kuchnia-modulowa\/#primaryimage\",\"url\":\"https:\/\/www.electroluxprofessional.com\/pl\/wp-content\/uploads\/2016\/11\/xp1.jpg\",\"contentUrl\":\"https:\/\/www.electroluxprofessional.com\/pl\/wp-content\/uploads\/2016\/11\/xp1.jpg\",\"width\":2000,\"height\":1333,\"caption\":\"900XP and 700XP\"},{\"@type\":\"BreadcrumbList\",\"@id\":\"https:\/\/www.electroluxprofessional.com\/pl\/akcesoria-materialy-eksploatacyjne\/kuchnia-modulowa\/#breadcrumb\",\"itemListElement\":[{\"@type\":\"ListItem\",\"position\":1,\"name\":\"Strona g\u0142\u00f3wna\",\"item\":\"https:\/\/www.electroluxprofessional.com\/pl\/\"},{\"@type\":\"ListItem\",\"position\":2,\"name\":\"Akcesoria i materia\u0142y eksploatacyjne\",\"item\":\"https:\/\/www.electroluxprofessional.com\/pl\/akcesoria-materialy-eksploatacyjne\/\"},{\"@type\":\"ListItem\",\"position\":3,\"name\":\"Akcesoria i materia\u0142y eksploatacyjne &#8211; Kuchnia modu\u0142owa\"}]},{\"@type\":\"WebSite\",\"@id\":\"https:\/\/www.electroluxprofessional.com\/pl\/#website\",\"url\":\"https:\/\/www.electroluxprofessional.com\/pl\/\",\"name\":\"Electrolux Professional Polska\",\"description\":\"\",\"potentialAction\":[{\"@type\":\"SearchAction\",\"target\":{\"@type\":\"EntryPoint\",\"urlTemplate\":\"https:\/\/www.electroluxprofessional.com\/pl\/?src={search_term_string}\"},\"query-input\":\"required name=search_term_string\"}],\"inLanguage\":\"pl-PL\"}]}<\/script>\n<!-- \/ Yoast SEO plugin. -->","yoast_head_json":{"title":"Akcesoria i materia\u0142y eksploatacyjne - Kuchnia modu\u0142owa - Electrolux Professional Polska","description":"Nasz profesjonalny odt\u0142uszczacz jest idealnym \u015brodkiem czyszcz\u0105cym do powierzchni urz\u0105dze\u0144 s\u0142u\u017cacych do gotowania w wysokich temperaturach.","robots":{"index":"index","follow":"follow","max-snippet":"max-snippet:-1","max-image-preview":"max-image-preview:large","max-video-preview":"max-video-preview:-1"},"canonical":"https:\/\/www.electroluxprofessional.com\/pl\/akcesoria-materialy-eksploatacyjne\/kuchnia-modulowa\/","og_locale":"pl_PL","og_type":"article","og_title":"Akcesoria i materia\u0142y eksploatacyjne - Kuchnia modu\u0142owa - Electrolux Professional Polska","og_description":"Nasz profesjonalny odt\u0142uszczacz jest idealnym \u015brodkiem czyszcz\u0105cym do powierzchni urz\u0105dze\u0144 s\u0142u\u017cacych do gotowania w wysokich temperaturach.","og_url":"https:\/\/www.electroluxprofessional.com\/pl\/akcesoria-materialy-eksploatacyjne\/kuchnia-modulowa\/","og_site_name":"Electrolux Professional Polska","article_modified_time":"2025-11-05T15:19:39+00:00","og_image":[{"width":2000,"height":1333,"url":"https:\/\/www.electroluxprofessional.com\/pl\/wp-content\/uploads\/2016\/11\/xp1.jpg","type":"image\/jpeg"}],"twitter_card":"summary_large_image","twitter_misc":{"Szacowany czas czytania":"2 minuty"},"schema":{"@context":"https:\/\/schema.org","@graph":[{"@type":"WebPage","@id":"https:\/\/www.electroluxprofessional.com\/pl\/akcesoria-materialy-eksploatacyjne\/kuchnia-modulowa\/","url":"https:\/\/www.electroluxprofessional.com\/pl\/akcesoria-materialy-eksploatacyjne\/kuchnia-modulowa\/","name":"Akcesoria i materia\u0142y eksploatacyjne - Kuchnia modu\u0142owa - Electrolux Professional Polska","isPartOf":{"@id":"https:\/\/www.electroluxprofessional.com\/pl\/#website"},"primaryImageOfPage":{"@id":"https:\/\/www.electroluxprofessional.com\/pl\/akcesoria-materialy-eksploatacyjne\/kuchnia-modulowa\/#primaryimage"},"image":{"@id":"https:\/\/www.electroluxprofessional.com\/pl\/akcesoria-materialy-eksploatacyjne\/kuchnia-modulowa\/#primaryimage"},"thumbnailUrl":"https:\/\/www.electroluxprofessional.com\/pl\/wp-content\/uploads\/2016\/11\/xp1.jpg","datePublished":"2017-01-13T10:48:50+00:00","dateModified":"2025-11-05T15:19:39+00:00","description":"Nasz profesjonalny odt\u0142uszczacz jest idealnym \u015brodkiem czyszcz\u0105cym do powierzchni urz\u0105dze\u0144 s\u0142u\u017cacych do gotowania w wysokich temperaturach.","breadcrumb":{"@id":"https:\/\/www.electroluxprofessional.com\/pl\/akcesoria-materialy-eksploatacyjne\/kuchnia-modulowa\/#breadcrumb"},"inLanguage":"pl-PL","potentialAction":[{"@type":"ReadAction","target":["https:\/\/www.electroluxprofessional.com\/pl\/akcesoria-materialy-eksploatacyjne\/kuchnia-modulowa\/"]}]},{"@type":"ImageObject","inLanguage":"pl-PL","@id":"https:\/\/www.electroluxprofessional.com\/pl\/akcesoria-materialy-eksploatacyjne\/kuchnia-modulowa\/#primaryimage","url":"https:\/\/www.electroluxprofessional.com\/pl\/wp-content\/uploads\/2016\/11\/xp1.jpg","contentUrl":"https:\/\/www.electroluxprofessional.com\/pl\/wp-content\/uploads\/2016\/11\/xp1.jpg","width":2000,"height":1333,"caption":"900XP and 700XP"},{"@type":"BreadcrumbList","@id":"https:\/\/www.electroluxprofessional.com\/pl\/akcesoria-materialy-eksploatacyjne\/kuchnia-modulowa\/#breadcrumb","itemListElement":[{"@type":"ListItem","position":1,"name":"Strona g\u0142\u00f3wna","item":"https:\/\/www.electroluxprofessional.com\/pl\/"},{"@type":"ListItem","position":2,"name":"Akcesoria i materia\u0142y eksploatacyjne","item":"https:\/\/www.electroluxprofessional.com\/pl\/akcesoria-materialy-eksploatacyjne\/"},{"@type":"ListItem","position":3,"name":"Akcesoria i materia\u0142y eksploatacyjne &#8211; Kuchnia modu\u0142owa"}]},{"@type":"WebSite","@id":"https:\/\/www.electroluxprofessional.com\/pl\/#website","url":"https:\/\/www.electroluxprofessional.com\/pl\/","name":"Electrolux Professional Polska","description":"","potentialAction":[{"@type":"SearchAction","target":{"@type":"EntryPoint","urlTemplate":"https:\/\/www.electroluxprofessional.com\/pl\/?src={search_term_string}"},"query-input":"required name=search_term_string"}],"inLanguage":"pl-PL"}]}},"_links":{"self":[{"href":"https:\/\/www.electroluxprofessional.com\/pl\/wp-json\/wp\/v2\/pages\/1694"}],"collection":[{"href":"https:\/\/www.electroluxprofessional.com\/pl\/wp-json\/wp\/v2\/pages"}],"about":[{"href":"https:\/\/www.electroluxprofessional.com\/pl\/wp-json\/wp\/v2\/types\/page"}],"author":[{"embeddable":true,"href":"https:\/\/www.electroluxprofessional.com\/pl\/wp-json\/wp\/v2\/users\/3"}],"replies":[{"embeddable":true,"href":"https:\/\/www.electroluxprofessional.com\/pl\/wp-json\/wp\/v2\/comments?post=1694"}],"version-history":[{"count":6,"href":"https:\/\/www.electroluxprofessional.com\/pl\/wp-json\/wp\/v2\/pages\/1694\/revisions"}],"predecessor-version":[{"id":11613,"href":"https:\/\/www.electroluxprofessional.com\/pl\/wp-json\/wp\/v2\/pages\/1694\/revisions\/11613"}],"up":[{"embeddable":true,"href":"https:\/\/www.electroluxprofessional.com\/pl\/wp-json\/wp\/v2\/pages\/1715"}],"wp:featuredmedia":[{"embeddable":true,"href":"https:\/\/www.electroluxprofessional.com\/pl\/wp-json\/wp\/v2\/media\/1674"}],"wp:attachment":[{"href":"https:\/\/www.electroluxprofessional.com\/pl\/wp-json\/wp\/v2\/media?parent=1694"}],"curies":[{"name":"wp","href":"https:\/\/api.w.org\/{rel}","templated":true}]}}