{"id":1689,"date":"2016-05-09T07:00:16","date_gmt":"2016-05-09T07:00:16","guid":{"rendered":"https:\/\/www.electroluxprofessional.com\/?page_id=500"},"modified":"2020-10-01T07:44:19","modified_gmt":"2020-10-01T07:44:19","slug":"przepisy","status":"publish","type":"page","link":"https:\/\/www.electroluxprofessional.com\/pl\/chef-s-hub\/przepisy\/","title":{"rendered":"Przepisy"},"content":{"rendered":"<p>[vc_row full_width=&#8221;electroluxpro-full-width-no-padding&#8221;][vc_column][elx_hero_video label=&#8221;&#8221; label_background_color=&#8221;restaurant&#8221; background_video_mp4=&#8221;https:\/\/www.electroluxprofessional.com\/pl\/wp-content\/uploads\/2016\/05\/video-test-recipe-MVI_6988-ok-vm.mp4&#8243;][elx_heading font_container=&#8221;h1&#8243; font_size=&#8221;h1&#8243; text_color=&#8221;white&#8221;]Chef Academy Recipes[\/elx_heading][\/elx_hero_video][\/vc_column][\/vc_row][vc_row][vc_column width=&#8221;1\/2&#8243;][vc_empty_space][elx_image_block background_image=&#8221;581&#8243; minimum_height=&#8221;500px&#8221;][vc_empty_space][\/vc_column][vc_column width=&#8221;1\/2&#8243;][vc_column_text]<\/p>\n<h2>ideas&amp;friends<br \/>\ninspiruj i daj si\u0119 zainspirowa\u0107<\/h2>\n<p>&nbsp;<\/p>\n<p>Chef Academy to <strong>centrum inspiracji<\/strong>. Prowadzona przez do\u015bwiadczonych mentor\u00f3w kulinarnych z r\u00f3\u017cnych cz\u0119\u015bci \u015bwiata, ta <strong>unikalna i globalna sie\u0107<\/strong> s\u0142ucha Twoich pomys\u0142\u00f3w, a nast\u0119pnie realizuje Twoje potrzeby w oparciu o zaufanie i profesjonalizm.<\/p>\n<p>\u201eideas &amp; friends\u201c to idea, nasza droga do robienia interes\u00f3w. Zapraszamy wszystkich do dzielenia si\u0119 przy \u201eokr\u0105g\u0142ym stole\u201c <strong>pomys\u0142ami, wyzwaniami i rozwi\u0105zaniami testowymi<\/strong>. Zbudujmy wsp\u00f3lnie zesp\u00f3\u0142 maj\u0105cy na celu wzmocnienie Twojej firmy.[\/vc_column_text][\/vc_column][\/vc_row]<\/p>\n","protected":false},"excerpt":{"rendered":"<p>[vc_row full_width=&#8221;electroluxpro-full-width-no-padding&#8221;][vc_column][elx_hero_video label=&#8221;&#8221; label_background_color=&#8221;restaurant&#8221; background_video_mp4=&#8221;https:\/\/www.electroluxprofessional.com\/pl\/wp-content\/uploads\/2016\/05\/video-test-recipe-MVI_6988-ok-vm.mp4&#8243;][elx_heading font_container=&#8221;h1&#8243; font_size=&#8221;h1&#8243; text_color=&#8221;white&#8221;]Chef Academy Recipes[\/elx_heading][\/elx_hero_video][\/vc_column][\/vc_row][vc_row][vc_column width=&#8221;1\/2&#8243;][vc_empty_space][elx_image_block background_image=&#8221;581&#8243; minimum_height=&#8221;500px&#8221;][vc_empty_space][\/vc_column][vc_column width=&#8221;1\/2&#8243;][vc_column_text] ideas&amp;friends inspiruj i daj si\u0119 zainspirowa\u0107 &nbsp; Chef Academy to centrum inspiracji. Prowadzona przez do\u015bwiadczonych mentor\u00f3w kulinarnych z r\u00f3\u017cnych cz\u0119\u015bci \u015bwiata, ta unikalna i globalna sie\u0107 s\u0142ucha Twoich pomys\u0142\u00f3w, a nast\u0119pnie realizuje Twoje potrzeby w oparciu o zaufanie i profesjonalizm. \u201eideas [&hellip;]<\/p>\n","protected":false},"author":3,"featured_media":1688,"parent":2521,"menu_order":0,"comment_status":"closed","ping_status":"closed","template":"template-recipes.php","meta":{"footnotes":""},"class_list":["post-1689","page","type-page","status-publish","has-post-thumbnail","hentry"],"acf":[],"yoast_head":"<!-- This site is optimized with the Yoast SEO plugin v23.3 - https:\/\/yoast.com\/wordpress\/plugins\/seo\/ -->\n<title>Przepisy - Electrolux Professional<\/title>\n<meta name=\"description\" content=\"Chef Academy to centrum inspiracji. Prowadzona przez do\u015bwiadczonych mentor\u00f3w kulinarnych z r\u00f3\u017cnych cz\u0119\u015bci \u015bwiata, ta unikalna i globalna sie\u0107 s\u0142ucha Twoich pomys\u0142\u00f3w, a nast\u0119pnie realizuje Twoje potrzeby w oparciu o zaufanie i profesjonalizm.\" \/>\n<meta name=\"robots\" content=\"index, follow, max-snippet:-1, max-image-preview:large, max-video-preview:-1\" \/>\n<link rel=\"canonical\" href=\"https:\/\/www.electroluxprofessional.com\/pl\/chef-s-hub\/przepisy\/\" \/>\n<meta property=\"og:locale\" content=\"pl_PL\" \/>\n<meta property=\"og:type\" content=\"article\" \/>\n<meta property=\"og:title\" content=\"Przepisy - Electrolux Professional\" \/>\n<meta property=\"og:description\" content=\"Chef Academy to centrum inspiracji. Prowadzona przez do\u015bwiadczonych mentor\u00f3w kulinarnych z r\u00f3\u017cnych cz\u0119\u015bci \u015bwiata, ta unikalna i globalna sie\u0107 s\u0142ucha Twoich pomys\u0142\u00f3w, a nast\u0119pnie realizuje Twoje potrzeby w oparciu o zaufanie i profesjonalizm.\" \/>\n<meta property=\"og:url\" content=\"https:\/\/www.electroluxprofessional.com\/pl\/chef-s-hub\/przepisy\/\" \/>\n<meta property=\"og:site_name\" content=\"Electrolux Professional Polska\" \/>\n<meta property=\"article:modified_time\" content=\"2020-10-01T07:44:19+00:00\" \/>\n<meta property=\"og:image\" content=\"https:\/\/www.electroluxprofessional.com\/pl\/wp-content\/uploads\/2017\/02\/recipes.jpg\" \/>\n\t<meta property=\"og:image:width\" content=\"1631\" \/>\n\t<meta property=\"og:image:height\" content=\"796\" \/>\n\t<meta property=\"og:image:type\" content=\"image\/jpeg\" \/>\n<meta name=\"twitter:card\" content=\"summary_large_image\" \/>\n<meta name=\"twitter:label1\" content=\"Szacowany czas czytania\" \/>\n\t<meta name=\"twitter:data1\" content=\"1 minuta\" \/>\n<script type=\"application\/ld+json\" class=\"yoast-schema-graph\">{\"@context\":\"https:\/\/schema.org\",\"@graph\":[{\"@type\":\"WebPage\",\"@id\":\"https:\/\/www.electroluxprofessional.com\/pl\/chef-s-hub\/przepisy\/\",\"url\":\"https:\/\/www.electroluxprofessional.com\/pl\/chef-s-hub\/przepisy\/\",\"name\":\"Przepisy - Electrolux Professional\",\"isPartOf\":{\"@id\":\"https:\/\/www.electroluxprofessional.com\/pl\/#website\"},\"primaryImageOfPage\":{\"@id\":\"https:\/\/www.electroluxprofessional.com\/pl\/chef-s-hub\/przepisy\/#primaryimage\"},\"image\":{\"@id\":\"https:\/\/www.electroluxprofessional.com\/pl\/chef-s-hub\/przepisy\/#primaryimage\"},\"thumbnailUrl\":\"https:\/\/www.electroluxprofessional.com\/pl\/wp-content\/uploads\/2017\/02\/recipes.jpg\",\"datePublished\":\"2016-05-09T07:00:16+00:00\",\"dateModified\":\"2020-10-01T07:44:19+00:00\",\"description\":\"Chef Academy to centrum inspiracji. Prowadzona przez do\u015bwiadczonych mentor\u00f3w kulinarnych z r\u00f3\u017cnych cz\u0119\u015bci \u015bwiata, ta unikalna i globalna sie\u0107 s\u0142ucha Twoich pomys\u0142\u00f3w, a nast\u0119pnie realizuje Twoje potrzeby w oparciu o zaufanie i profesjonalizm.\",\"breadcrumb\":{\"@id\":\"https:\/\/www.electroluxprofessional.com\/pl\/chef-s-hub\/przepisy\/#breadcrumb\"},\"inLanguage\":\"pl-PL\",\"potentialAction\":[{\"@type\":\"ReadAction\",\"target\":[\"https:\/\/www.electroluxprofessional.com\/pl\/chef-s-hub\/przepisy\/\"]}]},{\"@type\":\"ImageObject\",\"inLanguage\":\"pl-PL\",\"@id\":\"https:\/\/www.electroluxprofessional.com\/pl\/chef-s-hub\/przepisy\/#primaryimage\",\"url\":\"https:\/\/www.electroluxprofessional.com\/pl\/wp-content\/uploads\/2017\/02\/recipes.jpg\",\"contentUrl\":\"https:\/\/www.electroluxprofessional.com\/pl\/wp-content\/uploads\/2017\/02\/recipes.jpg\",\"width\":1631,\"height\":796,\"caption\":\"recipes\"},{\"@type\":\"BreadcrumbList\",\"@id\":\"https:\/\/www.electroluxprofessional.com\/pl\/chef-s-hub\/przepisy\/#breadcrumb\",\"itemListElement\":[{\"@type\":\"ListItem\",\"position\":1,\"name\":\"Strona g\u0142\u00f3wna\",\"item\":\"https:\/\/www.electroluxprofessional.com\/pl\/\"},{\"@type\":\"ListItem\",\"position\":2,\"name\":\"Chef\u2019s Hub \u2013 O\u015brodek Szef\u00f3w Kuchni\",\"item\":\"https:\/\/www.electroluxprofessional.com\/pl\/chef-s-hub\/\"},{\"@type\":\"ListItem\",\"position\":3,\"name\":\"Przepisy\"}]},{\"@type\":\"WebSite\",\"@id\":\"https:\/\/www.electroluxprofessional.com\/pl\/#website\",\"url\":\"https:\/\/www.electroluxprofessional.com\/pl\/\",\"name\":\"Electrolux Professional Polska\",\"description\":\"\",\"potentialAction\":[{\"@type\":\"SearchAction\",\"target\":{\"@type\":\"EntryPoint\",\"urlTemplate\":\"https:\/\/www.electroluxprofessional.com\/pl\/?src={search_term_string}\"},\"query-input\":\"required name=search_term_string\"}],\"inLanguage\":\"pl-PL\"}]}<\/script>\n<!-- \/ Yoast SEO plugin. -->","yoast_head_json":{"title":"Przepisy - Electrolux Professional","description":"Chef Academy to centrum inspiracji. Prowadzona przez do\u015bwiadczonych mentor\u00f3w kulinarnych z r\u00f3\u017cnych cz\u0119\u015bci \u015bwiata, ta unikalna i globalna sie\u0107 s\u0142ucha Twoich pomys\u0142\u00f3w, a nast\u0119pnie realizuje Twoje potrzeby w oparciu o zaufanie i profesjonalizm.","robots":{"index":"index","follow":"follow","max-snippet":"max-snippet:-1","max-image-preview":"max-image-preview:large","max-video-preview":"max-video-preview:-1"},"canonical":"https:\/\/www.electroluxprofessional.com\/pl\/chef-s-hub\/przepisy\/","og_locale":"pl_PL","og_type":"article","og_title":"Przepisy - Electrolux Professional","og_description":"Chef Academy to centrum inspiracji. Prowadzona przez do\u015bwiadczonych mentor\u00f3w kulinarnych z r\u00f3\u017cnych cz\u0119\u015bci \u015bwiata, ta unikalna i globalna sie\u0107 s\u0142ucha Twoich pomys\u0142\u00f3w, a nast\u0119pnie realizuje Twoje potrzeby w oparciu o zaufanie i profesjonalizm.","og_url":"https:\/\/www.electroluxprofessional.com\/pl\/chef-s-hub\/przepisy\/","og_site_name":"Electrolux Professional Polska","article_modified_time":"2020-10-01T07:44:19+00:00","og_image":[{"width":1631,"height":796,"url":"https:\/\/www.electroluxprofessional.com\/pl\/wp-content\/uploads\/2017\/02\/recipes.jpg","type":"image\/jpeg"}],"twitter_card":"summary_large_image","twitter_misc":{"Szacowany czas czytania":"1 minuta"},"schema":{"@context":"https:\/\/schema.org","@graph":[{"@type":"WebPage","@id":"https:\/\/www.electroluxprofessional.com\/pl\/chef-s-hub\/przepisy\/","url":"https:\/\/www.electroluxprofessional.com\/pl\/chef-s-hub\/przepisy\/","name":"Przepisy - Electrolux Professional","isPartOf":{"@id":"https:\/\/www.electroluxprofessional.com\/pl\/#website"},"primaryImageOfPage":{"@id":"https:\/\/www.electroluxprofessional.com\/pl\/chef-s-hub\/przepisy\/#primaryimage"},"image":{"@id":"https:\/\/www.electroluxprofessional.com\/pl\/chef-s-hub\/przepisy\/#primaryimage"},"thumbnailUrl":"https:\/\/www.electroluxprofessional.com\/pl\/wp-content\/uploads\/2017\/02\/recipes.jpg","datePublished":"2016-05-09T07:00:16+00:00","dateModified":"2020-10-01T07:44:19+00:00","description":"Chef Academy to centrum inspiracji. Prowadzona przez do\u015bwiadczonych mentor\u00f3w kulinarnych z r\u00f3\u017cnych cz\u0119\u015bci \u015bwiata, ta unikalna i globalna sie\u0107 s\u0142ucha Twoich pomys\u0142\u00f3w, a nast\u0119pnie realizuje Twoje potrzeby w oparciu o zaufanie i profesjonalizm.","breadcrumb":{"@id":"https:\/\/www.electroluxprofessional.com\/pl\/chef-s-hub\/przepisy\/#breadcrumb"},"inLanguage":"pl-PL","potentialAction":[{"@type":"ReadAction","target":["https:\/\/www.electroluxprofessional.com\/pl\/chef-s-hub\/przepisy\/"]}]},{"@type":"ImageObject","inLanguage":"pl-PL","@id":"https:\/\/www.electroluxprofessional.com\/pl\/chef-s-hub\/przepisy\/#primaryimage","url":"https:\/\/www.electroluxprofessional.com\/pl\/wp-content\/uploads\/2017\/02\/recipes.jpg","contentUrl":"https:\/\/www.electroluxprofessional.com\/pl\/wp-content\/uploads\/2017\/02\/recipes.jpg","width":1631,"height":796,"caption":"recipes"},{"@type":"BreadcrumbList","@id":"https:\/\/www.electroluxprofessional.com\/pl\/chef-s-hub\/przepisy\/#breadcrumb","itemListElement":[{"@type":"ListItem","position":1,"name":"Strona g\u0142\u00f3wna","item":"https:\/\/www.electroluxprofessional.com\/pl\/"},{"@type":"ListItem","position":2,"name":"Chef\u2019s Hub \u2013 O\u015brodek Szef\u00f3w Kuchni","item":"https:\/\/www.electroluxprofessional.com\/pl\/chef-s-hub\/"},{"@type":"ListItem","position":3,"name":"Przepisy"}]},{"@type":"WebSite","@id":"https:\/\/www.electroluxprofessional.com\/pl\/#website","url":"https:\/\/www.electroluxprofessional.com\/pl\/","name":"Electrolux Professional Polska","description":"","potentialAction":[{"@type":"SearchAction","target":{"@type":"EntryPoint","urlTemplate":"https:\/\/www.electroluxprofessional.com\/pl\/?src={search_term_string}"},"query-input":"required name=search_term_string"}],"inLanguage":"pl-PL"}]}},"_links":{"self":[{"href":"https:\/\/www.electroluxprofessional.com\/pl\/wp-json\/wp\/v2\/pages\/1689"}],"collection":[{"href":"https:\/\/www.electroluxprofessional.com\/pl\/wp-json\/wp\/v2\/pages"}],"about":[{"href":"https:\/\/www.electroluxprofessional.com\/pl\/wp-json\/wp\/v2\/types\/page"}],"author":[{"embeddable":true,"href":"https:\/\/www.electroluxprofessional.com\/pl\/wp-json\/wp\/v2\/users\/3"}],"replies":[{"embeddable":true,"href":"https:\/\/www.electroluxprofessional.com\/pl\/wp-json\/wp\/v2\/comments?post=1689"}],"version-history":[{"count":2,"href":"https:\/\/www.electroluxprofessional.com\/pl\/wp-json\/wp\/v2\/pages\/1689\/revisions"}],"predecessor-version":[{"id":2841,"href":"https:\/\/www.electroluxprofessional.com\/pl\/wp-json\/wp\/v2\/pages\/1689\/revisions\/2841"}],"up":[{"embeddable":true,"href":"https:\/\/www.electroluxprofessional.com\/pl\/wp-json\/wp\/v2\/pages\/2521"}],"wp:featuredmedia":[{"embeddable":true,"href":"https:\/\/www.electroluxprofessional.com\/pl\/wp-json\/wp\/v2\/media\/1688"}],"wp:attachment":[{"href":"https:\/\/www.electroluxprofessional.com\/pl\/wp-json\/wp\/v2\/media?parent=1689"}],"curies":[{"name":"wp","href":"https:\/\/api.w.org\/{rel}","templated":true}]}}