{"id":1680,"date":"2016-11-22T12:54:25","date_gmt":"2016-11-22T12:54:25","guid":{"rendered":"https:\/\/www.electroluxprofessional.com\/?page_id=5661"},"modified":"2019-06-28T12:05:16","modified_gmt":"2019-06-28T12:05:16","slug":"patelnie-gotowania-pieczenia","status":"publish","type":"page","link":"https:\/\/www.electroluxprofessional.com\/pl\/gastronomia\/patelnie-gotowania-pieczenia\/","title":{"rendered":"Patelnie do gotowania i pieczenia"},"content":{"rendered":"<p>[vc_row full_width=&#8221;electroluxpro-full-width-no-padding&#8221;][vc_column][elx_hero_slider text_position=&#8221;hero_slider_text_align_right&#8221; label_text_color=&#8221;inherit&#8221; images=&#8221;1673&#8243;][elx_heading font_container=&#8221;h1&#8243; font_size=&#8221;h2&#8243; text_color=&#8221;inherit&#8221;]Patelnie do gotowania i pieczenia<br \/>\n[\/elx_heading][\/elx_hero_slider][\/vc_column][\/vc_row][vc_row][vc_column width=&#8221;1\/3&#8243;][elx_maylike_box id_box=&#8221;1498&#8243;][\/vc_column][vc_column width=&#8221;1\/3&#8243;][elx_maylike_box id_box=&#8221;1676&#8243;][\/vc_column][vc_column width=&#8221;1\/3&#8243;][elx_maylike_box id_box=&#8221;1678&#8243;][\/vc_column][\/vc_row][vc_row][vc_column][vc_empty_space height=&#8221;50px&#8221;][\/vc_column][\/vc_row][vc_row][vc_column][elx_heading font_size=&#8221;h3&#8243; text_color=&#8221;inherit&#8221; text_align=&#8221;text-center&#8221;]Znajd\u017a idealny pakiet dla Twojej firmy[\/elx_heading][\/vc_column][\/vc_row][vc_row][vc_column width=&#8221;1\/3&#8243;][elx_maylike_box id_box=&#8221;1182&#8243;][\/vc_column][vc_column width=&#8221;1\/3&#8243;][elx_maylike_box id_box=&#8221;1195&#8243;][\/vc_column][vc_column width=&#8221;1\/3&#8243;][elx_maylike_box id_box=&#8221;1309&#8243;][\/vc_column][\/vc_row][vc_row][vc_column][vc_empty_space height=&#8221;50px&#8221;][\/vc_column][\/vc_row][vc_row][vc_column][elx_heading font_size=&#8221;h2&#8243; text_color=&#8221;inherit&#8221;]Dowiedz si\u0119 jak nasze patelnie do gotowania i duszenia mog\u0105 pom\u00f3c Twojej firmie [\/elx_heading][elx_o2000_contact_us r=&#8221;Chcia\u0142bym dowiedzie\u0107 si\u0119 wi\u0119cej o patelniach do gotowania i duszenia. Prosz\u0119 si\u0119 ze mn\u0105 skontaktowa\u0107.&#8221; s=&#8221;Request of information about Boiling and braising pans&#8221; country=&#8221;Poland&#8221; l=&#8221;pl&#8221; container=&#8221;elxcontactus1479898176&#8243;][vc_empty_space height=&#8221;50px&#8221;][\/vc_column][\/vc_row]<\/p>\n","protected":false},"excerpt":{"rendered":"<p>[vc_row full_width=&#8221;electroluxpro-full-width-no-padding&#8221;][vc_column][elx_hero_slider text_position=&#8221;hero_slider_text_align_right&#8221; label_text_color=&#8221;inherit&#8221; images=&#8221;1673&#8243;][elx_heading font_container=&#8221;h1&#8243; font_size=&#8221;h2&#8243; text_color=&#8221;inherit&#8221;]Patelnie do gotowania i pieczenia [\/elx_heading][\/elx_hero_slider][\/vc_column][\/vc_row][vc_row][vc_column width=&#8221;1\/3&#8243;][elx_maylike_box id_box=&#8221;1498&#8243;][\/vc_column][vc_column width=&#8221;1\/3&#8243;][elx_maylike_box id_box=&#8221;1676&#8243;][\/vc_column][vc_column width=&#8221;1\/3&#8243;][elx_maylike_box id_box=&#8221;1678&#8243;][\/vc_column][\/vc_row][vc_row][vc_column][vc_empty_space height=&#8221;50px&#8221;][\/vc_column][\/vc_row][vc_row][vc_column][elx_heading font_size=&#8221;h3&#8243; text_color=&#8221;inherit&#8221; text_align=&#8221;text-center&#8221;]Znajd\u017a idealny pakiet dla Twojej firmy[\/elx_heading][\/vc_column][\/vc_row][vc_row][vc_column width=&#8221;1\/3&#8243;][elx_maylike_box id_box=&#8221;1182&#8243;][\/vc_column][vc_column width=&#8221;1\/3&#8243;][elx_maylike_box id_box=&#8221;1195&#8243;][\/vc_column][vc_column width=&#8221;1\/3&#8243;][elx_maylike_box id_box=&#8221;1309&#8243;][\/vc_column][\/vc_row][vc_row][vc_column][vc_empty_space height=&#8221;50px&#8221;][\/vc_column][\/vc_row][vc_row][vc_column][elx_heading font_size=&#8221;h2&#8243; text_color=&#8221;inherit&#8221;]Dowiedz si\u0119 jak nasze patelnie do gotowania i duszenia mog\u0105 pom\u00f3c Twojej firmie [\/elx_heading][elx_o2000_contact_us r=&#8221;Chcia\u0142bym dowiedzie\u0107 si\u0119 wi\u0119cej o [&hellip;]<\/p>\n","protected":false},"author":3,"featured_media":1673,"parent":1148,"menu_order":0,"comment_status":"closed","ping_status":"closed","template":"","meta":{"footnotes":""},"class_list":["post-1680","page","type-page","status-publish","has-post-thumbnail","hentry"],"acf":[],"yoast_head":"<!-- This site is optimized with the Yoast SEO plugin v23.3 - https:\/\/yoast.com\/wordpress\/plugins\/seo\/ -->\n<title>Patelnie do gotowania i pieczenia - Electrolux Professional Polska<\/title>\n<meta name=\"description\" content=\"Dowiedz si\u0119 jak patelnie do gotowania i duszenia od Electrolux Professional mog\u0105 pom\u00f3c Twojej firmie.\" \/>\n<meta name=\"robots\" content=\"index, follow, max-snippet:-1, max-image-preview:large, max-video-preview:-1\" \/>\n<link rel=\"canonical\" href=\"https:\/\/www.electroluxprofessional.com\/pl\/gastronomia\/patelnie-gotowania-pieczenia\/\" \/>\n<meta property=\"og:locale\" content=\"pl_PL\" \/>\n<meta property=\"og:type\" content=\"article\" \/>\n<meta property=\"og:title\" content=\"Patelnie do gotowania i pieczenia - Electrolux Professional Polska\" \/>\n<meta property=\"og:description\" content=\"Dowiedz si\u0119 jak patelnie do gotowania i duszenia od Electrolux Professional mog\u0105 pom\u00f3c Twojej firmie.\" \/>\n<meta property=\"og:url\" content=\"https:\/\/www.electroluxprofessional.com\/pl\/gastronomia\/patelnie-gotowania-pieczenia\/\" \/>\n<meta property=\"og:site_name\" content=\"Electrolux Professional Polska\" \/>\n<meta property=\"article:modified_time\" content=\"2019-06-28T12:05:16+00:00\" \/>\n<meta property=\"og:image\" content=\"https:\/\/www.electroluxprofessional.com\/pl\/wp-content\/uploads\/2016\/11\/banner-13.jpg\" \/>\n\t<meta property=\"og:image:width\" content=\"2000\" \/>\n\t<meta property=\"og:image:height\" content=\"1333\" \/>\n\t<meta property=\"og:image:type\" content=\"image\/jpeg\" \/>\n<meta name=\"twitter:card\" content=\"summary_large_image\" \/>\n<meta name=\"twitter:label1\" content=\"Szacowany czas czytania\" \/>\n\t<meta name=\"twitter:data1\" content=\"1 minuta\" \/>\n<script type=\"application\/ld+json\" class=\"yoast-schema-graph\">{\"@context\":\"https:\/\/schema.org\",\"@graph\":[{\"@type\":\"WebPage\",\"@id\":\"https:\/\/www.electroluxprofessional.com\/pl\/gastronomia\/patelnie-gotowania-pieczenia\/\",\"url\":\"https:\/\/www.electroluxprofessional.com\/pl\/gastronomia\/patelnie-gotowania-pieczenia\/\",\"name\":\"Patelnie do gotowania i pieczenia - Electrolux Professional Polska\",\"isPartOf\":{\"@id\":\"https:\/\/www.electroluxprofessional.com\/pl\/#website\"},\"primaryImageOfPage\":{\"@id\":\"https:\/\/www.electroluxprofessional.com\/pl\/gastronomia\/patelnie-gotowania-pieczenia\/#primaryimage\"},\"image\":{\"@id\":\"https:\/\/www.electroluxprofessional.com\/pl\/gastronomia\/patelnie-gotowania-pieczenia\/#primaryimage\"},\"thumbnailUrl\":\"https:\/\/www.electroluxprofessional.com\/pl\/wp-content\/uploads\/2016\/11\/banner-13.jpg\",\"datePublished\":\"2016-11-22T12:54:25+00:00\",\"dateModified\":\"2019-06-28T12:05:16+00:00\",\"description\":\"Dowiedz si\u0119 jak patelnie do gotowania i duszenia od Electrolux Professional mog\u0105 pom\u00f3c Twojej firmie.\",\"breadcrumb\":{\"@id\":\"https:\/\/www.electroluxprofessional.com\/pl\/gastronomia\/patelnie-gotowania-pieczenia\/#breadcrumb\"},\"inLanguage\":\"pl-PL\",\"potentialAction\":[{\"@type\":\"ReadAction\",\"target\":[\"https:\/\/www.electroluxprofessional.com\/pl\/gastronomia\/patelnie-gotowania-pieczenia\/\"]}]},{\"@type\":\"ImageObject\",\"inLanguage\":\"pl-PL\",\"@id\":\"https:\/\/www.electroluxprofessional.com\/pl\/gastronomia\/patelnie-gotowania-pieczenia\/#primaryimage\",\"url\":\"https:\/\/www.electroluxprofessional.com\/pl\/wp-content\/uploads\/2016\/11\/banner-13.jpg\",\"contentUrl\":\"https:\/\/www.electroluxprofessional.com\/pl\/wp-content\/uploads\/2016\/11\/banner-13.jpg\",\"width\":2000,\"height\":1333,\"caption\":\"Boiling and braising pans\"},{\"@type\":\"BreadcrumbList\",\"@id\":\"https:\/\/www.electroluxprofessional.com\/pl\/gastronomia\/patelnie-gotowania-pieczenia\/#breadcrumb\",\"itemListElement\":[{\"@type\":\"ListItem\",\"position\":1,\"name\":\"Strona g\u0142\u00f3wna\",\"item\":\"https:\/\/www.electroluxprofessional.com\/pl\/\"},{\"@type\":\"ListItem\",\"position\":2,\"name\":\"Gastronomia\",\"item\":\"https:\/\/www.electroluxprofessional.com\/pl\/gastronomia\/\"},{\"@type\":\"ListItem\",\"position\":3,\"name\":\"Patelnie do gotowania i pieczenia\"}]},{\"@type\":\"WebSite\",\"@id\":\"https:\/\/www.electroluxprofessional.com\/pl\/#website\",\"url\":\"https:\/\/www.electroluxprofessional.com\/pl\/\",\"name\":\"Electrolux Professional Polska\",\"description\":\"\",\"potentialAction\":[{\"@type\":\"SearchAction\",\"target\":{\"@type\":\"EntryPoint\",\"urlTemplate\":\"https:\/\/www.electroluxprofessional.com\/pl\/?src={search_term_string}\"},\"query-input\":\"required name=search_term_string\"}],\"inLanguage\":\"pl-PL\"}]}<\/script>\n<!-- \/ Yoast SEO plugin. -->","yoast_head_json":{"title":"Patelnie do gotowania i pieczenia - Electrolux Professional Polska","description":"Dowiedz si\u0119 jak patelnie do gotowania i duszenia od Electrolux Professional mog\u0105 pom\u00f3c Twojej firmie.","robots":{"index":"index","follow":"follow","max-snippet":"max-snippet:-1","max-image-preview":"max-image-preview:large","max-video-preview":"max-video-preview:-1"},"canonical":"https:\/\/www.electroluxprofessional.com\/pl\/gastronomia\/patelnie-gotowania-pieczenia\/","og_locale":"pl_PL","og_type":"article","og_title":"Patelnie do gotowania i pieczenia - Electrolux Professional Polska","og_description":"Dowiedz si\u0119 jak patelnie do gotowania i duszenia od Electrolux Professional mog\u0105 pom\u00f3c Twojej firmie.","og_url":"https:\/\/www.electroluxprofessional.com\/pl\/gastronomia\/patelnie-gotowania-pieczenia\/","og_site_name":"Electrolux Professional Polska","article_modified_time":"2019-06-28T12:05:16+00:00","og_image":[{"width":2000,"height":1333,"url":"https:\/\/www.electroluxprofessional.com\/pl\/wp-content\/uploads\/2016\/11\/banner-13.jpg","type":"image\/jpeg"}],"twitter_card":"summary_large_image","twitter_misc":{"Szacowany czas czytania":"1 minuta"},"schema":{"@context":"https:\/\/schema.org","@graph":[{"@type":"WebPage","@id":"https:\/\/www.electroluxprofessional.com\/pl\/gastronomia\/patelnie-gotowania-pieczenia\/","url":"https:\/\/www.electroluxprofessional.com\/pl\/gastronomia\/patelnie-gotowania-pieczenia\/","name":"Patelnie do gotowania i pieczenia - Electrolux Professional Polska","isPartOf":{"@id":"https:\/\/www.electroluxprofessional.com\/pl\/#website"},"primaryImageOfPage":{"@id":"https:\/\/www.electroluxprofessional.com\/pl\/gastronomia\/patelnie-gotowania-pieczenia\/#primaryimage"},"image":{"@id":"https:\/\/www.electroluxprofessional.com\/pl\/gastronomia\/patelnie-gotowania-pieczenia\/#primaryimage"},"thumbnailUrl":"https:\/\/www.electroluxprofessional.com\/pl\/wp-content\/uploads\/2016\/11\/banner-13.jpg","datePublished":"2016-11-22T12:54:25+00:00","dateModified":"2019-06-28T12:05:16+00:00","description":"Dowiedz si\u0119 jak patelnie do gotowania i duszenia od Electrolux Professional mog\u0105 pom\u00f3c Twojej firmie.","breadcrumb":{"@id":"https:\/\/www.electroluxprofessional.com\/pl\/gastronomia\/patelnie-gotowania-pieczenia\/#breadcrumb"},"inLanguage":"pl-PL","potentialAction":[{"@type":"ReadAction","target":["https:\/\/www.electroluxprofessional.com\/pl\/gastronomia\/patelnie-gotowania-pieczenia\/"]}]},{"@type":"ImageObject","inLanguage":"pl-PL","@id":"https:\/\/www.electroluxprofessional.com\/pl\/gastronomia\/patelnie-gotowania-pieczenia\/#primaryimage","url":"https:\/\/www.electroluxprofessional.com\/pl\/wp-content\/uploads\/2016\/11\/banner-13.jpg","contentUrl":"https:\/\/www.electroluxprofessional.com\/pl\/wp-content\/uploads\/2016\/11\/banner-13.jpg","width":2000,"height":1333,"caption":"Boiling and braising pans"},{"@type":"BreadcrumbList","@id":"https:\/\/www.electroluxprofessional.com\/pl\/gastronomia\/patelnie-gotowania-pieczenia\/#breadcrumb","itemListElement":[{"@type":"ListItem","position":1,"name":"Strona g\u0142\u00f3wna","item":"https:\/\/www.electroluxprofessional.com\/pl\/"},{"@type":"ListItem","position":2,"name":"Gastronomia","item":"https:\/\/www.electroluxprofessional.com\/pl\/gastronomia\/"},{"@type":"ListItem","position":3,"name":"Patelnie do gotowania i pieczenia"}]},{"@type":"WebSite","@id":"https:\/\/www.electroluxprofessional.com\/pl\/#website","url":"https:\/\/www.electroluxprofessional.com\/pl\/","name":"Electrolux Professional Polska","description":"","potentialAction":[{"@type":"SearchAction","target":{"@type":"EntryPoint","urlTemplate":"https:\/\/www.electroluxprofessional.com\/pl\/?src={search_term_string}"},"query-input":"required name=search_term_string"}],"inLanguage":"pl-PL"}]}},"_links":{"self":[{"href":"https:\/\/www.electroluxprofessional.com\/pl\/wp-json\/wp\/v2\/pages\/1680"}],"collection":[{"href":"https:\/\/www.electroluxprofessional.com\/pl\/wp-json\/wp\/v2\/pages"}],"about":[{"href":"https:\/\/www.electroluxprofessional.com\/pl\/wp-json\/wp\/v2\/types\/page"}],"author":[{"embeddable":true,"href":"https:\/\/www.electroluxprofessional.com\/pl\/wp-json\/wp\/v2\/users\/3"}],"replies":[{"embeddable":true,"href":"https:\/\/www.electroluxprofessional.com\/pl\/wp-json\/wp\/v2\/comments?post=1680"}],"version-history":[{"count":5,"href":"https:\/\/www.electroluxprofessional.com\/pl\/wp-json\/wp\/v2\/pages\/1680\/revisions"}],"predecessor-version":[{"id":4565,"href":"https:\/\/www.electroluxprofessional.com\/pl\/wp-json\/wp\/v2\/pages\/1680\/revisions\/4565"}],"up":[{"embeddable":true,"href":"https:\/\/www.electroluxprofessional.com\/pl\/wp-json\/wp\/v2\/pages\/1148"}],"wp:featuredmedia":[{"embeddable":true,"href":"https:\/\/www.electroluxprofessional.com\/pl\/wp-json\/wp\/v2\/media\/1673"}],"wp:attachment":[{"href":"https:\/\/www.electroluxprofessional.com\/pl\/wp-json\/wp\/v2\/media?parent=1680"}],"curies":[{"name":"wp","href":"https:\/\/api.w.org\/{rel}","templated":true}]}}