{"id":1669,"date":"2016-11-28T08:46:10","date_gmt":"2016-11-28T08:46:10","guid":{"rendered":"https:\/\/www.electroluxprofessional.com\/?page_id=5943"},"modified":"2025-11-05T15:16:34","modified_gmt":"2025-11-05T15:16:34","slug":"komory-chlodnicze","status":"publish","type":"page","link":"https:\/\/www.electroluxprofessional.com\/pl\/gastronomia\/komory-chlodnicze\/","title":{"rendered":"Komory ch\u0142odnicze"},"content":{"rendered":"<p>[vc_row full_width=&#8221;electroluxpro-full-width-no-padding&#8221;][vc_column][elx_image_block background_image=&#8221;1665&#8243; minimum_height=&#8221;400px&#8221;][\/vc_column][\/vc_row][vc_row][vc_column][vc_empty_space][elx_heading font_container=&#8221;h1&#8243; font_size=&#8221;h2&#8243; text_color=&#8221;inherit&#8221; text_align=&#8221;text-center&#8221;]Komory ch\u0142odnicze[\/elx_heading][vc_empty_space height=&#8221;50px&#8221;][\/vc_column][\/vc_row][vc_row][vc_column width=&#8221;2\/3&#8243;][vc_column_text]Komory ch\u0142odnicze Electrolux Professional dost\u0119pne s\u0105 w rozmaitych rozmiarach oraz mog\u0105 posiada\u0107 r\u00f3\u017cne funkcje. S\u0105 przygotowane do pracy w temperaturach tropikalnych (+ 43\u00baC).<\/p>\n<p>Gama produkt\u00f3w obejmuje komory ch\u0142odnicze i mro\u017anicze (-18 \/ -20\u00baC) z <strong>wbudowanymi i osobnymi agregatami ch\u0142odniczymi.<\/strong><\/p>\n<p>Nasze komory ch\u0142odnicze rozmra\u017caj\u0105 si\u0119 przy u\u017cyciu <strong>podgrzanego gazu<\/strong> jednocze\u015bnie odparowuj\u0105c wod\u0119. Technologia ta pozwala <strong>zredukowa\u0107 zu\u017cycie energii<\/strong> umo\u017cliwiaj\u0105c kr\u00f3tszy czas rozmra\u017cania i ogranicza nagrzewanie si\u0119 komory ch\u0142odniczej.<\/p>\n<p>Podczas instalacji nie jest wymagana specjalistyczna wiedza z zakresu ch\u0142odnictwa.[\/vc_column_text][\/vc_column][vc_column width=&#8221;1\/3&#8243;][vc_single_image image=&#8221;1668&#8243; img_size=&#8221;full&#8221;][\/vc_column][\/vc_row][vc_row][vc_column][elx_heading font_size=&#8221;h3&#8243; text_color=&#8221;inherit&#8221; text_align=&#8221;text-center&#8221;]Znajd\u017a idealny pakiet dla Twojej firmy[\/elx_heading][\/vc_column][\/vc_row][vc_row][vc_column width=&#8221;1\/3&#8243;][elx_maylike_box id_box=&#8221;1195&#8243;][\/vc_column][vc_column width=&#8221;1\/3&#8243;][elx_maylike_box id_box=&#8221;1182&#8243;][\/vc_column][vc_column width=&#8221;1\/3&#8243;][elx_maylike_box id_box=&#8221;1250&#8243;][\/vc_column][\/vc_row][vc_row][vc_column][vc_empty_space height=&#8221;50px&#8221;][elx_heading text_color=&#8221;inherit&#8221; text_align=&#8221;text-center&#8221;]Dowiedz si\u0119 jak komory ch\u0142odnicze mog\u0105 pom\u00f3c Twojej firmie [\/elx_heading][elx_o2000_contact_us r=&#8221;Chcia\u0142bym dowiedzie\u0107 si\u0119 wi\u0119cej o komorach ch\u0142odniczych. Prosz\u0119 si\u0119 ze mn\u0105 skontaktowa\u0107.&#8221; s=&#8221;Request of information about cold rooms&#8221; country=&#8221;Poland&#8221; l=&#8221;pl&#8221; container=&#8221;elxcontactus1480430220&#8243;][vc_empty_space height=&#8221;50px&#8221;][\/vc_column][\/vc_row]<\/p>\n","protected":false},"excerpt":{"rendered":"<p>[vc_row full_width=&#8221;electroluxpro-full-width-no-padding&#8221;][vc_column][elx_image_block background_image=&#8221;1665&#8243; minimum_height=&#8221;400px&#8221;][\/vc_column][\/vc_row][vc_row][vc_column][vc_empty_space][elx_heading font_container=&#8221;h1&#8243; font_size=&#8221;h2&#8243; text_color=&#8221;inherit&#8221; text_align=&#8221;text-center&#8221;]Komory ch\u0142odnicze[\/elx_heading][vc_empty_space height=&#8221;50px&#8221;][\/vc_column][\/vc_row][vc_row][vc_column width=&#8221;2\/3&#8243;][vc_column_text]Komory ch\u0142odnicze Electrolux Professional dost\u0119pne s\u0105 w rozmaitych rozmiarach oraz mog\u0105 posiada\u0107 r\u00f3\u017cne funkcje. S\u0105 przygotowane do pracy w temperaturach tropikalnych (+ 43\u00baC). Gama produkt\u00f3w obejmuje komory ch\u0142odnicze i mro\u017anicze (-18 \/ -20\u00baC) z wbudowanymi i osobnymi agregatami ch\u0142odniczymi. Nasze komory ch\u0142odnicze rozmra\u017caj\u0105 si\u0119 przy [&hellip;]<\/p>\n","protected":false},"author":3,"featured_media":1665,"parent":1148,"menu_order":0,"comment_status":"closed","ping_status":"closed","template":"","meta":{"footnotes":""},"class_list":["post-1669","page","type-page","status-publish","has-post-thumbnail","hentry"],"acf":[],"yoast_head":"<!-- This site is optimized with the Yoast SEO plugin v23.3 - https:\/\/yoast.com\/wordpress\/plugins\/seo\/ -->\n<title>Komory ch\u0142odnicze mro\u017anicze Electrolux Professional wyposa\u017cenie gastronomii<\/title>\n<meta name=\"description\" content=\"Nasze komory ch\u0142odnicze rozmra\u017caj\u0105 si\u0119 przy u\u017cyciu podgrzanego gazu jednocze\u015bnie odparowuj\u0105c wod\u0119. Technologia ta pozwala zredukowa\u0107 zu\u017cycie energii umo\u017cliwiaj\u0105c kr\u00f3tszy czas rozmra\u017cania i ogranicza nagrzewanie si\u0119 komory ch\u0142odniczej.\" \/>\n<meta name=\"robots\" content=\"index, follow, max-snippet:-1, max-image-preview:large, max-video-preview:-1\" \/>\n<link rel=\"canonical\" href=\"https:\/\/www.electroluxprofessional.com\/pl\/gastronomia\/komory-chlodnicze\/\" \/>\n<meta property=\"og:locale\" content=\"pl_PL\" \/>\n<meta property=\"og:type\" content=\"article\" \/>\n<meta property=\"og:title\" content=\"Komory ch\u0142odnicze mro\u017anicze Electrolux Professional wyposa\u017cenie gastronomii\" \/>\n<meta property=\"og:description\" content=\"Nasze komory ch\u0142odnicze rozmra\u017caj\u0105 si\u0119 przy u\u017cyciu podgrzanego gazu jednocze\u015bnie odparowuj\u0105c wod\u0119. Technologia ta pozwala zredukowa\u0107 zu\u017cycie energii umo\u017cliwiaj\u0105c kr\u00f3tszy czas rozmra\u017cania i ogranicza nagrzewanie si\u0119 komory ch\u0142odniczej.\" \/>\n<meta property=\"og:url\" content=\"https:\/\/www.electroluxprofessional.com\/pl\/gastronomia\/komory-chlodnicze\/\" \/>\n<meta property=\"og:site_name\" content=\"Electrolux Professional Polska\" \/>\n<meta property=\"article:modified_time\" content=\"2025-11-05T15:16:34+00:00\" \/>\n<meta property=\"og:image\" content=\"https:\/\/www.electroluxprofessional.com\/pl\/wp-content\/uploads\/2016\/11\/banner-18.jpg\" \/>\n\t<meta property=\"og:image:width\" content=\"2000\" \/>\n\t<meta property=\"og:image:height\" content=\"1333\" \/>\n\t<meta property=\"og:image:type\" content=\"image\/jpeg\" \/>\n<meta name=\"twitter:card\" content=\"summary_large_image\" \/>\n<meta name=\"twitter:label1\" content=\"Szacowany czas czytania\" \/>\n\t<meta name=\"twitter:data1\" content=\"2 minuty\" \/>\n<script type=\"application\/ld+json\" class=\"yoast-schema-graph\">{\"@context\":\"https:\/\/schema.org\",\"@graph\":[{\"@type\":\"WebPage\",\"@id\":\"https:\/\/www.electroluxprofessional.com\/pl\/gastronomia\/komory-chlodnicze\/\",\"url\":\"https:\/\/www.electroluxprofessional.com\/pl\/gastronomia\/komory-chlodnicze\/\",\"name\":\"Komory ch\u0142odnicze mro\u017anicze Electrolux Professional wyposa\u017cenie gastronomii\",\"isPartOf\":{\"@id\":\"https:\/\/www.electroluxprofessional.com\/pl\/#website\"},\"primaryImageOfPage\":{\"@id\":\"https:\/\/www.electroluxprofessional.com\/pl\/gastronomia\/komory-chlodnicze\/#primaryimage\"},\"image\":{\"@id\":\"https:\/\/www.electroluxprofessional.com\/pl\/gastronomia\/komory-chlodnicze\/#primaryimage\"},\"thumbnailUrl\":\"https:\/\/www.electroluxprofessional.com\/pl\/wp-content\/uploads\/2016\/11\/banner-18.jpg\",\"datePublished\":\"2016-11-28T08:46:10+00:00\",\"dateModified\":\"2025-11-05T15:16:34+00:00\",\"description\":\"Nasze komory ch\u0142odnicze rozmra\u017caj\u0105 si\u0119 przy u\u017cyciu podgrzanego gazu jednocze\u015bnie odparowuj\u0105c wod\u0119. Technologia ta pozwala zredukowa\u0107 zu\u017cycie energii umo\u017cliwiaj\u0105c kr\u00f3tszy czas rozmra\u017cania i ogranicza nagrzewanie si\u0119 komory ch\u0142odniczej.\",\"breadcrumb\":{\"@id\":\"https:\/\/www.electroluxprofessional.com\/pl\/gastronomia\/komory-chlodnicze\/#breadcrumb\"},\"inLanguage\":\"pl-PL\",\"potentialAction\":[{\"@type\":\"ReadAction\",\"target\":[\"https:\/\/www.electroluxprofessional.com\/pl\/gastronomia\/komory-chlodnicze\/\"]}]},{\"@type\":\"ImageObject\",\"inLanguage\":\"pl-PL\",\"@id\":\"https:\/\/www.electroluxprofessional.com\/pl\/gastronomia\/komory-chlodnicze\/#primaryimage\",\"url\":\"https:\/\/www.electroluxprofessional.com\/pl\/wp-content\/uploads\/2016\/11\/banner-18.jpg\",\"contentUrl\":\"https:\/\/www.electroluxprofessional.com\/pl\/wp-content\/uploads\/2016\/11\/banner-18.jpg\",\"width\":2000,\"height\":1333,\"caption\":\"cold rooms food\"},{\"@type\":\"BreadcrumbList\",\"@id\":\"https:\/\/www.electroluxprofessional.com\/pl\/gastronomia\/komory-chlodnicze\/#breadcrumb\",\"itemListElement\":[{\"@type\":\"ListItem\",\"position\":1,\"name\":\"Strona g\u0142\u00f3wna\",\"item\":\"https:\/\/www.electroluxprofessional.com\/pl\/\"},{\"@type\":\"ListItem\",\"position\":2,\"name\":\"Gastronomia\",\"item\":\"https:\/\/www.electroluxprofessional.com\/pl\/gastronomia\/\"},{\"@type\":\"ListItem\",\"position\":3,\"name\":\"Komory ch\u0142odnicze\"}]},{\"@type\":\"WebSite\",\"@id\":\"https:\/\/www.electroluxprofessional.com\/pl\/#website\",\"url\":\"https:\/\/www.electroluxprofessional.com\/pl\/\",\"name\":\"Electrolux Professional Polska\",\"description\":\"\",\"potentialAction\":[{\"@type\":\"SearchAction\",\"target\":{\"@type\":\"EntryPoint\",\"urlTemplate\":\"https:\/\/www.electroluxprofessional.com\/pl\/?src={search_term_string}\"},\"query-input\":\"required name=search_term_string\"}],\"inLanguage\":\"pl-PL\"}]}<\/script>\n<!-- \/ Yoast SEO plugin. -->","yoast_head_json":{"title":"Komory ch\u0142odnicze mro\u017anicze Electrolux Professional wyposa\u017cenie gastronomii","description":"Nasze komory ch\u0142odnicze rozmra\u017caj\u0105 si\u0119 przy u\u017cyciu podgrzanego gazu jednocze\u015bnie odparowuj\u0105c wod\u0119. Technologia ta pozwala zredukowa\u0107 zu\u017cycie energii umo\u017cliwiaj\u0105c kr\u00f3tszy czas rozmra\u017cania i ogranicza nagrzewanie si\u0119 komory ch\u0142odniczej.","robots":{"index":"index","follow":"follow","max-snippet":"max-snippet:-1","max-image-preview":"max-image-preview:large","max-video-preview":"max-video-preview:-1"},"canonical":"https:\/\/www.electroluxprofessional.com\/pl\/gastronomia\/komory-chlodnicze\/","og_locale":"pl_PL","og_type":"article","og_title":"Komory ch\u0142odnicze mro\u017anicze Electrolux Professional wyposa\u017cenie gastronomii","og_description":"Nasze komory ch\u0142odnicze rozmra\u017caj\u0105 si\u0119 przy u\u017cyciu podgrzanego gazu jednocze\u015bnie odparowuj\u0105c wod\u0119. Technologia ta pozwala zredukowa\u0107 zu\u017cycie energii umo\u017cliwiaj\u0105c kr\u00f3tszy czas rozmra\u017cania i ogranicza nagrzewanie si\u0119 komory ch\u0142odniczej.","og_url":"https:\/\/www.electroluxprofessional.com\/pl\/gastronomia\/komory-chlodnicze\/","og_site_name":"Electrolux Professional Polska","article_modified_time":"2025-11-05T15:16:34+00:00","og_image":[{"width":2000,"height":1333,"url":"https:\/\/www.electroluxprofessional.com\/pl\/wp-content\/uploads\/2016\/11\/banner-18.jpg","type":"image\/jpeg"}],"twitter_card":"summary_large_image","twitter_misc":{"Szacowany czas czytania":"2 minuty"},"schema":{"@context":"https:\/\/schema.org","@graph":[{"@type":"WebPage","@id":"https:\/\/www.electroluxprofessional.com\/pl\/gastronomia\/komory-chlodnicze\/","url":"https:\/\/www.electroluxprofessional.com\/pl\/gastronomia\/komory-chlodnicze\/","name":"Komory ch\u0142odnicze mro\u017anicze Electrolux Professional wyposa\u017cenie gastronomii","isPartOf":{"@id":"https:\/\/www.electroluxprofessional.com\/pl\/#website"},"primaryImageOfPage":{"@id":"https:\/\/www.electroluxprofessional.com\/pl\/gastronomia\/komory-chlodnicze\/#primaryimage"},"image":{"@id":"https:\/\/www.electroluxprofessional.com\/pl\/gastronomia\/komory-chlodnicze\/#primaryimage"},"thumbnailUrl":"https:\/\/www.electroluxprofessional.com\/pl\/wp-content\/uploads\/2016\/11\/banner-18.jpg","datePublished":"2016-11-28T08:46:10+00:00","dateModified":"2025-11-05T15:16:34+00:00","description":"Nasze komory ch\u0142odnicze rozmra\u017caj\u0105 si\u0119 przy u\u017cyciu podgrzanego gazu jednocze\u015bnie odparowuj\u0105c wod\u0119. Technologia ta pozwala zredukowa\u0107 zu\u017cycie energii umo\u017cliwiaj\u0105c kr\u00f3tszy czas rozmra\u017cania i ogranicza nagrzewanie si\u0119 komory ch\u0142odniczej.","breadcrumb":{"@id":"https:\/\/www.electroluxprofessional.com\/pl\/gastronomia\/komory-chlodnicze\/#breadcrumb"},"inLanguage":"pl-PL","potentialAction":[{"@type":"ReadAction","target":["https:\/\/www.electroluxprofessional.com\/pl\/gastronomia\/komory-chlodnicze\/"]}]},{"@type":"ImageObject","inLanguage":"pl-PL","@id":"https:\/\/www.electroluxprofessional.com\/pl\/gastronomia\/komory-chlodnicze\/#primaryimage","url":"https:\/\/www.electroluxprofessional.com\/pl\/wp-content\/uploads\/2016\/11\/banner-18.jpg","contentUrl":"https:\/\/www.electroluxprofessional.com\/pl\/wp-content\/uploads\/2016\/11\/banner-18.jpg","width":2000,"height":1333,"caption":"cold rooms food"},{"@type":"BreadcrumbList","@id":"https:\/\/www.electroluxprofessional.com\/pl\/gastronomia\/komory-chlodnicze\/#breadcrumb","itemListElement":[{"@type":"ListItem","position":1,"name":"Strona g\u0142\u00f3wna","item":"https:\/\/www.electroluxprofessional.com\/pl\/"},{"@type":"ListItem","position":2,"name":"Gastronomia","item":"https:\/\/www.electroluxprofessional.com\/pl\/gastronomia\/"},{"@type":"ListItem","position":3,"name":"Komory ch\u0142odnicze"}]},{"@type":"WebSite","@id":"https:\/\/www.electroluxprofessional.com\/pl\/#website","url":"https:\/\/www.electroluxprofessional.com\/pl\/","name":"Electrolux Professional Polska","description":"","potentialAction":[{"@type":"SearchAction","target":{"@type":"EntryPoint","urlTemplate":"https:\/\/www.electroluxprofessional.com\/pl\/?src={search_term_string}"},"query-input":"required name=search_term_string"}],"inLanguage":"pl-PL"}]}},"_links":{"self":[{"href":"https:\/\/www.electroluxprofessional.com\/pl\/wp-json\/wp\/v2\/pages\/1669"}],"collection":[{"href":"https:\/\/www.electroluxprofessional.com\/pl\/wp-json\/wp\/v2\/pages"}],"about":[{"href":"https:\/\/www.electroluxprofessional.com\/pl\/wp-json\/wp\/v2\/types\/page"}],"author":[{"embeddable":true,"href":"https:\/\/www.electroluxprofessional.com\/pl\/wp-json\/wp\/v2\/users\/3"}],"replies":[{"embeddable":true,"href":"https:\/\/www.electroluxprofessional.com\/pl\/wp-json\/wp\/v2\/comments?post=1669"}],"version-history":[{"count":6,"href":"https:\/\/www.electroluxprofessional.com\/pl\/wp-json\/wp\/v2\/pages\/1669\/revisions"}],"predecessor-version":[{"id":11603,"href":"https:\/\/www.electroluxprofessional.com\/pl\/wp-json\/wp\/v2\/pages\/1669\/revisions\/11603"}],"up":[{"embeddable":true,"href":"https:\/\/www.electroluxprofessional.com\/pl\/wp-json\/wp\/v2\/pages\/1148"}],"wp:featuredmedia":[{"embeddable":true,"href":"https:\/\/www.electroluxprofessional.com\/pl\/wp-json\/wp\/v2\/media\/1665"}],"wp:attachment":[{"href":"https:\/\/www.electroluxprofessional.com\/pl\/wp-json\/wp\/v2\/media?parent=1669"}],"curies":[{"name":"wp","href":"https:\/\/api.w.org\/{rel}","templated":true}]}}