{"id":1660,"date":"2017-02-14T11:32:19","date_gmt":"2017-02-14T11:32:19","guid":{"rendered":"https:\/\/www.electroluxprofessional.com\/?page_id=9364"},"modified":"2020-09-04T09:34:45","modified_gmt":"2020-09-04T09:34:45","slug":"rozwiazania-do-homogenizacji-potraw","status":"publish","type":"page","link":"https:\/\/www.electroluxprofessional.com\/pl\/gastronomia\/przygotowanie-posiekaj-wymieszaj-pokroj\/rozwiazania-do-homogenizacji-potraw\/","title":{"rendered":"Rozwi\u0105zania do homogenizacji potraw"},"content":{"rendered":"<p>[vc_row full_width=&#8221;electroluxpro-full-width-no-padding&#8221;][vc_column][elx_hero_slider label_text_color=&#8221;inherit&#8221; images=&#8221;1651&#8243;][elx_heading font_container=&#8221;h1&#8243; font_size=&#8221;h2&#8243; text_color=&#8221;inherit&#8221;]Rozwi\u0105zania do homogenizacji potraw[\/elx_heading][\/elx_hero_slider][\/vc_column][\/vc_row][vc_row][vc_column][vc_empty_space][elx_heading text_color=&#8221;inherit&#8221;]Nadaj potrawom dowoln\u0105 konsystencj\u0119<br \/>\nzachowaj smak, aromat i warto\u015b\u0107 od\u017cywcz\u0105[\/elx_heading][\/vc_column][\/vc_row][vc_row][vc_column width=&#8221;1\/2&#8243;][vc_empty_space][vc_column_text]Testuj\u0105c nasze urz\u0105dzenia, za ka\u017cdym razem odkrywamy coraz wi\u0119cej mo\u017cliwo\u015bci.<\/p>\n<p>Dzi\u0119ki obecno\u015bci skrobaka i maksymalnej pr\u0119dko\u015bci obrotowej 3700 obr.\/min uda\u0142o nam si\u0119 uzyska\u0107 <strong>doskona\u0142y wynik homogenizacji<\/strong> w celu przygotowania <strong>potraw odpowiednich do karmienia \u0142y\u017ck\u0105<\/strong> lub<strong> p\u00f3\u0142p\u0142ynnych potraw<\/strong> dla pacjent\u00f3w, kt\u00f3rzy nie mog\u0105 prze\u017cuwa\u0107 sta\u0142ego po\u017cywienia.[\/vc_column_text][\/vc_column][vc_column width=&#8221;1\/2&#8243;][vc_row_inner][vc_column_inner width=&#8221;2\/3&#8243;][vc_single_image image=&#8221;1395&#8243; img_size=&#8221;full&#8221;][\/vc_column_inner][vc_column_inner width=&#8221;1\/3&#8243;][\/vc_column_inner][\/vc_row_inner][\/vc_column][\/vc_row][vc_row][vc_column width=&#8221;1\/2&#8243;][vc_single_image image=&#8221;1658&#8243; img_size=&#8221;full&#8221;][\/vc_column][vc_column width=&#8221;1\/2&#8243;][vc_empty_space height=&#8221;50px&#8221;][vc_column_text]Istotne jest to, i\u017c nie musimy przygotowa\u0107 \u017cywno\u015bci w \u017caden specjalny spos\u00f3b. Mo\u017cemy po prostu przygotowa\u0107 posi\u0142ki jak zwykle, a nast\u0119pnie homogenizowa\u0107 je za pomoc\u0105 naszych robot\u00f3w kuchennych K45 \/ K55 \/ K70. Pozwala to na<strong> zachowanie wszystkich warto\u015bci od\u017cywczych, smaku i koloru<\/strong>. Ko\u0144cowy wynik jest przyjemny dla oczu i podniebienia. To mo\u017ce by\u0107 bardzo wa\u017cne dla odbudowy poczucia smaku u pacjent\u00f3w w trakcie rekonwalescencji.<\/p>\n<p>Ponadto proces homogenizacji jest niezb\u0119dny do przygotowania \u017cywno\u015bci przeznaczonej do karmienia niemowl\u0105t oraz os\u00f3b starszych.[\/vc_column_text][\/vc_column][\/vc_row][vc_row][vc_column][vc_empty_space][elx_heading font_container=&#8221;h3&#8243; text_color=&#8221;inherit&#8221;]Wideo przepisy[\/elx_heading][\/vc_column][\/vc_row][vc_row][vc_column width=&#8221;2\/3&#8243;][elx_video_block background_image=&#8221;1397&#8243; video_link=&#8221;https:\/\/www.youtube.com\/watch?v=RJHFjlZd2p8&amp;list=PLn-GI5LWCZdR1riCStpsI2l8-khQ9aBq9&#8243; minimum_height=&#8221;260px&#8221;][\/vc_column][vc_column width=&#8221;1\/3&#8243;][elx_download_block text=&#8221;Tnij, mieszaj i siekaj&#8221; link=&#8221;https:\/\/www.electroluxprofessional.com\/pl\/gastronomia\/przygotowanie-posiekaj-wymieszaj-pokroj\/&#8221; background_color=&#8221;cat-create&#8221; background_image=&#8221;1656&#8243; reveal_effect=&#8221;&#8221; reveal_duration=&#8221;&#8221; reveal_delay=&#8221;&#8221;][\/vc_column][\/vc_row][vc_row][vc_column][elx_heading text_color=&#8221;inherit&#8221;]Dowiedz si\u0119 jak nasze rozwi\u0105zania do homogenizacji potraw mog\u0105 pom\u00f3c Twojej firmie [\/elx_heading][elx_o2000_contact_us r=&#8221;Chcia\u0142bym dowiedzie\u0107 si\u0119 wi\u0119cej o urz\u0105dzeniach do homogenizacji oraz o robotach kuchennych. Prosz\u0119 si\u0119 ze mn\u0105 skontaktowa\u0107.&#8221; s=&#8221;Request of information about texture modified meals solutions and food processors&#8221; container=&#8221;elxcontactus1487067782&#8243;][\/vc_column][\/vc_row]<\/p>\n","protected":false},"excerpt":{"rendered":"<p>[vc_row full_width=&#8221;electroluxpro-full-width-no-padding&#8221;][vc_column][elx_hero_slider label_text_color=&#8221;inherit&#8221; images=&#8221;1651&#8243;][elx_heading font_container=&#8221;h1&#8243; font_size=&#8221;h2&#8243; text_color=&#8221;inherit&#8221;]Rozwi\u0105zania do homogenizacji potraw[\/elx_heading][\/elx_hero_slider][\/vc_column][\/vc_row][vc_row][vc_column][vc_empty_space][elx_heading text_color=&#8221;inherit&#8221;]Nadaj potrawom dowoln\u0105 konsystencj\u0119 zachowaj smak, aromat i warto\u015b\u0107 od\u017cywcz\u0105[\/elx_heading][\/vc_column][\/vc_row][vc_row][vc_column width=&#8221;1\/2&#8243;][vc_empty_space][vc_column_text]Testuj\u0105c nasze urz\u0105dzenia, za ka\u017cdym razem odkrywamy coraz wi\u0119cej mo\u017cliwo\u015bci. Dzi\u0119ki obecno\u015bci skrobaka i maksymalnej pr\u0119dko\u015bci obrotowej 3700 obr.\/min uda\u0142o nam si\u0119 uzyska\u0107 doskona\u0142y wynik homogenizacji w celu przygotowania potraw odpowiednich do karmienia \u0142y\u017ck\u0105 lub [&hellip;]<\/p>\n","protected":false},"author":3,"featured_media":1651,"parent":1413,"menu_order":0,"comment_status":"closed","ping_status":"closed","template":"","meta":{"footnotes":""},"class_list":["post-1660","page","type-page","status-publish","has-post-thumbnail","hentry"],"acf":[],"yoast_head":"<!-- This site is optimized with the Yoast SEO plugin v23.3 - https:\/\/yoast.com\/wordpress\/plugins\/seo\/ -->\n<title>Rozwi\u0105zania do homogenizacji potraw - Electrolux Professional Polska<\/title>\n<meta name=\"description\" content=\"Dzi\u0119ki obecno\u015bci skrobaka i maksymalnej pr\u0119dko\u015bci obrotowej 3700 obr.\/min uda\u0142o nam si\u0119 uzyska\u0107 doskona\u0142y wynik homogenizacji w celu przygotowania potraw odpowiednich do karmienia \u0142y\u017ck\u0105 lub p\u00f3\u0142p\u0142ynnych potraw dla pacjent\u00f3w, kt\u00f3rzy nie mog\u0105 prze\u017cuwa\u0107 sta\u0142ego po\u017cywienia.\" \/>\n<meta name=\"robots\" content=\"index, follow, max-snippet:-1, max-image-preview:large, max-video-preview:-1\" \/>\n<link rel=\"canonical\" href=\"https:\/\/www.electroluxprofessional.com\/pl\/gastronomia\/przygotowanie-posiekaj-wymieszaj-pokroj\/rozwiazania-do-homogenizacji-potraw\/\" \/>\n<meta property=\"og:locale\" content=\"pl_PL\" \/>\n<meta property=\"og:type\" content=\"article\" \/>\n<meta property=\"og:title\" content=\"Rozwi\u0105zania do homogenizacji potraw - Electrolux Professional Polska\" \/>\n<meta property=\"og:description\" content=\"Dzi\u0119ki obecno\u015bci skrobaka i maksymalnej pr\u0119dko\u015bci obrotowej 3700 obr.\/min uda\u0142o nam si\u0119 uzyska\u0107 doskona\u0142y wynik homogenizacji w celu przygotowania potraw odpowiednich do karmienia \u0142y\u017ck\u0105 lub p\u00f3\u0142p\u0142ynnych potraw dla pacjent\u00f3w, kt\u00f3rzy nie mog\u0105 prze\u017cuwa\u0107 sta\u0142ego po\u017cywienia.\" \/>\n<meta property=\"og:url\" content=\"https:\/\/www.electroluxprofessional.com\/pl\/gastronomia\/przygotowanie-posiekaj-wymieszaj-pokroj\/rozwiazania-do-homogenizacji-potraw\/\" \/>\n<meta property=\"og:site_name\" content=\"Electrolux Professional Polska\" \/>\n<meta property=\"article:modified_time\" content=\"2020-09-04T09:34:45+00:00\" \/>\n<meta property=\"og:image\" content=\"https:\/\/www.electroluxprofessional.com\/pl\/wp-content\/uploads\/2017\/02\/food1.jpg\" \/>\n\t<meta property=\"og:image:width\" content=\"2000\" \/>\n\t<meta property=\"og:image:height\" content=\"1483\" \/>\n\t<meta property=\"og:image:type\" content=\"image\/jpeg\" \/>\n<meta name=\"twitter:card\" content=\"summary_large_image\" \/>\n<meta name=\"twitter:label1\" content=\"Szacowany czas czytania\" \/>\n\t<meta name=\"twitter:data1\" content=\"2 minuty\" \/>\n<script type=\"application\/ld+json\" class=\"yoast-schema-graph\">{\"@context\":\"https:\/\/schema.org\",\"@graph\":[{\"@type\":\"WebPage\",\"@id\":\"https:\/\/www.electroluxprofessional.com\/pl\/gastronomia\/przygotowanie-posiekaj-wymieszaj-pokroj\/rozwiazania-do-homogenizacji-potraw\/\",\"url\":\"https:\/\/www.electroluxprofessional.com\/pl\/gastronomia\/przygotowanie-posiekaj-wymieszaj-pokroj\/rozwiazania-do-homogenizacji-potraw\/\",\"name\":\"Rozwi\u0105zania do homogenizacji potraw - Electrolux Professional Polska\",\"isPartOf\":{\"@id\":\"https:\/\/www.electroluxprofessional.com\/pl\/#website\"},\"primaryImageOfPage\":{\"@id\":\"https:\/\/www.electroluxprofessional.com\/pl\/gastronomia\/przygotowanie-posiekaj-wymieszaj-pokroj\/rozwiazania-do-homogenizacji-potraw\/#primaryimage\"},\"image\":{\"@id\":\"https:\/\/www.electroluxprofessional.com\/pl\/gastronomia\/przygotowanie-posiekaj-wymieszaj-pokroj\/rozwiazania-do-homogenizacji-potraw\/#primaryimage\"},\"thumbnailUrl\":\"https:\/\/www.electroluxprofessional.com\/pl\/wp-content\/uploads\/2017\/02\/food1.jpg\",\"datePublished\":\"2017-02-14T11:32:19+00:00\",\"dateModified\":\"2020-09-04T09:34:45+00:00\",\"description\":\"Dzi\u0119ki obecno\u015bci skrobaka i maksymalnej pr\u0119dko\u015bci obrotowej 3700 obr.\/min uda\u0142o nam si\u0119 uzyska\u0107 doskona\u0142y wynik homogenizacji w celu przygotowania potraw odpowiednich do karmienia \u0142y\u017ck\u0105 lub p\u00f3\u0142p\u0142ynnych potraw dla pacjent\u00f3w, kt\u00f3rzy nie mog\u0105 prze\u017cuwa\u0107 sta\u0142ego po\u017cywienia.\",\"breadcrumb\":{\"@id\":\"https:\/\/www.electroluxprofessional.com\/pl\/gastronomia\/przygotowanie-posiekaj-wymieszaj-pokroj\/rozwiazania-do-homogenizacji-potraw\/#breadcrumb\"},\"inLanguage\":\"pl-PL\",\"potentialAction\":[{\"@type\":\"ReadAction\",\"target\":[\"https:\/\/www.electroluxprofessional.com\/pl\/gastronomia\/przygotowanie-posiekaj-wymieszaj-pokroj\/rozwiazania-do-homogenizacji-potraw\/\"]}]},{\"@type\":\"ImageObject\",\"inLanguage\":\"pl-PL\",\"@id\":\"https:\/\/www.electroluxprofessional.com\/pl\/gastronomia\/przygotowanie-posiekaj-wymieszaj-pokroj\/rozwiazania-do-homogenizacji-potraw\/#primaryimage\",\"url\":\"https:\/\/www.electroluxprofessional.com\/pl\/wp-content\/uploads\/2017\/02\/food1.jpg\",\"contentUrl\":\"https:\/\/www.electroluxprofessional.com\/pl\/wp-content\/uploads\/2017\/02\/food1.jpg\",\"width\":2000,\"height\":1483,\"caption\":\"food1\"},{\"@type\":\"BreadcrumbList\",\"@id\":\"https:\/\/www.electroluxprofessional.com\/pl\/gastronomia\/przygotowanie-posiekaj-wymieszaj-pokroj\/rozwiazania-do-homogenizacji-potraw\/#breadcrumb\",\"itemListElement\":[{\"@type\":\"ListItem\",\"position\":1,\"name\":\"Strona g\u0142\u00f3wna\",\"item\":\"https:\/\/www.electroluxprofessional.com\/pl\/\"},{\"@type\":\"ListItem\",\"position\":2,\"name\":\"Gastronomia\",\"item\":\"https:\/\/www.electroluxprofessional.com\/pl\/gastronomia\/\"},{\"@type\":\"ListItem\",\"position\":3,\"name\":\"Przygotowanie: Posiekaj, wymieszaj i pokr\u00f3j\",\"item\":\"https:\/\/www.electroluxprofessional.com\/pl\/gastronomia\/przygotowanie-posiekaj-wymieszaj-pokroj\/\"},{\"@type\":\"ListItem\",\"position\":4,\"name\":\"Rozwi\u0105zania do homogenizacji potraw\"}]},{\"@type\":\"WebSite\",\"@id\":\"https:\/\/www.electroluxprofessional.com\/pl\/#website\",\"url\":\"https:\/\/www.electroluxprofessional.com\/pl\/\",\"name\":\"Electrolux Professional Polska\",\"description\":\"\",\"potentialAction\":[{\"@type\":\"SearchAction\",\"target\":{\"@type\":\"EntryPoint\",\"urlTemplate\":\"https:\/\/www.electroluxprofessional.com\/pl\/?src={search_term_string}\"},\"query-input\":\"required name=search_term_string\"}],\"inLanguage\":\"pl-PL\"}]}<\/script>\n<!-- \/ Yoast SEO plugin. -->","yoast_head_json":{"title":"Rozwi\u0105zania do homogenizacji potraw - Electrolux Professional Polska","description":"Dzi\u0119ki obecno\u015bci skrobaka i maksymalnej pr\u0119dko\u015bci obrotowej 3700 obr.\/min uda\u0142o nam si\u0119 uzyska\u0107 doskona\u0142y wynik homogenizacji w celu przygotowania potraw odpowiednich do karmienia \u0142y\u017ck\u0105 lub p\u00f3\u0142p\u0142ynnych potraw dla pacjent\u00f3w, kt\u00f3rzy nie mog\u0105 prze\u017cuwa\u0107 sta\u0142ego po\u017cywienia.","robots":{"index":"index","follow":"follow","max-snippet":"max-snippet:-1","max-image-preview":"max-image-preview:large","max-video-preview":"max-video-preview:-1"},"canonical":"https:\/\/www.electroluxprofessional.com\/pl\/gastronomia\/przygotowanie-posiekaj-wymieszaj-pokroj\/rozwiazania-do-homogenizacji-potraw\/","og_locale":"pl_PL","og_type":"article","og_title":"Rozwi\u0105zania do homogenizacji potraw - Electrolux Professional Polska","og_description":"Dzi\u0119ki obecno\u015bci skrobaka i maksymalnej pr\u0119dko\u015bci obrotowej 3700 obr.\/min uda\u0142o nam si\u0119 uzyska\u0107 doskona\u0142y wynik homogenizacji w celu przygotowania potraw odpowiednich do karmienia \u0142y\u017ck\u0105 lub p\u00f3\u0142p\u0142ynnych potraw dla pacjent\u00f3w, kt\u00f3rzy nie mog\u0105 prze\u017cuwa\u0107 sta\u0142ego po\u017cywienia.","og_url":"https:\/\/www.electroluxprofessional.com\/pl\/gastronomia\/przygotowanie-posiekaj-wymieszaj-pokroj\/rozwiazania-do-homogenizacji-potraw\/","og_site_name":"Electrolux Professional Polska","article_modified_time":"2020-09-04T09:34:45+00:00","og_image":[{"width":2000,"height":1483,"url":"https:\/\/www.electroluxprofessional.com\/pl\/wp-content\/uploads\/2017\/02\/food1.jpg","type":"image\/jpeg"}],"twitter_card":"summary_large_image","twitter_misc":{"Szacowany czas czytania":"2 minuty"},"schema":{"@context":"https:\/\/schema.org","@graph":[{"@type":"WebPage","@id":"https:\/\/www.electroluxprofessional.com\/pl\/gastronomia\/przygotowanie-posiekaj-wymieszaj-pokroj\/rozwiazania-do-homogenizacji-potraw\/","url":"https:\/\/www.electroluxprofessional.com\/pl\/gastronomia\/przygotowanie-posiekaj-wymieszaj-pokroj\/rozwiazania-do-homogenizacji-potraw\/","name":"Rozwi\u0105zania do homogenizacji potraw - Electrolux Professional Polska","isPartOf":{"@id":"https:\/\/www.electroluxprofessional.com\/pl\/#website"},"primaryImageOfPage":{"@id":"https:\/\/www.electroluxprofessional.com\/pl\/gastronomia\/przygotowanie-posiekaj-wymieszaj-pokroj\/rozwiazania-do-homogenizacji-potraw\/#primaryimage"},"image":{"@id":"https:\/\/www.electroluxprofessional.com\/pl\/gastronomia\/przygotowanie-posiekaj-wymieszaj-pokroj\/rozwiazania-do-homogenizacji-potraw\/#primaryimage"},"thumbnailUrl":"https:\/\/www.electroluxprofessional.com\/pl\/wp-content\/uploads\/2017\/02\/food1.jpg","datePublished":"2017-02-14T11:32:19+00:00","dateModified":"2020-09-04T09:34:45+00:00","description":"Dzi\u0119ki obecno\u015bci skrobaka i maksymalnej pr\u0119dko\u015bci obrotowej 3700 obr.\/min uda\u0142o nam si\u0119 uzyska\u0107 doskona\u0142y wynik homogenizacji w celu przygotowania potraw odpowiednich do karmienia \u0142y\u017ck\u0105 lub p\u00f3\u0142p\u0142ynnych potraw dla pacjent\u00f3w, kt\u00f3rzy nie mog\u0105 prze\u017cuwa\u0107 sta\u0142ego po\u017cywienia.","breadcrumb":{"@id":"https:\/\/www.electroluxprofessional.com\/pl\/gastronomia\/przygotowanie-posiekaj-wymieszaj-pokroj\/rozwiazania-do-homogenizacji-potraw\/#breadcrumb"},"inLanguage":"pl-PL","potentialAction":[{"@type":"ReadAction","target":["https:\/\/www.electroluxprofessional.com\/pl\/gastronomia\/przygotowanie-posiekaj-wymieszaj-pokroj\/rozwiazania-do-homogenizacji-potraw\/"]}]},{"@type":"ImageObject","inLanguage":"pl-PL","@id":"https:\/\/www.electroluxprofessional.com\/pl\/gastronomia\/przygotowanie-posiekaj-wymieszaj-pokroj\/rozwiazania-do-homogenizacji-potraw\/#primaryimage","url":"https:\/\/www.electroluxprofessional.com\/pl\/wp-content\/uploads\/2017\/02\/food1.jpg","contentUrl":"https:\/\/www.electroluxprofessional.com\/pl\/wp-content\/uploads\/2017\/02\/food1.jpg","width":2000,"height":1483,"caption":"food1"},{"@type":"BreadcrumbList","@id":"https:\/\/www.electroluxprofessional.com\/pl\/gastronomia\/przygotowanie-posiekaj-wymieszaj-pokroj\/rozwiazania-do-homogenizacji-potraw\/#breadcrumb","itemListElement":[{"@type":"ListItem","position":1,"name":"Strona g\u0142\u00f3wna","item":"https:\/\/www.electroluxprofessional.com\/pl\/"},{"@type":"ListItem","position":2,"name":"Gastronomia","item":"https:\/\/www.electroluxprofessional.com\/pl\/gastronomia\/"},{"@type":"ListItem","position":3,"name":"Przygotowanie: Posiekaj, wymieszaj i pokr\u00f3j","item":"https:\/\/www.electroluxprofessional.com\/pl\/gastronomia\/przygotowanie-posiekaj-wymieszaj-pokroj\/"},{"@type":"ListItem","position":4,"name":"Rozwi\u0105zania do homogenizacji potraw"}]},{"@type":"WebSite","@id":"https:\/\/www.electroluxprofessional.com\/pl\/#website","url":"https:\/\/www.electroluxprofessional.com\/pl\/","name":"Electrolux Professional Polska","description":"","potentialAction":[{"@type":"SearchAction","target":{"@type":"EntryPoint","urlTemplate":"https:\/\/www.electroluxprofessional.com\/pl\/?src={search_term_string}"},"query-input":"required name=search_term_string"}],"inLanguage":"pl-PL"}]}},"_links":{"self":[{"href":"https:\/\/www.electroluxprofessional.com\/pl\/wp-json\/wp\/v2\/pages\/1660"}],"collection":[{"href":"https:\/\/www.electroluxprofessional.com\/pl\/wp-json\/wp\/v2\/pages"}],"about":[{"href":"https:\/\/www.electroluxprofessional.com\/pl\/wp-json\/wp\/v2\/types\/page"}],"author":[{"embeddable":true,"href":"https:\/\/www.electroluxprofessional.com\/pl\/wp-json\/wp\/v2\/users\/3"}],"replies":[{"embeddable":true,"href":"https:\/\/www.electroluxprofessional.com\/pl\/wp-json\/wp\/v2\/comments?post=1660"}],"version-history":[{"count":5,"href":"https:\/\/www.electroluxprofessional.com\/pl\/wp-json\/wp\/v2\/pages\/1660\/revisions"}],"predecessor-version":[{"id":3637,"href":"https:\/\/www.electroluxprofessional.com\/pl\/wp-json\/wp\/v2\/pages\/1660\/revisions\/3637"}],"up":[{"embeddable":true,"href":"https:\/\/www.electroluxprofessional.com\/pl\/wp-json\/wp\/v2\/pages\/1413"}],"wp:featuredmedia":[{"embeddable":true,"href":"https:\/\/www.electroluxprofessional.com\/pl\/wp-json\/wp\/v2\/media\/1651"}],"wp:attachment":[{"href":"https:\/\/www.electroluxprofessional.com\/pl\/wp-json\/wp\/v2\/media?parent=1660"}],"curies":[{"name":"wp","href":"https:\/\/api.w.org\/{rel}","templated":true}]}}