{"id":1639,"date":"2016-12-20T09:37:14","date_gmt":"2016-12-20T09:37:14","guid":{"rendered":"https:\/\/www.electroluxprofessional.com\/?page_id=7640"},"modified":"2025-10-21T14:30:59","modified_gmt":"2025-10-21T14:30:59","slug":"centra-doskonalosci","status":"publish","type":"page","link":"https:\/\/www.electroluxprofessional.com\/pl\/chef-s-hub\/centra-doskonalosci\/","title":{"rendered":"Centra Doskona\u0142o\u015bci"},"content":{"rendered":"<p>[vc_row full_width=&#8221;electroluxpro-full-width-no-padding&#8221;][vc_column][elx_hero_title label=&#8221;&#8221; background_image=&#8221;598&#8243;][elx_heading font_container=&#8221;h1&#8243; text_color=&#8221;white&#8221;]Centers of Excellence \u2013 Centra Doskona\u0142o\u015bci[\/elx_heading][\/elx_hero_title][\/vc_column][\/vc_row][vc_row][vc_column][vc_empty_space][elx_heading text_color=&#8221;inherit&#8221;]Impreza charytatywna w CoE w Singapurze[\/elx_heading][vc_empty_space height=&#8221;15px&#8221;][\/vc_column][\/vc_row][vc_row][vc_column width=&#8221;1\/2&#8243;][vc_column_text]Nasze Center of Excellence w Singapurze mia\u0142o zaszczyt zorganizowa\u0107 pierwsz\u0105 charytatywn\u0105 imprez\u0119 wsp\u00f3lnie z DoT Singapur.<\/p>\n<p>Daughters of Tomorrow (DOT) to organizacja maj\u0105ca swoj\u0105 siedzib\u0119 w Singapurze, dzia\u0142aj\u0105ca na rzecz pokrzywdzonych kobiet poprzez budowanie zaufania, rozw\u00f3j umiej\u0119tno\u015bci i pomoc w znalezieniu zatrudnienia.<\/p>\n<p>By\u0142o to bardzo udane wydarzenie i \u015bwietna okazja do zaanga\u017cowania si\u0119 w dzia\u0142ania na rzecz spo\u0142ecze\u0144stwa.<\/p>\n<p>Tymczasem dyrektorzy zarz\u0105dzaj\u0105cy firm Royal Catering oraz Kate&#8217;s Catering odwiedzili CoE podczas sesji demonstracyjnej dotycz\u0105cej koncepcji Cook&amp;Chill oraz gotowania zbiorowego przy u\u017cyciu patelni ci\u015bnieniowej.[\/vc_column_text][\/vc_column][vc_column width=&#8221;1\/2&#8243;][elx_image_block background_image=&#8221;1634&#8243; minimum_height=&#8221;400px&#8221;][\/vc_column][\/vc_row][vc_row][vc_column][vc_column_text]Sprz\u0119t dostarczony przez Electrolux umo\u017cliwi\u0142 im zwi\u0119kszenie produktywno\u015bci i zminimalizowanie czasu potrzebnego na przygotowywanie posi\u0142k\u00f3w.<\/p>\n<p>Innowacje i najwy\u017csza technologia w s\u0142u\u017cbie konsumentom to pow\u00f3d do dumy dla firmy Electrolux.[\/vc_column_text][\/vc_column][\/vc_row][vc_row][vc_column][elx_heading font_container=&#8221;h3&#8243; font_size=&#8221;h2&#8243; text_color=&#8221;inherit&#8221;]20 Centr\u00f3w Doskona\u0142o\u015bci na ca\u0142ym \u015bwiecie, z ponad 15.000 odwiedzaj\u0105cych rocznie[\/elx_heading][vc_column_text]Na ca\u0142ym \u015bwiecie dzia\u0142aj\u0105 zespo\u0142y szef\u00f3w kuchni z<strong> Akademii Szef\u00f3w Kuchni Electrolux<\/strong>, tak samo jak wielu <strong>ekspert\u00f3w z dziedziny pralnictwa<\/strong>. Zapewniaj\u0105 naszym klientom dost\u0119p do szkole\u0144 oraz profesjonalne doradztwo, \u0142\u0105cz\u0105c globalne do\u015bwiadczenie i najbardziej zaawansowany know-how w dziedzinie gastronomii oraz wyposa\u017cenia pralni.[\/vc_column_text][vc_single_image image=&#8221;1635&#8243; img_size=&#8221;full&#8221;][\/vc_column][\/vc_row][vc_row][vc_column][elx_heading text_color=&#8221;inherit&#8221;]Center of Excellence we W\u0142oszech[\/elx_heading][\/vc_column][\/vc_row][vc_row][vc_column width=&#8221;2\/3&#8243;][vc_column_text]Centrum Doskona\u0142o\u015bci znajduj\u0105ce si\u0119 w naszej siedzibie to nowoczesna i funkcjonalna sala wystawowa, kt\u00f3ra oferuje profesjonalistom z dziedzin gastronomii oraz hotelarstwa wyj\u0105tkowe mo\u017cliwo\u015bci edukacyjne.[\/vc_column_text][\/vc_column][vc_column width=&#8221;1\/3&#8243;][vc_single_image image=&#8221;1636&#8243; img_size=&#8221;full&#8221;][\/vc_column][\/vc_row][vc_row][vc_column][vc_column_text]<\/p>\n<ul>\n<li>3.500 m2 przeznaczone na seminaria, szkolenia, warsztaty i imprezy<\/li>\n<li><a href=\"https:\/\/www.electroluxprofessional.com\/pl\/chef-s-hub\/akademia-szefow-kuchni-electrolux\/\">Electrolux Chef Academy \u2013 Akademia Szef\u00f3w Kuchni Electrolux<\/a><\/li>\n<li>4 kuchnie treningowe<\/li>\n<li>restauracja firmowa wyposa\u017cona niczym \u201epokazowe laboratorium\u201c<\/li>\n<li>harmonogram seminari\u00f3w zainspirowany szkoleniami odbywaj\u0105cymi si\u0119 w najlepszych szko\u0142ach kulinarnych<\/li>\n<li>ponad 6000 go\u015bci rocznie<\/li>\n<\/ul>\n<p>[\/vc_column_text][\/vc_column][\/vc_row][vc_row disable_element=&#8221;yes&#8221;][vc_column][elx_heading font_container=&#8221;h3&#8243; text_color=&#8221;inherit&#8221;]Take a virtual tour of the Italian Center of Excellence[\/elx_heading][\/vc_column][\/vc_row][vc_row][vc_column][vc_empty_space][elx_heading font_container=&#8221;h3&#8243; text_color=&#8221;inherit&#8221;]Tak\u017ce mo\u017ce Ci sie spodoba\u0107:[\/elx_heading][\/vc_column][\/vc_row][vc_row][vc_column width=&#8221;1\/3&#8243;][elx_maylike_box id_box=&#8221;1516&#8243;][\/vc_column][vc_column width=&#8221;1\/3&#8243;][elx_maylike_box id_box=&#8221;1637&#8243;][\/vc_column][vc_column width=&#8221;1\/3&#8243;][elx_maylike_box id_box=&#8221;1638&#8243;][\/vc_column][\/vc_row]<\/p>\n","protected":false},"excerpt":{"rendered":"<p>[vc_row full_width=&#8221;electroluxpro-full-width-no-padding&#8221;][vc_column][elx_hero_title label=&#8221;&#8221; background_image=&#8221;598&#8243;][elx_heading font_container=&#8221;h1&#8243; text_color=&#8221;white&#8221;]Centers of Excellence \u2013 Centra Doskona\u0142o\u015bci[\/elx_heading][\/elx_hero_title][\/vc_column][\/vc_row][vc_row][vc_column][vc_empty_space][elx_heading text_color=&#8221;inherit&#8221;]Impreza charytatywna w CoE w Singapurze[\/elx_heading][vc_empty_space height=&#8221;15px&#8221;][\/vc_column][\/vc_row][vc_row][vc_column width=&#8221;1\/2&#8243;][vc_column_text]Nasze Center of Excellence w Singapurze mia\u0142o zaszczyt zorganizowa\u0107 pierwsz\u0105 charytatywn\u0105 imprez\u0119 wsp\u00f3lnie z DoT Singapur. Daughters of Tomorrow (DOT) to organizacja maj\u0105ca swoj\u0105 siedzib\u0119 w Singapurze, dzia\u0142aj\u0105ca na rzecz pokrzywdzonych kobiet poprzez budowanie zaufania, rozw\u00f3j umiej\u0119tno\u015bci [&hellip;]<\/p>\n","protected":false},"author":3,"featured_media":598,"parent":2521,"menu_order":0,"comment_status":"closed","ping_status":"closed","template":"","meta":{"footnotes":""},"class_list":["post-1639","page","type-page","status-publish","has-post-thumbnail","hentry"],"acf":[],"yoast_head":"<!-- This site is optimized with the Yoast SEO plugin v23.3 - https:\/\/yoast.com\/wordpress\/plugins\/seo\/ -->\n<title>Centra Doskona\u0142o\u015bci - Electrolux Professional Polska<\/title>\n<meta name=\"description\" content=\"OneElectrolux Showroom to najlepszy spos\u00f3b na zainspirowanie naszych partner\u00f3w i klient\u00f3w profesjonalnym do\u015bwiadczeniem, innowacjami i przemy\u015blanymi projektami we wszystkich dziedzinach dzia\u0142alno\u015bci Electrolux, kt\u00f3re wp\u0142ywaj\u0105 na jako\u015b\u0107 \u017cycia u\u017cytkownik\u00f3w naszych produkt\u00f3w.\" \/>\n<meta name=\"robots\" content=\"index, follow, max-snippet:-1, max-image-preview:large, max-video-preview:-1\" \/>\n<link rel=\"canonical\" href=\"https:\/\/www.electroluxprofessional.com\/pl\/chef-s-hub\/centra-doskonalosci\/\" \/>\n<meta property=\"og:locale\" content=\"pl_PL\" \/>\n<meta property=\"og:type\" content=\"article\" \/>\n<meta property=\"og:title\" content=\"Centra Doskona\u0142o\u015bci - Electrolux Professional Polska\" \/>\n<meta property=\"og:description\" content=\"OneElectrolux Showroom to najlepszy spos\u00f3b na zainspirowanie naszych partner\u00f3w i klient\u00f3w profesjonalnym do\u015bwiadczeniem, innowacjami i przemy\u015blanymi projektami we wszystkich dziedzinach dzia\u0142alno\u015bci Electrolux, kt\u00f3re wp\u0142ywaj\u0105 na jako\u015b\u0107 \u017cycia u\u017cytkownik\u00f3w naszych produkt\u00f3w.\" \/>\n<meta property=\"og:url\" content=\"https:\/\/www.electroluxprofessional.com\/pl\/chef-s-hub\/centra-doskonalosci\/\" \/>\n<meta property=\"og:site_name\" content=\"Electrolux Professional Polska\" \/>\n<meta property=\"article:modified_time\" content=\"2025-10-21T14:30:59+00:00\" \/>\n<meta property=\"og:image\" content=\"https:\/\/www.electroluxprofessional.com\/pl\/wp-content\/uploads\/2016\/05\/fine-dining-restaurants.jpg\" \/>\n\t<meta property=\"og:image:width\" content=\"1000\" \/>\n\t<meta property=\"og:image:height\" content=\"667\" \/>\n\t<meta property=\"og:image:type\" content=\"image\/jpeg\" \/>\n<meta name=\"twitter:card\" content=\"summary_large_image\" \/>\n<meta name=\"twitter:label1\" content=\"Szacowany czas czytania\" \/>\n\t<meta name=\"twitter:data1\" content=\"2 minuty\" \/>\n<script type=\"application\/ld+json\" class=\"yoast-schema-graph\">{\"@context\":\"https:\/\/schema.org\",\"@graph\":[{\"@type\":\"WebPage\",\"@id\":\"https:\/\/www.electroluxprofessional.com\/pl\/chef-s-hub\/centra-doskonalosci\/\",\"url\":\"https:\/\/www.electroluxprofessional.com\/pl\/chef-s-hub\/centra-doskonalosci\/\",\"name\":\"Centra Doskona\u0142o\u015bci - Electrolux Professional Polska\",\"isPartOf\":{\"@id\":\"https:\/\/www.electroluxprofessional.com\/pl\/#website\"},\"primaryImageOfPage\":{\"@id\":\"https:\/\/www.electroluxprofessional.com\/pl\/chef-s-hub\/centra-doskonalosci\/#primaryimage\"},\"image\":{\"@id\":\"https:\/\/www.electroluxprofessional.com\/pl\/chef-s-hub\/centra-doskonalosci\/#primaryimage\"},\"thumbnailUrl\":\"https:\/\/www.electroluxprofessional.com\/pl\/wp-content\/uploads\/2016\/05\/fine-dining-restaurants.jpg\",\"datePublished\":\"2016-12-20T09:37:14+00:00\",\"dateModified\":\"2025-10-21T14:30:59+00:00\",\"description\":\"OneElectrolux Showroom to najlepszy spos\u00f3b na zainspirowanie naszych partner\u00f3w i klient\u00f3w profesjonalnym do\u015bwiadczeniem, innowacjami i przemy\u015blanymi projektami we wszystkich dziedzinach dzia\u0142alno\u015bci Electrolux, kt\u00f3re wp\u0142ywaj\u0105 na jako\u015b\u0107 \u017cycia u\u017cytkownik\u00f3w naszych produkt\u00f3w.\",\"breadcrumb\":{\"@id\":\"https:\/\/www.electroluxprofessional.com\/pl\/chef-s-hub\/centra-doskonalosci\/#breadcrumb\"},\"inLanguage\":\"pl-PL\",\"potentialAction\":[{\"@type\":\"ReadAction\",\"target\":[\"https:\/\/www.electroluxprofessional.com\/pl\/chef-s-hub\/centra-doskonalosci\/\"]}]},{\"@type\":\"ImageObject\",\"inLanguage\":\"pl-PL\",\"@id\":\"https:\/\/www.electroluxprofessional.com\/pl\/chef-s-hub\/centra-doskonalosci\/#primaryimage\",\"url\":\"https:\/\/www.electroluxprofessional.com\/pl\/wp-content\/uploads\/2016\/05\/fine-dining-restaurants.jpg\",\"contentUrl\":\"https:\/\/www.electroluxprofessional.com\/pl\/wp-content\/uploads\/2016\/05\/fine-dining-restaurants.jpg\",\"width\":1000,\"height\":667,\"caption\":\"fine dining restaurants\"},{\"@type\":\"BreadcrumbList\",\"@id\":\"https:\/\/www.electroluxprofessional.com\/pl\/chef-s-hub\/centra-doskonalosci\/#breadcrumb\",\"itemListElement\":[{\"@type\":\"ListItem\",\"position\":1,\"name\":\"Strona g\u0142\u00f3wna\",\"item\":\"https:\/\/www.electroluxprofessional.com\/pl\/\"},{\"@type\":\"ListItem\",\"position\":2,\"name\":\"Chef\u2019s Hub \u2013 O\u015brodek Szef\u00f3w Kuchni\",\"item\":\"https:\/\/www.electroluxprofessional.com\/pl\/chef-s-hub\/\"},{\"@type\":\"ListItem\",\"position\":3,\"name\":\"Centra Doskona\u0142o\u015bci\"}]},{\"@type\":\"WebSite\",\"@id\":\"https:\/\/www.electroluxprofessional.com\/pl\/#website\",\"url\":\"https:\/\/www.electroluxprofessional.com\/pl\/\",\"name\":\"Electrolux Professional Polska\",\"description\":\"\",\"potentialAction\":[{\"@type\":\"SearchAction\",\"target\":{\"@type\":\"EntryPoint\",\"urlTemplate\":\"https:\/\/www.electroluxprofessional.com\/pl\/?src={search_term_string}\"},\"query-input\":\"required name=search_term_string\"}],\"inLanguage\":\"pl-PL\"}]}<\/script>\n<!-- \/ Yoast SEO plugin. -->","yoast_head_json":{"title":"Centra Doskona\u0142o\u015bci - Electrolux Professional Polska","description":"OneElectrolux Showroom to najlepszy spos\u00f3b na zainspirowanie naszych partner\u00f3w i klient\u00f3w profesjonalnym do\u015bwiadczeniem, innowacjami i przemy\u015blanymi projektami we wszystkich dziedzinach dzia\u0142alno\u015bci Electrolux, kt\u00f3re wp\u0142ywaj\u0105 na jako\u015b\u0107 \u017cycia u\u017cytkownik\u00f3w naszych produkt\u00f3w.","robots":{"index":"index","follow":"follow","max-snippet":"max-snippet:-1","max-image-preview":"max-image-preview:large","max-video-preview":"max-video-preview:-1"},"canonical":"https:\/\/www.electroluxprofessional.com\/pl\/chef-s-hub\/centra-doskonalosci\/","og_locale":"pl_PL","og_type":"article","og_title":"Centra Doskona\u0142o\u015bci - Electrolux Professional Polska","og_description":"OneElectrolux Showroom to najlepszy spos\u00f3b na zainspirowanie naszych partner\u00f3w i klient\u00f3w profesjonalnym do\u015bwiadczeniem, innowacjami i przemy\u015blanymi projektami we wszystkich dziedzinach dzia\u0142alno\u015bci Electrolux, kt\u00f3re wp\u0142ywaj\u0105 na jako\u015b\u0107 \u017cycia u\u017cytkownik\u00f3w naszych produkt\u00f3w.","og_url":"https:\/\/www.electroluxprofessional.com\/pl\/chef-s-hub\/centra-doskonalosci\/","og_site_name":"Electrolux Professional Polska","article_modified_time":"2025-10-21T14:30:59+00:00","og_image":[{"width":1000,"height":667,"url":"https:\/\/www.electroluxprofessional.com\/pl\/wp-content\/uploads\/2016\/05\/fine-dining-restaurants.jpg","type":"image\/jpeg"}],"twitter_card":"summary_large_image","twitter_misc":{"Szacowany czas czytania":"2 minuty"},"schema":{"@context":"https:\/\/schema.org","@graph":[{"@type":"WebPage","@id":"https:\/\/www.electroluxprofessional.com\/pl\/chef-s-hub\/centra-doskonalosci\/","url":"https:\/\/www.electroluxprofessional.com\/pl\/chef-s-hub\/centra-doskonalosci\/","name":"Centra Doskona\u0142o\u015bci - Electrolux Professional Polska","isPartOf":{"@id":"https:\/\/www.electroluxprofessional.com\/pl\/#website"},"primaryImageOfPage":{"@id":"https:\/\/www.electroluxprofessional.com\/pl\/chef-s-hub\/centra-doskonalosci\/#primaryimage"},"image":{"@id":"https:\/\/www.electroluxprofessional.com\/pl\/chef-s-hub\/centra-doskonalosci\/#primaryimage"},"thumbnailUrl":"https:\/\/www.electroluxprofessional.com\/pl\/wp-content\/uploads\/2016\/05\/fine-dining-restaurants.jpg","datePublished":"2016-12-20T09:37:14+00:00","dateModified":"2025-10-21T14:30:59+00:00","description":"OneElectrolux Showroom to najlepszy spos\u00f3b na zainspirowanie naszych partner\u00f3w i klient\u00f3w profesjonalnym do\u015bwiadczeniem, innowacjami i przemy\u015blanymi projektami we wszystkich dziedzinach dzia\u0142alno\u015bci Electrolux, kt\u00f3re wp\u0142ywaj\u0105 na jako\u015b\u0107 \u017cycia u\u017cytkownik\u00f3w naszych produkt\u00f3w.","breadcrumb":{"@id":"https:\/\/www.electroluxprofessional.com\/pl\/chef-s-hub\/centra-doskonalosci\/#breadcrumb"},"inLanguage":"pl-PL","potentialAction":[{"@type":"ReadAction","target":["https:\/\/www.electroluxprofessional.com\/pl\/chef-s-hub\/centra-doskonalosci\/"]}]},{"@type":"ImageObject","inLanguage":"pl-PL","@id":"https:\/\/www.electroluxprofessional.com\/pl\/chef-s-hub\/centra-doskonalosci\/#primaryimage","url":"https:\/\/www.electroluxprofessional.com\/pl\/wp-content\/uploads\/2016\/05\/fine-dining-restaurants.jpg","contentUrl":"https:\/\/www.electroluxprofessional.com\/pl\/wp-content\/uploads\/2016\/05\/fine-dining-restaurants.jpg","width":1000,"height":667,"caption":"fine dining restaurants"},{"@type":"BreadcrumbList","@id":"https:\/\/www.electroluxprofessional.com\/pl\/chef-s-hub\/centra-doskonalosci\/#breadcrumb","itemListElement":[{"@type":"ListItem","position":1,"name":"Strona g\u0142\u00f3wna","item":"https:\/\/www.electroluxprofessional.com\/pl\/"},{"@type":"ListItem","position":2,"name":"Chef\u2019s Hub \u2013 O\u015brodek Szef\u00f3w Kuchni","item":"https:\/\/www.electroluxprofessional.com\/pl\/chef-s-hub\/"},{"@type":"ListItem","position":3,"name":"Centra Doskona\u0142o\u015bci"}]},{"@type":"WebSite","@id":"https:\/\/www.electroluxprofessional.com\/pl\/#website","url":"https:\/\/www.electroluxprofessional.com\/pl\/","name":"Electrolux Professional Polska","description":"","potentialAction":[{"@type":"SearchAction","target":{"@type":"EntryPoint","urlTemplate":"https:\/\/www.electroluxprofessional.com\/pl\/?src={search_term_string}"},"query-input":"required name=search_term_string"}],"inLanguage":"pl-PL"}]}},"_links":{"self":[{"href":"https:\/\/www.electroluxprofessional.com\/pl\/wp-json\/wp\/v2\/pages\/1639"}],"collection":[{"href":"https:\/\/www.electroluxprofessional.com\/pl\/wp-json\/wp\/v2\/pages"}],"about":[{"href":"https:\/\/www.electroluxprofessional.com\/pl\/wp-json\/wp\/v2\/types\/page"}],"author":[{"embeddable":true,"href":"https:\/\/www.electroluxprofessional.com\/pl\/wp-json\/wp\/v2\/users\/3"}],"replies":[{"embeddable":true,"href":"https:\/\/www.electroluxprofessional.com\/pl\/wp-json\/wp\/v2\/comments?post=1639"}],"version-history":[{"count":5,"href":"https:\/\/www.electroluxprofessional.com\/pl\/wp-json\/wp\/v2\/pages\/1639\/revisions"}],"predecessor-version":[{"id":11538,"href":"https:\/\/www.electroluxprofessional.com\/pl\/wp-json\/wp\/v2\/pages\/1639\/revisions\/11538"}],"up":[{"embeddable":true,"href":"https:\/\/www.electroluxprofessional.com\/pl\/wp-json\/wp\/v2\/pages\/2521"}],"wp:featuredmedia":[{"embeddable":true,"href":"https:\/\/www.electroluxprofessional.com\/pl\/wp-json\/wp\/v2\/media\/598"}],"wp:attachment":[{"href":"https:\/\/www.electroluxprofessional.com\/pl\/wp-json\/wp\/v2\/media?parent=1639"}],"curies":[{"name":"wp","href":"https:\/\/api.w.org\/{rel}","templated":true}]}}