{"id":1615,"date":"2016-11-25T11:47:53","date_gmt":"2016-11-25T11:47:53","guid":{"rendered":"https:\/\/www.electroluxprofessional.com\/?page_id=5890"},"modified":"2025-11-05T15:18:25","modified_gmt":"2025-11-05T15:18:25","slug":"przygotowanie-zagniec-ubij-zawin","status":"publish","type":"page","link":"https:\/\/www.electroluxprofessional.com\/pl\/gastronomia\/przygotowanie-zagniec-ubij-zawin\/","title":{"rendered":"Przygotowanie: zagnie\u0107, ubij i zawi\u0144"},"content":{"rendered":"<p>[vc_row full_width=&#8221;electroluxpro-full-width-no-padding&#8221;][vc_column][elx_image_block background_image=&#8221;1598&#8243; minimum_height=&#8221;450px&#8221;][\/vc_column][\/vc_row][vc_row][vc_column][vc_empty_space][elx_heading font_container=&#8221;h1&#8243; font_size=&#8221;h2&#8243; text_color=&#8221;inherit&#8221; text_align=&#8221;text-center&#8221;]Electrolux Professional oferuje szerok\u0105 gam\u0119 urz\u0105dze\u0144 do ugniatania i wa\u0142kowania ciasta dostosowanych do produkcji wszelkiego rodzaju wypiek\u00f3w, wyrob\u00f3w cukierniczych i ciasta do pizzy[\/elx_heading][vc_empty_space][\/vc_column][\/vc_row][vc_row][vc_column][vc_empty_space][elx_heading text_color=&#8221;inherit&#8221; text_align=&#8221;text-center&#8221;]<strong>Miksery planetarne<\/strong>[\/elx_heading][vc_empty_space][\/vc_column][\/vc_row][vc_row][vc_column width=&#8221;1\/4&#8243;][vc_single_image image=&#8221;1609&#8243; img_size=&#8221;full&#8221;][\/vc_column][vc_column width=&#8221;1\/2&#8243;][vc_column_text]Maksymalna wydajno\u015b\u0107. Niewielki, ale pot\u0119\u017cny. Ponad wszystko bezpieczny.<\/p>\n<p>Szeroka gama mikser\u00f3w planetarnych:<strong> pojemno\u015b\u0107 od 5 do 80 litr\u00f3w.<\/strong><br \/>\n\u0141atwe dodawanie sk\u0142adnik\u00f3w podczas pracy urz\u0105dzenia.<br \/>\nBez\u015brubowy system \u201eclip\u201c zapewnia \u0142atwy demonta\u017c i czyszczenie.[\/vc_column_text][vc_column_text]Wy\u015bmienita jako\u015b\u0107 ugniatania, blendowania i mieszania dzi\u0119ki:<\/p>\n<ul>\n<li>wyj\u0105tkowemu designowi<\/li>\n<li>regulacji pr\u0119dko\u015bci obrot\u00f3w<\/li>\n<li>mieszad\u0142om, kt\u00f3re doskonale przystosowuj\u0105 si\u0119 do naczy\u0144, umo\u017cliwiaj\u0105c r\u00f3wnomierne mieszanie nawet ma\u0142ych ilo\u015bci<\/li>\n<li>100% dishwasher safe\u00a0tools, bowl and splash guard<\/li>\n<\/ul>\n<p>[\/vc_column_text][\/vc_column][vc_column width=&#8221;1\/4&#8243; css=&#8221;.vc_custom_1486637291714{margin-top: 0px !important;border-top-width: 0px !important;padding-top: 0px !important;}&#8221;][vc_single_image image=&#8221;1611&#8243; img_size=&#8221;full&#8221;][\/vc_column][\/vc_row][vc_row][vc_column][vc_empty_space][elx_heading text_color=&#8221;inherit&#8221; text_align=&#8221;text-center&#8221;]<strong>Miesiarki do ciasta<\/strong>[\/elx_heading][\/vc_column][\/vc_row][vc_row][vc_column width=&#8221;3\/4&#8243;][vc_column_text]Perfekcyjna mikstura za ka\u017cdym razem.<\/p>\n<p><strong>Miesiarki do ciasta<\/strong> s\u0105 najlepszym wyborem dla profesjonalnych piekarni i pizzerii. Oferujemy <strong>miesiarki widelcowe i spiralne<\/strong> do wyrobu specjalnych chleb\u00f3w, ciasta do pizzy i wiede\u0144skich wypiek\u00f3w.<\/p>\n<p><strong>Optymalna jako\u015b\u0107 ugniatania<\/strong> osi\u0105gana jest za ka\u017cdym razem, przy u\u017cyciu zar\u00f3wno trybu niskiej pr\u0119dko\u015bci, jak i w przypadku tradycyjnego ugniatania lub alternatywnego trybu szybkiego ugniatania.<\/p>\n<p>Urz\u0105dzenia do wyrobu ciasta wyposa\u017cone s\u0105 w przyjazny dla u\u017cytkownika, dotykowy panel sterowania, wyposa\u017cony w zegar zapewniaj\u0105cy <strong>precyzyjn\u0105 obs\u0142ug\u0119.<\/strong><\/p>\n<p>Dodatkowo,<strong> wbudowane zabezpieczenie<\/strong> zatrzymuje urz\u0105dzenie, w przypadku gdy os\u0142ona ochronna jest otwarta.[\/vc_column_text][\/vc_column][vc_column width=&#8221;1\/4&#8243;][vc_single_image image=&#8221;1613&#8243; img_size=&#8221;full&#8221;][\/vc_column][\/vc_row][vc_row][vc_column][elx_heading text_color=&#8221;inherit&#8221; text_align=&#8221;text-center&#8221;]<strong>Urz\u0105dzenia do wa\u0142kowania ciasta<\/strong>[\/elx_heading][vc_empty_space][\/vc_column][\/vc_row][vc_row][vc_column width=&#8221;1\/3&#8243;][vc_column_text]<strong>R\u0119czne urz\u0105dzenia do wa\u0142kowania ciasta\u00a0<\/strong><\/p>\n<ul>\n<li>Kompaktowe i przeno\u015bne<\/li>\n<li>Wa\u0142ki pokryte teflonem (\u00d8 60 mm)<\/li>\n<li>Szeroko\u015b\u0107 robocza: 400 mm<\/li>\n<li>Zdejmowane prowadnice ze stali nierdzewnej<\/li>\n<\/ul>\n<p>[\/vc_column_text][vc_single_image image=&#8221;1614&#8243; img_size=&#8221;full&#8221;][\/vc_column][vc_column width=&#8221;1\/3&#8243;][vc_column_text]<strong>Automatyczne urz\u0105dzenia do wa\u0142kowania ciasta<\/strong><\/p>\n<ul>\n<li>Os\u0142ona przewod\u00f3w<\/li>\n<li>Zdejmowane prowadnice teflonowe u\u0142atwiaj\u0105 przesuwanie ciasta<\/li>\n<li>Stalowe, chromowane wa\u0142ki (\u00d8 60 mm) mog\u0105 by\u0107 regulowane w zale\u017cno\u015bci od po\u017c\u0105danej grubo\u015bci ciasta<\/li>\n<li>D\u017awignia r\u0119czna w celu odwr\u00f3cenia kierunku obrotu wa\u0142ka<\/li>\n<li>Zbiornik m\u0105ki umiejscowiony w g\u00f3rnej cz\u0119\u015bci urz\u0105dzenia<\/li>\n<li>Zdalny peda\u0142 no\u017cny zmieniaj\u0105cy kierunek obrot\u00f3w (akcesoria opcjonalnie)<\/li>\n<\/ul>\n<p>[\/vc_column_text][\/vc_column][vc_column width=&#8221;1\/3&#8243;][vc_column_text]<strong>Automatyczne, pasowe urz\u0105dzenia do wa\u0142kowania ciasta<\/strong><\/p>\n<ul>\n<li>Modele z regulowan\u0105 lub jedn\u0105, sta\u0142\u0105 pr\u0119dko\u015bci\u0105<\/li>\n<li>Podnoszony blat, w celu oszcz\u0119dno\u015bci miejsca<\/li>\n<li>Kratowa os\u0142ona przewod\u00f3w z mikroprze\u0142\u0105cznikiem bezpiecze\u0144stwa s\u0142u\u017c\u0105cym do zatrzymywania pracy silnika, w momencie przegrzania urz\u0105dzenia<\/li>\n<li>D\u017awignia r\u0119czna w celu odwr\u00f3cenia kierunku obrotu wa\u0142ka<\/li>\n<li>Szeroko\u015b\u0107 robocza: 500 mm lub 600 mm (w zale\u017cno\u015bci od modelu)<\/li>\n<li>Zbiornik m\u0105ki umiejscowiony w g\u00f3rnej cz\u0119\u015bci urz\u0105dzenia<\/li>\n<li>Zdalny peda\u0142 no\u017cny zmieniaj\u0105cy kierunek obrot\u00f3w (akcesoria opcjonalnie)<\/li>\n<\/ul>\n<p>[\/vc_column_text][\/vc_column][\/vc_row][vc_row][vc_column][vc_empty_space height=&#8221;50px&#8221;][\/vc_column][\/vc_row][vc_row][vc_column width=&#8221;1\/3&#8243;][elx_download_block text=&#8221;Katalog produkt\u00f3w \u2013 dynamiczne przygotowywanie&#8221; link=&#8221;files.professional.electrolux.com\/docs\/?n=BR-9JEEL&amp;b=5&amp;l=1&#8243; background_color=&#8221;cat-create&#8221; reveal_effect=&#8221;&#8221; reveal_duration=&#8221;&#8221; reveal_delay=&#8221;&#8221;][\/vc_column][vc_column width=&#8221;1\/3&#8243;][elx_download_block text=&#8221;Mikser planetarny EMIX 5,5 litra&#8221; link=&#8221;files.professional.electrolux.com\/docs\/?n=CLF-9JE00086&amp;b=5&amp;l=1&#8243; background_color=&#8221;cat-create&#8221; reveal_effect=&#8221;&#8221; reveal_duration=&#8221;&#8221; reveal_delay=&#8221;&#8221;][\/vc_column][vc_column width=&#8221;1\/3&#8243;][elx_download_block text=&#8221;Mikser planetarny BE5 oraz BE8&#8243; link=&#8221;files.professional.electrolux.com\/docs\/?n=CLF-9JEHF&amp;b=5&amp;l=1&#8243; background_color=&#8221;cat-create&#8221; reveal_effect=&#8221;&#8221; reveal_duration=&#8221;&#8221; reveal_delay=&#8221;&#8221;][\/vc_column][\/vc_row][vc_row][vc_column][vc_empty_space height=&#8221;50px&#8221;][elx_heading font_size=&#8221;h3&#8243; text_color=&#8221;inherit&#8221; text_align=&#8221;text-center&#8221;]Znajd\u017a idealny pakiet dla Twojej firmy[\/elx_heading][\/vc_column][\/vc_row][vc_row][vc_column width=&#8221;1\/3&#8243;][elx_maylike_box id_box=&#8221;1195&#8243;][\/vc_column][vc_column width=&#8221;1\/3&#8243;][elx_maylike_box id_box=&#8221;1217&#8243;][\/vc_column][vc_column width=&#8221;1\/3&#8243;][elx_maylike_box id_box=&#8221;1182&#8243;][\/vc_column][\/vc_row][vc_row][vc_column][vc_empty_space height=&#8221;50px&#8221;][elx_heading text_color=&#8221;inherit&#8221; text_align=&#8221;text-center&#8221;]Dowiedz si\u0119 jak nasze produkty mog\u0105 pom\u00f3c Twojej firmie [\/elx_heading][elx_o2000_contact_us r=&#8221;Chcia\u0142bym dowiedzie\u0107 si\u0119 wi\u0119cej o urz\u0105dzeniach do ugniatania, ubijania i wa\u0142kowania. Prosz\u0119 si\u0119 ze mn\u0105 skontaktowa\u0107.&#8221; s=&#8221;Request of information about knead, whip and sheet&#8221; country=&#8221;Poland&#8221; l=&#8221;pl&#8221; container=&#8221;elxcontactus1480081277&#8243;][vc_empty_space height=&#8221;50px&#8221;][\/vc_column][\/vc_row]<\/p>\n","protected":false},"excerpt":{"rendered":"<p>[vc_row full_width=&#8221;electroluxpro-full-width-no-padding&#8221;][vc_column][elx_image_block background_image=&#8221;1598&#8243; minimum_height=&#8221;450px&#8221;][\/vc_column][\/vc_row][vc_row][vc_column][vc_empty_space][elx_heading font_container=&#8221;h1&#8243; font_size=&#8221;h2&#8243; text_color=&#8221;inherit&#8221; text_align=&#8221;text-center&#8221;]Electrolux Professional oferuje szerok\u0105 gam\u0119 urz\u0105dze\u0144 do ugniatania i wa\u0142kowania ciasta dostosowanych do produkcji wszelkiego rodzaju wypiek\u00f3w, wyrob\u00f3w cukierniczych i ciasta do pizzy[\/elx_heading][vc_empty_space][\/vc_column][\/vc_row][vc_row][vc_column][vc_empty_space][elx_heading text_color=&#8221;inherit&#8221; text_align=&#8221;text-center&#8221;]Miksery planetarne[\/elx_heading][vc_empty_space][\/vc_column][\/vc_row][vc_row][vc_column width=&#8221;1\/4&#8243;][vc_single_image image=&#8221;1609&#8243; img_size=&#8221;full&#8221;][\/vc_column][vc_column width=&#8221;1\/2&#8243;][vc_column_text]Maksymalna wydajno\u015b\u0107. Niewielki, ale pot\u0119\u017cny. Ponad wszystko bezpieczny. Szeroka gama mikser\u00f3w planetarnych: pojemno\u015b\u0107 od 5 do 80 litr\u00f3w. \u0141atwe [&hellip;]<\/p>\n","protected":false},"author":3,"featured_media":1598,"parent":1148,"menu_order":0,"comment_status":"closed","ping_status":"closed","template":"","meta":{"footnotes":""},"class_list":["post-1615","page","type-page","status-publish","has-post-thumbnail","hentry"],"acf":[],"yoast_head":"<!-- This site is optimized with the Yoast SEO plugin v23.3 - https:\/\/yoast.com\/wordpress\/plugins\/seo\/ -->\n<title>Miksery planetarne miesiarki urz\u0105dzenia do wa\u0142kowania ciasta - Electrolux Professional Polska<\/title>\n<meta name=\"description\" content=\"Electrolux oferuje szerok\u0105 gam\u0119 urz\u0105dze\u0144 do ugniatania i wa\u0142kowania ciasta dostosowanych do produkcji wszelkiego rodzaju wypiek\u00f3w, wyrob\u00f3w cukierniczych i ciasta do pizzy.\" \/>\n<meta name=\"robots\" content=\"index, follow, max-snippet:-1, max-image-preview:large, max-video-preview:-1\" \/>\n<link rel=\"canonical\" href=\"https:\/\/www.electroluxprofessional.com\/pl\/gastronomia\/przygotowanie-zagniec-ubij-zawin\/\" \/>\n<meta property=\"og:locale\" content=\"pl_PL\" \/>\n<meta property=\"og:type\" content=\"article\" \/>\n<meta property=\"og:title\" content=\"Miksery planetarne miesiarki urz\u0105dzenia do wa\u0142kowania ciasta - Electrolux Professional Polska\" \/>\n<meta property=\"og:description\" content=\"Electrolux oferuje szerok\u0105 gam\u0119 urz\u0105dze\u0144 do ugniatania i wa\u0142kowania ciasta dostosowanych do produkcji wszelkiego rodzaju wypiek\u00f3w, wyrob\u00f3w cukierniczych i ciasta do pizzy.\" \/>\n<meta property=\"og:url\" content=\"https:\/\/www.electroluxprofessional.com\/pl\/gastronomia\/przygotowanie-zagniec-ubij-zawin\/\" \/>\n<meta property=\"og:site_name\" content=\"Electrolux Professional Polska\" \/>\n<meta property=\"article:modified_time\" content=\"2025-11-05T15:18:25+00:00\" \/>\n<meta property=\"og:image\" content=\"https:\/\/www.electroluxprofessional.com\/pl\/wp-content\/uploads\/2017\/02\/food-prep1.jpg\" \/>\n\t<meta property=\"og:image:width\" content=\"2000\" \/>\n\t<meta property=\"og:image:height\" content=\"1333\" \/>\n\t<meta property=\"og:image:type\" content=\"image\/jpeg\" \/>\n<meta name=\"twitter:card\" content=\"summary_large_image\" \/>\n<meta name=\"twitter:label1\" content=\"Szacowany czas czytania\" \/>\n\t<meta name=\"twitter:data1\" content=\"3 minuty\" \/>\n<script type=\"application\/ld+json\" class=\"yoast-schema-graph\">{\"@context\":\"https:\/\/schema.org\",\"@graph\":[{\"@type\":\"WebPage\",\"@id\":\"https:\/\/www.electroluxprofessional.com\/pl\/gastronomia\/przygotowanie-zagniec-ubij-zawin\/\",\"url\":\"https:\/\/www.electroluxprofessional.com\/pl\/gastronomia\/przygotowanie-zagniec-ubij-zawin\/\",\"name\":\"Miksery planetarne miesiarki urz\u0105dzenia do wa\u0142kowania ciasta - Electrolux Professional Polska\",\"isPartOf\":{\"@id\":\"https:\/\/www.electroluxprofessional.com\/pl\/#website\"},\"primaryImageOfPage\":{\"@id\":\"https:\/\/www.electroluxprofessional.com\/pl\/gastronomia\/przygotowanie-zagniec-ubij-zawin\/#primaryimage\"},\"image\":{\"@id\":\"https:\/\/www.electroluxprofessional.com\/pl\/gastronomia\/przygotowanie-zagniec-ubij-zawin\/#primaryimage\"},\"thumbnailUrl\":\"https:\/\/www.electroluxprofessional.com\/pl\/wp-content\/uploads\/2017\/02\/food-prep1.jpg\",\"datePublished\":\"2016-11-25T11:47:53+00:00\",\"dateModified\":\"2025-11-05T15:18:25+00:00\",\"description\":\"Electrolux oferuje szerok\u0105 gam\u0119 urz\u0105dze\u0144 do ugniatania i wa\u0142kowania ciasta dostosowanych do produkcji wszelkiego rodzaju wypiek\u00f3w, wyrob\u00f3w cukierniczych i ciasta do pizzy.\",\"breadcrumb\":{\"@id\":\"https:\/\/www.electroluxprofessional.com\/pl\/gastronomia\/przygotowanie-zagniec-ubij-zawin\/#breadcrumb\"},\"inLanguage\":\"pl-PL\",\"potentialAction\":[{\"@type\":\"ReadAction\",\"target\":[\"https:\/\/www.electroluxprofessional.com\/pl\/gastronomia\/przygotowanie-zagniec-ubij-zawin\/\"]}]},{\"@type\":\"ImageObject\",\"inLanguage\":\"pl-PL\",\"@id\":\"https:\/\/www.electroluxprofessional.com\/pl\/gastronomia\/przygotowanie-zagniec-ubij-zawin\/#primaryimage\",\"url\":\"https:\/\/www.electroluxprofessional.com\/pl\/wp-content\/uploads\/2017\/02\/food-prep1.jpg\",\"contentUrl\":\"https:\/\/www.electroluxprofessional.com\/pl\/wp-content\/uploads\/2017\/02\/food-prep1.jpg\",\"width\":2000,\"height\":1333,\"caption\":\"food-prep1\"},{\"@type\":\"BreadcrumbList\",\"@id\":\"https:\/\/www.electroluxprofessional.com\/pl\/gastronomia\/przygotowanie-zagniec-ubij-zawin\/#breadcrumb\",\"itemListElement\":[{\"@type\":\"ListItem\",\"position\":1,\"name\":\"Strona g\u0142\u00f3wna\",\"item\":\"https:\/\/www.electroluxprofessional.com\/pl\/\"},{\"@type\":\"ListItem\",\"position\":2,\"name\":\"Gastronomia\",\"item\":\"https:\/\/www.electroluxprofessional.com\/pl\/gastronomia\/\"},{\"@type\":\"ListItem\",\"position\":3,\"name\":\"Przygotowanie: zagnie\u0107, ubij i zawi\u0144\"}]},{\"@type\":\"WebSite\",\"@id\":\"https:\/\/www.electroluxprofessional.com\/pl\/#website\",\"url\":\"https:\/\/www.electroluxprofessional.com\/pl\/\",\"name\":\"Electrolux Professional Polska\",\"description\":\"\",\"potentialAction\":[{\"@type\":\"SearchAction\",\"target\":{\"@type\":\"EntryPoint\",\"urlTemplate\":\"https:\/\/www.electroluxprofessional.com\/pl\/?src={search_term_string}\"},\"query-input\":\"required name=search_term_string\"}],\"inLanguage\":\"pl-PL\"}]}<\/script>\n<!-- \/ Yoast SEO plugin. -->","yoast_head_json":{"title":"Miksery planetarne miesiarki urz\u0105dzenia do wa\u0142kowania ciasta - Electrolux Professional Polska","description":"Electrolux oferuje szerok\u0105 gam\u0119 urz\u0105dze\u0144 do ugniatania i wa\u0142kowania ciasta dostosowanych do produkcji wszelkiego rodzaju wypiek\u00f3w, wyrob\u00f3w cukierniczych i ciasta do pizzy.","robots":{"index":"index","follow":"follow","max-snippet":"max-snippet:-1","max-image-preview":"max-image-preview:large","max-video-preview":"max-video-preview:-1"},"canonical":"https:\/\/www.electroluxprofessional.com\/pl\/gastronomia\/przygotowanie-zagniec-ubij-zawin\/","og_locale":"pl_PL","og_type":"article","og_title":"Miksery planetarne miesiarki urz\u0105dzenia do wa\u0142kowania ciasta - Electrolux Professional Polska","og_description":"Electrolux oferuje szerok\u0105 gam\u0119 urz\u0105dze\u0144 do ugniatania i wa\u0142kowania ciasta dostosowanych do produkcji wszelkiego rodzaju wypiek\u00f3w, wyrob\u00f3w cukierniczych i ciasta do pizzy.","og_url":"https:\/\/www.electroluxprofessional.com\/pl\/gastronomia\/przygotowanie-zagniec-ubij-zawin\/","og_site_name":"Electrolux Professional Polska","article_modified_time":"2025-11-05T15:18:25+00:00","og_image":[{"width":2000,"height":1333,"url":"https:\/\/www.electroluxprofessional.com\/pl\/wp-content\/uploads\/2017\/02\/food-prep1.jpg","type":"image\/jpeg"}],"twitter_card":"summary_large_image","twitter_misc":{"Szacowany czas czytania":"3 minuty"},"schema":{"@context":"https:\/\/schema.org","@graph":[{"@type":"WebPage","@id":"https:\/\/www.electroluxprofessional.com\/pl\/gastronomia\/przygotowanie-zagniec-ubij-zawin\/","url":"https:\/\/www.electroluxprofessional.com\/pl\/gastronomia\/przygotowanie-zagniec-ubij-zawin\/","name":"Miksery planetarne miesiarki urz\u0105dzenia do wa\u0142kowania ciasta - Electrolux Professional Polska","isPartOf":{"@id":"https:\/\/www.electroluxprofessional.com\/pl\/#website"},"primaryImageOfPage":{"@id":"https:\/\/www.electroluxprofessional.com\/pl\/gastronomia\/przygotowanie-zagniec-ubij-zawin\/#primaryimage"},"image":{"@id":"https:\/\/www.electroluxprofessional.com\/pl\/gastronomia\/przygotowanie-zagniec-ubij-zawin\/#primaryimage"},"thumbnailUrl":"https:\/\/www.electroluxprofessional.com\/pl\/wp-content\/uploads\/2017\/02\/food-prep1.jpg","datePublished":"2016-11-25T11:47:53+00:00","dateModified":"2025-11-05T15:18:25+00:00","description":"Electrolux oferuje szerok\u0105 gam\u0119 urz\u0105dze\u0144 do ugniatania i wa\u0142kowania ciasta dostosowanych do produkcji wszelkiego rodzaju wypiek\u00f3w, wyrob\u00f3w cukierniczych i ciasta do pizzy.","breadcrumb":{"@id":"https:\/\/www.electroluxprofessional.com\/pl\/gastronomia\/przygotowanie-zagniec-ubij-zawin\/#breadcrumb"},"inLanguage":"pl-PL","potentialAction":[{"@type":"ReadAction","target":["https:\/\/www.electroluxprofessional.com\/pl\/gastronomia\/przygotowanie-zagniec-ubij-zawin\/"]}]},{"@type":"ImageObject","inLanguage":"pl-PL","@id":"https:\/\/www.electroluxprofessional.com\/pl\/gastronomia\/przygotowanie-zagniec-ubij-zawin\/#primaryimage","url":"https:\/\/www.electroluxprofessional.com\/pl\/wp-content\/uploads\/2017\/02\/food-prep1.jpg","contentUrl":"https:\/\/www.electroluxprofessional.com\/pl\/wp-content\/uploads\/2017\/02\/food-prep1.jpg","width":2000,"height":1333,"caption":"food-prep1"},{"@type":"BreadcrumbList","@id":"https:\/\/www.electroluxprofessional.com\/pl\/gastronomia\/przygotowanie-zagniec-ubij-zawin\/#breadcrumb","itemListElement":[{"@type":"ListItem","position":1,"name":"Strona g\u0142\u00f3wna","item":"https:\/\/www.electroluxprofessional.com\/pl\/"},{"@type":"ListItem","position":2,"name":"Gastronomia","item":"https:\/\/www.electroluxprofessional.com\/pl\/gastronomia\/"},{"@type":"ListItem","position":3,"name":"Przygotowanie: zagnie\u0107, ubij i zawi\u0144"}]},{"@type":"WebSite","@id":"https:\/\/www.electroluxprofessional.com\/pl\/#website","url":"https:\/\/www.electroluxprofessional.com\/pl\/","name":"Electrolux Professional Polska","description":"","potentialAction":[{"@type":"SearchAction","target":{"@type":"EntryPoint","urlTemplate":"https:\/\/www.electroluxprofessional.com\/pl\/?src={search_term_string}"},"query-input":"required name=search_term_string"}],"inLanguage":"pl-PL"}]}},"_links":{"self":[{"href":"https:\/\/www.electroluxprofessional.com\/pl\/wp-json\/wp\/v2\/pages\/1615"}],"collection":[{"href":"https:\/\/www.electroluxprofessional.com\/pl\/wp-json\/wp\/v2\/pages"}],"about":[{"href":"https:\/\/www.electroluxprofessional.com\/pl\/wp-json\/wp\/v2\/types\/page"}],"author":[{"embeddable":true,"href":"https:\/\/www.electroluxprofessional.com\/pl\/wp-json\/wp\/v2\/users\/3"}],"replies":[{"embeddable":true,"href":"https:\/\/www.electroluxprofessional.com\/pl\/wp-json\/wp\/v2\/comments?post=1615"}],"version-history":[{"count":7,"href":"https:\/\/www.electroluxprofessional.com\/pl\/wp-json\/wp\/v2\/pages\/1615\/revisions"}],"predecessor-version":[{"id":11609,"href":"https:\/\/www.electroluxprofessional.com\/pl\/wp-json\/wp\/v2\/pages\/1615\/revisions\/11609"}],"up":[{"embeddable":true,"href":"https:\/\/www.electroluxprofessional.com\/pl\/wp-json\/wp\/v2\/pages\/1148"}],"wp:featuredmedia":[{"embeddable":true,"href":"https:\/\/www.electroluxprofessional.com\/pl\/wp-json\/wp\/v2\/media\/1598"}],"wp:attachment":[{"href":"https:\/\/www.electroluxprofessional.com\/pl\/wp-json\/wp\/v2\/media?parent=1615"}],"curies":[{"name":"wp","href":"https:\/\/api.w.org\/{rel}","templated":true}]}}