{"id":1581,"date":"2016-12-21T14:03:19","date_gmt":"2016-12-21T14:03:19","guid":{"rendered":"https:\/\/www.electroluxprofessional.com\/?page_id=7787"},"modified":"2020-09-04T08:30:58","modified_gmt":"2020-09-04T08:30:58","slug":"seminaria-electrolux-professional","status":"publish","type":"page","link":"https:\/\/www.electroluxprofessional.com\/pl\/chef-s-hub\/seminaria-electrolux-professional\/","title":{"rendered":"Seminaria Electrolux Professional"},"content":{"rendered":"<p>[vc_row full_width=&#8221;electroluxpro-full-width-no-padding&#8221;][vc_column][elx_hero_title label=&#8221;&#8221; background_image=&#8221;1320&#8243;][elx_heading font_container=&#8221;h1&#8243; text_color=&#8221;white&#8221;]Seminaria Electrolux Professional[\/elx_heading][\/elx_hero_title][\/vc_column][\/vc_row][vc_row][vc_column][vc_empty_space][elx_heading font_size=&#8221;h3&#8243; text_color=&#8221;inherit&#8221;]<strong>Spotkanie, szkolenie, inspiracja i wymiana do\u015bwiadcze\u0144 <\/strong> w Electrolux Professional Centers of Excellence [\/elx_heading][vc_empty_space height=&#8221;15px&#8221;][vc_column_text]Prowadzone przez <strong>Electrolux Chef Academy, kucharzy &#8211; celebryt\u00f3w<\/strong> z r\u00f3\u017cnych cz\u0119\u015bci \u015bwiata oraz najbardziej wybitnych specjalist\u00f3w z bran\u017cy gastronomicznej, Seminaria Electrolux Professional oparte s\u0105 na <strong>najnowszej metodologii edukacyjnej najlepszych mi\u0119dzynarodowych instytucji kulinarnych<\/strong>.<\/p>\n<pre id=\"tw-target-text\" class=\"tw-data-text tw-text-large tw-ta\" dir=\"ltr\" data-placeholder=\"T\u0142umaczenie\"><span lang=\"pl\">\u00a0<\/span><\/pre>\n<p>[\/vc_column_text][\/vc_column][\/vc_row][vc_row][vc_column][vc_empty_space][\/vc_column][\/vc_row]<\/p>\n","protected":false},"excerpt":{"rendered":"<p>[vc_row full_width=&#8221;electroluxpro-full-width-no-padding&#8221;][vc_column][elx_hero_title label=&#8221;&#8221; background_image=&#8221;1320&#8243;][elx_heading font_container=&#8221;h1&#8243; text_color=&#8221;white&#8221;]Seminaria Electrolux Professional[\/elx_heading][\/elx_hero_title][\/vc_column][\/vc_row][vc_row][vc_column][vc_empty_space][elx_heading font_size=&#8221;h3&#8243; text_color=&#8221;inherit&#8221;]Spotkanie, szkolenie, inspiracja i wymiana do\u015bwiadcze\u0144 w Electrolux Professional Centers of Excellence [\/elx_heading][vc_empty_space height=&#8221;15px&#8221;][vc_column_text]Prowadzone przez Electrolux Chef Academy, kucharzy &#8211; celebryt\u00f3w z r\u00f3\u017cnych cz\u0119\u015bci \u015bwiata oraz najbardziej wybitnych specjalist\u00f3w z bran\u017cy gastronomicznej, Seminaria Electrolux Professional oparte s\u0105 na najnowszej metodologii edukacyjnej najlepszych mi\u0119dzynarodowych instytucji kulinarnych. \u00a0 [&hellip;]<\/p>\n","protected":false},"author":3,"featured_media":1320,"parent":2521,"menu_order":0,"comment_status":"closed","ping_status":"closed","template":"template-seminars.php","meta":{"footnotes":""},"class_list":["post-1581","page","type-page","status-publish","has-post-thumbnail","hentry"],"acf":[],"yoast_head":"<!-- This site is optimized with the Yoast SEO plugin v23.3 - https:\/\/yoast.com\/wordpress\/plugins\/seo\/ -->\n<title>Seminaria Electrolux Professional - Electrolux Professional Polska<\/title>\n<meta name=\"description\" content=\"Prowadzone przez Electrolux Chef Academy, kucharzy \u2013 celebryt\u00f3w z r\u00f3\u017cnych cz\u0119\u015bci \u015bwiata oraz najbardziej wybitnych specjalist\u00f3w z bran\u017cy gastronomicznej, Seminaria Electrolux Professional oparte s\u0105 na najnowszej metodologii edukacyjnej najlepszych mi\u0119dzynarodowych instytucji kulinarnych.\" \/>\n<meta name=\"robots\" content=\"index, follow, max-snippet:-1, max-image-preview:large, max-video-preview:-1\" \/>\n<link rel=\"canonical\" href=\"https:\/\/www.electroluxprofessional.com\/pl\/chef-s-hub\/seminaria-electrolux-professional\/\" \/>\n<meta property=\"og:locale\" content=\"pl_PL\" \/>\n<meta property=\"og:type\" content=\"article\" \/>\n<meta property=\"og:title\" content=\"Seminaria Electrolux Professional - Electrolux Professional Polska\" \/>\n<meta property=\"og:description\" content=\"Prowadzone przez Electrolux Chef Academy, kucharzy \u2013 celebryt\u00f3w z r\u00f3\u017cnych cz\u0119\u015bci \u015bwiata oraz najbardziej wybitnych specjalist\u00f3w z bran\u017cy gastronomicznej, Seminaria Electrolux Professional oparte s\u0105 na najnowszej metodologii edukacyjnej najlepszych mi\u0119dzynarodowych instytucji kulinarnych.\" \/>\n<meta property=\"og:url\" content=\"https:\/\/www.electroluxprofessional.com\/pl\/chef-s-hub\/seminaria-electrolux-professional\/\" \/>\n<meta property=\"og:site_name\" content=\"Electrolux Professional Polska\" \/>\n<meta property=\"article:modified_time\" content=\"2020-09-04T08:30:58+00:00\" \/>\n<meta property=\"og:image\" content=\"https:\/\/www.electroluxprofessional.com\/pl\/wp-content\/uploads\/2016\/12\/web.jpg\" \/>\n\t<meta property=\"og:image:width\" content=\"1800\" \/>\n\t<meta property=\"og:image:height\" content=\"993\" \/>\n\t<meta property=\"og:image:type\" content=\"image\/jpeg\" \/>\n<meta name=\"twitter:card\" content=\"summary_large_image\" \/>\n<meta name=\"twitter:label1\" content=\"Szacowany czas czytania\" \/>\n\t<meta name=\"twitter:data1\" content=\"1 minuta\" \/>\n<script type=\"application\/ld+json\" class=\"yoast-schema-graph\">{\"@context\":\"https:\/\/schema.org\",\"@graph\":[{\"@type\":\"WebPage\",\"@id\":\"https:\/\/www.electroluxprofessional.com\/pl\/chef-s-hub\/seminaria-electrolux-professional\/\",\"url\":\"https:\/\/www.electroluxprofessional.com\/pl\/chef-s-hub\/seminaria-electrolux-professional\/\",\"name\":\"Seminaria Electrolux Professional - Electrolux Professional Polska\",\"isPartOf\":{\"@id\":\"https:\/\/www.electroluxprofessional.com\/pl\/#website\"},\"primaryImageOfPage\":{\"@id\":\"https:\/\/www.electroluxprofessional.com\/pl\/chef-s-hub\/seminaria-electrolux-professional\/#primaryimage\"},\"image\":{\"@id\":\"https:\/\/www.electroluxprofessional.com\/pl\/chef-s-hub\/seminaria-electrolux-professional\/#primaryimage\"},\"thumbnailUrl\":\"https:\/\/www.electroluxprofessional.com\/pl\/wp-content\/uploads\/2016\/12\/web.jpg\",\"datePublished\":\"2016-12-21T14:03:19+00:00\",\"dateModified\":\"2020-09-04T08:30:58+00:00\",\"description\":\"Prowadzone przez Electrolux Chef Academy, kucharzy \u2013 celebryt\u00f3w z r\u00f3\u017cnych cz\u0119\u015bci \u015bwiata oraz najbardziej wybitnych specjalist\u00f3w z bran\u017cy gastronomicznej, Seminaria Electrolux Professional oparte s\u0105 na najnowszej metodologii edukacyjnej najlepszych mi\u0119dzynarodowych instytucji kulinarnych.\",\"breadcrumb\":{\"@id\":\"https:\/\/www.electroluxprofessional.com\/pl\/chef-s-hub\/seminaria-electrolux-professional\/#breadcrumb\"},\"inLanguage\":\"pl-PL\",\"potentialAction\":[{\"@type\":\"ReadAction\",\"target\":[\"https:\/\/www.electroluxprofessional.com\/pl\/chef-s-hub\/seminaria-electrolux-professional\/\"]}]},{\"@type\":\"ImageObject\",\"inLanguage\":\"pl-PL\",\"@id\":\"https:\/\/www.electroluxprofessional.com\/pl\/chef-s-hub\/seminaria-electrolux-professional\/#primaryimage\",\"url\":\"https:\/\/www.electroluxprofessional.com\/pl\/wp-content\/uploads\/2016\/12\/web.jpg\",\"contentUrl\":\"https:\/\/www.electroluxprofessional.com\/pl\/wp-content\/uploads\/2016\/12\/web.jpg\",\"width\":1800,\"height\":993,\"caption\":\"Seminars - chef academy\"},{\"@type\":\"BreadcrumbList\",\"@id\":\"https:\/\/www.electroluxprofessional.com\/pl\/chef-s-hub\/seminaria-electrolux-professional\/#breadcrumb\",\"itemListElement\":[{\"@type\":\"ListItem\",\"position\":1,\"name\":\"Strona g\u0142\u00f3wna\",\"item\":\"https:\/\/www.electroluxprofessional.com\/pl\/\"},{\"@type\":\"ListItem\",\"position\":2,\"name\":\"Chef\u2019s Hub \u2013 O\u015brodek Szef\u00f3w Kuchni\",\"item\":\"https:\/\/www.electroluxprofessional.com\/pl\/chef-s-hub\/\"},{\"@type\":\"ListItem\",\"position\":3,\"name\":\"Seminaria Electrolux Professional\"}]},{\"@type\":\"WebSite\",\"@id\":\"https:\/\/www.electroluxprofessional.com\/pl\/#website\",\"url\":\"https:\/\/www.electroluxprofessional.com\/pl\/\",\"name\":\"Electrolux Professional Polska\",\"description\":\"\",\"potentialAction\":[{\"@type\":\"SearchAction\",\"target\":{\"@type\":\"EntryPoint\",\"urlTemplate\":\"https:\/\/www.electroluxprofessional.com\/pl\/?src={search_term_string}\"},\"query-input\":\"required name=search_term_string\"}],\"inLanguage\":\"pl-PL\"}]}<\/script>\n<!-- \/ Yoast SEO plugin. -->","yoast_head_json":{"title":"Seminaria Electrolux Professional - Electrolux Professional Polska","description":"Prowadzone przez Electrolux Chef Academy, kucharzy \u2013 celebryt\u00f3w z r\u00f3\u017cnych cz\u0119\u015bci \u015bwiata oraz najbardziej wybitnych specjalist\u00f3w z bran\u017cy gastronomicznej, Seminaria Electrolux Professional oparte s\u0105 na najnowszej metodologii edukacyjnej najlepszych mi\u0119dzynarodowych instytucji kulinarnych.","robots":{"index":"index","follow":"follow","max-snippet":"max-snippet:-1","max-image-preview":"max-image-preview:large","max-video-preview":"max-video-preview:-1"},"canonical":"https:\/\/www.electroluxprofessional.com\/pl\/chef-s-hub\/seminaria-electrolux-professional\/","og_locale":"pl_PL","og_type":"article","og_title":"Seminaria Electrolux Professional - Electrolux Professional Polska","og_description":"Prowadzone przez Electrolux Chef Academy, kucharzy \u2013 celebryt\u00f3w z r\u00f3\u017cnych cz\u0119\u015bci \u015bwiata oraz najbardziej wybitnych specjalist\u00f3w z bran\u017cy gastronomicznej, Seminaria Electrolux Professional oparte s\u0105 na najnowszej metodologii edukacyjnej najlepszych mi\u0119dzynarodowych instytucji kulinarnych.","og_url":"https:\/\/www.electroluxprofessional.com\/pl\/chef-s-hub\/seminaria-electrolux-professional\/","og_site_name":"Electrolux Professional Polska","article_modified_time":"2020-09-04T08:30:58+00:00","og_image":[{"width":1800,"height":993,"url":"https:\/\/www.electroluxprofessional.com\/pl\/wp-content\/uploads\/2016\/12\/web.jpg","type":"image\/jpeg"}],"twitter_card":"summary_large_image","twitter_misc":{"Szacowany czas czytania":"1 minuta"},"schema":{"@context":"https:\/\/schema.org","@graph":[{"@type":"WebPage","@id":"https:\/\/www.electroluxprofessional.com\/pl\/chef-s-hub\/seminaria-electrolux-professional\/","url":"https:\/\/www.electroluxprofessional.com\/pl\/chef-s-hub\/seminaria-electrolux-professional\/","name":"Seminaria Electrolux Professional - Electrolux Professional Polska","isPartOf":{"@id":"https:\/\/www.electroluxprofessional.com\/pl\/#website"},"primaryImageOfPage":{"@id":"https:\/\/www.electroluxprofessional.com\/pl\/chef-s-hub\/seminaria-electrolux-professional\/#primaryimage"},"image":{"@id":"https:\/\/www.electroluxprofessional.com\/pl\/chef-s-hub\/seminaria-electrolux-professional\/#primaryimage"},"thumbnailUrl":"https:\/\/www.electroluxprofessional.com\/pl\/wp-content\/uploads\/2016\/12\/web.jpg","datePublished":"2016-12-21T14:03:19+00:00","dateModified":"2020-09-04T08:30:58+00:00","description":"Prowadzone przez Electrolux Chef Academy, kucharzy \u2013 celebryt\u00f3w z r\u00f3\u017cnych cz\u0119\u015bci \u015bwiata oraz najbardziej wybitnych specjalist\u00f3w z bran\u017cy gastronomicznej, Seminaria Electrolux Professional oparte s\u0105 na najnowszej metodologii edukacyjnej najlepszych mi\u0119dzynarodowych instytucji kulinarnych.","breadcrumb":{"@id":"https:\/\/www.electroluxprofessional.com\/pl\/chef-s-hub\/seminaria-electrolux-professional\/#breadcrumb"},"inLanguage":"pl-PL","potentialAction":[{"@type":"ReadAction","target":["https:\/\/www.electroluxprofessional.com\/pl\/chef-s-hub\/seminaria-electrolux-professional\/"]}]},{"@type":"ImageObject","inLanguage":"pl-PL","@id":"https:\/\/www.electroluxprofessional.com\/pl\/chef-s-hub\/seminaria-electrolux-professional\/#primaryimage","url":"https:\/\/www.electroluxprofessional.com\/pl\/wp-content\/uploads\/2016\/12\/web.jpg","contentUrl":"https:\/\/www.electroluxprofessional.com\/pl\/wp-content\/uploads\/2016\/12\/web.jpg","width":1800,"height":993,"caption":"Seminars - chef academy"},{"@type":"BreadcrumbList","@id":"https:\/\/www.electroluxprofessional.com\/pl\/chef-s-hub\/seminaria-electrolux-professional\/#breadcrumb","itemListElement":[{"@type":"ListItem","position":1,"name":"Strona g\u0142\u00f3wna","item":"https:\/\/www.electroluxprofessional.com\/pl\/"},{"@type":"ListItem","position":2,"name":"Chef\u2019s Hub \u2013 O\u015brodek Szef\u00f3w Kuchni","item":"https:\/\/www.electroluxprofessional.com\/pl\/chef-s-hub\/"},{"@type":"ListItem","position":3,"name":"Seminaria Electrolux Professional"}]},{"@type":"WebSite","@id":"https:\/\/www.electroluxprofessional.com\/pl\/#website","url":"https:\/\/www.electroluxprofessional.com\/pl\/","name":"Electrolux Professional Polska","description":"","potentialAction":[{"@type":"SearchAction","target":{"@type":"EntryPoint","urlTemplate":"https:\/\/www.electroluxprofessional.com\/pl\/?src={search_term_string}"},"query-input":"required name=search_term_string"}],"inLanguage":"pl-PL"}]}},"_links":{"self":[{"href":"https:\/\/www.electroluxprofessional.com\/pl\/wp-json\/wp\/v2\/pages\/1581"}],"collection":[{"href":"https:\/\/www.electroluxprofessional.com\/pl\/wp-json\/wp\/v2\/pages"}],"about":[{"href":"https:\/\/www.electroluxprofessional.com\/pl\/wp-json\/wp\/v2\/types\/page"}],"author":[{"embeddable":true,"href":"https:\/\/www.electroluxprofessional.com\/pl\/wp-json\/wp\/v2\/users\/3"}],"replies":[{"embeddable":true,"href":"https:\/\/www.electroluxprofessional.com\/pl\/wp-json\/wp\/v2\/comments?post=1581"}],"version-history":[{"count":4,"href":"https:\/\/www.electroluxprofessional.com\/pl\/wp-json\/wp\/v2\/pages\/1581\/revisions"}],"predecessor-version":[{"id":5502,"href":"https:\/\/www.electroluxprofessional.com\/pl\/wp-json\/wp\/v2\/pages\/1581\/revisions\/5502"}],"up":[{"embeddable":true,"href":"https:\/\/www.electroluxprofessional.com\/pl\/wp-json\/wp\/v2\/pages\/2521"}],"wp:featuredmedia":[{"embeddable":true,"href":"https:\/\/www.electroluxprofessional.com\/pl\/wp-json\/wp\/v2\/media\/1320"}],"wp:attachment":[{"href":"https:\/\/www.electroluxprofessional.com\/pl\/wp-json\/wp\/v2\/media?parent=1581"}],"curies":[{"name":"wp","href":"https:\/\/api.w.org\/{rel}","templated":true}]}}