{"id":1565,"date":"2016-05-24T09:14:41","date_gmt":"2016-05-24T09:14:41","guid":{"rendered":"https:\/\/www.electroluxprofessional.com\/?page_id=1424"},"modified":"2024-07-03T09:29:59","modified_gmt":"2024-07-03T09:29:59","slug":"zmieniamy-sie-na-lepsze","status":"publish","type":"page","link":"https:\/\/www.electroluxprofessional.com\/pl\/zmieniamy-sie-na-lepsze\/","title":{"rendered":"Zmieniamy si\u0119 na lepsze"},"content":{"rendered":"<p>[vc_row full_width=&#8221;electroluxpro-full-width-no-padding&#8221;][vc_column][elx_hero_title label=&#8221;&#8221; label_background_color=&#8221;inherit&#8221; background_image=&#8221;660&#8243;][\/elx_hero_title][\/vc_column][\/vc_row][vc_row][vc_column][elx_heading font_container=&#8221;h3&#8243; text_color=&#8221;inherit&#8221; text_align=&#8221;text-center&#8221;]<strong>Zmieniamy si\u0119 dla Was<\/strong>, by by\u0107 najlepsz\u0105 firm\u0105 na \u015bwiecie, <strong>podnosz\u0105c codzienn\u0105 jako\u015b\u0107 \u017cycia i dbaj\u0105c o nasz\u0105 planet\u0119.<\/strong>[\/elx_heading][\/vc_column][\/vc_row][vc_row][vc_column][vc_empty_space height=&#8221;50px&#8221;][\/vc_column][\/vc_row][vc_row][vc_column css=&#8221;.vc_custom_1464253757950{padding-bottom: 30px !important;}&#8221;][elx_heading font_container=&#8221;h1&#8243; font_size=&#8221;h3&#8243; text_color=&#8221;inherit&#8221; text_align=&#8221;text-center&#8221;]Nasze zaanga\u017cowanie[\/elx_heading][\/vc_column][\/vc_row][vc_row][vc_column width=&#8221;1\/2&#8243;][elx_simple_link_block link=&#8221;url:https%3A%2F%2Fwww.electroluxprofessional.com%2Fpl%2Fpralnictwo%2Flagoon-advanced-care%2F|title:Lagoon%20Advanced%20Care%202.0&#8243; text_align=&#8221;text-left&#8221; text_color=&#8221;inherit&#8221; background_color=&#8221;inherit&#8221; background_hover_color=&#8221;darker-hover&#8221; extra_class=&#8221;&#8221; reveal_effect=&#8221;&#8221; reveal_duration=&#8221;&#8221; reveal_delay=&#8221;&#8221;][vc_single_image image=&#8221;571&#8243; img_size=&#8221;full&#8221; alignment=&#8221;center&#8221;][elx_heading font_container=&#8221;h3&#8243; text_color=&#8221;inherit&#8221;]<span style=\"color: #f08452;\">Eliminacja szkodliwych substancji<\/span>[\/elx_heading][vc_column_text]<strong>Lagoon Advanced Care<\/strong> to przyjazny dla \u015brodowiska system czyszczenia garderoby bez u\u017cycia<strong> toksycznych chemikali\u00f3w<\/strong>. Najbardziej skutecznym rozpuszczalnikiem jest <strong>woda<\/strong>.[\/vc_column_text][\/elx_simple_link_block][\/vc_column][vc_column width=&#8221;1\/2&#8243;][elx_simple_link_block link=&#8221;url:https%3A%2F%2Fwww.electroluxprofessional.com%2Fpl%2Fsuszarki-z-pompa-ciepla-z-linii-6000%2F|title:Suszarki%20z%20pomp%C4%85%20ciep%C5%82a%20z%20linii%206000&#8243; text_align=&#8221;text-left&#8221; text_color=&#8221;inherit&#8221; background_color=&#8221;inherit&#8221; background_hover_color=&#8221;darker-hover&#8221; extra_class=&#8221;&#8221; reveal_effect=&#8221;&#8221; reveal_duration=&#8221;&#8221; reveal_delay=&#8221;&#8221;][vc_single_image image=&#8221;664&#8243; img_size=&#8221;full&#8221; alignment=&#8221;center&#8221;][elx_heading font_container=&#8221;h3&#8243; text_color=&#8221;inherit&#8221;]<span style=\"color: #f08452;\">Zaoszcz\u0119d\u017a nawet 60% na kosztach energii<\/span>[\/elx_heading][vc_column_text]Rewolucyjna technologia zastosowana w naszych <strong>suszarkach z pomp\u0105 ciep\u0142a<\/strong>, pozwala klientom <strong>zaoszcz\u0119dzi\u0107 do 60% energii<\/strong> przy jednoczesnym zapewnieniu wysokiej wydajno\u015bci i <strong>najwy\u017cszej jako\u015bci<\/strong> suszenia.[\/vc_column_text][\/elx_simple_link_block][\/vc_column][\/vc_row][vc_row][vc_column][vc_empty_space height=&#8221;50px&#8221;][\/vc_column][\/vc_row][vc_row][vc_column width=&#8221;1\/2&#8243;][elx_simple_link_block link=&#8221;url:https%3A%2F%2Fwww.electroluxprofessional.com%2Fpl%2Fgastronomia%2Fszafy-chlodnicze-2%2F|title:Szafy%20ch%C5%82odnicze&#8221; text_align=&#8221;text-left&#8221; text_color=&#8221;inherit&#8221; background_color=&#8221;inherit&#8221; background_hover_color=&#8221;darker-hover&#8221; extra_class=&#8221;&#8221; reveal_effect=&#8221;&#8221; reveal_duration=&#8221;&#8221; reveal_delay=&#8221;&#8221;][vc_single_image image=&#8221;665&#8243; img_size=&#8221;full&#8221; alignment=&#8221;center&#8221;][elx_heading font_container=&#8221;h3&#8243; text_color=&#8221;inherit&#8221;]<span style=\"color: #f08452;\">Wybierz odpowiedzialne ch\u0142odzenie<\/span>[\/elx_heading][vc_column_text]Dzi\u0119ki nowej generacji szaf ch\u0142odniczych mo\u017cna<strong> zaoszcz\u0119dzi\u0107 do 830 \u20ac rocznie<\/strong> (zamra\u017carka) i <strong>300 \u20ac rocznie<\/strong> (lod\u00f3wka).[\/vc_column_text][\/elx_simple_link_block][\/vc_column][vc_column width=&#8221;1\/2&#8243;][elx_simple_link_block link=&#8221;url:https%3A%2F%2Fwww.electroluxprofessional.com%2Fpl%2Fgastronomia%2Furzadzenia-do-zmywania%2Fzmywarki-kapturowe%2F|title:Hood%20Type%20Dishwasher&#8221; text_align=&#8221;text-left&#8221; text_color=&#8221;inherit&#8221; background_color=&#8221;inherit&#8221; background_hover_color=&#8221;darker-hover&#8221; extra_class=&#8221;&#8221; reveal_effect=&#8221;&#8221; reveal_duration=&#8221;&#8221; reveal_delay=&#8221;&#8221;][vc_single_image image=&#8221;666&#8243; img_size=&#8221;full&#8221;][elx_heading font_container=&#8221;h3&#8243; text_color=&#8221;inherit&#8221;]<span style=\"color: #f08452;\">Zaoszcz\u0119d\u017a do 1.040 \u20ac rocznie<\/span>[\/elx_heading][vc_column_text]Kapturowe zmywarki do naczy\u0144 typu green&amp;clean zapewniaj\u0105 <strong>maksymalne oszcz\u0119dno\u015bci<\/strong> dzi\u0119ki <strong>niskiemu zu\u017cyciu<\/strong> energii i wody.[\/vc_column_text][\/elx_simple_link_block][\/vc_column][\/vc_row][vc_row][vc_column][vc_empty_space height=&#8221;50px&#8221;][\/vc_column][\/vc_row][vc_row css=&#8221;.vc_custom_1485505201301{margin-right: 0px !important;border-right-width: 0px !important;padding-right: 0px !important;}&#8221;][vc_column width=&#8221;2\/3&#8243;][elx_heading font_size=&#8221;h3&#8243; text_color=&#8221;inherit&#8221;]<strong>Gwarancja bezpiecze\u0144stwa i kultury pracy.<\/strong><br \/>\nInni tylko gadaj\u0105, my piszemy ksi\u0105\u017ck\u0119.[\/elx_heading][vc_empty_space][\/vc_column][vc_column width=&#8221;1\/3&#8243;][\/vc_column][\/vc_row][vc_row][vc_column width=&#8221;3\/4&#8243;][vc_column_text][rev_slider_vc alias=&#8221;safety&#8221;][\/vc_column_text][\/vc_column][vc_column width=&#8221;1\/4&#8243;][vc_column_text]Nasi klienci powinni <strong>czu\u0107 si\u0119 bezpiecznie<\/strong> wiedz\u0105c, \u017ce nie s\u0105 nara\u017ceni na kontakt ze szkodliwymi substancjami lub chemikaliami stosowanymi w naszych produktach. Ka\u017cdy powinien mie\u0107 mo\u017cliwo\u015b\u0107 <strong>spo\u017cywania bezpiecznie przygotowanej \u017cywno\u015bci i korzystania z prawid\u0142owo zdezynfekowanej bielizny.<\/strong>.[\/vc_column_text][elx_button button_text=&#8221;Czytaj wi\u0119cej&#8221; button_style=&#8221;icon&#8221; css=&#8221;.vc_custom_1713175429062{margin-top: 0px !important;border-top-width: 0px !important;padding-top: 0px !important;}&#8221; button_link=&#8221;url:https%3A%2F%2Fwww.electroluxprofessional.com%2Fpl%2Fbezpieczenstwo-kultura-pracy%2F|title:Bezpiecze%C5%84stwo%20i%20kultura%20pracy&#8221;][\/vc_column][\/vc_row][vc_row disable_element=&#8221;yes&#8221;][vc_column][vc_column_text css_animation=&#8221;appear&#8221;]<\/p>\n<h3 style=\"text-align: center;\">It&#8217;s better to think of work safety<\/h3>\n<p>[\/vc_column_text][\/vc_column][\/vc_row][vc_row full_width=&#8221;electroluxpro-container-no-padding&#8221; equal_height=&#8221;yes&#8221; disable_element=&#8221;yes&#8221; css=&#8221;.vc_custom_1485504714043{padding-top: 20px !important;padding-bottom: 20px !important;background-color: #f7f6f6 !important;}&#8221;][vc_column width=&#8221;1\/3&#8243;][elx_image_block background_image=&#8221;661&#8243; minimum_height=&#8221;200px&#8221;][\/vc_column][vc_column width=&#8221;1\/3&#8243;][elx_simple_block text_align=&#8221;text-center&#8221; text_color=&#8221;white&#8221; background_color=&#8221;electrolux-blue&#8221;][elx_heading font_container=&#8221;h3&#8243; text_color=&#8221;inherit&#8221;]<span style=\"color: #ffffff;\">Imagine a zero risk\u00a0 workplace<\/span>[\/elx_heading][vc_column_text]<\/p>\n<p class=\" inherit inherit inherit\" style=\"text-align: center;\">Safety is not a nice-to-have option<\/p>\n<p>[\/vc_column_text][elx_button button_text=&#8221;Find out more&#8221; button_link=&#8221;url:https%3A%2F%2Fprofessional.electrolux.pl%2Fsafety%2F|title:Find%20out%20more|&#8221;][\/elx_simple_block][\/vc_column][vc_column width=&#8221;1\/3&#8243;][elx_image_block background_image=&#8221;662&#8243; minimum_height=&#8221;200px&#8221;][\/vc_column][\/vc_row][vc_row][vc_column][vc_empty_space height=&#8221;50px&#8221;][\/vc_column][\/vc_row][vc_row][vc_column width=&#8221;1\/2&#8243;][vc_empty_space][vc_single_image image=&#8221;667&#8243; img_size=&#8221;full&#8221; alignment=&#8221;center&#8221;][\/vc_column][vc_column width=&#8221;1\/2&#8243;][elx_simple_block background_color=&#8221;inherit&#8221;][elx_heading font_container=&#8221;h3&#8243; text_color=&#8221;inherit&#8221;]<span style=\"color: #f08452;\">Przej\u015bcie na alternatywne \u017ar\u00f3d\u0142a energii<\/span>[\/elx_heading][vc_column_text]G\u0142\u00f3wne zak\u0142ady produkcyjne urz\u0105dze\u0144 Electrolux w Europie i we W\u0142oszech korzystaj\u0105 <strong>wy\u0142\u0105cznie z energii elektrycznej pochodz\u0105cej ze \u017ar\u00f3de\u0142 odnawialnych<\/strong>.<\/p>\n<p><strong>\u00a0<\/strong>[\/vc_column_text][\/elx_simple_block][\/vc_column][\/vc_row][vc_row][vc_column][elx_heading font_size=&#8221;h3&#8243; text_color=&#8221;inherit&#8221; text_align=&#8221;text-left&#8221;]Dobrze jest pomy\u015ble\u0107 o bezpiecze\u0144stwie pracy[\/elx_heading][\/vc_column][\/vc_row][vc_row equal_height=&#8221;yes&#8221; css=&#8221;.vc_custom_1488787439542{padding-top: 20px !important;padding-bottom: 20px !important;}&#8221;][vc_column width=&#8221;1\/3&#8243;][vc_single_image image=&#8221;668&#8243; img_size=&#8221;full&#8221;][\/vc_column][vc_column width=&#8221;2\/3&#8243;][elx_heading font_container=&#8221;h3&#8243; text_color=&#8221;inherit&#8221;]Mi\u0119dzynarodowy certyfikat HACCP[\/elx_heading][vc_row_inner][vc_column_inner width=&#8221;2\/3&#8243;][vc_column_text]W <strong>przemy\u015ble spo\u017cywczym zanieczyszczenie poprzez pranie <\/strong> wyst\u0119puje zazwyczaj w spos\u00f3b po\u015bredni: czy wiesz, \u017ce w takich cz\u0119\u015bciach jak nity, \u015bruby i spr\u0119\u017cyny mog\u0105 osadza\u0107 si\u0119 drobiny \u017cywno\u015bci, co mo\u017ce doprowadzi\u0107 do powa\u017cnych konsekwencji?[\/vc_column_text][elx_button button_text=&#8221;Dowiedz si\u0119 wi\u0119cej&#8221; button_link=&#8221;url:https%3A%2F%2Fwww.electroluxprofessional.com%2Fpl%2Fhaccp%2F|title:Find%20out%20more&#8221;][\/vc_column_inner][vc_column_inner width=&#8221;1\/3&#8243;][\/vc_column_inner][\/vc_row_inner][\/vc_column][\/vc_row][vc_row][vc_column][vc_empty_space height=&#8221;50px&#8221;][\/vc_column][\/vc_row]<\/p>\n","protected":false},"excerpt":{"rendered":"<p>[vc_row full_width=&#8221;electroluxpro-full-width-no-padding&#8221;][vc_column][elx_hero_title label=&#8221;&#8221; label_background_color=&#8221;inherit&#8221; background_image=&#8221;660&#8243;][\/elx_hero_title][\/vc_column][\/vc_row][vc_row][vc_column][elx_heading font_container=&#8221;h3&#8243; text_color=&#8221;inherit&#8221; text_align=&#8221;text-center&#8221;]Zmieniamy si\u0119 dla Was, by by\u0107 najlepsz\u0105 firm\u0105 na \u015bwiecie, podnosz\u0105c codzienn\u0105 jako\u015b\u0107 \u017cycia i dbaj\u0105c o nasz\u0105 planet\u0119.[\/elx_heading][\/vc_column][\/vc_row][vc_row][vc_column][vc_empty_space height=&#8221;50px&#8221;][\/vc_column][\/vc_row][vc_row][vc_column css=&#8221;.vc_custom_1464253757950{padding-bottom: 30px !important;}&#8221;][elx_heading font_container=&#8221;h1&#8243; font_size=&#8221;h3&#8243; text_color=&#8221;inherit&#8221; text_align=&#8221;text-center&#8221;]Nasze zaanga\u017cowanie[\/elx_heading][\/vc_column][\/vc_row][vc_row][vc_column width=&#8221;1\/2&#8243;][elx_simple_link_block link=&#8221;url:https%3A%2F%2Fwww.electroluxprofessional.com%2Fpl%2Fpralnictwo%2Flagoon-advanced-care%2F|title:Lagoon%20Advanced%20Care%202.0&#8243; text_align=&#8221;text-left&#8221; text_color=&#8221;inherit&#8221; background_color=&#8221;inherit&#8221; background_hover_color=&#8221;darker-hover&#8221; extra_class=&#8221;&#8221; reveal_effect=&#8221;&#8221; reveal_duration=&#8221;&#8221; reveal_delay=&#8221;&#8221;][vc_single_image image=&#8221;571&#8243; img_size=&#8221;full&#8221; alignment=&#8221;center&#8221;][elx_heading font_container=&#8221;h3&#8243; text_color=&#8221;inherit&#8221;]Eliminacja szkodliwych substancji[\/elx_heading][vc_column_text]Lagoon Advanced Care to [&hellip;]<\/p>\n","protected":false},"author":3,"featured_media":1173,"parent":0,"menu_order":0,"comment_status":"closed","ping_status":"closed","template":"","meta":{"footnotes":""},"class_list":["post-1565","page","type-page","status-publish","has-post-thumbnail","hentry"],"acf":[],"yoast_head":"<!-- This site is optimized with the Yoast SEO plugin v23.3 - https:\/\/yoast.com\/wordpress\/plugins\/seo\/ -->\n<title>Zmieniamy si\u0119 na lepsze - Electrolux Professional<\/title>\n<meta name=\"description\" content=\"Rewolucyjna technologia zastosowana w naszych suszarkach z pomp\u0105 ciep\u0142a, pozwala klientom zaoszcz\u0119dzi\u0107 do 60% energii przy jednoczesnym zapewnieniu wysokiej wydajno\u015bci i najwy\u017cszej jako\u015bci suszenia.\" \/>\n<meta name=\"robots\" content=\"index, follow, max-snippet:-1, max-image-preview:large, max-video-preview:-1\" \/>\n<link rel=\"canonical\" href=\"https:\/\/www.electroluxprofessional.com\/pl\/zmieniamy-sie-na-lepsze\/\" \/>\n<meta property=\"og:locale\" content=\"pl_PL\" \/>\n<meta property=\"og:type\" content=\"article\" \/>\n<meta property=\"og:title\" content=\"Zmieniamy si\u0119 na lepsze - Electrolux Professional\" \/>\n<meta property=\"og:description\" content=\"Rewolucyjna technologia zastosowana w naszych suszarkach z pomp\u0105 ciep\u0142a, pozwala klientom zaoszcz\u0119dzi\u0107 do 60% energii przy jednoczesnym zapewnieniu wysokiej wydajno\u015bci i najwy\u017cszej jako\u015bci suszenia.\" \/>\n<meta property=\"og:url\" content=\"https:\/\/www.electroluxprofessional.com\/pl\/zmieniamy-sie-na-lepsze\/\" \/>\n<meta property=\"og:site_name\" content=\"Electrolux Professional Polska\" \/>\n<meta property=\"article:modified_time\" content=\"2024-07-03T09:29:59+00:00\" \/>\n<meta property=\"og:image\" content=\"https:\/\/www.electroluxprofessional.com\/pl\/wp-content\/uploads\/2016\/11\/for-the-better-quadro.jpg\" \/>\n\t<meta property=\"og:image:width\" content=\"666\" \/>\n\t<meta property=\"og:image:height\" content=\"666\" \/>\n\t<meta property=\"og:image:type\" content=\"image\/jpeg\" \/>\n<meta name=\"twitter:card\" content=\"summary_large_image\" \/>\n<meta name=\"twitter:label1\" content=\"Szacowany czas czytania\" \/>\n\t<meta name=\"twitter:data1\" content=\"3 minuty\" \/>\n<script type=\"application\/ld+json\" class=\"yoast-schema-graph\">{\"@context\":\"https:\/\/schema.org\",\"@graph\":[{\"@type\":\"WebPage\",\"@id\":\"https:\/\/www.electroluxprofessional.com\/pl\/zmieniamy-sie-na-lepsze\/\",\"url\":\"https:\/\/www.electroluxprofessional.com\/pl\/zmieniamy-sie-na-lepsze\/\",\"name\":\"Zmieniamy si\u0119 na lepsze - Electrolux Professional\",\"isPartOf\":{\"@id\":\"https:\/\/www.electroluxprofessional.com\/pl\/#website\"},\"primaryImageOfPage\":{\"@id\":\"https:\/\/www.electroluxprofessional.com\/pl\/zmieniamy-sie-na-lepsze\/#primaryimage\"},\"image\":{\"@id\":\"https:\/\/www.electroluxprofessional.com\/pl\/zmieniamy-sie-na-lepsze\/#primaryimage\"},\"thumbnailUrl\":\"https:\/\/www.electroluxprofessional.com\/pl\/wp-content\/uploads\/2016\/11\/for-the-better-quadro.jpg\",\"datePublished\":\"2016-05-24T09:14:41+00:00\",\"dateModified\":\"2024-07-03T09:29:59+00:00\",\"description\":\"Rewolucyjna technologia zastosowana w naszych suszarkach z pomp\u0105 ciep\u0142a, pozwala klientom zaoszcz\u0119dzi\u0107 do 60% energii przy jednoczesnym zapewnieniu wysokiej wydajno\u015bci i najwy\u017cszej jako\u015bci suszenia.\",\"breadcrumb\":{\"@id\":\"https:\/\/www.electroluxprofessional.com\/pl\/zmieniamy-sie-na-lepsze\/#breadcrumb\"},\"inLanguage\":\"pl-PL\",\"potentialAction\":[{\"@type\":\"ReadAction\",\"target\":[\"https:\/\/www.electroluxprofessional.com\/pl\/zmieniamy-sie-na-lepsze\/\"]}]},{\"@type\":\"ImageObject\",\"inLanguage\":\"pl-PL\",\"@id\":\"https:\/\/www.electroluxprofessional.com\/pl\/zmieniamy-sie-na-lepsze\/#primaryimage\",\"url\":\"https:\/\/www.electroluxprofessional.com\/pl\/wp-content\/uploads\/2016\/11\/for-the-better-quadro.jpg\",\"contentUrl\":\"https:\/\/www.electroluxprofessional.com\/pl\/wp-content\/uploads\/2016\/11\/for-the-better-quadro.jpg\",\"width\":666,\"height\":666,\"caption\":\"for the better\"},{\"@type\":\"BreadcrumbList\",\"@id\":\"https:\/\/www.electroluxprofessional.com\/pl\/zmieniamy-sie-na-lepsze\/#breadcrumb\",\"itemListElement\":[{\"@type\":\"ListItem\",\"position\":1,\"name\":\"Strona g\u0142\u00f3wna\",\"item\":\"https:\/\/www.electroluxprofessional.com\/pl\/\"},{\"@type\":\"ListItem\",\"position\":2,\"name\":\"Zmieniamy si\u0119 na lepsze\"}]},{\"@type\":\"WebSite\",\"@id\":\"https:\/\/www.electroluxprofessional.com\/pl\/#website\",\"url\":\"https:\/\/www.electroluxprofessional.com\/pl\/\",\"name\":\"Electrolux Professional Polska\",\"description\":\"\",\"potentialAction\":[{\"@type\":\"SearchAction\",\"target\":{\"@type\":\"EntryPoint\",\"urlTemplate\":\"https:\/\/www.electroluxprofessional.com\/pl\/?src={search_term_string}\"},\"query-input\":\"required name=search_term_string\"}],\"inLanguage\":\"pl-PL\"}]}<\/script>\n<!-- \/ Yoast SEO plugin. -->","yoast_head_json":{"title":"Zmieniamy si\u0119 na lepsze - Electrolux Professional","description":"Rewolucyjna technologia zastosowana w naszych suszarkach z pomp\u0105 ciep\u0142a, pozwala klientom zaoszcz\u0119dzi\u0107 do 60% energii przy jednoczesnym zapewnieniu wysokiej wydajno\u015bci i najwy\u017cszej jako\u015bci suszenia.","robots":{"index":"index","follow":"follow","max-snippet":"max-snippet:-1","max-image-preview":"max-image-preview:large","max-video-preview":"max-video-preview:-1"},"canonical":"https:\/\/www.electroluxprofessional.com\/pl\/zmieniamy-sie-na-lepsze\/","og_locale":"pl_PL","og_type":"article","og_title":"Zmieniamy si\u0119 na lepsze - Electrolux Professional","og_description":"Rewolucyjna technologia zastosowana w naszych suszarkach z pomp\u0105 ciep\u0142a, pozwala klientom zaoszcz\u0119dzi\u0107 do 60% energii przy jednoczesnym zapewnieniu wysokiej wydajno\u015bci i najwy\u017cszej jako\u015bci suszenia.","og_url":"https:\/\/www.electroluxprofessional.com\/pl\/zmieniamy-sie-na-lepsze\/","og_site_name":"Electrolux Professional Polska","article_modified_time":"2024-07-03T09:29:59+00:00","og_image":[{"width":666,"height":666,"url":"https:\/\/www.electroluxprofessional.com\/pl\/wp-content\/uploads\/2016\/11\/for-the-better-quadro.jpg","type":"image\/jpeg"}],"twitter_card":"summary_large_image","twitter_misc":{"Szacowany czas czytania":"3 minuty"},"schema":{"@context":"https:\/\/schema.org","@graph":[{"@type":"WebPage","@id":"https:\/\/www.electroluxprofessional.com\/pl\/zmieniamy-sie-na-lepsze\/","url":"https:\/\/www.electroluxprofessional.com\/pl\/zmieniamy-sie-na-lepsze\/","name":"Zmieniamy si\u0119 na lepsze - Electrolux Professional","isPartOf":{"@id":"https:\/\/www.electroluxprofessional.com\/pl\/#website"},"primaryImageOfPage":{"@id":"https:\/\/www.electroluxprofessional.com\/pl\/zmieniamy-sie-na-lepsze\/#primaryimage"},"image":{"@id":"https:\/\/www.electroluxprofessional.com\/pl\/zmieniamy-sie-na-lepsze\/#primaryimage"},"thumbnailUrl":"https:\/\/www.electroluxprofessional.com\/pl\/wp-content\/uploads\/2016\/11\/for-the-better-quadro.jpg","datePublished":"2016-05-24T09:14:41+00:00","dateModified":"2024-07-03T09:29:59+00:00","description":"Rewolucyjna technologia zastosowana w naszych suszarkach z pomp\u0105 ciep\u0142a, pozwala klientom zaoszcz\u0119dzi\u0107 do 60% energii przy jednoczesnym zapewnieniu wysokiej wydajno\u015bci i najwy\u017cszej jako\u015bci suszenia.","breadcrumb":{"@id":"https:\/\/www.electroluxprofessional.com\/pl\/zmieniamy-sie-na-lepsze\/#breadcrumb"},"inLanguage":"pl-PL","potentialAction":[{"@type":"ReadAction","target":["https:\/\/www.electroluxprofessional.com\/pl\/zmieniamy-sie-na-lepsze\/"]}]},{"@type":"ImageObject","inLanguage":"pl-PL","@id":"https:\/\/www.electroluxprofessional.com\/pl\/zmieniamy-sie-na-lepsze\/#primaryimage","url":"https:\/\/www.electroluxprofessional.com\/pl\/wp-content\/uploads\/2016\/11\/for-the-better-quadro.jpg","contentUrl":"https:\/\/www.electroluxprofessional.com\/pl\/wp-content\/uploads\/2016\/11\/for-the-better-quadro.jpg","width":666,"height":666,"caption":"for the better"},{"@type":"BreadcrumbList","@id":"https:\/\/www.electroluxprofessional.com\/pl\/zmieniamy-sie-na-lepsze\/#breadcrumb","itemListElement":[{"@type":"ListItem","position":1,"name":"Strona g\u0142\u00f3wna","item":"https:\/\/www.electroluxprofessional.com\/pl\/"},{"@type":"ListItem","position":2,"name":"Zmieniamy si\u0119 na lepsze"}]},{"@type":"WebSite","@id":"https:\/\/www.electroluxprofessional.com\/pl\/#website","url":"https:\/\/www.electroluxprofessional.com\/pl\/","name":"Electrolux Professional Polska","description":"","potentialAction":[{"@type":"SearchAction","target":{"@type":"EntryPoint","urlTemplate":"https:\/\/www.electroluxprofessional.com\/pl\/?src={search_term_string}"},"query-input":"required name=search_term_string"}],"inLanguage":"pl-PL"}]}},"_links":{"self":[{"href":"https:\/\/www.electroluxprofessional.com\/pl\/wp-json\/wp\/v2\/pages\/1565"}],"collection":[{"href":"https:\/\/www.electroluxprofessional.com\/pl\/wp-json\/wp\/v2\/pages"}],"about":[{"href":"https:\/\/www.electroluxprofessional.com\/pl\/wp-json\/wp\/v2\/types\/page"}],"author":[{"embeddable":true,"href":"https:\/\/www.electroluxprofessional.com\/pl\/wp-json\/wp\/v2\/users\/3"}],"replies":[{"embeddable":true,"href":"https:\/\/www.electroluxprofessional.com\/pl\/wp-json\/wp\/v2\/comments?post=1565"}],"version-history":[{"count":12,"href":"https:\/\/www.electroluxprofessional.com\/pl\/wp-json\/wp\/v2\/pages\/1565\/revisions"}],"predecessor-version":[{"id":10229,"href":"https:\/\/www.electroluxprofessional.com\/pl\/wp-json\/wp\/v2\/pages\/1565\/revisions\/10229"}],"wp:featuredmedia":[{"embeddable":true,"href":"https:\/\/www.electroluxprofessional.com\/pl\/wp-json\/wp\/v2\/media\/1173"}],"wp:attachment":[{"href":"https:\/\/www.electroluxprofessional.com\/pl\/wp-json\/wp\/v2\/media?parent=1565"}],"curies":[{"name":"wp","href":"https:\/\/api.w.org\/{rel}","templated":true}]}}