{"id":1543,"date":"2016-10-17T16:27:28","date_gmt":"2016-10-17T16:27:28","guid":{"rendered":"https:\/\/www.electroluxprofessional.com\/?page_id=3285"},"modified":"2025-11-05T15:31:04","modified_gmt":"2025-11-05T15:31:04","slug":"branza-morska","status":"publish","type":"page","link":"https:\/\/www.electroluxprofessional.com\/pl\/twoj-biznes\/branza-morska\/","title":{"rendered":"Bran\u017ca morska"},"content":{"rendered":"<p>[vc_row full_width=&#8221;electroluxpro-full-width-no-padding&#8221;][vc_column][elx_hero_slider label_text_color=&#8221;inherit&#8221; images=&#8221;840&#8243;][elx_heading text_color=&#8221;inherit&#8221; text_align=&#8221;text-left&#8221;]<strong>Jeden ekspert w ka\u017cdym porcie<\/strong>[\/elx_heading][\/elx_hero_slider][\/vc_column][\/vc_row][vc_row full_width=&#8221;electroluxpro-container-no-padding&#8221; full_height=&#8221;yes&#8221; parallax=&#8221;content-moving&#8221;][vc_column css=&#8221;.vc_custom_1472030236138{padding-top: 20px !important;}&#8221;][elx_heading font_container=&#8221;h1&#8243; font_size=&#8221;h3&#8243; text_color=&#8221;inherit&#8221; text_align=&#8221;text-center&#8221;]Unikalne rozwi\u0105zania dla gastronomii i pralnictwa w bran\u017cy morskiej[\/elx_heading][\/vc_column][\/vc_row][vc_row][vc_column width=&#8221;1\/2&#8243;][elx_simple_block background_color=&#8221;inherit&#8221;][vc_column_text drop_caps=&#8221;big-first-letter&#8221;]<\/p>\n<p style=\"text-align: left;\">To urz\u0105dzenie, wyprodukowane przez Electrolux, jest dla mnie wprost idealne\u2026 bezpieczne dla \u015brodowiska i dla mojego zdrowia (poniewa\u017c nie musz\u0119 wdycha\u0107 niebezpiecznych substancji).<\/p>\n<p style=\"text-align: left;\">Maszyny Electrolux s\u0105 niezwykle proste w obs\u0142udze.<br \/>\nSzczeg\u00f3lnie ceni\u0119 sobie urz\u0105dzenia lagoon\u00ae , poniewa\u017c s\u0105 lepsze od tradycyjnych rozwi\u0105za\u0144 i zdecydowanie \u0142atwiejsze w obs\u0142udze.<\/p>\n<p style=\"text-align: left;\"><strong>Earl Gutierrez<\/strong><br \/>\nKierownik pralni<br \/>\nStatek pasa\u017cerski Saga Sapphire<\/p>\n<p>[\/vc_column_text][\/elx_simple_block][\/vc_column][vc_column width=&#8221;1\/2&#8243;][elx_simple_block background_color=&#8221;inherit&#8221;][vc_single_image image=&#8221;833&#8243; img_size=&#8221;full&#8221; style=&#8221;vc_box_circle_2&#8243;][\/elx_simple_block][\/vc_column][\/vc_row][vc_row][vc_column width=&#8221;1\/2&#8243;][elx_simple_block background_color=&#8221;inherit&#8221;][vc_single_image image=&#8221;834&#8243; img_size=&#8221;full&#8221; style=&#8221;vc_box_circle_2&#8243;][\/elx_simple_block][\/vc_column][vc_column width=&#8221;1\/2&#8243;][elx_simple_block background_color=&#8221;inherit&#8221;][elx_heading font_size=&#8221;h5&#8243; text_color=&#8221;inherit&#8221;]Najwy\u017csza produktywno\u015b\u0107 na niewielkiej powierzchni oraz najbardziej solidna konstrukcja[\/elx_heading][vc_column_text drop_caps=&#8221;big-first-letter&#8221;]<\/p>\n<p style=\"text-align: left;\">Ka\u017cdy statek musi polega\u0107 na sprz\u0119cie pralniczym i kuchennym, kt\u00f3ry sprawdzi si\u0119 w warunkach morskich. Na morzu, wa\u017cne jest aby urz\u0105dzenia zapewnia\u0142y ekonomiczne procesy, mo\u017cliwo\u015b\u0107 \u0142atwej konserwacji i elastyczne programy pracy.<\/p>\n<p>[\/vc_column_text][\/elx_simple_block][\/vc_column][\/vc_row][vc_row disable_element=&#8221;yes&#8221;][vc_column width=&#8221;1\/2&#8243;][elx_simple_block background_color=&#8221;inherit&#8221;][vc_single_image image=&#8221;834&#8243; img_size=&#8221;full&#8221; style=&#8221;vc_box_circle_2&#8243;][\/elx_simple_block][\/vc_column][vc_column width=&#8221;1\/2&#8243;][elx_simple_block background_color=&#8221;inherit&#8221;][elx_heading font_size=&#8221;h5&#8243; text_color=&#8221;inherit&#8221;]Highest productivity<br \/>\nper square meter<br \/>\nand more robust[\/elx_heading][vc_column_text drop_caps=&#8221;big-first-letter&#8221;]<\/p>\n<p style=\"text-align: left;\">All kinds of ships need to rely on their laundry and food service\u00a0equipment working at sea with cost efficient\u00a0processes, easy maintenance and flexible programs.<\/p>\n<p>[\/vc_column_text][vc_column_text drop_caps=&#8221;big-first-letter&#8221;]<\/p>\n<p style=\"text-align: left;\"><em><strong>Loipart<\/strong> is in the marine business since so long that we are percieved as the experts, not only as suppliers for <strong>galley and laundry solutions<\/strong>. Our <strong>partnership<\/strong> with Electrolux Professional is lasting since the beginning cause we know how experts need professionals to get win-win results.<\/em><\/p>\n<p><strong>Mikael Eliasson VP Sales &amp; Marketing at Loipart<\/strong><\/p>\n<p>Discover more at <a href=\"http:\/\/www.loipart.com\" target=\"_blank\" rel=\"noopener\">www.loipart.com<\/a>[\/vc_column_text][\/elx_simple_block][\/vc_column][\/vc_row][vc_row full_width=&#8221;electroluxpro-container-no-padding&#8221;][vc_column][elx_heading font_container=&#8221;h3&#8243; text_color=&#8221;inherit&#8221; text_align=&#8221;text-center&#8221;]Znajd\u017a nasze rozwi\u0105zania na siedmiu morzach[\/elx_heading][elx_hero_slider text_color=&#8221;business&#8221; label_text_color=&#8221;business&#8221; images=&#8221;841&#8243;][elx_heading font_container=&#8221;h3&#8243; font_size=&#8221;h5&#8243; text_color=&#8221;inherit&#8221;]Unikalna doskona\u0142o\u015b\u0107 serwisu<br \/>\nZawsze w pobli\u017cu<br \/>\nZawsze tylko dla Ciebie[\/elx_heading][vc_column_text]<\/p>\n<ul>\n<li>1900 autoryzowanych centr\u00f3w serwisowych<\/li>\n<li>Ponad 7000 do\u015bwiadczonych technik\u00f3w<\/li>\n<li>44000 r\u00f3\u017cnych cz\u0119\u015bci zamiennych dost\u0119pnych od r\u0119ki<\/li>\n<li>Dostawa cz\u0119\u015bci w ci\u0105gu 24 \u2013 48h w ka\u017cdym miejscu na \u015bwiecie<\/li>\n<\/ul>\n<p>[\/vc_column_text][\/elx_hero_slider][\/vc_column][\/vc_row][vc_row][vc_column][vc_empty_space height=&#8221;80px&#8221;][elx_heading font_container=&#8221;h3&#8243; text_color=&#8221;inherit&#8221; text_align=&#8221;text-center&#8221; css=&#8221;.vc_custom_1503317625207{padding-top: 50px !important;padding-bottom: 50px !important;}&#8221;]\u2026 oraz nasze urz\u0105dzenia w milionach port\u00f3w.[\/elx_heading][\/vc_column][\/vc_row][vc_row][vc_column width=&#8221;1\/2&#8243;][elx_simple_block background_color=&#8221;inherit&#8221;][elx_heading font_container=&#8221;h3&#8243; font_size=&#8221;h4&#8243; text_color=&#8221;inherit&#8221; text_align=&#8221;text-left&#8221;]Globalna dywizja R&amp;D: s\u0142uchaj\u0105c naszych klient\u00f3w, d\u0105\u017cymy do doskona\u0142o\u015bci[\/elx_heading][vc_column_text drop_caps=&#8221;big-first-letter&#8221;]Globalne zespo\u0142y badawczo-rozwojowe wykorzystuj\u0105 synergi\u0119 mi\u0119dzy wewn\u0119trznymi sektorami projektowania, aby zredukowa\u0107 czas wprowadzania na rynek produkt\u00f3w r\u00f3wnocze\u015bnie prowadz\u0105c badania rynkowe i poszukuj\u0105c nowych mo\u017cliwo\u015bci.[\/vc_column_text][\/elx_simple_block][\/vc_column][vc_column width=&#8221;1\/2&#8243;][elx_simple_block background_color=&#8221;inherit&#8221;][elx_heading font_container=&#8221;h3&#8243; font_size=&#8221;h4&#8243; text_color=&#8221;inherit&#8221; text_align=&#8221;text-left&#8221;]Najbardziej rozbudowana na \u015bwiecie sie\u0107 obs\u0142ugi klienta[\/elx_heading][vc_column_text drop_caps=&#8221;big-first-letter&#8221;]Electrolux posiada najbardziej rozbudowan\u0105 sie\u0107 obs\u0142ugi klienta na \u015bwiecie, kt\u00f3ra jest w stanie zaspokoi\u0107 Pa\u0144stwa potrzeby przed, w trakcie i po zakupie produkt\u00f3w.[\/vc_column_text][\/elx_simple_block][\/vc_column][\/vc_row][vc_row][vc_column][vc_empty_space][\/vc_column][\/vc_row][vc_row][vc_column width=&#8221;1\/2&#8243;][elx_simple_block background_color=&#8221;inherit&#8221;][elx_heading font_container=&#8221;h3&#8243; text_color=&#8221;inherit&#8221; text_align=&#8221;text-left&#8221; css=&#8221;.vc_custom_1503317680147{padding-top: 50px !important;padding-bottom: 50px !important;}&#8221;]Rozwi\u0105zania skrojone na miar\u0119[\/elx_heading][elx_heading font_container=&#8221;h5&#8243; text_color=&#8221;inherit&#8221; text_align=&#8221;text-left&#8221; css=&#8221;.vc_custom_1503317709692{padding-top: 50px !important;padding-bottom: 50px !important;}&#8221;]Wszelkie typy statk\u00f3w towarowych, platform wiertniczych, statk\u00f3w pasa\u017cerskich korzystaj\u0105 z do\u015bwiadczenia Electrolux w dziedzinie rozwi\u0105za\u0144 pralniczych i gastronomicznych dla przemys\u0142u morskiego.<\/p>\n<p>W celu uzyskania bardziej szczeg\u00f3\u0142owych informacji na temat rozwi\u0105za\u0144 dla przemys\u0142u morskiego, skontaktuj si\u0119 z Twoi lokalnym przedstawicielem Electrolux Professional.[\/elx_heading][vc_single_image image=&#8221;1537&#8243; img_size=&#8221;full&#8221; style=&#8221;vc_box_circle_2&#8243;][\/elx_simple_block][\/vc_column][vc_column width=&#8221;1\/2&#8243;][vc_empty_space][elx_o2000_contact_us r=&#8221;Chcia\u0142bym dowiedzie\u0107 si\u0119 wi\u0119cej o rozwi\u0105zaniach dla przemys\u0142u morskiego. Prosz\u0119 si\u0119 ze mn\u0105 skontaktowa\u0107.&#8221; s=&#8221;Request of information about solutions for Marine sector&#8221; container=&#8221;elxcontactus1476697611&#8243;][\/vc_column][\/vc_row][vc_row][vc_column][vc_empty_space height=&#8221;50px&#8221;][elx_heading font_container=&#8221;h3&#8243; text_color=&#8221;inherit&#8221; text_align=&#8221;text-center&#8221; css=&#8221;.vc_custom_1503317739012{padding-top: 50px !important;padding-bottom: 50px !important;}&#8221;]Doskona\u0142e rozwi\u0105zania skrojone na miar\u0119 Twoich potrzeb[\/elx_heading][vc_empty_space height=&#8221;50px&#8221;][\/vc_column][\/vc_row][vc_row content_placement=&#8221;top&#8221;][vc_column][vc_tta_tabs][vc_tta_section title=&#8221;Statek towarowy&#8221; tab_id=&#8221;1480342247067-2670965f-300e&#8221;][vc_row_inner][vc_column_inner width=&#8221;1\/2&#8243;][vc_single_image image=&#8221;1540&#8243; img_size=&#8221;500&#8243;][\/vc_column_inner][vc_column_inner width=&#8221;1\/2&#8243;][elx_heading font_container=&#8221;h4&#8243; text_color=&#8221;inherit&#8221; text_align=&#8221;text-left&#8221;]Statek towarowy<br \/>\n25 cz\u0142onk\u00f3w za\u0142ogi[\/elx_heading][vc_column_text css=&#8221;.vc_custom_1503317881012{padding-bottom: 20px !important;}&#8221;]Zapewnij najwy\u017csz\u0105 jako\u015b\u0107 prania dla ci\u0119\u017cko zabrudzonej odzie\u017cy roboczej. Pozb\u0105d\u017a si\u0119 zabrudze\u0144 z olej\u00f3w, t\u0142uszczu i py\u0142\u00f3w zachowuj\u0105c bezwzgl\u0119dn\u0105 czysto\u015b\u0107.<\/p>\n<h4>Zastosowane rozwi\u0105zanie<\/h4>\n<p>2 x Pralnico-wir\u00f3wki czo\u0142owego za\u0142adunku (6kg + 14kg)<br \/>\n2 x Suszarki b\u0119bnowe (6 kg + 13,9 kg)[\/vc_column_text][\/vc_column_inner][\/vc_row_inner][\/vc_tta_section][vc_tta_section title=&#8221;Platformy wiertnicze&#8221; tab_id=&#8221;1480342247142-9fb0b64e-298a&#8221;][vc_row_inner][vc_column_inner width=&#8221;1\/2&#8243;][vc_single_image image=&#8221;1537&#8243; img_size=&#8221;500&#8243;][\/vc_column_inner][vc_column_inner width=&#8221;1\/2&#8243;][elx_heading font_container=&#8221;h4&#8243; text_color=&#8221;inherit&#8221; text_align=&#8221;text-left&#8221;]Platformy wiertnicze<br \/>\n300 cz\u0142onk\u00f3w za\u0142ogi[\/elx_heading][vc_column_text css=&#8221;.vc_custom_1503318185199{padding-bottom: 20px !important;}&#8221;]Je\u015bli szukasz urz\u0105dze\u0144 pralniczych, kt\u00f3re s\u0105 przeznaczone dla pracownik\u00f3w platform wiertniczych, potrzebujesz solidnych, bezpiecznych maszyn o d\u0142ugiej \u017cywotno\u015bci, aby m\u00f3c zagwarantowa\u0107 bezpiecze\u0144stwo swoim pracownikom.<\/p>\n<h4>Zastosowane rozwi\u0105zanie<\/h4>\n<p>8 x Pralnico-wir\u00f3wek czo\u0142owego za\u0142adunku (11 kg)<br \/>\n2 x Pralnico-wir\u00f3wki czo\u0142owego za\u0142adunku (6 kg)<br \/>\n8 x Suszarek b\u0119bnowych (10,6 kg)<br \/>\n2 x Suszarki b\u0119bnowe (6 kg )<br \/>\n1 x Magiel[\/vc_column_text][\/vc_column_inner][\/vc_row_inner][\/vc_tta_section][vc_tta_section title=&#8221;Statek pasa\u017cerski&#8221; tab_id=&#8221;1480342262805-5ce3eac0-0922&#8243;][vc_row_inner][vc_column_inner width=&#8221;1\/2&#8243;][elx_image_block background_image=&#8221;1528&#8243; minimum_height=&#8221;570px&#8221;][\/vc_column_inner][vc_column_inner width=&#8221;1\/2&#8243;][elx_heading font_container=&#8221;h4&#8243; text_color=&#8221;inherit&#8221; text_align=&#8221;text-left&#8221;]Statek pasa\u017cerski<br \/>\n1000 pasa\u017cer\u00f3w[\/elx_heading][vc_column_text]Czy codziennie masz do czynienia z du\u017cymi ilo\u015bciami r\u00f3\u017cnego typu prania? Je\u015bli tak, to pralnia na statku jest warta Twojej uwagi. Mniej niebezpieczna i skomplikowana, w por\u00f3wnaniu z pralni\u0105 chemiczn\u0105.<\/p>\n<h4 class=\" inherit inherit inherit\">Zastosowane rozwi\u0105zanie<\/h4>\n<p>1 x lagoon\u00ae Advanced Care (Absolute set)<br \/>\n6 x Pralnico-wir\u00f3wek czo\u0142owego za\u0142adunku (11 kg)<br \/>\n5 x Suszarek b\u0119bnowych (33 kg)<br \/>\n1 x Magiel[\/vc_column_text][vc_column_text]<\/p>\n<h4>lagoon\u00ae Advanced Care<\/h4>\n<p>System pralniczy, w kt\u00f3rym nie u\u017cywa si\u0119 rozpuszczalnik\u00f3w. Delikatny dla tkanin oraz bezpieczny dla \u015brodowiska.<br \/>\nTwoi klienci dotkn\u0105, zobacz\u0105 i poczuj\u0105 r\u00f3\u017cnic\u0119.<br \/>\nTwoi pracownicy pokochaj\u0105 bezpieczny i prosty proces czyszczenia.[\/vc_column_text][\/vc_column_inner][\/vc_row_inner][\/vc_tta_section][\/vc_tta_tabs][\/vc_column][\/vc_row][vc_row][vc_column][vc_empty_space height=&#8221;50px&#8221;][\/vc_column][\/vc_row][vc_row][vc_column width=&#8221;2\/3&#8243;][elx_video_block background_image=&#8221;1534&#8243; video_link=&#8221;https:\/\/www.youtube.com\/watch?v=I3Lf6r8Dc6I&#8221; minimum_height=&#8221;260px&#8221;][vc_column_text]Per\u0142a w koronie Saga Sapphire[\/vc_column_text][\/vc_column][vc_column width=&#8221;1\/3&#8243;][elx_download_block text=&#8221;Bran\u017ca morska&#8221; link=&#8221;http:\/\/files.professional.electrolux.com\/docs\/?t=BR&amp;n=Marine%20segment%20brochure&amp;l=1&#8243; background_color=&#8221;orange&#8221; reveal_effect=&#8221;&#8221; reveal_duration=&#8221;&#8221; reveal_delay=&#8221;&#8221;][\/vc_column][\/vc_row][vc_row][vc_column][elx_heading font_container=&#8221;h4&#8243; text_color=&#8221;inherit&#8221;]B\u0105d\u017a w kontakcie z naszym zespo\u0142em ekspert\u00f3w.[\/elx_heading][elx_o2000_contact_us r=&#8221;Chcia\u0142bym dowiedzie\u0107 si\u0119 wi\u0119cej o rozwi\u0105zaniach dla przemys\u0142u morskiego. Prosz\u0119 si\u0119 ze mn\u0105 skontaktowa\u0107.&#8221; s=&#8221;Request of information about solutions for Marine sector&#8221; container=&#8221;elxcontactus1472110569&#8243;][vc_empty_space height=&#8221;50px&#8221;][\/vc_column][\/vc_row]<\/p>\n","protected":false},"excerpt":{"rendered":"<p>[vc_row full_width=&#8221;electroluxpro-full-width-no-padding&#8221;][vc_column][elx_hero_slider label_text_color=&#8221;inherit&#8221; images=&#8221;840&#8243;][elx_heading text_color=&#8221;inherit&#8221; text_align=&#8221;text-left&#8221;]Jeden ekspert w ka\u017cdym porcie[\/elx_heading][\/elx_hero_slider][\/vc_column][\/vc_row][vc_row full_width=&#8221;electroluxpro-container-no-padding&#8221; full_height=&#8221;yes&#8221; parallax=&#8221;content-moving&#8221;][vc_column css=&#8221;.vc_custom_1472030236138{padding-top: 20px !important;}&#8221;][elx_heading font_container=&#8221;h1&#8243; font_size=&#8221;h3&#8243; text_color=&#8221;inherit&#8221; text_align=&#8221;text-center&#8221;]Unikalne rozwi\u0105zania dla gastronomii i pralnictwa w bran\u017cy morskiej[\/elx_heading][\/vc_column][\/vc_row][vc_row][vc_column width=&#8221;1\/2&#8243;][elx_simple_block background_color=&#8221;inherit&#8221;][vc_column_text drop_caps=&#8221;big-first-letter&#8221;] To urz\u0105dzenie, wyprodukowane przez Electrolux, jest dla mnie wprost idealne\u2026 bezpieczne dla \u015brodowiska i dla mojego zdrowia (poniewa\u017c nie musz\u0119 wdycha\u0107 niebezpiecznych substancji). Maszyny [&hellip;]<\/p>\n","protected":false},"author":3,"featured_media":832,"parent":2215,"menu_order":0,"comment_status":"closed","ping_status":"closed","template":"","meta":{"footnotes":""},"class_list":["post-1543","page","type-page","status-publish","has-post-thumbnail","hentry"],"acf":[],"yoast_head":"<!-- This site is optimized with the Yoast SEO plugin v23.3 - https:\/\/yoast.com\/wordpress\/plugins\/seo\/ -->\n<title>Urz\u0105dzenia pralnicze gastronomia statki bran\u017ca morska<\/title>\n<meta name=\"description\" content=\"Unikalne rozwi\u0105zania dla gastronomii i pralnictwa w bran\u017cy morskiej.\" \/>\n<meta name=\"robots\" content=\"index, follow, max-snippet:-1, max-image-preview:large, max-video-preview:-1\" \/>\n<link rel=\"canonical\" href=\"https:\/\/www.electroluxprofessional.com\/pl\/twoj-biznes\/branza-morska\/\" \/>\n<meta property=\"og:locale\" content=\"pl_PL\" \/>\n<meta property=\"og:type\" content=\"article\" \/>\n<meta property=\"og:title\" content=\"Urz\u0105dzenia pralnicze gastronomia statki bran\u017ca morska\" \/>\n<meta property=\"og:description\" content=\"Unikalne rozwi\u0105zania dla gastronomii i pralnictwa w bran\u017cy morskiej.\" \/>\n<meta property=\"og:url\" content=\"https:\/\/www.electroluxprofessional.com\/pl\/twoj-biznes\/branza-morska\/\" \/>\n<meta property=\"og:site_name\" content=\"Electrolux Professional Polska\" \/>\n<meta property=\"article:modified_time\" content=\"2025-11-05T15:31:04+00:00\" \/>\n<meta property=\"og:image\" content=\"https:\/\/www.electroluxprofessional.com\/pl\/wp-content\/uploads\/2016\/10\/marine-tailored-solutions.jpg\" \/>\n\t<meta property=\"og:image:width\" content=\"1039\" \/>\n\t<meta property=\"og:image:height\" content=\"514\" \/>\n\t<meta property=\"og:image:type\" content=\"image\/jpeg\" \/>\n<meta name=\"twitter:card\" content=\"summary_large_image\" \/>\n<meta name=\"twitter:label1\" content=\"Szacowany czas czytania\" \/>\n\t<meta name=\"twitter:data1\" content=\"5 minut\" \/>\n<script type=\"application\/ld+json\" class=\"yoast-schema-graph\">{\"@context\":\"https:\/\/schema.org\",\"@graph\":[{\"@type\":\"WebPage\",\"@id\":\"https:\/\/www.electroluxprofessional.com\/pl\/twoj-biznes\/branza-morska\/\",\"url\":\"https:\/\/www.electroluxprofessional.com\/pl\/twoj-biznes\/branza-morska\/\",\"name\":\"Urz\u0105dzenia pralnicze gastronomia statki bran\u017ca morska\",\"isPartOf\":{\"@id\":\"https:\/\/www.electroluxprofessional.com\/pl\/#website\"},\"primaryImageOfPage\":{\"@id\":\"https:\/\/www.electroluxprofessional.com\/pl\/twoj-biznes\/branza-morska\/#primaryimage\"},\"image\":{\"@id\":\"https:\/\/www.electroluxprofessional.com\/pl\/twoj-biznes\/branza-morska\/#primaryimage\"},\"thumbnailUrl\":\"https:\/\/www.electroluxprofessional.com\/pl\/wp-content\/uploads\/2016\/10\/marine-tailored-solutions.jpg\",\"datePublished\":\"2016-10-17T16:27:28+00:00\",\"dateModified\":\"2025-11-05T15:31:04+00:00\",\"description\":\"Unikalne rozwi\u0105zania dla gastronomii i pralnictwa w bran\u017cy morskiej.\",\"breadcrumb\":{\"@id\":\"https:\/\/www.electroluxprofessional.com\/pl\/twoj-biznes\/branza-morska\/#breadcrumb\"},\"inLanguage\":\"pl-PL\",\"potentialAction\":[{\"@type\":\"ReadAction\",\"target\":[\"https:\/\/www.electroluxprofessional.com\/pl\/twoj-biznes\/branza-morska\/\"]}]},{\"@type\":\"ImageObject\",\"inLanguage\":\"pl-PL\",\"@id\":\"https:\/\/www.electroluxprofessional.com\/pl\/twoj-biznes\/branza-morska\/#primaryimage\",\"url\":\"https:\/\/www.electroluxprofessional.com\/pl\/wp-content\/uploads\/2016\/10\/marine-tailored-solutions.jpg\",\"contentUrl\":\"https:\/\/www.electroluxprofessional.com\/pl\/wp-content\/uploads\/2016\/10\/marine-tailored-solutions.jpg\",\"width\":1039,\"height\":514,\"caption\":\"marine, food and laundry tailored solutions\"},{\"@type\":\"BreadcrumbList\",\"@id\":\"https:\/\/www.electroluxprofessional.com\/pl\/twoj-biznes\/branza-morska\/#breadcrumb\",\"itemListElement\":[{\"@type\":\"ListItem\",\"position\":1,\"name\":\"Strona g\u0142\u00f3wna\",\"item\":\"https:\/\/www.electroluxprofessional.com\/pl\/\"},{\"@type\":\"ListItem\",\"position\":2,\"name\":\"Tw\u00f3j biznes\",\"item\":\"https:\/\/www.electroluxprofessional.com\/pl\/twoj-biznes\/\"},{\"@type\":\"ListItem\",\"position\":3,\"name\":\"Bran\u017ca morska\"}]},{\"@type\":\"WebSite\",\"@id\":\"https:\/\/www.electroluxprofessional.com\/pl\/#website\",\"url\":\"https:\/\/www.electroluxprofessional.com\/pl\/\",\"name\":\"Electrolux Professional Polska\",\"description\":\"\",\"potentialAction\":[{\"@type\":\"SearchAction\",\"target\":{\"@type\":\"EntryPoint\",\"urlTemplate\":\"https:\/\/www.electroluxprofessional.com\/pl\/?src={search_term_string}\"},\"query-input\":\"required name=search_term_string\"}],\"inLanguage\":\"pl-PL\"}]}<\/script>\n<!-- \/ Yoast SEO plugin. -->","yoast_head_json":{"title":"Urz\u0105dzenia pralnicze gastronomia statki bran\u017ca morska","description":"Unikalne rozwi\u0105zania dla gastronomii i pralnictwa w bran\u017cy morskiej.","robots":{"index":"index","follow":"follow","max-snippet":"max-snippet:-1","max-image-preview":"max-image-preview:large","max-video-preview":"max-video-preview:-1"},"canonical":"https:\/\/www.electroluxprofessional.com\/pl\/twoj-biznes\/branza-morska\/","og_locale":"pl_PL","og_type":"article","og_title":"Urz\u0105dzenia pralnicze gastronomia statki bran\u017ca morska","og_description":"Unikalne rozwi\u0105zania dla gastronomii i pralnictwa w bran\u017cy morskiej.","og_url":"https:\/\/www.electroluxprofessional.com\/pl\/twoj-biznes\/branza-morska\/","og_site_name":"Electrolux Professional Polska","article_modified_time":"2025-11-05T15:31:04+00:00","og_image":[{"width":1039,"height":514,"url":"https:\/\/www.electroluxprofessional.com\/pl\/wp-content\/uploads\/2016\/10\/marine-tailored-solutions.jpg","type":"image\/jpeg"}],"twitter_card":"summary_large_image","twitter_misc":{"Szacowany czas czytania":"5 minut"},"schema":{"@context":"https:\/\/schema.org","@graph":[{"@type":"WebPage","@id":"https:\/\/www.electroluxprofessional.com\/pl\/twoj-biznes\/branza-morska\/","url":"https:\/\/www.electroluxprofessional.com\/pl\/twoj-biznes\/branza-morska\/","name":"Urz\u0105dzenia pralnicze gastronomia statki bran\u017ca morska","isPartOf":{"@id":"https:\/\/www.electroluxprofessional.com\/pl\/#website"},"primaryImageOfPage":{"@id":"https:\/\/www.electroluxprofessional.com\/pl\/twoj-biznes\/branza-morska\/#primaryimage"},"image":{"@id":"https:\/\/www.electroluxprofessional.com\/pl\/twoj-biznes\/branza-morska\/#primaryimage"},"thumbnailUrl":"https:\/\/www.electroluxprofessional.com\/pl\/wp-content\/uploads\/2016\/10\/marine-tailored-solutions.jpg","datePublished":"2016-10-17T16:27:28+00:00","dateModified":"2025-11-05T15:31:04+00:00","description":"Unikalne rozwi\u0105zania dla gastronomii i pralnictwa w bran\u017cy morskiej.","breadcrumb":{"@id":"https:\/\/www.electroluxprofessional.com\/pl\/twoj-biznes\/branza-morska\/#breadcrumb"},"inLanguage":"pl-PL","potentialAction":[{"@type":"ReadAction","target":["https:\/\/www.electroluxprofessional.com\/pl\/twoj-biznes\/branza-morska\/"]}]},{"@type":"ImageObject","inLanguage":"pl-PL","@id":"https:\/\/www.electroluxprofessional.com\/pl\/twoj-biznes\/branza-morska\/#primaryimage","url":"https:\/\/www.electroluxprofessional.com\/pl\/wp-content\/uploads\/2016\/10\/marine-tailored-solutions.jpg","contentUrl":"https:\/\/www.electroluxprofessional.com\/pl\/wp-content\/uploads\/2016\/10\/marine-tailored-solutions.jpg","width":1039,"height":514,"caption":"marine, food and laundry tailored solutions"},{"@type":"BreadcrumbList","@id":"https:\/\/www.electroluxprofessional.com\/pl\/twoj-biznes\/branza-morska\/#breadcrumb","itemListElement":[{"@type":"ListItem","position":1,"name":"Strona g\u0142\u00f3wna","item":"https:\/\/www.electroluxprofessional.com\/pl\/"},{"@type":"ListItem","position":2,"name":"Tw\u00f3j biznes","item":"https:\/\/www.electroluxprofessional.com\/pl\/twoj-biznes\/"},{"@type":"ListItem","position":3,"name":"Bran\u017ca morska"}]},{"@type":"WebSite","@id":"https:\/\/www.electroluxprofessional.com\/pl\/#website","url":"https:\/\/www.electroluxprofessional.com\/pl\/","name":"Electrolux Professional Polska","description":"","potentialAction":[{"@type":"SearchAction","target":{"@type":"EntryPoint","urlTemplate":"https:\/\/www.electroluxprofessional.com\/pl\/?src={search_term_string}"},"query-input":"required name=search_term_string"}],"inLanguage":"pl-PL"}]}},"_links":{"self":[{"href":"https:\/\/www.electroluxprofessional.com\/pl\/wp-json\/wp\/v2\/pages\/1543"}],"collection":[{"href":"https:\/\/www.electroluxprofessional.com\/pl\/wp-json\/wp\/v2\/pages"}],"about":[{"href":"https:\/\/www.electroluxprofessional.com\/pl\/wp-json\/wp\/v2\/types\/page"}],"author":[{"embeddable":true,"href":"https:\/\/www.electroluxprofessional.com\/pl\/wp-json\/wp\/v2\/users\/3"}],"replies":[{"embeddable":true,"href":"https:\/\/www.electroluxprofessional.com\/pl\/wp-json\/wp\/v2\/comments?post=1543"}],"version-history":[{"count":4,"href":"https:\/\/www.electroluxprofessional.com\/pl\/wp-json\/wp\/v2\/pages\/1543\/revisions"}],"predecessor-version":[{"id":11651,"href":"https:\/\/www.electroluxprofessional.com\/pl\/wp-json\/wp\/v2\/pages\/1543\/revisions\/11651"}],"up":[{"embeddable":true,"href":"https:\/\/www.electroluxprofessional.com\/pl\/wp-json\/wp\/v2\/pages\/2215"}],"wp:featuredmedia":[{"embeddable":true,"href":"https:\/\/www.electroluxprofessional.com\/pl\/wp-json\/wp\/v2\/media\/832"}],"wp:attachment":[{"href":"https:\/\/www.electroluxprofessional.com\/pl\/wp-json\/wp\/v2\/media?parent=1543"}],"curies":[{"name":"wp","href":"https:\/\/api.w.org\/{rel}","templated":true}]}}