{"id":1513,"date":"2016-06-10T14:07:31","date_gmt":"2016-06-10T14:07:31","guid":{"rendered":"https:\/\/www.electroluxprofessional.com\/?page_id=2225"},"modified":"2025-07-08T13:46:49","modified_gmt":"2025-07-08T13:46:49","slug":"kontakt","status":"publish","type":"page","link":"https:\/\/www.electroluxprofessional.com\/pl\/kontakt\/","title":{"rendered":"Kontakt"},"content":{"rendered":"<p>[vc_row full_width=&#8221;electroluxpro-full-width-no-padding&#8221;][vc_column][elx_hero_title label=&#8221;&#8221; label_background_color=&#8221;inherit&#8221; background_image=&#8221;1511&#8243;][elx_heading text_color=&#8221;inherit&#8221;][\/elx_heading][\/elx_hero_title][\/vc_column][\/vc_row][vc_row][vc_column][elx_heading font_container=&#8221;h1&#8243; text_color=&#8221;inherit&#8221;]Kontakt[\/elx_heading][\/vc_column][\/vc_row][vc_row][vc_column width=&#8221;1\/2&#8243;][vc_empty_space height=&#8221;14px&#8221;][vc_single_image image=&#8221;10926&#8243; img_size=&#8221;full&#8221; alignment=&#8221;center&#8221;][vc_empty_space height=&#8221;30px&#8221;][vc_column_text]Maciej M\u0105czy\u0144ski<br \/>\nSystemy pralnicze Electrolux Professional<\/p>\n<p>E-Mail: <a href=\"mailto:janusz.stankiewicz@electroluxprofessional.com\" target=\"_blank\" rel=\"noopener\">maciej.maczynski@electroluxprofessional.com<\/a><br \/>\nMob.: <a href=\"tel:+49%20175%202642124\" target=\"_blank\" rel=\"noopener\">0048\u00a0539\u00a0061 234<\/a>[\/vc_column_text][elx_heading font_size=&#8221;h3&#8243; text_color=&#8221;inherit&#8221;]Zawsze w pobli\u017cu.<br \/>\nZawsze tylko dla Ciebie.[\/elx_heading][vc_empty_space height=&#8221;12px&#8221;][elx_button button_text=&#8221;Lokalizator sprzeda\u017cy i us\u0142ug&#8221; button_link=&#8221;url:https%3A%2F%2Fprofessional.electrolux.pl%2Flokalizacja%2F|title:Find%20a%20dealer||&#8221;][\/vc_column][vc_column width=&#8221;1\/2&#8243;][elx_o2000_contact_us s=&#8221;Kontakt ze strony www&#8221; container=&#8221;elxcontactus1493279134&#8243; r=&#8221;Prosz\u0119 o kontakt&#8221; l=&#8221;pl&#8221; e=&#8221;janusz.stankiewicz@electrolux.com&#8221;][\/vc_column][\/vc_row][vc_row][vc_column][vc_empty_space][\/vc_column][\/vc_row]<\/p>\n","protected":false},"excerpt":{"rendered":"<p>[vc_row full_width=&#8221;electroluxpro-full-width-no-padding&#8221;][vc_column][elx_hero_title label=&#8221;&#8221; label_background_color=&#8221;inherit&#8221; background_image=&#8221;1511&#8243;][elx_heading text_color=&#8221;inherit&#8221;][\/elx_heading][\/elx_hero_title][\/vc_column][\/vc_row][vc_row][vc_column][elx_heading font_container=&#8221;h1&#8243; text_color=&#8221;inherit&#8221;]Kontakt[\/elx_heading][\/vc_column][\/vc_row][vc_row][vc_column width=&#8221;1\/2&#8243;][vc_empty_space height=&#8221;14px&#8221;][vc_single_image image=&#8221;10926&#8243; img_size=&#8221;full&#8221; alignment=&#8221;center&#8221;][vc_empty_space height=&#8221;30px&#8221;][vc_column_text]Maciej M\u0105czy\u0144ski Systemy pralnicze Electrolux Professional E-Mail: maciej.maczynski@electroluxprofessional.com Mob.: 0048\u00a0539\u00a0061 234[\/vc_column_text][elx_heading font_size=&#8221;h3&#8243; text_color=&#8221;inherit&#8221;]Zawsze w pobli\u017cu. Zawsze tylko dla Ciebie.[\/elx_heading][vc_empty_space height=&#8221;12px&#8221;][elx_button button_text=&#8221;Lokalizator sprzeda\u017cy i us\u0142ug&#8221; button_link=&#8221;url:https%3A%2F%2Fprofessional.electrolux.pl%2Flokalizacja%2F|title:Find%20a%20dealer||&#8221;][\/vc_column][vc_column width=&#8221;1\/2&#8243;][elx_o2000_contact_us s=&#8221;Kontakt ze strony www&#8221; container=&#8221;elxcontactus1493279134&#8243; r=&#8221;Prosz\u0119 o kontakt&#8221; l=&#8221;pl&#8221; e=&#8221;janusz.stankiewicz@electrolux.com&#8221;][\/vc_column][\/vc_row][vc_row][vc_column][vc_empty_space][\/vc_column][\/vc_row]<\/p>\n","protected":false},"author":3,"featured_media":0,"parent":0,"menu_order":0,"comment_status":"closed","ping_status":"closed","template":"","meta":{"footnotes":""},"class_list":["post-1513","page","type-page","status-publish","hentry"],"acf":[],"yoast_head":"<!-- This site is optimized with the Yoast SEO plugin v23.3 - https:\/\/yoast.com\/wordpress\/plugins\/seo\/ -->\n<title>Kontakt - Electrolux Professional Polska<\/title>\n<meta name=\"description\" content=\"Skontaktuj si\u0119 z nami, aby uzyska\u0107 wi\u0119cej informacji na temat rozwi\u0105za\u0144 spo\u017cywczych i pralniczych. Nasi eksperci skontaktuj\u0105 si\u0119 z Tob\u0105 tak szybko, jak to mo\u017cliwe.\" \/>\n<meta name=\"robots\" content=\"index, follow, max-snippet:-1, max-image-preview:large, max-video-preview:-1\" \/>\n<link rel=\"canonical\" href=\"https:\/\/www.electroluxprofessional.com\/pl\/kontakt\/\" \/>\n<meta property=\"og:locale\" content=\"pl_PL\" \/>\n<meta property=\"og:type\" content=\"article\" \/>\n<meta property=\"og:title\" content=\"Kontakt - Electrolux Professional Polska\" \/>\n<meta property=\"og:description\" content=\"Skontaktuj si\u0119 z nami, aby uzyska\u0107 wi\u0119cej informacji na temat rozwi\u0105za\u0144 spo\u017cywczych i pralniczych. Nasi eksperci skontaktuj\u0105 si\u0119 z Tob\u0105 tak szybko, jak to mo\u017cliwe.\" \/>\n<meta property=\"og:url\" content=\"https:\/\/www.electroluxprofessional.com\/pl\/kontakt\/\" \/>\n<meta property=\"og:site_name\" content=\"Electrolux Professional Polska\" \/>\n<meta property=\"article:modified_time\" content=\"2025-07-08T13:46:49+00:00\" \/>\n<meta name=\"twitter:card\" content=\"summary_large_image\" \/>\n<meta name=\"twitter:label1\" content=\"Szacowany czas czytania\" \/>\n\t<meta name=\"twitter:data1\" content=\"1 minuta\" \/>\n<script type=\"application\/ld+json\" class=\"yoast-schema-graph\">{\"@context\":\"https:\/\/schema.org\",\"@graph\":[{\"@type\":\"WebPage\",\"@id\":\"https:\/\/www.electroluxprofessional.com\/pl\/kontakt\/\",\"url\":\"https:\/\/www.electroluxprofessional.com\/pl\/kontakt\/\",\"name\":\"Kontakt - Electrolux Professional Polska\",\"isPartOf\":{\"@id\":\"https:\/\/www.electroluxprofessional.com\/pl\/#website\"},\"datePublished\":\"2016-06-10T14:07:31+00:00\",\"dateModified\":\"2025-07-08T13:46:49+00:00\",\"description\":\"Skontaktuj si\u0119 z nami, aby uzyska\u0107 wi\u0119cej informacji na temat rozwi\u0105za\u0144 spo\u017cywczych i pralniczych. Nasi eksperci skontaktuj\u0105 si\u0119 z Tob\u0105 tak szybko, jak to mo\u017cliwe.\",\"breadcrumb\":{\"@id\":\"https:\/\/www.electroluxprofessional.com\/pl\/kontakt\/#breadcrumb\"},\"inLanguage\":\"pl-PL\",\"potentialAction\":[{\"@type\":\"ReadAction\",\"target\":[\"https:\/\/www.electroluxprofessional.com\/pl\/kontakt\/\"]}]},{\"@type\":\"BreadcrumbList\",\"@id\":\"https:\/\/www.electroluxprofessional.com\/pl\/kontakt\/#breadcrumb\",\"itemListElement\":[{\"@type\":\"ListItem\",\"position\":1,\"name\":\"Strona g\u0142\u00f3wna\",\"item\":\"https:\/\/www.electroluxprofessional.com\/pl\/\"},{\"@type\":\"ListItem\",\"position\":2,\"name\":\"Kontakt\"}]},{\"@type\":\"WebSite\",\"@id\":\"https:\/\/www.electroluxprofessional.com\/pl\/#website\",\"url\":\"https:\/\/www.electroluxprofessional.com\/pl\/\",\"name\":\"Electrolux Professional Polska\",\"description\":\"\",\"potentialAction\":[{\"@type\":\"SearchAction\",\"target\":{\"@type\":\"EntryPoint\",\"urlTemplate\":\"https:\/\/www.electroluxprofessional.com\/pl\/?src={search_term_string}\"},\"query-input\":\"required name=search_term_string\"}],\"inLanguage\":\"pl-PL\"}]}<\/script>\n<!-- \/ Yoast SEO plugin. -->","yoast_head_json":{"title":"Kontakt - Electrolux Professional Polska","description":"Skontaktuj si\u0119 z nami, aby uzyska\u0107 wi\u0119cej informacji na temat rozwi\u0105za\u0144 spo\u017cywczych i pralniczych. Nasi eksperci skontaktuj\u0105 si\u0119 z Tob\u0105 tak szybko, jak to mo\u017cliwe.","robots":{"index":"index","follow":"follow","max-snippet":"max-snippet:-1","max-image-preview":"max-image-preview:large","max-video-preview":"max-video-preview:-1"},"canonical":"https:\/\/www.electroluxprofessional.com\/pl\/kontakt\/","og_locale":"pl_PL","og_type":"article","og_title":"Kontakt - Electrolux Professional Polska","og_description":"Skontaktuj si\u0119 z nami, aby uzyska\u0107 wi\u0119cej informacji na temat rozwi\u0105za\u0144 spo\u017cywczych i pralniczych. Nasi eksperci skontaktuj\u0105 si\u0119 z Tob\u0105 tak szybko, jak to mo\u017cliwe.","og_url":"https:\/\/www.electroluxprofessional.com\/pl\/kontakt\/","og_site_name":"Electrolux Professional Polska","article_modified_time":"2025-07-08T13:46:49+00:00","twitter_card":"summary_large_image","twitter_misc":{"Szacowany czas czytania":"1 minuta"},"schema":{"@context":"https:\/\/schema.org","@graph":[{"@type":"WebPage","@id":"https:\/\/www.electroluxprofessional.com\/pl\/kontakt\/","url":"https:\/\/www.electroluxprofessional.com\/pl\/kontakt\/","name":"Kontakt - Electrolux Professional Polska","isPartOf":{"@id":"https:\/\/www.electroluxprofessional.com\/pl\/#website"},"datePublished":"2016-06-10T14:07:31+00:00","dateModified":"2025-07-08T13:46:49+00:00","description":"Skontaktuj si\u0119 z nami, aby uzyska\u0107 wi\u0119cej informacji na temat rozwi\u0105za\u0144 spo\u017cywczych i pralniczych. Nasi eksperci skontaktuj\u0105 si\u0119 z Tob\u0105 tak szybko, jak to mo\u017cliwe.","breadcrumb":{"@id":"https:\/\/www.electroluxprofessional.com\/pl\/kontakt\/#breadcrumb"},"inLanguage":"pl-PL","potentialAction":[{"@type":"ReadAction","target":["https:\/\/www.electroluxprofessional.com\/pl\/kontakt\/"]}]},{"@type":"BreadcrumbList","@id":"https:\/\/www.electroluxprofessional.com\/pl\/kontakt\/#breadcrumb","itemListElement":[{"@type":"ListItem","position":1,"name":"Strona g\u0142\u00f3wna","item":"https:\/\/www.electroluxprofessional.com\/pl\/"},{"@type":"ListItem","position":2,"name":"Kontakt"}]},{"@type":"WebSite","@id":"https:\/\/www.electroluxprofessional.com\/pl\/#website","url":"https:\/\/www.electroluxprofessional.com\/pl\/","name":"Electrolux Professional Polska","description":"","potentialAction":[{"@type":"SearchAction","target":{"@type":"EntryPoint","urlTemplate":"https:\/\/www.electroluxprofessional.com\/pl\/?src={search_term_string}"},"query-input":"required name=search_term_string"}],"inLanguage":"pl-PL"}]}},"_links":{"self":[{"href":"https:\/\/www.electroluxprofessional.com\/pl\/wp-json\/wp\/v2\/pages\/1513"}],"collection":[{"href":"https:\/\/www.electroluxprofessional.com\/pl\/wp-json\/wp\/v2\/pages"}],"about":[{"href":"https:\/\/www.electroluxprofessional.com\/pl\/wp-json\/wp\/v2\/types\/page"}],"author":[{"embeddable":true,"href":"https:\/\/www.electroluxprofessional.com\/pl\/wp-json\/wp\/v2\/users\/3"}],"replies":[{"embeddable":true,"href":"https:\/\/www.electroluxprofessional.com\/pl\/wp-json\/wp\/v2\/comments?post=1513"}],"version-history":[{"count":12,"href":"https:\/\/www.electroluxprofessional.com\/pl\/wp-json\/wp\/v2\/pages\/1513\/revisions"}],"predecessor-version":[{"id":11010,"href":"https:\/\/www.electroluxprofessional.com\/pl\/wp-json\/wp\/v2\/pages\/1513\/revisions\/11010"}],"wp:attachment":[{"href":"https:\/\/www.electroluxprofessional.com\/pl\/wp-json\/wp\/v2\/media?parent=1513"}],"curies":[{"name":"wp","href":"https:\/\/api.w.org\/{rel}","templated":true}]}}