{"id":1484,"date":"2017-04-05T17:14:49","date_gmt":"2017-04-05T16:14:49","guid":{"rendered":"https:\/\/www.electroluxprofessional.com\/?page_id=10662"},"modified":"2025-10-09T10:05:34","modified_gmt":"2025-10-09T10:05:34","slug":"mylaundry-pralnia-koncepcyjna","status":"publish","type":"page","link":"https:\/\/www.electroluxprofessional.com\/pl\/twoj-biznes\/pralnie-samoobslugowe\/mylaundry-pralnia-koncepcyjna\/","title":{"rendered":"myLaundry pralnia koncepcyjna"},"content":{"rendered":"<p>[vc_row full_width=&#8221;electroluxpro-full-width-no-padding&#8221;][vc_column][elx_image_block background_image=&#8221;1468&#8243; minimum_height=&#8221;450px&#8221;][\/vc_column][\/vc_row][vc_row full_width=&#8221;electroluxpro-full-width-no-padding&#8221; disable_element=&#8221;yes&#8221;][vc_column][elx_hero_slider label_text_color=&#8221;inherit&#8221; images=&#8221;1468&#8243;][elx_heading font_container=&#8221;h1&#8243; font_size=&#8221;h2&#8243; text_color=&#8221;cat-cook-and-chill&#8221;]myLaundry [\/elx_heading][elx_heading font_size=&#8221;h4&#8243; text_color=&#8221;inherit&#8221;]Electrolux concept store[\/elx_heading][\/elx_hero_slider][\/vc_column][\/vc_row][vc_row][vc_column][vc_empty_space height=&#8221;12px&#8221;][elx_heading font_container=&#8221;h1&#8243; text_color=&#8221;inherit&#8221;]<strong>myLaundry <\/strong><br \/>\nElectrolux concept store \u2013 pralnia koncepcyjna[\/elx_heading][\/vc_column][\/vc_row][vc_row][vc_column][vc_empty_space height=&#8221;50px&#8221;][\/vc_column][\/vc_row][vc_row][vc_column width=&#8221;1\/2&#8243;][elx_heading font_size=&#8221;h3&#8243; text_color=&#8221;inherit&#8221;]Ca\u0142kowicie nowe spojrzenie na <strong>pralnictwo komercyjne<\/strong>, \u0142\u0105cz\u0105ce kultur\u0119 z biznesem.[\/elx_heading][vc_empty_space height=&#8221;22px&#8221;][vc_column_text]\u25ba Prawdziwie <strong>unikalne podej\u015bcie do tematu pralni samoobs\u0142ugowych<\/strong>.<\/p>\n<p>\u25ba Korzy\u015bci wynikaj\u0105ce ze wsp\u00f3\u0142pracy z <strong>globalnym liderem<br \/>\n<\/strong>w dziedzinie pralnictwa \u2013 Electrolux.<\/p>\n<p>\u25ba Zr\u00f3\u017cnicowanie pralni samoobs\u0142ugowej z naciskiem na <strong> przyjazno\u015b\u0107 ekologii<\/strong>.<\/p>\n<p>\u25ba Energooszcz\u0119dne maszyny, naturalne elementy wyko\u0144czenia wn\u0119trz, nowoczesne grafiki i wsparcie marketingowe z mo\u017cliwo\u015bci\u0105\u00a0<strong>ca\u0142kowitego dostosowania \u00a0<\/strong>do w\u0142asnych potrzeb.<\/p>\n<p>\u25ba Electrolux Professional concept store to kompletny pakiet, przygotowany po to, <strong>aby czerpa\u0107 z niego zyski<\/strong>.[\/vc_column_text][\/vc_column][vc_column width=&#8221;1\/2&#8243;][vc_empty_space height=&#8221;22px&#8221;][vc_single_image image=&#8221;1474&#8243; img_size=&#8221;full&#8221; style=&#8221;vc_box_circle_2&#8243;][\/vc_column][\/vc_row][vc_row][vc_column][vc_empty_space height=&#8221;22px&#8221;][elx_heading font_size=&#8221;h3&#8243; text_color=&#8221;inherit&#8221;]Indywidualne rozwi\u0105zania: przekszta\u0142\u0107 lub buduj od nowa!<br \/>\n<strong>Ka\u017cdy lokal mo\u017ce przeistoczy\u0107 si\u0119 w Twoj\u0105 wymarzon\u0105 pralni\u0119.<\/strong>[\/elx_heading][vc_empty_space height=&#8221;22px&#8221;][\/vc_column][\/vc_row][vc_row][vc_column][vc_column_text][rev_slider_vc alias=&#8221;myLaundry-Concept-Store&#8221;][\/vc_column_text][\/vc_column][\/vc_row][vc_row disable_element=&#8221;yes&#8221;][vc_column width=&#8221;1\/4&#8243;][vc_single_image image=&#8221;10758&#8243; img_size=&#8221;full&#8221;][vc_column_text]Your unique store and vision[\/vc_column_text][\/vc_column][vc_column width=&#8221;1\/4&#8243;][vc_single_image image=&#8221;10755&#8243; img_size=&#8221;full&#8221;][vc_column_text]Contemporary design with state-of-art graphics and natural finishes[\/vc_column_text][\/vc_column][vc_column width=&#8221;1\/4&#8243;][vc_single_image image=&#8221;10756&#8243; img_size=&#8221;full&#8221;][vc_column_text]Scientifically designed customer flow pattern to maximize profits[\/vc_column_text][\/vc_column][vc_column width=&#8221;1\/4&#8243;][vc_single_image image=&#8221;10757&#8243; img_size=&#8221;full&#8221;][vc_column_text]Be the first to own the very best retail laundry environment![\/vc_column_text][\/vc_column][\/vc_row][vc_row][vc_column][elx_heading font_size=&#8221;h4&#8243; text_color=&#8221;electrolux-blue&#8221;]Najlepsze do\u015bwiadczenie prania i suszenia dla Twoich klient\u00f3w, maksimum zysk\u00f3w dla Ciebie![\/elx_heading][\/vc_column][\/vc_row][vc_row][vc_column width=&#8221;1\/2&#8243;][vc_empty_space height=&#8221;50px&#8221;][vc_single_image image=&#8221;1477&#8243; img_size=&#8221;full&#8221;][\/vc_column][vc_column width=&#8221;1\/2&#8243;][elx_heading font_container=&#8221;h3&#8243; font_size=&#8221;h3&#8243; text_color=&#8221;inherit&#8221;]<strong>Sprawiamy, \u017ce jest to proste:<\/strong>[\/elx_heading][vc_empty_space height=&#8221;10px&#8221;][vc_column_text]<\/p>\n<h4>Zr\u00f3wnowa\u017cony<\/h4>\n<p>myLaundry Concept Store odzwierciedla nasz\u0105 pasj\u0119 i zaanga\u017cowanie w zr\u00f3wnowa\u017cony rozw\u00f3j naszej bran\u017cy<\/p>\n<h4>Premium<\/h4>\n<p>Electrolux myLaundry concept store to rozwi\u0105zanie pralnicze klasy premium, kt\u00f3re wyr\u00f3\u017cnia si\u0119 na tle konkurencji i jest rozpoznawalne na rynku<\/p>\n<h4>Kompleksowy<\/h4>\n<p>Pocz\u0105wszy od pomocy w znalezieniu odpowiedniej lokalizacji, poprzez projektowanie, budow\u0119, oraz wsparcie marketingowe \u2013 sprawiamy, \u017ce otwarcie Twojej w\u0142asnej pralni jest niezwykle proste<\/p>\n<h4>Zyskowny<\/h4>\n<p>Dzi\u0119ki najbardziej oszcz\u0119dnym urz\u0105dzeniom pralniczym na rynku, w prosty spos\u00f3b mo\u017cna wygenerowa\u0107 szybki zwrot inwestycji oraz osi\u0105gn\u0105\u0107 znacz\u0105ce zyski[\/vc_column_text][\/vc_column][\/vc_row][vc_row][vc_column width=&#8221;1\/2&#8243;][vc_empty_space height=&#8221;50px&#8221;][vc_column_text]\u201e<em>Firma <strong>Electrolux Professional<\/strong> wygra\u0142a przetarg na urz\u0105dzenia pralnicze z powodu najbardziej atrakcyjnej oferty. Maszyny Pralnicze s\u0105 najwy\u017cszej jako\u015bci i jeste\u015bmy z nich bardzo zadowoleni.<\/em><\/p>\n<p><em>\u015awiadczymy 3 rodzaje us\u0142ug pralniczych: pranie wodne, czyszczenie wodne dla delikatnych materia\u0142\u00f3w w systemie <strong>lagoon\u00ae Advanced Care<\/strong> i pranie w <strong>salonie samoobs\u0142ugowym myLaundry.<\/strong><\/em>\u201d<\/p>\n<p><strong>Adam Turek Dyrektor ZAZ W\u0142oc\u0142awek<\/strong><\/p>\n<p>[\/vc_column_text][vc_empty_space][\/vc_column][vc_column width=&#8221;1\/2&#8243;][vc_empty_space height=&#8221;10px&#8221;][elx_video_block background_image=&#8221;3261&#8243; video_link=&#8221;https:\/\/www.youtube.com\/watch?v=GTaVaIwn8q8&amp;t&#8221; minimum_height=&#8221;400px&#8221;][vc_empty_space][\/vc_column][\/vc_row][vc_row][vc_column width=&#8221;1\/3&#8243;][elx_download_block text=&#8221;Broszura myLaundry concept store&#8221; link=&#8221;https:\/\/www.electroluxprofessional.com\/pl\/wp-content\/uploads\/2017\/10\/concept-store-brochure-A4-PL.pdf&#8221; background_color=&#8221;cat-cook-and-chill&#8221;][\/vc_column][vc_column width=&#8221;1\/3&#8243;][elx_download_block text=&#8221;Ulotka myLaundry concept store&#8221; link=&#8221;https:\/\/www.electroluxprofessional.com\/pl\/wp-content\/uploads\/2017\/10\/concept-store-flyer-PL.pdf&#8221; background_color=&#8221;cat-cook-and-chill&#8221;][\/vc_column][vc_column width=&#8221;1\/3&#8243;][\/vc_column][\/vc_row][vc_row][vc_column][vc_empty_space height=&#8221;22px&#8221;][elx_heading font_size=&#8221;h3&#8243; text_color=&#8221;inherit&#8221;]Indywidualne rozwi\u0105zania: przekszta\u0142\u0107 lub buduj od nowa!<br \/>\n<strong>Zobacz jak mo\u017ce wygl\u0105da\u0107 Twoja wymarzona pralnia.<\/strong>[\/elx_heading][vc_empty_space height=&#8221;22px&#8221;][\/vc_column][\/vc_row][vc_row][vc_column][vc_column_text][rev_slider_vc alias=&#8221;koncepcja-mylaundry&#8221;][\/vc_column_text][\/vc_column][\/vc_row][vc_row][vc_column][vc_column_text]<\/p>\n<h3 style=\"text-align: center;\">Masz dodatkowe pytania? Skontaktuj si\u0119:<\/h3>\n<p style=\"text-align: center;\"><strong>Maciej M\u0105czy\u0144ski<\/strong><br \/>\nSystemy pralnicze Electrolux Professional<\/p>\n<p style=\"text-align: center;\">E-Mail: <a href=\"mailto:janusz.stankiewicz@electrolux.com\">maciej.maczynski@electroluxprofessional.com<\/a><br \/>\nMob.: 00 48\u00a0539\u00a0061 234<\/p>\n<p>[\/vc_column_text][vc_empty_space][elx_heading text_color=&#8221;inherit&#8221;]B\u0105d\u017a w kontakcie z naszym zespo\u0142em ekspert\u00f3w[\/elx_heading][elx_o2000_contact_us s=&#8221;Request of information about myLaundry concept store&#8221; country=&#8221;Poland&#8221; b=&#8221;laundry&#8221; container=&#8221;elxcontactus1491376825&#8243; r=&#8221;I would like to find out more about myLaundry concept store. Please get in touch with me.&#8221; l=&#8221;pl&#8221;][\/vc_column][\/vc_row][vc_row][vc_column][vc_empty_space][elx_heading font_container=&#8221;h3&#8243; text_color=&#8221;inherit&#8221; text_align=&#8221;text-left&#8221;]Mo\u017ce Ci si\u0119 spodoba\u0107:[\/elx_heading][\/vc_column][\/vc_row][vc_row disable_element=&#8221;yes&#8221;][vc_column width=&#8221;1\/3&#8243;][elx_maylike_box id_box=&#8221;1478&#8243;][\/vc_column][vc_column width=&#8221;1\/3&#8243;][elx_maylike_box id_box=&#8221;1479&#8243;][\/vc_column][vc_column width=&#8221;1\/3&#8243;][elx_maylike_box id_box=&#8221;1481&#8243;][\/vc_column][\/vc_row][vc_row][vc_column width=&#8221;1\/3&#8243;][elx_maylike_box id_box=&#8221;1641&#8243;][\/vc_column][vc_column width=&#8221;1\/3&#8243;][elx_maylike_box id_box=&#8221;1541&#8243;][\/vc_column][vc_column width=&#8221;1\/3&#8243;][elx_maylike_box id_box=&#8221;1186&#8243;][\/vc_column][\/vc_row]<\/p>\n","protected":false},"excerpt":{"rendered":"<p>[vc_row full_width=&#8221;electroluxpro-full-width-no-padding&#8221;][vc_column][elx_image_block background_image=&#8221;1468&#8243; minimum_height=&#8221;450px&#8221;][\/vc_column][\/vc_row][vc_row full_width=&#8221;electroluxpro-full-width-no-padding&#8221; disable_element=&#8221;yes&#8221;][vc_column][elx_hero_slider label_text_color=&#8221;inherit&#8221; images=&#8221;1468&#8243;][elx_heading font_container=&#8221;h1&#8243; font_size=&#8221;h2&#8243; text_color=&#8221;cat-cook-and-chill&#8221;]myLaundry [\/elx_heading][elx_heading font_size=&#8221;h4&#8243; text_color=&#8221;inherit&#8221;]Electrolux concept store[\/elx_heading][\/elx_hero_slider][\/vc_column][\/vc_row][vc_row][vc_column][vc_empty_space height=&#8221;12px&#8221;][elx_heading font_container=&#8221;h1&#8243; text_color=&#8221;inherit&#8221;]myLaundry Electrolux concept store \u2013 pralnia koncepcyjna[\/elx_heading][\/vc_column][\/vc_row][vc_row][vc_column][vc_empty_space height=&#8221;50px&#8221;][\/vc_column][\/vc_row][vc_row][vc_column width=&#8221;1\/2&#8243;][elx_heading font_size=&#8221;h3&#8243; text_color=&#8221;inherit&#8221;]Ca\u0142kowicie nowe spojrzenie na pralnictwo komercyjne, \u0142\u0105cz\u0105ce kultur\u0119 z biznesem.[\/elx_heading][vc_empty_space height=&#8221;22px&#8221;][vc_column_text]\u25ba Prawdziwie unikalne podej\u015bcie do tematu pralni samoobs\u0142ugowych. \u25ba Korzy\u015bci wynikaj\u0105ce ze wsp\u00f3\u0142pracy z globalnym liderem w [&hellip;]<\/p>\n","protected":false},"author":3,"featured_media":1467,"parent":1539,"menu_order":0,"comment_status":"closed","ping_status":"closed","template":"","meta":{"footnotes":""},"class_list":["post-1484","page","type-page","status-publish","has-post-thumbnail","hentry"],"acf":[],"yoast_head":"<!-- This site is optimized with the Yoast SEO plugin v23.3 - https:\/\/yoast.com\/wordpress\/plugins\/seo\/ -->\n<title>myLaundry pralnia koncepcyjna - Electrolux Professional Polska<\/title>\n<meta name=\"description\" content=\"Electrolux myLaundry concept store to rozwi\u0105zanie pralnicze klasy premium, kt\u00f3re wyr\u00f3\u017cnia si\u0119 na tle konkurencji i jest rozpoznawalne na rynku. myLaundry Concept Store odzwierciedla nasz\u0105 pasj\u0119 i zaanga\u017cowanie w zr\u00f3wnowa\u017cony rozw\u00f3j naszej bran\u017cy.\" \/>\n<meta name=\"robots\" content=\"index, follow, max-snippet:-1, max-image-preview:large, max-video-preview:-1\" \/>\n<link rel=\"canonical\" href=\"https:\/\/www.electroluxprofessional.com\/pl\/twoj-biznes\/pralnie-samoobslugowe\/mylaundry-pralnia-koncepcyjna\/\" \/>\n<meta property=\"og:locale\" content=\"pl_PL\" \/>\n<meta property=\"og:type\" content=\"article\" \/>\n<meta property=\"og:title\" content=\"myLaundry pralnia koncepcyjna - Electrolux Professional Polska\" \/>\n<meta property=\"og:description\" content=\"Electrolux myLaundry concept store to rozwi\u0105zanie pralnicze klasy premium, kt\u00f3re wyr\u00f3\u017cnia si\u0119 na tle konkurencji i jest rozpoznawalne na rynku. myLaundry Concept Store odzwierciedla nasz\u0105 pasj\u0119 i zaanga\u017cowanie w zr\u00f3wnowa\u017cony rozw\u00f3j naszej bran\u017cy.\" \/>\n<meta property=\"og:url\" content=\"https:\/\/www.electroluxprofessional.com\/pl\/twoj-biznes\/pralnie-samoobslugowe\/mylaundry-pralnia-koncepcyjna\/\" \/>\n<meta property=\"og:site_name\" content=\"Electrolux Professional Polska\" \/>\n<meta property=\"article:modified_time\" content=\"2025-10-09T10:05:34+00:00\" \/>\n<meta property=\"og:image\" content=\"https:\/\/www.electroluxprofessional.com\/pl\/wp-content\/uploads\/2017\/04\/laundry-concept-store.jpg\" \/>\n\t<meta property=\"og:image:width\" content=\"700\" \/>\n\t<meta property=\"og:image:height\" content=\"700\" \/>\n\t<meta property=\"og:image:type\" content=\"image\/jpeg\" \/>\n<meta name=\"twitter:card\" content=\"summary_large_image\" \/>\n<meta name=\"twitter:label1\" content=\"Szacowany czas czytania\" \/>\n\t<meta name=\"twitter:data1\" content=\"5 minut\" \/>\n<script type=\"application\/ld+json\" class=\"yoast-schema-graph\">{\"@context\":\"https:\/\/schema.org\",\"@graph\":[{\"@type\":\"WebPage\",\"@id\":\"https:\/\/www.electroluxprofessional.com\/pl\/twoj-biznes\/pralnie-samoobslugowe\/mylaundry-pralnia-koncepcyjna\/\",\"url\":\"https:\/\/www.electroluxprofessional.com\/pl\/twoj-biznes\/pralnie-samoobslugowe\/mylaundry-pralnia-koncepcyjna\/\",\"name\":\"myLaundry pralnia koncepcyjna - Electrolux Professional Polska\",\"isPartOf\":{\"@id\":\"https:\/\/www.electroluxprofessional.com\/pl\/#website\"},\"primaryImageOfPage\":{\"@id\":\"https:\/\/www.electroluxprofessional.com\/pl\/twoj-biznes\/pralnie-samoobslugowe\/mylaundry-pralnia-koncepcyjna\/#primaryimage\"},\"image\":{\"@id\":\"https:\/\/www.electroluxprofessional.com\/pl\/twoj-biznes\/pralnie-samoobslugowe\/mylaundry-pralnia-koncepcyjna\/#primaryimage\"},\"thumbnailUrl\":\"https:\/\/www.electroluxprofessional.com\/pl\/wp-content\/uploads\/2017\/04\/laundry-concept-store.jpg\",\"datePublished\":\"2017-04-05T16:14:49+00:00\",\"dateModified\":\"2025-10-09T10:05:34+00:00\",\"description\":\"Electrolux myLaundry concept store to rozwi\u0105zanie pralnicze klasy premium, kt\u00f3re wyr\u00f3\u017cnia si\u0119 na tle konkurencji i jest rozpoznawalne na rynku. myLaundry Concept Store odzwierciedla nasz\u0105 pasj\u0119 i zaanga\u017cowanie w zr\u00f3wnowa\u017cony rozw\u00f3j naszej bran\u017cy.\",\"breadcrumb\":{\"@id\":\"https:\/\/www.electroluxprofessional.com\/pl\/twoj-biznes\/pralnie-samoobslugowe\/mylaundry-pralnia-koncepcyjna\/#breadcrumb\"},\"inLanguage\":\"pl-PL\",\"potentialAction\":[{\"@type\":\"ReadAction\",\"target\":[\"https:\/\/www.electroluxprofessional.com\/pl\/twoj-biznes\/pralnie-samoobslugowe\/mylaundry-pralnia-koncepcyjna\/\"]}]},{\"@type\":\"ImageObject\",\"inLanguage\":\"pl-PL\",\"@id\":\"https:\/\/www.electroluxprofessional.com\/pl\/twoj-biznes\/pralnie-samoobslugowe\/mylaundry-pralnia-koncepcyjna\/#primaryimage\",\"url\":\"https:\/\/www.electroluxprofessional.com\/pl\/wp-content\/uploads\/2017\/04\/laundry-concept-store.jpg\",\"contentUrl\":\"https:\/\/www.electroluxprofessional.com\/pl\/wp-content\/uploads\/2017\/04\/laundry-concept-store.jpg\",\"width\":700,\"height\":700,\"caption\":\"mylaundry - Electrolux Professional concept store\"},{\"@type\":\"BreadcrumbList\",\"@id\":\"https:\/\/www.electroluxprofessional.com\/pl\/twoj-biznes\/pralnie-samoobslugowe\/mylaundry-pralnia-koncepcyjna\/#breadcrumb\",\"itemListElement\":[{\"@type\":\"ListItem\",\"position\":1,\"name\":\"Strona g\u0142\u00f3wna\",\"item\":\"https:\/\/www.electroluxprofessional.com\/pl\/\"},{\"@type\":\"ListItem\",\"position\":2,\"name\":\"Tw\u00f3j biznes\",\"item\":\"https:\/\/www.electroluxprofessional.com\/pl\/twoj-biznes\/\"},{\"@type\":\"ListItem\",\"position\":3,\"name\":\"Pralnie samoobs\u0142ugowe\",\"item\":\"https:\/\/www.electroluxprofessional.com\/pl\/twoj-biznes\/pralnie-samoobslugowe\/\"},{\"@type\":\"ListItem\",\"position\":4,\"name\":\"myLaundry pralnia koncepcyjna\"}]},{\"@type\":\"WebSite\",\"@id\":\"https:\/\/www.electroluxprofessional.com\/pl\/#website\",\"url\":\"https:\/\/www.electroluxprofessional.com\/pl\/\",\"name\":\"Electrolux Professional Polska\",\"description\":\"\",\"potentialAction\":[{\"@type\":\"SearchAction\",\"target\":{\"@type\":\"EntryPoint\",\"urlTemplate\":\"https:\/\/www.electroluxprofessional.com\/pl\/?src={search_term_string}\"},\"query-input\":\"required name=search_term_string\"}],\"inLanguage\":\"pl-PL\"}]}<\/script>\n<!-- \/ Yoast SEO plugin. -->","yoast_head_json":{"title":"myLaundry pralnia koncepcyjna - Electrolux Professional Polska","description":"Electrolux myLaundry concept store to rozwi\u0105zanie pralnicze klasy premium, kt\u00f3re wyr\u00f3\u017cnia si\u0119 na tle konkurencji i jest rozpoznawalne na rynku. myLaundry Concept Store odzwierciedla nasz\u0105 pasj\u0119 i zaanga\u017cowanie w zr\u00f3wnowa\u017cony rozw\u00f3j naszej bran\u017cy.","robots":{"index":"index","follow":"follow","max-snippet":"max-snippet:-1","max-image-preview":"max-image-preview:large","max-video-preview":"max-video-preview:-1"},"canonical":"https:\/\/www.electroluxprofessional.com\/pl\/twoj-biznes\/pralnie-samoobslugowe\/mylaundry-pralnia-koncepcyjna\/","og_locale":"pl_PL","og_type":"article","og_title":"myLaundry pralnia koncepcyjna - Electrolux Professional Polska","og_description":"Electrolux myLaundry concept store to rozwi\u0105zanie pralnicze klasy premium, kt\u00f3re wyr\u00f3\u017cnia si\u0119 na tle konkurencji i jest rozpoznawalne na rynku. myLaundry Concept Store odzwierciedla nasz\u0105 pasj\u0119 i zaanga\u017cowanie w zr\u00f3wnowa\u017cony rozw\u00f3j naszej bran\u017cy.","og_url":"https:\/\/www.electroluxprofessional.com\/pl\/twoj-biznes\/pralnie-samoobslugowe\/mylaundry-pralnia-koncepcyjna\/","og_site_name":"Electrolux Professional Polska","article_modified_time":"2025-10-09T10:05:34+00:00","og_image":[{"width":700,"height":700,"url":"https:\/\/www.electroluxprofessional.com\/pl\/wp-content\/uploads\/2017\/04\/laundry-concept-store.jpg","type":"image\/jpeg"}],"twitter_card":"summary_large_image","twitter_misc":{"Szacowany czas czytania":"5 minut"},"schema":{"@context":"https:\/\/schema.org","@graph":[{"@type":"WebPage","@id":"https:\/\/www.electroluxprofessional.com\/pl\/twoj-biznes\/pralnie-samoobslugowe\/mylaundry-pralnia-koncepcyjna\/","url":"https:\/\/www.electroluxprofessional.com\/pl\/twoj-biznes\/pralnie-samoobslugowe\/mylaundry-pralnia-koncepcyjna\/","name":"myLaundry pralnia koncepcyjna - Electrolux Professional Polska","isPartOf":{"@id":"https:\/\/www.electroluxprofessional.com\/pl\/#website"},"primaryImageOfPage":{"@id":"https:\/\/www.electroluxprofessional.com\/pl\/twoj-biznes\/pralnie-samoobslugowe\/mylaundry-pralnia-koncepcyjna\/#primaryimage"},"image":{"@id":"https:\/\/www.electroluxprofessional.com\/pl\/twoj-biznes\/pralnie-samoobslugowe\/mylaundry-pralnia-koncepcyjna\/#primaryimage"},"thumbnailUrl":"https:\/\/www.electroluxprofessional.com\/pl\/wp-content\/uploads\/2017\/04\/laundry-concept-store.jpg","datePublished":"2017-04-05T16:14:49+00:00","dateModified":"2025-10-09T10:05:34+00:00","description":"Electrolux myLaundry concept store to rozwi\u0105zanie pralnicze klasy premium, kt\u00f3re wyr\u00f3\u017cnia si\u0119 na tle konkurencji i jest rozpoznawalne na rynku. myLaundry Concept Store odzwierciedla nasz\u0105 pasj\u0119 i zaanga\u017cowanie w zr\u00f3wnowa\u017cony rozw\u00f3j naszej bran\u017cy.","breadcrumb":{"@id":"https:\/\/www.electroluxprofessional.com\/pl\/twoj-biznes\/pralnie-samoobslugowe\/mylaundry-pralnia-koncepcyjna\/#breadcrumb"},"inLanguage":"pl-PL","potentialAction":[{"@type":"ReadAction","target":["https:\/\/www.electroluxprofessional.com\/pl\/twoj-biznes\/pralnie-samoobslugowe\/mylaundry-pralnia-koncepcyjna\/"]}]},{"@type":"ImageObject","inLanguage":"pl-PL","@id":"https:\/\/www.electroluxprofessional.com\/pl\/twoj-biznes\/pralnie-samoobslugowe\/mylaundry-pralnia-koncepcyjna\/#primaryimage","url":"https:\/\/www.electroluxprofessional.com\/pl\/wp-content\/uploads\/2017\/04\/laundry-concept-store.jpg","contentUrl":"https:\/\/www.electroluxprofessional.com\/pl\/wp-content\/uploads\/2017\/04\/laundry-concept-store.jpg","width":700,"height":700,"caption":"mylaundry - Electrolux Professional concept store"},{"@type":"BreadcrumbList","@id":"https:\/\/www.electroluxprofessional.com\/pl\/twoj-biznes\/pralnie-samoobslugowe\/mylaundry-pralnia-koncepcyjna\/#breadcrumb","itemListElement":[{"@type":"ListItem","position":1,"name":"Strona g\u0142\u00f3wna","item":"https:\/\/www.electroluxprofessional.com\/pl\/"},{"@type":"ListItem","position":2,"name":"Tw\u00f3j biznes","item":"https:\/\/www.electroluxprofessional.com\/pl\/twoj-biznes\/"},{"@type":"ListItem","position":3,"name":"Pralnie samoobs\u0142ugowe","item":"https:\/\/www.electroluxprofessional.com\/pl\/twoj-biznes\/pralnie-samoobslugowe\/"},{"@type":"ListItem","position":4,"name":"myLaundry pralnia koncepcyjna"}]},{"@type":"WebSite","@id":"https:\/\/www.electroluxprofessional.com\/pl\/#website","url":"https:\/\/www.electroluxprofessional.com\/pl\/","name":"Electrolux Professional Polska","description":"","potentialAction":[{"@type":"SearchAction","target":{"@type":"EntryPoint","urlTemplate":"https:\/\/www.electroluxprofessional.com\/pl\/?src={search_term_string}"},"query-input":"required name=search_term_string"}],"inLanguage":"pl-PL"}]}},"_links":{"self":[{"href":"https:\/\/www.electroluxprofessional.com\/pl\/wp-json\/wp\/v2\/pages\/1484"}],"collection":[{"href":"https:\/\/www.electroluxprofessional.com\/pl\/wp-json\/wp\/v2\/pages"}],"about":[{"href":"https:\/\/www.electroluxprofessional.com\/pl\/wp-json\/wp\/v2\/types\/page"}],"author":[{"embeddable":true,"href":"https:\/\/www.electroluxprofessional.com\/pl\/wp-json\/wp\/v2\/users\/3"}],"replies":[{"embeddable":true,"href":"https:\/\/www.electroluxprofessional.com\/pl\/wp-json\/wp\/v2\/comments?post=1484"}],"version-history":[{"count":16,"href":"https:\/\/www.electroluxprofessional.com\/pl\/wp-json\/wp\/v2\/pages\/1484\/revisions"}],"predecessor-version":[{"id":11349,"href":"https:\/\/www.electroluxprofessional.com\/pl\/wp-json\/wp\/v2\/pages\/1484\/revisions\/11349"}],"up":[{"embeddable":true,"href":"https:\/\/www.electroluxprofessional.com\/pl\/wp-json\/wp\/v2\/pages\/1539"}],"wp:featuredmedia":[{"embeddable":true,"href":"https:\/\/www.electroluxprofessional.com\/pl\/wp-json\/wp\/v2\/media\/1467"}],"wp:attachment":[{"href":"https:\/\/www.electroluxprofessional.com\/pl\/wp-json\/wp\/v2\/media?parent=1484"}],"curies":[{"name":"wp","href":"https:\/\/api.w.org\/{rel}","templated":true}]}}