{"id":1473,"date":"2016-04-28T15:37:22","date_gmt":"2016-04-28T15:37:22","guid":{"rendered":"https:\/\/www.electroluxprofessional.com\/?page_id=402"},"modified":"2025-12-20T14:06:38","modified_gmt":"2025-12-20T14:06:38","slug":"szpitale","status":"publish","type":"page","link":"https:\/\/www.electroluxprofessional.com\/pl\/twoj-biznes\/domy-opieki\/szpitale\/","title":{"rendered":"Szpitale"},"content":{"rendered":"<p>[vc_row full_width=&#8221;electroluxpro-full-width-no-padding&#8221; equal_height=&#8221;yes&#8221; content_placement=&#8221;top&#8221;][vc_column reveal_effect=&#8221;&#8221; width=&#8221;1\/2&#8243;][elx_citation name=&#8221;Daniel Bertrand \u2013 operator pralni&#8221; company=&#8221;Bourges, Francja&#8221;][elx_heading font_container=&#8221;h1&#8243; font_size=&#8221;h2&#8243; text_color=&#8221;inherit&#8221;]My widzimy r\u00f3\u017cnic\u0119. Nasi pacjenci j\u0105 odczuwaj\u0105. \u017baden inny dostawca urz\u0105dze\u0144 nie zna tak dobrze specyfiki proces\u00f3w zachodz\u0105cych w bran\u017cy ochrony zdrowia i nie oferuje tak doskona\u0142ych rozwi\u0105za\u0144.[\/elx_heading][\/elx_citation][\/vc_column][vc_column reveal_effect=&#8221;&#8221; width=&#8221;1\/2&#8243;][elx_image_block background_image=&#8221;573&#8243; minimum_height=&#8221;670px&#8221;][\/vc_column][\/vc_row][vc_row full_width=&#8221;electroluxpro-container-no-padding&#8221;][vc_column][elx_heading text_color=&#8221;inherit&#8221; text_align=&#8221;text-center&#8221;]<strong>Szpitale:<\/strong> najwy\u017cszy poziom higieny<br \/>\nbez kompromis\u00f3w<\/p>\n<p>[\/elx_heading][vc_column_text]<\/p>\n<p style=\"text-align: center;\">Szpitale i kliniki podlegaj\u0105<span style=\"color: #019bbf;\">\u00a0bardzo rygorystycznym przepisom<br \/>\n<\/span>dotycz\u0105cym higieny <span style=\"color: #019bbf;\">obejmuj\u0105cym obs\u0142ug\u0119 i czyszczenie bielizny, po\u015bcieli, r\u0119cznik\u00f3w i odzie\u017cy s\u0142u\u017cbowej.<\/span>.<\/p>\n<p>[\/vc_column_text][vc_empty_space height=&#8221;50px&#8221;][\/vc_column][\/vc_row][vc_row full_width=&#8221;electroluxpro-full-width-no-padding&#8221; equal_height=&#8221;yes&#8221; content_placement=&#8221;middle&#8221; video_bg=&#8221;yes&#8221; video_bg_parallax=&#8221;content-moving&#8221;][vc_column reveal_effect=&#8221;&#8221; width=&#8221;1\/2&#8243;][elx_image_block background_image=&#8221;1411&#8243; minimum_height=&#8221;600px&#8221;][\/vc_column][vc_column width=&#8221;1\/2&#8243;][elx_simple_block background_color=&#8221;inherit&#8221;][vc_column_text]<\/p>\n<ul>\n<li>Profesjonalne rozwi\u0105zania dla pralni, kt\u00f3re spe\u0142niaj\u0105 nawet najbardziej <strong>rygorystyczne wymagania i najsurowsze przepisy<\/strong> dotycz\u0105ce higieny<\/li>\n<li>\u015awiatowy lider w dziedzinie pralni z barier\u0105 higieny, <strong>ponad 500 instalacji rocznie<\/strong><br \/>\n<strong>\u00a0\u00a0<\/strong><\/li>\n<li>Inteligentne rozwi\u0105zania, takie jak unikalny system Certus Management\u2122 Information System pozwalaj\u0105cy na maksymaln\u0105 kontrol\u0119 i wykrywanie b\u0142\u0119d\u00f3w <strong>we wszystkich procesach prania<\/strong>.<br \/>\n<strong>\u00a0\u00a0<\/strong><\/li>\n<li>Zwi\u0119kszona produktywno\u015b\u0107 i efektywno\u015b\u0107 dzi\u0119ki uzyskaniu dodatkowego cyklu prania dziennie<br \/>\n<strong>\u00a0\u00a0<\/strong><\/li>\n<li><strong>Doskona\u0142y serwis:<\/strong> najbardziej rozwini\u0119ta na \u015bwiecie sie\u0107 serwis\u00f3w instalacyjnych, dostawc\u00f3w cz\u0119\u015bci zamiennych i wyszkolonych technik\u00f3w<\/li>\n<\/ul>\n<p>[\/vc_column_text][\/elx_simple_block][\/vc_column][\/vc_row][vc_row full_width=&#8221;electroluxpro-full-width-no-padding&#8221; equal_height=&#8221;yes&#8221;][vc_column width=&#8221;1\/2&#8243;][elx_simple_block background_color=&#8221;inherit&#8221;][elx_heading font_container=&#8221;h3&#8243; text_color=&#8221;inherit&#8221;]Szpital Peking Union Medical College Hospital[\/elx_heading][vc_column_text]Dzi\u0119ki szybkiemu rozwojowi spo\u0142ecznemu i urbanistycznemu w ca\u0142ym kraju, PUNCH oczekuje wyposa\u017cenia pralni opartej na najnowocze\u015bniejszych technologiach dost\u0119pnych na rynku.<\/p>\n<p>.[\/vc_column_text][\/elx_simple_block][\/vc_column][vc_column width=&#8221;1\/2&#8243;][elx_video_block background_image=&#8221;575&#8243; video_link=&#8221;https:\/\/www.youtube.com\/watch?v=dsOhbvScsz8&#8243; minimum_height=&#8221;600px&#8221;][\/vc_column][\/vc_row][vc_row][vc_column][vc_empty_space height=&#8221;100px&#8221;][elx_heading font_container=&#8221;h3&#8243; text_color=&#8221;inherit&#8221; text_align=&#8221;text-center&#8221;]<strong>Przep\u0142yw bielizny w pralni<\/strong>[\/elx_heading][vc_empty_space height=&#8221;20px&#8221;][vc_column_text]<\/p>\n<h4>Skuteczne rozwi\u0105zanie dla Ciebie. Wygoda dla pacjent\u00f3w i go\u015bci.<\/h4>\n<p>Zapewnij mieszka\u0144com <strong>komfort, bezpiecze\u0144stwo i najwy\u017cszy poziom higieny<\/strong> przy zachowaniu pe\u0142nej kontroli koszt\u00f3w prania. Po\u015bciel, r\u0119czniki, serwetki i odzie\u017c wymagaj\u0105 specjalnych rozwi\u0105za\u0144 pralniczych, kt\u00f3re wyeliminuj\u0105 ryzyko infekcji i zanieczyszczenia krzy\u017cowego.[\/vc_column_text][vc_empty_space][vc_single_image image=&#8221;3432&#8243; img_size=&#8221;full&#8221; alignment=&#8221;center&#8221;][\/vc_column][\/vc_row][vc_row][vc_column][vc_empty_space height=&#8221;100px&#8221;][elx_heading font_container=&#8221;h3&#8243; text_color=&#8221;inherit&#8221; text_align=&#8221;text-center&#8221;]<strong>Przygotowywanie i serwowanie posi\u0142k\u00f3w<\/strong>[\/elx_heading][vc_empty_space height=&#8221;20px&#8221;][vc_column_text]<\/p>\n<h4 style=\"text-align: left;\">Electrolux Professional jest r\u00f3wnie\u017c wiod\u0105cym dostawc\u0105 rozwi\u0105za\u0144 w zakresie produkcji i dystrybucji \u017cywno\u015bci w trudnych warunkach.<\/h4>\n<p style=\"text-align: left;\">Oddzia\u0142y szpitale cz\u0119sto znajduj\u0105 si\u0119 w znacznej odleg\u0142o\u015bci od kuchni, co sprawia problemy logistyczne i zwi\u0119ksza ryzyko op\u00f3\u017anie\u0144 mi\u0119dzy produkcj\u0105, obs\u0142ug\u0105, dostaw\u0105 a konsumpcj\u0105.<\/p>\n<p style=\"text-align: left;\">Wsp\u00f3\u0142praca z naszymi specjalistami z zakresu przep\u0142ywu pracy pomaga unikn\u0105\u0107 takich zagro\u017ce\u0144 w g\u0142\u00f3wnych obszarach, takich jak przechowywanie, ch\u0142odzenie i wydawanie posi\u0142k\u00f3w.<\/p>\n<h4><\/h4>\n<p>[\/vc_column_text][vc_empty_space height=&#8221;20px&#8221;][vc_single_image image=&#8221;1465&#8243; img_size=&#8221;full&#8221; alignment=&#8221;center&#8221;][\/vc_column][\/vc_row][vc_row][vc_column][vc_empty_space height=&#8221;50px&#8221;][\/vc_column][\/vc_row][vc_row][vc_column][vc_tta_tabs active_section=&#8221;1&#8243; title=&#8221;Rozwi\u0105zania dla szpitali&#8221;][vc_tta_section title=&#8221;Pralnia&#8221; tab_id=&#8221;1465542896542-38a9f91e-2d02&#8243;][vc_row_inner][vc_column_inner width=&#8221;1\/2&#8243;][vc_single_image image=&#8221;1470&#8243; img_size=&#8221;large&#8221;][\/vc_column_inner][vc_column_inner width=&#8221;1\/2&#8243;][elx_heading font_container=&#8221;h3&#8243; text_color=&#8221;orange&#8221;]Beijing Union Hospital, China[\/elx_heading][vc_column_text]Od 7 do 10 ton w ci\u0105gu zmiany<\/p>\n<p>Instalacja sk\u0142ada si\u0119 z:<\/p>\n<ul>\n<li>13 x pralnico-wir\u00f3wka z barier\u0105 higieny Pullman<\/li>\n<li>15 x suszarka b\u0119bnowa<\/li>\n<li>2 x magle nieckowe C-Flex 930-2<\/li>\n<\/ul>\n<p>[\/vc_column_text][\/vc_column_inner][\/vc_row_inner][\/vc_tta_section][vc_tta_section title=&#8221;Kuchnia&#8221; tab_id=&#8221;hospital-kitchen-package&#8221;][vc_row_inner][vc_column_inner width=&#8221;1\/2&#8243;][vc_single_image image=&#8221;578&#8243; img_size=&#8221;large&#8221;][\/vc_column_inner][vc_column_inner width=&#8221;1\/2&#8243;][elx_heading font_container=&#8221;h3&#8243; text_color=&#8221;orange&#8221;]Burgos, Hiszpania[\/elx_heading][vc_column_text]1000 \u0142\u00f3\u017cek<\/p>\n<p>Instalacja sk\u0142ada si\u0119 z:<\/p>\n<ul>\n<li>Linia grzewcza XP<\/li>\n<li>Piece konwekcyjno-parowe Electrolux air-o-steam Touchline, ka\u017cdy z 40 p\u00f3\u0142kami umo\u017cliwiaj\u0105ce wydawanie 800 posi\u0142k\u00f3w w ci\u0105gu zmiany<\/li>\n<\/ul>\n<p>[\/vc_column_text][\/vc_column_inner][\/vc_row_inner][\/vc_tta_section][\/vc_tta_tabs][\/vc_column][\/vc_row][vc_row][vc_column][elx_heading font_container=&#8221;h3&#8243; font_size=&#8221;h3&#8243; text_color=&#8221;inherit&#8221;]Dowiedz si\u0119 wi\u0119cej o naszych rozwi\u0105zaniach dla szpitali[\/elx_heading][elx_o2000_contact_us s=&#8221;Your request: solutions for hospitals&#8221; container=&#8221;elxcontactus1466429981&#8243; r=&#8221;I would like to find the best solution for my Hospital. Please get in touch with me.&#8221;][\/vc_column][\/vc_row][vc_row][vc_column][vc_empty_space height=&#8221;50px&#8221;][\/vc_column][\/vc_row][vc_row disable_element=&#8221;yes&#8221; matched_labels=&#8221;&#8221;][vc_column width=&#8221;1\/3&#8243;][elx_download_block text=&#8221;Broszura \u2013 pralnia szpitalna&#8221; link=&#8221;http:\/\/files.professional.electrolux.com\/docs\/?n=A0004&amp;t=BR&amp;l=1&#8243; background_color=&#8221;orange&#8221; reveal_effect=&#8221;fadeIn&#8221; reveal_duration=&#8221;&#8221; reveal_delay=&#8221;&#8221;][\/vc_column][vc_column width=&#8221;1\/3&#8243;][elx_download_block text=&#8221;Broszura \u2013 pralnico-wir\u00f3wka z barier\u0105 higieny Hyvolution&#8221; link=&#8221;files.professional.electrolux.com\/docs\/?n=A0016&amp;t=BR&amp;l=1&#8243; background_color=&#8221;orange&#8221; reveal_effect=&#8221;fadeIn&#8221; reveal_duration=&#8221;&#8221; reveal_delay=&#8221;&#8221;][\/vc_column][vc_column width=&#8221;1\/3&#8243;][elx_download_block text=&#8221;Katalog produkt\u00f3w \u2013 pralnia z barier\u0105 higieny&#8221; link=&#8221;http:\/\/tools.professional.electrolux.com\/Mirror\/Doc\/ELS\/RO\/RO_Hygiene%20Laundry_ENG_lo.pdf&#8221; background_color=&#8221;orange&#8221; reveal_effect=&#8221;fadeIn&#8221; reveal_duration=&#8221;&#8221; reveal_delay=&#8221;&#8221;][\/vc_column][\/vc_row][vc_row][vc_column][vc_empty_space][elx_heading text_color=&#8221;inherit&#8221; text_align=&#8221;text-center&#8221;]FAQ ROZWI\u0104ZANIA PRALNICZE DLA SZPITALI OD ELECTROLUX PROFESSIONAL[\/elx_heading][vc_empty_space][vc_tta_accordion text_color=&#8221;text-gold&#8221; color=&#8221;background-white&#8221; c_position=&#8221;right&#8221; active_section=&#8221;0&#8243; css=&#8221;.vc_custom_1766233587308{background-color: #ffffff !important;}&#8221;][vc_tta_section title=&#8221;Jakie specjalne rozwi\u0105zania pralnicze oferuje Electrolux Professional dla szpitali?&#8221; tab_id=&#8221;1766232876997-586b875e-86ff6f3d-ed14&#8243;][vc_column_text]Electrolux Professional oferuje rozwi\u0105zania pralnicze \u201eszyte na miar\u0119\u201d dla szpitali, kt\u00f3re spe\u0142niaj\u0105 najwy\u017csze standardy higieny. Nale\u017c\u0105 do nich pralnice barierowe (przelotowe), kt\u00f3re umo\u017cliwiaj\u0105 fizyczne oddzielenie strony brudnej od czystej, aby zapobiec zaka\u017ceniom krzy\u017cowym.<\/p>\n<p>[\/vc_column_text][\/vc_tta_section][vc_tta_section title=&#8221;W jaki spos\u00f3b rozwi\u0105zania pralnicze Electrolux Professional wspieraj\u0105 przestrzeganie przepis\u00f3w higienicznych w szpitalach?&#8221; tab_id=&#8221;1766232877020-4f814bab-bc506f3d-ed14&#8243;][vc_column_text]Nasze rozwi\u0105zania s\u0105 zaprojektowane tak, aby spe\u0142nia\u0107 surowe przepisy higieniczne w szpitalach. Pralnice barierowe zapobiegaj\u0105 zaka\u017ceniom krzy\u017cowym, a funkcja Hygiene Watchdog gwarantuje, \u017ce cykl prania zostanie ca\u0142kowicie zako\u0144czony, zanim b\u0119dzie mo\u017cna roz\u0142adowa\u0107 maszyn\u0119 po stronie czystej. Odpowiednie programy prania umo\u017cliwiaj\u0105 dezynfekcj\u0119 zgodn\u0105 z wytycznymi VAH (Stowarzyszenie Higieny Stosowanej) lub RKI (Instytut Roberta Kocha). Swoboda programowania pozwala na stosowanie chemiczno-termicznych procedur prania dostarczanych przez dostawc\u0119 chemii oraz zapewnia kompatybilno\u015b\u0107 z zewn\u0119trznymi systemami dozowania.<\/p>\n<p>[\/vc_column_text][\/vc_tta_section][vc_tta_section title=&#8221;Jakie korzy\u015bci oferuj\u0105 pralnice barierowe dla s\u0142u\u017cby zdrowia?&#8221; tab_id=&#8221;1766233205304-f69c63a6-d1b96f3d-ed14&#8243;][vc_column_text]Pralnice barierowe stanowi\u0105 skuteczne rozwi\u0105zanie dla s\u0142u\u017cby zdrowia, poniewa\u017c utrzymuj\u0105 fizyczny podzia\u0142 mi\u0119dzy stron\u0105 brudn\u0105 a czyst\u0105. Minimalizuje to ryzyko zaka\u017ce\u0144 krzy\u017cowych i zapewnia zgodno\u015b\u0107 z wymogami RKI lub normami DIN.<\/p>\n<p>[\/vc_column_text][\/vc_tta_section][vc_tta_section title=&#8221;W jaki spos\u00f3b funkcja Hygiene Watchdog przyczynia si\u0119 do kontroli zaka\u017ce\u0144 w szpitalach?&#8221; tab_id=&#8221;1766233208760-1b452ec8-d71a6f3d-ed14&#8243;][vc_column_text]Funkcja Hygiene Watchdog od Electrolux Professional zapewnia, \u017ce cykl prania zostanie w pe\u0142ni zako\u0144czony, zanim pralka b\u0119dzie mog\u0142a zosta\u0107 opr\u00f3\u017cniona po stronie czystej. Zapewnia to maksymaln\u0105 ochron\u0119 przed rozprzestrzenianiem si\u0119 mikroorganizm\u00f3w i zaka\u017ceniami krzy\u017cowymi, zatrzymuje zarazki oraz zwi\u0119ksza bezpiecze\u0144stwo personelu i pacjent\u00f3w. Ponadto mo\u017cliwe jest dokumentowanie wszystkich przeprowadzonych cykli prania.<\/p>\n<p>[\/vc_column_text][\/vc_tta_section][vc_tta_section title=&#8221;Jakie inne funkcje higieniczne oferuj\u0105 rozwi\u0105zania pralnicze Electrolux Professional?&#8221; tab_id=&#8221;1766233209941-03b0cd1a-b92e6f3d-ed14&#8243;][vc_column_text]Opr\u00f3cz funkcji Hygiene Watchdog, nasze rozwi\u0105zania pralnicze oferuj\u0105 inne funkcje higieniczne, takie jak specjalne programy prania dostosowane do potrzeb szpitali, zapewniaj\u0105ce dok\u0142adne czyszczenie i dezynfekcj\u0119 bielizny.<\/p>\n<p>[\/vc_column_text][\/vc_tta_section][vc_tta_section title=&#8221;Jak szpitale mog\u0105 skorzysta\u0107 na ergonomicznych rozwi\u0105zaniach pralniczych Electrolux Professional?&#8221; tab_id=&#8221;1766233212093-8ba3acfb-ba856f3d-ed14&#8243;][vc_column_text]Nasze rozwi\u0105zania pralnicze s\u0105 zaprojektowane ergonomicznie, aby zmniejszy\u0107 obci\u0105\u017cenie prac\u0105 personelu. Dzi\u0119ki przyjaznym dla u\u017cytkownika panelom sterowania i przemy\u015blanej architekturze maszyn, proces prania staje si\u0119 bardziej wydajny i mniej obci\u0105\u017caj\u0105cy dla pracownik\u00f3w.<\/p>\n<p>[\/vc_column_text][\/vc_tta_section][vc_tta_section title=&#8221;Jakie oferty serwisowe i konserwacyjne oferuje Electrolux Professional dla szpitali?&#8221; tab_id=&#8221;1766233213415-08778f57-0f566f3d-ed14&#8243;][vc_column_text]Electrolux Professional oferuje kompleksowe us\u0142ugi serwisowe i konserwacyjne, aby zapewni\u0107 d\u0142ugowieczno\u015b\u0107 i wydajno\u015b\u0107 urz\u0105dze\u0144 pralniczych w szpitalach. Nasz zesp\u00f3\u0142 serwisowy jest dost\u0119pny w celu przeprowadzania regularnych przegl\u0105d\u00f3w i szybkich napraw, aby umo\u017cliwi\u0107 p\u0142ynne dzia\u0142anie.<\/p>\n<p>[\/vc_column_text][\/vc_tta_section][vc_tta_section title=&#8221;Jak Electrolux Professional wspiera szpitale we wdra\u017caniu rozwi\u0105za\u0144 pralniczych?&#8221; tab_id=&#8221;1766233447099-75403a02-db226f3d-ed14&#8243;][vc_column_text]Oferujemy kompleksowe doradztwo i planowanie przy wdra\u017caniu rozwi\u0105za\u0144 pralniczych w szpitalach. Nasz zesp\u00f3\u0142 ekspert\u00f3w analizuje specyficzne wymagania i opracowuje rozwi\u0105zania dostosowane do potrzeb, kt\u00f3re spe\u0142niaj\u0105 najwy\u017csze standardy higieny.<\/p>\n<p>[\/vc_column_text][\/vc_tta_section][\/vc_tta_accordion][\/vc_column][\/vc_row]<\/p>\n","protected":false},"excerpt":{"rendered":"<p>[vc_row full_width=&#8221;electroluxpro-full-width-no-padding&#8221; equal_height=&#8221;yes&#8221; content_placement=&#8221;top&#8221;][vc_column reveal_effect=&#8221;&#8221; width=&#8221;1\/2&#8243;][elx_citation name=&#8221;Daniel Bertrand \u2013 operator pralni&#8221; company=&#8221;Bourges, Francja&#8221;][elx_heading font_container=&#8221;h1&#8243; font_size=&#8221;h2&#8243; text_color=&#8221;inherit&#8221;]My widzimy r\u00f3\u017cnic\u0119. Nasi pacjenci j\u0105 odczuwaj\u0105. \u017baden inny dostawca urz\u0105dze\u0144 nie zna tak dobrze specyfiki proces\u00f3w zachodz\u0105cych w bran\u017cy ochrony zdrowia i nie oferuje tak doskona\u0142ych rozwi\u0105za\u0144.[\/elx_heading][\/elx_citation][\/vc_column][vc_column reveal_effect=&#8221;&#8221; width=&#8221;1\/2&#8243;][elx_image_block background_image=&#8221;573&#8243; minimum_height=&#8221;670px&#8221;][\/vc_column][\/vc_row][vc_row full_width=&#8221;electroluxpro-container-no-padding&#8221;][vc_column][elx_heading text_color=&#8221;inherit&#8221; text_align=&#8221;text-center&#8221;]Szpitale: najwy\u017cszy poziom higieny bez kompromis\u00f3w [&hellip;]<\/p>\n","protected":false},"author":3,"featured_media":574,"parent":2271,"menu_order":0,"comment_status":"closed","ping_status":"closed","template":"","meta":{"footnotes":""},"class_list":["post-1473","page","type-page","status-publish","has-post-thumbnail","hentry"],"acf":[],"yoast_head":"<!-- This site is optimized with the Yoast SEO plugin v23.3 - https:\/\/yoast.com\/wordpress\/plugins\/seo\/ -->\n<title>Pralnia dla szpitala urz\u0105dzenia pralnicze pralki Electrolux<\/title>\n<meta name=\"description\" content=\"Szpitale: najwy\u017cszy poziom higieny, bez kompromis\u00f3w\" \/>\n<meta name=\"robots\" content=\"index, follow, max-snippet:-1, max-image-preview:large, max-video-preview:-1\" \/>\n<link rel=\"canonical\" href=\"https:\/\/www.electroluxprofessional.com\/pl\/twoj-biznes\/domy-opieki\/szpitale\/\" \/>\n<meta property=\"og:locale\" content=\"pl_PL\" \/>\n<meta property=\"og:type\" content=\"article\" \/>\n<meta property=\"og:title\" content=\"Pralnia dla szpitala urz\u0105dzenia pralnicze pralki Electrolux\" \/>\n<meta property=\"og:description\" content=\"Szpitale: najwy\u017cszy poziom higieny, bez kompromis\u00f3w\" \/>\n<meta property=\"og:url\" content=\"https:\/\/www.electroluxprofessional.com\/pl\/twoj-biznes\/domy-opieki\/szpitale\/\" \/>\n<meta property=\"og:site_name\" content=\"Electrolux Professional Polska\" \/>\n<meta property=\"article:modified_time\" content=\"2025-12-20T14:06:38+00:00\" \/>\n<meta property=\"og:image\" content=\"https:\/\/www.electroluxprofessional.com\/pl\/wp-content\/uploads\/2016\/05\/doctor-hospital-hands.jpg\" \/>\n\t<meta property=\"og:image:width\" content=\"667\" \/>\n\t<meta property=\"og:image:height\" content=\"500\" \/>\n\t<meta property=\"og:image:type\" content=\"image\/jpeg\" \/>\n<meta name=\"twitter:card\" content=\"summary_large_image\" \/>\n<meta name=\"twitter:label1\" content=\"Szacowany czas czytania\" \/>\n\t<meta name=\"twitter:data1\" content=\"7 minut\" \/>\n<script type=\"application\/ld+json\" class=\"yoast-schema-graph\">{\"@context\":\"https:\/\/schema.org\",\"@graph\":[{\"@type\":\"WebPage\",\"@id\":\"https:\/\/www.electroluxprofessional.com\/pl\/twoj-biznes\/domy-opieki\/szpitale\/\",\"url\":\"https:\/\/www.electroluxprofessional.com\/pl\/twoj-biznes\/domy-opieki\/szpitale\/\",\"name\":\"Pralnia dla szpitala urz\u0105dzenia pralnicze pralki Electrolux\",\"isPartOf\":{\"@id\":\"https:\/\/www.electroluxprofessional.com\/pl\/#website\"},\"primaryImageOfPage\":{\"@id\":\"https:\/\/www.electroluxprofessional.com\/pl\/twoj-biznes\/domy-opieki\/szpitale\/#primaryimage\"},\"image\":{\"@id\":\"https:\/\/www.electroluxprofessional.com\/pl\/twoj-biznes\/domy-opieki\/szpitale\/#primaryimage\"},\"thumbnailUrl\":\"https:\/\/www.electroluxprofessional.com\/pl\/wp-content\/uploads\/2016\/05\/doctor-hospital-hands.jpg\",\"datePublished\":\"2016-04-28T15:37:22+00:00\",\"dateModified\":\"2025-12-20T14:06:38+00:00\",\"description\":\"Szpitale: najwy\u017cszy poziom higieny, bez kompromis\u00f3w\",\"breadcrumb\":{\"@id\":\"https:\/\/www.electroluxprofessional.com\/pl\/twoj-biznes\/domy-opieki\/szpitale\/#breadcrumb\"},\"inLanguage\":\"pl-PL\",\"potentialAction\":[{\"@type\":\"ReadAction\",\"target\":[\"https:\/\/www.electroluxprofessional.com\/pl\/twoj-biznes\/domy-opieki\/szpitale\/\"]}]},{\"@type\":\"ImageObject\",\"inLanguage\":\"pl-PL\",\"@id\":\"https:\/\/www.electroluxprofessional.com\/pl\/twoj-biznes\/domy-opieki\/szpitale\/#primaryimage\",\"url\":\"https:\/\/www.electroluxprofessional.com\/pl\/wp-content\/uploads\/2016\/05\/doctor-hospital-hands.jpg\",\"contentUrl\":\"https:\/\/www.electroluxprofessional.com\/pl\/wp-content\/uploads\/2016\/05\/doctor-hospital-hands.jpg\",\"width\":667,\"height\":500,\"caption\":\"hospital and care homes\"},{\"@type\":\"BreadcrumbList\",\"@id\":\"https:\/\/www.electroluxprofessional.com\/pl\/twoj-biznes\/domy-opieki\/szpitale\/#breadcrumb\",\"itemListElement\":[{\"@type\":\"ListItem\",\"position\":1,\"name\":\"Strona g\u0142\u00f3wna\",\"item\":\"https:\/\/www.electroluxprofessional.com\/pl\/\"},{\"@type\":\"ListItem\",\"position\":2,\"name\":\"Tw\u00f3j biznes\",\"item\":\"https:\/\/www.electroluxprofessional.com\/pl\/twoj-biznes\/\"},{\"@type\":\"ListItem\",\"position\":3,\"name\":\"Opieka\",\"item\":\"https:\/\/www.electroluxprofessional.com\/pl\/twoj-biznes\/domy-opieki\/\"},{\"@type\":\"ListItem\",\"position\":4,\"name\":\"Szpitale\"}]},{\"@type\":\"WebSite\",\"@id\":\"https:\/\/www.electroluxprofessional.com\/pl\/#website\",\"url\":\"https:\/\/www.electroluxprofessional.com\/pl\/\",\"name\":\"Electrolux Professional Polska\",\"description\":\"\",\"potentialAction\":[{\"@type\":\"SearchAction\",\"target\":{\"@type\":\"EntryPoint\",\"urlTemplate\":\"https:\/\/www.electroluxprofessional.com\/pl\/?src={search_term_string}\"},\"query-input\":\"required name=search_term_string\"}],\"inLanguage\":\"pl-PL\"}]}<\/script>\n<!-- \/ Yoast SEO plugin. -->","yoast_head_json":{"title":"Pralnia dla szpitala urz\u0105dzenia pralnicze pralki Electrolux","description":"Szpitale: najwy\u017cszy poziom higieny, bez kompromis\u00f3w","robots":{"index":"index","follow":"follow","max-snippet":"max-snippet:-1","max-image-preview":"max-image-preview:large","max-video-preview":"max-video-preview:-1"},"canonical":"https:\/\/www.electroluxprofessional.com\/pl\/twoj-biznes\/domy-opieki\/szpitale\/","og_locale":"pl_PL","og_type":"article","og_title":"Pralnia dla szpitala urz\u0105dzenia pralnicze pralki Electrolux","og_description":"Szpitale: najwy\u017cszy poziom higieny, bez kompromis\u00f3w","og_url":"https:\/\/www.electroluxprofessional.com\/pl\/twoj-biznes\/domy-opieki\/szpitale\/","og_site_name":"Electrolux Professional Polska","article_modified_time":"2025-12-20T14:06:38+00:00","og_image":[{"width":667,"height":500,"url":"https:\/\/www.electroluxprofessional.com\/pl\/wp-content\/uploads\/2016\/05\/doctor-hospital-hands.jpg","type":"image\/jpeg"}],"twitter_card":"summary_large_image","twitter_misc":{"Szacowany czas czytania":"7 minut"},"schema":{"@context":"https:\/\/schema.org","@graph":[{"@type":"WebPage","@id":"https:\/\/www.electroluxprofessional.com\/pl\/twoj-biznes\/domy-opieki\/szpitale\/","url":"https:\/\/www.electroluxprofessional.com\/pl\/twoj-biznes\/domy-opieki\/szpitale\/","name":"Pralnia dla szpitala urz\u0105dzenia pralnicze pralki Electrolux","isPartOf":{"@id":"https:\/\/www.electroluxprofessional.com\/pl\/#website"},"primaryImageOfPage":{"@id":"https:\/\/www.electroluxprofessional.com\/pl\/twoj-biznes\/domy-opieki\/szpitale\/#primaryimage"},"image":{"@id":"https:\/\/www.electroluxprofessional.com\/pl\/twoj-biznes\/domy-opieki\/szpitale\/#primaryimage"},"thumbnailUrl":"https:\/\/www.electroluxprofessional.com\/pl\/wp-content\/uploads\/2016\/05\/doctor-hospital-hands.jpg","datePublished":"2016-04-28T15:37:22+00:00","dateModified":"2025-12-20T14:06:38+00:00","description":"Szpitale: najwy\u017cszy poziom higieny, bez kompromis\u00f3w","breadcrumb":{"@id":"https:\/\/www.electroluxprofessional.com\/pl\/twoj-biznes\/domy-opieki\/szpitale\/#breadcrumb"},"inLanguage":"pl-PL","potentialAction":[{"@type":"ReadAction","target":["https:\/\/www.electroluxprofessional.com\/pl\/twoj-biznes\/domy-opieki\/szpitale\/"]}]},{"@type":"ImageObject","inLanguage":"pl-PL","@id":"https:\/\/www.electroluxprofessional.com\/pl\/twoj-biznes\/domy-opieki\/szpitale\/#primaryimage","url":"https:\/\/www.electroluxprofessional.com\/pl\/wp-content\/uploads\/2016\/05\/doctor-hospital-hands.jpg","contentUrl":"https:\/\/www.electroluxprofessional.com\/pl\/wp-content\/uploads\/2016\/05\/doctor-hospital-hands.jpg","width":667,"height":500,"caption":"hospital and care homes"},{"@type":"BreadcrumbList","@id":"https:\/\/www.electroluxprofessional.com\/pl\/twoj-biznes\/domy-opieki\/szpitale\/#breadcrumb","itemListElement":[{"@type":"ListItem","position":1,"name":"Strona g\u0142\u00f3wna","item":"https:\/\/www.electroluxprofessional.com\/pl\/"},{"@type":"ListItem","position":2,"name":"Tw\u00f3j biznes","item":"https:\/\/www.electroluxprofessional.com\/pl\/twoj-biznes\/"},{"@type":"ListItem","position":3,"name":"Opieka","item":"https:\/\/www.electroluxprofessional.com\/pl\/twoj-biznes\/domy-opieki\/"},{"@type":"ListItem","position":4,"name":"Szpitale"}]},{"@type":"WebSite","@id":"https:\/\/www.electroluxprofessional.com\/pl\/#website","url":"https:\/\/www.electroluxprofessional.com\/pl\/","name":"Electrolux Professional Polska","description":"","potentialAction":[{"@type":"SearchAction","target":{"@type":"EntryPoint","urlTemplate":"https:\/\/www.electroluxprofessional.com\/pl\/?src={search_term_string}"},"query-input":"required name=search_term_string"}],"inLanguage":"pl-PL"}]}},"_links":{"self":[{"href":"https:\/\/www.electroluxprofessional.com\/pl\/wp-json\/wp\/v2\/pages\/1473"}],"collection":[{"href":"https:\/\/www.electroluxprofessional.com\/pl\/wp-json\/wp\/v2\/pages"}],"about":[{"href":"https:\/\/www.electroluxprofessional.com\/pl\/wp-json\/wp\/v2\/types\/page"}],"author":[{"embeddable":true,"href":"https:\/\/www.electroluxprofessional.com\/pl\/wp-json\/wp\/v2\/users\/3"}],"replies":[{"embeddable":true,"href":"https:\/\/www.electroluxprofessional.com\/pl\/wp-json\/wp\/v2\/comments?post=1473"}],"version-history":[{"count":10,"href":"https:\/\/www.electroluxprofessional.com\/pl\/wp-json\/wp\/v2\/pages\/1473\/revisions"}],"predecessor-version":[{"id":12099,"href":"https:\/\/www.electroluxprofessional.com\/pl\/wp-json\/wp\/v2\/pages\/1473\/revisions\/12099"}],"up":[{"embeddable":true,"href":"https:\/\/www.electroluxprofessional.com\/pl\/wp-json\/wp\/v2\/pages\/2271"}],"wp:featuredmedia":[{"embeddable":true,"href":"https:\/\/www.electroluxprofessional.com\/pl\/wp-json\/wp\/v2\/media\/574"}],"wp:attachment":[{"href":"https:\/\/www.electroluxprofessional.com\/pl\/wp-json\/wp\/v2\/media?parent=1473"}],"curies":[{"name":"wp","href":"https:\/\/api.w.org\/{rel}","templated":true}]}}