{"id":1440,"date":"2016-05-10T08:06:36","date_gmt":"2016-05-10T08:06:36","guid":{"rendered":"https:\/\/www.electroluxprofessional.com\/?page_id=552"},"modified":"2024-07-03T09:15:07","modified_gmt":"2024-07-03T09:15:07","slug":"referencje","status":"publish","type":"page","link":"https:\/\/www.electroluxprofessional.com\/pl\/referencje\/","title":{"rendered":"Referencje"},"content":{"rendered":"<p>[vc_row full_width=&#8221;electroluxpro-full-width-no-padding&#8221;][vc_column][elx_hero_slider label_text_color=&#8221;inherit&#8221; images=&#8221;1439&#8243;][elx_heading font_container=&#8221;h1&#8243; font_size=&#8221;h2&#8243; text_color=&#8221;inherit&#8221;]Nasi Klienci[\/elx_heading][\/elx_hero_slider][\/vc_column][\/vc_row]<\/p>\n","protected":false},"excerpt":{"rendered":"<p>[vc_row full_width=&#8221;electroluxpro-full-width-no-padding&#8221;][vc_column][elx_hero_slider label_text_color=&#8221;inherit&#8221; images=&#8221;1439&#8243;][elx_heading font_container=&#8221;h1&#8243; font_size=&#8221;h2&#8243; text_color=&#8221;inherit&#8221;]Nasi Klienci[\/elx_heading][\/elx_hero_slider][\/vc_column][\/vc_row]<\/p>\n","protected":false},"author":3,"featured_media":1439,"parent":0,"menu_order":0,"comment_status":"closed","ping_status":"closed","template":"template-references.php","meta":{"footnotes":""},"class_list":["post-1440","page","type-page","status-publish","has-post-thumbnail","hentry"],"acf":[],"yoast_head":"<!-- This site is optimized with the Yoast SEO plugin v23.3 - https:\/\/yoast.com\/wordpress\/plugins\/seo\/ -->\n<title>Referencje - Electrolux Professional Polska<\/title>\n<meta name=\"description\" content=\"Electrolux Professional zapewnia doskona\u0142e rozwi\u0105zania w zakresie us\u0142ug gastronomicznych i pralniczych. Pos\u0142uchaj g\u0142osu naszych klient\u00f3w. Przeczytaj wi\u0119cej o naszych najlepszych referencjach.\" \/>\n<meta name=\"robots\" content=\"index, follow, max-snippet:-1, max-image-preview:large, max-video-preview:-1\" \/>\n<link rel=\"canonical\" href=\"https:\/\/www.electroluxprofessional.com\/pl\/referencje\/\" \/>\n<meta property=\"og:locale\" content=\"pl_PL\" \/>\n<meta property=\"og:type\" content=\"article\" \/>\n<meta property=\"og:title\" content=\"Referencje - Electrolux Professional Polska\" \/>\n<meta property=\"og:description\" content=\"Electrolux Professional zapewnia doskona\u0142e rozwi\u0105zania w zakresie us\u0142ug gastronomicznych i pralniczych. Pos\u0142uchaj g\u0142osu naszych klient\u00f3w. Przeczytaj wi\u0119cej o naszych najlepszych referencjach.\" \/>\n<meta property=\"og:url\" content=\"https:\/\/www.electroluxprofessional.com\/pl\/referencje\/\" \/>\n<meta property=\"og:site_name\" content=\"Electrolux Professional Polska\" \/>\n<meta property=\"article:modified_time\" content=\"2024-07-03T09:15:07+00:00\" \/>\n<meta property=\"og:image\" content=\"https:\/\/www.electroluxprofessional.com\/pl\/wp-content\/uploads\/2017\/05\/Our-Customers.jpg\" \/>\n\t<meta property=\"og:image:width\" content=\"1041\" \/>\n\t<meta property=\"og:image:height\" content=\"344\" \/>\n\t<meta property=\"og:image:type\" content=\"image\/jpeg\" \/>\n<meta name=\"twitter:card\" content=\"summary_large_image\" \/>\n<script type=\"application\/ld+json\" class=\"yoast-schema-graph\">{\"@context\":\"https:\/\/schema.org\",\"@graph\":[{\"@type\":\"WebPage\",\"@id\":\"https:\/\/www.electroluxprofessional.com\/pl\/referencje\/\",\"url\":\"https:\/\/www.electroluxprofessional.com\/pl\/referencje\/\",\"name\":\"Referencje - Electrolux Professional Polska\",\"isPartOf\":{\"@id\":\"https:\/\/www.electroluxprofessional.com\/pl\/#website\"},\"primaryImageOfPage\":{\"@id\":\"https:\/\/www.electroluxprofessional.com\/pl\/referencje\/#primaryimage\"},\"image\":{\"@id\":\"https:\/\/www.electroluxprofessional.com\/pl\/referencje\/#primaryimage\"},\"thumbnailUrl\":\"https:\/\/www.electroluxprofessional.com\/pl\/wp-content\/uploads\/2017\/05\/Our-Customers.jpg\",\"datePublished\":\"2016-05-10T08:06:36+00:00\",\"dateModified\":\"2024-07-03T09:15:07+00:00\",\"description\":\"Electrolux Professional zapewnia doskona\u0142e rozwi\u0105zania w zakresie us\u0142ug gastronomicznych i pralniczych. Pos\u0142uchaj g\u0142osu naszych klient\u00f3w. Przeczytaj wi\u0119cej o naszych najlepszych referencjach.\",\"breadcrumb\":{\"@id\":\"https:\/\/www.electroluxprofessional.com\/pl\/referencje\/#breadcrumb\"},\"inLanguage\":\"pl-PL\",\"potentialAction\":[{\"@type\":\"ReadAction\",\"target\":[\"https:\/\/www.electroluxprofessional.com\/pl\/referencje\/\"]}]},{\"@type\":\"ImageObject\",\"inLanguage\":\"pl-PL\",\"@id\":\"https:\/\/www.electroluxprofessional.com\/pl\/referencje\/#primaryimage\",\"url\":\"https:\/\/www.electroluxprofessional.com\/pl\/wp-content\/uploads\/2017\/05\/Our-Customers.jpg\",\"contentUrl\":\"https:\/\/www.electroluxprofessional.com\/pl\/wp-content\/uploads\/2017\/05\/Our-Customers.jpg\",\"width\":1041,\"height\":344,\"caption\":\"Our Customers\"},{\"@type\":\"BreadcrumbList\",\"@id\":\"https:\/\/www.electroluxprofessional.com\/pl\/referencje\/#breadcrumb\",\"itemListElement\":[{\"@type\":\"ListItem\",\"position\":1,\"name\":\"Strona g\u0142\u00f3wna\",\"item\":\"https:\/\/www.electroluxprofessional.com\/pl\/\"},{\"@type\":\"ListItem\",\"position\":2,\"name\":\"Referencje\"}]},{\"@type\":\"WebSite\",\"@id\":\"https:\/\/www.electroluxprofessional.com\/pl\/#website\",\"url\":\"https:\/\/www.electroluxprofessional.com\/pl\/\",\"name\":\"Electrolux Professional Polska\",\"description\":\"\",\"potentialAction\":[{\"@type\":\"SearchAction\",\"target\":{\"@type\":\"EntryPoint\",\"urlTemplate\":\"https:\/\/www.electroluxprofessional.com\/pl\/?src={search_term_string}\"},\"query-input\":\"required name=search_term_string\"}],\"inLanguage\":\"pl-PL\"}]}<\/script>\n<!-- \/ Yoast SEO plugin. -->","yoast_head_json":{"title":"Referencje - Electrolux Professional Polska","description":"Electrolux Professional zapewnia doskona\u0142e rozwi\u0105zania w zakresie us\u0142ug gastronomicznych i pralniczych. Pos\u0142uchaj g\u0142osu naszych klient\u00f3w. Przeczytaj wi\u0119cej o naszych najlepszych referencjach.","robots":{"index":"index","follow":"follow","max-snippet":"max-snippet:-1","max-image-preview":"max-image-preview:large","max-video-preview":"max-video-preview:-1"},"canonical":"https:\/\/www.electroluxprofessional.com\/pl\/referencje\/","og_locale":"pl_PL","og_type":"article","og_title":"Referencje - Electrolux Professional Polska","og_description":"Electrolux Professional zapewnia doskona\u0142e rozwi\u0105zania w zakresie us\u0142ug gastronomicznych i pralniczych. Pos\u0142uchaj g\u0142osu naszych klient\u00f3w. Przeczytaj wi\u0119cej o naszych najlepszych referencjach.","og_url":"https:\/\/www.electroluxprofessional.com\/pl\/referencje\/","og_site_name":"Electrolux Professional Polska","article_modified_time":"2024-07-03T09:15:07+00:00","og_image":[{"width":1041,"height":344,"url":"https:\/\/www.electroluxprofessional.com\/pl\/wp-content\/uploads\/2017\/05\/Our-Customers.jpg","type":"image\/jpeg"}],"twitter_card":"summary_large_image","schema":{"@context":"https:\/\/schema.org","@graph":[{"@type":"WebPage","@id":"https:\/\/www.electroluxprofessional.com\/pl\/referencje\/","url":"https:\/\/www.electroluxprofessional.com\/pl\/referencje\/","name":"Referencje - Electrolux Professional Polska","isPartOf":{"@id":"https:\/\/www.electroluxprofessional.com\/pl\/#website"},"primaryImageOfPage":{"@id":"https:\/\/www.electroluxprofessional.com\/pl\/referencje\/#primaryimage"},"image":{"@id":"https:\/\/www.electroluxprofessional.com\/pl\/referencje\/#primaryimage"},"thumbnailUrl":"https:\/\/www.electroluxprofessional.com\/pl\/wp-content\/uploads\/2017\/05\/Our-Customers.jpg","datePublished":"2016-05-10T08:06:36+00:00","dateModified":"2024-07-03T09:15:07+00:00","description":"Electrolux Professional zapewnia doskona\u0142e rozwi\u0105zania w zakresie us\u0142ug gastronomicznych i pralniczych. Pos\u0142uchaj g\u0142osu naszych klient\u00f3w. Przeczytaj wi\u0119cej o naszych najlepszych referencjach.","breadcrumb":{"@id":"https:\/\/www.electroluxprofessional.com\/pl\/referencje\/#breadcrumb"},"inLanguage":"pl-PL","potentialAction":[{"@type":"ReadAction","target":["https:\/\/www.electroluxprofessional.com\/pl\/referencje\/"]}]},{"@type":"ImageObject","inLanguage":"pl-PL","@id":"https:\/\/www.electroluxprofessional.com\/pl\/referencje\/#primaryimage","url":"https:\/\/www.electroluxprofessional.com\/pl\/wp-content\/uploads\/2017\/05\/Our-Customers.jpg","contentUrl":"https:\/\/www.electroluxprofessional.com\/pl\/wp-content\/uploads\/2017\/05\/Our-Customers.jpg","width":1041,"height":344,"caption":"Our Customers"},{"@type":"BreadcrumbList","@id":"https:\/\/www.electroluxprofessional.com\/pl\/referencje\/#breadcrumb","itemListElement":[{"@type":"ListItem","position":1,"name":"Strona g\u0142\u00f3wna","item":"https:\/\/www.electroluxprofessional.com\/pl\/"},{"@type":"ListItem","position":2,"name":"Referencje"}]},{"@type":"WebSite","@id":"https:\/\/www.electroluxprofessional.com\/pl\/#website","url":"https:\/\/www.electroluxprofessional.com\/pl\/","name":"Electrolux Professional Polska","description":"","potentialAction":[{"@type":"SearchAction","target":{"@type":"EntryPoint","urlTemplate":"https:\/\/www.electroluxprofessional.com\/pl\/?src={search_term_string}"},"query-input":"required name=search_term_string"}],"inLanguage":"pl-PL"}]}},"_links":{"self":[{"href":"https:\/\/www.electroluxprofessional.com\/pl\/wp-json\/wp\/v2\/pages\/1440"}],"collection":[{"href":"https:\/\/www.electroluxprofessional.com\/pl\/wp-json\/wp\/v2\/pages"}],"about":[{"href":"https:\/\/www.electroluxprofessional.com\/pl\/wp-json\/wp\/v2\/types\/page"}],"author":[{"embeddable":true,"href":"https:\/\/www.electroluxprofessional.com\/pl\/wp-json\/wp\/v2\/users\/3"}],"replies":[{"embeddable":true,"href":"https:\/\/www.electroluxprofessional.com\/pl\/wp-json\/wp\/v2\/comments?post=1440"}],"version-history":[{"count":2,"href":"https:\/\/www.electroluxprofessional.com\/pl\/wp-json\/wp\/v2\/pages\/1440\/revisions"}],"predecessor-version":[{"id":10219,"href":"https:\/\/www.electroluxprofessional.com\/pl\/wp-json\/wp\/v2\/pages\/1440\/revisions\/10219"}],"wp:featuredmedia":[{"embeddable":true,"href":"https:\/\/www.electroluxprofessional.com\/pl\/wp-json\/wp\/v2\/media\/1439"}],"wp:attachment":[{"href":"https:\/\/www.electroluxprofessional.com\/pl\/wp-json\/wp\/v2\/media?parent=1440"}],"curies":[{"name":"wp","href":"https:\/\/api.w.org\/{rel}","templated":true}]}}