{"id":1339,"date":"2017-06-06T13:53:21","date_gmt":"2017-06-06T12:53:21","guid":{"rendered":"https:\/\/www.electroluxprofessional.com\/?page_id=11835"},"modified":"2017-08-30T09:02:13","modified_gmt":"2017-08-30T09:02:13","slug":"art-science","status":"publish","type":"page","link":"https:\/\/www.electroluxprofessional.com\/pl\/art-science\/","title":{"rendered":"Sztuka i nauka"},"content":{"rendered":"<p>[vc_row][vc_column][elx_hero_slider label_text_color=&#8221;inherit&#8221; images=&#8221;1252&#8243;][\/elx_hero_slider][\/vc_column][\/vc_row][vc_row][vc_column][elx_heading font_container=&#8221;h1&#8243; text_color=&#8221;inherit&#8221;]Sztuka i nauka[\/elx_heading][vc_empty_space][\/vc_column][\/vc_row][vc_row][vc_column][vc_column_text]<strong>Projekt \u201eArt &amp; Science Come Together\u201d<\/strong> dotyczy wsp\u00f3\u0142pracy pomi\u0119dzy Electrolux Professional i Worldchefs. Inicjatywa ma na celu po\u0142\u0105czenie zdolno\u015bci kulinarnych profesjonalnych szef\u00f3w kuchni z wyspecjalizowan\u0105 wiedz\u0105 i technologi\u0105 wiod\u0105cego producentach rozwi\u0105za\u0144 gastronomicznych. Projekt \u201eArt &amp; Science Come Together\u201d\u00a0 pomaga wypracowa\u0107 w kuchniach na ca\u0142ym \u015bwiecie nowe, usprawnione metody gotowania.[\/vc_column_text][vc_empty_space][\/vc_column][\/vc_row][vc_row][vc_column width=&#8221;1\/2&#8243;][elx_image_block background_image=&#8221;1320&#8243; minimum_height=&#8221;400px&#8221;][\/vc_column][vc_column width=&#8221;1\/2&#8243;][vc_column_text]W ramach umowy, <strong>Electrolux Professional b\u0119dzie organizowa\u0107 cykle seminari\u00f3w chef2chef w swoich globalnych Centrach Doskona\u0142o\u015bci<\/strong> w Zjednoczonych Emiratach Arabskich \u2013 w Dubaju, Turcji, Szwecji, Singapurze, Stanach Zjednoczonych, Afryce Po\u0142udniowej i Japonii. Tematyka seminari\u00f3w skoncentruje si\u0119 na unikalnym rozwi\u0105zaniu Cook &amp; Chill. Podczas spotka\u0144 pokazane b\u0119dzie, w jaki spos\u00f3b szefowie kuchni mog\u0105 korzysta\u0107 ze zintegrowanego systemu <strong>w celu zmniejszenia ilo\u015bci odpad\u00f3w, zapewnienia bezpiecze\u0144stwa \u017cywno\u015bci i optymalizacji proces\u00f3w produkcyjnych w celu uproszczenia pracy w \u015brodowisku kuchennym.<\/strong><\/p>\n<p>Opr\u00f3cz seminari\u00f3w eksperckich chef2chef,\u00a0 Electrolux Professional b\u0119dzie r\u00f3wnie\u017c organizowa\u0107 program lokalnych spotka\u0144 oraz warsztat\u00f3w w Chinach, Australii, Belgii i na Ba\u0142kanach &#8211; w celu dalszego rozszerzenia partnerskiej dzia\u0142alno\u015bci w 2018 roku.<\/p>\n<p><strong>\u00a0<\/strong>[\/vc_column_text][vc_empty_space][\/vc_column][\/vc_row][vc_row][vc_column width=&#8221;1\/2&#8243;][vc_column_text]Thomas Gugler, nowo wybrany prezes <strong><a href=\"https:\/\/www.worldchefs.org\/\" target=\"_blank\">Worldchefs<\/a>\u00a0 <\/strong>(\u015awiatowe Stowarzyszenie Szef\u00f3w Kuchni) podzieli\u0142 si\u0119 komentarzem: &#8220;<strong>Jeste\u015bmy bardzo zadowoleni z kontynuowania i rozwijania wsp\u00f3\u0142pracy mi\u0119dzy Electrolux Professional i Worldchefs, co pomog\u0142o nam udost\u0119pni\u0107 i poszerzy\u0107 wiedz\u0119 na temat technologii kulinarnych w\u015br\u00f3d cz\u0142onk\u00f3w naszej organizacji<\/strong>. Pozytywna opinia ze wszystkich stron jest bardzo buduj\u0105ca, a kontynuowanie tego partnerstwa wniesie wiele korzy\u015bci dla nas wszystkich &#8220;[\/vc_column_text][\/vc_column][vc_column width=&#8221;1\/2&#8243;][vc_single_image image=&#8221;1326&#8243; img_size=&#8221;medium&#8221; alignment=&#8221;center&#8221; onclick=&#8221;custom_link&#8221; img_link_target=&#8221;_blank&#8221; link=&#8221;https:\/\/www.worldchefs.org\/&#8221;][\/vc_column][\/vc_row][vc_row][vc_column][vc_empty_space height=&#8221;12px&#8221;][elx_heading font_container=&#8221;h3&#8243; font_size=&#8221;h2&#8243; text_color=&#8221;inherit&#8221;]Nadchodz\u0105ce wydarzenia:[\/elx_heading][vc_empty_space][\/vc_column][\/vc_row][vc_row][vc_column width=&#8221;1\/4&#8243;][vc_single_image image=&#8221;1329&#8243; img_size=&#8221;270&#215;300&#8243;][vc_empty_space height=&#8221;12px&#8221;][vc_column_text]<strong>piec konwekcyjno-parowy air-o-steam i Moon Cake<\/strong><br \/>\n21 lipca 2017<br \/>\nSingapur[\/vc_column_text][\/vc_column][vc_column width=&#8221;1\/4&#8243;][vc_single_image image=&#8221;1331&#8243; img_size=&#8221;270&#215;300&#8243;][vc_empty_space height=&#8221;12px&#8221;][vc_column_text]<strong>Kuchnia Mi\u0119dzynarodowa dla Turyst\u00f3w <\/strong><br \/>\n31 lipca 2017<br \/>\nTokio[\/vc_column_text][\/vc_column][vc_column width=&#8221;1\/4&#8243;][vc_single_image image=&#8221;1334&#8243; img_size=&#8221;270&#215;300&#8243;][vc_empty_space height=&#8221;12px&#8221;][vc_column_text]<strong>Kuchnia Wegetaria\u0144ska oraz Innowacyjne Technologie Kulinarne<br \/>\n<\/strong>14 Sierpnia 2017<br \/>\nCharlotte[\/vc_column_text][\/vc_column][vc_column width=&#8221;1\/4&#8243;][vc_single_image image=&#8221;1336&#8243; img_size=&#8221;270&#215;300&#8243;][vc_empty_space height=&#8221;12px&#8221;][vc_column_text]<strong>Cook&amp;Chill<br \/>\noraz bezpiecze\u0144stwo \u017cywno\u015bci<\/strong><br \/>\n28 wrze\u015bnia 2017<br \/>\nSingapur[\/vc_column_text][\/vc_column][\/vc_row][vc_row][vc_column][elx_heading font_container=&#8221;h3&#8243; font_size=&#8221;h2&#8243; text_color=&#8221;inherit&#8221;]Poprzednie wydarzenia:[\/elx_heading][vc_empty_space][\/vc_column][\/vc_row][vc_row][vc_column width=&#8221;1\/4&#8243;][vc_single_image image=&#8221;1285&#8243; img_size=&#8221;full&#8221; alignment=&#8221;center&#8221; style=&#8221;vc_box_circle_2&#8243;][vc_empty_space height=&#8221;12px&#8221;][vc_column_text]<strong>Koszty \u017bywno\u015bci i Zarz\u0105dzanie Odpadami<br \/>\nSzko\u0142a HTA w Johannesburgu<\/strong><br \/>\n<strong>25 maja 2017<br \/>\n<\/strong>Warsztaty skupia\u0142y si\u0119 na systemie Cook &amp; Chill, nowej technologii, kt\u00f3ra \u0142\u0105czy z sob\u0105 piekarnik oraz szybkosch\u0142adzark\u0119<strong><br \/>\n<\/strong>[\/vc_column_text][\/vc_column][vc_column width=&#8221;1\/4&#8243;][vc_single_image image=&#8221;1337&#8243; img_size=&#8221;full&#8221; alignment=&#8221;center&#8221; style=&#8221;vc_box_circle_2&#8243;][vc_empty_space height=&#8221;12px&#8221;][vc_column_text]<strong>Wielofunkcyjne Kuchnie Przysz\u0142o\u015bci<\/strong><br \/>\n<strong>ICCA Dubai<\/strong><br \/>\n<strong>20 maja 2017<br \/>\n<\/strong>Celem wydarzenia by\u0142o poszerzenie zakresu umiej\u0119tno\u015bci, technik i wiedzy o najnowszej technologii, daj\u0105cej szefom kuchni wi\u0119cej czasu na kreatywno\u015b\u0107.<strong><br \/>\n<\/strong>[\/vc_column_text][\/vc_column][vc_column width=&#8221;1\/4&#8243;][vc_single_image image=&#8221;1338&#8243; img_size=&#8221;full&#8221; alignment=&#8221;center&#8221; style=&#8221;vc_box_circle_2&#8243;][vc_empty_space height=&#8221;12px&#8221;][vc_column_text]<strong>Chi\u0144ski Bankiet<br \/>\nAkademia Doskona\u0142o\u015bci Electrolux w Singapurze<\/strong><br \/>\n<strong>27 kwietnia 2017<br \/>\n<\/strong>Warsztaty skupia\u0142y si\u0119 na r\u00f3\u017cnych technikach przygotowywania oraz regenerowania posi\u0142k\u00f3w przy u\u017cyciu systemu Cook &amp; Chill<strong><br \/>\n<\/strong>[\/vc_column_text][\/vc_column][vc_column width=&#8221;1\/4&#8243;][vc_single_image image=&#8221;1311&#8243; img_size=&#8221;full&#8221; alignment=&#8221;center&#8221; style=&#8221;vc_box_circle_2&#8243;][vc_empty_space height=&#8221;12px&#8221;][vc_column_text]<strong>Sztuka i nauka<a href=\"https:\/\/www.electroluxprofessional.com\/pl\/category\/artscience\/\" target=\"_blank\"><br \/>\n<\/a><\/strong>Zapoznaj si\u0119 ze wszystkimi warsztatami \u201cArt&amp;Science Come Together\u201d.[\/vc_column_text][\/vc_column][\/vc_row][vc_row][vc_column][vc_empty_space][\/vc_column][\/vc_row][vc_row][vc_column width=&#8221;1\/2&#8243;][elx_simple_link_block link=&#8221;url:https%3A%2F%2Fprofessional.electrolux.pl%2Fchef-s-hub%2F|title:Chef&#8217;s%20Hub%20||&#8221; text_align=&#8221;text-left&#8221; text_color=&#8221;white&#8221; background_color=&#8221;restaurant&#8221; background_hover_color=&#8221;lighter-hover&#8221; extra_class=&#8221;&#8221; reveal_effect=&#8221;&#8221; reveal_duration=&#8221;&#8221; reveal_delay=&#8221;&#8221;][elx_heading font_container=&#8221;h3&#8243; font_size=&#8221;h3&#8243; text_color=&#8221;inherit&#8221;]Chef\u2019s Hub \u2013 O\u015brodek Szef\u00f3w Kuchni[\/elx_heading][\/elx_simple_link_block][\/vc_column][vc_column width=&#8221;1\/2&#8243;][elx_simple_link_block link=&#8221;url:https%3A%2F%2Fprofessional.electrolux.pl%2Fchef-s-hub%2Fakademia-szefow-kuchni-electrolux%2F|title:Electrolux%20Chef%20Academy||&#8221; text_align=&#8221;text-left&#8221; text_color=&#8221;white&#8221; background_color=&#8221;electrolux-blue&#8221; background_hover_color=&#8221;lighter-hover&#8221; extra_class=&#8221;&#8221; reveal_effect=&#8221;&#8221; reveal_duration=&#8221;&#8221; reveal_delay=&#8221;&#8221;][elx_heading font_container=&#8221;h3&#8243; font_size=&#8221;h3&#8243; text_color=&#8221;inherit&#8221;]Akademia Szef\u00f3w Kuchni Electrolux[\/elx_heading][\/elx_simple_link_block][\/vc_column][\/vc_row]<\/p>\n","protected":false},"excerpt":{"rendered":"<p>[vc_row][vc_column][elx_hero_slider label_text_color=&#8221;inherit&#8221; images=&#8221;1252&#8243;][\/elx_hero_slider][\/vc_column][\/vc_row][vc_row][vc_column][elx_heading font_container=&#8221;h1&#8243; text_color=&#8221;inherit&#8221;]Sztuka i nauka[\/elx_heading][vc_empty_space][\/vc_column][\/vc_row][vc_row][vc_column][vc_column_text]Projekt \u201eArt &amp; Science Come Together\u201d dotyczy wsp\u00f3\u0142pracy pomi\u0119dzy Electrolux Professional i Worldchefs. Inicjatywa ma na celu po\u0142\u0105czenie zdolno\u015bci kulinarnych profesjonalnych szef\u00f3w kuchni z wyspecjalizowan\u0105 wiedz\u0105 i technologi\u0105 wiod\u0105cego producentach rozwi\u0105za\u0144 gastronomicznych. Projekt \u201eArt &amp; Science Come Together\u201d\u00a0 pomaga wypracowa\u0107 w kuchniach na ca\u0142ym \u015bwiecie nowe, usprawnione metody gotowania.[\/vc_column_text][vc_empty_space][\/vc_column][\/vc_row][vc_row][vc_column [&hellip;]<\/p>\n","protected":false},"author":3,"featured_media":1311,"parent":0,"menu_order":0,"comment_status":"closed","ping_status":"closed","template":"","meta":{"footnotes":""},"class_list":["post-1339","page","type-page","status-publish","has-post-thumbnail","hentry"],"acf":[],"yoast_head":"<!-- This site is optimized with the Yoast SEO plugin v23.3 - https:\/\/yoast.com\/wordpress\/plugins\/seo\/ -->\n<title>Sztuka i nauka - Electrolux Professional Polska<\/title>\n<meta name=\"robots\" content=\"index, follow, max-snippet:-1, max-image-preview:large, max-video-preview:-1\" \/>\n<link rel=\"canonical\" href=\"https:\/\/www.electroluxprofessional.com\/pl\/art-science\/\" \/>\n<meta property=\"og:locale\" content=\"pl_PL\" \/>\n<meta property=\"og:type\" content=\"article\" \/>\n<meta property=\"og:title\" content=\"Sztuka i nauka - Electrolux Professional Polska\" \/>\n<meta property=\"og:description\" content=\"[vc_row][vc_column][elx_hero_slider label_text_color=&#8221;inherit&#8221; images=&#8221;1252&#8243;][\/elx_hero_slider][\/vc_column][\/vc_row][vc_row][vc_column][elx_heading font_container=&#8221;h1&#8243; text_color=&#8221;inherit&#8221;]Sztuka i nauka[\/elx_heading][vc_empty_space][\/vc_column][\/vc_row][vc_row][vc_column][vc_column_text]Projekt \u201eArt &amp; Science Come Together\u201d dotyczy wsp\u00f3\u0142pracy pomi\u0119dzy Electrolux Professional i Worldchefs. Inicjatywa ma na celu po\u0142\u0105czenie zdolno\u015bci kulinarnych profesjonalnych szef\u00f3w kuchni z wyspecjalizowan\u0105 wiedz\u0105 i technologi\u0105 wiod\u0105cego producentach rozwi\u0105za\u0144 gastronomicznych. Projekt \u201eArt &amp; Science Come Together\u201d\u00a0 pomaga wypracowa\u0107 w kuchniach na ca\u0142ym \u015bwiecie nowe, usprawnione metody gotowania.[\/vc_column_text][vc_empty_space][\/vc_column][\/vc_row][vc_row][vc_column [&hellip;]\" \/>\n<meta property=\"og:url\" content=\"https:\/\/www.electroluxprofessional.com\/pl\/art-science\/\" \/>\n<meta property=\"og:site_name\" content=\"Electrolux Professional Polska\" \/>\n<meta property=\"article:modified_time\" content=\"2017-08-30T09:02:13+00:00\" \/>\n<meta property=\"og:image\" content=\"https:\/\/www.electroluxprofessional.com\/pl\/wp-content\/uploads\/2016\/11\/04_ArtScience_logo-1800x1800px.jpg\" \/>\n\t<meta property=\"og:image:width\" content=\"1800\" \/>\n\t<meta property=\"og:image:height\" content=\"1800\" \/>\n\t<meta property=\"og:image:type\" content=\"image\/jpeg\" \/>\n<meta name=\"twitter:card\" content=\"summary_large_image\" \/>\n<meta name=\"twitter:label1\" content=\"Szacowany czas czytania\" \/>\n\t<meta name=\"twitter:data1\" content=\"5 minut\" \/>\n<script type=\"application\/ld+json\" class=\"yoast-schema-graph\">{\"@context\":\"https:\/\/schema.org\",\"@graph\":[{\"@type\":\"WebPage\",\"@id\":\"https:\/\/www.electroluxprofessional.com\/pl\/art-science\/\",\"url\":\"https:\/\/www.electroluxprofessional.com\/pl\/art-science\/\",\"name\":\"Sztuka i nauka - Electrolux Professional Polska\",\"isPartOf\":{\"@id\":\"https:\/\/www.electroluxprofessional.com\/pl\/#website\"},\"primaryImageOfPage\":{\"@id\":\"https:\/\/www.electroluxprofessional.com\/pl\/art-science\/#primaryimage\"},\"image\":{\"@id\":\"https:\/\/www.electroluxprofessional.com\/pl\/art-science\/#primaryimage\"},\"thumbnailUrl\":\"https:\/\/www.electroluxprofessional.com\/pl\/wp-content\/uploads\/2016\/11\/04_ArtScience_logo-1800x1800px.jpg\",\"datePublished\":\"2017-06-06T12:53:21+00:00\",\"dateModified\":\"2017-08-30T09:02:13+00:00\",\"breadcrumb\":{\"@id\":\"https:\/\/www.electroluxprofessional.com\/pl\/art-science\/#breadcrumb\"},\"inLanguage\":\"pl-PL\",\"potentialAction\":[{\"@type\":\"ReadAction\",\"target\":[\"https:\/\/www.electroluxprofessional.com\/pl\/art-science\/\"]}]},{\"@type\":\"ImageObject\",\"inLanguage\":\"pl-PL\",\"@id\":\"https:\/\/www.electroluxprofessional.com\/pl\/art-science\/#primaryimage\",\"url\":\"https:\/\/www.electroluxprofessional.com\/pl\/wp-content\/uploads\/2016\/11\/04_ArtScience_logo-1800x1800px.jpg\",\"contentUrl\":\"https:\/\/www.electroluxprofessional.com\/pl\/wp-content\/uploads\/2016\/11\/04_ArtScience_logo-1800x1800px.jpg\",\"width\":1800,\"height\":1800,\"caption\":\"art & science logo\"},{\"@type\":\"BreadcrumbList\",\"@id\":\"https:\/\/www.electroluxprofessional.com\/pl\/art-science\/#breadcrumb\",\"itemListElement\":[{\"@type\":\"ListItem\",\"position\":1,\"name\":\"Strona g\u0142\u00f3wna\",\"item\":\"https:\/\/www.electroluxprofessional.com\/pl\/\"},{\"@type\":\"ListItem\",\"position\":2,\"name\":\"Sztuka i nauka\"}]},{\"@type\":\"WebSite\",\"@id\":\"https:\/\/www.electroluxprofessional.com\/pl\/#website\",\"url\":\"https:\/\/www.electroluxprofessional.com\/pl\/\",\"name\":\"Electrolux Professional Polska\",\"description\":\"\",\"potentialAction\":[{\"@type\":\"SearchAction\",\"target\":{\"@type\":\"EntryPoint\",\"urlTemplate\":\"https:\/\/www.electroluxprofessional.com\/pl\/?src={search_term_string}\"},\"query-input\":\"required name=search_term_string\"}],\"inLanguage\":\"pl-PL\"}]}<\/script>\n<!-- \/ Yoast SEO plugin. -->","yoast_head_json":{"title":"Sztuka i nauka - Electrolux Professional Polska","robots":{"index":"index","follow":"follow","max-snippet":"max-snippet:-1","max-image-preview":"max-image-preview:large","max-video-preview":"max-video-preview:-1"},"canonical":"https:\/\/www.electroluxprofessional.com\/pl\/art-science\/","og_locale":"pl_PL","og_type":"article","og_title":"Sztuka i nauka - Electrolux Professional Polska","og_description":"[vc_row][vc_column][elx_hero_slider label_text_color=&#8221;inherit&#8221; images=&#8221;1252&#8243;][\/elx_hero_slider][\/vc_column][\/vc_row][vc_row][vc_column][elx_heading font_container=&#8221;h1&#8243; text_color=&#8221;inherit&#8221;]Sztuka i nauka[\/elx_heading][vc_empty_space][\/vc_column][\/vc_row][vc_row][vc_column][vc_column_text]Projekt \u201eArt &amp; Science Come Together\u201d dotyczy wsp\u00f3\u0142pracy pomi\u0119dzy Electrolux Professional i Worldchefs. Inicjatywa ma na celu po\u0142\u0105czenie zdolno\u015bci kulinarnych profesjonalnych szef\u00f3w kuchni z wyspecjalizowan\u0105 wiedz\u0105 i technologi\u0105 wiod\u0105cego producentach rozwi\u0105za\u0144 gastronomicznych. Projekt \u201eArt &amp; Science Come Together\u201d\u00a0 pomaga wypracowa\u0107 w kuchniach na ca\u0142ym \u015bwiecie nowe, usprawnione metody gotowania.[\/vc_column_text][vc_empty_space][\/vc_column][\/vc_row][vc_row][vc_column [&hellip;]","og_url":"https:\/\/www.electroluxprofessional.com\/pl\/art-science\/","og_site_name":"Electrolux Professional Polska","article_modified_time":"2017-08-30T09:02:13+00:00","og_image":[{"width":1800,"height":1800,"url":"https:\/\/www.electroluxprofessional.com\/pl\/wp-content\/uploads\/2016\/11\/04_ArtScience_logo-1800x1800px.jpg","type":"image\/jpeg"}],"twitter_card":"summary_large_image","twitter_misc":{"Szacowany czas czytania":"5 minut"},"schema":{"@context":"https:\/\/schema.org","@graph":[{"@type":"WebPage","@id":"https:\/\/www.electroluxprofessional.com\/pl\/art-science\/","url":"https:\/\/www.electroluxprofessional.com\/pl\/art-science\/","name":"Sztuka i nauka - Electrolux Professional Polska","isPartOf":{"@id":"https:\/\/www.electroluxprofessional.com\/pl\/#website"},"primaryImageOfPage":{"@id":"https:\/\/www.electroluxprofessional.com\/pl\/art-science\/#primaryimage"},"image":{"@id":"https:\/\/www.electroluxprofessional.com\/pl\/art-science\/#primaryimage"},"thumbnailUrl":"https:\/\/www.electroluxprofessional.com\/pl\/wp-content\/uploads\/2016\/11\/04_ArtScience_logo-1800x1800px.jpg","datePublished":"2017-06-06T12:53:21+00:00","dateModified":"2017-08-30T09:02:13+00:00","breadcrumb":{"@id":"https:\/\/www.electroluxprofessional.com\/pl\/art-science\/#breadcrumb"},"inLanguage":"pl-PL","potentialAction":[{"@type":"ReadAction","target":["https:\/\/www.electroluxprofessional.com\/pl\/art-science\/"]}]},{"@type":"ImageObject","inLanguage":"pl-PL","@id":"https:\/\/www.electroluxprofessional.com\/pl\/art-science\/#primaryimage","url":"https:\/\/www.electroluxprofessional.com\/pl\/wp-content\/uploads\/2016\/11\/04_ArtScience_logo-1800x1800px.jpg","contentUrl":"https:\/\/www.electroluxprofessional.com\/pl\/wp-content\/uploads\/2016\/11\/04_ArtScience_logo-1800x1800px.jpg","width":1800,"height":1800,"caption":"art & science logo"},{"@type":"BreadcrumbList","@id":"https:\/\/www.electroluxprofessional.com\/pl\/art-science\/#breadcrumb","itemListElement":[{"@type":"ListItem","position":1,"name":"Strona g\u0142\u00f3wna","item":"https:\/\/www.electroluxprofessional.com\/pl\/"},{"@type":"ListItem","position":2,"name":"Sztuka i nauka"}]},{"@type":"WebSite","@id":"https:\/\/www.electroluxprofessional.com\/pl\/#website","url":"https:\/\/www.electroluxprofessional.com\/pl\/","name":"Electrolux Professional Polska","description":"","potentialAction":[{"@type":"SearchAction","target":{"@type":"EntryPoint","urlTemplate":"https:\/\/www.electroluxprofessional.com\/pl\/?src={search_term_string}"},"query-input":"required name=search_term_string"}],"inLanguage":"pl-PL"}]}},"_links":{"self":[{"href":"https:\/\/www.electroluxprofessional.com\/pl\/wp-json\/wp\/v2\/pages\/1339"}],"collection":[{"href":"https:\/\/www.electroluxprofessional.com\/pl\/wp-json\/wp\/v2\/pages"}],"about":[{"href":"https:\/\/www.electroluxprofessional.com\/pl\/wp-json\/wp\/v2\/types\/page"}],"author":[{"embeddable":true,"href":"https:\/\/www.electroluxprofessional.com\/pl\/wp-json\/wp\/v2\/users\/3"}],"replies":[{"embeddable":true,"href":"https:\/\/www.electroluxprofessional.com\/pl\/wp-json\/wp\/v2\/comments?post=1339"}],"version-history":[{"count":5,"href":"https:\/\/www.electroluxprofessional.com\/pl\/wp-json\/wp\/v2\/pages\/1339\/revisions"}],"predecessor-version":[{"id":3524,"href":"https:\/\/www.electroluxprofessional.com\/pl\/wp-json\/wp\/v2\/pages\/1339\/revisions\/3524"}],"wp:featuredmedia":[{"embeddable":true,"href":"https:\/\/www.electroluxprofessional.com\/pl\/wp-json\/wp\/v2\/media\/1311"}],"wp:attachment":[{"href":"https:\/\/www.electroluxprofessional.com\/pl\/wp-json\/wp\/v2\/media?parent=1339"}],"curies":[{"name":"wp","href":"https:\/\/api.w.org\/{rel}","templated":true}]}}