{"id":1310,"date":"2016-11-15T14:29:37","date_gmt":"2016-11-15T14:29:37","guid":{"rendered":"https:\/\/www.electroluxprofessional.com\/?page_id=5263"},"modified":"2019-06-28T12:07:10","modified_gmt":"2019-06-28T12:07:10","slug":"patelnie-gotowania-duszenia-prothermetic","status":"publish","type":"page","link":"https:\/\/www.electroluxprofessional.com\/pl\/gastronomia\/patelnie-gotowania-pieczenia\/patelnie-gotowania-duszenia-prothermetic\/","title":{"rendered":"Patelnie do gotowania i duszenia ProThermetic"},"content":{"rendered":"<p>[vc_row full_width=&#8221;electroluxpro-full-width-no-padding&#8221;][vc_column][elx_hero_slider text_position=&#8221;hero_slider_text_align_right&#8221; label_text_color=&#8221;inherit&#8221; images=&#8221;1306&#8243;][elx_heading font_container=&#8221;h1&#8243; font_size=&#8221;h2&#8243; text_color=&#8221;inherit&#8221;]Patelnie do gotowania i patelnie do duszenia ProThermetic<br \/>\n[\/elx_heading][\/elx_hero_slider][\/vc_column][\/vc_row][vc_row][vc_column][vc_empty_space][elx_heading font_size=&#8221;h2&#8243; text_color=&#8221;inherit&#8221; text_align=&#8221;text-center&#8221;]Zaprojektowane z my\u015bl\u0105 o najwy\u017cszych wymaganiach kuchni hotelowych, instytucji, szpitali, kuchni centralnych i kuchni w samolotach.[\/elx_heading][vc_empty_space][\/vc_column][\/vc_row][vc_row][vc_column width=&#8221;1\/2&#8243;][elx_heading font_size=&#8221;h4&#8243; text_color=&#8221;inherit&#8221;]Gotowanie ci\u015bnieniowe z ProThermetic: najlepsze rozwi\u0105zaniem gwarantuj\u0105ce wysok\u0105 wydajno\u015b\u0107 , jako\u015b\u0107 i precyzj\u0119[\/elx_heading][vc_empty_space][vc_column_text]Jedyna w swoim rodzaju technologia optymalizuj\u0105ca proces gotowania i oferuj\u0105ca maksymaln\u0105 elastyczno\u015b\u0107, prostot\u0119 u\u017cytkowania, higien\u0119 i najwy\u017csz\u0105 wydajno\u015b\u0107.<\/p>\n<p><strong>Linia ci\u015bnieniowych patelni do gotowania i do duszenia therma<em>line<\/em> ProThermetic <\/strong>zosta\u0142a specjalnie stworzona do ci\u0119\u017ckich zastosowa\u0144 pod wzgl\u0119dem ilo\u015bci, wydajno\u015bci i jako\u015bci gotowania.[\/vc_column_text][\/vc_column][vc_column width=&#8221;1\/2&#8243;][elx_image_block background_image=&#8221;723&#8243; minimum_height=&#8221;450px&#8221;][\/vc_column][\/vc_row][vc_row][vc_column][vc_empty_space height=&#8221;50px&#8221;][\/vc_column][\/vc_row][vc_row][vc_column width=&#8221;1\/4&#8243;][elx_heading font_size=&#8221;h4&#8243; text_color=&#8221;inherit&#8221;]\u0141atwo\u015b\u0107 obs\u0142ugi[\/elx_heading][vc_column_text]Wyposa\u017cone w <strong>panel sterowania z ekranem dotykowym<\/strong> dost\u0119pnym w wielu j\u0119zykach, widoczny z daleka, z intuicyjnymi ikonami umo\u017cliwiaj\u0105cymi \u0142atwe i precyzyjne ustawienie temperatury i poziomu mocy.[\/vc_column_text][\/vc_column][vc_column width=&#8221;1\/4&#8243;][elx_heading font_size=&#8221;h4&#8243; text_color=&#8221;inherit&#8221;]Higiena ponad wszystko[\/elx_heading][vc_column_text]Szybkie, \u0142atwe i dok\u0142adne czyszczenie dzi\u0119ki <strong>poziomowi ochrony przed wod\u0105 IPX6<\/strong>, 8-krotnie wy\u017csza odporno\u015b\u0107 na silne strumienie wody.[\/vc_column_text][\/vc_column][vc_column width=&#8221;1\/4&#8243;][elx_heading font_size=&#8221;h4&#8243; text_color=&#8221;inherit&#8221;]Zdrowe, wyskiej jako\u015bci potrawy[\/elx_heading][vc_column_text]Niska zawarto\u015b\u0107 tlenu w powietrzu zapobiega utlenianiu sk\u0142adnik\u00f3w od\u017cywczych i witamin, co ma wp\u0142yw na doskona\u0142y smak, kolor i konsystencj\u0119 potraw.[\/vc_column_text][\/vc_column][vc_column width=&#8221;1\/4&#8243;][elx_heading font_size=&#8221;h4&#8243; text_color=&#8221;inherit&#8221;]Oszcz\u0119dno\u015b\u0107 energii[\/elx_heading][vc_column_text]Skr\u00f3cenie czasu gotowania zapewnia wi\u0119ksz\u0105 wydajno\u015b\u0107, oszcz\u0119dzaj\u0105c energi\u0119, zar\u00f3wno podczas nagrzewania, jak i podczas gotowania.[\/vc_column_text][\/vc_column][\/vc_row][vc_row][vc_column][vc_empty_space height=&#8221;20px&#8221;][\/vc_column][\/vc_row][vc_row][vc_column width=&#8221;1\/4&#8243;][vc_empty_space height=&#8221;20px&#8221;][elx_download_block text=&#8221;ci\u015bnieniowe patelnie do gotowania i do duszenia thermaline ProThermetic&#8221; link=&#8221;files.professional.electrolux.com\/docs\/?n=9JEHO&amp;b=5&amp;l=1&#8243; background_color=&#8221;orange&#8221; reveal_effect=&#8221;&#8221; reveal_duration=&#8221;&#8221; reveal_delay=&#8221;&#8221;][\/vc_column][vc_column width=&#8221;1\/4&#8243;][vc_empty_space height=&#8221;20px&#8221;][elx_download_block text=&#8221;thermaline ProThermetic<br \/>\nakcesoria&#8221; link=&#8221;files.professional.electrolux.com\/docs\/?n=RAN-9JE00019&amp;b=5&amp;l=1&#8243; background_color=&#8221;orange&#8221; reveal_effect=&#8221;&#8221; reveal_duration=&#8221;&#8221; reveal_delay=&#8221;&#8221;][\/vc_column][vc_column width=&#8221;1\/2&#8243;][elx_heading text_color=&#8221;inherit&#8221;]Video-przepisy dla ProThermetic[\/elx_heading][elx_video_block background_image=&#8221;1307&#8243; is_full_height=&#8221;full-height&#8221; video_link=&#8221;https:\/\/www.youtube.com\/watch?v=cSwURycS1aQ&amp;list=PLn-GI5LWCZdQ5Hva7Kd0SB5eH2WkvuBt8&#8243; minimum_height=&#8221;260px&#8221;][\/vc_column][\/vc_row][vc_row][vc_column][vc_empty_space height=&#8221;50px&#8221;][\/vc_column][\/vc_row][vc_row][vc_column][elx_heading font_size=&#8221;h3&#8243; text_color=&#8221;inherit&#8221; text_align=&#8221;text-center&#8221;]Znajd\u017a idealny pakiet dla Twojej firmy[\/elx_heading][\/vc_column][\/vc_row][vc_row][vc_column width=&#8221;1\/3&#8243;][elx_maylike_box id_box=&#8221;1195&#8243;][\/vc_column][vc_column width=&#8221;1\/3&#8243;][elx_maylike_box id_box=&#8221;1182&#8243;][\/vc_column][vc_column width=&#8221;1\/3&#8243;][elx_maylike_box id_box=&#8221;1309&#8243;][\/vc_column][\/vc_row][vc_row][vc_column][vc_empty_space height=&#8221;50px&#8221;][elx_heading text_color=&#8221;inherit&#8221; text_align=&#8221;text-center&#8221;]Dowiedz si\u0119 jak ProThermetic mo\u017ce pom\u00f3c Twojej firmie [\/elx_heading][elx_o2000_contact_us r=&#8221;Chcia\u0142bym dowiedzie\u0107 si\u0119 wi\u0119cej o ci\u015bnieniowych patelniach do gotowania i do duszenia ProThermetic. Prosz\u0119 si\u0119 ze mn\u0105 skontaktowa\u0107.&#8221; s=&#8221;Request of information about ProThermetic Boiling and Braising Pans&#8221; country=&#8221;Poland&#8221; l=&#8221;pl&#8221; container=&#8221;elxcontactus1479220371&#8243;][vc_empty_space height=&#8221;50px&#8221;][\/vc_column][\/vc_row]<\/p>\n","protected":false},"excerpt":{"rendered":"<p>[vc_row full_width=&#8221;electroluxpro-full-width-no-padding&#8221;][vc_column][elx_hero_slider text_position=&#8221;hero_slider_text_align_right&#8221; label_text_color=&#8221;inherit&#8221; images=&#8221;1306&#8243;][elx_heading font_container=&#8221;h1&#8243; font_size=&#8221;h2&#8243; text_color=&#8221;inherit&#8221;]Patelnie do gotowania i patelnie do duszenia ProThermetic [\/elx_heading][\/elx_hero_slider][\/vc_column][\/vc_row][vc_row][vc_column][vc_empty_space][elx_heading font_size=&#8221;h2&#8243; text_color=&#8221;inherit&#8221; text_align=&#8221;text-center&#8221;]Zaprojektowane z my\u015bl\u0105 o najwy\u017cszych wymaganiach kuchni hotelowych, instytucji, szpitali, kuchni centralnych i kuchni w samolotach.[\/elx_heading][vc_empty_space][\/vc_column][\/vc_row][vc_row][vc_column width=&#8221;1\/2&#8243;][elx_heading font_size=&#8221;h4&#8243; text_color=&#8221;inherit&#8221;]Gotowanie ci\u015bnieniowe z ProThermetic: najlepsze rozwi\u0105zaniem gwarantuj\u0105ce wysok\u0105 wydajno\u015b\u0107 , jako\u015b\u0107 i precyzj\u0119[\/elx_heading][vc_empty_space][vc_column_text]Jedyna w swoim rodzaju technologia optymalizuj\u0105ca proces [&hellip;]<\/p>\n","protected":false},"author":3,"featured_media":1306,"parent":1680,"menu_order":0,"comment_status":"closed","ping_status":"closed","template":"","meta":{"footnotes":""},"class_list":["post-1310","page","type-page","status-publish","has-post-thumbnail","hentry"],"acf":[],"yoast_head":"<!-- This site is optimized with the Yoast SEO plugin v23.3 - https:\/\/yoast.com\/wordpress\/plugins\/seo\/ -->\n<title>Patelnie do gotowania i duszenia ProThermetic - Electrolux Professional Polska<\/title>\n<meta name=\"description\" content=\"Linia ci\u015bnieniowych patelni do gotowania i do duszenia thermaline ProThermetic zosta\u0142a specjalnie stworzona do ci\u0119\u017ckich zastosowa\u0144 pod wzgl\u0119dem ilo\u015bci, wydajno\u015bci i jako\u015bci gotowania.\" \/>\n<meta name=\"robots\" content=\"index, follow, max-snippet:-1, max-image-preview:large, max-video-preview:-1\" \/>\n<link rel=\"canonical\" href=\"https:\/\/www.electroluxprofessional.com\/pl\/gastronomia\/patelnie-gotowania-pieczenia\/patelnie-gotowania-duszenia-prothermetic\/\" \/>\n<meta property=\"og:locale\" content=\"pl_PL\" \/>\n<meta property=\"og:type\" content=\"article\" \/>\n<meta property=\"og:title\" content=\"Patelnie do gotowania i duszenia ProThermetic - Electrolux Professional Polska\" \/>\n<meta property=\"og:description\" content=\"Linia ci\u015bnieniowych patelni do gotowania i do duszenia thermaline ProThermetic zosta\u0142a specjalnie stworzona do ci\u0119\u017ckich zastosowa\u0144 pod wzgl\u0119dem ilo\u015bci, wydajno\u015bci i jako\u015bci gotowania.\" \/>\n<meta property=\"og:url\" content=\"https:\/\/www.electroluxprofessional.com\/pl\/gastronomia\/patelnie-gotowania-pieczenia\/patelnie-gotowania-duszenia-prothermetic\/\" \/>\n<meta property=\"og:site_name\" content=\"Electrolux Professional Polska\" \/>\n<meta property=\"article:modified_time\" content=\"2019-06-28T12:07:10+00:00\" \/>\n<meta property=\"og:image\" content=\"https:\/\/www.electroluxprofessional.com\/pl\/wp-content\/uploads\/2016\/11\/banner-web.jpg\" \/>\n\t<meta property=\"og:image:width\" content=\"2000\" \/>\n\t<meta property=\"og:image:height\" content=\"1333\" \/>\n\t<meta property=\"og:image:type\" content=\"image\/jpeg\" \/>\n<meta name=\"twitter:card\" content=\"summary_large_image\" \/>\n<meta name=\"twitter:label1\" content=\"Szacowany czas czytania\" \/>\n\t<meta name=\"twitter:data1\" content=\"4 minuty\" \/>\n<script type=\"application\/ld+json\" class=\"yoast-schema-graph\">{\"@context\":\"https:\/\/schema.org\",\"@graph\":[{\"@type\":\"WebPage\",\"@id\":\"https:\/\/www.electroluxprofessional.com\/pl\/gastronomia\/patelnie-gotowania-pieczenia\/patelnie-gotowania-duszenia-prothermetic\/\",\"url\":\"https:\/\/www.electroluxprofessional.com\/pl\/gastronomia\/patelnie-gotowania-pieczenia\/patelnie-gotowania-duszenia-prothermetic\/\",\"name\":\"Patelnie do gotowania i duszenia ProThermetic - Electrolux Professional Polska\",\"isPartOf\":{\"@id\":\"https:\/\/www.electroluxprofessional.com\/pl\/#website\"},\"primaryImageOfPage\":{\"@id\":\"https:\/\/www.electroluxprofessional.com\/pl\/gastronomia\/patelnie-gotowania-pieczenia\/patelnie-gotowania-duszenia-prothermetic\/#primaryimage\"},\"image\":{\"@id\":\"https:\/\/www.electroluxprofessional.com\/pl\/gastronomia\/patelnie-gotowania-pieczenia\/patelnie-gotowania-duszenia-prothermetic\/#primaryimage\"},\"thumbnailUrl\":\"https:\/\/www.electroluxprofessional.com\/pl\/wp-content\/uploads\/2016\/11\/banner-web.jpg\",\"datePublished\":\"2016-11-15T14:29:37+00:00\",\"dateModified\":\"2019-06-28T12:07:10+00:00\",\"description\":\"Linia ci\u015bnieniowych patelni do gotowania i do duszenia thermaline ProThermetic zosta\u0142a specjalnie stworzona do ci\u0119\u017ckich zastosowa\u0144 pod wzgl\u0119dem ilo\u015bci, wydajno\u015bci i jako\u015bci gotowania.\",\"breadcrumb\":{\"@id\":\"https:\/\/www.electroluxprofessional.com\/pl\/gastronomia\/patelnie-gotowania-pieczenia\/patelnie-gotowania-duszenia-prothermetic\/#breadcrumb\"},\"inLanguage\":\"pl-PL\",\"potentialAction\":[{\"@type\":\"ReadAction\",\"target\":[\"https:\/\/www.electroluxprofessional.com\/pl\/gastronomia\/patelnie-gotowania-pieczenia\/patelnie-gotowania-duszenia-prothermetic\/\"]}]},{\"@type\":\"ImageObject\",\"inLanguage\":\"pl-PL\",\"@id\":\"https:\/\/www.electroluxprofessional.com\/pl\/gastronomia\/patelnie-gotowania-pieczenia\/patelnie-gotowania-duszenia-prothermetic\/#primaryimage\",\"url\":\"https:\/\/www.electroluxprofessional.com\/pl\/wp-content\/uploads\/2016\/11\/banner-web.jpg\",\"contentUrl\":\"https:\/\/www.electroluxprofessional.com\/pl\/wp-content\/uploads\/2016\/11\/banner-web.jpg\",\"width\":2000,\"height\":1333,\"caption\":\"ProThermetic Boiling and Braising Pans\"},{\"@type\":\"BreadcrumbList\",\"@id\":\"https:\/\/www.electroluxprofessional.com\/pl\/gastronomia\/patelnie-gotowania-pieczenia\/patelnie-gotowania-duszenia-prothermetic\/#breadcrumb\",\"itemListElement\":[{\"@type\":\"ListItem\",\"position\":1,\"name\":\"Strona g\u0142\u00f3wna\",\"item\":\"https:\/\/www.electroluxprofessional.com\/pl\/\"},{\"@type\":\"ListItem\",\"position\":2,\"name\":\"Gastronomia\",\"item\":\"https:\/\/www.electroluxprofessional.com\/pl\/gastronomia\/\"},{\"@type\":\"ListItem\",\"position\":3,\"name\":\"Patelnie do gotowania i pieczenia\",\"item\":\"https:\/\/www.electroluxprofessional.com\/pl\/gastronomia\/patelnie-gotowania-pieczenia\/\"},{\"@type\":\"ListItem\",\"position\":4,\"name\":\"Patelnie do gotowania i duszenia ProThermetic\"}]},{\"@type\":\"WebSite\",\"@id\":\"https:\/\/www.electroluxprofessional.com\/pl\/#website\",\"url\":\"https:\/\/www.electroluxprofessional.com\/pl\/\",\"name\":\"Electrolux Professional Polska\",\"description\":\"\",\"potentialAction\":[{\"@type\":\"SearchAction\",\"target\":{\"@type\":\"EntryPoint\",\"urlTemplate\":\"https:\/\/www.electroluxprofessional.com\/pl\/?src={search_term_string}\"},\"query-input\":\"required name=search_term_string\"}],\"inLanguage\":\"pl-PL\"}]}<\/script>\n<!-- \/ Yoast SEO plugin. -->","yoast_head_json":{"title":"Patelnie do gotowania i duszenia ProThermetic - Electrolux Professional Polska","description":"Linia ci\u015bnieniowych patelni do gotowania i do duszenia thermaline ProThermetic zosta\u0142a specjalnie stworzona do ci\u0119\u017ckich zastosowa\u0144 pod wzgl\u0119dem ilo\u015bci, wydajno\u015bci i jako\u015bci gotowania.","robots":{"index":"index","follow":"follow","max-snippet":"max-snippet:-1","max-image-preview":"max-image-preview:large","max-video-preview":"max-video-preview:-1"},"canonical":"https:\/\/www.electroluxprofessional.com\/pl\/gastronomia\/patelnie-gotowania-pieczenia\/patelnie-gotowania-duszenia-prothermetic\/","og_locale":"pl_PL","og_type":"article","og_title":"Patelnie do gotowania i duszenia ProThermetic - Electrolux Professional Polska","og_description":"Linia ci\u015bnieniowych patelni do gotowania i do duszenia thermaline ProThermetic zosta\u0142a specjalnie stworzona do ci\u0119\u017ckich zastosowa\u0144 pod wzgl\u0119dem ilo\u015bci, wydajno\u015bci i jako\u015bci gotowania.","og_url":"https:\/\/www.electroluxprofessional.com\/pl\/gastronomia\/patelnie-gotowania-pieczenia\/patelnie-gotowania-duszenia-prothermetic\/","og_site_name":"Electrolux Professional Polska","article_modified_time":"2019-06-28T12:07:10+00:00","og_image":[{"width":2000,"height":1333,"url":"https:\/\/www.electroluxprofessional.com\/pl\/wp-content\/uploads\/2016\/11\/banner-web.jpg","type":"image\/jpeg"}],"twitter_card":"summary_large_image","twitter_misc":{"Szacowany czas czytania":"4 minuty"},"schema":{"@context":"https:\/\/schema.org","@graph":[{"@type":"WebPage","@id":"https:\/\/www.electroluxprofessional.com\/pl\/gastronomia\/patelnie-gotowania-pieczenia\/patelnie-gotowania-duszenia-prothermetic\/","url":"https:\/\/www.electroluxprofessional.com\/pl\/gastronomia\/patelnie-gotowania-pieczenia\/patelnie-gotowania-duszenia-prothermetic\/","name":"Patelnie do gotowania i duszenia ProThermetic - Electrolux Professional Polska","isPartOf":{"@id":"https:\/\/www.electroluxprofessional.com\/pl\/#website"},"primaryImageOfPage":{"@id":"https:\/\/www.electroluxprofessional.com\/pl\/gastronomia\/patelnie-gotowania-pieczenia\/patelnie-gotowania-duszenia-prothermetic\/#primaryimage"},"image":{"@id":"https:\/\/www.electroluxprofessional.com\/pl\/gastronomia\/patelnie-gotowania-pieczenia\/patelnie-gotowania-duszenia-prothermetic\/#primaryimage"},"thumbnailUrl":"https:\/\/www.electroluxprofessional.com\/pl\/wp-content\/uploads\/2016\/11\/banner-web.jpg","datePublished":"2016-11-15T14:29:37+00:00","dateModified":"2019-06-28T12:07:10+00:00","description":"Linia ci\u015bnieniowych patelni do gotowania i do duszenia thermaline ProThermetic zosta\u0142a specjalnie stworzona do ci\u0119\u017ckich zastosowa\u0144 pod wzgl\u0119dem ilo\u015bci, wydajno\u015bci i jako\u015bci gotowania.","breadcrumb":{"@id":"https:\/\/www.electroluxprofessional.com\/pl\/gastronomia\/patelnie-gotowania-pieczenia\/patelnie-gotowania-duszenia-prothermetic\/#breadcrumb"},"inLanguage":"pl-PL","potentialAction":[{"@type":"ReadAction","target":["https:\/\/www.electroluxprofessional.com\/pl\/gastronomia\/patelnie-gotowania-pieczenia\/patelnie-gotowania-duszenia-prothermetic\/"]}]},{"@type":"ImageObject","inLanguage":"pl-PL","@id":"https:\/\/www.electroluxprofessional.com\/pl\/gastronomia\/patelnie-gotowania-pieczenia\/patelnie-gotowania-duszenia-prothermetic\/#primaryimage","url":"https:\/\/www.electroluxprofessional.com\/pl\/wp-content\/uploads\/2016\/11\/banner-web.jpg","contentUrl":"https:\/\/www.electroluxprofessional.com\/pl\/wp-content\/uploads\/2016\/11\/banner-web.jpg","width":2000,"height":1333,"caption":"ProThermetic Boiling and Braising Pans"},{"@type":"BreadcrumbList","@id":"https:\/\/www.electroluxprofessional.com\/pl\/gastronomia\/patelnie-gotowania-pieczenia\/patelnie-gotowania-duszenia-prothermetic\/#breadcrumb","itemListElement":[{"@type":"ListItem","position":1,"name":"Strona g\u0142\u00f3wna","item":"https:\/\/www.electroluxprofessional.com\/pl\/"},{"@type":"ListItem","position":2,"name":"Gastronomia","item":"https:\/\/www.electroluxprofessional.com\/pl\/gastronomia\/"},{"@type":"ListItem","position":3,"name":"Patelnie do gotowania i pieczenia","item":"https:\/\/www.electroluxprofessional.com\/pl\/gastronomia\/patelnie-gotowania-pieczenia\/"},{"@type":"ListItem","position":4,"name":"Patelnie do gotowania i duszenia ProThermetic"}]},{"@type":"WebSite","@id":"https:\/\/www.electroluxprofessional.com\/pl\/#website","url":"https:\/\/www.electroluxprofessional.com\/pl\/","name":"Electrolux Professional Polska","description":"","potentialAction":[{"@type":"SearchAction","target":{"@type":"EntryPoint","urlTemplate":"https:\/\/www.electroluxprofessional.com\/pl\/?src={search_term_string}"},"query-input":"required name=search_term_string"}],"inLanguage":"pl-PL"}]}},"_links":{"self":[{"href":"https:\/\/www.electroluxprofessional.com\/pl\/wp-json\/wp\/v2\/pages\/1310"}],"collection":[{"href":"https:\/\/www.electroluxprofessional.com\/pl\/wp-json\/wp\/v2\/pages"}],"about":[{"href":"https:\/\/www.electroluxprofessional.com\/pl\/wp-json\/wp\/v2\/types\/page"}],"author":[{"embeddable":true,"href":"https:\/\/www.electroluxprofessional.com\/pl\/wp-json\/wp\/v2\/users\/3"}],"replies":[{"embeddable":true,"href":"https:\/\/www.electroluxprofessional.com\/pl\/wp-json\/wp\/v2\/comments?post=1310"}],"version-history":[{"count":8,"href":"https:\/\/www.electroluxprofessional.com\/pl\/wp-json\/wp\/v2\/pages\/1310\/revisions"}],"predecessor-version":[{"id":3465,"href":"https:\/\/www.electroluxprofessional.com\/pl\/wp-json\/wp\/v2\/pages\/1310\/revisions\/3465"}],"up":[{"embeddable":true,"href":"https:\/\/www.electroluxprofessional.com\/pl\/wp-json\/wp\/v2\/pages\/1680"}],"wp:featuredmedia":[{"embeddable":true,"href":"https:\/\/www.electroluxprofessional.com\/pl\/wp-json\/wp\/v2\/media\/1306"}],"wp:attachment":[{"href":"https:\/\/www.electroluxprofessional.com\/pl\/wp-json\/wp\/v2\/media?parent=1310"}],"curies":[{"name":"wp","href":"https:\/\/api.w.org\/{rel}","templated":true}]}}