{"id":1305,"date":"2016-11-22T14:26:38","date_gmt":"2016-11-22T14:26:38","guid":{"rendered":"https:\/\/www.electroluxprofessional.com\/?page_id=5710"},"modified":"2025-11-05T15:30:20","modified_gmt":"2025-11-05T15:30:20","slug":"stolowki-dla-personelu","status":"publish","type":"page","link":"https:\/\/www.electroluxprofessional.com\/pl\/twoj-biznes\/stolowki-dla-personelu\/","title":{"rendered":"Sto\u0142\u00f3wki dla personelu"},"content":{"rendered":"<p>[vc_row full_width=&#8221;electroluxpro-full-width-no-padding&#8221; equal_height=&#8221;yes&#8221;][vc_column reveal_effect=&#8221;&#8221; width=&#8221;1\/2&#8243;][elx_citation name=&#8221;Ramesh Palagiri, Dyrektor Zarz\u0105dzaj\u0105cy i Dyrektor Generalny oraz Maithili Bhojwani, Administracja&#8221; company=&#8221;Grupa Wirtgen &#8211; Pune, Indie&#8221;][elx_heading font_container=&#8221;h1&#8243; font_size=&#8221;h2&#8243; text_color=&#8221;inherit&#8221;]\u201cJeste\u015bmy szcz\u0119\u015bliwi, \u017ce mo\u017cemy pracowa\u0107 na \u015bwiatowej klasy wyposa\u017ceniu Electrolux, kt\u00f3re nie tylko daje nam komfort pracy w luksusowych warunkach, ale r\u00f3wnie\u017c pozwala nam utrzyma\u0107 mi\u0119dzynarodowe standardy czysto\u015bci i higieny w naszych kuchniach. Jeste\u015bmy dumni z tego, \u017ce zwi\u0105zali\u015bmy si\u0119 z firm\u0105 \u015bwiatowej klasy, tak\u0105 jak Electrolux.\u201d[\/elx_heading][\/elx_citation][\/vc_column][vc_column reveal_effect=&#8221;&#8221; width=&#8221;1\/2&#8243;][elx_image_block background_image=&#8221;478&#8243; minimum_height=&#8221;700px&#8221;][\/vc_column][\/vc_row][vc_row][vc_column][vc_empty_space height=&#8221;50px&#8221;][elx_heading font_container=&#8221;h1&#8243; font_size=&#8221;h2&#8243; text_color=&#8221;inherit&#8221; text_align=&#8221;text-center&#8221;]Sto\u0142\u00f3wki dla personelu[\/elx_heading][vc_empty_space height=&#8221;50px&#8221;][\/vc_column][\/vc_row][vc_row full_width=&#8221;electroluxpro-full-width-no-padding&#8221; equal_height=&#8221;yes&#8221; css=&#8221;.vc_custom_1465551113072{background-color: #edeff2 !important;}&#8221;][vc_column width=&#8221;1\/2&#8243;][elx_simple_block background_color=&#8221;inherit&#8221;][vc_column_text][\/vc_column_text][elx_heading font_size=&#8221;h2&#8243; text_color=&#8221;inherit&#8221;]GAI Industrie Spa[\/elx_heading][elx_heading font_size=&#8221;h4&#8243; text_color=&#8221;inherit&#8221;]Cuneo, W\u0142ochy[\/elx_heading][vc_column_text]Z\u0142o\u017cono\u015b\u0107 instalacji wymaga\u0142a u\u017cycia d\u017awigu w celu wprowadzenia sprz\u0119tu na 2 i 3 kondygnacj\u0119 budynku sto\u0142\u00f3wki. Cech\u0105 wyr\u00f3\u017cniaj\u0105c\u0105 t\u0119 kuchni\u0119 jest z pewno\u015bci\u0105 brak prawdziwych \u015bcian: w rzeczywisto\u015bci na wszystkich czterech stronach kuchni znajduj\u0105 si\u0119 du\u017ce okna, kt\u00f3re pozwalaj\u0105 przez ca\u0142y czas ogl\u0105da\u0107 prac\u0119 kucharzy.<\/p>\n<p>Wszystkie lod\u00f3wki posiadaj\u0105 szklane drzwi, co wp\u0142ywa na niebanalny wygl\u0105d i kojarzy si\u0119 wzorow\u0105 organizacj\u0105 pracy. W \u015brodku kuchni stoi modu\u0142 kuchenny thermaline, najwy\u017cszy model z linii produkt\u00f3w oferowanych przez Electrolux Professional.[\/vc_column_text][\/elx_simple_block][\/vc_column][vc_column width=&#8221;1\/2&#8243;][elx_image_block background_image=&#8221;490&#8243; minimum_height=&#8221;400px&#8221;][\/vc_column][\/vc_row][vc_row full_width=&#8221;electroluxpro-full-width-no-padding&#8221; equal_height=&#8221;yes&#8221; css=&#8221;.vc_custom_1465551113072{background-color: #edeff2 !important;}&#8221;][vc_column width=&#8221;1\/2&#8243;][vc_single_image image=&#8221;479&#8243; img_size=&#8221;full&#8221; alignment=&#8221;right&#8221;][\/vc_column][vc_column width=&#8221;1\/2&#8243;][elx_simple_block background_color=&#8221;inherit&#8221;][vc_column_text][\/vc_column_text][elx_heading font_size=&#8221;h2&#8243; text_color=&#8221;inherit&#8221;]Wirtgen Group[\/elx_heading][elx_heading font_size=&#8221;h4&#8243; text_color=&#8221;inherit&#8221;]Pune, India[\/elx_heading][vc_column_text]Niemiecki producent sprz\u0119tu budowlanego Wirtgen Group jest liderem na rynku w dziedzinie urz\u0105dze\u0144 s\u0142u\u017c\u0105cych do budowy dr\u00f3g i ich renowacji. Dysponuje nowoczesn\u0105 fabryk\u0105 w Pune w Indiach, kt\u00f3ra jest jednym z trzech zak\u0142ad\u00f3w po\u0142o\u017conych poza Niemcami.<\/p>\n<p>Wyposa\u017cenie specjalnej kuchni w sto\u0142\u00f3wce pracowniczej, umo\u017cliwiaj\u0105cej serwowanie du\u017cej ilo\u015bci posi\u0142k\u00f3w zosta\u0142o w ca\u0142o\u015bci dostarczone przez Electrolux Professional.<\/p>\n<p><em>&#8220;&#8230; zwi\u0119kszy\u0142o to r\u00f3wnie\u017c wydajno\u015b\u0107 naszych pracownik\u00f3w i znacz\u0105co obni\u017cy\u0142o koszty energii, wyznaczy\u0142o tak\u017ce nowe standardy w zakresie gotowania zbiorowego&#8221;.<\/em><\/p>\n<p><strong>Deepak, szef kuchni<\/strong>[\/vc_column_text][\/elx_simple_block][\/vc_column][\/vc_row][vc_row][vc_column][vc_empty_space height=&#8221;50px&#8221;][\/vc_column][\/vc_row][vc_row][vc_column][elx_heading font_size=&#8221;h3&#8243; text_color=&#8221;inherit&#8221; text_align=&#8221;text-center&#8221;]Nasze trzy najlepsze rozwi\u0105zania dla sto\u0142\u00f3wek pracowniczych[\/elx_heading][\/vc_column][\/vc_row][vc_row css=&#8221;.vc_custom_1465550821993{padding-top: 20px !important;padding-bottom: 20px !important;background-color: #f7f6f6 !important;}&#8221;][vc_column width=&#8221;1\/3&#8243;][vc_single_image image=&#8221;748&#8243; img_size=&#8221;full&#8221; alignment=&#8221;center&#8221; onclick=&#8221;custom_link&#8221; link=&#8221;https:\/\/www.electroluxprofessional.com\/pl\/gastronomia\/linia-grzewcza-thermaline\/&#8221;][elx_heading font_container=&#8221;h3&#8243; text_color=&#8221;inherit&#8221; text_align=&#8221;text-left&#8221;]therma<em>line<\/em><br \/>\n[\/elx_heading][vc_column_text]<\/p>\n<ul>\n<li>Oszcz\u0119dno\u015b\u0107 energii do 60% przy jednoczesnej poprawie wydajno\u015bci dzi\u0119ki linii grzewczej therma<em>line<\/em><\/li>\n<li>Pe\u0142nowymiarowa powierzchnia indukcyjna sprawia, \u017ce gotowanie wielu produkt\u00f3w na raz jest \u0142atwiejsze ni\u017c kiedykolwiek.<\/li>\n<\/ul>\n<p>[\/vc_column_text][elx_button button_text=&#8221;thermaline &#8221; button_style=&#8221;icon&#8221; button_link=&#8221;url:https%3A%2F%2Fprofessional.electrolux.pl%2Fgastronomia%2Flinia-grzewcza-thermaline%2F|title:thermaline||&#8221;][\/vc_column][vc_column width=&#8221;1\/3&#8243;][vc_single_image image=&#8221;749&#8243; img_size=&#8221;large&#8221; alignment=&#8221;center&#8221; onclick=&#8221;custom_link&#8221; link=&#8221;https:\/\/www.electroluxprofessional.com\/pl\/gastronomia\/gotuj-i-chlodz\/&#8221;][elx_heading font_container=&#8221;h3&#8243; text_color=&#8221;inherit&#8221; text_align=&#8221;text-center&#8221;]Cook&amp;Chill \u2013 gotuj i ch\u0142\u00f3d\u017a<br \/>\n[\/elx_heading][vc_column_text]<\/p>\n<ul>\n<li>Piec Touchline air-o-steam, umo\u017cliwia spos\u00f3b gotowania przyjazny dla \u015brodowiska. Jest to obecnie najnowocze\u015bniejszy piec konwekcyjno-parowy na rynku<\/li>\n<li>bardziej elastyczne menu, prostsze, usprawnione procesy robocze, mniej odpadk\u00f3w, oszcz\u0119dno\u015b\u0107 czasu i energii.<\/li>\n<\/ul>\n<p>[\/vc_column_text][elx_button button_text=&#8221;Cook&amp;Chill &#8221; button_style=&#8221;icon&#8221; button_link=&#8221;url:https%3A%2F%2Fprofessional.electrolux.pl%2Fgastronomia%2Fgotuj-i-chlodz%2F|title:Cook%20and%20Chill||&#8221;][\/vc_column][vc_column width=&#8221;1\/3&#8243;][vc_single_image image=&#8221;750&#8243; img_size=&#8221;large&#8221; onclick=&#8221;custom_link&#8221; link=&#8221;https:\/\/www.electroluxprofessional.com\/pl\/gastronomia\/komory-chlodnicze\/&#8221;][elx_heading font_container=&#8221;h3&#8243; text_color=&#8221;inherit&#8221; text_align=&#8221;text-center&#8221;]Ch\u0142odnictwo<br \/>\n[\/elx_heading][vc_column_text]<\/p>\n<ul>\n<li>Ch\u0142odzenie \u017cywno\u015bci w urz\u0105dzeniach z najlepsz\u0105 w swojej klasie efektywno\u015bci\u0105 energetyczn\u0105 umo\u017cliwiaj\u0105 szafy ch\u0142odnie ecostore<\/li>\n<li>spraw aby Twoja kuchnia by\u0142a prostsza w obs\u0142udze i bardziej produktywna.<\/li>\n<\/ul>\n<p>[\/vc_column_text][elx_button button_text=&#8221;Komory ch\u0142odnicze&#8221; button_style=&#8221;icon&#8221; button_link=&#8221;url:https%3A%2F%2Fprofessional.electrolux.pl%2Fgastronomia%2Fkomory-chlodnicze%2F|title:Komory%20ch%C5%82odnicze||&#8221;][\/vc_column][\/vc_row][vc_row][vc_column][elx_heading text_color=&#8221;inherit&#8221;]Dowiedz si\u0119 jak Electrolux mo\u017ce pom\u00f3c Twojej firmie [\/elx_heading][elx_o2000_contact_us r=&#8221;Chcia\u0142bym dowiedzie\u0107 si\u0119 wi\u0119cej o rozwi\u0105zaniach dla sto\u0142\u00f3wek pracowniczych, prosz\u0119 si\u0119 ze mn\u0105 skontaktowa\u0107.&#8221; s=&#8221;Your request for information: staff canteens&#8221; country=&#8221;Poland&#8221; l=&#8221;pl&#8221; container=&#8221;elxcontactus1466430938&#8243;][\/vc_column][\/vc_row]<\/p>\n","protected":false},"excerpt":{"rendered":"<p>[vc_row full_width=&#8221;electroluxpro-full-width-no-padding&#8221; equal_height=&#8221;yes&#8221;][vc_column reveal_effect=&#8221;&#8221; width=&#8221;1\/2&#8243;][elx_citation name=&#8221;Ramesh Palagiri, Dyrektor Zarz\u0105dzaj\u0105cy i Dyrektor Generalny oraz Maithili Bhojwani, Administracja&#8221; company=&#8221;Grupa Wirtgen &#8211; Pune, Indie&#8221;][elx_heading font_container=&#8221;h1&#8243; font_size=&#8221;h2&#8243; text_color=&#8221;inherit&#8221;]\u201cJeste\u015bmy szcz\u0119\u015bliwi, \u017ce mo\u017cemy pracowa\u0107 na \u015bwiatowej klasy wyposa\u017ceniu Electrolux, kt\u00f3re nie tylko daje nam komfort pracy w luksusowych warunkach, ale r\u00f3wnie\u017c pozwala nam utrzyma\u0107 mi\u0119dzynarodowe standardy czysto\u015bci i higieny w naszych [&hellip;]<\/p>\n","protected":false},"author":3,"featured_media":1304,"parent":2215,"menu_order":0,"comment_status":"closed","ping_status":"closed","template":"","meta":{"footnotes":""},"class_list":["post-1305","page","type-page","status-publish","has-post-thumbnail","hentry"],"acf":[],"yoast_head":"<!-- This site is optimized with the Yoast SEO plugin v23.3 - https:\/\/yoast.com\/wordpress\/plugins\/seo\/ -->\n<title>Sto\u0142\u00f3wki dla personelu - Electrolux Professional Polska<\/title>\n<meta name=\"description\" content=\"Zachowaj mi\u0119dzynarodowe standardy czysto\u015bci i higieny w swoich kuchniach dzi\u0119ki Electrolux Professional. Odkryj nasze rozwi\u0105zania dla kantyn pracowniczych.\" \/>\n<meta name=\"robots\" content=\"index, follow, max-snippet:-1, max-image-preview:large, max-video-preview:-1\" \/>\n<link rel=\"canonical\" href=\"https:\/\/www.electroluxprofessional.com\/pl\/twoj-biznes\/stolowki-dla-personelu\/\" \/>\n<meta property=\"og:locale\" content=\"pl_PL\" \/>\n<meta property=\"og:type\" content=\"article\" \/>\n<meta property=\"og:title\" content=\"Sto\u0142\u00f3wki dla personelu - Electrolux Professional Polska\" \/>\n<meta property=\"og:description\" content=\"Zachowaj mi\u0119dzynarodowe standardy czysto\u015bci i higieny w swoich kuchniach dzi\u0119ki Electrolux Professional. Odkryj nasze rozwi\u0105zania dla kantyn pracowniczych.\" \/>\n<meta property=\"og:url\" content=\"https:\/\/www.electroluxprofessional.com\/pl\/twoj-biznes\/stolowki-dla-personelu\/\" \/>\n<meta property=\"og:site_name\" content=\"Electrolux Professional Polska\" \/>\n<meta property=\"article:modified_time\" content=\"2025-11-05T15:30:20+00:00\" \/>\n<meta property=\"og:image\" content=\"https:\/\/www.electroluxprofessional.com\/pl\/wp-content\/uploads\/2016\/11\/staff-canteens1.jpg\" \/>\n\t<meta property=\"og:image:width\" content=\"700\" \/>\n\t<meta property=\"og:image:height\" content=\"700\" \/>\n\t<meta property=\"og:image:type\" content=\"image\/jpeg\" \/>\n<meta name=\"twitter:card\" content=\"summary_large_image\" \/>\n<meta name=\"twitter:label1\" content=\"Szacowany czas czytania\" \/>\n\t<meta name=\"twitter:data1\" content=\"3 minuty\" \/>\n<script type=\"application\/ld+json\" class=\"yoast-schema-graph\">{\"@context\":\"https:\/\/schema.org\",\"@graph\":[{\"@type\":\"WebPage\",\"@id\":\"https:\/\/www.electroluxprofessional.com\/pl\/twoj-biznes\/stolowki-dla-personelu\/\",\"url\":\"https:\/\/www.electroluxprofessional.com\/pl\/twoj-biznes\/stolowki-dla-personelu\/\",\"name\":\"Sto\u0142\u00f3wki dla personelu - Electrolux Professional Polska\",\"isPartOf\":{\"@id\":\"https:\/\/www.electroluxprofessional.com\/pl\/#website\"},\"primaryImageOfPage\":{\"@id\":\"https:\/\/www.electroluxprofessional.com\/pl\/twoj-biznes\/stolowki-dla-personelu\/#primaryimage\"},\"image\":{\"@id\":\"https:\/\/www.electroluxprofessional.com\/pl\/twoj-biznes\/stolowki-dla-personelu\/#primaryimage\"},\"thumbnailUrl\":\"https:\/\/www.electroluxprofessional.com\/pl\/wp-content\/uploads\/2016\/11\/staff-canteens1.jpg\",\"datePublished\":\"2016-11-22T14:26:38+00:00\",\"dateModified\":\"2025-11-05T15:30:20+00:00\",\"description\":\"Zachowaj mi\u0119dzynarodowe standardy czysto\u015bci i higieny w swoich kuchniach dzi\u0119ki Electrolux Professional. Odkryj nasze rozwi\u0105zania dla kantyn pracowniczych.\",\"breadcrumb\":{\"@id\":\"https:\/\/www.electroluxprofessional.com\/pl\/twoj-biznes\/stolowki-dla-personelu\/#breadcrumb\"},\"inLanguage\":\"pl-PL\",\"potentialAction\":[{\"@type\":\"ReadAction\",\"target\":[\"https:\/\/www.electroluxprofessional.com\/pl\/twoj-biznes\/stolowki-dla-personelu\/\"]}]},{\"@type\":\"ImageObject\",\"inLanguage\":\"pl-PL\",\"@id\":\"https:\/\/www.electroluxprofessional.com\/pl\/twoj-biznes\/stolowki-dla-personelu\/#primaryimage\",\"url\":\"https:\/\/www.electroluxprofessional.com\/pl\/wp-content\/uploads\/2016\/11\/staff-canteens1.jpg\",\"contentUrl\":\"https:\/\/www.electroluxprofessional.com\/pl\/wp-content\/uploads\/2016\/11\/staff-canteens1.jpg\",\"width\":700,\"height\":700,\"caption\":\"Staff Canteens\"},{\"@type\":\"BreadcrumbList\",\"@id\":\"https:\/\/www.electroluxprofessional.com\/pl\/twoj-biznes\/stolowki-dla-personelu\/#breadcrumb\",\"itemListElement\":[{\"@type\":\"ListItem\",\"position\":1,\"name\":\"Strona g\u0142\u00f3wna\",\"item\":\"https:\/\/www.electroluxprofessional.com\/pl\/\"},{\"@type\":\"ListItem\",\"position\":2,\"name\":\"Tw\u00f3j biznes\",\"item\":\"https:\/\/www.electroluxprofessional.com\/pl\/twoj-biznes\/\"},{\"@type\":\"ListItem\",\"position\":3,\"name\":\"Sto\u0142\u00f3wki dla personelu\"}]},{\"@type\":\"WebSite\",\"@id\":\"https:\/\/www.electroluxprofessional.com\/pl\/#website\",\"url\":\"https:\/\/www.electroluxprofessional.com\/pl\/\",\"name\":\"Electrolux Professional Polska\",\"description\":\"\",\"potentialAction\":[{\"@type\":\"SearchAction\",\"target\":{\"@type\":\"EntryPoint\",\"urlTemplate\":\"https:\/\/www.electroluxprofessional.com\/pl\/?src={search_term_string}\"},\"query-input\":\"required name=search_term_string\"}],\"inLanguage\":\"pl-PL\"}]}<\/script>\n<!-- \/ Yoast SEO plugin. -->","yoast_head_json":{"title":"Sto\u0142\u00f3wki dla personelu - Electrolux Professional Polska","description":"Zachowaj mi\u0119dzynarodowe standardy czysto\u015bci i higieny w swoich kuchniach dzi\u0119ki Electrolux Professional. Odkryj nasze rozwi\u0105zania dla kantyn pracowniczych.","robots":{"index":"index","follow":"follow","max-snippet":"max-snippet:-1","max-image-preview":"max-image-preview:large","max-video-preview":"max-video-preview:-1"},"canonical":"https:\/\/www.electroluxprofessional.com\/pl\/twoj-biznes\/stolowki-dla-personelu\/","og_locale":"pl_PL","og_type":"article","og_title":"Sto\u0142\u00f3wki dla personelu - Electrolux Professional Polska","og_description":"Zachowaj mi\u0119dzynarodowe standardy czysto\u015bci i higieny w swoich kuchniach dzi\u0119ki Electrolux Professional. Odkryj nasze rozwi\u0105zania dla kantyn pracowniczych.","og_url":"https:\/\/www.electroluxprofessional.com\/pl\/twoj-biznes\/stolowki-dla-personelu\/","og_site_name":"Electrolux Professional Polska","article_modified_time":"2025-11-05T15:30:20+00:00","og_image":[{"width":700,"height":700,"url":"https:\/\/www.electroluxprofessional.com\/pl\/wp-content\/uploads\/2016\/11\/staff-canteens1.jpg","type":"image\/jpeg"}],"twitter_card":"summary_large_image","twitter_misc":{"Szacowany czas czytania":"3 minuty"},"schema":{"@context":"https:\/\/schema.org","@graph":[{"@type":"WebPage","@id":"https:\/\/www.electroluxprofessional.com\/pl\/twoj-biznes\/stolowki-dla-personelu\/","url":"https:\/\/www.electroluxprofessional.com\/pl\/twoj-biznes\/stolowki-dla-personelu\/","name":"Sto\u0142\u00f3wki dla personelu - Electrolux Professional Polska","isPartOf":{"@id":"https:\/\/www.electroluxprofessional.com\/pl\/#website"},"primaryImageOfPage":{"@id":"https:\/\/www.electroluxprofessional.com\/pl\/twoj-biznes\/stolowki-dla-personelu\/#primaryimage"},"image":{"@id":"https:\/\/www.electroluxprofessional.com\/pl\/twoj-biznes\/stolowki-dla-personelu\/#primaryimage"},"thumbnailUrl":"https:\/\/www.electroluxprofessional.com\/pl\/wp-content\/uploads\/2016\/11\/staff-canteens1.jpg","datePublished":"2016-11-22T14:26:38+00:00","dateModified":"2025-11-05T15:30:20+00:00","description":"Zachowaj mi\u0119dzynarodowe standardy czysto\u015bci i higieny w swoich kuchniach dzi\u0119ki Electrolux Professional. Odkryj nasze rozwi\u0105zania dla kantyn pracowniczych.","breadcrumb":{"@id":"https:\/\/www.electroluxprofessional.com\/pl\/twoj-biznes\/stolowki-dla-personelu\/#breadcrumb"},"inLanguage":"pl-PL","potentialAction":[{"@type":"ReadAction","target":["https:\/\/www.electroluxprofessional.com\/pl\/twoj-biznes\/stolowki-dla-personelu\/"]}]},{"@type":"ImageObject","inLanguage":"pl-PL","@id":"https:\/\/www.electroluxprofessional.com\/pl\/twoj-biznes\/stolowki-dla-personelu\/#primaryimage","url":"https:\/\/www.electroluxprofessional.com\/pl\/wp-content\/uploads\/2016\/11\/staff-canteens1.jpg","contentUrl":"https:\/\/www.electroluxprofessional.com\/pl\/wp-content\/uploads\/2016\/11\/staff-canteens1.jpg","width":700,"height":700,"caption":"Staff Canteens"},{"@type":"BreadcrumbList","@id":"https:\/\/www.electroluxprofessional.com\/pl\/twoj-biznes\/stolowki-dla-personelu\/#breadcrumb","itemListElement":[{"@type":"ListItem","position":1,"name":"Strona g\u0142\u00f3wna","item":"https:\/\/www.electroluxprofessional.com\/pl\/"},{"@type":"ListItem","position":2,"name":"Tw\u00f3j biznes","item":"https:\/\/www.electroluxprofessional.com\/pl\/twoj-biznes\/"},{"@type":"ListItem","position":3,"name":"Sto\u0142\u00f3wki dla personelu"}]},{"@type":"WebSite","@id":"https:\/\/www.electroluxprofessional.com\/pl\/#website","url":"https:\/\/www.electroluxprofessional.com\/pl\/","name":"Electrolux Professional Polska","description":"","potentialAction":[{"@type":"SearchAction","target":{"@type":"EntryPoint","urlTemplate":"https:\/\/www.electroluxprofessional.com\/pl\/?src={search_term_string}"},"query-input":"required name=search_term_string"}],"inLanguage":"pl-PL"}]}},"_links":{"self":[{"href":"https:\/\/www.electroluxprofessional.com\/pl\/wp-json\/wp\/v2\/pages\/1305"}],"collection":[{"href":"https:\/\/www.electroluxprofessional.com\/pl\/wp-json\/wp\/v2\/pages"}],"about":[{"href":"https:\/\/www.electroluxprofessional.com\/pl\/wp-json\/wp\/v2\/types\/page"}],"author":[{"embeddable":true,"href":"https:\/\/www.electroluxprofessional.com\/pl\/wp-json\/wp\/v2\/users\/3"}],"replies":[{"embeddable":true,"href":"https:\/\/www.electroluxprofessional.com\/pl\/wp-json\/wp\/v2\/comments?post=1305"}],"version-history":[{"count":6,"href":"https:\/\/www.electroluxprofessional.com\/pl\/wp-json\/wp\/v2\/pages\/1305\/revisions"}],"predecessor-version":[{"id":11649,"href":"https:\/\/www.electroluxprofessional.com\/pl\/wp-json\/wp\/v2\/pages\/1305\/revisions\/11649"}],"up":[{"embeddable":true,"href":"https:\/\/www.electroluxprofessional.com\/pl\/wp-json\/wp\/v2\/pages\/2215"}],"wp:featuredmedia":[{"embeddable":true,"href":"https:\/\/www.electroluxprofessional.com\/pl\/wp-json\/wp\/v2\/media\/1304"}],"wp:attachment":[{"href":"https:\/\/www.electroluxprofessional.com\/pl\/wp-json\/wp\/v2\/media?parent=1305"}],"curies":[{"name":"wp","href":"https:\/\/api.w.org\/{rel}","templated":true}]}}