{"id":1303,"date":"2016-10-28T15:34:01","date_gmt":"2016-10-28T15:34:01","guid":{"rendered":"https:\/\/www.electroluxprofessional.com\/?page_id=3351"},"modified":"2025-11-05T15:33:04","modified_gmt":"2025-11-05T15:33:04","slug":"supermarkety","status":"publish","type":"page","link":"https:\/\/www.electroluxprofessional.com\/pl\/twoj-biznes\/supermarkety\/","title":{"rendered":"Supermarkety"},"content":{"rendered":"<p>[vc_row full_width=&#8221;electroluxpro-full-width-no-padding&#8221; equal_height=&#8221;yes&#8221;][vc_column reveal_effect=&#8221;&#8221; width=&#8221;1\/2&#8243;][elx_citation name=&#8221;Kenneth Vansina, Dyrektor ds. obs\u0142ugi klienta&#8221; company=&#8221;Makro Cash &amp; Carry Belgia&#8221;][elx_heading font_size=&#8221;h2&#8243; text_color=&#8221;inherit&#8221;]Jako du\u017cy gracz na rynku sprzeda\u017cy detalicznej, wci\u0105\u017c staramy si\u0119 zaskakiwa\u0107 naszych klient\u00f3w i oferowa\u0107 im co\u015b wi\u0119cej ni\u017c nasza konkurencja. Poprzez w\u0142\u0105czenie Libero Point do ka\u017cdego z naszych 15 punkt\u00f3w sprzeda\u017cy, uda\u0142o nam si\u0119 uatrakcyjni\u0107 ofert\u0119 naszych sklep\u00f3w. Teraz mo\u017cemy oferowa\u0107 nie tylko wysokiej jako\u015bci produkty, lecz tak\u017ce staramy si\u0119 zainspirowa\u0107 naszych klient\u00f3w.[\/elx_heading][\/elx_citation][\/vc_column][vc_column reveal_effect=&#8221;&#8221; width=&#8221;1\/2&#8243;][elx_image_block background_image=&#8221;326&#8243; vert_back_position=&#8221;top&#8221; minimum_height=&#8221;700px&#8221;][\/vc_column][\/vc_row][vc_row][vc_column][vc_empty_space height=&#8221;50px&#8221;][\/vc_column][\/vc_row][vc_row][vc_column][elx_heading font_container=&#8221;h1&#8243; font_size=&#8221;h2&#8243; text_color=&#8221;retail&#8221; text_align=&#8221;text-center&#8221;]Rozwi\u0105zania gastronomiczne dla bran\u017cy spo\u017cywczej<\/p>\n<p>[\/elx_heading][\/vc_column][\/vc_row][vc_row][vc_column][vc_empty_space][\/vc_column][\/vc_row][vc_row css=&#8221;.vc_custom_1465562028814{padding-bottom: 30px !important;}&#8221;][vc_column width=&#8221;1\/2&#8243;][elx_image_block background_image=&#8221;548&#8243; vert_back_position=&#8221;top&#8221; minimum_height=&#8221;600px&#8221;][\/vc_column][vc_column width=&#8221;1\/2&#8243;][elx_heading font_size=&#8221;h2&#8243; text_color=&#8221;inherit&#8221;]NaturaS\u00ec[\/elx_heading][elx_heading font_container=&#8221;h4&#8243; font_size=&#8221;h4&#8243; text_color=&#8221;inherit&#8221;]otworzy\u0142o pierwsze bio-Bistro we wsp\u00f3\u0142pracy z Electrolux Professional[\/elx_heading][vc_column_text]W centrum Treviso, we W\u0142oszech, kilka krok\u00f3w od Placu Vittoria, znajduje si\u0119 NaturaS\u00ec: sie\u0107 supermarket\u00f3w skupiaj\u0105c\u0105 si\u0119 wy\u0142\u0105cznie na produktach biologicznych.<\/p>\n<p><em>\u201cNaszym celem jest wprowadzenie tej koncepcji w innych miastach, zar\u00f3wno w\u0142oskich, jak i europejskich, najlepiej przy pomocy Electrolux Professional, partnera technicznego, kt\u00f3ry zdo\u0142a\u0142 zrealizowa\u0107 nasze wymagania maj\u0105c do dyspozycji niewielk\u0105 przestrze\u0144 \u201d<\/em><\/p>\n<p><strong>Andrea Frizzarin<\/strong>, Mened\u017cer ds. Rozwoju Rynkowego[\/vc_column_text][\/vc_column][\/vc_row][vc_row css=&#8221;.vc_custom_1465562028814{padding-bottom: 30px !important;}&#8221;][vc_column width=&#8221;1\/2&#8243;][elx_heading font_size=&#8221;h2&#8243; text_color=&#8221;inherit&#8221;]Eataly[\/elx_heading][elx_heading font_container=&#8221;h4&#8243; font_size=&#8221;h4&#8243; text_color=&#8221;inherit&#8221;]\u201cNigdy nie zmieniaj zwyci\u0119skiej dru\u017cyny!\u201d[\/elx_heading][vc_column_text]To motto, kt\u00f3re najlepiej wyra\u017ca partnerstwo Electrolux Professional i Eataly, dw\u00f3ch firm, kt\u00f3re opieraj\u0105 ca\u0142\u0105 swoj\u0105 dzia\u0142alno\u015b\u0107 na idei d\u0105\u017cenia do doskona\u0142o\u015bci.<\/p>\n<p>Wsp\u00f3\u0142praca rozpocz\u0119\u0142a si\u0119 w 2007 roku, kiedy zarz\u0105d Eataly zrozumia\u0142, \u017ce Electrolux Professional mo\u017ce pe\u0142ni\u0107 rol\u0119 nie tylko jedynego w swoim rodzaju dostawcy i doradcy, ale przede wszystkim partnera technicznego zdolnego zaspokoi\u0107 wszystkie potrzeby firmy.[\/vc_column_text][elx_button button_text=&#8221;Restauracje sieciowe: Co sprawia, \u017ce jeste\u015bmy wyj\u0105tkowi?&#8221; button_link=&#8221;url:https%3A%2F%2Fprofessional.electrolux.pl%2Ftwoj-biznes%2Fsieci-restauracji%2F|||&#8221;][\/vc_column][vc_column width=&#8221;1\/2&#8243;][elx_image_block background_image=&#8221;332&#8243; minimum_height=&#8221;500px&#8221;][\/vc_column][\/vc_row][vc_row][vc_column][vc_empty_space height=&#8221;50px&#8221;][\/vc_column][\/vc_row][vc_row][vc_column][elx_heading font_size=&#8221;h3&#8243; text_color=&#8221;inherit&#8221; text_align=&#8221;text-center&#8221;]Rozwi\u0105zania i wskaz\u00f3wki dla handlu detalicznego<\/p>\n<p>[\/elx_heading][\/vc_column][\/vc_row][vc_row][vc_column width=&#8221;1\/2&#8243;][vc_single_image image=&#8221;1297&#8243; img_size=&#8221;full&#8221; alignment=&#8221;center&#8221;][elx_simple_block][vc_single_image image=&#8221;1298&#8243; img_size=&#8221;full&#8221;][elx_heading font_container=&#8221;h3&#8243; font_size=&#8221;h3&#8243; text_color=&#8221;inherit&#8221;]Stacja Cook &amp; Chill[\/elx_heading][vc_column_text]<strong>Od tradycji do nowych trend\u00f3w \u017cywieniowych<\/strong><br \/>\nUnikatowe rozwi\u0105zanie pozwalaj\u0105ce wydoby\u0107 pe\u0142ni\u0119 smaku z tradycyjnego menu Twojego punktu gastronomicznego, oferuj\u0105ce mo\u017cliwo\u015b\u0107 \u0142atwego poszerzania menu, bez konieczno\u015bci dodawania nowego sprz\u0119tu do gotowania.<\/p>\n<p><strong>Gwarancja sta\u0142ej jako\u015bci<br \/>\n<\/strong>Maksymalna powtarzalno\u015b\u0107 i wydajno\u015b\u0107 dzi\u0119ki automatycznym, zr\u00f3wnowa\u017conym technikom gotowania i ch\u0142odzenia. Uproszczony interfejs u\u0142atwiaj\u0105cy wyb\u00f3r funkcji. Dzi\u0119ki po\u0142\u0105czeniu Air-o-Steam Touchline i Air-o-Chill osi\u0105gni\u0119cie sp\u00f3jno\u015bci wynik\u00f3w gotowania nigdy nie by\u0142o tak \u0142atwe.<\/p>\n<p><strong>Maksymalna wydajno\u015b\u0107 na przestrzeni mniejszej ni\u017c 1m2<\/strong><br \/>\nWie\u017ca Electrolux cook&amp;chill z bezwonnym kapturem jest doskona\u0142ym rozwi\u0105zaniem, kt\u00f3re pomo\u017ce Ci w codziennej pracy: system daje mo\u017cliwo\u015b\u0107 zwi\u0119kszenia rentowno\u015bci poprzez skr\u00f3cenie czasu gotowania i ch\u0142odzenia, wyd\u0142u\u017cenie okresu przydatno\u015bci do spo\u017cycia potraw oraz zmniejszenie ilo\u015bci generowanych odpadk\u00f3w. Nasza Akademia Szef\u00f3w Kuchni Electrolux pomo\u017ce Ci w optymalizacji pracy nawet w niewielkich kuchniach.[\/vc_column_text][\/elx_simple_block][\/vc_column][vc_column width=&#8221;1\/2&#8243;][vc_row_inner][vc_column_inner offset=&#8221;vc_hidden-sm vc_hidden-xs&#8221;][vc_empty_space height=&#8221;186px&#8221;][\/vc_column_inner][\/vc_row_inner][vc_single_image image=&#8221;1299&#8243; img_size=&#8221;full&#8221; alignment=&#8221;center&#8221;][elx_simple_block][vc_single_image image=&#8221;1300&#8243; img_size=&#8221;full&#8221;][elx_heading font_container=&#8221;h3&#8243; font_size=&#8221;h3&#8243; text_color=&#8221;inherit&#8221;]Stacja przygotowywania kanapek[\/elx_heading][vc_column_text]<strong>Szybko\u015b\u0107 jeszcze nigdy nie smakowa\u0142a tak dobrze<br \/>\n<\/strong>Gor\u0105ce przek\u0105ski i kanapki w ci\u0105gu 30 sekund dzi\u0119ki SpeeDelight: do 6 razy szybciej ni\u017c standardowe urz\u0105dzenia dzi\u0119ki kombinacji 3 r\u00f3\u017cnych technologii gotowania.<\/p>\n<p><strong>Kompaktowa stacja<br \/>\n<\/strong>Na niewielkiej przestrzeni znajdziesz wszystko czego potrzebujesz by m\u00f3c przygotowywa\u0107 kanapki i je grillowa\u0107: krojenie, mieszanie, przechowywanie i grillowanie.<\/p>\n<p><strong>Ku\u017ania pomys\u0142\u00f3w<\/strong><strong><br \/>\n<\/strong>Wraz ze SpeeDelight mo\u017cesz popu\u015bci\u0107 wodze fantazji dzi\u0119ki r\u00f3\u017cnorodnym, zindywidualizowanym programom gotowania, kt\u00f3re uruchomisz za pomoc\u0105 jednego przycisku.[\/vc_column_text][\/elx_simple_block][\/vc_column][\/vc_row][vc_row][vc_column][elx_heading font_size=&#8221;h3&#8243; text_color=&#8221;inherit&#8221; text_align=&#8221;text-center&#8221;]Nasze rozwi\u0105zania dla handlu detalicznego[\/elx_heading][\/vc_column][\/vc_row][vc_row css=&#8221;.vc_custom_1483966760851{padding-top: 20px !important;padding-bottom: 20px !important;}&#8221;][vc_column width=&#8221;1\/3&#8243;][elx_maylike_box id_box=&#8221;1301&#8243;][\/vc_column][vc_column width=&#8221;1\/3&#8243;][\/vc_column][vc_column width=&#8221;1\/3&#8243;][elx_maylike_box id_box=&#8221;1302&#8243;][\/vc_column][\/vc_row][vc_row][vc_column][vc_empty_space height=&#8221;50px&#8221;][\/vc_column][\/vc_row][vc_row][vc_column][elx_heading font_size=&#8221;h2&#8243; text_color=&#8221;inherit&#8221; text_align=&#8221;text-center&#8221;]B\u0105d\u017a w kontakcie z naszymi ekspertami[\/elx_heading][elx_o2000_contact_us s=&#8221;Request of information about solutions for retail market&#8221; country=&#8221;Poland&#8221; container=&#8221;elxcontactus1466430938&#8243; r=&#8221;Chcia\u0142bym dowiedzie\u0107 si\u0119 wi\u0119cej o rozwi\u0105zaniach dla rynku detalicznego. Prosz\u0119 si\u0119 ze mn\u0105 skontaktowa\u0107.&#8221; l=&#8221;pl&#8221;][vc_empty_space height=&#8221;50px&#8221;][\/vc_column][\/vc_row]<\/p>\n","protected":false},"excerpt":{"rendered":"<p>[vc_row full_width=&#8221;electroluxpro-full-width-no-padding&#8221; equal_height=&#8221;yes&#8221;][vc_column reveal_effect=&#8221;&#8221; width=&#8221;1\/2&#8243;][elx_citation name=&#8221;Kenneth Vansina, Dyrektor ds. obs\u0142ugi klienta&#8221; company=&#8221;Makro Cash &amp; Carry Belgia&#8221;][elx_heading font_size=&#8221;h2&#8243; text_color=&#8221;inherit&#8221;]Jako du\u017cy gracz na rynku sprzeda\u017cy detalicznej, wci\u0105\u017c staramy si\u0119 zaskakiwa\u0107 naszych klient\u00f3w i oferowa\u0107 im co\u015b wi\u0119cej ni\u017c nasza konkurencja. Poprzez w\u0142\u0105czenie Libero Point do ka\u017cdego z naszych 15 punkt\u00f3w sprzeda\u017cy, uda\u0142o nam si\u0119 uatrakcyjni\u0107 ofert\u0119 naszych [&hellip;]<\/p>\n","protected":false},"author":3,"featured_media":1292,"parent":2215,"menu_order":0,"comment_status":"closed","ping_status":"closed","template":"","meta":{"footnotes":""},"class_list":["post-1303","page","type-page","status-publish","has-post-thumbnail","hentry"],"acf":[],"yoast_head":"<!-- This site is optimized with the Yoast SEO plugin v23.3 - https:\/\/yoast.com\/wordpress\/plugins\/seo\/ -->\n<title>Rozwi\u0105zania gastronomiczne dla bran\u017cy spo\u017cywczej<\/title>\n<meta name=\"description\" content=\"Rozwi\u0105zania gastronomiczne dla bran\u017cy spo\u017cywczej\" \/>\n<meta name=\"robots\" content=\"index, follow, max-snippet:-1, max-image-preview:large, max-video-preview:-1\" \/>\n<link rel=\"canonical\" href=\"https:\/\/www.electroluxprofessional.com\/pl\/twoj-biznes\/supermarkety\/\" \/>\n<meta property=\"og:locale\" content=\"pl_PL\" \/>\n<meta property=\"og:type\" content=\"article\" \/>\n<meta property=\"og:title\" content=\"Rozwi\u0105zania gastronomiczne dla bran\u017cy spo\u017cywczej\" \/>\n<meta property=\"og:description\" content=\"Rozwi\u0105zania gastronomiczne dla bran\u017cy spo\u017cywczej\" \/>\n<meta property=\"og:url\" content=\"https:\/\/www.electroluxprofessional.com\/pl\/twoj-biznes\/supermarkety\/\" \/>\n<meta property=\"og:site_name\" content=\"Electrolux Professional Polska\" \/>\n<meta property=\"article:modified_time\" content=\"2025-11-05T15:33:04+00:00\" \/>\n<meta property=\"og:image\" content=\"https:\/\/www.electroluxprofessional.com\/pl\/wp-content\/uploads\/2016\/11\/prev-e1480494567162.jpg\" \/>\n\t<meta property=\"og:image:width\" content=\"1500\" \/>\n\t<meta property=\"og:image:height\" content=\"1000\" \/>\n\t<meta property=\"og:image:type\" content=\"image\/jpeg\" \/>\n<meta name=\"twitter:card\" content=\"summary_large_image\" \/>\n<meta name=\"twitter:label1\" content=\"Szacowany czas czytania\" \/>\n\t<meta name=\"twitter:data1\" content=\"4 minuty\" \/>\n<script type=\"application\/ld+json\" class=\"yoast-schema-graph\">{\"@context\":\"https:\/\/schema.org\",\"@graph\":[{\"@type\":\"WebPage\",\"@id\":\"https:\/\/www.electroluxprofessional.com\/pl\/twoj-biznes\/supermarkety\/\",\"url\":\"https:\/\/www.electroluxprofessional.com\/pl\/twoj-biznes\/supermarkety\/\",\"name\":\"Rozwi\u0105zania gastronomiczne dla bran\u017cy spo\u017cywczej\",\"isPartOf\":{\"@id\":\"https:\/\/www.electroluxprofessional.com\/pl\/#website\"},\"primaryImageOfPage\":{\"@id\":\"https:\/\/www.electroluxprofessional.com\/pl\/twoj-biznes\/supermarkety\/#primaryimage\"},\"image\":{\"@id\":\"https:\/\/www.electroluxprofessional.com\/pl\/twoj-biznes\/supermarkety\/#primaryimage\"},\"thumbnailUrl\":\"https:\/\/www.electroluxprofessional.com\/pl\/wp-content\/uploads\/2016\/11\/prev-e1480494567162.jpg\",\"datePublished\":\"2016-10-28T15:34:01+00:00\",\"dateModified\":\"2025-11-05T15:33:04+00:00\",\"description\":\"Rozwi\u0105zania gastronomiczne dla bran\u017cy spo\u017cywczej\",\"breadcrumb\":{\"@id\":\"https:\/\/www.electroluxprofessional.com\/pl\/twoj-biznes\/supermarkety\/#breadcrumb\"},\"inLanguage\":\"pl-PL\",\"potentialAction\":[{\"@type\":\"ReadAction\",\"target\":[\"https:\/\/www.electroluxprofessional.com\/pl\/twoj-biznes\/supermarkety\/\"]}]},{\"@type\":\"ImageObject\",\"inLanguage\":\"pl-PL\",\"@id\":\"https:\/\/www.electroluxprofessional.com\/pl\/twoj-biznes\/supermarkety\/#primaryimage\",\"url\":\"https:\/\/www.electroluxprofessional.com\/pl\/wp-content\/uploads\/2016\/11\/prev-e1480494567162.jpg\",\"contentUrl\":\"https:\/\/www.electroluxprofessional.com\/pl\/wp-content\/uploads\/2016\/11\/prev-e1480494567162.jpg\",\"width\":1500,\"height\":1000,\"caption\":\"grocery retail and supermarkets\"},{\"@type\":\"BreadcrumbList\",\"@id\":\"https:\/\/www.electroluxprofessional.com\/pl\/twoj-biznes\/supermarkety\/#breadcrumb\",\"itemListElement\":[{\"@type\":\"ListItem\",\"position\":1,\"name\":\"Strona g\u0142\u00f3wna\",\"item\":\"https:\/\/www.electroluxprofessional.com\/pl\/\"},{\"@type\":\"ListItem\",\"position\":2,\"name\":\"Tw\u00f3j biznes\",\"item\":\"https:\/\/www.electroluxprofessional.com\/pl\/twoj-biznes\/\"},{\"@type\":\"ListItem\",\"position\":3,\"name\":\"Supermarkety\"}]},{\"@type\":\"WebSite\",\"@id\":\"https:\/\/www.electroluxprofessional.com\/pl\/#website\",\"url\":\"https:\/\/www.electroluxprofessional.com\/pl\/\",\"name\":\"Electrolux Professional Polska\",\"description\":\"\",\"potentialAction\":[{\"@type\":\"SearchAction\",\"target\":{\"@type\":\"EntryPoint\",\"urlTemplate\":\"https:\/\/www.electroluxprofessional.com\/pl\/?src={search_term_string}\"},\"query-input\":\"required name=search_term_string\"}],\"inLanguage\":\"pl-PL\"}]}<\/script>\n<!-- \/ Yoast SEO plugin. -->","yoast_head_json":{"title":"Rozwi\u0105zania gastronomiczne dla bran\u017cy spo\u017cywczej","description":"Rozwi\u0105zania gastronomiczne dla bran\u017cy spo\u017cywczej","robots":{"index":"index","follow":"follow","max-snippet":"max-snippet:-1","max-image-preview":"max-image-preview:large","max-video-preview":"max-video-preview:-1"},"canonical":"https:\/\/www.electroluxprofessional.com\/pl\/twoj-biznes\/supermarkety\/","og_locale":"pl_PL","og_type":"article","og_title":"Rozwi\u0105zania gastronomiczne dla bran\u017cy spo\u017cywczej","og_description":"Rozwi\u0105zania gastronomiczne dla bran\u017cy spo\u017cywczej","og_url":"https:\/\/www.electroluxprofessional.com\/pl\/twoj-biznes\/supermarkety\/","og_site_name":"Electrolux Professional Polska","article_modified_time":"2025-11-05T15:33:04+00:00","og_image":[{"width":1500,"height":1000,"url":"https:\/\/www.electroluxprofessional.com\/pl\/wp-content\/uploads\/2016\/11\/prev-e1480494567162.jpg","type":"image\/jpeg"}],"twitter_card":"summary_large_image","twitter_misc":{"Szacowany czas czytania":"4 minuty"},"schema":{"@context":"https:\/\/schema.org","@graph":[{"@type":"WebPage","@id":"https:\/\/www.electroluxprofessional.com\/pl\/twoj-biznes\/supermarkety\/","url":"https:\/\/www.electroluxprofessional.com\/pl\/twoj-biznes\/supermarkety\/","name":"Rozwi\u0105zania gastronomiczne dla bran\u017cy spo\u017cywczej","isPartOf":{"@id":"https:\/\/www.electroluxprofessional.com\/pl\/#website"},"primaryImageOfPage":{"@id":"https:\/\/www.electroluxprofessional.com\/pl\/twoj-biznes\/supermarkety\/#primaryimage"},"image":{"@id":"https:\/\/www.electroluxprofessional.com\/pl\/twoj-biznes\/supermarkety\/#primaryimage"},"thumbnailUrl":"https:\/\/www.electroluxprofessional.com\/pl\/wp-content\/uploads\/2016\/11\/prev-e1480494567162.jpg","datePublished":"2016-10-28T15:34:01+00:00","dateModified":"2025-11-05T15:33:04+00:00","description":"Rozwi\u0105zania gastronomiczne dla bran\u017cy spo\u017cywczej","breadcrumb":{"@id":"https:\/\/www.electroluxprofessional.com\/pl\/twoj-biznes\/supermarkety\/#breadcrumb"},"inLanguage":"pl-PL","potentialAction":[{"@type":"ReadAction","target":["https:\/\/www.electroluxprofessional.com\/pl\/twoj-biznes\/supermarkety\/"]}]},{"@type":"ImageObject","inLanguage":"pl-PL","@id":"https:\/\/www.electroluxprofessional.com\/pl\/twoj-biznes\/supermarkety\/#primaryimage","url":"https:\/\/www.electroluxprofessional.com\/pl\/wp-content\/uploads\/2016\/11\/prev-e1480494567162.jpg","contentUrl":"https:\/\/www.electroluxprofessional.com\/pl\/wp-content\/uploads\/2016\/11\/prev-e1480494567162.jpg","width":1500,"height":1000,"caption":"grocery retail and supermarkets"},{"@type":"BreadcrumbList","@id":"https:\/\/www.electroluxprofessional.com\/pl\/twoj-biznes\/supermarkety\/#breadcrumb","itemListElement":[{"@type":"ListItem","position":1,"name":"Strona g\u0142\u00f3wna","item":"https:\/\/www.electroluxprofessional.com\/pl\/"},{"@type":"ListItem","position":2,"name":"Tw\u00f3j biznes","item":"https:\/\/www.electroluxprofessional.com\/pl\/twoj-biznes\/"},{"@type":"ListItem","position":3,"name":"Supermarkety"}]},{"@type":"WebSite","@id":"https:\/\/www.electroluxprofessional.com\/pl\/#website","url":"https:\/\/www.electroluxprofessional.com\/pl\/","name":"Electrolux Professional Polska","description":"","potentialAction":[{"@type":"SearchAction","target":{"@type":"EntryPoint","urlTemplate":"https:\/\/www.electroluxprofessional.com\/pl\/?src={search_term_string}"},"query-input":"required name=search_term_string"}],"inLanguage":"pl-PL"}]}},"_links":{"self":[{"href":"https:\/\/www.electroluxprofessional.com\/pl\/wp-json\/wp\/v2\/pages\/1303"}],"collection":[{"href":"https:\/\/www.electroluxprofessional.com\/pl\/wp-json\/wp\/v2\/pages"}],"about":[{"href":"https:\/\/www.electroluxprofessional.com\/pl\/wp-json\/wp\/v2\/types\/page"}],"author":[{"embeddable":true,"href":"https:\/\/www.electroluxprofessional.com\/pl\/wp-json\/wp\/v2\/users\/3"}],"replies":[{"embeddable":true,"href":"https:\/\/www.electroluxprofessional.com\/pl\/wp-json\/wp\/v2\/comments?post=1303"}],"version-history":[{"count":9,"href":"https:\/\/www.electroluxprofessional.com\/pl\/wp-json\/wp\/v2\/pages\/1303\/revisions"}],"predecessor-version":[{"id":11658,"href":"https:\/\/www.electroluxprofessional.com\/pl\/wp-json\/wp\/v2\/pages\/1303\/revisions\/11658"}],"up":[{"embeddable":true,"href":"https:\/\/www.electroluxprofessional.com\/pl\/wp-json\/wp\/v2\/pages\/2215"}],"wp:featuredmedia":[{"embeddable":true,"href":"https:\/\/www.electroluxprofessional.com\/pl\/wp-json\/wp\/v2\/media\/1292"}],"wp:attachment":[{"href":"https:\/\/www.electroluxprofessional.com\/pl\/wp-json\/wp\/v2\/media?parent=1303"}],"curies":[{"name":"wp","href":"https:\/\/api.w.org\/{rel}","templated":true}]}}