{"id":1296,"date":"2016-12-01T09:25:32","date_gmt":"2016-12-01T09:25:32","guid":{"rendered":"https:\/\/www.electroluxprofessional.com\/?page_id=6232"},"modified":"2020-09-04T10:35:49","modified_gmt":"2020-09-04T10:35:49","slug":"bary-i-kawiarnie","status":"publish","type":"page","link":"https:\/\/www.electroluxprofessional.com\/pl\/twoj-biznes\/bary-i-kawiarnie\/","title":{"rendered":"Bary i kawiarnie"},"content":{"rendered":"<p>[vc_row full_width=&#8221;electroluxpro-full-width-no-padding&#8221; equal_height=&#8221;yes&#8221;][vc_column width=&#8221;2\/3&#8243;][elx_image_block background_image=&#8221;606&#8243; minimum_height=&#8221;500px&#8221;][\/vc_column][vc_column width=&#8221;1\/3&#8243;][elx_image_block background_image=&#8221;607&#8243; minimum_height=&#8221;500px&#8221;][\/vc_column][\/vc_row][vc_row full_height=&#8221;yes&#8221;][vc_column][vc_empty_space][elx_heading font_container=&#8221;h1&#8243; font_size=&#8221;h2&#8243; text_color=&#8221;inherit&#8221; text_align=&#8221;text-center&#8221;]Rozwi\u0105zania dla <strong>bar\u00f3w i kawiarni<\/strong>[\/elx_heading][\/vc_column][\/vc_row][vc_row][vc_column width=&#8221;1\/3&#8243;][vc_single_image image=&#8221;1293&#8243; img_size=&#8221;573&#215;730&#8243; onclick=&#8221;custom_link&#8221; css=&#8221;.vc_custom_1503649103356{padding-top: 60px !important;}&#8221; link=&#8221;https:\/\/www.electroluxprofessional.com\/pl\/gastronomia\/urzadzenia-do-zmywania\/zmywarki-szkla-zmywarki-podblatowe\/&#8221;][elx_heading text_color=&#8221;inherit&#8221;]<strong>Elektroniczna zmywarka do szk\u0142a E-flex<\/strong>[\/elx_heading][vc_column_text]<\/p>\n<ul>\n<li>Bezpieczna i ergonomiczna<\/li>\n<li>Niedo\u015bcigniona wydajno\u015b\u0107<\/li>\n<li>Najwy\u017cszy poziom higieny<\/li>\n<li>D\u0142uga \u017cywotno\u015b\u0107<\/li>\n<\/ul>\n<p>[\/vc_column_text][\/vc_column][vc_column width=&#8221;1\/3&#8243;][vc_single_image image=&#8221;1295&#8243; img_size=&#8221;full&#8221; onclick=&#8221;custom_link&#8221; css=&#8221;.vc_custom_1503648039572{padding-top: 60px !important;}&#8221; link=&#8221;https:\/\/www.electroluxprofessional.com\/pl\/gastronomia\/speedelight\/&#8221;][elx_heading text_color=&#8221;inherit&#8221;]<strong>SpeeDelight<\/strong>[\/elx_heading][vc_column_text]<\/p>\n<ul>\n<li>Oferuj zdrowe, pyszne przek\u0105ski szybko i skutecznie<\/li>\n<li>Jako\u015b\u0107 na ka\u017cdym poziomie dzi\u0119ki <strong>trzem systemom gotowania<\/strong><\/li>\n<li>Pokrywa podniesie si\u0119 automatycznie, w momencie gdy Twoja przek\u0105ska jest gotowa<\/li>\n<\/ul>\n<p>[\/vc_column_text][\/vc_column][vc_column width=&#8221;1\/3&#8243;][vc_single_image image=&#8221;617&#8243; img_size=&#8221;573&#215;730&#8243; onclick=&#8221;custom_link&#8221; css=&#8221;.vc_custom_1503648061417{padding-top: 60px !important;}&#8221; link=&#8221;https:\/\/www.electroluxprofessional.com\/pl\/gastronomia\/linia-libero\/&#8221;][elx_heading text_color=&#8221;inherit&#8221;]<strong>Linia grzewcza Libero<\/strong>[\/elx_heading][vc_column_text]<\/p>\n<ul>\n<li>W pe\u0142ni mobilne <strong>urz\u0105dzenia do gotowania<\/strong><\/li>\n<li>Przygotuj i serwuj \u015bwie\u017ce i smaczne potrawy ka\u017cdemu, w dowolnym miejscu i w rekordowo szybkim czasie<\/li>\n<li>\u0141atwa instalacja: p\u0142yta do sma\u017cenia, blacha do pieczenia, wok indukcyjny, p\u0142yta indukcyjna, mini piec konwekcyjnio-parowy<\/li>\n<\/ul>\n<p>[\/vc_column_text][\/vc_column][\/vc_row][vc_row][vc_column][vc_empty_space][\/vc_column][\/vc_row][vc_row css=&#8221;.vc_custom_1480591577587{background-color: #f7f6f6 !important;}&#8221;][vc_column][vc_empty_space][\/vc_column][\/vc_row][vc_row full_width=&#8221;electroluxpro-container-no-padding&#8221; equal_height=&#8221;yes&#8221; content_placement=&#8221;middle&#8221; css=&#8221;.vc_custom_1483967726445{background-color: #f7f6f6 !important;}&#8221;][vc_column width=&#8221;1\/3&#8243;][elx_image_block background_image=&#8221;1289&#8243; minimum_height=&#8221;309px&#8221;][\/vc_column][vc_column width=&#8221;1\/3&#8243;][elx_simple_block text_align=&#8221;text-center&#8221; background_color=&#8221;electrolux-blue&#8221;][elx_heading text_color=&#8221;white&#8221;]Sieci restauracji[\/elx_heading][vc_column_text]<\/p>\n<p style=\"text-align: center;\"><span style=\"color: #ffffff;\">Co sprawia, \u017ce jeste\u015bmy wyj\u0105tkowi?<\/span><\/p>\n<p>[\/vc_column_text][elx_button button_text=&#8221;Dowiedz si\u0119 wi\u0119cej&#8221; button_link=&#8221;url:https%3A%2F%2Fprofessional.electrolux.pl%2Ftwoj-biznes%2Fsieci-restauracji%2F|||&#8221;][\/elx_simple_block][\/vc_column][vc_column width=&#8221;1\/3&#8243;][elx_image_block background_image=&#8221;1290&#8243; vert_back_position=&#8221;top&#8221; minimum_height=&#8221;309px&#8221;][\/vc_column][\/vc_row][vc_row css=&#8221;.vc_custom_1480591577587{background-color: #f7f6f6 !important;}&#8221;][vc_column][vc_empty_space][\/vc_column][\/vc_row][vc_row][vc_column][vc_empty_space height=&#8221;50px&#8221;][elx_heading text_color=&#8221;inherit&#8221; text_align=&#8221;text-center&#8221;]Dowiedz si\u0119 jak Electrolux mo\u017ce pom\u00f3c Twojej firmie [\/elx_heading][elx_o2000_contact_us r=&#8221;Chcia\u0142bym dowiedzie\u0107 si\u0119 wi\u0119cej o rozwi\u0105zaniach dla mojej firmy.&#8221; s=&#8221;Your request for information: bar and caf\u00e8s&#8221; country=&#8221;Poland&#8221; l=&#8221;pl&#8221; container=&#8221;elxcontactus1469457379&#8243;][vc_empty_space height=&#8221;50px&#8221;][\/vc_column][\/vc_row]<\/p>\n","protected":false},"excerpt":{"rendered":"<p>[vc_row full_width=&#8221;electroluxpro-full-width-no-padding&#8221; equal_height=&#8221;yes&#8221;][vc_column width=&#8221;2\/3&#8243;][elx_image_block background_image=&#8221;606&#8243; minimum_height=&#8221;500px&#8221;][\/vc_column][vc_column width=&#8221;1\/3&#8243;][elx_image_block background_image=&#8221;607&#8243; minimum_height=&#8221;500px&#8221;][\/vc_column][\/vc_row][vc_row full_height=&#8221;yes&#8221;][vc_column][vc_empty_space][elx_heading font_container=&#8221;h1&#8243; font_size=&#8221;h2&#8243; text_color=&#8221;inherit&#8221; text_align=&#8221;text-center&#8221;]Rozwi\u0105zania dla bar\u00f3w i kawiarni[\/elx_heading][\/vc_column][\/vc_row][vc_row][vc_column width=&#8221;1\/3&#8243;][vc_single_image image=&#8221;1293&#8243; img_size=&#8221;573&#215;730&#8243; onclick=&#8221;custom_link&#8221; css=&#8221;.vc_custom_1503649103356{padding-top: 60px !important;}&#8221; link=&#8221;https:\/\/www.electroluxprofessional.com\/pl\/gastronomia\/urzadzenia-do-zmywania\/zmywarki-szkla-zmywarki-podblatowe\/&#8221;][elx_heading text_color=&#8221;inherit&#8221;]Elektroniczna zmywarka do szk\u0142a E-flex[\/elx_heading][vc_column_text] Bezpieczna i ergonomiczna Niedo\u015bcigniona wydajno\u015b\u0107 Najwy\u017cszy poziom higieny D\u0142uga \u017cywotno\u015b\u0107 [\/vc_column_text][\/vc_column][vc_column width=&#8221;1\/3&#8243;][vc_single_image image=&#8221;1295&#8243; img_size=&#8221;full&#8221; onclick=&#8221;custom_link&#8221; css=&#8221;.vc_custom_1503648039572{padding-top: 60px !important;}&#8221; link=&#8221;https:\/\/www.electroluxprofessional.com\/pl\/gastronomia\/speedelight\/&#8221;][elx_heading text_color=&#8221;inherit&#8221;]SpeeDelight[\/elx_heading][vc_column_text] Oferuj zdrowe, pyszne przek\u0105ski [&hellip;]<\/p>\n","protected":false},"author":3,"featured_media":1214,"parent":2215,"menu_order":0,"comment_status":"closed","ping_status":"closed","template":"","meta":{"footnotes":""},"class_list":["post-1296","page","type-page","status-publish","has-post-thumbnail","hentry"],"acf":[],"yoast_head":"<!-- This site is optimized with the Yoast SEO plugin v23.3 - https:\/\/yoast.com\/wordpress\/plugins\/seo\/ -->\n<title>Bary i kawiarnie - Electrolux Professional Polska<\/title>\n<meta name=\"description\" content=\"Odkryj nasze rozwi\u0105zania dla winiarni, pub\u00f3w, bistro, bar\u00f3w i kawiarni: elektroniczna zmywarka do szk\u0142a, szybki grill z przek\u0105skami SpeeDelight, mobilne gotowanie z linii Libero.\" \/>\n<meta name=\"robots\" content=\"index, follow, max-snippet:-1, max-image-preview:large, max-video-preview:-1\" \/>\n<link rel=\"canonical\" href=\"https:\/\/www.electroluxprofessional.com\/pl\/twoj-biznes\/bary-i-kawiarnie\/\" \/>\n<meta property=\"og:locale\" content=\"pl_PL\" \/>\n<meta property=\"og:type\" content=\"article\" \/>\n<meta property=\"og:title\" content=\"Bary i kawiarnie - Electrolux Professional Polska\" \/>\n<meta property=\"og:description\" content=\"Odkryj nasze rozwi\u0105zania dla winiarni, pub\u00f3w, bistro, bar\u00f3w i kawiarni: elektroniczna zmywarka do szk\u0142a, szybki grill z przek\u0105skami SpeeDelight, mobilne gotowanie z linii Libero.\" \/>\n<meta property=\"og:url\" content=\"https:\/\/www.electroluxprofessional.com\/pl\/twoj-biznes\/bary-i-kawiarnie\/\" \/>\n<meta property=\"og:site_name\" content=\"Electrolux Professional Polska\" \/>\n<meta property=\"article:modified_time\" content=\"2020-09-04T10:35:49+00:00\" \/>\n<meta property=\"og:image\" content=\"https:\/\/www.electroluxprofessional.com\/pl\/wp-content\/uploads\/2016\/11\/bar-cafe.jpg\" \/>\n\t<meta property=\"og:image:width\" content=\"700\" \/>\n\t<meta property=\"og:image:height\" content=\"700\" \/>\n\t<meta property=\"og:image:type\" content=\"image\/jpeg\" \/>\n<meta name=\"twitter:card\" content=\"summary_large_image\" \/>\n<meta name=\"twitter:label1\" content=\"Szacowany czas czytania\" \/>\n\t<meta name=\"twitter:data1\" content=\"3 minuty\" \/>\n<script type=\"application\/ld+json\" class=\"yoast-schema-graph\">{\"@context\":\"https:\/\/schema.org\",\"@graph\":[{\"@type\":\"WebPage\",\"@id\":\"https:\/\/www.electroluxprofessional.com\/pl\/twoj-biznes\/bary-i-kawiarnie\/\",\"url\":\"https:\/\/www.electroluxprofessional.com\/pl\/twoj-biznes\/bary-i-kawiarnie\/\",\"name\":\"Bary i kawiarnie - Electrolux Professional Polska\",\"isPartOf\":{\"@id\":\"https:\/\/www.electroluxprofessional.com\/pl\/#website\"},\"primaryImageOfPage\":{\"@id\":\"https:\/\/www.electroluxprofessional.com\/pl\/twoj-biznes\/bary-i-kawiarnie\/#primaryimage\"},\"image\":{\"@id\":\"https:\/\/www.electroluxprofessional.com\/pl\/twoj-biznes\/bary-i-kawiarnie\/#primaryimage\"},\"thumbnailUrl\":\"https:\/\/www.electroluxprofessional.com\/pl\/wp-content\/uploads\/2016\/11\/bar-cafe.jpg\",\"datePublished\":\"2016-12-01T09:25:32+00:00\",\"dateModified\":\"2020-09-04T10:35:49+00:00\",\"description\":\"Odkryj nasze rozwi\u0105zania dla winiarni, pub\u00f3w, bistro, bar\u00f3w i kawiarni: elektroniczna zmywarka do szk\u0142a, szybki grill z przek\u0105skami SpeeDelight, mobilne gotowanie z linii Libero.\",\"breadcrumb\":{\"@id\":\"https:\/\/www.electroluxprofessional.com\/pl\/twoj-biznes\/bary-i-kawiarnie\/#breadcrumb\"},\"inLanguage\":\"pl-PL\",\"potentialAction\":[{\"@type\":\"ReadAction\",\"target\":[\"https:\/\/www.electroluxprofessional.com\/pl\/twoj-biznes\/bary-i-kawiarnie\/\"]}]},{\"@type\":\"ImageObject\",\"inLanguage\":\"pl-PL\",\"@id\":\"https:\/\/www.electroluxprofessional.com\/pl\/twoj-biznes\/bary-i-kawiarnie\/#primaryimage\",\"url\":\"https:\/\/www.electroluxprofessional.com\/pl\/wp-content\/uploads\/2016\/11\/bar-cafe.jpg\",\"contentUrl\":\"https:\/\/www.electroluxprofessional.com\/pl\/wp-content\/uploads\/2016\/11\/bar-cafe.jpg\",\"width\":700,\"height\":700,\"caption\":\"Bars & Caf\u00e9s\"},{\"@type\":\"BreadcrumbList\",\"@id\":\"https:\/\/www.electroluxprofessional.com\/pl\/twoj-biznes\/bary-i-kawiarnie\/#breadcrumb\",\"itemListElement\":[{\"@type\":\"ListItem\",\"position\":1,\"name\":\"Strona g\u0142\u00f3wna\",\"item\":\"https:\/\/www.electroluxprofessional.com\/pl\/\"},{\"@type\":\"ListItem\",\"position\":2,\"name\":\"Tw\u00f3j biznes\",\"item\":\"https:\/\/www.electroluxprofessional.com\/pl\/twoj-biznes\/\"},{\"@type\":\"ListItem\",\"position\":3,\"name\":\"Bary i kawiarnie\"}]},{\"@type\":\"WebSite\",\"@id\":\"https:\/\/www.electroluxprofessional.com\/pl\/#website\",\"url\":\"https:\/\/www.electroluxprofessional.com\/pl\/\",\"name\":\"Electrolux Professional Polska\",\"description\":\"\",\"potentialAction\":[{\"@type\":\"SearchAction\",\"target\":{\"@type\":\"EntryPoint\",\"urlTemplate\":\"https:\/\/www.electroluxprofessional.com\/pl\/?src={search_term_string}\"},\"query-input\":\"required name=search_term_string\"}],\"inLanguage\":\"pl-PL\"}]}<\/script>\n<!-- \/ Yoast SEO plugin. -->","yoast_head_json":{"title":"Bary i kawiarnie - Electrolux Professional Polska","description":"Odkryj nasze rozwi\u0105zania dla winiarni, pub\u00f3w, bistro, bar\u00f3w i kawiarni: elektroniczna zmywarka do szk\u0142a, szybki grill z przek\u0105skami SpeeDelight, mobilne gotowanie z linii Libero.","robots":{"index":"index","follow":"follow","max-snippet":"max-snippet:-1","max-image-preview":"max-image-preview:large","max-video-preview":"max-video-preview:-1"},"canonical":"https:\/\/www.electroluxprofessional.com\/pl\/twoj-biznes\/bary-i-kawiarnie\/","og_locale":"pl_PL","og_type":"article","og_title":"Bary i kawiarnie - Electrolux Professional Polska","og_description":"Odkryj nasze rozwi\u0105zania dla winiarni, pub\u00f3w, bistro, bar\u00f3w i kawiarni: elektroniczna zmywarka do szk\u0142a, szybki grill z przek\u0105skami SpeeDelight, mobilne gotowanie z linii Libero.","og_url":"https:\/\/www.electroluxprofessional.com\/pl\/twoj-biznes\/bary-i-kawiarnie\/","og_site_name":"Electrolux Professional Polska","article_modified_time":"2020-09-04T10:35:49+00:00","og_image":[{"width":700,"height":700,"url":"https:\/\/www.electroluxprofessional.com\/pl\/wp-content\/uploads\/2016\/11\/bar-cafe.jpg","type":"image\/jpeg"}],"twitter_card":"summary_large_image","twitter_misc":{"Szacowany czas czytania":"3 minuty"},"schema":{"@context":"https:\/\/schema.org","@graph":[{"@type":"WebPage","@id":"https:\/\/www.electroluxprofessional.com\/pl\/twoj-biznes\/bary-i-kawiarnie\/","url":"https:\/\/www.electroluxprofessional.com\/pl\/twoj-biznes\/bary-i-kawiarnie\/","name":"Bary i kawiarnie - Electrolux Professional Polska","isPartOf":{"@id":"https:\/\/www.electroluxprofessional.com\/pl\/#website"},"primaryImageOfPage":{"@id":"https:\/\/www.electroluxprofessional.com\/pl\/twoj-biznes\/bary-i-kawiarnie\/#primaryimage"},"image":{"@id":"https:\/\/www.electroluxprofessional.com\/pl\/twoj-biznes\/bary-i-kawiarnie\/#primaryimage"},"thumbnailUrl":"https:\/\/www.electroluxprofessional.com\/pl\/wp-content\/uploads\/2016\/11\/bar-cafe.jpg","datePublished":"2016-12-01T09:25:32+00:00","dateModified":"2020-09-04T10:35:49+00:00","description":"Odkryj nasze rozwi\u0105zania dla winiarni, pub\u00f3w, bistro, bar\u00f3w i kawiarni: elektroniczna zmywarka do szk\u0142a, szybki grill z przek\u0105skami SpeeDelight, mobilne gotowanie z linii Libero.","breadcrumb":{"@id":"https:\/\/www.electroluxprofessional.com\/pl\/twoj-biznes\/bary-i-kawiarnie\/#breadcrumb"},"inLanguage":"pl-PL","potentialAction":[{"@type":"ReadAction","target":["https:\/\/www.electroluxprofessional.com\/pl\/twoj-biznes\/bary-i-kawiarnie\/"]}]},{"@type":"ImageObject","inLanguage":"pl-PL","@id":"https:\/\/www.electroluxprofessional.com\/pl\/twoj-biznes\/bary-i-kawiarnie\/#primaryimage","url":"https:\/\/www.electroluxprofessional.com\/pl\/wp-content\/uploads\/2016\/11\/bar-cafe.jpg","contentUrl":"https:\/\/www.electroluxprofessional.com\/pl\/wp-content\/uploads\/2016\/11\/bar-cafe.jpg","width":700,"height":700,"caption":"Bars & Caf\u00e9s"},{"@type":"BreadcrumbList","@id":"https:\/\/www.electroluxprofessional.com\/pl\/twoj-biznes\/bary-i-kawiarnie\/#breadcrumb","itemListElement":[{"@type":"ListItem","position":1,"name":"Strona g\u0142\u00f3wna","item":"https:\/\/www.electroluxprofessional.com\/pl\/"},{"@type":"ListItem","position":2,"name":"Tw\u00f3j biznes","item":"https:\/\/www.electroluxprofessional.com\/pl\/twoj-biznes\/"},{"@type":"ListItem","position":3,"name":"Bary i kawiarnie"}]},{"@type":"WebSite","@id":"https:\/\/www.electroluxprofessional.com\/pl\/#website","url":"https:\/\/www.electroluxprofessional.com\/pl\/","name":"Electrolux Professional Polska","description":"","potentialAction":[{"@type":"SearchAction","target":{"@type":"EntryPoint","urlTemplate":"https:\/\/www.electroluxprofessional.com\/pl\/?src={search_term_string}"},"query-input":"required name=search_term_string"}],"inLanguage":"pl-PL"}]}},"_links":{"self":[{"href":"https:\/\/www.electroluxprofessional.com\/pl\/wp-json\/wp\/v2\/pages\/1296"}],"collection":[{"href":"https:\/\/www.electroluxprofessional.com\/pl\/wp-json\/wp\/v2\/pages"}],"about":[{"href":"https:\/\/www.electroluxprofessional.com\/pl\/wp-json\/wp\/v2\/types\/page"}],"author":[{"embeddable":true,"href":"https:\/\/www.electroluxprofessional.com\/pl\/wp-json\/wp\/v2\/users\/3"}],"replies":[{"embeddable":true,"href":"https:\/\/www.electroluxprofessional.com\/pl\/wp-json\/wp\/v2\/comments?post=1296"}],"version-history":[{"count":6,"href":"https:\/\/www.electroluxprofessional.com\/pl\/wp-json\/wp\/v2\/pages\/1296\/revisions"}],"predecessor-version":[{"id":3451,"href":"https:\/\/www.electroluxprofessional.com\/pl\/wp-json\/wp\/v2\/pages\/1296\/revisions\/3451"}],"up":[{"embeddable":true,"href":"https:\/\/www.electroluxprofessional.com\/pl\/wp-json\/wp\/v2\/pages\/2215"}],"wp:featuredmedia":[{"embeddable":true,"href":"https:\/\/www.electroluxprofessional.com\/pl\/wp-json\/wp\/v2\/media\/1214"}],"wp:attachment":[{"href":"https:\/\/www.electroluxprofessional.com\/pl\/wp-json\/wp\/v2\/media?parent=1296"}],"curies":[{"name":"wp","href":"https:\/\/api.w.org\/{rel}","templated":true}]}}