{"id":12790,"date":"2026-04-02T09:39:56","date_gmt":"2026-04-02T09:39:56","guid":{"rendered":"https:\/\/www.electroluxprofessional.com\/pl\/?page_id=12790"},"modified":"2026-05-13T09:58:17","modified_gmt":"2026-05-13T09:58:17","slug":"urzadzenia-chlodnicze-promocja-2026","status":"publish","type":"page","link":"https:\/\/www.electroluxprofessional.com\/pl\/urzadzenia-chlodnicze-promocja-2026\/","title":{"rendered":"Urz\u0105dzenia ch\u0142odnicze &#8211; promocja"},"content":{"rendered":"<p>[vc_row full_width=&#8221;electroluxpro-full-width-no-padding&#8221;][vc_column][elx_promo_top_banner title=&#8221;Skuteczno\u015b\u0107, wydajno\u015b\u0107 i oszcz\u0119dno\u015b\u0107 dzi\u0119ki ecostore R290&#8243; carousel=&#8221;%5B%7B%22title_carousel%22%3A%22Szafy%20ch%C5%82odnicze%20i%20mro%C5%BAnicze%20ecostore%20R290%22%2C%22text_carousel%22%3A%22Wybierz%20urz%C4%85dzenia%20Electrolux%20Professional%20w%20specjalnych%20cenach.%5Cn%3Cbr%3E%3Cbr%3E%3Cb%3EOkres%20wa%C5%BCno%C5%9Bci%20promocji%3A%20od%2015%20lutego%20do%2030%20czerwca%202026%20r.%3C%2Fb%3E%5Cn%3Cbr%3EZam%C3%B3wienia%20na%20urz%C4%85dzenia%20promocyjne%20nale%C5%BCy%20odebra%C4%87%20najp%C3%B3%C5%BAniej%2031%20lipca%202026%20r.%5Cn%3Cbr%3E%5Cn%3Cbr%3E*%20patrz%20%3Ca%20href%3D%5C%22https%3A%2F%2Fwww.electroluxprofessional.com%2Fpl%2Fwp-content%2Fuploads%2F2026%2F04%2FElectrolux-Professional-Terms-and-conditions_PL-2026.pdf%5C%22%3E%3Cb%3EWarunki%3C%2Fb%3E%3C%2Fa%3E%22%2C%22image_carousel%22%3A%2210031%22%2C%22link_carousel%22%3A%22url%3A%2523promo-contactus%7Ctitle%3ASKONTAKTUJ%2520SI%25C4%2598%2520Z%2520NAMI%2520I%2520Z%25C5%2581%25C3%2593%25C5%25BB%2520ZAM%25C3%2593WIENIE%2520JU%25C5%25BB%2520TERAZ%22%2C%22select_type%22%3A%22link%22%7D%5D&#8221;][vc_empty_space][\/vc_column][\/vc_row][vc_row full_width=&#8221;electroluxpro-full-width-no-padding&#8221;][vc_column][elx_promo_2_3_columns_and_icons bgcolor=&#8221;bg-row-light-blue&#8221; colnumber=&#8221;3&#8243; title=&#8221;ecostore, w\u0142a\u015bciwy wyb\u00f3r&#8221; col1_icon=&#8221;elx-icon icon-circle-capacity-blue&#8221; col1_title=&#8221;Zwi\u0119kszona pojemno\u015b\u0107&#8221; col1_text=&#8221;Szafy ch\u0142odnice ecostore zapewniaj\u0105 \u015brednio o 50 litr\u00f3w wi\u0119cej miejsca ni\u017c por\u00f3wnywalne modele dost\u0119pne na rynku.&#8221; col2_icon=&#8221;elx-icon icon-circle-easy-blue&#8221; col2_title=&#8221;\u0141atwe czyszczenie&#8221; col2_text=&#8221;Wewn\u0119trzna komora ma zaokr\u0105glone naro\u017ca oraz \u0142atwe do wyj\u0119cia p\u00f3\u0142ki i prowadnice p\u00f3\u0142ek.&#8221; col3_icon=&#8221;elx-icon icon-savings-energy&#8221; col3_title=&#8221;Optymalna wydajno\u015b\u0107&#8221; col3_text=&#8221;Maksymalne ograniczenie zu\u017cycia energii dzi\u0119ki odparowaniu kondensatu przy u\u017cyciu gor\u0105cego gazu oraz trzywarstwowej uszczelce drzwi komory.&#8221;][\/vc_column][\/vc_row][vc_row full_width=&#8221;electroluxpro-full-width-no-padding&#8221;][vc_column][elx_promo_2_3_columns_and_icons bgcolor=&#8221;bg-row-sustainability-green&#8221; title=&#8221;Szybszy zwrot z inwestycji dzi\u0119ki Green Spirit&#8221; col1_icon=&#8221;elx-icon icon-circle-savings-green-blue&#8221; col1_title=&#8221;Wi\u0119ksza oszcz\u0119dno\u015b\u0107 energii&#8221; col1_text=&#8221;Zu\u017cywaj mniej energii dzi\u0119ki gazowi ch\u0142odniczemu R290 oraz izolacji o grubo\u015bci 75 mm.&#8221; col2_icon=&#8221;elx-icon icon-circle-star-perfomance-blue&#8221; col2_title=&#8221;Maksymalna skuteczno\u015b\u0107&#8221; col2_text=&#8221;Niewymagaj\u0105cy czyszczenia skraplacz w ramce drucianej \u201eCleanFree\u201d oraz podzespo\u0142y o wysokiej sprawno\u015bci zapewniaj\u0105 najwy\u017csz\u0105 skuteczno\u015b\u0107.&#8221;][\/vc_column][\/vc_row][vc_row full_width=&#8221;electroluxpro-full-width-no-padding&#8221;][vc_column][elx_promo_download_leaflet bg_row=&#8221;bg-light-grey&#8221; style_image=&#8221;image_square&#8221; title=&#8221;Pobierz ulotk\u0119 promocyjn\u0105,<br \/>\nby uzyska\u0107 wi\u0119cej informacji&#8221; single_image=&#8221;12832&#8243; link_download=&#8221;url:https%3A%2F%2Fwww.electroluxprofessional.com%2Fpl%2Fwp-content%2Fuploads%2F2026%2F04%2FRefrigeration-promotion-leaflet-2026-PL-LR.pdf|title:POBIERZ%20PDF|target:_blank&#8221;]Ulotka zawiera szczeg\u00f3\u0142owe informacje oraz daje wgl\u0105d w promocj\u0119, umo\u017cliwiaj\u0105c lepsze zrozumienie oferty i p\u0142yn\u0105cych z niej korzy\u015bci.[\/elx_promo_download_leaflet][vc_empty_space][\/vc_column][\/vc_row][vc_row full_width=&#8221;electroluxpro-full-width-no-padding&#8221; el_id=&#8221;product&#8221;][vc_column][elx_promo_products_showcase order_col1=&#8221;1&#8243; image_col1=&#8221;10028&#8243; order_col2=&#8221;2&#8243; image_col2=&#8221;10030&#8243; order_col3=&#8221;3&#8243; bg_color=&#8221;bg-light-grey&#8221; title=&#8221;Specjalna cena i szybka dostawa \u2013 tylko dla Ciebie&#8221; title_col1=&#8221;Szafa ch\u0142odnicza, cyfrowa, 670 l&#8221; prodcode_col1=&#8221;725377&#8243; price_col1=&#8221;7000 PLN&#8221; link_col1=&#8221;url:https%3A%2F%2Fwww.electroluxprofessional.com%2Fpl%2Fwp-content%2Fuploads%2F2024%2F06%2F725377-1-Door-Digital-Stainless-Steel-Refrigerator-670lt-2_10-R290_low.pdf|title:Zapoznaj%20si%C4%99%20z%20kart%C4%85%20charakterystyki|target:_blank&#8221; title_col2=&#8221;Szafa mro\u017anicza, cyfrowa, 670 l&#8221; prodcode_col2=&#8221;725378&#8243; price_col2=&#8221;8505 PLN&#8221; link_col2=&#8221;url:https%3A%2F%2Fwww.electroluxprofessional.com%2Fpl%2Fwp-content%2Fuploads%2F2024%2F06%2F725378_1-Door-Digital-Stainless-Steel-Freezer-670lt-22_-15-R290-EE-ONLY_Polish_low.pdf|title:Zapoznaj%20si%C4%99%20z%20kart%C4%85%20charakterystyki|target:_blank&#8221; link_col3=&#8221;url:https%3A%2F%2Ftools.electroluxprofessional.com%2FMirror%2FDoc%2FMAD2%2FElectrolux%2520Professional%2FEnglish%2F725367_1%2520Door%2520Digital%2520Refrigerator%2C%2520670lt%2520(-2_%2B10)%2520R290%2520EE%2520ONLY.pdf%3Fversion%3D1709737377|title:View%20Product%20Data%20Sheet|target:_blank&#8221;][elx_promo_products_showcase order_col1=&#8221;2&#8243; image_col1=&#8221;10029&#8243; order_col2=&#8221;1&#8243; image_col2=&#8221;10031&#8243; order_col3=&#8221;3&#8243; bg_color=&#8221;bg-light-grey&#8221; title_col1=&#8221;Szafa mro\u017anicza, cyfrowa, 670 l&#8221; prodcode_col1=&#8221;725376&#8243; price_col1=&#8221;9450 PLN&#8221; link_col1=&#8221;url:https%3A%2F%2Fwww.electroluxprofessional.com%2Fpl%2Fwp-content%2Fuploads%2F2024%2F06%2F725376_1-Door-Digital-Freezer-670lt-22_-15-AISI-304-R290-EE-ONLY_Polish_low.pdf|title:Zapoznaj%20si%C4%99%20z%20kart%C4%85%20charakterystyki|target:_blank&#8221; title_col2=&#8221;Szafa ch\u0142odnicza, cyfrowa, 670 l&#8221; prodcode_col2=&#8221;725367&#8243; price_col2=&#8221;7920 PLN&#8221; link_col2=&#8221;url:https%3A%2F%2Fwww.electroluxprofessional.com%2Fpl%2Fwp-content%2Fuploads%2F2024%2F06%2F725367_1-Door-Digital-Refrigerator-670lt-2_10-R290-EE-ONLY_Polish_low.pdf|title:Zapoznaj%20si%C4%99%20z%20kart%C4%85%20charakterystyki|target:_blank&#8221;][\/vc_column][\/vc_row][vc_row full_width=&#8221;electroluxpro-full-width-no-padding&#8221;][vc_column][vc_empty_space][elx_promo_why_2_3_columns_texts_icons bgcolor=&#8221;bg-row-light-blue&#8221; colnumber=&#8221;3&#8243; title=&#8221;Dlaczego warto wybra\u0107 Electrolux Professional dla swojej firmy&#8221; col1_icon=&#8221;elx-icon icon-circle-checkmark-blue&#8221; col1_title=&#8221;Obs\u0142uga Klienta Essentia&#8221; col1_text=&#8221;Dedykowany serwis, kt\u00f3ry stanie si\u0119 kluczowym aspektem Twojej przewagi konkurencyjnej.&#8221; col2_icon=&#8221;elx-icon icon-circle-checkmark-blue&#8221; col2_title=&#8221;Akcesoria i materia\u0142y eksploatacyjne&#8221; col2_text=&#8221;Mo\u017cesz liczy\u0107 na szybk\u0105 dostaw\u0119 oryginalnych akcesori\u00f3w i materia\u0142\u00f3w eksploatacyjnych z my\u015bl\u0105 o trwa\u0142o\u015bci, wydajno\u015bci i bezpiecze\u0144stwie u\u017cytkownika.&#8221; col3_icon=&#8221;elx-icon icon-circle-checkmark-blue&#8221; col3_title=&#8221;Cz\u0119\u015bci zamienne&#8221; col3_text=&#8221;55 000 dost\u0119pnych cz\u0119\u015bci zamiennych w magazynie na co najmniej 10 lat od zako\u0144czenia produkcji. Dostawa cz\u0119\u015bci zamiennych w ci\u0105gu 24\u201348 godzin na ca\u0142ym \u015bwiecie.&#8221;][\/vc_column][\/vc_row][vc_row el_id=&#8221;promo-contactus&#8221;][vc_column][vc_empty_space][elx_o2000_contact_us s=&#8221;Pro\u015bba o kontakt przez nasz\u0105 stron\u0119 internetow\u0105&#8221; request_type=&#8221;&#8221; promo_mode=&#8221;true&#8221; bgcolorcontact=&#8221;bg-light-grey&#8221; r=&#8221;Chc\u0119 dowiedzie\u0107 si\u0119 wi\u0119cej na temat promocji na urz\u0105dzenia ch\u0142odnicze. Prosz\u0119 o kontakt.&#8221; title_promo=&#8221;Skontaktuj si\u0119 z nami i skorzystaj z naszej specjalnej oferty.&#8221;][\/vc_column][\/vc_row][vc_row full_width=&#8221;electroluxpro-full-width-no-padding&#8221;][vc_column][vc_empty_space height=&#8221;40px&#8221;][elx_promo_other_promotions order_col1=&#8221;1&#8243; image_col1=&#8221;9993&#8243; order_col2=&#8221;2&#8243; image_col2=&#8221;9997&#8243; order_col3=&#8221;3&#8243; image_col3=&#8221;10000&#8243; order_col4=&#8221;4&#8243; bg_row=&#8221;bg-row-light-blue&#8221; title_col1=&#8221;Zmywanie naczy\u0144&#8221; link_col1=&#8221;url:https%3A%2F%2Fwww.electroluxprofessional.com%2Fpl%2Fzmywanie-naczyn-promocja-2026%2F|title:Dowiedz%20si%C4%99%20wi%C4%99cej&#8221; title_col2=&#8221;Urz\u0105dzenia grzewcze&#8221; link_col2=&#8221;url:https%3A%2F%2Fwww.electroluxprofessional.com%2Fpl%2Furzadzenia-grzewcze-promocja-2026%2F|title:Dowiedz%20si%C4%99%20wi%C4%99cej&#8221; title_col3=&#8221;Cook&amp;Chill&#8221; link_col3=&#8221;url:https%3A%2F%2Fwww.electroluxprofessional.com%2Fpl%2Fcookchill-promocja-2026%2F|title:Dowiedz%20si%C4%99%20wi%C4%99cej&#8221; title=&#8221;Pozosta\u0142e promocje&#8221;][vc_empty_space height=&#8221;40px&#8221;][\/vc_column][\/vc_row]<\/p>\n","protected":false},"excerpt":{"rendered":"<p>[vc_row full_width=&#8221;electroluxpro-full-width-no-padding&#8221;][vc_column][elx_promo_top_banner title=&#8221;Skuteczno\u015b\u0107, wydajno\u015b\u0107 i oszcz\u0119dno\u015b\u0107 dzi\u0119ki ecostore R290&#8243; carousel=&#8221;%5B%7B%22title_carousel%22%3A%22Szafy%20ch%C5%82odnicze%20i%20mro%C5%BAnicze%20ecostore%20R290%22%2C%22text_carousel%22%3A%22Wybierz%20urz%C4%85dzenia%20Electrolux%20Professional%20w%20specjalnych%20cenach.%5Cn%3Cbr%3E%3Cbr%3E%3Cb%3EOkres%20wa%C5%BCno%C5%9Bci%20promocji%3A%20od%2015%20lutego%20do%2030%20czerwca%202026%20r.%3C%2Fb%3E%5Cn%3Cbr%3EZam%C3%B3wienia%20na%20urz%C4%85dzenia%20promocyjne%20nale%C5%BCy%20odebra%C4%87%20najp%C3%B3%C5%BAniej%2031%20lipca%202026%20r.%5Cn%3Cbr%3E%5Cn%3Cbr%3E*%20patrz%20%3Ca%20href%3D%5C%22https%3A%2F%2Fwww.electroluxprofessional.com%2Fpl%2Fwp-content%2Fuploads%2F2026%2F04%2FElectrolux-Professional-Terms-and-conditions_PL-2026.pdf%5C%22%3E%3Cb%3EWarunki%3C%2Fb%3E%3C%2Fa%3E%22%2C%22image_carousel%22%3A%2210031%22%2C%22link_carousel%22%3A%22url%3A%2523promo-contactus%7Ctitle%3ASKONTAKTUJ%2520SI%25C4%2598%2520Z%2520NAMI%2520I%2520Z%25C5%2581%25C3%2593%25C5%25BB%2520ZAM%25C3%2593WIENIE%2520JU%25C5%25BB%2520TERAZ%22%2C%22select_type%22%3A%22link%22%7D%5D&#8221;][vc_empty_space][\/vc_column][\/vc_row][vc_row full_width=&#8221;electroluxpro-full-width-no-padding&#8221;][vc_column][elx_promo_2_3_columns_and_icons bgcolor=&#8221;bg-row-light-blue&#8221; colnumber=&#8221;3&#8243; title=&#8221;ecostore, w\u0142a\u015bciwy wyb\u00f3r&#8221; col1_icon=&#8221;elx-icon icon-circle-capacity-blue&#8221; col1_title=&#8221;Zwi\u0119kszona pojemno\u015b\u0107&#8221; col1_text=&#8221;Szafy ch\u0142odnice ecostore zapewniaj\u0105 \u015brednio o 50 litr\u00f3w wi\u0119cej miejsca ni\u017c por\u00f3wnywalne modele dost\u0119pne na rynku.&#8221; col2_icon=&#8221;elx-icon icon-circle-easy-blue&#8221; col2_title=&#8221;\u0141atwe czyszczenie&#8221; col2_text=&#8221;Wewn\u0119trzna komora ma zaokr\u0105glone naro\u017ca oraz \u0142atwe do wyj\u0119cia p\u00f3\u0142ki i prowadnice p\u00f3\u0142ek.&#8221; col3_icon=&#8221;elx-icon icon-savings-energy&#8221; [&hellip;]<\/p>\n","protected":false},"author":120,"featured_media":0,"parent":0,"menu_order":0,"comment_status":"closed","ping_status":"closed","template":"template-promo.php","meta":{"footnotes":""},"class_list":["post-12790","page","type-page","status-publish","hentry"],"acf":[],"yoast_head":"<!-- This site is optimized with the Yoast SEO plugin v23.3 - https:\/\/yoast.com\/wordpress\/plugins\/seo\/ -->\n<title>Urz\u0105dzenia ch\u0142odnicze - promocja - Electrolux Professional Polska<\/title>\n<meta name=\"robots\" content=\"noindex, nofollow\" \/>\n<meta property=\"og:locale\" content=\"pl_PL\" \/>\n<meta property=\"og:type\" content=\"article\" \/>\n<meta property=\"og:title\" content=\"Urz\u0105dzenia ch\u0142odnicze - promocja - Electrolux Professional Polska\" \/>\n<meta property=\"og:description\" content=\"[vc_row full_width=&#8221;electroluxpro-full-width-no-padding&#8221;][vc_column][elx_promo_top_banner title=&#8221;Skuteczno\u015b\u0107, wydajno\u015b\u0107 i oszcz\u0119dno\u015b\u0107 dzi\u0119ki ecostore R290&#8243; carousel=&#8221;%5B%7B%22title_carousel%22%3A%22Szafy%20ch%C5%82odnicze%20i%20mro%C5%BAnicze%20ecostore%20R290%22%2C%22text_carousel%22%3A%22Wybierz%20urz%C4%85dzenia%20Electrolux%20Professional%20w%20specjalnych%20cenach.%5Cn%3Cbr%3E%3Cbr%3E%3Cb%3EOkres%20wa%C5%BCno%C5%9Bci%20promocji%3A%20od%2015%20lutego%20do%2030%20czerwca%202026%20r.%3C%2Fb%3E%5Cn%3Cbr%3EZam%C3%B3wienia%20na%20urz%C4%85dzenia%20promocyjne%20nale%C5%BCy%20odebra%C4%87%20najp%C3%B3%C5%BAniej%2031%20lipca%202026%20r.%5Cn%3Cbr%3E%5Cn%3Cbr%3E*%20patrz%20%3Ca%20href%3D%5C%22https%3A%2F%2Fwww.electroluxprofessional.com%2Fpl%2Fwp-content%2Fuploads%2F2026%2F04%2FElectrolux-Professional-Terms-and-conditions_PL-2026.pdf%5C%22%3E%3Cb%3EWarunki%3C%2Fb%3E%3C%2Fa%3E%22%2C%22image_carousel%22%3A%2210031%22%2C%22link_carousel%22%3A%22url%3A%2523promo-contactus%7Ctitle%3ASKONTAKTUJ%2520SI%25C4%2598%2520Z%2520NAMI%2520I%2520Z%25C5%2581%25C3%2593%25C5%25BB%2520ZAM%25C3%2593WIENIE%2520JU%25C5%25BB%2520TERAZ%22%2C%22select_type%22%3A%22link%22%7D%5D&#8221;][vc_empty_space][\/vc_column][\/vc_row][vc_row full_width=&#8221;electroluxpro-full-width-no-padding&#8221;][vc_column][elx_promo_2_3_columns_and_icons bgcolor=&#8221;bg-row-light-blue&#8221; colnumber=&#8221;3&#8243; title=&#8221;ecostore, w\u0142a\u015bciwy wyb\u00f3r&#8221; col1_icon=&#8221;elx-icon icon-circle-capacity-blue&#8221; col1_title=&#8221;Zwi\u0119kszona pojemno\u015b\u0107&#8221; col1_text=&#8221;Szafy ch\u0142odnice ecostore zapewniaj\u0105 \u015brednio o 50 litr\u00f3w wi\u0119cej miejsca ni\u017c por\u00f3wnywalne modele dost\u0119pne na rynku.&#8221; col2_icon=&#8221;elx-icon icon-circle-easy-blue&#8221; col2_title=&#8221;\u0141atwe czyszczenie&#8221; col2_text=&#8221;Wewn\u0119trzna komora ma zaokr\u0105glone naro\u017ca oraz \u0142atwe do wyj\u0119cia p\u00f3\u0142ki i prowadnice p\u00f3\u0142ek.&#8221; col3_icon=&#8221;elx-icon icon-savings-energy&#8221; [&hellip;]\" \/>\n<meta property=\"og:url\" content=\"https:\/\/www.electroluxprofessional.com\/pl\/urzadzenia-chlodnicze-promocja-2026\/\" \/>\n<meta property=\"og:site_name\" content=\"Electrolux Professional Polska\" \/>\n<meta property=\"article:modified_time\" content=\"2026-05-13T09:58:17+00:00\" \/>\n<meta name=\"twitter:card\" content=\"summary_large_image\" \/>\n<meta name=\"twitter:label1\" content=\"Szacowany czas czytania\" \/>\n\t<meta name=\"twitter:data1\" content=\"3 minuty\" \/>\n<script type=\"application\/ld+json\" class=\"yoast-schema-graph\">{\"@context\":\"https:\/\/schema.org\",\"@graph\":[{\"@type\":\"WebPage\",\"@id\":\"https:\/\/www.electroluxprofessional.com\/pl\/urzadzenia-chlodnicze-promocja-2026\/\",\"url\":\"https:\/\/www.electroluxprofessional.com\/pl\/urzadzenia-chlodnicze-promocja-2026\/\",\"name\":\"Urz\u0105dzenia ch\u0142odnicze - promocja - Electrolux Professional Polska\",\"isPartOf\":{\"@id\":\"https:\/\/www.electroluxprofessional.com\/pl\/#website\"},\"datePublished\":\"2026-04-02T09:39:56+00:00\",\"dateModified\":\"2026-05-13T09:58:17+00:00\",\"breadcrumb\":{\"@id\":\"https:\/\/www.electroluxprofessional.com\/pl\/urzadzenia-chlodnicze-promocja-2026\/#breadcrumb\"},\"inLanguage\":\"pl-PL\",\"potentialAction\":[{\"@type\":\"ReadAction\",\"target\":[\"https:\/\/www.electroluxprofessional.com\/pl\/urzadzenia-chlodnicze-promocja-2026\/\"]}]},{\"@type\":\"BreadcrumbList\",\"@id\":\"https:\/\/www.electroluxprofessional.com\/pl\/urzadzenia-chlodnicze-promocja-2026\/#breadcrumb\",\"itemListElement\":[{\"@type\":\"ListItem\",\"position\":1,\"name\":\"Strona g\u0142\u00f3wna\",\"item\":\"https:\/\/www.electroluxprofessional.com\/pl\/\"},{\"@type\":\"ListItem\",\"position\":2,\"name\":\"Urz\u0105dzenia ch\u0142odnicze &#8211; promocja\"}]},{\"@type\":\"WebSite\",\"@id\":\"https:\/\/www.electroluxprofessional.com\/pl\/#website\",\"url\":\"https:\/\/www.electroluxprofessional.com\/pl\/\",\"name\":\"Electrolux Professional Polska\",\"description\":\"\",\"potentialAction\":[{\"@type\":\"SearchAction\",\"target\":{\"@type\":\"EntryPoint\",\"urlTemplate\":\"https:\/\/www.electroluxprofessional.com\/pl\/?src={search_term_string}\"},\"query-input\":\"required name=search_term_string\"}],\"inLanguage\":\"pl-PL\"}]}<\/script>\n<!-- \/ Yoast SEO plugin. -->","yoast_head_json":{"title":"Urz\u0105dzenia ch\u0142odnicze - promocja - Electrolux Professional Polska","robots":{"index":"noindex","follow":"nofollow"},"og_locale":"pl_PL","og_type":"article","og_title":"Urz\u0105dzenia ch\u0142odnicze - promocja - Electrolux Professional Polska","og_description":"[vc_row full_width=&#8221;electroluxpro-full-width-no-padding&#8221;][vc_column][elx_promo_top_banner title=&#8221;Skuteczno\u015b\u0107, wydajno\u015b\u0107 i oszcz\u0119dno\u015b\u0107 dzi\u0119ki ecostore R290&#8243; carousel=&#8221;%5B%7B%22title_carousel%22%3A%22Szafy%20ch%C5%82odnicze%20i%20mro%C5%BAnicze%20ecostore%20R290%22%2C%22text_carousel%22%3A%22Wybierz%20urz%C4%85dzenia%20Electrolux%20Professional%20w%20specjalnych%20cenach.%5Cn%3Cbr%3E%3Cbr%3E%3Cb%3EOkres%20wa%C5%BCno%C5%9Bci%20promocji%3A%20od%2015%20lutego%20do%2030%20czerwca%202026%20r.%3C%2Fb%3E%5Cn%3Cbr%3EZam%C3%B3wienia%20na%20urz%C4%85dzenia%20promocyjne%20nale%C5%BCy%20odebra%C4%87%20najp%C3%B3%C5%BAniej%2031%20lipca%202026%20r.%5Cn%3Cbr%3E%5Cn%3Cbr%3E*%20patrz%20%3Ca%20href%3D%5C%22https%3A%2F%2Fwww.electroluxprofessional.com%2Fpl%2Fwp-content%2Fuploads%2F2026%2F04%2FElectrolux-Professional-Terms-and-conditions_PL-2026.pdf%5C%22%3E%3Cb%3EWarunki%3C%2Fb%3E%3C%2Fa%3E%22%2C%22image_carousel%22%3A%2210031%22%2C%22link_carousel%22%3A%22url%3A%2523promo-contactus%7Ctitle%3ASKONTAKTUJ%2520SI%25C4%2598%2520Z%2520NAMI%2520I%2520Z%25C5%2581%25C3%2593%25C5%25BB%2520ZAM%25C3%2593WIENIE%2520JU%25C5%25BB%2520TERAZ%22%2C%22select_type%22%3A%22link%22%7D%5D&#8221;][vc_empty_space][\/vc_column][\/vc_row][vc_row full_width=&#8221;electroluxpro-full-width-no-padding&#8221;][vc_column][elx_promo_2_3_columns_and_icons bgcolor=&#8221;bg-row-light-blue&#8221; colnumber=&#8221;3&#8243; title=&#8221;ecostore, w\u0142a\u015bciwy wyb\u00f3r&#8221; col1_icon=&#8221;elx-icon icon-circle-capacity-blue&#8221; col1_title=&#8221;Zwi\u0119kszona pojemno\u015b\u0107&#8221; col1_text=&#8221;Szafy ch\u0142odnice ecostore zapewniaj\u0105 \u015brednio o 50 litr\u00f3w wi\u0119cej miejsca ni\u017c por\u00f3wnywalne modele dost\u0119pne na rynku.&#8221; col2_icon=&#8221;elx-icon icon-circle-easy-blue&#8221; col2_title=&#8221;\u0141atwe czyszczenie&#8221; col2_text=&#8221;Wewn\u0119trzna komora ma zaokr\u0105glone naro\u017ca oraz \u0142atwe do wyj\u0119cia p\u00f3\u0142ki i prowadnice p\u00f3\u0142ek.&#8221; col3_icon=&#8221;elx-icon icon-savings-energy&#8221; [&hellip;]","og_url":"https:\/\/www.electroluxprofessional.com\/pl\/urzadzenia-chlodnicze-promocja-2026\/","og_site_name":"Electrolux Professional Polska","article_modified_time":"2026-05-13T09:58:17+00:00","twitter_card":"summary_large_image","twitter_misc":{"Szacowany czas czytania":"3 minuty"},"schema":{"@context":"https:\/\/schema.org","@graph":[{"@type":"WebPage","@id":"https:\/\/www.electroluxprofessional.com\/pl\/urzadzenia-chlodnicze-promocja-2026\/","url":"https:\/\/www.electroluxprofessional.com\/pl\/urzadzenia-chlodnicze-promocja-2026\/","name":"Urz\u0105dzenia ch\u0142odnicze - promocja - Electrolux Professional Polska","isPartOf":{"@id":"https:\/\/www.electroluxprofessional.com\/pl\/#website"},"datePublished":"2026-04-02T09:39:56+00:00","dateModified":"2026-05-13T09:58:17+00:00","breadcrumb":{"@id":"https:\/\/www.electroluxprofessional.com\/pl\/urzadzenia-chlodnicze-promocja-2026\/#breadcrumb"},"inLanguage":"pl-PL","potentialAction":[{"@type":"ReadAction","target":["https:\/\/www.electroluxprofessional.com\/pl\/urzadzenia-chlodnicze-promocja-2026\/"]}]},{"@type":"BreadcrumbList","@id":"https:\/\/www.electroluxprofessional.com\/pl\/urzadzenia-chlodnicze-promocja-2026\/#breadcrumb","itemListElement":[{"@type":"ListItem","position":1,"name":"Strona g\u0142\u00f3wna","item":"https:\/\/www.electroluxprofessional.com\/pl\/"},{"@type":"ListItem","position":2,"name":"Urz\u0105dzenia ch\u0142odnicze &#8211; promocja"}]},{"@type":"WebSite","@id":"https:\/\/www.electroluxprofessional.com\/pl\/#website","url":"https:\/\/www.electroluxprofessional.com\/pl\/","name":"Electrolux Professional Polska","description":"","potentialAction":[{"@type":"SearchAction","target":{"@type":"EntryPoint","urlTemplate":"https:\/\/www.electroluxprofessional.com\/pl\/?src={search_term_string}"},"query-input":"required name=search_term_string"}],"inLanguage":"pl-PL"}]}},"_links":{"self":[{"href":"https:\/\/www.electroluxprofessional.com\/pl\/wp-json\/wp\/v2\/pages\/12790"}],"collection":[{"href":"https:\/\/www.electroluxprofessional.com\/pl\/wp-json\/wp\/v2\/pages"}],"about":[{"href":"https:\/\/www.electroluxprofessional.com\/pl\/wp-json\/wp\/v2\/types\/page"}],"author":[{"embeddable":true,"href":"https:\/\/www.electroluxprofessional.com\/pl\/wp-json\/wp\/v2\/users\/120"}],"replies":[{"embeddable":true,"href":"https:\/\/www.electroluxprofessional.com\/pl\/wp-json\/wp\/v2\/comments?post=12790"}],"version-history":[{"count":6,"href":"https:\/\/www.electroluxprofessional.com\/pl\/wp-json\/wp\/v2\/pages\/12790\/revisions"}],"predecessor-version":[{"id":12862,"href":"https:\/\/www.electroluxprofessional.com\/pl\/wp-json\/wp\/v2\/pages\/12790\/revisions\/12862"}],"wp:attachment":[{"href":"https:\/\/www.electroluxprofessional.com\/pl\/wp-json\/wp\/v2\/media?parent=12790"}],"curies":[{"name":"wp","href":"https:\/\/api.w.org\/{rel}","templated":true}]}}