{"id":12789,"date":"2026-04-02T09:40:15","date_gmt":"2026-04-02T09:40:15","guid":{"rendered":"https:\/\/www.electroluxprofessional.com\/pl\/?page_id=12789"},"modified":"2026-05-13T09:58:09","modified_gmt":"2026-05-13T09:58:09","slug":"zmywanie-naczyn-promocja-2026","status":"publish","type":"page","link":"https:\/\/www.electroluxprofessional.com\/pl\/zmywanie-naczyn-promocja-2026\/","title":{"rendered":"Zmywanie naczy\u0144 &#8211; promocja"},"content":{"rendered":"<p>[vc_row full_width=&#8221;electroluxpro-full-width-no-padding&#8221;][vc_column content_position=&#8221;center&#8221; el_class=&#8221;text-center&#8221;][elx_promo_top_banner title=&#8221;Zawsze co\u015b ekstra: Zmywanie naczy\u0144&#8221; carousel=&#8221;%5B%7B%22text_carousel%22%3A%22Wybierz%20urz%C4%85dzenia%20Electrolux%20Professional%20w%20specjalnych%20cenach.%5Cn%3Cbr%3E%3Cbr%3E%3Cb%3EOkres%20wa%C5%BCno%C5%9Bci%20promocji%3A%20od%2015%20lutego%20do%2030%20czerwca%202026%20r.%3C%2Fb%3E%5Cn%3Cbr%3EZam%C3%B3wienia%20na%20urz%C4%85dzenia%20promocyjne%20nale%C5%BCy%20odebra%C4%87%20najp%C3%B3%C5%BAniej%2031%20lipca%202026%20r.%5Cn%3Cbr%3E%5Cn%3Cbr%3E*%20patrz%20%3Ca%20href%3D%5C%22https%3A%2F%2Fwww.electroluxprofessional.com%2Fpl%2Fwp-content%2Fuploads%2F2026%2F04%2FElectrolux-Professional-Terms-and-conditions_PL-2026.pdf%5C%22%3E%3Cb%3EWarunki%3C%2Fb%3E%3C%2Fa%3E%22%2C%22image_carousel%22%3A%2210712%22%2C%22link_carousel%22%3A%22url%3A%2523promo-contactus%7Ctitle%3ASKONTAKTUJ%2520SI%25C4%2598%2520Z%2520NAMI%2520I%2520Z%25C5%2581%25C3%2593%25C5%25BB%2520ZAM%25C3%2593WIENIE%2520JU%25C5%25BB%2520TERAZ%22%2C%22select_type%22%3A%22link%22%7D%5D&#8221;][vc_empty_space height=&#8221;40px&#8221;][\/vc_column][\/vc_row][vc_row full_width=&#8221;electroluxpro-full-width-no-padding&#8221;][vc_column][elx_promo_2_3_columns_and_icons bgcolor=&#8221;bg-row-light-blue&#8221; colnumber=&#8221;3&#8243; title=&#8221;Wyj\u0105tkowa wydajno\u015b\u0107 i higiena&#8221; col1_icon=&#8221;elx-icon icon-circle-clean-blue&#8221; col1_title=&#8221;Doskona\u0142e wyniki zmywania i p\u0142ukania&#8221; col1_text=&#8221;Idealna zmywarka do talerzy, fili\u017canek, przybor\u00f3w kuchennych, tac, pojemnik\u00f3w Gastronorm i sztu\u0107c\u00f3w, zapewniaj\u0105ca ca\u0142kowite usuni\u0119cie detergentu.&#8221; col2_icon=&#8221;elx-icon icon-circle-bacteria-blue&#8221; col2_title=&#8221;Optymalna wydajno\u015b\u0107&#8221; col2_text=&#8221;Du\u017ce ci\u015bnienie podczas zmywania i doskona\u0142e wyniki dzi\u0119ki podw\u00f3jnym g\u00f3rnym i dolnym ramionom myj\u0105cym i p\u0142ucz\u0105cym w wybranych modelach.&#8221; col3_icon=&#8221;elx-icon icon-circle-easy-blue&#8221; col3_title=&#8221;\u0141atwe u\u017cytkowanie i konserwacja&#8221; col3_text=&#8221;Ci\u0105g\u0142e monitorowanie dzi\u0119ki dobrze widocznemu wy\u015bwietlaczowi temperatury. Przyjazne dla u\u017cytkownika sterowanie elektroniczne z autodiagnostyk\u0105.&#8221;][elx_promo_2_3_columns_and_icons bgcolor=&#8221;bg-row-sustainability-green&#8221; title=&#8221;Z my\u015bl\u0105 o \u015brodowisku&#8221; col1_icon=&#8221;elx-icon icon-circle-savings-green-blue&#8221; col1_title=&#8221;Oszcz\u0119dno\u015b\u0107 koszt\u00f3w eksploatacyjnych&#8221; col1_text=&#8221;Ni\u017csze zu\u017cycie wody, energii, detergentu i nab\u0142yszczacza oznacza ni\u017csze koszty eksploatacji i mniejszy wp\u0142yw na \u015brodowisko.&#8221; col2_title=&#8221;Optymalne \u015brodowisko pracy&#8221; col2_text=&#8221;Dwuwarstwowe, izolowane drzwi i obudowa zapewniaj\u0105 cichsz\u0105 prac\u0119 i mniejsze rozpraszanie ciep\u0142a w wybranych modelach.&#8221; col2_icon=&#8221;elx-icon icon-circle-star-perfomance-blue&#8221;][\/vc_column][\/vc_row][vc_row full_width=&#8221;electroluxpro-full-width-no-padding&#8221;][vc_column][elx_promo_download_leaflet bg_row=&#8221;bg-light-grey&#8221; style_image=&#8221;image_square&#8221; title=&#8221;Pobierz ulotk\u0119 promocyjn\u0105, by uzyska\u0107 wi\u0119cej informacji.&#8221; single_image=&#8221;12837&#8243; link_download=&#8221;url:https%3A%2F%2Fwww.electroluxprofessional.com%2Fpl%2Fwp-content%2Fuploads%2F2026%2F04%2FDishwashing-promotion-leaflet-2026-PL-LR.pdf|title:POBIERZ%20PDF|target:_blank&#8221;]Ulotka zawiera szczeg\u00f3\u0142owe informacje oraz daje wgl\u0105d w promocj\u0119, umo\u017cliwiaj\u0105c lepsze zrozumienie oferty i p\u0142yn\u0105cych z niej korzy\u015bci.[\/elx_promo_download_leaflet][vc_empty_space height=&#8221;40px&#8221;][\/vc_column][\/vc_row][vc_row el_id=&#8221;product&#8221;][vc_column][elx_promo_products_showcase order_col1=&#8221;1&#8243; image_col1=&#8221;10053&#8243; order_col2=&#8221;2&#8243; image_col2=&#8221;11375&#8243; order_col3=&#8221;3&#8243; image_col3=&#8221;12838&#8243; bg_color=&#8221;bg-light-grey&#8221; title_col1=&#8221;Zmywarka kapturowa&#8221; prodcode_col1=&#8221;505089&#8243; link_col1=&#8221;url:https%3A%2F%2Ftools.electroluxprofessional.com%2FMirror%2FDoc%2FMAD2%2FElectrolux%2520Professional%2FPolish%2F505089%2520Hood%2520Type%2520Dishwasher%2520-%252080%2520baskets.pdf%3Fversion%3D1748433215|title:Zapoznaj%20si%C4%99%20z%20kart%C4%85%20charakterystyki|target:_blank&#8221; link_col2=&#8221;url:https%3A%2F%2Ftools.electroluxprofessional.com%2FMirror%2FDoc%2FMAD2%2FElectrolux%2520Professional%2FPolish%2F402202_Small%2520Double%2520Skin%2520Glasswasher%2C%25201%2520cycle%2C%2520drain%2520pump%2C%2520detergent%2520and%2520rinse%2520aid%2520dispensers%2C%252030b_h.pdf%3Fversion%3D1748433313|title:Zapoznaj%20si%C4%99%20z%20kart%C4%85%20charakterystyki|target:_blank&#8221; price_col1=&#8221;13410 PLN&#8221; title_col2=&#8221;Zmywarka do szk\u0142a \u2013 dwu\u015bciankowa&#8221; prodcode_col2=&#8221;402202&#8243; price_col2=&#8221;7000 PLN&#8221; title_col3=&#8221;Zmywarka do szk\u0142a&#8221; prodcode_col3=&#8221;402216&#8243; price_col3=&#8221;7650 PLN&#8221; link_col3=&#8221;title:Zapoznaj%20si%C4%99%20z%20kart%C4%85%20charakterystyki&#8221; title=&#8221;Wybierz produkt pasuj\u0105ce do Twojej dzia\u0142alno\u015bci&#8221;][elx_promo_products_showcase order_col1=&#8221;1&#8243; image_col1=&#8221;12839&#8243; order_col2=&#8221;2&#8243; image_col2=&#8221;12839&#8243; order_col3=&#8221;3&#8243; image_col3=&#8221;12840&#8243; bg_color=&#8221;bg-light-grey&#8221; title_col1=&#8221;Zmywarka podblatowa NeoBlue Touch L&#8221; prodcode_col1=&#8221;400320&#8243; link_col1=&#8221;url:https%3A%2F%2Ftools.electroluxprofessional.com%2FMirror%2FDoc%2FMAD2%2FElectrolux%2520Professional%2FPolish%2F400320%2C%2520NeoBlue%2520Touch%2520Undercounter%2520DW%2520(L)%2520with%2520pressure%2520boiler%2520in%2520AISI304%2C%2520rinse%2520aid%2520%26%2520drain%2520pumps%2C.pdf%3Fversion%3D1775091153%26_gl%3D1*1jedwxp*_up*MQ..*_ga*MTk1MTU0MjEzMS4xNzc1MDg5NzE4*_ga_MNVYVN9CET*czE3NzUwODk3MTgkbzEkZzEkdDE3NzUwOTExNTQkajM2JGwwJGgw*_ga_28J7B14W8H*czE3NzUwODk3MTgkbzEkZzEkdDE3NzUwOTExNTQkajM2JGwwJGgw|title:Zapoznaj%20si%C4%99%20z%20kart%C4%85%20charakterystyki|target:_blank&#8221; price_col1=&#8221;8150 PLN&#8221; title_col2=&#8221;Zmywarka podblatowa NeoBlue Touch+ L&#8221; prodcode_col2=&#8221;400313&#8243; price_col2=&#8221;9650 PLN&#8221; link_col2=&#8221;url:https%3A%2F%2Ftools.electroluxprofessional.com%2FMirror%2FDoc%2FMAD2%2FElectrolux%2520Professional%2FPolish%2F400313%2C%2520NeoBlue%2520Touch%2520UC%2520DW%2520(L)%2520with%2520pressure%2520boiler%2C%2520rinse%2520aid%2Bdetergent%2520pumps%2C%2520drain%2520pump%2C%2520tank%2520fi.pdf%3Fversion%3D1748433347%20_blank|title:Zapoznaj%20si%C4%99%20z%20kart%C4%85%20charakterystyki|target:_blank&#8221; title_col3=&#8221;Zmywarka do szk\u0142a<br \/>\nNeoBlue S&#8221; prodcode_col3=&#8221;402187&#8243; price_col3=&#8221;5350 PLN&#8221; link_col3=&#8221;url:https%3A%2F%2Ftools.electroluxprofessional.com%2FMirror%2FDoc%2FMAD2%2FElectrolux%2520Professional%2FPolish%2F402187%2C%2520NeoBlue%2520S%2520Single%2520Skin%2520Glasswasher%2C%2520rinse%2520aid%2520pump%2C%252040r_h.pdf%3Fversion%3D1775091233%26_gl%3D1*1xyygmr*_up*MQ..*_ga*MTk1MTU0MjEzMS4xNzc1MDg5NzE4*_ga_MNVYVN9CET*czE3NzUwODk3MTgkbzEkZzEkdDE3NzUwOTEyMzMkajU4JGwwJGgw*_ga_28J7B14W8H*czE3NzUwODk3MTgkbzEkZzEkdDE3NzUwOTEyMzMkajU4JGwwJGgw|title:Zapoznaj%20si%C4%99%20z%20kart%C4%85%20charakterystyki&#8221;][vc_empty_space][vc_column_text]<\/p>\n<h2 style=\"text-align: center;\">Akcesoria<\/h2>\n<p>[\/vc_column_text][vc_column_text]<\/p>\n<h3 style=\"text-align: left;\">867085\u00a0 \u00a0 \u00a0 Zestaw dozownika detergentu \u00a0 \u00a0 \u00a0 \u00a0 \u00a0\u00a0 517 PLN<\/h3>\n<h3 style=\"text-align: left;\">864497\u00a0 \u00a0 \u00a0 Zestaw pomp spustowych\u00a0 \u00a0 \u00a0 \u00a0 \u00a0 \u00a0 \u00a0 \u00a0 \u00a0630 PLN<\/h3>\n<p>[\/vc_column_text][\/vc_column][\/vc_row][vc_row full_width=&#8221;electroluxpro-full-width-no-padding&#8221;][vc_column][vc_empty_space height=&#8221;40px&#8221;][elx_promo_why_2_3_columns_texts_icons bgcolor=&#8221;bg-row-light-blue&#8221; colnumber=&#8221;3&#8243; title=&#8221;Dlaczego warto wybra\u0107 Electrolux Professional dla swojej firmy&#8221; col1_icon=&#8221;elx-icon icon-circle-arrow-down-blue&#8221; col1_title=&#8221;Obs\u0142uga Klienta Essentia&#8221; col1_text=&#8221;Dedykowany serwis, kt\u00f3ry stanie si\u0119 kluczowym aspektem Twojej przewagi konkurencyjnej.&#8221; col2_icon=&#8221;elx-icon icon-circle-arrow-down-blue&#8221; col2_title=&#8221;Akcesoria i materia\u0142y eksploatacyjne&#8221; col2_text=&#8221;Mo\u017cesz liczy\u0107 na szybk\u0105 dostaw\u0119 oryginalnych akcesori\u00f3w i materia\u0142\u00f3w eksploatacyjnych z my\u015bl\u0105 o trwa\u0142o\u015bci, wydajno\u015bci i bezpiecze\u0144stwie u\u017cytkownika.&#8221; col3_icon=&#8221;elx-icon icon-circle-arrow-down-blue&#8221; col3_title=&#8221;Cz\u0119\u015bci zamienne&#8221; col3_text=&#8221;55 000 dost\u0119pnych cz\u0119\u015bci zamiennych w magazynie na co najmniej 10 lat od zako\u0144czenia produkcji. Dostawa cz\u0119\u015bci zamiennych w ci\u0105gu 24\u201348 godzin na ca\u0142ym \u015bwiecie.&#8221;][vc_empty_space height=&#8221;40px&#8221;][\/vc_column][\/vc_row][vc_row el_id=&#8221;promo-contactus&#8221;][vc_column][elx_o2000_contact_us s=&#8221;Pro\u015bba o kontakt przez nasz\u0105 stron\u0119 internetow\u0105&#8221; request_type=&#8221;&#8221; promo_mode=&#8221;true&#8221; bgcolorcontact=&#8221;bg-light-grey&#8221; r=&#8221;Chc\u0119 dowiedzie\u0107 si\u0119 wi\u0119cej na temat promocji na urz\u0105dzenia do zmywania naczy\u0144. Prosz\u0119 o kontakt.&#8221; title_promo=&#8221;Skontaktuj si\u0119 z nami i skorzystaj z naszej specjalnej oferty.&#8221;][\/vc_column][\/vc_row][vc_row full_width=&#8221;electroluxpro-full-width-no-padding&#8221;][vc_column][vc_empty_space height=&#8221;40px&#8221;][elx_promo_other_promotions order_col1=&#8221;1&#8243; image_col1=&#8221;9997&#8243; order_col2=&#8221;2&#8243; image_col2=&#8221;10000&#8243; order_col3=&#8221;3&#8243; image_col3=&#8221;10014&#8243; order_col4=&#8221;4&#8243; image_col4=&#8221;50853&#8243; bg_row=&#8221;bg-row-light-blue&#8221; title=&#8221;Pozosta\u0142e promocje&#8221; title_col1=&#8221;Urz\u0105dzenia grzewcze&#8221; link_col1=&#8221;url:https%3A%2F%2Fwww.electroluxprofessional.com%2Fpl%2Furzadzenia-grzewcze-promocja-2026%2F|title:Dowiedz%20si%C4%99%20wi%C4%99cej|target:_blank&#8221; title_col2=&#8221;Cook&amp;Chill&#8221; link_col2=&#8221;url:https%3A%2F%2Fwww.electroluxprofessional.com%2Fpl%2Fcookchill-promocja-2026%2F|title:Dowiedz%20si%C4%99%20wi%C4%99cej|target:_blank&#8221; title_col3=&#8221;Urz\u0105dzenia ch\u0142odnicze&#8221; link_col3=&#8221;url:https%3A%2F%2Fwww.electroluxprofessional.com%2Fpl%2Furzadzenia-chlodnicze-promocja-2026|title:Dowiedz%20si%C4%99%20wi%C4%99cej|target:_blank&#8221; link_col4=&#8221;target:_blank&#8221;][vc_empty_space height=&#8221;40px&#8221;][\/vc_column][\/vc_row]<\/p>\n","protected":false},"excerpt":{"rendered":"<p>[vc_row full_width=&#8221;electroluxpro-full-width-no-padding&#8221;][vc_column content_position=&#8221;center&#8221; el_class=&#8221;text-center&#8221;][elx_promo_top_banner title=&#8221;Zawsze co\u015b ekstra: Zmywanie naczy\u0144&#8221; carousel=&#8221;%5B%7B%22text_carousel%22%3A%22Wybierz%20urz%C4%85dzenia%20Electrolux%20Professional%20w%20specjalnych%20cenach.%5Cn%3Cbr%3E%3Cbr%3E%3Cb%3EOkres%20wa%C5%BCno%C5%9Bci%20promocji%3A%20od%2015%20lutego%20do%2030%20czerwca%202026%20r.%3C%2Fb%3E%5Cn%3Cbr%3EZam%C3%B3wienia%20na%20urz%C4%85dzenia%20promocyjne%20nale%C5%BCy%20odebra%C4%87%20najp%C3%B3%C5%BAniej%2031%20lipca%202026%20r.%5Cn%3Cbr%3E%5Cn%3Cbr%3E*%20patrz%20%3Ca%20href%3D%5C%22https%3A%2F%2Fwww.electroluxprofessional.com%2Fpl%2Fwp-content%2Fuploads%2F2026%2F04%2FElectrolux-Professional-Terms-and-conditions_PL-2026.pdf%5C%22%3E%3Cb%3EWarunki%3C%2Fb%3E%3C%2Fa%3E%22%2C%22image_carousel%22%3A%2210712%22%2C%22link_carousel%22%3A%22url%3A%2523promo-contactus%7Ctitle%3ASKONTAKTUJ%2520SI%25C4%2598%2520Z%2520NAMI%2520I%2520Z%25C5%2581%25C3%2593%25C5%25BB%2520ZAM%25C3%2593WIENIE%2520JU%25C5%25BB%2520TERAZ%22%2C%22select_type%22%3A%22link%22%7D%5D&#8221;][vc_empty_space height=&#8221;40px&#8221;][\/vc_column][\/vc_row][vc_row full_width=&#8221;electroluxpro-full-width-no-padding&#8221;][vc_column][elx_promo_2_3_columns_and_icons bgcolor=&#8221;bg-row-light-blue&#8221; colnumber=&#8221;3&#8243; title=&#8221;Wyj\u0105tkowa wydajno\u015b\u0107 i higiena&#8221; col1_icon=&#8221;elx-icon icon-circle-clean-blue&#8221; col1_title=&#8221;Doskona\u0142e wyniki zmywania i p\u0142ukania&#8221; col1_text=&#8221;Idealna zmywarka do talerzy, fili\u017canek, przybor\u00f3w kuchennych, tac, pojemnik\u00f3w Gastronorm i sztu\u0107c\u00f3w, zapewniaj\u0105ca ca\u0142kowite usuni\u0119cie detergentu.&#8221; col2_icon=&#8221;elx-icon icon-circle-bacteria-blue&#8221; col2_title=&#8221;Optymalna wydajno\u015b\u0107&#8221; col2_text=&#8221;Du\u017ce ci\u015bnienie podczas zmywania i doskona\u0142e wyniki dzi\u0119ki podw\u00f3jnym g\u00f3rnym [&hellip;]<\/p>\n","protected":false},"author":120,"featured_media":0,"parent":0,"menu_order":0,"comment_status":"closed","ping_status":"closed","template":"template-promo.php","meta":{"footnotes":""},"class_list":["post-12789","page","type-page","status-publish","hentry"],"acf":[],"yoast_head":"<!-- This site is optimized with the Yoast SEO plugin v23.3 - https:\/\/yoast.com\/wordpress\/plugins\/seo\/ -->\n<title>Zmywanie naczy\u0144 - promocja - Electrolux Professional Polska<\/title>\n<meta name=\"robots\" content=\"noindex, nofollow\" \/>\n<meta property=\"og:locale\" content=\"pl_PL\" \/>\n<meta property=\"og:type\" content=\"article\" \/>\n<meta property=\"og:title\" content=\"Zmywanie naczy\u0144 - promocja - Electrolux Professional Polska\" \/>\n<meta property=\"og:description\" content=\"[vc_row full_width=&#8221;electroluxpro-full-width-no-padding&#8221;][vc_column content_position=&#8221;center&#8221; el_class=&#8221;text-center&#8221;][elx_promo_top_banner title=&#8221;Zawsze co\u015b ekstra: Zmywanie naczy\u0144&#8221; carousel=&#8221;%5B%7B%22text_carousel%22%3A%22Wybierz%20urz%C4%85dzenia%20Electrolux%20Professional%20w%20specjalnych%20cenach.%5Cn%3Cbr%3E%3Cbr%3E%3Cb%3EOkres%20wa%C5%BCno%C5%9Bci%20promocji%3A%20od%2015%20lutego%20do%2030%20czerwca%202026%20r.%3C%2Fb%3E%5Cn%3Cbr%3EZam%C3%B3wienia%20na%20urz%C4%85dzenia%20promocyjne%20nale%C5%BCy%20odebra%C4%87%20najp%C3%B3%C5%BAniej%2031%20lipca%202026%20r.%5Cn%3Cbr%3E%5Cn%3Cbr%3E*%20patrz%20%3Ca%20href%3D%5C%22https%3A%2F%2Fwww.electroluxprofessional.com%2Fpl%2Fwp-content%2Fuploads%2F2026%2F04%2FElectrolux-Professional-Terms-and-conditions_PL-2026.pdf%5C%22%3E%3Cb%3EWarunki%3C%2Fb%3E%3C%2Fa%3E%22%2C%22image_carousel%22%3A%2210712%22%2C%22link_carousel%22%3A%22url%3A%2523promo-contactus%7Ctitle%3ASKONTAKTUJ%2520SI%25C4%2598%2520Z%2520NAMI%2520I%2520Z%25C5%2581%25C3%2593%25C5%25BB%2520ZAM%25C3%2593WIENIE%2520JU%25C5%25BB%2520TERAZ%22%2C%22select_type%22%3A%22link%22%7D%5D&#8221;][vc_empty_space height=&#8221;40px&#8221;][\/vc_column][\/vc_row][vc_row full_width=&#8221;electroluxpro-full-width-no-padding&#8221;][vc_column][elx_promo_2_3_columns_and_icons bgcolor=&#8221;bg-row-light-blue&#8221; colnumber=&#8221;3&#8243; title=&#8221;Wyj\u0105tkowa wydajno\u015b\u0107 i higiena&#8221; col1_icon=&#8221;elx-icon icon-circle-clean-blue&#8221; col1_title=&#8221;Doskona\u0142e wyniki zmywania i p\u0142ukania&#8221; col1_text=&#8221;Idealna zmywarka do talerzy, fili\u017canek, przybor\u00f3w kuchennych, tac, pojemnik\u00f3w Gastronorm i sztu\u0107c\u00f3w, zapewniaj\u0105ca ca\u0142kowite usuni\u0119cie detergentu.&#8221; col2_icon=&#8221;elx-icon icon-circle-bacteria-blue&#8221; col2_title=&#8221;Optymalna wydajno\u015b\u0107&#8221; col2_text=&#8221;Du\u017ce ci\u015bnienie podczas zmywania i doskona\u0142e wyniki dzi\u0119ki podw\u00f3jnym g\u00f3rnym [&hellip;]\" \/>\n<meta property=\"og:url\" content=\"https:\/\/www.electroluxprofessional.com\/pl\/zmywanie-naczyn-promocja-2026\/\" \/>\n<meta property=\"og:site_name\" content=\"Electrolux Professional Polska\" \/>\n<meta property=\"article:modified_time\" content=\"2026-05-13T09:58:09+00:00\" \/>\n<meta name=\"twitter:card\" content=\"summary_large_image\" \/>\n<meta name=\"twitter:label1\" content=\"Szacowany czas czytania\" \/>\n\t<meta name=\"twitter:data1\" content=\"3 minuty\" \/>\n<script type=\"application\/ld+json\" class=\"yoast-schema-graph\">{\"@context\":\"https:\/\/schema.org\",\"@graph\":[{\"@type\":\"WebPage\",\"@id\":\"https:\/\/www.electroluxprofessional.com\/pl\/zmywanie-naczyn-promocja-2026\/\",\"url\":\"https:\/\/www.electroluxprofessional.com\/pl\/zmywanie-naczyn-promocja-2026\/\",\"name\":\"Zmywanie naczy\u0144 - promocja - Electrolux Professional Polska\",\"isPartOf\":{\"@id\":\"https:\/\/www.electroluxprofessional.com\/pl\/#website\"},\"datePublished\":\"2026-04-02T09:40:15+00:00\",\"dateModified\":\"2026-05-13T09:58:09+00:00\",\"breadcrumb\":{\"@id\":\"https:\/\/www.electroluxprofessional.com\/pl\/zmywanie-naczyn-promocja-2026\/#breadcrumb\"},\"inLanguage\":\"pl-PL\",\"potentialAction\":[{\"@type\":\"ReadAction\",\"target\":[\"https:\/\/www.electroluxprofessional.com\/pl\/zmywanie-naczyn-promocja-2026\/\"]}]},{\"@type\":\"BreadcrumbList\",\"@id\":\"https:\/\/www.electroluxprofessional.com\/pl\/zmywanie-naczyn-promocja-2026\/#breadcrumb\",\"itemListElement\":[{\"@type\":\"ListItem\",\"position\":1,\"name\":\"Strona g\u0142\u00f3wna\",\"item\":\"https:\/\/www.electroluxprofessional.com\/pl\/\"},{\"@type\":\"ListItem\",\"position\":2,\"name\":\"Zmywanie naczy\u0144 &#8211; promocja\"}]},{\"@type\":\"WebSite\",\"@id\":\"https:\/\/www.electroluxprofessional.com\/pl\/#website\",\"url\":\"https:\/\/www.electroluxprofessional.com\/pl\/\",\"name\":\"Electrolux Professional Polska\",\"description\":\"\",\"potentialAction\":[{\"@type\":\"SearchAction\",\"target\":{\"@type\":\"EntryPoint\",\"urlTemplate\":\"https:\/\/www.electroluxprofessional.com\/pl\/?src={search_term_string}\"},\"query-input\":\"required name=search_term_string\"}],\"inLanguage\":\"pl-PL\"}]}<\/script>\n<!-- \/ Yoast SEO plugin. -->","yoast_head_json":{"title":"Zmywanie naczy\u0144 - promocja - Electrolux Professional Polska","robots":{"index":"noindex","follow":"nofollow"},"og_locale":"pl_PL","og_type":"article","og_title":"Zmywanie naczy\u0144 - promocja - Electrolux Professional Polska","og_description":"[vc_row full_width=&#8221;electroluxpro-full-width-no-padding&#8221;][vc_column content_position=&#8221;center&#8221; el_class=&#8221;text-center&#8221;][elx_promo_top_banner title=&#8221;Zawsze co\u015b ekstra: Zmywanie naczy\u0144&#8221; carousel=&#8221;%5B%7B%22text_carousel%22%3A%22Wybierz%20urz%C4%85dzenia%20Electrolux%20Professional%20w%20specjalnych%20cenach.%5Cn%3Cbr%3E%3Cbr%3E%3Cb%3EOkres%20wa%C5%BCno%C5%9Bci%20promocji%3A%20od%2015%20lutego%20do%2030%20czerwca%202026%20r.%3C%2Fb%3E%5Cn%3Cbr%3EZam%C3%B3wienia%20na%20urz%C4%85dzenia%20promocyjne%20nale%C5%BCy%20odebra%C4%87%20najp%C3%B3%C5%BAniej%2031%20lipca%202026%20r.%5Cn%3Cbr%3E%5Cn%3Cbr%3E*%20patrz%20%3Ca%20href%3D%5C%22https%3A%2F%2Fwww.electroluxprofessional.com%2Fpl%2Fwp-content%2Fuploads%2F2026%2F04%2FElectrolux-Professional-Terms-and-conditions_PL-2026.pdf%5C%22%3E%3Cb%3EWarunki%3C%2Fb%3E%3C%2Fa%3E%22%2C%22image_carousel%22%3A%2210712%22%2C%22link_carousel%22%3A%22url%3A%2523promo-contactus%7Ctitle%3ASKONTAKTUJ%2520SI%25C4%2598%2520Z%2520NAMI%2520I%2520Z%25C5%2581%25C3%2593%25C5%25BB%2520ZAM%25C3%2593WIENIE%2520JU%25C5%25BB%2520TERAZ%22%2C%22select_type%22%3A%22link%22%7D%5D&#8221;][vc_empty_space height=&#8221;40px&#8221;][\/vc_column][\/vc_row][vc_row full_width=&#8221;electroluxpro-full-width-no-padding&#8221;][vc_column][elx_promo_2_3_columns_and_icons bgcolor=&#8221;bg-row-light-blue&#8221; colnumber=&#8221;3&#8243; title=&#8221;Wyj\u0105tkowa wydajno\u015b\u0107 i higiena&#8221; col1_icon=&#8221;elx-icon icon-circle-clean-blue&#8221; col1_title=&#8221;Doskona\u0142e wyniki zmywania i p\u0142ukania&#8221; col1_text=&#8221;Idealna zmywarka do talerzy, fili\u017canek, przybor\u00f3w kuchennych, tac, pojemnik\u00f3w Gastronorm i sztu\u0107c\u00f3w, zapewniaj\u0105ca ca\u0142kowite usuni\u0119cie detergentu.&#8221; col2_icon=&#8221;elx-icon icon-circle-bacteria-blue&#8221; col2_title=&#8221;Optymalna wydajno\u015b\u0107&#8221; col2_text=&#8221;Du\u017ce ci\u015bnienie podczas zmywania i doskona\u0142e wyniki dzi\u0119ki podw\u00f3jnym g\u00f3rnym [&hellip;]","og_url":"https:\/\/www.electroluxprofessional.com\/pl\/zmywanie-naczyn-promocja-2026\/","og_site_name":"Electrolux Professional Polska","article_modified_time":"2026-05-13T09:58:09+00:00","twitter_card":"summary_large_image","twitter_misc":{"Szacowany czas czytania":"3 minuty"},"schema":{"@context":"https:\/\/schema.org","@graph":[{"@type":"WebPage","@id":"https:\/\/www.electroluxprofessional.com\/pl\/zmywanie-naczyn-promocja-2026\/","url":"https:\/\/www.electroluxprofessional.com\/pl\/zmywanie-naczyn-promocja-2026\/","name":"Zmywanie naczy\u0144 - promocja - Electrolux Professional Polska","isPartOf":{"@id":"https:\/\/www.electroluxprofessional.com\/pl\/#website"},"datePublished":"2026-04-02T09:40:15+00:00","dateModified":"2026-05-13T09:58:09+00:00","breadcrumb":{"@id":"https:\/\/www.electroluxprofessional.com\/pl\/zmywanie-naczyn-promocja-2026\/#breadcrumb"},"inLanguage":"pl-PL","potentialAction":[{"@type":"ReadAction","target":["https:\/\/www.electroluxprofessional.com\/pl\/zmywanie-naczyn-promocja-2026\/"]}]},{"@type":"BreadcrumbList","@id":"https:\/\/www.electroluxprofessional.com\/pl\/zmywanie-naczyn-promocja-2026\/#breadcrumb","itemListElement":[{"@type":"ListItem","position":1,"name":"Strona g\u0142\u00f3wna","item":"https:\/\/www.electroluxprofessional.com\/pl\/"},{"@type":"ListItem","position":2,"name":"Zmywanie naczy\u0144 &#8211; promocja"}]},{"@type":"WebSite","@id":"https:\/\/www.electroluxprofessional.com\/pl\/#website","url":"https:\/\/www.electroluxprofessional.com\/pl\/","name":"Electrolux Professional Polska","description":"","potentialAction":[{"@type":"SearchAction","target":{"@type":"EntryPoint","urlTemplate":"https:\/\/www.electroluxprofessional.com\/pl\/?src={search_term_string}"},"query-input":"required name=search_term_string"}],"inLanguage":"pl-PL"}]}},"_links":{"self":[{"href":"https:\/\/www.electroluxprofessional.com\/pl\/wp-json\/wp\/v2\/pages\/12789"}],"collection":[{"href":"https:\/\/www.electroluxprofessional.com\/pl\/wp-json\/wp\/v2\/pages"}],"about":[{"href":"https:\/\/www.electroluxprofessional.com\/pl\/wp-json\/wp\/v2\/types\/page"}],"author":[{"embeddable":true,"href":"https:\/\/www.electroluxprofessional.com\/pl\/wp-json\/wp\/v2\/users\/120"}],"replies":[{"embeddable":true,"href":"https:\/\/www.electroluxprofessional.com\/pl\/wp-json\/wp\/v2\/comments?post=12789"}],"version-history":[{"count":14,"href":"https:\/\/www.electroluxprofessional.com\/pl\/wp-json\/wp\/v2\/pages\/12789\/revisions"}],"predecessor-version":[{"id":12863,"href":"https:\/\/www.electroluxprofessional.com\/pl\/wp-json\/wp\/v2\/pages\/12789\/revisions\/12863"}],"wp:attachment":[{"href":"https:\/\/www.electroluxprofessional.com\/pl\/wp-json\/wp\/v2\/media?parent=12789"}],"curies":[{"name":"wp","href":"https:\/\/api.w.org\/{rel}","templated":true}]}}