{"id":12483,"date":"2026-02-26T09:57:43","date_gmt":"2026-02-26T09:57:43","guid":{"rendered":"https:\/\/www.electroluxprofessional.com\/pl\/?page_id=12483"},"modified":"2026-04-15T18:38:12","modified_gmt":"2026-04-15T18:38:12","slug":"zrownowazone-rozwiazania","status":"publish","type":"page","link":"https:\/\/www.electroluxprofessional.com\/pl\/zrownowazone-rozwiazania\/","title":{"rendered":"Zr\u00f3wnowa\u017cone rozwi\u0105zania"},"content":{"rendered":"<p>[vc_row full_width=&#8221;electroluxpro-full-width-no-padding&#8221; el_id=&#8221;banner&#8221; min_height=&#8221;500px&#8221;][vc_column][elx_hero_video text_position=&#8221;hero_video_text_align_left&#8221; width_box=&#8221;none&#8221; background_video_mp4=&#8221;https:\/\/www.electroluxprofessional.com\/pl\/wp-content\/uploads\/2026\/02\/Sustainability-video-electrolux-professional_HERO_ULTRA_2MB.mp4&#8243;][\/elx_hero_video][\/vc_column][\/vc_row][vc_row][vc_column][vc_empty_space height=&#8221;50px&#8221;][elx_heading font_container=&#8221;h1&#8243; font_size=&#8221;h2&#8243; text_color=&#8221;inherit&#8221; text_align=&#8221;text-center&#8221;]Zr\u00f3wnowa\u017cone rozwi\u0105zania dostarczaj\u0105ce d\u0142ugoterminow\u0105 warto\u015b\u0107 dla naszych klient\u00f3w na ca\u0142ym \u015bwiecie[\/elx_heading][vc_empty_space height=&#8221;20px&#8221;][vc_column_text]<\/p>\n<p style=\"text-align: center;\">Electrolux Professional chce wyznacza\u0107 tempo w profesjonalnych bran\u017cach spo\u017cywczej, napoj\u00f3w i pralniczej, dzi\u0119ki naszym innowacjom w zakresie zr\u00f3wnowa\u017conego rozwoju i efektywno\u015bci energetycznej, opartym na po\u0142\u0105czonej i cyfrowej platformie, aby sprosta\u0107 potrzebom klient\u00f3w.<\/p>\n<p>[\/vc_column_text][vc_empty_space height=&#8221;50px&#8221;][\/vc_column][\/vc_row][vc_row content_placement=&#8221;middle&#8221; css=&#8221;.vc_custom_1758178561518{background-color: #F6F6F6 !important;}&#8221;][vc_column][vc_empty_space height=&#8221;40px&#8221;][\/vc_column][\/vc_row][vc_row equal_height=&#8221;yes&#8221; content_placement=&#8221;middle&#8221; css=&#8221;.vc_custom_1759215775499{background-color: #F6F6F6 !important;}&#8221;][vc_column el_class=&#8221;align-vertical-center&#8221;][elx_heading text_color=&#8221;inherit&#8221;]Lider zr\u00f3wnowa\u017conego rozwoju \u2013 spe\u0142nianie potrzeb wykraczaj\u0105cych poza jutro[\/elx_heading][vc_empty_space][\/vc_column][\/vc_row][vc_row content_placement=&#8221;middle&#8221; css=&#8221;.vc_custom_1758178561518{background-color: #F6F6F6 !important;}&#8221;][vc_column][vc_empty_space height=&#8221;40px&#8221;][\/vc_column][\/vc_row][vc_row equal_height=&#8221;yes&#8221; content_placement=&#8221;middle&#8221; css=&#8221;.vc_custom_1759215775499{background-color: #F6F6F6 !important;}&#8221;][vc_column width=&#8221;2\/3&#8243;][vc_column_text css=&#8221;.vc_custom_1772100214205{background-color: #f6f6f6 !important;}&#8221;]W Electrolux Professional Group zr\u00f3wnowa\u017cony rozw\u00f3j jest zakorzeniony w naszej dzia\u0142alno\u015bci i kulturze. D\u0105\u017cymy do pozytywnego wp\u0142ywu na profesjonalne bran\u017ce spo\u017cywcz\u0105, napoj\u00f3w i pralnicz\u0105, pomagaj\u0105c firmom prosperowa\u0107, instytucjom by\u0107 bardziej efektywnymi, a miejscom pracy bezpieczniejszymi \u2013 jednocze\u015bnie redukuj\u0105c zu\u017cycie energii, wody i detergent\u00f3w.<\/p>\n<p>Nasza strategia koncentruje si\u0119 na klimacie, zdrowiu i bezpiecze\u0144stwie oraz r\u00f3\u017cnorodno\u015bci, z celem osi\u0105gni\u0119cia neutralno\u015bci klimatycznej do 2030 roku, opartym na trzech filarach: Zr\u00f3wnowa\u017cone rozwi\u0105zania, Zr\u00f3wnowa\u017cona dzia\u0142alno\u015b\u0107 oraz Etyka i relacje.<\/p>\n<p>Jeste\u015bmy dumni z uznania nas za lidera zr\u00f3wnowa\u017conego rozwoju w naszej bran\u017cy. To wyr\u00f3\u017cnienie niesie ze sob\u0105 zar\u00f3wno dum\u0119, jak i odpowiedzialno\u015b\u0107 \u2013 aby nadal si\u0119 rozwija\u0107 i spe\u0142nia\u0107 potrzeby wykraczaj\u0105ce poza jutro.<\/p>\n<p>[\/vc_column_text][vc_empty_space height=&#8221;20px&#8221;][vc_column_text]<strong><em>Alberto Zanata, Prezes i Dyrektor Generalny<\/em><\/strong>[\/vc_column_text][\/vc_column][vc_column width=&#8221;1\/3&#8243;][vc_row_inner][vc_column_inner offset=&#8221;vc_hidden-lg vc_hidden-md vc_hidden-sm&#8221;][vc_empty_space][\/vc_column_inner][\/vc_row_inner][vc_empty_space height=&#8221;45px&#8221;][vc_single_image image=&#8221;12481&#8243; img_size=&#8221;full&#8221; alignment=&#8221;center&#8221;][\/vc_column][\/vc_row][vc_row content_placement=&#8221;middle&#8221; css=&#8221;.vc_custom_1758178561518{background-color: #F6F6F6 !important;}&#8221;][vc_column][vc_empty_space height=&#8221;40px&#8221;][\/vc_column][\/vc_row][vc_row][vc_column][vc_empty_space height=&#8221;50px&#8221;][\/vc_column][\/vc_row][vc_row][vc_column][elx_double_banner_sust tag_title=&#8221;h2&#8243; class_title=&#8221;h2&#8243; left_title=&#8221;Zr\u00f3wnowa\u017cone rozwi\u0105zania \u017cywno\u015bciowe&#8221; left_image_media_library=&#8221;12508&#8243; right_title=&#8221;Zr\u00f3wnowa\u017cone rozwi\u0105zania w zakresie prania&#8221; right_image_media_library=&#8221;12510&#8243; left_link=&#8221;url:https%3A%2F%2Fwww.electroluxprofessional.com%2Fpl%2Fzrownowazone-rozwiazania%2Fzrownowazone-rozwiazania-zywnosciowe%2F|title:Dowiedz%20si%C4%99%20wi%C4%99cej&#8221; right_link=&#8221;url:https%3A%2F%2Fwww.electroluxprofessional.com%2Fpl%2Fzrownowazone-rozwiazania%2Fksztaltowanie-zrownowazonego-prania%2F|title:Dowiedz%20si%C4%99%20wi%C4%99cej&#8221;][\/vc_column][\/vc_row][vc_row][vc_column][vc_empty_space height=&#8221;50px&#8221;][\/vc_column][\/vc_row][vc_row content_placement=&#8221;middle&#8221; css=&#8221;.vc_custom_1758178561518{background-color: #F6F6F6 !important;}&#8221;][vc_column][vc_empty_space height=&#8221;40px&#8221;][\/vc_column][\/vc_row][vc_row content_placement=&#8221;middle&#8221; css=&#8221;.vc_custom_1758187212823{background-color: #F6F6F6 !important;}&#8221;][vc_column width=&#8221;3\/5&#8243;][vc_row_inner][vc_column_inner offset=&#8221;vc_hidden-sm vc_hidden-xs&#8221;][vc_empty_space][\/vc_column_inner][\/vc_row_inner][vc_column_text]<\/p>\n<h3><span class=\"LineBox SCXP108091875 BCX0\"><span class=\"TextRun SCXP108091875 BCX0\" lang=\"EN-US\" xml:lang=\"EN-US\" data-scheme-color=\"@FF0000,,\" data-usefontface=\"true\" data-contrast=\"none\"><span class=\"NormalTextRun SCXP108091875 BCX0\">Jeste\u015bmy dumni z otrzymania presti\u017cowej Z\u0142otej Oceny Zr\u00f3wnowa\u017conego Rozwoju od EcoVadis, plasuj\u0105cej nas w\u015br\u00f3d najlepszych 5% ocenianych firm na \u015bwiecie. <\/span><\/span><span class=\"EOP SCXP108091875 BCX0\">\u200b<\/span><\/span><\/h3>\n<p>[\/vc_column_text][vc_row_inner][vc_column_inner offset=&#8221;vc_hidden-lg vc_hidden-md vc_hidden-sm&#8221;][vc_empty_space][\/vc_column_inner][\/vc_row_inner][\/vc_column][vc_column width=&#8221;2\/5&#8243;][vc_column_text css=&#8221;.vc_custom_1759216097926{background-color: #F6F6F6 !important;}&#8221;]<span style=\"color: #f6f6f6;\">.<\/span>[\/vc_column_text][vc_single_image image=&#8221;12478&#8243; img_size=&#8221;200&#215;200&#8243; alignment=&#8221;center&#8221;][\/vc_column][\/vc_row][vc_row content_placement=&#8221;middle&#8221; css=&#8221;.vc_custom_1758178561518{background-color: #F6F6F6 !important;}&#8221;][vc_column][vc_empty_space height=&#8221;40px&#8221;][\/vc_column][\/vc_row][vc_row][vc_column][vc_empty_space height=&#8221;50px&#8221;][\/vc_column][\/vc_row][vc_row css=&#8221;.vc_custom_1769764393796{background-image: url(https:\/\/eprdev.comunicazione21.com\/wp-content\/uploads\/2025\/09\/Screenshot-2025-09-25-115810.jpg?id=56214) !important;background-position: center !important;background-repeat: no-repeat !important;background-size: cover !important;}&#8221; el_class=&#8221;text-center&#8221;][vc_column][vc_empty_space height=&#8221;64px&#8221;][vc_row_inner][vc_column_inner][vc_column_text]<\/p>\n<p style=\"text-align: center;\"><span style=\"color: #ffffff;\">CO DO TEJ PORY OSI\u0104GN\u0118LI\u015aMY<\/span><\/p>\n<p>[\/vc_column_text][vc_empty_space][elx_heading text_color=&#8221;white&#8221; text_align=&#8221;text-center&#8221;]W 2024 roku uda\u0142o nam si\u0119 osi\u0105gn\u0105\u0107 znacz\u0105cy post\u0119p<br \/>\nwe wszystkich obszarach zr\u00f3wnowa\u017conego rozwoju od 2019 roku.<br \/>\n[\/elx_heading][vc_empty_space][\/vc_column_inner][\/vc_row_inner][vc_row_inner][vc_column_inner width=&#8221;1\/3&#8243;][vc_column_text]<\/p>\n<p style=\"font-size: 83px; text-align: center;\"><span style=\"color: #ffffff;\"><strong>-61%<\/strong><\/span><\/p>\n<p>[\/vc_column_text][elx_heading font_container=&#8221;h3&#8243; font_size=&#8221;p&#8221; text_color=&#8221;white&#8221; text_align=&#8221;text-center&#8221;]Emisje CO2 zakres 1 i 2[\/elx_heading][vc_empty_space][\/vc_column_inner][vc_column_inner width=&#8221;1\/3&#8243;][vc_column_text]<\/p>\n<p style=\"font-size: 83px; text-align: center;\"><span style=\"color: #ffffff;\"><strong>51%<\/strong><\/span><\/p>\n<p>[\/vc_column_text][elx_heading font_container=&#8221;h3&#8243; font_size=&#8221;p&#8221; text_color=&#8221;white&#8221; text_align=&#8221;text-center&#8221;]Energia odnawialna[\/elx_heading][vc_empty_space][\/vc_column_inner][vc_column_inner width=&#8221;1\/3&#8243;][vc_column_text]<\/p>\n<p style=\"font-size: 83px; text-align: center;\"><span style=\"color: #ffffff;\"><strong>-35%<\/strong><\/span><\/p>\n<p>[\/vc_column_text][elx_heading font_container=&#8221;h3&#8243; font_size=&#8221;p&#8221; text_color=&#8221;white&#8221; text_align=&#8221;text-center&#8221;]Emisje CO2 zakres 3[\/elx_heading][vc_empty_space][\/vc_column_inner][\/vc_row_inner][vc_empty_space height=&#8221;70px&#8221;][elx_button button_text=&#8221;POZNAJ NASZE OSI\u0104GNI\u0118CIA&#8221; button_style=&#8221;primary-white-bordered&#8221; button_link=&#8221;url:https%3A%2F%2Fwww.electroluxprofessional.com%2Fpl%2Fzrownowazone-rozwiazania%2Foceny-i-certyfikaty-zrownowazonego-rozwoju%2F%20|title:Oceny%20i%20certyfikaty%20zr%C3%B3wnowa%C5%BConego%20rozwoju&#8221;][vc_empty_space height=&#8221;50px&#8221;][\/vc_column][\/vc_row][vc_row el_class=&#8221;text-center&#8221;][vc_column][vc_empty_space height=&#8221;55px&#8221;][\/vc_column][\/vc_row][vc_row][vc_column width=&#8221;1\/2&#8243;][vc_single_image image=&#8221;12464&#8243; img_size=&#8221;577&#215;540&#8243; alignment=&#8221;center&#8221;][vc_empty_space height=&#8221;20px&#8221;][elx_heading font_container=&#8221;h3&#8243; font_size=&#8221;h3&#8243; text_color=&#8221;inherit&#8221; text_align=&#8221;text-left&#8221;]Dobre wybory dla planety[\/elx_heading][vc_empty_space height=&#8221;10px&#8221;][vc_column_text]Electrolux Professional pomaga znale\u017a\u0107 drog\u0119 do zr\u00f3wnowa\u017conej przysz\u0142o\u015bci. Istnieje wiele mo\u017cliwo\u015bci, aby wnie\u015b\u0107 pozytywny wk\u0142ad, wybieraj\u0105c bardziej wydajny i energooszcz\u0119dny sprz\u0119t \u2013 co jest nie tylko dobr\u0105 wiadomo\u015bci\u0105 dla planety, ale tak\u017ce dla wyniku finansowego Twojej firmy. Nadszed\u0142 czas na w\u0142a\u015bciwe wybory.[\/vc_column_text][vc_empty_space][\/vc_column][vc_column width=&#8221;1\/2&#8243;][vc_single_image image=&#8221;12482&#8243; img_size=&#8221;577&#215;540&#8243; alignment=&#8221;center&#8221;][vc_empty_space height=&#8221;20px&#8221;][elx_heading font_container=&#8221;h3&#8243; font_size=&#8221;h3&#8243; text_color=&#8221;inherit&#8221; text_align=&#8221;text-left&#8221;]Zr\u00f3wnowa\u017cone podej\u015bcie[\/elx_heading][vc_empty_space height=&#8221;10px&#8221;][vc_column_text]Nasz\u0105 misj\u0105 jest u\u0142atwianie \u017cycia zawodowego naszych klient\u00f3w, zwi\u0119kszanie ich zyskowno\u015bci \u2013 i codzienne zapewnianie prawdziwej zr\u00f3wnowa\u017cono\u015bci. Zr\u00f3wnowa\u017cony rozw\u00f3j jest kluczow\u0105 cz\u0119\u015bci\u0105 naszej strategii, kultury i dzia\u0142alno\u015bci.<br \/>\nKorzystamy z Cel\u00f3w Zr\u00f3wnowa\u017conego Rozwoju (SDGs) jako naszego kompasu. Ka\u017cdego dnia d\u0105\u017cymy do poprawy zr\u00f3wnowa\u017cono\u015bci w \u0142a\u0144cuchu warto\u015bci naszych klient\u00f3w.[\/vc_column_text][vc_empty_space][\/vc_column][\/vc_row][vc_row el_class=&#8221;text-center&#8221;][vc_column][vc_empty_space][elx_button button_text=&#8221;NASZA ETYKA&#8221; button_link=&#8221;url:https%3A%2F%2Fwww.electroluxprofessionalgroup.com%2Fen%2Fsustainability%2Four-ethics%2F|title:NASZA%20ETYKA|target:_blank&#8221;][vc_empty_space][\/vc_column][\/vc_row][vc_row custom_color_row=&#8221;bg-row-light-blue&#8221;][vc_column][elx_last_references title=&#8221;Bibliografia&#8221; extra_class=&#8221;h4&#8243;][\/vc_column][\/vc_row][vc_row][vc_column][vc_empty_space height=&#8221;60px&#8221;][\/vc_column][\/vc_row]<\/p>\n","protected":false},"excerpt":{"rendered":"<p>[vc_row full_width=&#8221;electroluxpro-full-width-no-padding&#8221; el_id=&#8221;banner&#8221; min_height=&#8221;500px&#8221;][vc_column][elx_hero_video text_position=&#8221;hero_video_text_align_left&#8221; width_box=&#8221;none&#8221; background_video_mp4=&#8221;https:\/\/www.electroluxprofessional.com\/pl\/wp-content\/uploads\/2026\/02\/Sustainability-video-electrolux-professional_HERO_ULTRA_2MB.mp4&#8243;][\/elx_hero_video][\/vc_column][\/vc_row][vc_row][vc_column][vc_empty_space height=&#8221;50px&#8221;][elx_heading font_container=&#8221;h1&#8243; font_size=&#8221;h2&#8243; text_color=&#8221;inherit&#8221; text_align=&#8221;text-center&#8221;]Zr\u00f3wnowa\u017cone rozwi\u0105zania dostarczaj\u0105ce d\u0142ugoterminow\u0105 warto\u015b\u0107 dla naszych klient\u00f3w na ca\u0142ym \u015bwiecie[\/elx_heading][vc_empty_space height=&#8221;20px&#8221;][vc_column_text] Electrolux Professional chce wyznacza\u0107 tempo w profesjonalnych bran\u017cach spo\u017cywczej, napoj\u00f3w i pralniczej, dzi\u0119ki naszym innowacjom w zakresie zr\u00f3wnowa\u017conego rozwoju i efektywno\u015bci energetycznej, opartym na po\u0142\u0105czonej i cyfrowej platformie, aby sprosta\u0107 potrzebom klient\u00f3w. [&hellip;]<\/p>\n","protected":false},"author":1,"featured_media":12464,"parent":0,"menu_order":0,"comment_status":"closed","ping_status":"closed","template":"","meta":{"footnotes":""},"class_list":["post-12483","page","type-page","status-publish","has-post-thumbnail","hentry"],"acf":[],"yoast_head":"<!-- This site is optimized with the Yoast SEO plugin v23.3 - https:\/\/yoast.com\/wordpress\/plugins\/seo\/ -->\n<title>Zr\u00f3wnowa\u017cone rozwi\u0105zania - Electrolux Professional Polska<\/title>\n<meta name=\"description\" content=\"Zr\u00f3wnowa\u017cone rozwi\u0105zania Electrolux Professional. Energooszcz\u0119dny sprz\u0119t zaprojektowany z my\u015bl\u0105 o ograniczeniu zu\u017cycia zasob\u00f3w i zwi\u0119kszeniu wydajno\u015bci, aby zapewni\u0107 prawdziwie zr\u00f3wnowa\u017con\u0105 przysz\u0142o\u015b\u0107.\" \/>\n<meta name=\"robots\" content=\"noindex, nofollow\" \/>\n<meta property=\"og:locale\" content=\"pl_PL\" \/>\n<meta property=\"og:type\" content=\"article\" \/>\n<meta property=\"og:title\" content=\"Zr\u00f3wnowa\u017cone rozwi\u0105zania - Electrolux Professional Polska\" \/>\n<meta property=\"og:description\" content=\"Zr\u00f3wnowa\u017cone rozwi\u0105zania Electrolux Professional. Energooszcz\u0119dny sprz\u0119t zaprojektowany z my\u015bl\u0105 o ograniczeniu zu\u017cycia zasob\u00f3w i zwi\u0119kszeniu wydajno\u015bci, aby zapewni\u0107 prawdziwie zr\u00f3wnowa\u017con\u0105 przysz\u0142o\u015b\u0107.\" \/>\n<meta property=\"og:url\" content=\"https:\/\/www.electroluxprofessional.com\/pl\/zrownowazone-rozwiazania\/\" \/>\n<meta property=\"og:site_name\" content=\"Electrolux Professional Polska\" \/>\n<meta property=\"article:modified_time\" content=\"2026-04-15T18:38:12+00:00\" \/>\n<meta property=\"og:image\" content=\"https:\/\/www.electroluxprofessional.com\/pl\/wp-content\/uploads\/2026\/02\/A-sustainable-approach_1.jpeg\" \/>\n\t<meta property=\"og:image:width\" content=\"577\" \/>\n\t<meta property=\"og:image:height\" content=\"540\" \/>\n\t<meta property=\"og:image:type\" content=\"image\/jpeg\" \/>\n<meta name=\"twitter:card\" content=\"summary_large_image\" \/>\n<meta name=\"twitter:label1\" content=\"Szacowany czas czytania\" \/>\n\t<meta name=\"twitter:data1\" content=\"4 minuty\" \/>\n<script type=\"application\/ld+json\" class=\"yoast-schema-graph\">{\"@context\":\"https:\/\/schema.org\",\"@graph\":[{\"@type\":\"WebPage\",\"@id\":\"https:\/\/www.electroluxprofessional.com\/pl\/zrownowazone-rozwiazania\/\",\"url\":\"https:\/\/www.electroluxprofessional.com\/pl\/zrownowazone-rozwiazania\/\",\"name\":\"Zr\u00f3wnowa\u017cone rozwi\u0105zania - Electrolux Professional Polska\",\"isPartOf\":{\"@id\":\"https:\/\/www.electroluxprofessional.com\/pl\/#website\"},\"primaryImageOfPage\":{\"@id\":\"https:\/\/www.electroluxprofessional.com\/pl\/zrownowazone-rozwiazania\/#primaryimage\"},\"image\":{\"@id\":\"https:\/\/www.electroluxprofessional.com\/pl\/zrownowazone-rozwiazania\/#primaryimage\"},\"thumbnailUrl\":\"https:\/\/www.electroluxprofessional.com\/pl\/wp-content\/uploads\/2026\/02\/A-sustainable-approach_1.jpeg\",\"datePublished\":\"2026-02-26T09:57:43+00:00\",\"dateModified\":\"2026-04-15T18:38:12+00:00\",\"description\":\"Zr\u00f3wnowa\u017cone rozwi\u0105zania Electrolux Professional. Energooszcz\u0119dny sprz\u0119t zaprojektowany z my\u015bl\u0105 o ograniczeniu zu\u017cycia zasob\u00f3w i zwi\u0119kszeniu wydajno\u015bci, aby zapewni\u0107 prawdziwie zr\u00f3wnowa\u017con\u0105 przysz\u0142o\u015b\u0107.\",\"breadcrumb\":{\"@id\":\"https:\/\/www.electroluxprofessional.com\/pl\/zrownowazone-rozwiazania\/#breadcrumb\"},\"inLanguage\":\"pl-PL\",\"potentialAction\":[{\"@type\":\"ReadAction\",\"target\":[\"https:\/\/www.electroluxprofessional.com\/pl\/zrownowazone-rozwiazania\/\"]}]},{\"@type\":\"ImageObject\",\"inLanguage\":\"pl-PL\",\"@id\":\"https:\/\/www.electroluxprofessional.com\/pl\/zrownowazone-rozwiazania\/#primaryimage\",\"url\":\"https:\/\/www.electroluxprofessional.com\/pl\/wp-content\/uploads\/2026\/02\/A-sustainable-approach_1.jpeg\",\"contentUrl\":\"https:\/\/www.electroluxprofessional.com\/pl\/wp-content\/uploads\/2026\/02\/A-sustainable-approach_1.jpeg\",\"width\":577,\"height\":540},{\"@type\":\"BreadcrumbList\",\"@id\":\"https:\/\/www.electroluxprofessional.com\/pl\/zrownowazone-rozwiazania\/#breadcrumb\",\"itemListElement\":[{\"@type\":\"ListItem\",\"position\":1,\"name\":\"Strona g\u0142\u00f3wna\",\"item\":\"https:\/\/www.electroluxprofessional.com\/pl\/\"},{\"@type\":\"ListItem\",\"position\":2,\"name\":\"Zr\u00f3wnowa\u017cone rozwi\u0105zania\"}]},{\"@type\":\"WebSite\",\"@id\":\"https:\/\/www.electroluxprofessional.com\/pl\/#website\",\"url\":\"https:\/\/www.electroluxprofessional.com\/pl\/\",\"name\":\"Electrolux Professional Polska\",\"description\":\"\",\"potentialAction\":[{\"@type\":\"SearchAction\",\"target\":{\"@type\":\"EntryPoint\",\"urlTemplate\":\"https:\/\/www.electroluxprofessional.com\/pl\/?src={search_term_string}\"},\"query-input\":\"required name=search_term_string\"}],\"inLanguage\":\"pl-PL\"}]}<\/script>\n<!-- \/ Yoast SEO plugin. -->","yoast_head_json":{"title":"Zr\u00f3wnowa\u017cone rozwi\u0105zania - Electrolux Professional Polska","description":"Zr\u00f3wnowa\u017cone rozwi\u0105zania Electrolux Professional. Energooszcz\u0119dny sprz\u0119t zaprojektowany z my\u015bl\u0105 o ograniczeniu zu\u017cycia zasob\u00f3w i zwi\u0119kszeniu wydajno\u015bci, aby zapewni\u0107 prawdziwie zr\u00f3wnowa\u017con\u0105 przysz\u0142o\u015b\u0107.","robots":{"index":"noindex","follow":"nofollow"},"og_locale":"pl_PL","og_type":"article","og_title":"Zr\u00f3wnowa\u017cone rozwi\u0105zania - Electrolux Professional Polska","og_description":"Zr\u00f3wnowa\u017cone rozwi\u0105zania Electrolux Professional. Energooszcz\u0119dny sprz\u0119t zaprojektowany z my\u015bl\u0105 o ograniczeniu zu\u017cycia zasob\u00f3w i zwi\u0119kszeniu wydajno\u015bci, aby zapewni\u0107 prawdziwie zr\u00f3wnowa\u017con\u0105 przysz\u0142o\u015b\u0107.","og_url":"https:\/\/www.electroluxprofessional.com\/pl\/zrownowazone-rozwiazania\/","og_site_name":"Electrolux Professional Polska","article_modified_time":"2026-04-15T18:38:12+00:00","og_image":[{"width":577,"height":540,"url":"https:\/\/www.electroluxprofessional.com\/pl\/wp-content\/uploads\/2026\/02\/A-sustainable-approach_1.jpeg","type":"image\/jpeg"}],"twitter_card":"summary_large_image","twitter_misc":{"Szacowany czas czytania":"4 minuty"},"schema":{"@context":"https:\/\/schema.org","@graph":[{"@type":"WebPage","@id":"https:\/\/www.electroluxprofessional.com\/pl\/zrownowazone-rozwiazania\/","url":"https:\/\/www.electroluxprofessional.com\/pl\/zrownowazone-rozwiazania\/","name":"Zr\u00f3wnowa\u017cone rozwi\u0105zania - Electrolux Professional Polska","isPartOf":{"@id":"https:\/\/www.electroluxprofessional.com\/pl\/#website"},"primaryImageOfPage":{"@id":"https:\/\/www.electroluxprofessional.com\/pl\/zrownowazone-rozwiazania\/#primaryimage"},"image":{"@id":"https:\/\/www.electroluxprofessional.com\/pl\/zrownowazone-rozwiazania\/#primaryimage"},"thumbnailUrl":"https:\/\/www.electroluxprofessional.com\/pl\/wp-content\/uploads\/2026\/02\/A-sustainable-approach_1.jpeg","datePublished":"2026-02-26T09:57:43+00:00","dateModified":"2026-04-15T18:38:12+00:00","description":"Zr\u00f3wnowa\u017cone rozwi\u0105zania Electrolux Professional. Energooszcz\u0119dny sprz\u0119t zaprojektowany z my\u015bl\u0105 o ograniczeniu zu\u017cycia zasob\u00f3w i zwi\u0119kszeniu wydajno\u015bci, aby zapewni\u0107 prawdziwie zr\u00f3wnowa\u017con\u0105 przysz\u0142o\u015b\u0107.","breadcrumb":{"@id":"https:\/\/www.electroluxprofessional.com\/pl\/zrownowazone-rozwiazania\/#breadcrumb"},"inLanguage":"pl-PL","potentialAction":[{"@type":"ReadAction","target":["https:\/\/www.electroluxprofessional.com\/pl\/zrownowazone-rozwiazania\/"]}]},{"@type":"ImageObject","inLanguage":"pl-PL","@id":"https:\/\/www.electroluxprofessional.com\/pl\/zrownowazone-rozwiazania\/#primaryimage","url":"https:\/\/www.electroluxprofessional.com\/pl\/wp-content\/uploads\/2026\/02\/A-sustainable-approach_1.jpeg","contentUrl":"https:\/\/www.electroluxprofessional.com\/pl\/wp-content\/uploads\/2026\/02\/A-sustainable-approach_1.jpeg","width":577,"height":540},{"@type":"BreadcrumbList","@id":"https:\/\/www.electroluxprofessional.com\/pl\/zrownowazone-rozwiazania\/#breadcrumb","itemListElement":[{"@type":"ListItem","position":1,"name":"Strona g\u0142\u00f3wna","item":"https:\/\/www.electroluxprofessional.com\/pl\/"},{"@type":"ListItem","position":2,"name":"Zr\u00f3wnowa\u017cone rozwi\u0105zania"}]},{"@type":"WebSite","@id":"https:\/\/www.electroluxprofessional.com\/pl\/#website","url":"https:\/\/www.electroluxprofessional.com\/pl\/","name":"Electrolux Professional Polska","description":"","potentialAction":[{"@type":"SearchAction","target":{"@type":"EntryPoint","urlTemplate":"https:\/\/www.electroluxprofessional.com\/pl\/?src={search_term_string}"},"query-input":"required name=search_term_string"}],"inLanguage":"pl-PL"}]}},"_links":{"self":[{"href":"https:\/\/www.electroluxprofessional.com\/pl\/wp-json\/wp\/v2\/pages\/12483"}],"collection":[{"href":"https:\/\/www.electroluxprofessional.com\/pl\/wp-json\/wp\/v2\/pages"}],"about":[{"href":"https:\/\/www.electroluxprofessional.com\/pl\/wp-json\/wp\/v2\/types\/page"}],"author":[{"embeddable":true,"href":"https:\/\/www.electroluxprofessional.com\/pl\/wp-json\/wp\/v2\/users\/1"}],"replies":[{"embeddable":true,"href":"https:\/\/www.electroluxprofessional.com\/pl\/wp-json\/wp\/v2\/comments?post=12483"}],"version-history":[{"count":7,"href":"https:\/\/www.electroluxprofessional.com\/pl\/wp-json\/wp\/v2\/pages\/12483\/revisions"}],"predecessor-version":[{"id":12865,"href":"https:\/\/www.electroluxprofessional.com\/pl\/wp-json\/wp\/v2\/pages\/12483\/revisions\/12865"}],"wp:featuredmedia":[{"embeddable":true,"href":"https:\/\/www.electroluxprofessional.com\/pl\/wp-json\/wp\/v2\/media\/12464"}],"wp:attachment":[{"href":"https:\/\/www.electroluxprofessional.com\/pl\/wp-json\/wp\/v2\/media?parent=12483"}],"curies":[{"name":"wp","href":"https:\/\/api.w.org\/{rel}","templated":true}]}}