{"id":12480,"date":"2026-02-26T09:57:34","date_gmt":"2026-02-26T09:57:34","guid":{"rendered":"https:\/\/www.electroluxprofessional.com\/pl\/?page_id=12480"},"modified":"2026-04-15T18:31:51","modified_gmt":"2026-04-15T18:31:51","slug":"oceny-i-certyfikaty-zrownowazonego-rozwoju","status":"publish","type":"page","link":"https:\/\/www.electroluxprofessional.com\/pl\/zrownowazone-rozwiazania\/oceny-i-certyfikaty-zrownowazonego-rozwoju\/","title":{"rendered":"Oceny i certyfikaty zr\u00f3wnowa\u017conego rozwoju"},"content":{"rendered":"<p>[vc_row full_width=&#8221;electroluxpro-full-width-no-padding&#8221;][vc_column][elx_image_block background_image=&#8221;12477&#8243; minimum_height=&#8221;400px&#8221;][\/vc_column][\/vc_row][vc_row][vc_column][vc_row_inner][vc_column_inner offset=&#8221;vc_hidden-sm vc_hidden-xs&#8221;][vc_empty_space height=&#8221;80px&#8221;][\/vc_column_inner][\/vc_row_inner][vc_row_inner][vc_column_inner offset=&#8221;vc_hidden-lg vc_hidden-md&#8221;][vc_empty_space][\/vc_column_inner][\/vc_row_inner][elx_heading font_container=&#8221;h1&#8243; text_color=&#8221;electrolux-blue&#8221; text_align=&#8221;text-center&#8221;]Oceny i certyfikaty zr\u00f3wnowa\u017conego rozwoju[\/elx_heading][vc_empty_space height=&#8221;14px&#8221;][vc_column_text]<\/p>\n<p style=\"text-align: center;\">Wzmacniamy nasze zaanga\u017cowanie na rzecz zr\u00f3wnowa\u017conej przysz\u0142o\u015bci poprzez przejrzysto\u015b\u0107 \u015brodowiskow\u0105.<\/p>\n<p>[\/vc_column_text][vc_row_inner][vc_column_inner offset=&#8221;vc_hidden-sm vc_hidden-xs&#8221;][vc_empty_space height=&#8221;80px&#8221;][\/vc_column_inner][\/vc_row_inner][vc_row_inner][vc_column_inner offset=&#8221;vc_hidden-lg vc_hidden-md&#8221;][vc_empty_space][\/vc_column_inner][\/vc_row_inner][\/vc_column][\/vc_row][vc_row css=&#8221;.vc_custom_1758284570657{background-color: #F5F5F5 !important;}&#8221;][vc_column][vc_empty_space height=&#8221;50px&#8221;][\/vc_column][\/vc_row][vc_row equal_height=&#8221;yes&#8221; css=&#8221;.vc_custom_1758802186212{background-color: #F5F5F5 !important;}&#8221;][vc_column width=&#8221;3\/5&#8243; el_class=&#8221;align-vertical-center&#8221;][elx_heading font_size=&#8221;h4&#8243; text_color=&#8221;electrolux-blue&#8221; text_align=&#8221;text-left&#8221;]W 2025 roku z dum\u0105 otrzymali\u015bmy presti\u017cowy z\u0142oty certyfikat zr\u00f3wnowa\u017conego rozwoju od EcoVadis, co plasuje nas w\u015br\u00f3d 5% najlepszych firm ocenianych na ca\u0142ym \u015bwiecie.[\/elx_heading][vc_row_inner][vc_column_inner offset=&#8221;vc_hidden-lg vc_hidden-md vc_hidden-sm&#8221;][vc_empty_space][\/vc_column_inner][\/vc_row_inner][\/vc_column][vc_column width=&#8221;2\/5&#8243;][vc_single_image image=&#8221;12478&#8243; img_size=&#8221;200&#215;200&#8243; alignment=&#8221;center&#8221;][\/vc_column][\/vc_row][vc_row css=&#8221;.vc_custom_1771583221625{background-color: #f5f5f5 !important;}&#8221;][vc_column][vc_empty_space height=&#8221;50px&#8221;][\/vc_column][\/vc_row][vc_row][vc_column][vc_empty_space height=&#8221;80px&#8221;][\/vc_column][\/vc_row][vc_row css=&#8221;.vc_custom_1758794818846{background-image: url(https:\/\/eprdev.comunicazione21.com\/wp-content\/uploads\/2025\/09\/Screenshot-2025-09-25-115810.jpg?id=56214) !important;background-position: center !important;background-repeat: no-repeat !important;background-size: cover !important;}&#8221;][vc_column][vc_empty_space height=&#8221;64px&#8221;][vc_row_inner][vc_column_inner][vc_column_text]<\/p>\n<p style=\"text-align: center;\"><span style=\"color: #ffffff;\">CO OSI\u0104GN\u0118LI\u015aMY DO TEJ PORY<\/span><\/p>\n<p>[\/vc_column_text][vc_empty_space][elx_heading text_color=&#8221;white&#8221; text_align=&#8221;text-center&#8221;]W 2024 roku uda\u0142o nam si\u0119 osi\u0105gn\u0105\u0107 znacz\u0105cy post\u0119p<br \/>\nwe wszystkich obszarach zr\u00f3wnowa\u017conego rozwoju od 2019 roku.<br \/>\n[\/elx_heading][vc_empty_space][\/vc_column_inner][\/vc_row_inner][vc_row_inner][vc_column_inner width=&#8221;1\/3&#8243;][vc_column_text]<\/p>\n<p style=\"font-size: 83px; text-align: center;\"><span style=\"color: #ffffff;\"><strong>-61%<\/strong><\/span><\/p>\n<p>[\/vc_column_text][elx_heading font_container=&#8221;h3&#8243; font_size=&#8221;p&#8221; text_color=&#8221;white&#8221; text_align=&#8221;text-center&#8221;]Emisje CO2 zakresu 1 i 2[\/elx_heading][vc_empty_space][\/vc_column_inner][vc_column_inner width=&#8221;1\/3&#8243;][vc_column_text]<\/p>\n<p style=\"font-size: 83px; text-align: center;\"><span style=\"color: #ffffff;\"><strong>51%<\/strong><\/span><\/p>\n<p>[\/vc_column_text][elx_heading font_container=&#8221;h3&#8243; font_size=&#8221;p&#8221; text_color=&#8221;white&#8221; text_align=&#8221;text-center&#8221;]Energia odnawialna[\/elx_heading][vc_empty_space][\/vc_column_inner][vc_column_inner width=&#8221;1\/3&#8243;][vc_column_text]<\/p>\n<p style=\"font-size: 83px; text-align: center;\"><span style=\"color: #ffffff;\"><strong>-35%<\/strong><\/span><\/p>\n<p>[\/vc_column_text][elx_heading font_container=&#8221;h3&#8243; font_size=&#8221;p&#8221; text_color=&#8221;white&#8221; text_align=&#8221;text-center&#8221;]Emisje CO2 zakresu 3[\/elx_heading][vc_empty_space][\/vc_column_inner][\/vc_row_inner][vc_empty_space height=&#8221;100px&#8221;][\/vc_column][\/vc_row][vc_row][vc_column offset=&#8221;vc_hidden-sm vc_hidden-xs&#8221;][vc_empty_space height=&#8221;80px&#8221;][\/vc_column][\/vc_row][vc_row][vc_column offset=&#8221;vc_hidden-lg vc_hidden-md&#8221;][vc_empty_space][\/vc_column][\/vc_row][vc_row][vc_column][elx_carousel_sust_ratings cards_bg_color=&#8221;card-bg-green&#8221; first_title=&#8221;Cele klimatyczne&#8221; first_paragraph=&#8221;Grupa Electrolux Professional jest liderem zr\u00f3wnowa\u017conego rozwoju w naszej bran\u017cy. Naszym nadrz\u0119dnym i ambitnym celem jest osi\u0105gni\u0119cie neutralno\u015bci klimatycznej w naszych w\u0142asnych operacjach do 2030 roku.&#8221; card_1_image=&#8221;12509&#8243; card_1_title=&#8221;Redukcja emisji CO2 zakresu 1 i 2 z naszych zak\u0142ad\u00f3w przemys\u0142owych o 70% w stosunku do 2019&#8243; card_1_number=&#8221;-70%&#8221; card_1_number_text=&#8221;Dotychczas osi\u0105gni\u0119to -61% (2024)&#8221; card_2_image=&#8221;12509&#8243; card_2_title=&#8221;Redukcja emisji zakresu 3 z fazy u\u017cytkowania sprzedanych produkt\u00f3w&#8221; card_2_number=&#8221;-27,5%&#8221; card_2_number_text=&#8221;Cel osi\u0105gni\u0119ty w 2024 roku&#8221;][vc_empty_space height=&#8221;64px&#8221;][elx_carousel_sust_ratings alignment=&#8221;right&#8221; first_title=&#8221;Cele dotycz\u0105ce ludzi&#8221; first_paragraph=&#8221;Nasz\u0105 misj\u0105 jest u\u0142atwianie, zwi\u0119kszanie rentowno\u015bci i codziennego zr\u00f3wnowa\u017cenia pracy naszych klient\u00f3w. Mo\u017cemy to osi\u0105gn\u0105\u0107 tylko dzi\u0119ki naszemu najwi\u0119kszemu atutowi \u2013 naszym pracownikom.&#8221; card_1_title=&#8221;Cel w zakresie zdrowia i bezpiecze\u0144stwa na 2025 rok&#8221; card_1_number=&#8221;0,3&#8243; card_1_number_text=&#8221;Obecnie 0,66&#8243; card_2_title=&#8221;Cel r\u00f3\u017cnorodno\u015bci p\u0142ci na 2030 rok&#8221; card_2_number=&#8221;40\/60&#8243; card_2_number_text=&#8221;Obecnie 28\/72&#8243; card_1_paragraph=&#8221;Mierzony liczb\u0105 wypadk\u00f3w przy pracy na 200 000 godzin pracy&#8221; card_2_paragraph=&#8221;Proporcja m\u0119\u017cczyzn\/kobiet lub kobiet\/m\u0119\u017cczyzn&#8221;][\/vc_column][\/vc_row][vc_row][vc_column offset=&#8221;vc_hidden-sm vc_hidden-xs&#8221;][vc_empty_space height=&#8221;80px&#8221;][\/vc_column][\/vc_row][vc_row][vc_column offset=&#8221;vc_hidden-lg vc_hidden-md&#8221;][vc_empty_space][\/vc_column][\/vc_row][vc_row css=&#8221;.vc_custom_1758284570657{background-color: #F5F5F5 !important;}&#8221;][vc_column][vc_empty_space height=&#8221;50px&#8221;][\/vc_column][\/vc_row][vc_row content_placement=&#8221;middle&#8221; css=&#8221;.vc_custom_1758808799747{background-color: #F5F5F5 !important;}&#8221;][vc_column width=&#8221;1\/3&#8243; el_class=&#8221;align-vertical-center&#8221;][vc_row_inner][vc_column_inner][vc_empty_space height=&#8221;42px&#8221;][\/vc_column_inner][\/vc_row_inner][vc_single_image image=&#8221;12479&#8243; img_size=&#8221;400&#215;200&#8243; alignment=&#8221;center&#8221; el_class=&#8221;align-vertical-center&#8221;][\/vc_column][vc_column width=&#8221;2\/3&#8243;][elx_heading text_color=&#8221;electrolux-blue&#8221; text_align=&#8221;text-left&#8221;]Neutralno\u015b\u0107 klimatyczna do 2030 roku[\/elx_heading][vc_empty_space height=&#8221;16px&#8221;][vc_column_text]Naszym nadrz\u0119dnym i ambitnym celem jest osi\u0105gni\u0119cie neutralno\u015bci klimatycznej w naszych w\u0142asnych operacjach do 2030 roku.<br \/>\nWspieramy Agend\u0119 ONZ 2030 oraz powi\u0105zane \u201eCele Zr\u00f3wnowa\u017conego Rozwoju\u201d (SDG) i <strong>zobowi\u0105zali\u015bmy si\u0119 do osi\u0105gni\u0119cia neutralno\u015bci klimatycznej do 2030 roku<\/strong>.[\/vc_column_text][vc_empty_space height=&#8221;28px&#8221;][elx_button button_text=&#8221;NASZE CELE ZR\u00d3WNOWA\u017bONEGO ROZWOJU&#8221; button_display_block=&#8221;display_block_on&#8221; button_alignment_mobile=&#8221;text-left-mobile&#8221; button_link=&#8221;url:https%3A%2F%2Fwww.electroluxprofessionalgroup.com%2Fen%2Fsustainability%2Fsustainable-development-goals%2F|title:NASZE%20CELE%20ZR%C3%93WNOWA%C5%BBONEGO%20ROZWOJU|target:_blank&#8221;][\/vc_column][\/vc_row][vc_row css=&#8221;.vc_custom_1758284570657{background-color: #F5F5F5 !important;}&#8221;][vc_column][vc_empty_space height=&#8221;50px&#8221;][\/vc_column][\/vc_row][vc_row][vc_column][vc_empty_space height=&#8221;80px&#8221;][\/vc_column][\/vc_row][vc_row][vc_column][elx_double_banner_sust tag_title=&#8221;h2&#8243; left_title=&#8221;Zr\u00f3wnowa\u017cone rozwi\u0105zania \u017cywno\u015bciowe&#8221; left_link=&#8221;url:https%3A%2F%2Fwww.electroluxprofessional.com%2Fpl%2Fzrownowazone-rozwiazania%2Fzrownowazone-rozwiazania-zywnosciowe%2F|title:Dowiedz%20si%C4%99%20wi%C4%99cej&#8221; right_title=&#8221;Zr\u00f3wnowa\u017cone rozwi\u0105zania w zakresie prania&#8221; right_link=&#8221;url:https%3A%2F%2Fwww.electroluxprofessional.com%2Fpl%2Fzrownowazone-rozwiazania%2Fksztaltowanie-zrownowazonego-prania%2F|title:Dowiedz%20si%C4%99%20wi%C4%99cej&#8221; left_image_media_library=&#8221;12508&#8243; right_image_media_library=&#8221;12510&#8243;][\/vc_column][\/vc_row][vc_row][vc_column][vc_empty_space height=&#8221;80px&#8221;][\/vc_column][\/vc_row]<\/p>\n","protected":false},"excerpt":{"rendered":"<p>[vc_row full_width=&#8221;electroluxpro-full-width-no-padding&#8221;][vc_column][elx_image_block background_image=&#8221;12477&#8243; minimum_height=&#8221;400px&#8221;][\/vc_column][\/vc_row][vc_row][vc_column][vc_row_inner][vc_column_inner offset=&#8221;vc_hidden-sm vc_hidden-xs&#8221;][vc_empty_space height=&#8221;80px&#8221;][\/vc_column_inner][\/vc_row_inner][vc_row_inner][vc_column_inner offset=&#8221;vc_hidden-lg vc_hidden-md&#8221;][vc_empty_space][\/vc_column_inner][\/vc_row_inner][elx_heading font_container=&#8221;h1&#8243; text_color=&#8221;electrolux-blue&#8221; text_align=&#8221;text-center&#8221;]Oceny i certyfikaty zr\u00f3wnowa\u017conego rozwoju[\/elx_heading][vc_empty_space height=&#8221;14px&#8221;][vc_column_text] Wzmacniamy nasze zaanga\u017cowanie na rzecz zr\u00f3wnowa\u017conej przysz\u0142o\u015bci poprzez przejrzysto\u015b\u0107 \u015brodowiskow\u0105. [\/vc_column_text][vc_row_inner][vc_column_inner offset=&#8221;vc_hidden-sm vc_hidden-xs&#8221;][vc_empty_space height=&#8221;80px&#8221;][\/vc_column_inner][\/vc_row_inner][vc_row_inner][vc_column_inner offset=&#8221;vc_hidden-lg vc_hidden-md&#8221;][vc_empty_space][\/vc_column_inner][\/vc_row_inner][\/vc_column][\/vc_row][vc_row css=&#8221;.vc_custom_1758284570657{background-color: #F5F5F5 !important;}&#8221;][vc_column][vc_empty_space height=&#8221;50px&#8221;][\/vc_column][\/vc_row][vc_row equal_height=&#8221;yes&#8221; css=&#8221;.vc_custom_1758802186212{background-color: #F5F5F5 !important;}&#8221;][vc_column width=&#8221;3\/5&#8243; el_class=&#8221;align-vertical-center&#8221;][elx_heading font_size=&#8221;h4&#8243; text_color=&#8221;electrolux-blue&#8221; text_align=&#8221;text-left&#8221;]W 2025 roku z dum\u0105 otrzymali\u015bmy presti\u017cowy z\u0142oty certyfikat zr\u00f3wnowa\u017conego [&hellip;]<\/p>\n","protected":false},"author":1,"featured_media":12464,"parent":12483,"menu_order":0,"comment_status":"closed","ping_status":"closed","template":"","meta":{"footnotes":""},"class_list":["post-12480","page","type-page","status-publish","has-post-thumbnail","hentry"],"acf":[],"yoast_head":"<!-- This site is optimized with the Yoast SEO plugin v23.3 - https:\/\/yoast.com\/wordpress\/plugins\/seo\/ -->\n<title>Oceny i certyfikaty zr\u00f3wnowa\u017conego rozwoju - Electrolux Professional Polska<\/title>\n<meta name=\"description\" content=\"Oceny i certyfikaty zr\u00f3wnowa\u017conego rozwoju Electrolux Professional. Zapoznaj si\u0119 z naszymi zobowi\u0105zaniami w zakresie ochrony klimatu oraz wyr\u00f3\u017cnieniami przyznanymi przez wiod\u0105ce \u015bwiatowe instytucje ratingowe za nasze dzia\u0142ania na rzecz zr\u00f3wnowa\u017conego rozwoju.\" \/>\n<meta name=\"robots\" content=\"noindex, nofollow\" \/>\n<meta property=\"og:locale\" content=\"pl_PL\" \/>\n<meta property=\"og:type\" content=\"article\" \/>\n<meta property=\"og:title\" content=\"Oceny i certyfikaty zr\u00f3wnowa\u017conego rozwoju - Electrolux Professional Polska\" \/>\n<meta property=\"og:description\" content=\"Oceny i certyfikaty zr\u00f3wnowa\u017conego rozwoju Electrolux Professional. Zapoznaj si\u0119 z naszymi zobowi\u0105zaniami w zakresie ochrony klimatu oraz wyr\u00f3\u017cnieniami przyznanymi przez wiod\u0105ce \u015bwiatowe instytucje ratingowe za nasze dzia\u0142ania na rzecz zr\u00f3wnowa\u017conego rozwoju.\" \/>\n<meta property=\"og:url\" content=\"https:\/\/www.electroluxprofessional.com\/pl\/zrownowazone-rozwiazania\/oceny-i-certyfikaty-zrownowazonego-rozwoju\/\" \/>\n<meta property=\"og:site_name\" content=\"Electrolux Professional Polska\" \/>\n<meta property=\"article:modified_time\" content=\"2026-04-15T18:31:51+00:00\" \/>\n<meta property=\"og:image\" content=\"https:\/\/www.electroluxprofessional.com\/pl\/wp-content\/uploads\/2026\/02\/A-sustainable-approach_1.jpeg\" \/>\n\t<meta property=\"og:image:width\" content=\"577\" \/>\n\t<meta property=\"og:image:height\" content=\"540\" \/>\n\t<meta property=\"og:image:type\" content=\"image\/jpeg\" \/>\n<meta name=\"twitter:card\" content=\"summary_large_image\" \/>\n<meta name=\"twitter:label1\" content=\"Szacowany czas czytania\" \/>\n\t<meta name=\"twitter:data1\" content=\"3 minuty\" \/>\n<script type=\"application\/ld+json\" class=\"yoast-schema-graph\">{\"@context\":\"https:\/\/schema.org\",\"@graph\":[{\"@type\":\"WebPage\",\"@id\":\"https:\/\/www.electroluxprofessional.com\/pl\/zrownowazone-rozwiazania\/oceny-i-certyfikaty-zrownowazonego-rozwoju\/\",\"url\":\"https:\/\/www.electroluxprofessional.com\/pl\/zrownowazone-rozwiazania\/oceny-i-certyfikaty-zrownowazonego-rozwoju\/\",\"name\":\"Oceny i certyfikaty zr\u00f3wnowa\u017conego rozwoju - Electrolux Professional Polska\",\"isPartOf\":{\"@id\":\"https:\/\/www.electroluxprofessional.com\/pl\/#website\"},\"primaryImageOfPage\":{\"@id\":\"https:\/\/www.electroluxprofessional.com\/pl\/zrownowazone-rozwiazania\/oceny-i-certyfikaty-zrownowazonego-rozwoju\/#primaryimage\"},\"image\":{\"@id\":\"https:\/\/www.electroluxprofessional.com\/pl\/zrownowazone-rozwiazania\/oceny-i-certyfikaty-zrownowazonego-rozwoju\/#primaryimage\"},\"thumbnailUrl\":\"https:\/\/www.electroluxprofessional.com\/pl\/wp-content\/uploads\/2026\/02\/A-sustainable-approach_1.jpeg\",\"datePublished\":\"2026-02-26T09:57:34+00:00\",\"dateModified\":\"2026-04-15T18:31:51+00:00\",\"description\":\"Oceny i certyfikaty zr\u00f3wnowa\u017conego rozwoju Electrolux Professional. Zapoznaj si\u0119 z naszymi zobowi\u0105zaniami w zakresie ochrony klimatu oraz wyr\u00f3\u017cnieniami przyznanymi przez wiod\u0105ce \u015bwiatowe instytucje ratingowe za nasze dzia\u0142ania na rzecz zr\u00f3wnowa\u017conego rozwoju.\",\"breadcrumb\":{\"@id\":\"https:\/\/www.electroluxprofessional.com\/pl\/zrownowazone-rozwiazania\/oceny-i-certyfikaty-zrownowazonego-rozwoju\/#breadcrumb\"},\"inLanguage\":\"pl-PL\",\"potentialAction\":[{\"@type\":\"ReadAction\",\"target\":[\"https:\/\/www.electroluxprofessional.com\/pl\/zrownowazone-rozwiazania\/oceny-i-certyfikaty-zrownowazonego-rozwoju\/\"]}]},{\"@type\":\"ImageObject\",\"inLanguage\":\"pl-PL\",\"@id\":\"https:\/\/www.electroluxprofessional.com\/pl\/zrownowazone-rozwiazania\/oceny-i-certyfikaty-zrownowazonego-rozwoju\/#primaryimage\",\"url\":\"https:\/\/www.electroluxprofessional.com\/pl\/wp-content\/uploads\/2026\/02\/A-sustainable-approach_1.jpeg\",\"contentUrl\":\"https:\/\/www.electroluxprofessional.com\/pl\/wp-content\/uploads\/2026\/02\/A-sustainable-approach_1.jpeg\",\"width\":577,\"height\":540},{\"@type\":\"BreadcrumbList\",\"@id\":\"https:\/\/www.electroluxprofessional.com\/pl\/zrownowazone-rozwiazania\/oceny-i-certyfikaty-zrownowazonego-rozwoju\/#breadcrumb\",\"itemListElement\":[{\"@type\":\"ListItem\",\"position\":1,\"name\":\"Strona g\u0142\u00f3wna\",\"item\":\"https:\/\/www.electroluxprofessional.com\/pl\/\"},{\"@type\":\"ListItem\",\"position\":2,\"name\":\"Zr\u00f3wnowa\u017cone rozwi\u0105zania\",\"item\":\"https:\/\/www.electroluxprofessional.com\/pl\/zrownowazone-rozwiazania\/\"},{\"@type\":\"ListItem\",\"position\":3,\"name\":\"Oceny i certyfikaty zr\u00f3wnowa\u017conego rozwoju\"}]},{\"@type\":\"WebSite\",\"@id\":\"https:\/\/www.electroluxprofessional.com\/pl\/#website\",\"url\":\"https:\/\/www.electroluxprofessional.com\/pl\/\",\"name\":\"Electrolux Professional Polska\",\"description\":\"\",\"potentialAction\":[{\"@type\":\"SearchAction\",\"target\":{\"@type\":\"EntryPoint\",\"urlTemplate\":\"https:\/\/www.electroluxprofessional.com\/pl\/?src={search_term_string}\"},\"query-input\":\"required name=search_term_string\"}],\"inLanguage\":\"pl-PL\"}]}<\/script>\n<!-- \/ Yoast SEO plugin. -->","yoast_head_json":{"title":"Oceny i certyfikaty zr\u00f3wnowa\u017conego rozwoju - Electrolux Professional Polska","description":"Oceny i certyfikaty zr\u00f3wnowa\u017conego rozwoju Electrolux Professional. Zapoznaj si\u0119 z naszymi zobowi\u0105zaniami w zakresie ochrony klimatu oraz wyr\u00f3\u017cnieniami przyznanymi przez wiod\u0105ce \u015bwiatowe instytucje ratingowe za nasze dzia\u0142ania na rzecz zr\u00f3wnowa\u017conego rozwoju.","robots":{"index":"noindex","follow":"nofollow"},"og_locale":"pl_PL","og_type":"article","og_title":"Oceny i certyfikaty zr\u00f3wnowa\u017conego rozwoju - Electrolux Professional Polska","og_description":"Oceny i certyfikaty zr\u00f3wnowa\u017conego rozwoju Electrolux Professional. Zapoznaj si\u0119 z naszymi zobowi\u0105zaniami w zakresie ochrony klimatu oraz wyr\u00f3\u017cnieniami przyznanymi przez wiod\u0105ce \u015bwiatowe instytucje ratingowe za nasze dzia\u0142ania na rzecz zr\u00f3wnowa\u017conego rozwoju.","og_url":"https:\/\/www.electroluxprofessional.com\/pl\/zrownowazone-rozwiazania\/oceny-i-certyfikaty-zrownowazonego-rozwoju\/","og_site_name":"Electrolux Professional Polska","article_modified_time":"2026-04-15T18:31:51+00:00","og_image":[{"width":577,"height":540,"url":"https:\/\/www.electroluxprofessional.com\/pl\/wp-content\/uploads\/2026\/02\/A-sustainable-approach_1.jpeg","type":"image\/jpeg"}],"twitter_card":"summary_large_image","twitter_misc":{"Szacowany czas czytania":"3 minuty"},"schema":{"@context":"https:\/\/schema.org","@graph":[{"@type":"WebPage","@id":"https:\/\/www.electroluxprofessional.com\/pl\/zrownowazone-rozwiazania\/oceny-i-certyfikaty-zrownowazonego-rozwoju\/","url":"https:\/\/www.electroluxprofessional.com\/pl\/zrownowazone-rozwiazania\/oceny-i-certyfikaty-zrownowazonego-rozwoju\/","name":"Oceny i certyfikaty zr\u00f3wnowa\u017conego rozwoju - Electrolux Professional Polska","isPartOf":{"@id":"https:\/\/www.electroluxprofessional.com\/pl\/#website"},"primaryImageOfPage":{"@id":"https:\/\/www.electroluxprofessional.com\/pl\/zrownowazone-rozwiazania\/oceny-i-certyfikaty-zrownowazonego-rozwoju\/#primaryimage"},"image":{"@id":"https:\/\/www.electroluxprofessional.com\/pl\/zrownowazone-rozwiazania\/oceny-i-certyfikaty-zrownowazonego-rozwoju\/#primaryimage"},"thumbnailUrl":"https:\/\/www.electroluxprofessional.com\/pl\/wp-content\/uploads\/2026\/02\/A-sustainable-approach_1.jpeg","datePublished":"2026-02-26T09:57:34+00:00","dateModified":"2026-04-15T18:31:51+00:00","description":"Oceny i certyfikaty zr\u00f3wnowa\u017conego rozwoju Electrolux Professional. Zapoznaj si\u0119 z naszymi zobowi\u0105zaniami w zakresie ochrony klimatu oraz wyr\u00f3\u017cnieniami przyznanymi przez wiod\u0105ce \u015bwiatowe instytucje ratingowe za nasze dzia\u0142ania na rzecz zr\u00f3wnowa\u017conego rozwoju.","breadcrumb":{"@id":"https:\/\/www.electroluxprofessional.com\/pl\/zrownowazone-rozwiazania\/oceny-i-certyfikaty-zrownowazonego-rozwoju\/#breadcrumb"},"inLanguage":"pl-PL","potentialAction":[{"@type":"ReadAction","target":["https:\/\/www.electroluxprofessional.com\/pl\/zrownowazone-rozwiazania\/oceny-i-certyfikaty-zrownowazonego-rozwoju\/"]}]},{"@type":"ImageObject","inLanguage":"pl-PL","@id":"https:\/\/www.electroluxprofessional.com\/pl\/zrownowazone-rozwiazania\/oceny-i-certyfikaty-zrownowazonego-rozwoju\/#primaryimage","url":"https:\/\/www.electroluxprofessional.com\/pl\/wp-content\/uploads\/2026\/02\/A-sustainable-approach_1.jpeg","contentUrl":"https:\/\/www.electroluxprofessional.com\/pl\/wp-content\/uploads\/2026\/02\/A-sustainable-approach_1.jpeg","width":577,"height":540},{"@type":"BreadcrumbList","@id":"https:\/\/www.electroluxprofessional.com\/pl\/zrownowazone-rozwiazania\/oceny-i-certyfikaty-zrownowazonego-rozwoju\/#breadcrumb","itemListElement":[{"@type":"ListItem","position":1,"name":"Strona g\u0142\u00f3wna","item":"https:\/\/www.electroluxprofessional.com\/pl\/"},{"@type":"ListItem","position":2,"name":"Zr\u00f3wnowa\u017cone rozwi\u0105zania","item":"https:\/\/www.electroluxprofessional.com\/pl\/zrownowazone-rozwiazania\/"},{"@type":"ListItem","position":3,"name":"Oceny i certyfikaty zr\u00f3wnowa\u017conego rozwoju"}]},{"@type":"WebSite","@id":"https:\/\/www.electroluxprofessional.com\/pl\/#website","url":"https:\/\/www.electroluxprofessional.com\/pl\/","name":"Electrolux Professional Polska","description":"","potentialAction":[{"@type":"SearchAction","target":{"@type":"EntryPoint","urlTemplate":"https:\/\/www.electroluxprofessional.com\/pl\/?src={search_term_string}"},"query-input":"required name=search_term_string"}],"inLanguage":"pl-PL"}]}},"_links":{"self":[{"href":"https:\/\/www.electroluxprofessional.com\/pl\/wp-json\/wp\/v2\/pages\/12480"}],"collection":[{"href":"https:\/\/www.electroluxprofessional.com\/pl\/wp-json\/wp\/v2\/pages"}],"about":[{"href":"https:\/\/www.electroluxprofessional.com\/pl\/wp-json\/wp\/v2\/types\/page"}],"author":[{"embeddable":true,"href":"https:\/\/www.electroluxprofessional.com\/pl\/wp-json\/wp\/v2\/users\/1"}],"replies":[{"embeddable":true,"href":"https:\/\/www.electroluxprofessional.com\/pl\/wp-json\/wp\/v2\/comments?post=12480"}],"version-history":[{"count":6,"href":"https:\/\/www.electroluxprofessional.com\/pl\/wp-json\/wp\/v2\/pages\/12480\/revisions"}],"predecessor-version":[{"id":12868,"href":"https:\/\/www.electroluxprofessional.com\/pl\/wp-json\/wp\/v2\/pages\/12480\/revisions\/12868"}],"up":[{"embeddable":true,"href":"https:\/\/www.electroluxprofessional.com\/pl\/wp-json\/wp\/v2\/pages\/12483"}],"wp:featuredmedia":[{"embeddable":true,"href":"https:\/\/www.electroluxprofessional.com\/pl\/wp-json\/wp\/v2\/media\/12464"}],"wp:attachment":[{"href":"https:\/\/www.electroluxprofessional.com\/pl\/wp-json\/wp\/v2\/media?parent=12480"}],"curies":[{"name":"wp","href":"https:\/\/api.w.org\/{rel}","templated":true}]}}