{"id":1233,"date":"2016-05-24T14:09:27","date_gmt":"2016-05-24T14:09:27","guid":{"rendered":"https:\/\/www.electroluxprofessional.com\/?page_id=1476"},"modified":"2025-11-05T15:12:57","modified_gmt":"2025-11-05T15:12:57","slug":"zmywarki-kapturowe","status":"publish","type":"page","link":"https:\/\/www.electroluxprofessional.com\/pl\/gastronomia\/urzadzenia-do-zmywania\/zmywarki-kapturowe\/","title":{"rendered":"Zmywarki kapturowe"},"content":{"rendered":"<p>[vc_row full_width=&#8221;electroluxpro-full-width-no-padding&#8221;][vc_column][elx_hero_slider label_text_color=&#8221;inherit&#8221; images=&#8221;677&#8243;][elx_heading font_container=&#8221;h1&#8243; font_size=&#8221;h2&#8243; text_color=&#8221;inherit&#8221;]<\/p>\n<h2>Green&amp;clean zmywarki kapturowe<\/h2>\n<h2><\/h2>\n<p>[\/elx_heading][vc_column_text]<\/p>\n<h3>do\u015bwiadcz oszcz\u0119dno\u015bci rz\u0119du 1.040\u20ac rocznie*<\/h3>\n<p>[\/vc_column_text][\/elx_hero_slider][\/vc_column][\/vc_row][vc_row][vc_column][vc_empty_space][elx_heading text_color=&#8221;inherit&#8221; text_align=&#8221;text-center&#8221;]Green&amp;Clean oferuje zawsze co\u015b ekstra.<br \/>\n[\/elx_heading][vc_empty_space height=&#8221;50px&#8221;][\/vc_column][\/vc_row][vc_row][vc_column width=&#8221;1\/2&#8243;][elx_heading font_container=&#8221;h1&#8243; font_size=&#8221;h2&#8243; text_color=&#8221;inherit&#8221;]Green&amp;clean zmywarki kapturowe[\/elx_heading][vc_column_text]Sprawno\u015b\u0107, prostota, wydajno\u015b\u0107.<\/p>\n<p>Niezale\u017cnie od tego, czego oczekujesz od swojego urz\u0105dzenia, Electrolux Professional zawsze jest w stanie to zaoferowa\u0107. Zawsze z czym\u015b ekstra: wydajno\u015b\u0107 z maksymaln\u0105 niezawodno\u015bci\u0105; \u0142atwo\u015b\u0107 u\u017cycia wraz z innowacyjnymi technologiami; doskona\u0142e osi\u0105gi w po\u0142\u0105czeniu z oszcz\u0119dno\u015bciami na wodzie, energii i detergentach.<\/p>\n<p>Nasza specjalistyczna wiedza w dziedzinie zmywania naczy\u0144 oparta jest na latach do\u015bwiadczenia. To w\u0142a\u015bnie do\u015bwiadczenie jest kluczem do osi\u0105gni\u0119cia doskona\u0142o\u015bci. Potrafimy s\u0142ucha\u0107, to nasz najwi\u0119kszy ataut: w Electrolux Professional jeste\u015bmy przyzwyczajeni do s\u0142uchania naszych klient\u00f3w, aby m\u00f3c przewidzie\u0107 ich potrzeby i aby spe\u0142nia\u0107 ich wymagania bez mrugni\u0119cia okiem.[\/vc_column_text][\/vc_column][vc_column width=&#8221;1\/2&#8243;][vc_single_image image=&#8221;675&#8243; img_size=&#8221;full&#8221; alignment=&#8221;center&#8221;][\/vc_column][\/vc_row][vc_row][vc_column][vc_empty_space height=&#8221;50px&#8221;][\/vc_column][\/vc_row][vc_row][vc_column width=&#8221;1\/4&#8243;][vc_single_image image=&#8221;683&#8243; img_size=&#8221;full&#8221; alignment=&#8221;center&#8221;][elx_heading font_size=&#8221;h4&#8243; text_color=&#8221;inherit&#8221; text_align=&#8221;text-center&#8221;]Ekologia[\/elx_heading][vc_column_text]Mniejsze zu\u017cycie wody, energii, detergent\u00f3w i nab\u0142yszczaczy w celu obni\u017cenia koszt\u00f3w eksploatacji i mniejszego oddzia\u0142ywania na \u015brodowisko.[\/vc_column_text][\/vc_column][vc_column width=&#8221;1\/4&#8243;][vc_single_image image=&#8221;1230&#8243; img_size=&#8221;full&#8221; alignment=&#8221;center&#8221;][elx_heading font_size=&#8221;h4&#8243; text_color=&#8221;inherit&#8221; text_align=&#8221;text-center&#8221;]Czysto\u015b\u0107[\/elx_heading][vc_column_text]Najlepsze w swojej klasie zmywanie i p\u0142ukanie ca\u0142kowicie usuwaj\u0105ce detergenty.[\/vc_column_text][\/vc_column][vc_column width=&#8221;1\/4&#8243;][vc_single_image image=&#8221;1231&#8243; img_size=&#8221;full&#8221; alignment=&#8221;center&#8221;][elx_heading font_size=&#8221;h4&#8243; text_color=&#8221;inherit&#8221; text_align=&#8221;text-center&#8221;]Bezpiecze\u0144stwo[\/elx_heading][vc_column_text]Wyj\u0105tkowy modu\u0142 WASH\u00b7SAFE CONTROL zapewnia sta\u0142\u0105 temperatur\u0119 p\u0142ukania wynosz\u0105c\u0105 84 \u00b0 C.[\/vc_column_text][\/vc_column][vc_column width=&#8221;1\/4&#8243;][vc_single_image image=&#8221;976&#8243; alignment=&#8221;center&#8221;][elx_heading font_size=&#8221;h4&#8243; text_color=&#8221;inherit&#8221; text_align=&#8221;text-center&#8221;]Prostota[\/elx_heading][vc_column_text]Bezproblemowa obs\u0142uga i konserwacja.[\/vc_column_text][\/vc_column][\/vc_row][vc_row][vc_column][vc_empty_space height=&#8221;25px&#8221;][vc_single_image image=&#8221;1232&#8243; img_size=&#8221;full&#8221;][vc_empty_space height=&#8221;18px&#8221;][vc_column_text]<em>* Dane dotycz\u0105ce oszcz\u0119dno\u015b\u0107 koszt\u00f3w wynikaj\u0105 z oblicze\u0144 przeprowadzonych przez Electrolux Professional LAB, kt\u00f3re s\u0105 certyfikowane przez IMQ i INTERTEK. Por\u00f3wnanie zosta\u0142o przeprowadzone pomi\u0119dzy zmywark\u0105 kapturow\u0105 green&amp;clean, a r\u00f3wnowa\u017cn\u0105 konwencjonaln\u0105 maszyn\u0105, przy u\u017cyciu 3 l\/cykl p\u0142ukania, 100 cykli dziennie, 300 dni roboczych\/rok i wody wlotowej o temp. 10 \u00b0 C.<\/em>[\/vc_column_text][vc_empty_space][\/vc_column][\/vc_row][vc_row][vc_column width=&#8221;1\/4&#8243;][elx_video_block background_image=&#8221;482&#8243; video_link=&#8221;https:\/\/www.youtube.com\/watch?v=sXEMOOS6h4g&#8221; minimum_height=&#8221;260px&#8221;][\/vc_column][vc_column width=&#8221;1\/4&#8243;][elx_download_block text=&#8221;Broszura &#8211; Zmywarki kapturowe Green&amp;Clean&#8221; link=&#8221;files.professional.electrolux.com\/docs\/?n=BR-9JEHC&amp;t=BR&amp;l=1&#8243; background_color=&#8221;orange&#8221; reveal_effect=&#8221;fadeIn&#8221; reveal_duration=&#8221;&#8221; reveal_delay=&#8221;&#8221;][\/vc_column][vc_column width=&#8221;1\/4&#8243;][elx_download_block text=&#8221;Ulotka handlowa &#8211; Zmywarki kapturowe Green&amp;Clean&#8221; link=&#8221;files.professional.electrolux.com\/docs\/?n=CLF-9JEHM&amp;t=CLF&amp;l=1&#8243; background_color=&#8221;orange&#8221; reveal_effect=&#8221;fadeIn&#8221; reveal_duration=&#8221;&#8221; reveal_delay=&#8221;&#8221;][\/vc_column][vc_column width=&#8221;1\/4&#8243;][elx_download_block text=&#8221;Rozwi\u0105zania do uzdatniania wody&#8221; link=&#8221;files.professional.electrolux.com\/docs\/?n=CLF-9JER12&amp;b=5&amp;l=1&#8243; background_color=&#8221;orange&#8221; reveal_effect=&#8221;&#8221; reveal_duration=&#8221;&#8221; reveal_delay=&#8221;&#8221;][\/vc_column][\/vc_row][vc_row][vc_column][vc_empty_space][elx_heading font_container=&#8221;h3&#8243; text_color=&#8221;inherit&#8221; text_align=&#8221;text-center&#8221;]Wspania\u0142e wyniki i najlepsze osi\u0105gi[\/elx_heading][vc_empty_space][\/vc_column][\/vc_row][vc_row][vc_column width=&#8221;1\/2&#8243;][elx_image_block background_image=&#8221;1229&#8243; minimum_height=&#8221;500px&#8221;][\/vc_column][vc_column width=&#8221;1\/2&#8243;][vc_empty_space][vc_single_image image=&#8221;808&#8243; img_size=&#8221;full&#8221;][vc_column_text]<\/p>\n<div class=\"wpb_text_column wpb_content_element \">\n<div class=\"\">\n<h4>P\u0142ynne detergenty odka\u017caj\u0105ce<\/h4>\n<p>Nasze detergenty ca\u0142kowicie eliminuj\u0105 krople i plamy mog\u0105ce pozostawa\u0107 na szklanych naczyniach, sprawiaj\u0105c, i\u017c wszystko jest idealnie suche i czyste. Dzi\u0119ki specjalnej formule zapobiegaj\u0105 osadzaniu si\u0119 kamienia.<\/p>\n<\/div>\n<\/div>\n<p>[\/vc_column_text][elx_button button_text=&#8221;Dowiedz si\u0119 wi\u0119cej o akcesoriach i materia\u0142ach eksploatacyjnych&#8221; button_style=&#8221;icon&#8221; button_link=&#8221;url:https%3A%2F%2Fprofessional.electrolux.pl%2Fakcesoria-materialy-eksploatacyjne%2Furzadzenia-do-zmywania%2F|title:Accessories%20and%20consumables%20for%20dishwashing||&#8221;][\/vc_column][\/vc_row][vc_row][vc_column][vc_empty_space height=&#8221;50px&#8221;][elx_heading font_size=&#8221;h3&#8243; text_color=&#8221;inherit&#8221; text_align=&#8221;text-center&#8221;]Znajd\u017a idealny pakiet dla Twojej firmy[\/elx_heading][\/vc_column][\/vc_row][vc_row][vc_column width=&#8221;1\/3&#8243;][elx_maylike_box id_box=&#8221;1182&#8243;][\/vc_column][vc_column width=&#8221;1\/3&#8243;][elx_maylike_box id_box=&#8221;1195&#8243;][\/vc_column][vc_column width=&#8221;1\/3&#8243;][elx_maylike_box id_box=&#8221;1196&#8243;][\/vc_column][\/vc_row][vc_row][vc_column][vc_empty_space height=&#8221;50px&#8221;][elx_heading text_color=&#8221;inherit&#8221; text_align=&#8221;text-center&#8221;]Dowiedz si\u0119 jak nasze zmywarki kapturowe mog\u0105 pom\u00f3c Twojej firmie [\/elx_heading][elx_o2000_contact_us r=&#8221;Chcia\u0142bym dowiedzie\u0107 si\u0119 wi\u0119cej o zmywarkach kapturowych. Prosz\u0119 si\u0119 ze mn\u0105 skontaktowa\u0107.<br \/>\n&#8221; s=&#8221;Request for information: hood type dishwashers&#8221; country=&#8221;Poland&#8221; l=&#8221;pl&#8221; container=&#8221;elxcontactus1466429748&#8243;][vc_empty_space height=&#8221;50px&#8221;][\/vc_column][\/vc_row]<\/p>\n","protected":false},"excerpt":{"rendered":"<p>[vc_row full_width=&#8221;electroluxpro-full-width-no-padding&#8221;][vc_column][elx_hero_slider label_text_color=&#8221;inherit&#8221; images=&#8221;677&#8243;][elx_heading font_container=&#8221;h1&#8243; font_size=&#8221;h2&#8243; text_color=&#8221;inherit&#8221;] Green&amp;clean zmywarki kapturowe [\/elx_heading][vc_column_text] do\u015bwiadcz oszcz\u0119dno\u015bci rz\u0119du 1.040\u20ac rocznie* [\/vc_column_text][\/elx_hero_slider][\/vc_column][\/vc_row][vc_row][vc_column][vc_empty_space][elx_heading text_color=&#8221;inherit&#8221; text_align=&#8221;text-center&#8221;]Green&amp;Clean oferuje zawsze co\u015b ekstra. [\/elx_heading][vc_empty_space height=&#8221;50px&#8221;][\/vc_column][\/vc_row][vc_row][vc_column width=&#8221;1\/2&#8243;][elx_heading font_container=&#8221;h1&#8243; font_size=&#8221;h2&#8243; text_color=&#8221;inherit&#8221;]Green&amp;clean zmywarki kapturowe[\/elx_heading][vc_column_text]Sprawno\u015b\u0107, prostota, wydajno\u015b\u0107. Niezale\u017cnie od tego, czego oczekujesz od swojego urz\u0105dzenia, Electrolux Professional zawsze jest w stanie to zaoferowa\u0107. Zawsze z czym\u015b ekstra: wydajno\u015b\u0107 z [&hellip;]<\/p>\n","protected":false},"author":3,"featured_media":482,"parent":1428,"menu_order":0,"comment_status":"closed","ping_status":"closed","template":"","meta":{"footnotes":""},"class_list":["post-1233","page","type-page","status-publish","has-post-thumbnail","hentry"],"acf":[],"yoast_head":"<!-- This site is optimized with the Yoast SEO plugin v23.3 - https:\/\/yoast.com\/wordpress\/plugins\/seo\/ -->\n<title>Zmywarki kapturowe Green&amp;clean Electrolux wyposa\u017cenie gastronomii<\/title>\n<meta name=\"description\" content=\"Nasza specjalistyczna wiedza w dziedzinie zmywania naczy\u0144 oparta jest na latach do\u015bwiadczenia. To w\u0142a\u015bnie do\u015bwiadczenie jest kluczem do osi\u0105gni\u0119cia doskona\u0142o\u015bci.\" \/>\n<meta name=\"robots\" content=\"index, follow, max-snippet:-1, max-image-preview:large, max-video-preview:-1\" \/>\n<link rel=\"canonical\" href=\"https:\/\/www.electroluxprofessional.com\/pl\/gastronomia\/urzadzenia-do-zmywania\/zmywarki-kapturowe\/\" \/>\n<meta property=\"og:locale\" content=\"pl_PL\" \/>\n<meta property=\"og:type\" content=\"article\" \/>\n<meta property=\"og:title\" content=\"Zmywarki kapturowe Green&amp;clean Electrolux wyposa\u017cenie gastronomii\" \/>\n<meta property=\"og:description\" content=\"Nasza specjalistyczna wiedza w dziedzinie zmywania naczy\u0144 oparta jest na latach do\u015bwiadczenia. To w\u0142a\u015bnie do\u015bwiadczenie jest kluczem do osi\u0105gni\u0119cia doskona\u0142o\u015bci.\" \/>\n<meta property=\"og:url\" content=\"https:\/\/www.electroluxprofessional.com\/pl\/gastronomia\/urzadzenia-do-zmywania\/zmywarki-kapturowe\/\" \/>\n<meta property=\"og:site_name\" content=\"Electrolux Professional Polska\" \/>\n<meta property=\"article:modified_time\" content=\"2025-11-05T15:12:57+00:00\" \/>\n<meta property=\"og:image\" content=\"https:\/\/www.electroluxprofessional.com\/pl\/wp-content\/uploads\/2016\/11\/dishwashing-quadro-1.jpg\" \/>\n\t<meta property=\"og:image:width\" content=\"799\" \/>\n\t<meta property=\"og:image:height\" content=\"799\" \/>\n\t<meta property=\"og:image:type\" content=\"image\/jpeg\" \/>\n<meta name=\"twitter:card\" content=\"summary_large_image\" \/>\n<meta name=\"twitter:label1\" content=\"Szacowany czas czytania\" \/>\n\t<meta name=\"twitter:data1\" content=\"3 minuty\" \/>\n<script type=\"application\/ld+json\" class=\"yoast-schema-graph\">{\"@context\":\"https:\/\/schema.org\",\"@graph\":[{\"@type\":\"WebPage\",\"@id\":\"https:\/\/www.electroluxprofessional.com\/pl\/gastronomia\/urzadzenia-do-zmywania\/zmywarki-kapturowe\/\",\"url\":\"https:\/\/www.electroluxprofessional.com\/pl\/gastronomia\/urzadzenia-do-zmywania\/zmywarki-kapturowe\/\",\"name\":\"Zmywarki kapturowe Green&clean Electrolux wyposa\u017cenie gastronomii\",\"isPartOf\":{\"@id\":\"https:\/\/www.electroluxprofessional.com\/pl\/#website\"},\"primaryImageOfPage\":{\"@id\":\"https:\/\/www.electroluxprofessional.com\/pl\/gastronomia\/urzadzenia-do-zmywania\/zmywarki-kapturowe\/#primaryimage\"},\"image\":{\"@id\":\"https:\/\/www.electroluxprofessional.com\/pl\/gastronomia\/urzadzenia-do-zmywania\/zmywarki-kapturowe\/#primaryimage\"},\"thumbnailUrl\":\"https:\/\/www.electroluxprofessional.com\/pl\/wp-content\/uploads\/2016\/11\/dishwashing-quadro-1.jpg\",\"datePublished\":\"2016-05-24T14:09:27+00:00\",\"dateModified\":\"2025-11-05T15:12:57+00:00\",\"description\":\"Nasza specjalistyczna wiedza w dziedzinie zmywania naczy\u0144 oparta jest na latach do\u015bwiadczenia. To w\u0142a\u015bnie do\u015bwiadczenie jest kluczem do osi\u0105gni\u0119cia doskona\u0142o\u015bci.\",\"breadcrumb\":{\"@id\":\"https:\/\/www.electroluxprofessional.com\/pl\/gastronomia\/urzadzenia-do-zmywania\/zmywarki-kapturowe\/#breadcrumb\"},\"inLanguage\":\"pl-PL\",\"potentialAction\":[{\"@type\":\"ReadAction\",\"target\":[\"https:\/\/www.electroluxprofessional.com\/pl\/gastronomia\/urzadzenia-do-zmywania\/zmywarki-kapturowe\/\"]}]},{\"@type\":\"ImageObject\",\"inLanguage\":\"pl-PL\",\"@id\":\"https:\/\/www.electroluxprofessional.com\/pl\/gastronomia\/urzadzenia-do-zmywania\/zmywarki-kapturowe\/#primaryimage\",\"url\":\"https:\/\/www.electroluxprofessional.com\/pl\/wp-content\/uploads\/2016\/11\/dishwashing-quadro-1.jpg\",\"contentUrl\":\"https:\/\/www.electroluxprofessional.com\/pl\/wp-content\/uploads\/2016\/11\/dishwashing-quadro-1.jpg\",\"width\":799,\"height\":799,\"caption\":\"commercial dishwashing\"},{\"@type\":\"BreadcrumbList\",\"@id\":\"https:\/\/www.electroluxprofessional.com\/pl\/gastronomia\/urzadzenia-do-zmywania\/zmywarki-kapturowe\/#breadcrumb\",\"itemListElement\":[{\"@type\":\"ListItem\",\"position\":1,\"name\":\"Strona g\u0142\u00f3wna\",\"item\":\"https:\/\/www.electroluxprofessional.com\/pl\/\"},{\"@type\":\"ListItem\",\"position\":2,\"name\":\"Gastronomia\",\"item\":\"https:\/\/www.electroluxprofessional.com\/pl\/gastronomia\/\"},{\"@type\":\"ListItem\",\"position\":3,\"name\":\"Urz\u0105dzenia do zmywania\",\"item\":\"https:\/\/www.electroluxprofessional.com\/pl\/gastronomia\/urzadzenia-do-zmywania\/\"},{\"@type\":\"ListItem\",\"position\":4,\"name\":\"Zmywarki kapturowe\"}]},{\"@type\":\"WebSite\",\"@id\":\"https:\/\/www.electroluxprofessional.com\/pl\/#website\",\"url\":\"https:\/\/www.electroluxprofessional.com\/pl\/\",\"name\":\"Electrolux Professional Polska\",\"description\":\"\",\"potentialAction\":[{\"@type\":\"SearchAction\",\"target\":{\"@type\":\"EntryPoint\",\"urlTemplate\":\"https:\/\/www.electroluxprofessional.com\/pl\/?src={search_term_string}\"},\"query-input\":\"required name=search_term_string\"}],\"inLanguage\":\"pl-PL\"}]}<\/script>\n<!-- \/ Yoast SEO plugin. -->","yoast_head_json":{"title":"Zmywarki kapturowe Green&clean Electrolux wyposa\u017cenie gastronomii","description":"Nasza specjalistyczna wiedza w dziedzinie zmywania naczy\u0144 oparta jest na latach do\u015bwiadczenia. To w\u0142a\u015bnie do\u015bwiadczenie jest kluczem do osi\u0105gni\u0119cia doskona\u0142o\u015bci.","robots":{"index":"index","follow":"follow","max-snippet":"max-snippet:-1","max-image-preview":"max-image-preview:large","max-video-preview":"max-video-preview:-1"},"canonical":"https:\/\/www.electroluxprofessional.com\/pl\/gastronomia\/urzadzenia-do-zmywania\/zmywarki-kapturowe\/","og_locale":"pl_PL","og_type":"article","og_title":"Zmywarki kapturowe Green&clean Electrolux wyposa\u017cenie gastronomii","og_description":"Nasza specjalistyczna wiedza w dziedzinie zmywania naczy\u0144 oparta jest na latach do\u015bwiadczenia. To w\u0142a\u015bnie do\u015bwiadczenie jest kluczem do osi\u0105gni\u0119cia doskona\u0142o\u015bci.","og_url":"https:\/\/www.electroluxprofessional.com\/pl\/gastronomia\/urzadzenia-do-zmywania\/zmywarki-kapturowe\/","og_site_name":"Electrolux Professional Polska","article_modified_time":"2025-11-05T15:12:57+00:00","og_image":[{"width":799,"height":799,"url":"https:\/\/www.electroluxprofessional.com\/pl\/wp-content\/uploads\/2016\/11\/dishwashing-quadro-1.jpg","type":"image\/jpeg"}],"twitter_card":"summary_large_image","twitter_misc":{"Szacowany czas czytania":"3 minuty"},"schema":{"@context":"https:\/\/schema.org","@graph":[{"@type":"WebPage","@id":"https:\/\/www.electroluxprofessional.com\/pl\/gastronomia\/urzadzenia-do-zmywania\/zmywarki-kapturowe\/","url":"https:\/\/www.electroluxprofessional.com\/pl\/gastronomia\/urzadzenia-do-zmywania\/zmywarki-kapturowe\/","name":"Zmywarki kapturowe Green&clean Electrolux wyposa\u017cenie gastronomii","isPartOf":{"@id":"https:\/\/www.electroluxprofessional.com\/pl\/#website"},"primaryImageOfPage":{"@id":"https:\/\/www.electroluxprofessional.com\/pl\/gastronomia\/urzadzenia-do-zmywania\/zmywarki-kapturowe\/#primaryimage"},"image":{"@id":"https:\/\/www.electroluxprofessional.com\/pl\/gastronomia\/urzadzenia-do-zmywania\/zmywarki-kapturowe\/#primaryimage"},"thumbnailUrl":"https:\/\/www.electroluxprofessional.com\/pl\/wp-content\/uploads\/2016\/11\/dishwashing-quadro-1.jpg","datePublished":"2016-05-24T14:09:27+00:00","dateModified":"2025-11-05T15:12:57+00:00","description":"Nasza specjalistyczna wiedza w dziedzinie zmywania naczy\u0144 oparta jest na latach do\u015bwiadczenia. To w\u0142a\u015bnie do\u015bwiadczenie jest kluczem do osi\u0105gni\u0119cia doskona\u0142o\u015bci.","breadcrumb":{"@id":"https:\/\/www.electroluxprofessional.com\/pl\/gastronomia\/urzadzenia-do-zmywania\/zmywarki-kapturowe\/#breadcrumb"},"inLanguage":"pl-PL","potentialAction":[{"@type":"ReadAction","target":["https:\/\/www.electroluxprofessional.com\/pl\/gastronomia\/urzadzenia-do-zmywania\/zmywarki-kapturowe\/"]}]},{"@type":"ImageObject","inLanguage":"pl-PL","@id":"https:\/\/www.electroluxprofessional.com\/pl\/gastronomia\/urzadzenia-do-zmywania\/zmywarki-kapturowe\/#primaryimage","url":"https:\/\/www.electroluxprofessional.com\/pl\/wp-content\/uploads\/2016\/11\/dishwashing-quadro-1.jpg","contentUrl":"https:\/\/www.electroluxprofessional.com\/pl\/wp-content\/uploads\/2016\/11\/dishwashing-quadro-1.jpg","width":799,"height":799,"caption":"commercial dishwashing"},{"@type":"BreadcrumbList","@id":"https:\/\/www.electroluxprofessional.com\/pl\/gastronomia\/urzadzenia-do-zmywania\/zmywarki-kapturowe\/#breadcrumb","itemListElement":[{"@type":"ListItem","position":1,"name":"Strona g\u0142\u00f3wna","item":"https:\/\/www.electroluxprofessional.com\/pl\/"},{"@type":"ListItem","position":2,"name":"Gastronomia","item":"https:\/\/www.electroluxprofessional.com\/pl\/gastronomia\/"},{"@type":"ListItem","position":3,"name":"Urz\u0105dzenia do zmywania","item":"https:\/\/www.electroluxprofessional.com\/pl\/gastronomia\/urzadzenia-do-zmywania\/"},{"@type":"ListItem","position":4,"name":"Zmywarki kapturowe"}]},{"@type":"WebSite","@id":"https:\/\/www.electroluxprofessional.com\/pl\/#website","url":"https:\/\/www.electroluxprofessional.com\/pl\/","name":"Electrolux Professional Polska","description":"","potentialAction":[{"@type":"SearchAction","target":{"@type":"EntryPoint","urlTemplate":"https:\/\/www.electroluxprofessional.com\/pl\/?src={search_term_string}"},"query-input":"required name=search_term_string"}],"inLanguage":"pl-PL"}]}},"_links":{"self":[{"href":"https:\/\/www.electroluxprofessional.com\/pl\/wp-json\/wp\/v2\/pages\/1233"}],"collection":[{"href":"https:\/\/www.electroluxprofessional.com\/pl\/wp-json\/wp\/v2\/pages"}],"about":[{"href":"https:\/\/www.electroluxprofessional.com\/pl\/wp-json\/wp\/v2\/types\/page"}],"author":[{"embeddable":true,"href":"https:\/\/www.electroluxprofessional.com\/pl\/wp-json\/wp\/v2\/users\/3"}],"replies":[{"embeddable":true,"href":"https:\/\/www.electroluxprofessional.com\/pl\/wp-json\/wp\/v2\/comments?post=1233"}],"version-history":[{"count":6,"href":"https:\/\/www.electroluxprofessional.com\/pl\/wp-json\/wp\/v2\/pages\/1233\/revisions"}],"predecessor-version":[{"id":11590,"href":"https:\/\/www.electroluxprofessional.com\/pl\/wp-json\/wp\/v2\/pages\/1233\/revisions\/11590"}],"up":[{"embeddable":true,"href":"https:\/\/www.electroluxprofessional.com\/pl\/wp-json\/wp\/v2\/pages\/1428"}],"wp:featuredmedia":[{"embeddable":true,"href":"https:\/\/www.electroluxprofessional.com\/pl\/wp-json\/wp\/v2\/media\/482"}],"wp:attachment":[{"href":"https:\/\/www.electroluxprofessional.com\/pl\/wp-json\/wp\/v2\/media?parent=1233"}],"curies":[{"name":"wp","href":"https:\/\/api.w.org\/{rel}","templated":true}]}}