{"id":1197,"date":"2016-11-25T10:39:36","date_gmt":"2016-11-25T10:39:36","guid":{"rendered":"https:\/\/www.electroluxprofessional.com\/?page_id=5866"},"modified":"2025-11-05T15:17:58","modified_gmt":"2025-11-05T15:17:58","slug":"przygotowanie-obierz-umyj-wysusz","status":"publish","type":"page","link":"https:\/\/www.electroluxprofessional.com\/pl\/gastronomia\/przygotowanie-obierz-umyj-wysusz\/","title":{"rendered":"Przygotowanie: obierz, umyj i wysusz"},"content":{"rendered":"<p>[vc_row full_width=&#8221;electroluxpro-full-width-no-padding&#8221;][vc_column][elx_image_block background_image=&#8221;1190&#8243; minimum_height=&#8221;400px&#8221;][\/vc_column][\/vc_row][vc_row][vc_column][vc_empty_space][elx_heading font_container=&#8221;h1&#8243; font_size=&#8221;h2&#8243; text_color=&#8221;inherit&#8221; text_align=&#8221;text-center&#8221;]Obieraj, myj i susz przy pomocy naszych urz\u0105dze\u0144 do obierania, mycia warzyw oraz suszarek obrotowych[\/elx_heading][vc_empty_space height=&#8221;15px&#8221;][vc_empty_space][\/vc_column][\/vc_row][vc_row][vc_column][elx_heading text_color=&#8221;inherit&#8221; text_align=&#8221;text-center&#8221;]<strong>Uniwersalne maszyny do obierania<\/strong>[\/elx_heading][\/vc_column][\/vc_row][vc_row][vc_column width=&#8221;1\/4&#8243;][elx_video_block background_image=&#8221;1191&#8243; video_link=&#8221;https:\/\/www.youtube.com\/watch?v=od6ljHaJmLA&#8221; minimum_height=&#8221;442px&#8221;][\/vc_column][vc_column width=&#8221;3\/4&#8243;][vc_empty_space][vc_column_text]<\/p>\n<p><strong>Obieraki Electrolux Professional <\/strong> rozwi\u0105zuj\u0105 nie tylko problem <strong>usuwania sk\u00f3rki z ziemniak\u00f3w, <\/strong> ale r\u00f3wnie\u017c <strong>obierania twardych i mi\u0119kkich warzyw i owoc\u00f3w, oczyszczania skorupiak\u00f3w, szczotkowania warzyw i ich suszenia.<\/strong><\/p>\n<p>P\u0142yta \u015bcierna jest wyposa\u017ceniem standardowym w celu zapewnienia wysokiej jako\u015bci pracy.<\/p>\n<p>Nasze obieraki posiadaj\u0105 <strong>kilka r\u00f3\u017cnych pojemno\u015bci do wyboru<\/strong> , aby spe\u0142ni\u0107 wymagania ma\u0142ych i \u015brednich restauracji i zapewni\u0107 <strong>maksymaln\u0105 wydajno\u015b\u0107 od 80 kg do 400 kg\/h<\/strong> obieranych warzyw.<\/p>\n<p><strong>Prosty<\/strong> <strong>i \u0142atwy w u\u017cyciu <\/strong><strong> wodoodporny <\/strong> <strong>panel dotykowy <\/strong> z przyciskiem resetu i programowalnym regulatorem czasowym.<\/p>\n<div><\/div>\n<p>[\/vc_column_text][\/vc_column][\/vc_row][vc_row][vc_column][vc_empty_space][elx_heading text_color=&#8221;inherit&#8221; text_align=&#8221;text-center&#8221;]<strong>Urz\u0105dzenia do mycia warzyw oraz suszarki obrotowe<\/strong>[\/elx_heading][\/vc_column][\/vc_row][vc_row][vc_column width=&#8221;3\/4&#8243;][vc_empty_space][vc_column_text]Electrolux Professional oferuje szerok\u0105 gam\u0119 <strong>urz\u0105dze\u0144 do mycia warzyw, suszarek obrotowych i maszyn<\/strong> z funkcj\u0105 2 w 1, zapewniaj\u0105c rozwi\u0105zania dla kuchni ka\u017cdej wielko\u015bci. S\u0105 to niezb\u0119dne maszyny przeznaczone dla ma\u0142ych, \u015brednich i du\u017cych kuchni.<\/p>\n<p>Wybierz to, co jest najlepsze dla Twojej profesjonalnej kuchni. Mycie i suszenie sa\u0142aty, szpinaku, por\u00f3w, natki pietruszki, kapusty, broku\u0142\u00f3w i karczoch\u00f3w w rekordowym czasie zapewnia najlepszy smak i najbardziej delikatn\u0105 konsystencj\u0119 utrzymuj\u0105c\u0105 si\u0119 a\u017c do momentu podania potrawy.<\/p>\n<p>Wszystkie nasze urz\u0105dzenia s\u0105 zaprojektowane w celu<strong> skutecznej i bezpiecznej obr\u00f3bki wszelkich rodzaj\u00f3w warzyw, gwarantuj\u0105c higien\u0119 i \u0142atwo\u015b\u0107 czyszczenia.<\/strong><\/p>\n<div><\/div>\n<p>[\/vc_column_text][\/vc_column][vc_column width=&#8221;1\/4&#8243;][vc_single_image image=&#8221;10569&#8243; img_size=&#8221;full&#8221;][\/vc_column][\/vc_row][vc_row][vc_column][vc_empty_space][\/vc_column][\/vc_row][vc_row][vc_column width=&#8221;1\/3&#8243;][elx_download_block text=&#8221;Katalog produkt\u00f3w \u2013 dynamiczne przygotowywanie&#8221; link=&#8221;files.professional.electrolux.com\/docs\/?n=BR-9JEEL&amp;b=5&amp;l=1&#8243; background_color=&#8221;cat-create&#8221; reveal_effect=&#8221;fadeIn&#8221; reveal_duration=&#8221;&#8221; reveal_delay=&#8221;&#8221;][\/vc_column][vc_column width=&#8221;1\/3&#8243;][elx_download_block text=&#8221;Odkryj nasze produkty przeznaczone do ci\u0119cia, mieszania i krojenia&#8221; link_target=&#8221;self&#8221; link=&#8221;https:\/\/www.electroluxprofessional.com\/pl\/gastronomia\/przygotowanie-posiekaj-wymieszaj-pokroj\/&#8221; background_color=&#8221;cat-create&#8221; reveal_effect=&#8221;&#8221; reveal_duration=&#8221;&#8221; reveal_delay=&#8221;&#8221; background_image=&#8221;1192&#8243;][\/vc_column][vc_column width=&#8221;1\/3&#8243;][elx_download_block text=&#8221;Odkryj nasze urz\u0105dzenia do ugniatania i wa\u0142kowania ciasta&#8221; link_target=&#8221;self&#8221; link=&#8221;https:\/\/www.electroluxprofessional.com\/pl\/gastronomia\/przygotowanie-zagniec-ubij-zawin\/&#8221; background_color=&#8221;cat-create&#8221; reveal_effect=&#8221;&#8221; reveal_duration=&#8221;&#8221; reveal_delay=&#8221;&#8221; background_image=&#8221;1193&#8243;][\/vc_column][\/vc_row][vc_row][vc_column][vc_empty_space height=&#8221;50px&#8221;][elx_heading font_size=&#8221;h3&#8243; text_color=&#8221;inherit&#8221; text_align=&#8221;text-center&#8221;]Znajd\u017a idealny pakiet dla Twojej firmy[\/elx_heading][\/vc_column][\/vc_row][vc_row][vc_column width=&#8221;1\/3&#8243;][elx_maylike_box id_box=&#8221;1195&#8243;][\/vc_column][vc_column width=&#8221;1\/3&#8243;][elx_maylike_box id_box=&#8221;1182&#8243;][\/vc_column][vc_column width=&#8221;1\/3&#8243;][elx_maylike_box id_box=&#8221;1196&#8243;][\/vc_column][\/vc_row][vc_row][vc_column][vc_empty_space height=&#8221;50px&#8221;][elx_heading text_color=&#8221;inherit&#8221; text_align=&#8221;text-center&#8221;]Dowiedz si\u0119 jak nasze obieraki, urz\u0105dzenia do mycia i suszenia warzyw mog\u0105 pom\u00f3c Twojej firmie [\/elx_heading][elx_o2000_contact_us s=&#8221;Request of information about peelers, washers and dryers&#8221; country=&#8221;Poland&#8221; container=&#8221;elxcontactus1480070717&#8243; r=&#8221;Chcia\u0142bym dowiedzie\u0107 si\u0119 wi\u0119cej o obierakach, urz\u0105dzeniach do mycia i suszenia warzyw. Prosz\u0119 si\u0119 ze mn\u0105 skontaktowa\u0107.&#8221; l=&#8221;pl&#8221;][vc_empty_space height=&#8221;50px&#8221;][\/vc_column][\/vc_row]<\/p>\n","protected":false},"excerpt":{"rendered":"<p>[vc_row full_width=&#8221;electroluxpro-full-width-no-padding&#8221;][vc_column][elx_image_block background_image=&#8221;1190&#8243; minimum_height=&#8221;400px&#8221;][\/vc_column][\/vc_row][vc_row][vc_column][vc_empty_space][elx_heading font_container=&#8221;h1&#8243; font_size=&#8221;h2&#8243; text_color=&#8221;inherit&#8221; text_align=&#8221;text-center&#8221;]Obieraj, myj i susz przy pomocy naszych urz\u0105dze\u0144 do obierania, mycia warzyw oraz suszarek obrotowych[\/elx_heading][vc_empty_space height=&#8221;15px&#8221;][vc_empty_space][\/vc_column][\/vc_row][vc_row][vc_column][elx_heading text_color=&#8221;inherit&#8221; text_align=&#8221;text-center&#8221;]Uniwersalne maszyny do obierania[\/elx_heading][\/vc_column][\/vc_row][vc_row][vc_column width=&#8221;1\/4&#8243;][elx_video_block background_image=&#8221;1191&#8243; video_link=&#8221;https:\/\/www.youtube.com\/watch?v=od6ljHaJmLA&#8221; minimum_height=&#8221;442px&#8221;][\/vc_column][vc_column width=&#8221;3\/4&#8243;][vc_empty_space][vc_column_text] Obieraki Electrolux Professional rozwi\u0105zuj\u0105 nie tylko problem usuwania sk\u00f3rki z ziemniak\u00f3w, ale r\u00f3wnie\u017c obierania twardych i mi\u0119kkich warzyw i owoc\u00f3w, oczyszczania skorupiak\u00f3w, [&hellip;]<\/p>\n","protected":false},"author":3,"featured_media":1189,"parent":1148,"menu_order":0,"comment_status":"closed","ping_status":"closed","template":"","meta":{"footnotes":""},"class_list":["post-1197","page","type-page","status-publish","has-post-thumbnail","hentry"],"acf":[],"yoast_head":"<!-- This site is optimized with the Yoast SEO plugin v23.3 - https:\/\/yoast.com\/wordpress\/plugins\/seo\/ -->\n<title>Obieraki urz\u0105dzenia do mycia i suszenia warzyw - Electrolux Professional Polska<\/title>\n<meta name=\"description\" content=\"Obieraj, myj i susz przy pomocy naszych urz\u0105dze\u0144! Dowiedz si\u0119 jak nasze obieraki, urz\u0105dzenia do mycia i suszenia warzyw mog\u0105 pom\u00f3c Twojej firmie.\" \/>\n<meta name=\"robots\" content=\"index, follow, max-snippet:-1, max-image-preview:large, max-video-preview:-1\" \/>\n<link rel=\"canonical\" href=\"https:\/\/www.electroluxprofessional.com\/pl\/gastronomia\/przygotowanie-obierz-umyj-wysusz\/\" \/>\n<meta property=\"og:locale\" content=\"pl_PL\" \/>\n<meta property=\"og:type\" content=\"article\" \/>\n<meta property=\"og:title\" content=\"Obieraki urz\u0105dzenia do mycia i suszenia warzyw - Electrolux Professional Polska\" \/>\n<meta property=\"og:description\" content=\"Obieraj, myj i susz przy pomocy naszych urz\u0105dze\u0144! Dowiedz si\u0119 jak nasze obieraki, urz\u0105dzenia do mycia i suszenia warzyw mog\u0105 pom\u00f3c Twojej firmie.\" \/>\n<meta property=\"og:url\" content=\"https:\/\/www.electroluxprofessional.com\/pl\/gastronomia\/przygotowanie-obierz-umyj-wysusz\/\" \/>\n<meta property=\"og:site_name\" content=\"Electrolux Professional Polska\" \/>\n<meta property=\"article:modified_time\" content=\"2025-11-05T15:17:58+00:00\" \/>\n<meta property=\"og:image\" content=\"https:\/\/www.electroluxprofessional.com\/pl\/wp-content\/uploads\/2016\/12\/peel.jpg\" \/>\n\t<meta property=\"og:image:width\" content=\"700\" \/>\n\t<meta property=\"og:image:height\" content=\"700\" \/>\n\t<meta property=\"og:image:type\" content=\"image\/jpeg\" \/>\n<meta name=\"twitter:card\" content=\"summary_large_image\" \/>\n<meta name=\"twitter:label1\" content=\"Szacowany czas czytania\" \/>\n\t<meta name=\"twitter:data1\" content=\"3 minuty\" \/>\n<script type=\"application\/ld+json\" class=\"yoast-schema-graph\">{\"@context\":\"https:\/\/schema.org\",\"@graph\":[{\"@type\":\"WebPage\",\"@id\":\"https:\/\/www.electroluxprofessional.com\/pl\/gastronomia\/przygotowanie-obierz-umyj-wysusz\/\",\"url\":\"https:\/\/www.electroluxprofessional.com\/pl\/gastronomia\/przygotowanie-obierz-umyj-wysusz\/\",\"name\":\"Obieraki urz\u0105dzenia do mycia i suszenia warzyw - Electrolux Professional Polska\",\"isPartOf\":{\"@id\":\"https:\/\/www.electroluxprofessional.com\/pl\/#website\"},\"primaryImageOfPage\":{\"@id\":\"https:\/\/www.electroluxprofessional.com\/pl\/gastronomia\/przygotowanie-obierz-umyj-wysusz\/#primaryimage\"},\"image\":{\"@id\":\"https:\/\/www.electroluxprofessional.com\/pl\/gastronomia\/przygotowanie-obierz-umyj-wysusz\/#primaryimage\"},\"thumbnailUrl\":\"https:\/\/www.electroluxprofessional.com\/pl\/wp-content\/uploads\/2016\/12\/peel.jpg\",\"datePublished\":\"2016-11-25T10:39:36+00:00\",\"dateModified\":\"2025-11-05T15:17:58+00:00\",\"description\":\"Obieraj, myj i susz przy pomocy naszych urz\u0105dze\u0144! Dowiedz si\u0119 jak nasze obieraki, urz\u0105dzenia do mycia i suszenia warzyw mog\u0105 pom\u00f3c Twojej firmie.\",\"breadcrumb\":{\"@id\":\"https:\/\/www.electroluxprofessional.com\/pl\/gastronomia\/przygotowanie-obierz-umyj-wysusz\/#breadcrumb\"},\"inLanguage\":\"pl-PL\",\"potentialAction\":[{\"@type\":\"ReadAction\",\"target\":[\"https:\/\/www.electroluxprofessional.com\/pl\/gastronomia\/przygotowanie-obierz-umyj-wysusz\/\"]}]},{\"@type\":\"ImageObject\",\"inLanguage\":\"pl-PL\",\"@id\":\"https:\/\/www.electroluxprofessional.com\/pl\/gastronomia\/przygotowanie-obierz-umyj-wysusz\/#primaryimage\",\"url\":\"https:\/\/www.electroluxprofessional.com\/pl\/wp-content\/uploads\/2016\/12\/peel.jpg\",\"contentUrl\":\"https:\/\/www.electroluxprofessional.com\/pl\/wp-content\/uploads\/2016\/12\/peel.jpg\",\"width\":700,\"height\":700,\"caption\":\"peel, wash and dry\"},{\"@type\":\"BreadcrumbList\",\"@id\":\"https:\/\/www.electroluxprofessional.com\/pl\/gastronomia\/przygotowanie-obierz-umyj-wysusz\/#breadcrumb\",\"itemListElement\":[{\"@type\":\"ListItem\",\"position\":1,\"name\":\"Strona g\u0142\u00f3wna\",\"item\":\"https:\/\/www.electroluxprofessional.com\/pl\/\"},{\"@type\":\"ListItem\",\"position\":2,\"name\":\"Gastronomia\",\"item\":\"https:\/\/www.electroluxprofessional.com\/pl\/gastronomia\/\"},{\"@type\":\"ListItem\",\"position\":3,\"name\":\"Przygotowanie: obierz, umyj i wysusz\"}]},{\"@type\":\"WebSite\",\"@id\":\"https:\/\/www.electroluxprofessional.com\/pl\/#website\",\"url\":\"https:\/\/www.electroluxprofessional.com\/pl\/\",\"name\":\"Electrolux Professional Polska\",\"description\":\"\",\"potentialAction\":[{\"@type\":\"SearchAction\",\"target\":{\"@type\":\"EntryPoint\",\"urlTemplate\":\"https:\/\/www.electroluxprofessional.com\/pl\/?src={search_term_string}\"},\"query-input\":\"required name=search_term_string\"}],\"inLanguage\":\"pl-PL\"}]}<\/script>\n<!-- \/ Yoast SEO plugin. -->","yoast_head_json":{"title":"Obieraki urz\u0105dzenia do mycia i suszenia warzyw - Electrolux Professional Polska","description":"Obieraj, myj i susz przy pomocy naszych urz\u0105dze\u0144! Dowiedz si\u0119 jak nasze obieraki, urz\u0105dzenia do mycia i suszenia warzyw mog\u0105 pom\u00f3c Twojej firmie.","robots":{"index":"index","follow":"follow","max-snippet":"max-snippet:-1","max-image-preview":"max-image-preview:large","max-video-preview":"max-video-preview:-1"},"canonical":"https:\/\/www.electroluxprofessional.com\/pl\/gastronomia\/przygotowanie-obierz-umyj-wysusz\/","og_locale":"pl_PL","og_type":"article","og_title":"Obieraki urz\u0105dzenia do mycia i suszenia warzyw - Electrolux Professional Polska","og_description":"Obieraj, myj i susz przy pomocy naszych urz\u0105dze\u0144! Dowiedz si\u0119 jak nasze obieraki, urz\u0105dzenia do mycia i suszenia warzyw mog\u0105 pom\u00f3c Twojej firmie.","og_url":"https:\/\/www.electroluxprofessional.com\/pl\/gastronomia\/przygotowanie-obierz-umyj-wysusz\/","og_site_name":"Electrolux Professional Polska","article_modified_time":"2025-11-05T15:17:58+00:00","og_image":[{"width":700,"height":700,"url":"https:\/\/www.electroluxprofessional.com\/pl\/wp-content\/uploads\/2016\/12\/peel.jpg","type":"image\/jpeg"}],"twitter_card":"summary_large_image","twitter_misc":{"Szacowany czas czytania":"3 minuty"},"schema":{"@context":"https:\/\/schema.org","@graph":[{"@type":"WebPage","@id":"https:\/\/www.electroluxprofessional.com\/pl\/gastronomia\/przygotowanie-obierz-umyj-wysusz\/","url":"https:\/\/www.electroluxprofessional.com\/pl\/gastronomia\/przygotowanie-obierz-umyj-wysusz\/","name":"Obieraki urz\u0105dzenia do mycia i suszenia warzyw - Electrolux Professional Polska","isPartOf":{"@id":"https:\/\/www.electroluxprofessional.com\/pl\/#website"},"primaryImageOfPage":{"@id":"https:\/\/www.electroluxprofessional.com\/pl\/gastronomia\/przygotowanie-obierz-umyj-wysusz\/#primaryimage"},"image":{"@id":"https:\/\/www.electroluxprofessional.com\/pl\/gastronomia\/przygotowanie-obierz-umyj-wysusz\/#primaryimage"},"thumbnailUrl":"https:\/\/www.electroluxprofessional.com\/pl\/wp-content\/uploads\/2016\/12\/peel.jpg","datePublished":"2016-11-25T10:39:36+00:00","dateModified":"2025-11-05T15:17:58+00:00","description":"Obieraj, myj i susz przy pomocy naszych urz\u0105dze\u0144! Dowiedz si\u0119 jak nasze obieraki, urz\u0105dzenia do mycia i suszenia warzyw mog\u0105 pom\u00f3c Twojej firmie.","breadcrumb":{"@id":"https:\/\/www.electroluxprofessional.com\/pl\/gastronomia\/przygotowanie-obierz-umyj-wysusz\/#breadcrumb"},"inLanguage":"pl-PL","potentialAction":[{"@type":"ReadAction","target":["https:\/\/www.electroluxprofessional.com\/pl\/gastronomia\/przygotowanie-obierz-umyj-wysusz\/"]}]},{"@type":"ImageObject","inLanguage":"pl-PL","@id":"https:\/\/www.electroluxprofessional.com\/pl\/gastronomia\/przygotowanie-obierz-umyj-wysusz\/#primaryimage","url":"https:\/\/www.electroluxprofessional.com\/pl\/wp-content\/uploads\/2016\/12\/peel.jpg","contentUrl":"https:\/\/www.electroluxprofessional.com\/pl\/wp-content\/uploads\/2016\/12\/peel.jpg","width":700,"height":700,"caption":"peel, wash and dry"},{"@type":"BreadcrumbList","@id":"https:\/\/www.electroluxprofessional.com\/pl\/gastronomia\/przygotowanie-obierz-umyj-wysusz\/#breadcrumb","itemListElement":[{"@type":"ListItem","position":1,"name":"Strona g\u0142\u00f3wna","item":"https:\/\/www.electroluxprofessional.com\/pl\/"},{"@type":"ListItem","position":2,"name":"Gastronomia","item":"https:\/\/www.electroluxprofessional.com\/pl\/gastronomia\/"},{"@type":"ListItem","position":3,"name":"Przygotowanie: obierz, umyj i wysusz"}]},{"@type":"WebSite","@id":"https:\/\/www.electroluxprofessional.com\/pl\/#website","url":"https:\/\/www.electroluxprofessional.com\/pl\/","name":"Electrolux Professional Polska","description":"","potentialAction":[{"@type":"SearchAction","target":{"@type":"EntryPoint","urlTemplate":"https:\/\/www.electroluxprofessional.com\/pl\/?src={search_term_string}"},"query-input":"required name=search_term_string"}],"inLanguage":"pl-PL"}]}},"_links":{"self":[{"href":"https:\/\/www.electroluxprofessional.com\/pl\/wp-json\/wp\/v2\/pages\/1197"}],"collection":[{"href":"https:\/\/www.electroluxprofessional.com\/pl\/wp-json\/wp\/v2\/pages"}],"about":[{"href":"https:\/\/www.electroluxprofessional.com\/pl\/wp-json\/wp\/v2\/types\/page"}],"author":[{"embeddable":true,"href":"https:\/\/www.electroluxprofessional.com\/pl\/wp-json\/wp\/v2\/users\/3"}],"replies":[{"embeddable":true,"href":"https:\/\/www.electroluxprofessional.com\/pl\/wp-json\/wp\/v2\/comments?post=1197"}],"version-history":[{"count":11,"href":"https:\/\/www.electroluxprofessional.com\/pl\/wp-json\/wp\/v2\/pages\/1197\/revisions"}],"predecessor-version":[{"id":11607,"href":"https:\/\/www.electroluxprofessional.com\/pl\/wp-json\/wp\/v2\/pages\/1197\/revisions\/11607"}],"up":[{"embeddable":true,"href":"https:\/\/www.electroluxprofessional.com\/pl\/wp-json\/wp\/v2\/pages\/1148"}],"wp:featuredmedia":[{"embeddable":true,"href":"https:\/\/www.electroluxprofessional.com\/pl\/wp-json\/wp\/v2\/media\/1189"}],"wp:attachment":[{"href":"https:\/\/www.electroluxprofessional.com\/pl\/wp-json\/wp\/v2\/media?parent=1197"}],"curies":[{"name":"wp","href":"https:\/\/api.w.org\/{rel}","templated":true}]}}